{"id":1185,"date":"2024-08-08T12:28:30","date_gmt":"2024-08-08T12:28:30","guid":{"rendered":"https:\/\/horselandshop.com\/a-propos-de-nous\/"},"modified":"2025-03-17T11:06:23","modified_gmt":"2025-03-17T11:06:23","slug":"a-propos-de-nous","status":"publish","type":"page","link":"https:\/\/www.minihorse.eu\/fr\/a-propos-de-nous\/","title":{"rendered":"A propos de nous"},"content":{"rendered":"\n\n\t<section class=\"section dark\" id=\"section_1314619103\">\n\t\t<div class=\"section-bg fill\" >\n\t\t\t<img loading=\"lazy\" decoding=\"async\" width=\"768\" height=\"576\" src=\"https:\/\/www.minihorse.eu\/wp-content\/uploads\/2025\/02\/Fleece-rug-neck-dark-blue-grey-ribbon-2-768x576.jpg\" class=\"bg attachment-medium_large size-medium_large\" alt=\"\" \/>\t\t\t\t\t\t<div class=\"section-bg-overlay absolute fill\"><\/div>\n\t\t\t\n\n\t\t<\/div>\n\n\t\t\n\n\t\t<div class=\"section-content relative\">\n\t\t\t\n\n<div class=\"row\"  id=\"row-1661056740\">\n\n\n\t<div id=\"col-685037379\" class=\"col small-12 large-12\"  >\n\t\t\t\t<div class=\"col-inner\"  >\n\t\t\t\n\t\t\t\n\n\t<div id=\"gap-545107322\" class=\"gap-element clearfix\" style=\"display:block; height:auto;\">\n\t\t\n<style>\n#gap-545107322 {\n  padding-top: 30px;\n}\n<\/style>\n\t<\/div>\n\t\n\n\t<div id=\"text-2556228186\" class=\"text\">\n\t\t\n\n<h1>Fabriqu\u00e9 avec amour<\/h1>\n<h1><em>Des produits de qualit\u00e9 sup\u00e9rieure pour vos chevaux miniatures.<\/em><\/h1>\n\t\t\n<style>\n#text-2556228186 {\n  font-size: 1.6rem;\n  text-align: center;\n}\n<\/style>\n\t<\/div>\n\t\n\n\t\t<\/div>\n\t\t\t\t\t<\/div>\n\n\t\n\n<\/div>\n\n\t\t<\/div>\n\n\t\t\n<style>\n#section_1314619103 {\n  padding-top: 30px;\n  padding-bottom: 30px;\n  min-height: 350px;\n}\n#section_1314619103 .section-bg-overlay {\n  background-color: rgba(0, 0, 0, 0.267);\n}\n#section_1314619103 .section-bg img {\n  object-position: 33% 30%;\n}\n<\/style>\n\t<\/section>\n\t\n\n\t<section class=\"section\" id=\"section_1531629478\">\n\t\t<div class=\"section-bg fill\" >\n\t\t\t\t\t\t\t\t\t\n\t\t\t\n\n\t\t<\/div>\n\n\t\t\n\n\t\t<div class=\"section-content relative\">\n\t\t\t\n\n<div class=\"row\"  id=\"row-1995216443\">\n\n\n\t<div id=\"col-202557790\" class=\"col small-12 large-12\"  >\n\t\t\t\t<div class=\"col-inner\"  >\n\t\t\t\n\t\t\t\n\n\t<div id=\"gap-1797641494\" class=\"gap-element clearfix\" style=\"display:block; height:auto;\">\n\t\t\n<style>\n#gap-1797641494 {\n  padding-top: 30px;\n}\n<\/style>\n\t<\/div>\n\t\n\n\t<div id=\"stack-4020610414\" class=\"stack stack-row justify-between items-stretch\">\n\t\t\n\n\t<div id=\"text-2322397473\" class=\"text\">\n\t\t\n\n<h3>A propos de nous<\/h3>\n\t\t\n<style>\n#text-2322397473 {\n  font-size: 1.65rem;\n  line-height: 0.75;\n}\n@media (min-width:550px) {\n  #text-2322397473 {\n    font-size: 2rem;\n  }\n}\n<\/style>\n\t<\/div>\n\t\n\n\t\t\n<style>\n#stack-4020610414 > * {\n  --stack-gap: 0rem;\n}\n<\/style>\n\t<\/div>\n\t\n\n\t\t<\/div>\n\t\t\t\t\t<\/div>\n\n\t\n\n<\/div>\n<div class=\"row row-large\"  id=\"row-661788686\">\n\n\n\t<div id=\"col-1812426636\" class=\"col medium-6 small-12 large-6\"  >\n\t\t\t\t<div class=\"col-inner\"  >\n\t\t\t\n\t\t\t\n\n<p>Bienvenue sur Minihorse.eu, o\u00f9 la passion de notre famille pour la vie et les chevaux occupe le devant de la sc\u00e8ne. Fond\u00e9e et g\u00e9r\u00e9e par Peter et Olga, notre entreprise familiale se consacre depuis pr\u00e8s de vingt ans au service de la communaut\u00e9 \u00e9questre, avec un accent particulier sur les chevaux miniatures. <\/p>\n<p>Chez Minihorse.eu, nous sommes anim\u00e9s par l&rsquo;amour de la qualit\u00e9 de vie &#8211; savourer de bons plats, d\u00e9guster des boissons raffin\u00e9es et, surtout, appr\u00e9cier la compagnie des chevaux. Cette passion s&rsquo;\u00e9tend \u00e0 notre entreprise, o\u00f9 nous s\u00e9lectionnons m\u00e9ticuleusement des produits qui sont non seulement pratiques et confortables, mais aussi esth\u00e9tiques. Notre mission est d&rsquo;offrir une qualit\u00e9 abordable afin que chacun puisse s&rsquo;adonner \u00e0 son hobby \u00e9questre avec joie et facilit\u00e9.  <\/p>\n<p>Nous sommes heureux d&rsquo;annoncer une transformation significative de nos activit\u00e9s avec le lancement de notre nouveau site internet. Cette plateforme moderne, en temps r\u00e9el, refl\u00e8te notre engagement \u00e0 nous adapter aux tendances du march\u00e9 et aux besoins de nos clients. Avec des produits soigneusement organis\u00e9s et photographi\u00e9s, notre nouveau site web am\u00e9liore votre exp\u00e9rience d&rsquo;achat, vous assurant de trouver tout ce dont vous avez besoin en un seul endroit.  <\/p>\n<p> <\/p>\n\n\t\t<\/div>\n\t\t\t\t\t<\/div>\n\n\t\n\n\t<div id=\"col-1686850517\" class=\"col medium-6 small-12 large-6\"  >\n\t\t\t\t<div class=\"col-inner\"  >\n\t\t\t\n\t\t\t\n\n<p>Notre engagement \u00e0 fournir un service exceptionnel et \u00e0 rester \u00e0 l&rsquo;avant-garde des tendances du secteur est in\u00e9branlable. M\u00eame s&rsquo;il nous arrive d&rsquo;adopter une touche de non-conventionnalit\u00e9, nos valeurs fondamentales restent ax\u00e9es sur la qualit\u00e9 et la satisfaction du client. Notre objectif est d&rsquo;\u00eatre votre destination de confiance pour tout ce qui concerne les chevaux miniatures et plus encore.  <\/p>\n<p>Explorez notre gamme \u00e9tendue et mise \u00e0 jour sur Minihorse.eu, d\u00e9sormais organis\u00e9e en huit sections principales : Chevaux miniatures, Soins, Tonte, Cl\u00f4tures \u00e9lectriques, Cadeaux, Broderie, Impression et Divers.<\/p>\n<p>Nous vous invitons \u00e0 d\u00e9couvrir et \u00e0 appr\u00e9cier notre s\u00e9lection de produits con\u00e7us pour r\u00e9pondre aux besoins des passionn\u00e9s de chevaux. Nous vous remercions de faire partie de notre aventure. <\/p>\n<p>Chaleureuses salutations,<\/p>\n<p>Peter et Olga D&rsquo;haeseleer<br>L&rsquo;\u00e9quipe Minihorse.eu<\/p>\n<a href=\"https:\/\/www.minihorse.eu\/fr\/boutique\/\" class=\"button primary is-link\" >\n\t\t<span>En boutique<\/span>\n\t<i class=\"icon-angle-right\" aria-hidden=\"true\"><\/i><\/a>\n\n\n\n\t\t<\/div>\n\t\t\t\t\t<\/div>\n\n\t\n\n<\/div>\n\n\t\t<\/div>\n\n\t\t\n<style>\n#section_1531629478 {\n  padding-top: 50px;\n  padding-bottom: 50px;\n}\n<\/style>\n\t<\/section>\n\t\n\n","protected":false},"excerpt":{"rendered":"","protected":false},"author":1,"featured_media":0,"parent":0,"menu_order":0,"comment_status":"closed","ping_status":"closed","template":"","meta":{"footnotes":""},"class_list":["post-1185","page","type-page","status-publish","hentry"],"yoast_head":"<!-- This site is optimized with the Yoast SEO plugin v27.5 - https:\/\/yoast.com\/product\/yoast-seo-wordpress\/ -->\n<title>A propos de nous - Minihorse.eu<\/title>\n<meta name=\"description\" content=\"Minihorse.eu offers products for miniature horses and ponies including blankets, halters and grooming products\" \/>\n<meta name=\"robots\" content=\"index, follow, max-snippet:-1, max-image-preview:large, max-video-preview:-1\" \/>\n<link rel=\"canonical\" href=\"https:\/\/www.minihorse.eu\/fr\/a-propos-de-nous\/\" \/>\n<meta property=\"og:locale\" content=\"fr_FR\" \/>\n<meta property=\"og:type\" content=\"article\" \/>\n<meta property=\"og:title\" content=\"A propos de nous - Minihorse.eu\" \/>\n<meta property=\"og:description\" content=\"Minihorse.eu offers products for miniature horses and ponies including blankets, halters and grooming products\" \/>\n<meta property=\"og:url\" content=\"https:\/\/www.minihorse.eu\/fr\/a-propos-de-nous\/\" \/>\n<meta property=\"og:site_name\" content=\"Minihorse.eu\" \/>\n<meta property=\"article:publisher\" content=\"https:\/\/www.facebook.com\/profile.php?id=100063487117479\" \/>\n<meta property=\"article:modified_time\" content=\"2025-03-17T11:06:23+00:00\" \/>\n<meta name=\"twitter:card\" content=\"summary_large_image\" \/>\n<meta name=\"twitter:label1\" content=\"Dur\u00e9e de lecture estim\u00e9e\" \/>\n\t<meta name=\"twitter:data1\" content=\"2 minutes\" \/>\n<script type=\"application\/ld+json\" class=\"yoast-schema-graph\">{\"@context\":\"https:\\\/\\\/schema.org\",\"@graph\":[{\"@type\":\"WebPage\",\"@id\":\"https:\\\/\\\/www.minihorse.eu\\\/fr\\\/a-propos-de-nous\\\/\",\"url\":\"https:\\\/\\\/www.minihorse.eu\\\/fr\\\/a-propos-de-nous\\\/\",\"name\":\"A propos de nous - Minihorse.eu\",\"isPartOf\":{\"@id\":\"https:\\\/\\\/www.minihorse.eu\\\/#website\"},\"datePublished\":\"2024-08-08T12:28:30+00:00\",\"dateModified\":\"2025-03-17T11:06:23+00:00\",\"description\":\"Minihorse.eu offers products for miniature horses and ponies including blankets, halters and grooming products\",\"breadcrumb\":{\"@id\":\"https:\\\/\\\/www.minihorse.eu\\\/fr\\\/a-propos-de-nous\\\/#breadcrumb\"},\"inLanguage\":\"fr-FR\",\"potentialAction\":[{\"@type\":\"ReadAction\",\"target\":[\"https:\\\/\\\/www.minihorse.eu\\\/fr\\\/a-propos-de-nous\\\/\"]}]},{\"@type\":\"BreadcrumbList\",\"@id\":\"https:\\\/\\\/www.minihorse.eu\\\/fr\\\/a-propos-de-nous\\\/#breadcrumb\",\"itemListElement\":[{\"@type\":\"ListItem\",\"position\":1,\"name\":\"Home\",\"item\":\"https:\\\/\\\/www.minihorse.eu\\\/fr\\\/accueil\\\/\"},{\"@type\":\"ListItem\",\"position\":2,\"name\":\"A propos de nous\"}]},{\"@type\":\"WebSite\",\"@id\":\"https:\\\/\\\/www.minihorse.eu\\\/#website\",\"url\":\"https:\\\/\\\/www.minihorse.eu\\\/\",\"name\":\"Minihorse.eu\",\"description\":\"The #1 store for Miniature Horses\",\"publisher\":{\"@id\":\"https:\\\/\\\/www.minihorse.eu\\\/#organization\"},\"potentialAction\":[{\"@type\":\"SearchAction\",\"target\":{\"@type\":\"EntryPoint\",\"urlTemplate\":\"https:\\\/\\\/www.minihorse.eu\\\/?s={search_term_string}\"},\"query-input\":{\"@type\":\"PropertyValueSpecification\",\"valueRequired\":true,\"valueName\":\"search_term_string\"}}],\"inLanguage\":\"fr-FR\"},{\"@type\":\"Organization\",\"@id\":\"https:\\\/\\\/www.minihorse.eu\\\/#organization\",\"name\":\"Minihorse.eu\",\"url\":\"https:\\\/\\\/www.minihorse.eu\\\/\",\"logo\":{\"@type\":\"ImageObject\",\"inLanguage\":\"fr-FR\",\"@id\":\"https:\\\/\\\/www.minihorse.eu\\\/#\\\/schema\\\/logo\\\/image\\\/\",\"url\":\"https:\\\/\\\/www.minihorse.eu\\\/wp-content\\\/uploads\\\/2024\\\/08\\\/Logo-minihorse-ext.png\",\"contentUrl\":\"https:\\\/\\\/www.minihorse.eu\\\/wp-content\\\/uploads\\\/2024\\\/08\\\/Logo-minihorse-ext.png\",\"width\":500,\"height\":500,\"caption\":\"Minihorse.eu\"},\"image\":{\"@id\":\"https:\\\/\\\/www.minihorse.eu\\\/#\\\/schema\\\/logo\\\/image\\\/\"},\"sameAs\":[\"https:\\\/\\\/www.facebook.com\\\/profile.php?id=100063487117479\"]}]}<\/script>\n<!-- \/ Yoast SEO plugin. -->","yoast_head_json":{"title":"A propos de nous - Minihorse.eu","description":"Minihorse.eu offers products for miniature horses and ponies including blankets, halters and grooming products","robots":{"index":"index","follow":"follow","max-snippet":"max-snippet:-1","max-image-preview":"max-image-preview:large","max-video-preview":"max-video-preview:-1"},"canonical":"https:\/\/www.minihorse.eu\/fr\/a-propos-de-nous\/","og_locale":"fr_FR","og_type":"article","og_title":"A propos de nous - Minihorse.eu","og_description":"Minihorse.eu offers products for miniature horses and ponies including blankets, halters and grooming products","og_url":"https:\/\/www.minihorse.eu\/fr\/a-propos-de-nous\/","og_site_name":"Minihorse.eu","article_publisher":"https:\/\/www.facebook.com\/profile.php?id=100063487117479","article_modified_time":"2025-03-17T11:06:23+00:00","twitter_card":"summary_large_image","twitter_misc":{"Dur\u00e9e de lecture estim\u00e9e":"2 minutes"},"schema":{"@context":"https:\/\/schema.org","@graph":[{"@type":"WebPage","@id":"https:\/\/www.minihorse.eu\/fr\/a-propos-de-nous\/","url":"https:\/\/www.minihorse.eu\/fr\/a-propos-de-nous\/","name":"A propos de nous - Minihorse.eu","isPartOf":{"@id":"https:\/\/www.minihorse.eu\/#website"},"datePublished":"2024-08-08T12:28:30+00:00","dateModified":"2025-03-17T11:06:23+00:00","description":"Minihorse.eu offers products for miniature horses and ponies including blankets, halters and grooming products","breadcrumb":{"@id":"https:\/\/www.minihorse.eu\/fr\/a-propos-de-nous\/#breadcrumb"},"inLanguage":"fr-FR","potentialAction":[{"@type":"ReadAction","target":["https:\/\/www.minihorse.eu\/fr\/a-propos-de-nous\/"]}]},{"@type":"BreadcrumbList","@id":"https:\/\/www.minihorse.eu\/fr\/a-propos-de-nous\/#breadcrumb","itemListElement":[{"@type":"ListItem","position":1,"name":"Home","item":"https:\/\/www.minihorse.eu\/fr\/accueil\/"},{"@type":"ListItem","position":2,"name":"A propos de nous"}]},{"@type":"WebSite","@id":"https:\/\/www.minihorse.eu\/#website","url":"https:\/\/www.minihorse.eu\/","name":"Minihorse.eu","description":"The #1 store for Miniature Horses","publisher":{"@id":"https:\/\/www.minihorse.eu\/#organization"},"potentialAction":[{"@type":"SearchAction","target":{"@type":"EntryPoint","urlTemplate":"https:\/\/www.minihorse.eu\/?s={search_term_string}"},"query-input":{"@type":"PropertyValueSpecification","valueRequired":true,"valueName":"search_term_string"}}],"inLanguage":"fr-FR"},{"@type":"Organization","@id":"https:\/\/www.minihorse.eu\/#organization","name":"Minihorse.eu","url":"https:\/\/www.minihorse.eu\/","logo":{"@type":"ImageObject","inLanguage":"fr-FR","@id":"https:\/\/www.minihorse.eu\/#\/schema\/logo\/image\/","url":"https:\/\/www.minihorse.eu\/wp-content\/uploads\/2024\/08\/Logo-minihorse-ext.png","contentUrl":"https:\/\/www.minihorse.eu\/wp-content\/uploads\/2024\/08\/Logo-minihorse-ext.png","width":500,"height":500,"caption":"Minihorse.eu"},"image":{"@id":"https:\/\/www.minihorse.eu\/#\/schema\/logo\/image\/"},"sameAs":["https:\/\/www.facebook.com\/profile.php?id=100063487117479"]}]}},"jetpack_sharing_enabled":true,"_links":{"self":[{"href":"https:\/\/www.minihorse.eu\/fr\/wp-json\/wp\/v2\/pages\/1185","targetHints":{"allow":["GET"]}}],"collection":[{"href":"https:\/\/www.minihorse.eu\/fr\/wp-json\/wp\/v2\/pages"}],"about":[{"href":"https:\/\/www.minihorse.eu\/fr\/wp-json\/wp\/v2\/types\/page"}],"author":[{"embeddable":true,"href":"https:\/\/www.minihorse.eu\/fr\/wp-json\/wp\/v2\/users\/1"}],"replies":[{"embeddable":true,"href":"https:\/\/www.minihorse.eu\/fr\/wp-json\/wp\/v2\/comments?post=1185"}],"version-history":[{"count":13,"href":"https:\/\/www.minihorse.eu\/fr\/wp-json\/wp\/v2\/pages\/1185\/revisions"}],"predecessor-version":[{"id":7765,"href":"https:\/\/www.minihorse.eu\/fr\/wp-json\/wp\/v2\/pages\/1185\/revisions\/7765"}],"wp:attachment":[{"href":"https:\/\/www.minihorse.eu\/fr\/wp-json\/wp\/v2\/media?parent=1185"}],"curies":[{"name":"wp","href":"https:\/\/api.w.org\/{rel}","templated":true}]}}