{"id":7735,"date":"2024-08-08T18:52:17","date_gmt":"2024-08-08T18:52:17","guid":{"rendered":"https:\/\/www.minihorse.eu\/politique-de-livraison\/"},"modified":"2025-12-02T11:41:50","modified_gmt":"2025-12-02T11:41:50","slug":"politique-de-livraison","status":"publish","type":"page","link":"https:\/\/www.minihorse.eu\/fr\/politique-de-livraison\/","title":{"rendered":"Politique de livraison"},"content":{"rendered":"\n\n\t<section class=\"section\" id=\"section_872332703\">\n\t\t<div class=\"section-bg fill\" >\n\t\t\t\t\t\t\t\t\t\n\t\t\t\n\n\t\t<\/div>\n\n\t\t\n\n\t\t<div class=\"section-content relative\">\n\t\t\t\n\n\t<div id=\"gap-919989682\" class=\"gap-element clearfix\" style=\"display:block; height:auto;\">\n\t\t\n<style>\n#gap-919989682 {\n  padding-top: 30px;\n}\n<\/style>\n\t<\/div>\n\t\n\n<div class=\"row\"  id=\"row-85262610\">\n\n\n\t<div id=\"col-84074099\" class=\"col medium-4 small-12 large-4\"  >\n\t\t\t\t<div class=\"col-inner\"  >\n\t\t\t\n\t\t\t\n\n\t<div id=\"text-2398510245\" class=\"text\">\n\t\t\n\n<h2 style=\"text-align: left;\">Politique de livraison<\/h2>\n\t\t\n<style>\n#text-2398510245 {\n  font-size: 1.55rem;\n}\n<\/style>\n\t<\/div>\n\t\n\n\t\t<\/div>\n\t\t\t\t\t<\/div>\n\n\t\n\n\t<div id=\"col-1357547136\" class=\"col medium-8 small-12 large-8\"  >\n\t\t\t\t<div class=\"col-inner\"  >\n\t\t\t\n\t\t\t\n\n\t<div id=\"text-2394572301\" class=\"text\">\n\t\t\n\n<h3 class=\"font-600 text-lg font-bold\">D\u00e9lai de traitement<\/h3>\n<ul class=\"-mt-1 &#091;li&gt;&amp;&#093;:mt-2 list-disc space-y-2 pl-8\">\n<li class=\"whitespace-normal break-words\">Les commandes sont trait\u00e9es dans un d\u00e9lai de 1 \u00e0 2 jours ouvrables.<\/li>\n<li class=\"whitespace-normal break-words\">Les commandes pass\u00e9es pendant le week-end ou les jours f\u00e9ri\u00e9s seront trait\u00e9es le jour ouvrable suivant.<\/li>\n<\/ul>\n<h3 class=\"font-600 text-lg font-bold\">M\u00e9thodes de livraison<\/h3>\n<ul class=\"-mt-1 &#091;li&gt;&amp;&#093;:mt-2 list-disc space-y-2 pl-8\">\n<li class=\"whitespace-normal break-words\">Livraison standard UE (2-5 jours ouvrables)<\/li>\n<li class=\"whitespace-normal break-words\">Livraison internationale (5-10 jours ouvrables)<\/li>\n<\/ul>\n<h3 class=\"font-600 text-lg font-bold\">Frais de livraison<\/h3>\n<ul class=\"-mt-1 &#091;li&gt;&amp;&#093;:mt-2 list-disc space-y-2 pl-8\">\n<li class=\"whitespace-normal break-words\">Livraison gratuite pour les commandes de plus de 150 \u20ac en Belgique, aux Pays-Bas, en France et en Allemagne.<\/li>\n<li class=\"whitespace-normal break-words\">MyParcel Belgique: 8,95 \u20ac<\/li>\n<li class=\"whitespace-normal break-words\">MyParcel Pays-Bas, Allemagne: \u20ac 9,66<\/li>\n<li class=\"whitespace-normal break-words\">MyParcel France: \u20ac 12,00<\/li>\n<li class=\"whitespace-normal break-words\">Livraison internationale : sur demande<\/li>\n<\/ul>\n<h3 class=\"font-600 text-lg font-bold\">Informations de suivi<\/h3>\n<ul class=\"-mt-1 &#091;li&gt;&amp;&#093;:mt-2 list-disc space-y-2 pl-8\">\n<li class=\"whitespace-normal break-words\">Le num\u00e9ro de suivi vous sera envoy\u00e9 par email d\u00e8s que votre commande sera exp\u00e9di\u00e9e.<\/li>\n<li class=\"whitespace-normal break-words\">Suivez votre colis sur les sites web de nos partenaires de livraison.<\/li>\n<\/ul>\n<h3 class=\"font-600 text-lg font-bold\">Zones de livraison<\/h3>\n<ul class=\"-mt-1 &#091;li&gt;&amp;&#093;:mt-2 list-disc space-y-2 pl-8\">\n<li class=\"whitespace-normal break-words\">Nous livrons \u00e0 toutes les adresses en Belgique.<\/li>\n<li class=\"whitespace-normal break-words\">Nous livrons dans la plupart des pays europ\u00e9ens.<\/li>\n<li class=\"whitespace-normal break-words\">Pour la livraison internationale en dehors de l&rsquo;Europe, veuillez nous contacter.<\/li>\n<\/ul>\n<h3 class=\"font-600 text-lg font-bold\">Probl\u00e8mes de commande<\/h3>\n<p class=\"whitespace-pre-wrap break-words\">Si vous rencontrez des probl\u00e8mes avec votre commade :<\/p>\n<ul class=\"-mt-1 &#091;li&gt;&amp;&#093;:mt-2 list-disc space-y-2 pl-8\">\n<li class=\"whitespace-normal break-words\">Contactez-nous dans les 48 heures suivant la livraison.<\/li>\n<li class=\"whitespace-normal break-words\">Fournissez votre num\u00e9ro de commande et les d\u00e9tails du probl\u00e8me.<\/li>\n<li class=\"whitespace-normal break-words\">Nous ferons tout notre possible pour r\u00e9soudre la situation rapidement.<\/li>\n<\/ul>\n<p><strong> <\/strong><\/p>\n\t\t\n<style>\n#text-2394572301 {\n  font-size: 0.75rem;\n}\n<\/style>\n\t<\/div>\n\t\n\n\t\t<\/div>\n\t\t\t\t\t<\/div>\n\n\t\n\n<\/div>\n\n\t\t<\/div>\n\n\t\t\n<style>\n#section_872332703 {\n  padding-top: 30px;\n  padding-bottom: 30px;\n}\n<\/style>\n\t<\/section>\n\t\n\n","protected":false},"excerpt":{"rendered":"","protected":false},"author":1,"featured_media":0,"parent":0,"menu_order":0,"comment_status":"closed","ping_status":"closed","template":"","meta":{"footnotes":""},"class_list":["post-7735","page","type-page","status-publish","hentry"],"yoast_head":"<!-- This site is optimized with the Yoast SEO plugin v27.6 - https:\/\/yoast.com\/product\/yoast-seo-wordpress\/ -->\n<title>Politique de livraison - Minihorse.eu<\/title>\n<meta name=\"description\" content=\"Minihorse.eu offers products for miniature horses and ponies including blankets, halters and grooming products\" \/>\n<meta name=\"robots\" content=\"index, follow, max-snippet:-1, max-image-preview:large, max-video-preview:-1\" \/>\n<link rel=\"canonical\" href=\"https:\/\/www.minihorse.eu\/fr\/politique-de-livraison\/\" \/>\n<meta property=\"og:locale\" content=\"fr_FR\" \/>\n<meta property=\"og:type\" content=\"article\" \/>\n<meta property=\"og:title\" content=\"Politique de livraison - Minihorse.eu\" \/>\n<meta property=\"og:description\" content=\"Minihorse.eu offers products for miniature horses and ponies including blankets, halters and grooming products\" \/>\n<meta property=\"og:url\" content=\"https:\/\/www.minihorse.eu\/fr\/politique-de-livraison\/\" \/>\n<meta property=\"og:site_name\" content=\"Minihorse.eu\" \/>\n<meta property=\"article:publisher\" content=\"https:\/\/www.facebook.com\/profile.php?id=100063487117479\" \/>\n<meta property=\"article:modified_time\" content=\"2025-12-02T11:41:50+00:00\" \/>\n<meta name=\"twitter:card\" content=\"summary_large_image\" \/>\n<meta name=\"twitter:label1\" content=\"Dur\u00e9e de lecture estim\u00e9e\" \/>\n\t<meta name=\"twitter:data1\" content=\"1 minute\" \/>\n<script type=\"application\/ld+json\" class=\"yoast-schema-graph\">{\"@context\":\"https:\\\/\\\/schema.org\",\"@graph\":[{\"@type\":\"WebPage\",\"@id\":\"https:\\\/\\\/www.minihorse.eu\\\/fr\\\/politique-de-livraison\\\/\",\"url\":\"https:\\\/\\\/www.minihorse.eu\\\/fr\\\/politique-de-livraison\\\/\",\"name\":\"Politique de livraison - Minihorse.eu\",\"isPartOf\":{\"@id\":\"https:\\\/\\\/www.minihorse.eu\\\/#website\"},\"datePublished\":\"2024-08-08T18:52:17+00:00\",\"dateModified\":\"2025-12-02T11:41:50+00:00\",\"description\":\"Minihorse.eu offers products for miniature horses and ponies including blankets, halters and grooming products\",\"breadcrumb\":{\"@id\":\"https:\\\/\\\/www.minihorse.eu\\\/fr\\\/politique-de-livraison\\\/#breadcrumb\"},\"inLanguage\":\"fr-FR\",\"potentialAction\":[{\"@type\":\"ReadAction\",\"target\":[\"https:\\\/\\\/www.minihorse.eu\\\/fr\\\/politique-de-livraison\\\/\"]}]},{\"@type\":\"BreadcrumbList\",\"@id\":\"https:\\\/\\\/www.minihorse.eu\\\/fr\\\/politique-de-livraison\\\/#breadcrumb\",\"itemListElement\":[{\"@type\":\"ListItem\",\"position\":1,\"name\":\"Home\",\"item\":\"https:\\\/\\\/www.minihorse.eu\\\/fr\\\/accueil\\\/\"},{\"@type\":\"ListItem\",\"position\":2,\"name\":\"Politique de livraison\"}]},{\"@type\":\"WebSite\",\"@id\":\"https:\\\/\\\/www.minihorse.eu\\\/#website\",\"url\":\"https:\\\/\\\/www.minihorse.eu\\\/\",\"name\":\"Minihorse.eu\",\"description\":\"The #1 store for Miniature Horses\",\"publisher\":{\"@id\":\"https:\\\/\\\/www.minihorse.eu\\\/#organization\"},\"potentialAction\":[{\"@type\":\"SearchAction\",\"target\":{\"@type\":\"EntryPoint\",\"urlTemplate\":\"https:\\\/\\\/www.minihorse.eu\\\/?s={search_term_string}\"},\"query-input\":{\"@type\":\"PropertyValueSpecification\",\"valueRequired\":true,\"valueName\":\"search_term_string\"}}],\"inLanguage\":\"fr-FR\"},{\"@type\":\"Organization\",\"@id\":\"https:\\\/\\\/www.minihorse.eu\\\/#organization\",\"name\":\"Minihorse.eu\",\"url\":\"https:\\\/\\\/www.minihorse.eu\\\/\",\"logo\":{\"@type\":\"ImageObject\",\"inLanguage\":\"fr-FR\",\"@id\":\"https:\\\/\\\/www.minihorse.eu\\\/#\\\/schema\\\/logo\\\/image\\\/\",\"url\":\"https:\\\/\\\/www.minihorse.eu\\\/wp-content\\\/uploads\\\/2024\\\/08\\\/Logo-minihorse-ext.png\",\"contentUrl\":\"https:\\\/\\\/www.minihorse.eu\\\/wp-content\\\/uploads\\\/2024\\\/08\\\/Logo-minihorse-ext.png\",\"width\":500,\"height\":500,\"caption\":\"Minihorse.eu\"},\"image\":{\"@id\":\"https:\\\/\\\/www.minihorse.eu\\\/#\\\/schema\\\/logo\\\/image\\\/\"},\"sameAs\":[\"https:\\\/\\\/www.facebook.com\\\/profile.php?id=100063487117479\"]}]}<\/script>\n<!-- \/ Yoast SEO plugin. -->","yoast_head_json":{"title":"Politique de livraison - Minihorse.eu","description":"Minihorse.eu offers products for miniature horses and ponies including blankets, halters and grooming products","robots":{"index":"index","follow":"follow","max-snippet":"max-snippet:-1","max-image-preview":"max-image-preview:large","max-video-preview":"max-video-preview:-1"},"canonical":"https:\/\/www.minihorse.eu\/fr\/politique-de-livraison\/","og_locale":"fr_FR","og_type":"article","og_title":"Politique de livraison - Minihorse.eu","og_description":"Minihorse.eu offers products for miniature horses and ponies including blankets, halters and grooming products","og_url":"https:\/\/www.minihorse.eu\/fr\/politique-de-livraison\/","og_site_name":"Minihorse.eu","article_publisher":"https:\/\/www.facebook.com\/profile.php?id=100063487117479","article_modified_time":"2025-12-02T11:41:50+00:00","twitter_card":"summary_large_image","twitter_misc":{"Dur\u00e9e de lecture estim\u00e9e":"1 minute"},"schema":{"@context":"https:\/\/schema.org","@graph":[{"@type":"WebPage","@id":"https:\/\/www.minihorse.eu\/fr\/politique-de-livraison\/","url":"https:\/\/www.minihorse.eu\/fr\/politique-de-livraison\/","name":"Politique de livraison - Minihorse.eu","isPartOf":{"@id":"https:\/\/www.minihorse.eu\/#website"},"datePublished":"2024-08-08T18:52:17+00:00","dateModified":"2025-12-02T11:41:50+00:00","description":"Minihorse.eu offers products for miniature horses and ponies including blankets, halters and grooming products","breadcrumb":{"@id":"https:\/\/www.minihorse.eu\/fr\/politique-de-livraison\/#breadcrumb"},"inLanguage":"fr-FR","potentialAction":[{"@type":"ReadAction","target":["https:\/\/www.minihorse.eu\/fr\/politique-de-livraison\/"]}]},{"@type":"BreadcrumbList","@id":"https:\/\/www.minihorse.eu\/fr\/politique-de-livraison\/#breadcrumb","itemListElement":[{"@type":"ListItem","position":1,"name":"Home","item":"https:\/\/www.minihorse.eu\/fr\/accueil\/"},{"@type":"ListItem","position":2,"name":"Politique de livraison"}]},{"@type":"WebSite","@id":"https:\/\/www.minihorse.eu\/#website","url":"https:\/\/www.minihorse.eu\/","name":"Minihorse.eu","description":"The #1 store for Miniature Horses","publisher":{"@id":"https:\/\/www.minihorse.eu\/#organization"},"potentialAction":[{"@type":"SearchAction","target":{"@type":"EntryPoint","urlTemplate":"https:\/\/www.minihorse.eu\/?s={search_term_string}"},"query-input":{"@type":"PropertyValueSpecification","valueRequired":true,"valueName":"search_term_string"}}],"inLanguage":"fr-FR"},{"@type":"Organization","@id":"https:\/\/www.minihorse.eu\/#organization","name":"Minihorse.eu","url":"https:\/\/www.minihorse.eu\/","logo":{"@type":"ImageObject","inLanguage":"fr-FR","@id":"https:\/\/www.minihorse.eu\/#\/schema\/logo\/image\/","url":"https:\/\/www.minihorse.eu\/wp-content\/uploads\/2024\/08\/Logo-minihorse-ext.png","contentUrl":"https:\/\/www.minihorse.eu\/wp-content\/uploads\/2024\/08\/Logo-minihorse-ext.png","width":500,"height":500,"caption":"Minihorse.eu"},"image":{"@id":"https:\/\/www.minihorse.eu\/#\/schema\/logo\/image\/"},"sameAs":["https:\/\/www.facebook.com\/profile.php?id=100063487117479"]}]}},"jetpack_sharing_enabled":true,"_links":{"self":[{"href":"https:\/\/www.minihorse.eu\/fr\/wp-json\/wp\/v2\/pages\/7735","targetHints":{"allow":["GET"]}}],"collection":[{"href":"https:\/\/www.minihorse.eu\/fr\/wp-json\/wp\/v2\/pages"}],"about":[{"href":"https:\/\/www.minihorse.eu\/fr\/wp-json\/wp\/v2\/types\/page"}],"author":[{"embeddable":true,"href":"https:\/\/www.minihorse.eu\/fr\/wp-json\/wp\/v2\/users\/1"}],"replies":[{"embeddable":true,"href":"https:\/\/www.minihorse.eu\/fr\/wp-json\/wp\/v2\/comments?post=7735"}],"version-history":[{"count":4,"href":"https:\/\/www.minihorse.eu\/fr\/wp-json\/wp\/v2\/pages\/7735\/revisions"}],"predecessor-version":[{"id":12478,"href":"https:\/\/www.minihorse.eu\/fr\/wp-json\/wp\/v2\/pages\/7735\/revisions\/12478"}],"wp:attachment":[{"href":"https:\/\/www.minihorse.eu\/fr\/wp-json\/wp\/v2\/media?parent=7735"}],"curies":[{"name":"wp","href":"https:\/\/api.w.org\/{rel}","templated":true}]}}