{"id":8092,"date":"2024-08-08T16:34:02","date_gmt":"2024-08-08T16:34:02","guid":{"rendered":"https:\/\/www.minihorse.eu\/politique-de-confidentialite-minihorse-eu\/"},"modified":"2025-03-26T07:24:48","modified_gmt":"2025-03-26T07:24:48","slug":"politique-de-confidentialite-minihorse-eu","status":"publish","type":"page","link":"https:\/\/www.minihorse.eu\/fr\/politique-de-confidentialite-minihorse-eu\/","title":{"rendered":"Politique de confidentialit\u00e9 Minihorse.eu"},"content":{"rendered":"\n\n\t<section class=\"section\" id=\"section_411027188\">\n\t\t<div class=\"section-bg fill\" >\n\t\t\t\t\t\t\t\t\t\n\t\t\t\n\n\t\t<\/div>\n\n\t\t\n\n\t\t<div class=\"section-content relative\">\n\t\t\t\n\n\t<div id=\"gap-1080462430\" class=\"gap-element clearfix\" style=\"display:block; height:auto;\">\n\t\t\n<style>\n#gap-1080462430 {\n  padding-top: 30px;\n}\n<\/style>\n\t<\/div>\n\t\n\n<div class=\"row\"  id=\"row-1509968781\">\n\n\n\t<div id=\"col-920116048\" class=\"col medium-4 small-12 large-4\"  >\n\t\t\t\t<div class=\"col-inner\"  >\n\t\t\t\n\t\t\t\n\n\t<div id=\"text-797632732\" class=\"text\">\n\t\t\n\n<h2>Politique de confidentialit\u00e9<\/h2>\n\t\t\n<style>\n#text-797632732 {\n  font-size: 1.55rem;\n}\n<\/style>\n\t<\/div>\n\t\n\n\t\t<\/div>\n\t\t\t\t\t<\/div>\n\n\t\n\n\t<div id=\"col-1083431376\" class=\"col medium-8 small-12 large-8\"  >\n\t\t\t\t<div class=\"col-inner\"  >\n\t\t\t\n\t\t\t\n\n\t<div id=\"text-2956171507\" class=\"text\">\n\t\t\n\n<p><strong>Vos donn\u00e9es personnelles sont en s\u00e9curit\u00e9 chez nous!<\/strong><\/p>\n<p>Cette d\u00e9claration de confidentialit\u00e9 a \u00e9t\u00e9 mise \u00e0 jour pour la derni\u00e8re fois le 25\/03\/2025.<\/p>\n<p>Nous respectons la vie priv\u00e9e de tous les utilisateurs de notre site et veillons \u00e0 ce que les informations personnelles que vous nous fournissez soient trait\u00e9es de mani\u00e8re confidentielle. Nous travaillons avec une connexion s\u00e9curis\u00e9e, connue sous le nom de connexion SSL. Nous prenons votre vie priv\u00e9e tr\u00e8s au s\u00e9rieux. C&rsquo;est pourquoi nous respectons strictement la loi de 2018 sur la protection de la vie priv\u00e9e.   <\/p>\n<p><strong>Qui peut consulter vos donn\u00e9es?<\/strong><\/p>\n<p>Pour traiter correctement votre commande, nous avons besoin de certaines informations de votre part. Nous ne vendrons jamais vos donn\u00e9es personnelles \u00e0 des tiers et ne les mettrons \u00e0 la disposition que des tiers impliqu\u00e9s dans l&rsquo;ex\u00e9cution de votre commande. Il peut s&rsquo;agir d&rsquo;un fabricant ou d&rsquo;un grossiste. Les donn\u00e9es ne seront toutefois utilis\u00e9es que pour livrer votre commande \u00e0 l&rsquo;adresse correcte. Si nous n&rsquo;avons pas acc\u00e8s aux informations requises, vous ne pourrez pas nous passer commande car nous ne saurons pas qui vous \u00eates ni o\u00f9 livrer les marchandises que vous avez command\u00e9es    <\/p>\n<p><strong>Nos informations<\/strong><\/p>\n<p>Minihorse.eu (Peter D\u2019haeseleer)<br>Windmolenstraat 64<br>9450 Haaltert<br>Belgique<br>T\u00e9l: +32 475 80 47 11<br>Num\u00e9ro d&rsquo;identification TVA: BE0734 307 618<\/p>\n<p><strong>Loi sur la protection des donn\u00e9es<\/strong><\/p>\n<p>Les r\u00e8gles internes de confidentialit\u00e9 de notre boutique en ligne sont conformes \u00e0 la loi sur la protection des donn\u00e9es. Vous ne recevrez pas de courriers \u00e9lectroniques non d\u00e9sir\u00e9s ou non sollicit\u00e9s de notre part. La loi sur la protection des donn\u00e9es vous donne le droit d&rsquo;acc\u00e9der aux donn\u00e9es que vous avez fournies. Cela signifie que vous pouvez demander quelles donn\u00e9es ont \u00e9t\u00e9 enregistr\u00e9es \u00e0 votre sujet et \u00e0 quelles fins ces donn\u00e9es sont utilis\u00e9es.Vous pouvez nous demander ces informations par \u00e9crit.L&rsquo;autorit\u00e9 de contr\u00f4le en Belgique est l&rsquo;Autorit\u00e9 de protection des donn\u00e9es: <a href=\"http:\/\/www.gegevensbeschermingsautoriteit.be\" target=\"_new\" rel=\"noreferrer noopener\">www.gegevensbeschermingsautoriteit.be<\/a>.     <\/p>\n<p>Si vous avez des questions concernant la politique de confidentialit\u00e9 de Minihorse.eu, vous pouvez nous contacter. Notre service client\u00e8le se fera un plaisir de vous aider si vous avez besoin d&rsquo;informations sur vos donn\u00e9es ou si vous souhaitez les modifier. Si une modification de notre politique de confidentialit\u00e9 est n\u00e9cessaire, vous trouverez toujours les informations les plus r\u00e9centes sur cette page.  <\/p>\n<p><strong>Acc\u00e8s \u00e0 vos donn\u00e9es<\/strong><\/p>\n<p>\u00c0 votre demande, nous offrons aux visiteurs de notre site la possibilit\u00e9 de corriger les donn\u00e9es incorrectes que nous d\u00e9tenons \u00e0 leur sujet.Si vous souhaitez modifier vos donn\u00e9es personnelles, c&rsquo;est toujours possible.<br>Dur\u00e9e de conservation des donn\u00e9es <\/p>\n<p><strong>Dur\u00e9e de conservation des donn\u00e9es<\/strong><\/p>\n<p>Nous ne conservons vos donn\u00e9es qu&rsquo;apr\u00e8s avoir trait\u00e9 votre commande, pour la dur\u00e9e de la garantie dont vous b\u00e9n\u00e9ficiez sur nos produits.Cette dur\u00e9e peut \u00eatre d&rsquo;un an ou m\u00eame de trois ans.Cela d\u00e9pend enti\u00e8rement de la p\u00e9riode de garantie dont vous b\u00e9n\u00e9ficiez sur les produits que vous avez achet\u00e9s.Cela nous permet de v\u00e9rifier quand vous avez effectu\u00e9 votre achat et si vous avez droit \u00e0 une garantie. <br>Cela nous permet de mieux vous servir.    <\/p>\n<p><strong>Cookies sur notre site web<\/strong><\/p>\n<p>Veuillez noter que nous utilisons des cookies pour am\u00e9liorer notre niveau de service et assurer le bon fonctionnement du site.<\/p>\n<p><strong>Suppression de vos donn\u00e9es<\/strong><\/p>\n<p>Nous vous informons que vous pouvez, si vous le souhaitez, faire supprimer ces donn\u00e9es de nos registres. Si vous en faites la demande, nous nous en chargerons pour vous. <\/p>\n<p><strong>De quelles donn\u00e9es avons-nous besoin pour traiter une commande ?<\/strong><\/p>\n<ul>\n<li>Monsieur ou Madame<\/li>\n<li>Pr\u00e9nom<\/li>\n<li>Nom de famille<br><\/li>\n<li>Email<\/li>\n<li>T\u00e9l\u00e9phone<br><br><br><br><\/li>\n<li>Informations de facturation (adresse)<\/li>\n<li>Informations sur l&rsquo;adresse de livraison<br>Pays<\/li>\n<li>Pays<\/li>\n<li>Informations relatives \u00e0 l&rsquo;identification de la TVA (le cas \u00e9ch\u00e9ant)<br>le)<\/li>\n<\/ul>\n\t\t\n<style>\n#text-2956171507 {\n  font-size: 0.75rem;\n}\n<\/style>\n\t<\/div>\n\t\n\n\t\t<\/div>\n\t\t\t\t\t<\/div>\n\n\t\n\n<\/div>\n\n\t\t<\/div>\n\n\t\t\n<style>\n#section_411027188 {\n  padding-top: 30px;\n  padding-bottom: 30px;\n}\n<\/style>\n\t<\/section>\n\t\n\n","protected":false},"excerpt":{"rendered":"","protected":false},"author":1,"featured_media":0,"parent":0,"menu_order":0,"comment_status":"closed","ping_status":"closed","template":"","meta":{"footnotes":""},"class_list":["post-8092","page","type-page","status-publish","hentry"],"yoast_head":"<!-- This site is optimized with the Yoast SEO plugin v27.5 - https:\/\/yoast.com\/product\/yoast-seo-wordpress\/ -->\n<title>Politique de confidentialit\u00e9 Minihorse.eu - Minihorse.eu<\/title>\n<meta name=\"description\" content=\"Minihorse.eu offers products for miniature horses and ponies including blankets, halters and grooming products\" \/>\n<meta name=\"robots\" content=\"index, follow, max-snippet:-1, max-image-preview:large, max-video-preview:-1\" \/>\n<link rel=\"canonical\" href=\"https:\/\/www.minihorse.eu\/177-2\/\" \/>\n<meta property=\"og:locale\" content=\"fr_FR\" \/>\n<meta property=\"og:type\" content=\"article\" \/>\n<meta property=\"og:title\" content=\"Politique de confidentialit\u00e9 Minihorse.eu - Minihorse.eu\" \/>\n<meta property=\"og:description\" content=\"Minihorse.eu offers products for miniature horses and ponies including blankets, halters and grooming products\" \/>\n<meta property=\"og:url\" content=\"https:\/\/www.minihorse.eu\/177-2\/\" \/>\n<meta property=\"og:site_name\" content=\"Minihorse.eu\" \/>\n<meta property=\"article:publisher\" content=\"https:\/\/www.facebook.com\/profile.php?id=100063487117479\" \/>\n<meta property=\"article:modified_time\" content=\"2025-03-26T07:24:48+00:00\" \/>\n<meta name=\"twitter:card\" content=\"summary_large_image\" \/>\n<meta name=\"twitter:label1\" content=\"Dur\u00e9e de lecture estim\u00e9e\" \/>\n\t<meta name=\"twitter:data1\" content=\"3 minutes\" \/>\n<script type=\"application\/ld+json\" class=\"yoast-schema-graph\">{\"@context\":\"https:\\\/\\\/schema.org\",\"@graph\":[{\"@type\":\"WebPage\",\"@id\":\"https:\\\/\\\/www.minihorse.eu\\\/177-2\\\/\",\"url\":\"https:\\\/\\\/www.minihorse.eu\\\/177-2\\\/\",\"name\":\"Politique de confidentialit\u00e9 Minihorse.eu - Minihorse.eu\",\"isPartOf\":{\"@id\":\"https:\\\/\\\/www.minihorse.eu\\\/#website\"},\"datePublished\":\"2024-08-08T16:34:02+00:00\",\"dateModified\":\"2025-03-26T07:24:48+00:00\",\"description\":\"Minihorse.eu offers products for miniature horses and ponies including blankets, halters and grooming products\",\"breadcrumb\":{\"@id\":\"https:\\\/\\\/www.minihorse.eu\\\/177-2\\\/#breadcrumb\"},\"inLanguage\":\"fr-FR\",\"potentialAction\":[{\"@type\":\"ReadAction\",\"target\":[\"https:\\\/\\\/www.minihorse.eu\\\/177-2\\\/\"]}]},{\"@type\":\"BreadcrumbList\",\"@id\":\"https:\\\/\\\/www.minihorse.eu\\\/177-2\\\/#breadcrumb\",\"itemListElement\":[{\"@type\":\"ListItem\",\"position\":1,\"name\":\"Home\",\"item\":\"https:\\\/\\\/www.minihorse.eu\\\/fr\\\/accueil\\\/\"},{\"@type\":\"ListItem\",\"position\":2,\"name\":\"Politique de confidentialit\u00e9 Minihorse.eu\"}]},{\"@type\":\"WebSite\",\"@id\":\"https:\\\/\\\/www.minihorse.eu\\\/#website\",\"url\":\"https:\\\/\\\/www.minihorse.eu\\\/\",\"name\":\"Minihorse.eu\",\"description\":\"The #1 store for Miniature Horses\",\"publisher\":{\"@id\":\"https:\\\/\\\/www.minihorse.eu\\\/#organization\"},\"potentialAction\":[{\"@type\":\"SearchAction\",\"target\":{\"@type\":\"EntryPoint\",\"urlTemplate\":\"https:\\\/\\\/www.minihorse.eu\\\/?s={search_term_string}\"},\"query-input\":{\"@type\":\"PropertyValueSpecification\",\"valueRequired\":true,\"valueName\":\"search_term_string\"}}],\"inLanguage\":\"fr-FR\"},{\"@type\":\"Organization\",\"@id\":\"https:\\\/\\\/www.minihorse.eu\\\/#organization\",\"name\":\"Minihorse.eu\",\"url\":\"https:\\\/\\\/www.minihorse.eu\\\/\",\"logo\":{\"@type\":\"ImageObject\",\"inLanguage\":\"fr-FR\",\"@id\":\"https:\\\/\\\/www.minihorse.eu\\\/#\\\/schema\\\/logo\\\/image\\\/\",\"url\":\"https:\\\/\\\/www.minihorse.eu\\\/wp-content\\\/uploads\\\/2024\\\/08\\\/Logo-minihorse-ext.png\",\"contentUrl\":\"https:\\\/\\\/www.minihorse.eu\\\/wp-content\\\/uploads\\\/2024\\\/08\\\/Logo-minihorse-ext.png\",\"width\":500,\"height\":500,\"caption\":\"Minihorse.eu\"},\"image\":{\"@id\":\"https:\\\/\\\/www.minihorse.eu\\\/#\\\/schema\\\/logo\\\/image\\\/\"},\"sameAs\":[\"https:\\\/\\\/www.facebook.com\\\/profile.php?id=100063487117479\"]}]}<\/script>\n<!-- \/ Yoast SEO plugin. -->","yoast_head_json":{"title":"Politique de confidentialit\u00e9 Minihorse.eu - Minihorse.eu","description":"Minihorse.eu offers products for miniature horses and ponies including blankets, halters and grooming products","robots":{"index":"index","follow":"follow","max-snippet":"max-snippet:-1","max-image-preview":"max-image-preview:large","max-video-preview":"max-video-preview:-1"},"canonical":"https:\/\/www.minihorse.eu\/177-2\/","og_locale":"fr_FR","og_type":"article","og_title":"Politique de confidentialit\u00e9 Minihorse.eu - Minihorse.eu","og_description":"Minihorse.eu offers products for miniature horses and ponies including blankets, halters and grooming products","og_url":"https:\/\/www.minihorse.eu\/177-2\/","og_site_name":"Minihorse.eu","article_publisher":"https:\/\/www.facebook.com\/profile.php?id=100063487117479","article_modified_time":"2025-03-26T07:24:48+00:00","twitter_card":"summary_large_image","twitter_misc":{"Dur\u00e9e de lecture estim\u00e9e":"3 minutes"},"schema":{"@context":"https:\/\/schema.org","@graph":[{"@type":"WebPage","@id":"https:\/\/www.minihorse.eu\/177-2\/","url":"https:\/\/www.minihorse.eu\/177-2\/","name":"Politique de confidentialit\u00e9 Minihorse.eu - Minihorse.eu","isPartOf":{"@id":"https:\/\/www.minihorse.eu\/#website"},"datePublished":"2024-08-08T16:34:02+00:00","dateModified":"2025-03-26T07:24:48+00:00","description":"Minihorse.eu offers products for miniature horses and ponies including blankets, halters and grooming products","breadcrumb":{"@id":"https:\/\/www.minihorse.eu\/177-2\/#breadcrumb"},"inLanguage":"fr-FR","potentialAction":[{"@type":"ReadAction","target":["https:\/\/www.minihorse.eu\/177-2\/"]}]},{"@type":"BreadcrumbList","@id":"https:\/\/www.minihorse.eu\/177-2\/#breadcrumb","itemListElement":[{"@type":"ListItem","position":1,"name":"Home","item":"https:\/\/www.minihorse.eu\/fr\/accueil\/"},{"@type":"ListItem","position":2,"name":"Politique de confidentialit\u00e9 Minihorse.eu"}]},{"@type":"WebSite","@id":"https:\/\/www.minihorse.eu\/#website","url":"https:\/\/www.minihorse.eu\/","name":"Minihorse.eu","description":"The #1 store for Miniature Horses","publisher":{"@id":"https:\/\/www.minihorse.eu\/#organization"},"potentialAction":[{"@type":"SearchAction","target":{"@type":"EntryPoint","urlTemplate":"https:\/\/www.minihorse.eu\/?s={search_term_string}"},"query-input":{"@type":"PropertyValueSpecification","valueRequired":true,"valueName":"search_term_string"}}],"inLanguage":"fr-FR"},{"@type":"Organization","@id":"https:\/\/www.minihorse.eu\/#organization","name":"Minihorse.eu","url":"https:\/\/www.minihorse.eu\/","logo":{"@type":"ImageObject","inLanguage":"fr-FR","@id":"https:\/\/www.minihorse.eu\/#\/schema\/logo\/image\/","url":"https:\/\/www.minihorse.eu\/wp-content\/uploads\/2024\/08\/Logo-minihorse-ext.png","contentUrl":"https:\/\/www.minihorse.eu\/wp-content\/uploads\/2024\/08\/Logo-minihorse-ext.png","width":500,"height":500,"caption":"Minihorse.eu"},"image":{"@id":"https:\/\/www.minihorse.eu\/#\/schema\/logo\/image\/"},"sameAs":["https:\/\/www.facebook.com\/profile.php?id=100063487117479"]}]}},"jetpack_sharing_enabled":true,"_links":{"self":[{"href":"https:\/\/www.minihorse.eu\/fr\/wp-json\/wp\/v2\/pages\/8092","targetHints":{"allow":["GET"]}}],"collection":[{"href":"https:\/\/www.minihorse.eu\/fr\/wp-json\/wp\/v2\/pages"}],"about":[{"href":"https:\/\/www.minihorse.eu\/fr\/wp-json\/wp\/v2\/types\/page"}],"author":[{"embeddable":true,"href":"https:\/\/www.minihorse.eu\/fr\/wp-json\/wp\/v2\/users\/1"}],"replies":[{"embeddable":true,"href":"https:\/\/www.minihorse.eu\/fr\/wp-json\/wp\/v2\/comments?post=8092"}],"version-history":[{"count":5,"href":"https:\/\/www.minihorse.eu\/fr\/wp-json\/wp\/v2\/pages\/8092\/revisions"}],"predecessor-version":[{"id":8109,"href":"https:\/\/www.minihorse.eu\/fr\/wp-json\/wp\/v2\/pages\/8092\/revisions\/8109"}],"wp:attachment":[{"href":"https:\/\/www.minihorse.eu\/fr\/wp-json\/wp\/v2\/media?parent=8092"}],"curies":[{"name":"wp","href":"https:\/\/api.w.org\/{rel}","templated":true}]}}