{"id":986,"date":"2024-08-08T09:37:18","date_gmt":"2024-08-08T09:37:18","guid":{"rendered":"https:\/\/horselandshop.com\/panier\/"},"modified":"2025-04-02T15:50:25","modified_gmt":"2025-04-02T15:50:25","slug":"panier","status":"publish","type":"page","link":"https:\/\/www.minihorse.eu\/fr\/panier\/","title":{"rendered":"Panier"},"content":{"rendered":"\n<div data-block-name=\"woocommerce\/cart\" class=\"wp-block-woocommerce-cart alignwide is-loading\">\n<div data-block-name=\"woocommerce\/filled-cart-block\" class=\"wp-block-woocommerce-filled-cart-block\">\n<div data-block-name=\"woocommerce\/cart-items-block\" class=\"wp-block-woocommerce-cart-items-block\">\n<div data-block-name=\"woocommerce\/cart-line-items-block\" class=\"wp-block-woocommerce-cart-line-items-block\"><\/div>\n\n\n\n<div data-block-name=\"woocommerce\/cart-cross-sells-block\" class=\"wp-block-woocommerce-cart-cross-sells-block\">\n<h2 class=\"wp-block-heading has-large-font-size\">Vous pourriez \u00eatre int\u00e9ress\u00e9 par&#8230;<\/h2>\n\n\n\n<div data-block-name=\"woocommerce\/cart-cross-sells-products-block\" class=\"wp-block-woocommerce-cart-cross-sells-products-block\"><\/div>\n<\/div>\n<\/div>\n\n\n\n<div data-block-name=\"woocommerce\/cart-totals-block\" class=\"wp-block-woocommerce-cart-totals-block\">\n<div data-block-name=\"woocommerce\/cart-order-summary-block\" class=\"wp-block-woocommerce-cart-order-summary-block\">\n<div data-block-name=\"woocommerce\/cart-order-summary-heading-block\" class=\"wp-block-woocommerce-cart-order-summary-heading-block\"><\/div><div data-block-name=\"woocommerce\/cart-order-summary-coupon-form-block\" class=\"wp-block-woocommerce-cart-order-summary-coupon-form-block\"><\/div><div data-block-name=\"woocommerce\/cart-order-summary-totals-block\" class=\"wp-block-woocommerce-cart-order-summary-totals-block\">\n<div data-block-name=\"woocommerce\/cart-order-summary-subtotal-block\" class=\"wp-block-woocommerce-cart-order-summary-subtotal-block\"><\/div>\n<div data-block-name=\"woocommerce\/cart-order-summary-discount-block\" class=\"wp-block-woocommerce-cart-order-summary-discount-block\"><\/div>\n<div data-block-name=\"woocommerce\/cart-order-summary-fee-block\" class=\"wp-block-woocommerce-cart-order-summary-fee-block\"><\/div>\n<div data-block-name=\"woocommerce\/cart-order-summary-shipping-block\" class=\"wp-block-woocommerce-cart-order-summary-shipping-block\"><\/div>\n<div data-block-name=\"woocommerce\/cart-order-summary-taxes-block\" class=\"wp-block-woocommerce-cart-order-summary-taxes-block\"><\/div><\/div>\n<\/div>\n\n\n\n<div data-block-name=\"woocommerce\/cart-express-payment-block\" class=\"wp-block-woocommerce-cart-express-payment-block\"><\/div>\n\n\n\n<div data-block-name=\"woocommerce\/proceed-to-checkout-block\" class=\"wp-block-woocommerce-proceed-to-checkout-block\"><\/div>\n\n\n\n<div data-block-name=\"woocommerce\/cart-accepted-payment-methods-block\" class=\"wp-block-woocommerce-cart-accepted-payment-methods-block\"><\/div>\n<\/div>\n<\/div>\n\n\n\n<div data-block-name=\"woocommerce\/empty-cart-block\" class=\"wp-block-woocommerce-empty-cart-block\">\n<h2 class=\"wp-block-heading has-text-align-center with-empty-cart-icon wc-block-cart__empty-cart__title\">Votre panier est actuellement vide !<\/h2>\n\n\n\n<hr class=\"wp-block-separator has-alpha-channel-opacity is-style-dots\"\/>\n\n\n\n<h2 class=\"wp-block-heading has-text-align-center\">Nouveau en magasin<\/h2>\n\n\n<div data-block-name=\"woocommerce\/product-new\" data-columns=\"4\" data-rows=\"1\" class=\"wc-block-grid wp-block-product-new wp-block-woocommerce-product-new wc-block-product-new has-4-columns\"><ul class=\"wc-block-grid__products\"><li class=\"wc-block-grid__product\">\n\t\t\t\t<a href=\"https:\/\/www.minihorse.eu\/fr\/produit\/likit-biscuits-pour-chevaux-500-g-copy\/\" class=\"wc-block-grid__product-link\">\n\t\t\t\t\t\n\t\t\t\t\t<div class=\"wc-block-grid__product-image\"><img loading=\"lazy\" decoding=\"async\" width=\"247\" height=\"247\" src=\"https:\/\/www.minihorse.eu\/wp-content\/uploads\/2026\/03\/Schermafbeelding-2026-03-10-201914-247x247.png\" class=\"attachment-woocommerce_thumbnail size-woocommerce_thumbnail\" alt=\"Likit Snaks, Arc-en-ciel , 500 g\" srcset=\"https:\/\/www.minihorse.eu\/wp-content\/uploads\/2026\/03\/Schermafbeelding-2026-03-10-201914-247x247.png 247w, https:\/\/www.minihorse.eu\/wp-content\/uploads\/2026\/03\/Schermafbeelding-2026-03-10-201914-150x150.png 150w, https:\/\/www.minihorse.eu\/wp-content\/uploads\/2026\/03\/Schermafbeelding-2026-03-10-201914-100x100.png 100w\" sizes=\"auto, (max-width: 247px) 100vw, 247px\" \/><\/div>\n\t\t\t\t\t<div class=\"wc-block-grid__product-title\">Likit Snaks, Arc-en-ciel , 500 g<\/div>\n\t\t\t\t<\/a>\n\t\t\t\t<div class=\"wc-block-grid__product-price price\"><span class=\"woocommerce-Price-amount amount\"><span class=\"woocommerce-Price-currencySymbol\">&euro;<\/span>&nbsp;7,95<\/span> <small class=\"woocommerce-price-suffix\">TVA incluse <\/small><\/div>\n\t\t\t\t\n\t\t\t\t<div class=\"wp-block-button wc-block-grid__product-add-to-cart\"><a href=\"\/fr\/wp-json\/wp\/v2\/pages\/986?add-to-cart=12980\" aria-label=\"Ajouter au panier\u00a0: &ldquo;Likit Snaks, Arc-en-ciel , 500 g&rdquo;\" data-quantity=\"1\" data-product_id=\"12980\" data-product_sku=\"\" data-price=\"7.95\" rel=\"nofollow\" class=\"wp-block-button__link  add_to_cart_button ajax_add_to_cart\">Ajouter au panier<\/a><\/div>\n\t\t\t<\/li><li class=\"wc-block-grid__product\">\n\t\t\t\t<a href=\"https:\/\/www.minihorse.eu\/fr\/produit\/couverture-dhiver-a-col-fixe-500-grammes-noir-rouge\/\" class=\"wc-block-grid__product-link\">\n\t\t\t\t\t\n\t\t\t\t\t<div class=\"wc-block-grid__product-image\"><img loading=\"lazy\" decoding=\"async\" width=\"247\" height=\"247\" src=\"https:\/\/www.minihorse.eu\/wp-content\/uploads\/2026\/02\/Winterblanket-fixed-neck-500-gram-black-red-247x247.jpg\" class=\"attachment-woocommerce_thumbnail size-woocommerce_thumbnail\" alt=\"Couverture d&#039;hiver \u00e0 col fixe 500 grammes Noir-Rouge\" srcset=\"https:\/\/www.minihorse.eu\/wp-content\/uploads\/2026\/02\/Winterblanket-fixed-neck-500-gram-black-red-247x247.jpg 247w, https:\/\/www.minihorse.eu\/wp-content\/uploads\/2026\/02\/Winterblanket-fixed-neck-500-gram-black-red-150x150.jpg 150w, https:\/\/www.minihorse.eu\/wp-content\/uploads\/2026\/02\/Winterblanket-fixed-neck-500-gram-black-red-100x100.jpg 100w\" sizes=\"auto, (max-width: 247px) 100vw, 247px\" \/><\/div>\n\t\t\t\t\t<div class=\"wc-block-grid__product-title\">Couverture d&rsquo;hiver \u00e0 col fixe 500 grammes Noir-Rouge<\/div>\n\t\t\t\t<\/a>\n\t\t\t\t<div class=\"wc-block-grid__product-price price\"><span class=\"woocommerce-Price-amount amount\" aria-hidden=\"true\"><span class=\"woocommerce-Price-currencySymbol\">&euro;<\/span>&nbsp;53,00<\/span> <span aria-hidden=\"true\">\u00a0\u2013\u00a0<\/span> <span class=\"woocommerce-Price-amount amount\" aria-hidden=\"true\"><span class=\"woocommerce-Price-currencySymbol\">&euro;<\/span>&nbsp;57,00<\/span><span class=\"screen-reader-text\">Plage de prix\u00a0: &euro;&nbsp;53,00 \u00e0 &euro;&nbsp;57,00<\/span> <small class=\"woocommerce-price-suffix\">TVA incluse <\/small><\/div>\n\t\t\t\t\n\t\t\t\t<div class=\"wp-block-button wc-block-grid__product-add-to-cart\"><a href=\"https:\/\/www.minihorse.eu\/fr\/produit\/couverture-dhiver-a-col-fixe-500-grammes-noir-rouge\/\" aria-label=\"S\u00e9lectionner les options pour &ldquo;Couverture d&#039;hiver \u00e0 col fixe 500 grammes Noir-Rouge&rdquo;\" data-quantity=\"1\" data-product_id=\"12914\" data-product_sku=\"\" data-price=\"53\" rel=\"nofollow\" class=\"wp-block-button__link  add_to_cart_button\">Choix des options<\/a><\/div>\n\t\t\t<\/li><li class=\"wc-block-grid__product\">\n\t\t\t\t<a href=\"https:\/\/www.minihorse.eu\/fr\/produit\/heiniger-opal-tondeuse-sans-fil\/\" class=\"wc-block-grid__product-link\">\n\t\t\t\t\t\n\t\t\t\t\t<div class=\"wc-block-grid__product-image\"><img loading=\"lazy\" decoding=\"async\" width=\"247\" height=\"247\" src=\"https:\/\/www.minihorse.eu\/wp-content\/uploads\/2026\/01\/Heiniger_Opal_cordless-clipper709-000-70_2-1-247x247.jpg\" class=\"attachment-woocommerce_thumbnail size-woocommerce_thumbnail\" alt=\"Heiniger Opal Tondeuse sans fil\" srcset=\"https:\/\/www.minihorse.eu\/wp-content\/uploads\/2026\/01\/Heiniger_Opal_cordless-clipper709-000-70_2-1-247x247.jpg 247w, https:\/\/www.minihorse.eu\/wp-content\/uploads\/2026\/01\/Heiniger_Opal_cordless-clipper709-000-70_2-1-300x300.jpg 300w, https:\/\/www.minihorse.eu\/wp-content\/uploads\/2026\/01\/Heiniger_Opal_cordless-clipper709-000-70_2-1-150x150.jpg 150w, https:\/\/www.minihorse.eu\/wp-content\/uploads\/2026\/01\/Heiniger_Opal_cordless-clipper709-000-70_2-1-768x768.jpg 768w, https:\/\/www.minihorse.eu\/wp-content\/uploads\/2026\/01\/Heiniger_Opal_cordless-clipper709-000-70_2-1-510x510.jpg 510w, https:\/\/www.minihorse.eu\/wp-content\/uploads\/2026\/01\/Heiniger_Opal_cordless-clipper709-000-70_2-1-100x100.jpg 100w, https:\/\/www.minihorse.eu\/wp-content\/uploads\/2026\/01\/Heiniger_Opal_cordless-clipper709-000-70_2-1.jpg 1000w\" sizes=\"auto, (max-width: 247px) 100vw, 247px\" \/><\/div>\n\t\t\t\t\t<div class=\"wc-block-grid__product-title\">Heiniger Opal Tondeuse sans fil<\/div>\n\t\t\t\t<\/a>\n\t\t\t\t<div class=\"wc-block-grid__product-price price\"><span class=\"woocommerce-Price-amount amount\"><span class=\"woocommerce-Price-currencySymbol\">&euro;<\/span>&nbsp;405,00<\/span> <small class=\"woocommerce-price-suffix\">TVA incluse <\/small><\/div>\n\t\t\t\t\n\t\t\t\t<div class=\"wp-block-button wc-block-grid__product-add-to-cart\"><a href=\"\/fr\/wp-json\/wp\/v2\/pages\/986?add-to-cart=12759\" aria-label=\"Ajouter au panier\u00a0: &ldquo;Heiniger Opal Tondeuse sans fil&rdquo;\" data-quantity=\"1\" data-product_id=\"12759\" data-product_sku=\"\" data-price=\"405\" rel=\"nofollow\" class=\"wp-block-button__link  add_to_cart_button ajax_add_to_cart\">Ajouter au panier<\/a><\/div>\n\t\t\t<\/li><li class=\"wc-block-grid__product\">\n\t\t\t\t<a href=\"https:\/\/www.minihorse.eu\/fr\/produit\/andis-ceramic-edge-no-30-lame-0-5-mm\/\" class=\"wc-block-grid__product-link\">\n\t\t\t\t\t\n\t\t\t\t\t<div class=\"wc-block-grid__product-image\"><img loading=\"lazy\" decoding=\"async\" width=\"247\" height=\"247\" src=\"https:\/\/www.minihorse.eu\/wp-content\/uploads\/2025\/03\/andis-ceramic-30-247x247.jpg\" class=\"attachment-woocommerce_thumbnail size-woocommerce_thumbnail\" alt=\"Andis Ceramic Edge no. 30 Lame - 0.5 mm\" srcset=\"https:\/\/www.minihorse.eu\/wp-content\/uploads\/2025\/03\/andis-ceramic-30-247x247.jpg 247w, https:\/\/www.minihorse.eu\/wp-content\/uploads\/2025\/03\/andis-ceramic-30-150x150.jpg 150w, https:\/\/www.minihorse.eu\/wp-content\/uploads\/2025\/03\/andis-ceramic-30-100x100.jpg 100w\" sizes=\"auto, (max-width: 247px) 100vw, 247px\" \/><\/div>\n\t\t\t\t\t<div class=\"wc-block-grid__product-title\">Andis Ceramic Edge no. 30 Lame &#8211; 0.5 mm<\/div>\n\t\t\t\t<\/a>\n\t\t\t\t<div class=\"wc-block-grid__product-price price\"><span class=\"woocommerce-Price-amount amount\"><span class=\"woocommerce-Price-currencySymbol\">&euro;<\/span>&nbsp;45,00<\/span> <small class=\"woocommerce-price-suffix\">TVA incluse <\/small><\/div>\n\t\t\t\t\n\t\t\t\t<div class=\"wp-block-button wc-block-grid__product-add-to-cart\"><a href=\"\/fr\/wp-json\/wp\/v2\/pages\/986?add-to-cart=12711\" aria-label=\"Ajouter au panier\u00a0: &ldquo;Andis Ceramic Edge no. 30 Lame - 0.5 mm&rdquo;\" data-quantity=\"1\" data-product_id=\"12711\" data-product_sku=\"\" data-price=\"45\" rel=\"nofollow\" class=\"wp-block-button__link  add_to_cart_button ajax_add_to_cart\">Ajouter au panier<\/a><\/div>\n\t\t\t<\/li><\/ul><\/div><\/div>\n<\/div>\n","protected":false},"excerpt":{"rendered":"","protected":false},"author":1,"featured_media":0,"parent":0,"menu_order":0,"comment_status":"closed","ping_status":"closed","template":"","meta":{"footnotes":""},"class_list":["post-986","page","type-page","status-publish","hentry"],"yoast_head":"<!-- This site is optimized with the Yoast SEO plugin v27.5 - https:\/\/yoast.com\/product\/yoast-seo-wordpress\/ -->\n<title>Panier - Minihorse.eu<\/title>\n<meta name=\"description\" content=\"Minihorse.eu offers products for miniature horses and ponies including blankets, halters and grooming products\" \/>\n<meta name=\"robots\" content=\"index, follow, max-snippet:-1, max-image-preview:large, max-video-preview:-1\" \/>\n<link rel=\"canonical\" href=\"https:\/\/www.minihorse.eu\/fr\/panier\/\" \/>\n<meta property=\"og:locale\" content=\"fr_FR\" \/>\n<meta property=\"og:type\" content=\"article\" \/>\n<meta property=\"og:title\" content=\"Panier - Minihorse.eu\" \/>\n<meta property=\"og:description\" content=\"Minihorse.eu offers products for miniature horses and ponies including blankets, halters and grooming products\" \/>\n<meta property=\"og:url\" content=\"https:\/\/www.minihorse.eu\/fr\/panier\/\" \/>\n<meta property=\"og:site_name\" content=\"Minihorse.eu\" \/>\n<meta property=\"article:publisher\" content=\"https:\/\/www.facebook.com\/profile.php?id=100063487117479\" \/>\n<meta property=\"article:modified_time\" content=\"2025-04-02T15:50:25+00:00\" \/>\n<meta name=\"twitter:card\" content=\"summary_large_image\" \/>\n<script type=\"application\/ld+json\" class=\"yoast-schema-graph\">{\"@context\":\"https:\\\/\\\/schema.org\",\"@graph\":[{\"@type\":\"WebPage\",\"@id\":\"https:\\\/\\\/www.minihorse.eu\\\/fr\\\/panier\\\/\",\"url\":\"https:\\\/\\\/www.minihorse.eu\\\/fr\\\/panier\\\/\",\"name\":\"Panier - Minihorse.eu\",\"isPartOf\":{\"@id\":\"https:\\\/\\\/www.minihorse.eu\\\/#website\"},\"datePublished\":\"2024-08-08T09:37:18+00:00\",\"dateModified\":\"2025-04-02T15:50:25+00:00\",\"description\":\"Minihorse.eu offers products for miniature horses and ponies including blankets, halters and grooming products\",\"breadcrumb\":{\"@id\":\"https:\\\/\\\/www.minihorse.eu\\\/fr\\\/panier\\\/#breadcrumb\"},\"inLanguage\":\"fr-FR\",\"potentialAction\":[{\"@type\":\"ReadAction\",\"target\":[\"https:\\\/\\\/www.minihorse.eu\\\/fr\\\/panier\\\/\"]}]},{\"@type\":\"BreadcrumbList\",\"@id\":\"https:\\\/\\\/www.minihorse.eu\\\/fr\\\/panier\\\/#breadcrumb\",\"itemListElement\":[{\"@type\":\"ListItem\",\"position\":1,\"name\":\"Home\",\"item\":\"https:\\\/\\\/www.minihorse.eu\\\/fr\\\/accueil\\\/\"},{\"@type\":\"ListItem\",\"position\":2,\"name\":\"Panier\"}]},{\"@type\":\"WebSite\",\"@id\":\"https:\\\/\\\/www.minihorse.eu\\\/#website\",\"url\":\"https:\\\/\\\/www.minihorse.eu\\\/\",\"name\":\"Minihorse.eu\",\"description\":\"The #1 store for Miniature Horses\",\"publisher\":{\"@id\":\"https:\\\/\\\/www.minihorse.eu\\\/#organization\"},\"potentialAction\":[{\"@type\":\"SearchAction\",\"target\":{\"@type\":\"EntryPoint\",\"urlTemplate\":\"https:\\\/\\\/www.minihorse.eu\\\/?s={search_term_string}\"},\"query-input\":{\"@type\":\"PropertyValueSpecification\",\"valueRequired\":true,\"valueName\":\"search_term_string\"}}],\"inLanguage\":\"fr-FR\"},{\"@type\":\"Organization\",\"@id\":\"https:\\\/\\\/www.minihorse.eu\\\/#organization\",\"name\":\"Minihorse.eu\",\"url\":\"https:\\\/\\\/www.minihorse.eu\\\/\",\"logo\":{\"@type\":\"ImageObject\",\"inLanguage\":\"fr-FR\",\"@id\":\"https:\\\/\\\/www.minihorse.eu\\\/#\\\/schema\\\/logo\\\/image\\\/\",\"url\":\"https:\\\/\\\/www.minihorse.eu\\\/wp-content\\\/uploads\\\/2024\\\/08\\\/Logo-minihorse-ext.png\",\"contentUrl\":\"https:\\\/\\\/www.minihorse.eu\\\/wp-content\\\/uploads\\\/2024\\\/08\\\/Logo-minihorse-ext.png\",\"width\":500,\"height\":500,\"caption\":\"Minihorse.eu\"},\"image\":{\"@id\":\"https:\\\/\\\/www.minihorse.eu\\\/#\\\/schema\\\/logo\\\/image\\\/\"},\"sameAs\":[\"https:\\\/\\\/www.facebook.com\\\/profile.php?id=100063487117479\"]}]}<\/script>\n<!-- \/ Yoast SEO plugin. -->","yoast_head_json":{"title":"Panier - Minihorse.eu","description":"Minihorse.eu offers products for miniature horses and ponies including blankets, halters and grooming products","robots":{"index":"index","follow":"follow","max-snippet":"max-snippet:-1","max-image-preview":"max-image-preview:large","max-video-preview":"max-video-preview:-1"},"canonical":"https:\/\/www.minihorse.eu\/fr\/panier\/","og_locale":"fr_FR","og_type":"article","og_title":"Panier - Minihorse.eu","og_description":"Minihorse.eu offers products for miniature horses and ponies including blankets, halters and grooming products","og_url":"https:\/\/www.minihorse.eu\/fr\/panier\/","og_site_name":"Minihorse.eu","article_publisher":"https:\/\/www.facebook.com\/profile.php?id=100063487117479","article_modified_time":"2025-04-02T15:50:25+00:00","twitter_card":"summary_large_image","schema":{"@context":"https:\/\/schema.org","@graph":[{"@type":"WebPage","@id":"https:\/\/www.minihorse.eu\/fr\/panier\/","url":"https:\/\/www.minihorse.eu\/fr\/panier\/","name":"Panier - Minihorse.eu","isPartOf":{"@id":"https:\/\/www.minihorse.eu\/#website"},"datePublished":"2024-08-08T09:37:18+00:00","dateModified":"2025-04-02T15:50:25+00:00","description":"Minihorse.eu offers products for miniature horses and ponies including blankets, halters and grooming products","breadcrumb":{"@id":"https:\/\/www.minihorse.eu\/fr\/panier\/#breadcrumb"},"inLanguage":"fr-FR","potentialAction":[{"@type":"ReadAction","target":["https:\/\/www.minihorse.eu\/fr\/panier\/"]}]},{"@type":"BreadcrumbList","@id":"https:\/\/www.minihorse.eu\/fr\/panier\/#breadcrumb","itemListElement":[{"@type":"ListItem","position":1,"name":"Home","item":"https:\/\/www.minihorse.eu\/fr\/accueil\/"},{"@type":"ListItem","position":2,"name":"Panier"}]},{"@type":"WebSite","@id":"https:\/\/www.minihorse.eu\/#website","url":"https:\/\/www.minihorse.eu\/","name":"Minihorse.eu","description":"The #1 store for Miniature Horses","publisher":{"@id":"https:\/\/www.minihorse.eu\/#organization"},"potentialAction":[{"@type":"SearchAction","target":{"@type":"EntryPoint","urlTemplate":"https:\/\/www.minihorse.eu\/?s={search_term_string}"},"query-input":{"@type":"PropertyValueSpecification","valueRequired":true,"valueName":"search_term_string"}}],"inLanguage":"fr-FR"},{"@type":"Organization","@id":"https:\/\/www.minihorse.eu\/#organization","name":"Minihorse.eu","url":"https:\/\/www.minihorse.eu\/","logo":{"@type":"ImageObject","inLanguage":"fr-FR","@id":"https:\/\/www.minihorse.eu\/#\/schema\/logo\/image\/","url":"https:\/\/www.minihorse.eu\/wp-content\/uploads\/2024\/08\/Logo-minihorse-ext.png","contentUrl":"https:\/\/www.minihorse.eu\/wp-content\/uploads\/2024\/08\/Logo-minihorse-ext.png","width":500,"height":500,"caption":"Minihorse.eu"},"image":{"@id":"https:\/\/www.minihorse.eu\/#\/schema\/logo\/image\/"},"sameAs":["https:\/\/www.facebook.com\/profile.php?id=100063487117479"]}]}},"jetpack_sharing_enabled":true,"_links":{"self":[{"href":"https:\/\/www.minihorse.eu\/fr\/wp-json\/wp\/v2\/pages\/986","targetHints":{"allow":["GET"]}}],"collection":[{"href":"https:\/\/www.minihorse.eu\/fr\/wp-json\/wp\/v2\/pages"}],"about":[{"href":"https:\/\/www.minihorse.eu\/fr\/wp-json\/wp\/v2\/types\/page"}],"author":[{"embeddable":true,"href":"https:\/\/www.minihorse.eu\/fr\/wp-json\/wp\/v2\/users\/1"}],"replies":[{"embeddable":true,"href":"https:\/\/www.minihorse.eu\/fr\/wp-json\/wp\/v2\/comments?post=986"}],"version-history":[{"count":2,"href":"https:\/\/www.minihorse.eu\/fr\/wp-json\/wp\/v2\/pages\/986\/revisions"}],"predecessor-version":[{"id":1184,"href":"https:\/\/www.minihorse.eu\/fr\/wp-json\/wp\/v2\/pages\/986\/revisions\/1184"}],"wp:attachment":[{"href":"https:\/\/www.minihorse.eu\/fr\/wp-json\/wp\/v2\/media?parent=986"}],"curies":[{"name":"wp","href":"https:\/\/api.w.org\/{rel}","templated":true}]}}