{"id":10097,"date":"2025-05-31T22:47:40","date_gmt":"2025-05-31T22:47:40","guid":{"rendered":"https:\/\/www.minihorse.eu\/product\/likit-biscuits-pour-chevaux-500-g\/"},"modified":"2025-05-31T22:47:40","modified_gmt":"2025-05-31T22:47:40","slug":"likit-biscuits-pour-chevaux-500-g","status":"publish","type":"product","link":"https:\/\/www.minihorse.eu\/fr\/produit\/likit-biscuits-pour-chevaux-500-g\/","title":{"rendered":"Likit Biscuits pour chevaux, 500 g"},"content":{"rendered":"<section class=\"second-section\">\n<div class=\"product-detail-description-text\">Les biscuits pour chevaux Likit sont de petites friandises en forme de c\u0153ur, aromatis\u00e9es \u00e0 la pomme et \u00e0 la cannelle, \u00e0 donner \u00e0 la main ou \u00e0 remplir dans le Likit Snak-a-Ball. Sans colorants ni ar\u00f4mes artificiels.  <span style=\"font-size: 14.4px;\">Consultez le site web de Likit pour plus d&rsquo;informations sur ses produits. <\/span><a style=\"font-size: 14.4px;\" href=\"http:\/\/www.likit.co.uk\/\" target=\"_blank\" rel=\"noopener\">Site web du Likit<\/a><\/div>\n<\/section>\n<section class=\"third-section\">\n<div class=\"product-detail-description-text\">Les l\u00e9cheurs Likit sont principalement constitu\u00e9s de m\u00e9lasse de glucose naturelle enrichie en vitamines et toutes les pi\u00e8ces en plastique transform\u00e9es sont fabriqu\u00e9es \u00e0 partir de mat\u00e9riaux de qualit\u00e9 d&rsquo;origine europ\u00e9enne. La production est soumise aux contr\u00f4les de qualit\u00e9 les plus stricts afin de garantir une qualit\u00e9 \u00e9lev\u00e9e et constante.<br \/>\nLes l\u00e9cheurs Likit amusent votre cheval et pr\u00e9viennent l&rsquo;ennui et l&rsquo;agitation dans le box ou le paddock. <\/div>\n<div class=\"product-detail-description-text\"><span style=\"font-size: 14.4px;\">Go\u00fbt : Pomme cannelle<\/span><\/div>\n<div class=\"product-detail-description-text\"><span style=\"font-size: 14.4px;\">Sachet de 500 g (refermable).<\/span><\/div>\n<\/section>\n","protected":false},"excerpt":{"rendered":"<p>Petites friandises en forme de c\u0153ur \u00e0 l&rsquo;ar\u00f4me de pomme et de cannelle, \u00e0 donner \u00e0 la main ou \u00e0 remplir dans le Likit Snak-a-Ball. Sans colorants ni ar\u00f4mes artificiels.  <span style=\"font-size: 14.4px;\">Sachet de 500 g (refermable).<\/span><\/p>\n","protected":false},"featured_media":9901,"comment_status":"open","ping_status":"closed","template":"","meta":[],"product_brand":[],"product_cat":[213],"product_tag":[1236,1261,1239],"class_list":{"0":"post-10097","1":"product","2":"type-product","3":"status-publish","4":"has-post-thumbnail","6":"product_cat-friandises-et-jouets-pour-chevaux","7":"product_tag-biscuits-pour-chevaux","8":"product_tag-likit-biscuits-pour-chevaux","9":"product_tag-traitement-pour-chevaux","11":"first","12":"outofstock","13":"taxable","14":"shipping-taxable","15":"purchasable","16":"product-type-simple"},"yoast_head":"<!-- This site is optimized with the Yoast SEO plugin v27.5 - https:\/\/yoast.com\/product\/yoast-seo-wordpress\/ -->\n<title>Likit Biscuits pour chevaux, 500 g - Minihorse.eu<\/title>\n<meta name=\"description\" content=\"Les snacks Likit de 500 grammes sont de petites friandises en forme de c\u0153ur, aromatis\u00e9es \u00e0 la pomme et \u00e0 la cannelle, \u00e0 donner \u00e0 la main ou \u00e0 remplir dans le Likit Snak-a-Ball. Sans colorants ni ar\u00f4mes artificiels.\" \/>\n<meta name=\"robots\" content=\"index, follow, max-snippet:-1, max-image-preview:large, max-video-preview:-1\" \/>\n<link rel=\"canonical\" href=\"https:\/\/www.minihorse.eu\/fr\/produit\/likit-biscuits-pour-chevaux-500-g\/\" \/>\n<meta property=\"og:locale\" content=\"fr_FR\" \/>\n<meta property=\"og:type\" content=\"article\" \/>\n<meta property=\"og:title\" content=\"Likit Biscuits pour chevaux, 500 g - Minihorse.eu\" \/>\n<meta property=\"og:description\" content=\"Les snacks Likit de 500 grammes sont de petites friandises en forme de c\u0153ur, aromatis\u00e9es \u00e0 la pomme et \u00e0 la cannelle, \u00e0 donner \u00e0 la main ou \u00e0 remplir dans le Likit Snak-a-Ball. Sans colorants ni ar\u00f4mes artificiels.\" \/>\n<meta property=\"og:url\" content=\"https:\/\/www.minihorse.eu\/fr\/produit\/likit-biscuits-pour-chevaux-500-g\/\" \/>\n<meta property=\"og:site_name\" content=\"Minihorse.eu\" \/>\n<meta property=\"article:publisher\" content=\"https:\/\/www.facebook.com\/profile.php?id=100063487117479\" \/>\n<meta property=\"og:image\" content=\"https:\/\/www.minihorse.eu\/wp-content\/uploads\/2025\/05\/Schermafbeelding-2025-06-01-004649.png\" \/>\n\t<meta property=\"og:image:width\" content=\"399\" \/>\n\t<meta property=\"og:image:height\" content=\"570\" \/>\n\t<meta property=\"og:image:type\" content=\"image\/png\" \/>\n<meta name=\"twitter:card\" content=\"summary_large_image\" \/>\n<meta name=\"twitter:label1\" content=\"Dur\u00e9e de lecture estim\u00e9e\" \/>\n\t<meta name=\"twitter:data1\" content=\"1 minute\" \/>\n<script type=\"application\/ld+json\" class=\"yoast-schema-graph\">{\"@context\":\"https:\\\/\\\/schema.org\",\"@graph\":[{\"@type\":\"WebPage\",\"@id\":\"https:\\\/\\\/www.minihorse.eu\\\/fr\\\/produit\\\/likit-biscuits-pour-chevaux-500-g\\\/\",\"url\":\"https:\\\/\\\/www.minihorse.eu\\\/fr\\\/produit\\\/likit-biscuits-pour-chevaux-500-g\\\/\",\"name\":\"Likit Biscuits pour chevaux, 500 g - Minihorse.eu\",\"isPartOf\":{\"@id\":\"https:\\\/\\\/www.minihorse.eu\\\/#website\"},\"primaryImageOfPage\":{\"@id\":\"https:\\\/\\\/www.minihorse.eu\\\/fr\\\/produit\\\/likit-biscuits-pour-chevaux-500-g\\\/#primaryimage\"},\"image\":{\"@id\":\"https:\\\/\\\/www.minihorse.eu\\\/fr\\\/produit\\\/likit-biscuits-pour-chevaux-500-g\\\/#primaryimage\"},\"thumbnailUrl\":\"https:\\\/\\\/www.minihorse.eu\\\/wp-content\\\/uploads\\\/2025\\\/05\\\/Schermafbeelding-2025-06-01-004649.png\",\"datePublished\":\"2025-05-31T22:47:40+00:00\",\"description\":\"Les snacks Likit de 500 grammes sont de petites friandises en forme de c\u0153ur, aromatis\u00e9es \u00e0 la pomme et \u00e0 la cannelle, \u00e0 donner \u00e0 la main ou \u00e0 remplir dans le Likit Snak-a-Ball. Sans colorants ni ar\u00f4mes artificiels.\",\"breadcrumb\":{\"@id\":\"https:\\\/\\\/www.minihorse.eu\\\/fr\\\/produit\\\/likit-biscuits-pour-chevaux-500-g\\\/#breadcrumb\"},\"inLanguage\":\"fr-FR\",\"potentialAction\":[{\"@type\":\"ReadAction\",\"target\":[\"https:\\\/\\\/www.minihorse.eu\\\/fr\\\/produit\\\/likit-biscuits-pour-chevaux-500-g\\\/\"]}]},{\"@type\":\"ImageObject\",\"inLanguage\":\"fr-FR\",\"@id\":\"https:\\\/\\\/www.minihorse.eu\\\/fr\\\/produit\\\/likit-biscuits-pour-chevaux-500-g\\\/#primaryimage\",\"url\":\"https:\\\/\\\/www.minihorse.eu\\\/wp-content\\\/uploads\\\/2025\\\/05\\\/Schermafbeelding-2025-06-01-004649.png\",\"contentUrl\":\"https:\\\/\\\/www.minihorse.eu\\\/wp-content\\\/uploads\\\/2025\\\/05\\\/Schermafbeelding-2025-06-01-004649.png\",\"width\":399,\"height\":570},{\"@type\":\"BreadcrumbList\",\"@id\":\"https:\\\/\\\/www.minihorse.eu\\\/fr\\\/produit\\\/likit-biscuits-pour-chevaux-500-g\\\/#breadcrumb\",\"itemListElement\":[{\"@type\":\"ListItem\",\"position\":1,\"name\":\"Home\",\"item\":\"https:\\\/\\\/www.minihorse.eu\\\/fr\\\/accueil\\\/\"},{\"@type\":\"ListItem\",\"position\":2,\"name\":\"Boutique\",\"item\":\"https:\\\/\\\/www.minihorse.eu\\\/fr\\\/boutique\\\/\"},{\"@type\":\"ListItem\",\"position\":3,\"name\":\"Likit Biscuits pour chevaux, 500 g\"}]},{\"@type\":\"WebSite\",\"@id\":\"https:\\\/\\\/www.minihorse.eu\\\/#website\",\"url\":\"https:\\\/\\\/www.minihorse.eu\\\/\",\"name\":\"Minihorse.eu\",\"description\":\"The #1 store for Miniature Horses\",\"publisher\":{\"@id\":\"https:\\\/\\\/www.minihorse.eu\\\/#organization\"},\"potentialAction\":[{\"@type\":\"SearchAction\",\"target\":{\"@type\":\"EntryPoint\",\"urlTemplate\":\"https:\\\/\\\/www.minihorse.eu\\\/?s={search_term_string}\"},\"query-input\":{\"@type\":\"PropertyValueSpecification\",\"valueRequired\":true,\"valueName\":\"search_term_string\"}}],\"inLanguage\":\"fr-FR\"},{\"@type\":\"Organization\",\"@id\":\"https:\\\/\\\/www.minihorse.eu\\\/#organization\",\"name\":\"Minihorse.eu\",\"url\":\"https:\\\/\\\/www.minihorse.eu\\\/\",\"logo\":{\"@type\":\"ImageObject\",\"inLanguage\":\"fr-FR\",\"@id\":\"https:\\\/\\\/www.minihorse.eu\\\/#\\\/schema\\\/logo\\\/image\\\/\",\"url\":\"https:\\\/\\\/www.minihorse.eu\\\/wp-content\\\/uploads\\\/2024\\\/08\\\/Logo-minihorse-ext.png\",\"contentUrl\":\"https:\\\/\\\/www.minihorse.eu\\\/wp-content\\\/uploads\\\/2024\\\/08\\\/Logo-minihorse-ext.png\",\"width\":500,\"height\":500,\"caption\":\"Minihorse.eu\"},\"image\":{\"@id\":\"https:\\\/\\\/www.minihorse.eu\\\/#\\\/schema\\\/logo\\\/image\\\/\"},\"sameAs\":[\"https:\\\/\\\/www.facebook.com\\\/profile.php?id=100063487117479\"]}]}<\/script>\n<!-- \/ Yoast SEO plugin. -->","yoast_head_json":{"title":"Likit Biscuits pour chevaux, 500 g - Minihorse.eu","description":"Les snacks Likit de 500 grammes sont de petites friandises en forme de c\u0153ur, aromatis\u00e9es \u00e0 la pomme et \u00e0 la cannelle, \u00e0 donner \u00e0 la main ou \u00e0 remplir dans le Likit Snak-a-Ball. Sans colorants ni ar\u00f4mes artificiels.","robots":{"index":"index","follow":"follow","max-snippet":"max-snippet:-1","max-image-preview":"max-image-preview:large","max-video-preview":"max-video-preview:-1"},"canonical":"https:\/\/www.minihorse.eu\/fr\/produit\/likit-biscuits-pour-chevaux-500-g\/","og_locale":"fr_FR","og_type":"article","og_title":"Likit Biscuits pour chevaux, 500 g - Minihorse.eu","og_description":"Les snacks Likit de 500 grammes sont de petites friandises en forme de c\u0153ur, aromatis\u00e9es \u00e0 la pomme et \u00e0 la cannelle, \u00e0 donner \u00e0 la main ou \u00e0 remplir dans le Likit Snak-a-Ball. Sans colorants ni ar\u00f4mes artificiels.","og_url":"https:\/\/www.minihorse.eu\/fr\/produit\/likit-biscuits-pour-chevaux-500-g\/","og_site_name":"Minihorse.eu","article_publisher":"https:\/\/www.facebook.com\/profile.php?id=100063487117479","og_image":[{"width":399,"height":570,"url":"https:\/\/www.minihorse.eu\/wp-content\/uploads\/2025\/05\/Schermafbeelding-2025-06-01-004649.png","type":"image\/png"}],"twitter_card":"summary_large_image","twitter_misc":{"Dur\u00e9e de lecture estim\u00e9e":"1 minute"},"schema":{"@context":"https:\/\/schema.org","@graph":[{"@type":"WebPage","@id":"https:\/\/www.minihorse.eu\/fr\/produit\/likit-biscuits-pour-chevaux-500-g\/","url":"https:\/\/www.minihorse.eu\/fr\/produit\/likit-biscuits-pour-chevaux-500-g\/","name":"Likit Biscuits pour chevaux, 500 g - Minihorse.eu","isPartOf":{"@id":"https:\/\/www.minihorse.eu\/#website"},"primaryImageOfPage":{"@id":"https:\/\/www.minihorse.eu\/fr\/produit\/likit-biscuits-pour-chevaux-500-g\/#primaryimage"},"image":{"@id":"https:\/\/www.minihorse.eu\/fr\/produit\/likit-biscuits-pour-chevaux-500-g\/#primaryimage"},"thumbnailUrl":"https:\/\/www.minihorse.eu\/wp-content\/uploads\/2025\/05\/Schermafbeelding-2025-06-01-004649.png","datePublished":"2025-05-31T22:47:40+00:00","description":"Les snacks Likit de 500 grammes sont de petites friandises en forme de c\u0153ur, aromatis\u00e9es \u00e0 la pomme et \u00e0 la cannelle, \u00e0 donner \u00e0 la main ou \u00e0 remplir dans le Likit Snak-a-Ball. Sans colorants ni ar\u00f4mes artificiels.","breadcrumb":{"@id":"https:\/\/www.minihorse.eu\/fr\/produit\/likit-biscuits-pour-chevaux-500-g\/#breadcrumb"},"inLanguage":"fr-FR","potentialAction":[{"@type":"ReadAction","target":["https:\/\/www.minihorse.eu\/fr\/produit\/likit-biscuits-pour-chevaux-500-g\/"]}]},{"@type":"ImageObject","inLanguage":"fr-FR","@id":"https:\/\/www.minihorse.eu\/fr\/produit\/likit-biscuits-pour-chevaux-500-g\/#primaryimage","url":"https:\/\/www.minihorse.eu\/wp-content\/uploads\/2025\/05\/Schermafbeelding-2025-06-01-004649.png","contentUrl":"https:\/\/www.minihorse.eu\/wp-content\/uploads\/2025\/05\/Schermafbeelding-2025-06-01-004649.png","width":399,"height":570},{"@type":"BreadcrumbList","@id":"https:\/\/www.minihorse.eu\/fr\/produit\/likit-biscuits-pour-chevaux-500-g\/#breadcrumb","itemListElement":[{"@type":"ListItem","position":1,"name":"Home","item":"https:\/\/www.minihorse.eu\/fr\/accueil\/"},{"@type":"ListItem","position":2,"name":"Boutique","item":"https:\/\/www.minihorse.eu\/fr\/boutique\/"},{"@type":"ListItem","position":3,"name":"Likit Biscuits pour chevaux, 500 g"}]},{"@type":"WebSite","@id":"https:\/\/www.minihorse.eu\/#website","url":"https:\/\/www.minihorse.eu\/","name":"Minihorse.eu","description":"The #1 store for Miniature Horses","publisher":{"@id":"https:\/\/www.minihorse.eu\/#organization"},"potentialAction":[{"@type":"SearchAction","target":{"@type":"EntryPoint","urlTemplate":"https:\/\/www.minihorse.eu\/?s={search_term_string}"},"query-input":{"@type":"PropertyValueSpecification","valueRequired":true,"valueName":"search_term_string"}}],"inLanguage":"fr-FR"},{"@type":"Organization","@id":"https:\/\/www.minihorse.eu\/#organization","name":"Minihorse.eu","url":"https:\/\/www.minihorse.eu\/","logo":{"@type":"ImageObject","inLanguage":"fr-FR","@id":"https:\/\/www.minihorse.eu\/#\/schema\/logo\/image\/","url":"https:\/\/www.minihorse.eu\/wp-content\/uploads\/2024\/08\/Logo-minihorse-ext.png","contentUrl":"https:\/\/www.minihorse.eu\/wp-content\/uploads\/2024\/08\/Logo-minihorse-ext.png","width":500,"height":500,"caption":"Minihorse.eu"},"image":{"@id":"https:\/\/www.minihorse.eu\/#\/schema\/logo\/image\/"},"sameAs":["https:\/\/www.facebook.com\/profile.php?id=100063487117479"]}]}},"jetpack_sharing_enabled":true,"_links":{"self":[{"href":"https:\/\/www.minihorse.eu\/fr\/wp-json\/wp\/v2\/product\/10097","targetHints":{"allow":["GET"]}}],"collection":[{"href":"https:\/\/www.minihorse.eu\/fr\/wp-json\/wp\/v2\/product"}],"about":[{"href":"https:\/\/www.minihorse.eu\/fr\/wp-json\/wp\/v2\/types\/product"}],"replies":[{"embeddable":true,"href":"https:\/\/www.minihorse.eu\/fr\/wp-json\/wp\/v2\/comments?post=10097"}],"wp:featuredmedia":[{"embeddable":true,"href":"https:\/\/www.minihorse.eu\/fr\/wp-json\/wp\/v2\/media\/9901"}],"wp:attachment":[{"href":"https:\/\/www.minihorse.eu\/fr\/wp-json\/wp\/v2\/media?parent=10097"}],"wp:term":[{"taxonomy":"product_brand","embeddable":true,"href":"https:\/\/www.minihorse.eu\/fr\/wp-json\/wp\/v2\/product_brand?post=10097"},{"taxonomy":"product_cat","embeddable":true,"href":"https:\/\/www.minihorse.eu\/fr\/wp-json\/wp\/v2\/product_cat?post=10097"},{"taxonomy":"product_tag","embeddable":true,"href":"https:\/\/www.minihorse.eu\/fr\/wp-json\/wp\/v2\/product_tag?post=10097"}],"curies":[{"name":"wp","href":"https:\/\/api.w.org\/{rel}","templated":true}]}}