{"id":10292,"date":"2025-05-26T12:49:11","date_gmt":"2025-05-26T12:49:11","guid":{"rendered":"https:\/\/www.minihorse.eu\/product\/double-k-401-power-rasoir\/"},"modified":"2025-05-26T12:49:11","modified_gmt":"2025-05-26T12:49:11","slug":"double-k-401-power-rasoir","status":"publish","type":"product","link":"https:\/\/www.minihorse.eu\/fr\/produit\/double-k-401-power-rasoir\/","title":{"rendered":"Double K 401 Power Rasoir"},"content":{"rendered":"<p><strong>Ce rasoir professionnel <\/strong>dot\u00e9 d&rsquo;un moteur plus puissant se compose d&rsquo;un bloc moteur et d&rsquo;une pi\u00e8ce \u00e0 main reli\u00e9s par un c\u00e2ble d&rsquo;environ 4,5 m\u00e8tres. Le rasoir Double K coupe facilement les poils \u00e9pais, denses ou sales et fonctionne tr\u00e8s silencieusement. Le syst\u00e8me unique d&rsquo;entra\u00eenement par c\u00e2ble transf\u00e8re l&rsquo;\u00e9nergie du moteur \u00e0 la pi\u00e8ce \u00e0 main. La pi\u00e8ce \u00e0 main reste ainsi froide pendant le rasage. La pi\u00e8ce \u00e0 main ne chauffe pas et est l\u00e9g\u00e8re car il n&rsquo;y a pas de moteur \u00e0 l&rsquo;int\u00e9rieur. Le moteur est facile \u00e0 fixer au mur ou \u00e0 la porte de l&rsquo;\u00e9table. Livr\u00e9 avec ou sans transformateur.       <\/p>\n<p><strong>Moteur puissant:<\/strong> \u00e9quip\u00e9e d&rsquo;un moteur de 1\/12 ch, cette tondeuse d\u00e9livre cinq fois plus de puissance que les tondeuses conventionnelles, garantissant des coupes efficaces m\u00eame avec des poils \u00e9pais, r\u00eaches ou sales.<\/p>\n<p><strong>Contr\u00f4le de la vitesse variable:<\/strong> permet de r\u00e9gler la vitesse de 100 \u00e0 4500 tr\/min. Avec 9 000 mouvements de lame par minute et la plus grande plage de mouvements de sa cat\u00e9gorie.  <\/p>\n<p><strong>Pi\u00e8ce \u00e0 main froide:<\/strong> le syst\u00e8me unique d&rsquo;entra\u00eenement par c\u00e2ble transf\u00e8re la puissance du moteur \u00e0 la pi\u00e8ce \u00e0 main, ce qui permet de garder la pi\u00e8ce \u00e0 main froide et de r\u00e9duire les vibrations, ce qui est b\u00e9n\u00e9fique \u00e0 la fois pour l&rsquo;utilisateur et pour l&rsquo;animal.<\/p>\n<p><strong>Fonctionnement silencieux: <\/strong>le fonctionnement est silencieux, en particulier \u00e0 faible vitesse, ce qui permet d&rsquo;utiliser la tondeuse avec des animaux jeunes ou sensibles. R\u00e9duisez la vitesse de la tondeuse et taillez un chemin de bride ou travaillez autour des oreilles des chevaux dans un silence absolu.  <\/p>\n<p><strong>Compatibilit\u00e9 avec les lames: <\/strong>Convient \u00e0 toutes les lames A5, offrant une grande flexibilit\u00e9 pour le toilettage de diff\u00e9rents types de pelage: <a href=\"https:\/\/www.minihorse.eu\/fr\/categorie-produit\/tondeuse-et-peignes\/peignes\/\">https:\/\/www.minihorse.eu\/fr\/categorie-produit\/tondeuse-et-peignes\/peignes\/<\/a><\/p>\n<p><strong>De longueur de c\u00e2ble: <\/strong>Disponible avec des longueurs de c\u00e2ble de 4,5 m.<\/p>\n<p>&nbsp;<\/p>\n","protected":false},"excerpt":{"rendered":"<p><strong>Ce rasoir professionnel <\/strong>dot\u00e9 d&rsquo;un moteur plus puissant se compose d&rsquo;un bloc moteur et d&rsquo;une pi\u00e8ce \u00e0 main reli\u00e9s par un c\u00e2ble d&rsquo;environ 4,5 m\u00e8tres. Le rasoir Double K coupe facilement les poils \u00e9pais, denses ou sales et fonctionne tr\u00e8s silencieusement. Le syst\u00e8me unique d&rsquo;entra\u00eenement par c\u00e2ble transf\u00e8re l&rsquo;\u00e9nergie du moteur \u00e0 la pi\u00e8ce \u00e0 main. La pi\u00e8ce \u00e0 main reste ainsi froide pendant le rasage. La pi\u00e8ce \u00e0 main ne chauffe pas et est l\u00e9g\u00e8re car il n&rsquo;y a pas de moteur \u00e0 l&rsquo;int\u00e9rieur. Le moteur est facile \u00e0 fixer au mur ou \u00e0 la porte de l&rsquo;\u00e9table. Livr\u00e9 avec ou sans transformateur.<\/p>\n","protected":false},"featured_media":9816,"comment_status":"open","ping_status":"closed","template":"","meta":[],"product_brand":[],"product_cat":[892],"product_tag":[870,1271,1273,1272,1127],"class_list":{"0":"post-10292","1":"product","2":"type-product","3":"status-publish","4":"has-post-thumbnail","6":"product_cat-tondeuse-fr","7":"product_tag-clippeuse","8":"product_tag-double-k-fr","9":"product_tag-rasoir-pour-chevaux","10":"product_tag-rasoir-pour-chevaux-silencieux","11":"product_tag-rasoirs","13":"first","14":"instock","15":"taxable","16":"shipping-taxable","17":"purchasable","18":"product-type-variable"},"yoast_head":"<!-- This site is optimized with the Yoast SEO plugin v27.6 - https:\/\/yoast.com\/product\/yoast-seo-wordpress\/ -->\n<title>Double K 401 Power Rasoir - Minihorse.eu<\/title>\n<meta name=\"description\" content=\"Rasoir pour chevaux puissant et silencieux avec un c\u00e2ble de 4,5 m, pouvant facilement traiter les poils \u00e9pais, dot\u00e9 d&#039;une pi\u00e8ce \u00e0 main l\u00e9g\u00e8re et refroidie avec une vitesse r\u00e9glable.\" \/>\n<meta name=\"robots\" content=\"index, follow, max-snippet:-1, max-image-preview:large, max-video-preview:-1\" \/>\n<link rel=\"canonical\" href=\"https:\/\/www.minihorse.eu\/fr\/produit\/double-k-401-power-rasoir\/\" \/>\n<meta property=\"og:locale\" content=\"fr_FR\" \/>\n<meta property=\"og:type\" content=\"article\" \/>\n<meta property=\"og:title\" content=\"Double K 401 Power Rasoir - Minihorse.eu\" \/>\n<meta property=\"og:description\" content=\"Rasoir pour chevaux puissant et silencieux avec un c\u00e2ble de 4,5 m, pouvant facilement traiter les poils \u00e9pais, dot\u00e9 d&#039;une pi\u00e8ce \u00e0 main l\u00e9g\u00e8re et refroidie avec une vitesse r\u00e9glable.\" \/>\n<meta property=\"og:url\" content=\"https:\/\/www.minihorse.eu\/fr\/produit\/double-k-401-power-rasoir\/\" \/>\n<meta property=\"og:site_name\" content=\"Minihorse.eu\" \/>\n<meta property=\"article:publisher\" content=\"https:\/\/www.facebook.com\/profile.php?id=100063487117479\" \/>\n<meta property=\"og:image\" content=\"https:\/\/www.minihorse.eu\/wp-content\/uploads\/2025\/05\/Double-K-401-Power-Clipper-.jpg\" \/>\n\t<meta property=\"og:image:width\" content=\"450\" \/>\n\t<meta property=\"og:image:height\" content=\"450\" \/>\n\t<meta property=\"og:image:type\" content=\"image\/jpeg\" \/>\n<meta name=\"twitter:card\" content=\"summary_large_image\" \/>\n<meta name=\"twitter:label1\" content=\"Dur\u00e9e de lecture estim\u00e9e\" \/>\n\t<meta name=\"twitter:data1\" content=\"2 minutes\" \/>\n<script type=\"application\/ld+json\" class=\"yoast-schema-graph\">{\"@context\":\"https:\\\/\\\/schema.org\",\"@graph\":[{\"@type\":\"WebPage\",\"@id\":\"https:\\\/\\\/www.minihorse.eu\\\/fr\\\/produit\\\/double-k-401-power-rasoir\\\/\",\"url\":\"https:\\\/\\\/www.minihorse.eu\\\/fr\\\/produit\\\/double-k-401-power-rasoir\\\/\",\"name\":\"Double K 401 Power Rasoir - Minihorse.eu\",\"isPartOf\":{\"@id\":\"https:\\\/\\\/www.minihorse.eu\\\/#website\"},\"primaryImageOfPage\":{\"@id\":\"https:\\\/\\\/www.minihorse.eu\\\/fr\\\/produit\\\/double-k-401-power-rasoir\\\/#primaryimage\"},\"image\":{\"@id\":\"https:\\\/\\\/www.minihorse.eu\\\/fr\\\/produit\\\/double-k-401-power-rasoir\\\/#primaryimage\"},\"thumbnailUrl\":\"https:\\\/\\\/www.minihorse.eu\\\/wp-content\\\/uploads\\\/2025\\\/05\\\/Double-K-401-Power-Clipper-.jpg\",\"datePublished\":\"2025-05-26T12:49:11+00:00\",\"description\":\"Rasoir pour chevaux puissant et silencieux avec un c\u00e2ble de 4,5 m, pouvant facilement traiter les poils \u00e9pais, dot\u00e9 d'une pi\u00e8ce \u00e0 main l\u00e9g\u00e8re et refroidie avec une vitesse r\u00e9glable.\",\"breadcrumb\":{\"@id\":\"https:\\\/\\\/www.minihorse.eu\\\/fr\\\/produit\\\/double-k-401-power-rasoir\\\/#breadcrumb\"},\"inLanguage\":\"fr-FR\",\"potentialAction\":[{\"@type\":\"ReadAction\",\"target\":[\"https:\\\/\\\/www.minihorse.eu\\\/fr\\\/produit\\\/double-k-401-power-rasoir\\\/\"]}]},{\"@type\":\"ImageObject\",\"inLanguage\":\"fr-FR\",\"@id\":\"https:\\\/\\\/www.minihorse.eu\\\/fr\\\/produit\\\/double-k-401-power-rasoir\\\/#primaryimage\",\"url\":\"https:\\\/\\\/www.minihorse.eu\\\/wp-content\\\/uploads\\\/2025\\\/05\\\/Double-K-401-Power-Clipper-.jpg\",\"contentUrl\":\"https:\\\/\\\/www.minihorse.eu\\\/wp-content\\\/uploads\\\/2025\\\/05\\\/Double-K-401-Power-Clipper-.jpg\",\"width\":450,\"height\":450},{\"@type\":\"BreadcrumbList\",\"@id\":\"https:\\\/\\\/www.minihorse.eu\\\/fr\\\/produit\\\/double-k-401-power-rasoir\\\/#breadcrumb\",\"itemListElement\":[{\"@type\":\"ListItem\",\"position\":1,\"name\":\"Home\",\"item\":\"https:\\\/\\\/www.minihorse.eu\\\/fr\\\/accueil\\\/\"},{\"@type\":\"ListItem\",\"position\":2,\"name\":\"Boutique\",\"item\":\"https:\\\/\\\/www.minihorse.eu\\\/fr\\\/boutique\\\/\"},{\"@type\":\"ListItem\",\"position\":3,\"name\":\"Double K 401 Power Rasoir\"}]},{\"@type\":\"WebSite\",\"@id\":\"https:\\\/\\\/www.minihorse.eu\\\/#website\",\"url\":\"https:\\\/\\\/www.minihorse.eu\\\/\",\"name\":\"Minihorse.eu\",\"description\":\"The #1 store for Miniature Horses\",\"publisher\":{\"@id\":\"https:\\\/\\\/www.minihorse.eu\\\/#organization\"},\"potentialAction\":[{\"@type\":\"SearchAction\",\"target\":{\"@type\":\"EntryPoint\",\"urlTemplate\":\"https:\\\/\\\/www.minihorse.eu\\\/?s={search_term_string}\"},\"query-input\":{\"@type\":\"PropertyValueSpecification\",\"valueRequired\":true,\"valueName\":\"search_term_string\"}}],\"inLanguage\":\"fr-FR\"},{\"@type\":\"Organization\",\"@id\":\"https:\\\/\\\/www.minihorse.eu\\\/#organization\",\"name\":\"Minihorse.eu\",\"url\":\"https:\\\/\\\/www.minihorse.eu\\\/\",\"logo\":{\"@type\":\"ImageObject\",\"inLanguage\":\"fr-FR\",\"@id\":\"https:\\\/\\\/www.minihorse.eu\\\/#\\\/schema\\\/logo\\\/image\\\/\",\"url\":\"https:\\\/\\\/www.minihorse.eu\\\/wp-content\\\/uploads\\\/2024\\\/08\\\/Logo-minihorse-ext.png\",\"contentUrl\":\"https:\\\/\\\/www.minihorse.eu\\\/wp-content\\\/uploads\\\/2024\\\/08\\\/Logo-minihorse-ext.png\",\"width\":500,\"height\":500,\"caption\":\"Minihorse.eu\"},\"image\":{\"@id\":\"https:\\\/\\\/www.minihorse.eu\\\/#\\\/schema\\\/logo\\\/image\\\/\"},\"sameAs\":[\"https:\\\/\\\/www.facebook.com\\\/profile.php?id=100063487117479\"]}]}<\/script>\n<!-- \/ Yoast SEO plugin. -->","yoast_head_json":{"title":"Double K 401 Power Rasoir - Minihorse.eu","description":"Rasoir pour chevaux puissant et silencieux avec un c\u00e2ble de 4,5 m, pouvant facilement traiter les poils \u00e9pais, dot\u00e9 d'une pi\u00e8ce \u00e0 main l\u00e9g\u00e8re et refroidie avec une vitesse r\u00e9glable.","robots":{"index":"index","follow":"follow","max-snippet":"max-snippet:-1","max-image-preview":"max-image-preview:large","max-video-preview":"max-video-preview:-1"},"canonical":"https:\/\/www.minihorse.eu\/fr\/produit\/double-k-401-power-rasoir\/","og_locale":"fr_FR","og_type":"article","og_title":"Double K 401 Power Rasoir - Minihorse.eu","og_description":"Rasoir pour chevaux puissant et silencieux avec un c\u00e2ble de 4,5 m, pouvant facilement traiter les poils \u00e9pais, dot\u00e9 d'une pi\u00e8ce \u00e0 main l\u00e9g\u00e8re et refroidie avec une vitesse r\u00e9glable.","og_url":"https:\/\/www.minihorse.eu\/fr\/produit\/double-k-401-power-rasoir\/","og_site_name":"Minihorse.eu","article_publisher":"https:\/\/www.facebook.com\/profile.php?id=100063487117479","og_image":[{"width":450,"height":450,"url":"https:\/\/www.minihorse.eu\/wp-content\/uploads\/2025\/05\/Double-K-401-Power-Clipper-.jpg","type":"image\/jpeg"}],"twitter_card":"summary_large_image","twitter_misc":{"Dur\u00e9e de lecture estim\u00e9e":"2 minutes"},"schema":{"@context":"https:\/\/schema.org","@graph":[{"@type":"WebPage","@id":"https:\/\/www.minihorse.eu\/fr\/produit\/double-k-401-power-rasoir\/","url":"https:\/\/www.minihorse.eu\/fr\/produit\/double-k-401-power-rasoir\/","name":"Double K 401 Power Rasoir - Minihorse.eu","isPartOf":{"@id":"https:\/\/www.minihorse.eu\/#website"},"primaryImageOfPage":{"@id":"https:\/\/www.minihorse.eu\/fr\/produit\/double-k-401-power-rasoir\/#primaryimage"},"image":{"@id":"https:\/\/www.minihorse.eu\/fr\/produit\/double-k-401-power-rasoir\/#primaryimage"},"thumbnailUrl":"https:\/\/www.minihorse.eu\/wp-content\/uploads\/2025\/05\/Double-K-401-Power-Clipper-.jpg","datePublished":"2025-05-26T12:49:11+00:00","description":"Rasoir pour chevaux puissant et silencieux avec un c\u00e2ble de 4,5 m, pouvant facilement traiter les poils \u00e9pais, dot\u00e9 d'une pi\u00e8ce \u00e0 main l\u00e9g\u00e8re et refroidie avec une vitesse r\u00e9glable.","breadcrumb":{"@id":"https:\/\/www.minihorse.eu\/fr\/produit\/double-k-401-power-rasoir\/#breadcrumb"},"inLanguage":"fr-FR","potentialAction":[{"@type":"ReadAction","target":["https:\/\/www.minihorse.eu\/fr\/produit\/double-k-401-power-rasoir\/"]}]},{"@type":"ImageObject","inLanguage":"fr-FR","@id":"https:\/\/www.minihorse.eu\/fr\/produit\/double-k-401-power-rasoir\/#primaryimage","url":"https:\/\/www.minihorse.eu\/wp-content\/uploads\/2025\/05\/Double-K-401-Power-Clipper-.jpg","contentUrl":"https:\/\/www.minihorse.eu\/wp-content\/uploads\/2025\/05\/Double-K-401-Power-Clipper-.jpg","width":450,"height":450},{"@type":"BreadcrumbList","@id":"https:\/\/www.minihorse.eu\/fr\/produit\/double-k-401-power-rasoir\/#breadcrumb","itemListElement":[{"@type":"ListItem","position":1,"name":"Home","item":"https:\/\/www.minihorse.eu\/fr\/accueil\/"},{"@type":"ListItem","position":2,"name":"Boutique","item":"https:\/\/www.minihorse.eu\/fr\/boutique\/"},{"@type":"ListItem","position":3,"name":"Double K 401 Power Rasoir"}]},{"@type":"WebSite","@id":"https:\/\/www.minihorse.eu\/#website","url":"https:\/\/www.minihorse.eu\/","name":"Minihorse.eu","description":"The #1 store for Miniature Horses","publisher":{"@id":"https:\/\/www.minihorse.eu\/#organization"},"potentialAction":[{"@type":"SearchAction","target":{"@type":"EntryPoint","urlTemplate":"https:\/\/www.minihorse.eu\/?s={search_term_string}"},"query-input":{"@type":"PropertyValueSpecification","valueRequired":true,"valueName":"search_term_string"}}],"inLanguage":"fr-FR"},{"@type":"Organization","@id":"https:\/\/www.minihorse.eu\/#organization","name":"Minihorse.eu","url":"https:\/\/www.minihorse.eu\/","logo":{"@type":"ImageObject","inLanguage":"fr-FR","@id":"https:\/\/www.minihorse.eu\/#\/schema\/logo\/image\/","url":"https:\/\/www.minihorse.eu\/wp-content\/uploads\/2024\/08\/Logo-minihorse-ext.png","contentUrl":"https:\/\/www.minihorse.eu\/wp-content\/uploads\/2024\/08\/Logo-minihorse-ext.png","width":500,"height":500,"caption":"Minihorse.eu"},"image":{"@id":"https:\/\/www.minihorse.eu\/#\/schema\/logo\/image\/"},"sameAs":["https:\/\/www.facebook.com\/profile.php?id=100063487117479"]}]}},"jetpack_sharing_enabled":true,"_links":{"self":[{"href":"https:\/\/www.minihorse.eu\/fr\/wp-json\/wp\/v2\/product\/10292","targetHints":{"allow":["GET"]}}],"collection":[{"href":"https:\/\/www.minihorse.eu\/fr\/wp-json\/wp\/v2\/product"}],"about":[{"href":"https:\/\/www.minihorse.eu\/fr\/wp-json\/wp\/v2\/types\/product"}],"replies":[{"embeddable":true,"href":"https:\/\/www.minihorse.eu\/fr\/wp-json\/wp\/v2\/comments?post=10292"}],"wp:featuredmedia":[{"embeddable":true,"href":"https:\/\/www.minihorse.eu\/fr\/wp-json\/wp\/v2\/media\/9816"}],"wp:attachment":[{"href":"https:\/\/www.minihorse.eu\/fr\/wp-json\/wp\/v2\/media?parent=10292"}],"wp:term":[{"taxonomy":"product_brand","embeddable":true,"href":"https:\/\/www.minihorse.eu\/fr\/wp-json\/wp\/v2\/product_brand?post=10292"},{"taxonomy":"product_cat","embeddable":true,"href":"https:\/\/www.minihorse.eu\/fr\/wp-json\/wp\/v2\/product_cat?post=10292"},{"taxonomy":"product_tag","embeddable":true,"href":"https:\/\/www.minihorse.eu\/fr\/wp-json\/wp\/v2\/product_tag?post=10292"}],"curies":[{"name":"wp","href":"https:\/\/api.w.org\/{rel}","templated":true}]}}