{"id":10376,"date":"2025-06-08T08:55:31","date_gmt":"2025-06-08T08:55:31","guid":{"rendered":"https:\/\/www.minihorse.eu\/product\/couverture-de-concours\/"},"modified":"2025-11-14T22:24:05","modified_gmt":"2025-11-14T22:24:05","slug":"couverture-de-concours","status":"publish","type":"product","link":"https:\/\/www.minihorse.eu\/fr\/produit\/couverture-de-concours\/","title":{"rendered":"Couverture de concours"},"content":{"rendered":"<p><strong>Couverture de concours<\/strong> est fabriqu\u00e9e en polyester haute t\u00e9nacit\u00e9 1000D de haute qualit\u00e9 et est dot\u00e9e d&rsquo;une \u00e9l\u00e9gante structure matelass\u00e9e. Donnez \u00e0 votre cheval le confort et le look qu&rsquo;il m\u00e9rite avec notre couverture de concours.<br \/>\nLe col en fausse fourrure soulage la pression sur les \u00e9paules et le garrot, tandis que la coupe anatomique assure une libert\u00e9 de mouvement et un confort maximum. Avec un rembourrage de 300 grammes de polyfilling, la couverture offre une chaleur agr\u00e9able, id\u00e9ale pour une utilisation en tant que couverture de transport ou couverture d&rsquo;\u00e9curie.<br \/>\nLa doublure int\u00e9rieure en fourrure artificielle de lapin est ultra-douce et emp\u00eache les frottements. En outre, ce tissu conf\u00e8re une brillance naturelle \u00e0 la robe de votre cheval, ce qui est parfait pour les moments de spectacle.<br \/>\nPour plus de commodit\u00e9, la couverture est \u00e9quip\u00e9e de sursangles et de sangles de fesses r\u00e9glables et amovibles.<br \/>\n<strong>Remarque: <\/strong>cette couverture n&rsquo;est pas imperm\u00e9able et ne convient donc pas \u00e0 une utilisation par temps humide.<\/p>\n<p>Nous proposons \u00e9galement <strong><a href=\"https:\/\/www.minihorse.eu\/fr\/categorie-produit\/chevaux-miniatures\/couvertures\/couvertures-de-show-en-polaire\/\">des couvertures de concours en polaire.<\/a><\/strong><\/p>\n<p>&nbsp;<\/p>\n","protected":false},"excerpt":{"rendered":"<p><strong>Couverture de concours<\/strong> est fabriqu\u00e9e en polyester haute t\u00e9nacit\u00e9 1000D de haute qualit\u00e9 et est dot\u00e9e d&rsquo;une \u00e9l\u00e9gante structure matelass\u00e9e.<br \/>\nLe col en fausse fourrure soulage la pression sur les \u00e9paules et le garrot, tandis que la coupe anatomique assure une libert\u00e9 de mouvement et un confort maximum. Avec un rembourrage de 300 grammes de polyfilling, la couverture offre une chaleur agr\u00e9able, id\u00e9ale pour une utilisation en tant que couverture de transport ou couverture d&rsquo;\u00e9curie.<br \/>\nLa doublure int\u00e9rieure en fourrure artificielle de lapin est ultra-douce et emp\u00eache les frottements.<br \/>\nPour plus de commodit\u00e9, la couverture est \u00e9quip\u00e9e de sursangles et de sangles de fesses r\u00e9glables et amovibles. <\/p>\n","protected":false},"featured_media":9968,"comment_status":"open","ping_status":"closed","template":"","meta":[],"product_brand":[],"product_cat":[205,194,211],"product_tag":[244,1278,196,865,1277,1547,1265,1320],"class_list":{"0":"post-10376","1":"product","2":"type-product","3":"status-publish","4":"has-post-thumbnail","6":"product_cat-couvertures","7":"product_cat-couvertures-dhiver","8":"product_cat-show-time-fr","9":"product_tag-chevaux-miniatures","10":"product_tag-couverture-avec-collier","11":"product_tag-couverture-dhiver","12":"product_tag-couverture-de-concours","13":"product_tag-couverture-pour-chevaux-miniatures","14":"product_tag-couverture-shetlander-2","15":"product_tag-minihorseshop-fr","16":"product_tag-shetlander-fr","18":"first","19":"instock","20":"taxable","21":"shipping-taxable","22":"purchasable","23":"product-type-variable"},"yoast_head":"<!-- This site is optimized with the Yoast SEO plugin v27.5 - https:\/\/yoast.com\/product\/yoast-seo-wordpress\/ -->\n<title>Couverture de concours - Minihorse.eu<\/title>\n<meta name=\"description\" content=\"Couverture de concours en polyester haute t\u00e9nacit\u00e9 1000D avec doublure en fourrure de lapin douce, rembourrage 300g et col en fausse fourrure. Id\u00e9ale comme couverture d&#039;\u00e9curie ou de transport.\" \/>\n<meta name=\"robots\" content=\"index, follow, max-snippet:-1, max-image-preview:large, max-video-preview:-1\" \/>\n<link rel=\"canonical\" href=\"https:\/\/www.minihorse.eu\/fr\/produit\/couverture-de-concours\/\" \/>\n<meta property=\"og:locale\" content=\"fr_FR\" \/>\n<meta property=\"og:type\" content=\"article\" \/>\n<meta property=\"og:title\" content=\"Couverture de concours - Minihorse.eu\" \/>\n<meta property=\"og:description\" content=\"Couverture de concours en polyester haute t\u00e9nacit\u00e9 1000D avec doublure en fourrure de lapin douce, rembourrage 300g et col en fausse fourrure. Id\u00e9ale comme couverture d&#039;\u00e9curie ou de transport.\" \/>\n<meta property=\"og:url\" content=\"https:\/\/www.minihorse.eu\/fr\/produit\/couverture-de-concours\/\" \/>\n<meta property=\"og:site_name\" content=\"Minihorse.eu\" \/>\n<meta property=\"article:publisher\" content=\"https:\/\/www.facebook.com\/profile.php?id=100063487117479\" \/>\n<meta property=\"article:modified_time\" content=\"2025-11-14T22:24:05+00:00\" \/>\n<meta property=\"og:image\" content=\"https:\/\/www.minihorse.eu\/wp-content\/uploads\/2025\/01\/Show-blanket-pink-2.jpg\" \/>\n\t<meta property=\"og:image:width\" content=\"567\" \/>\n\t<meta property=\"og:image:height\" content=\"567\" \/>\n\t<meta property=\"og:image:type\" content=\"image\/jpeg\" \/>\n<meta name=\"twitter:card\" content=\"summary_large_image\" \/>\n<meta name=\"twitter:label1\" content=\"Dur\u00e9e de lecture estim\u00e9e\" \/>\n\t<meta name=\"twitter:data1\" content=\"1 minute\" \/>\n<script type=\"application\/ld+json\" class=\"yoast-schema-graph\">{\"@context\":\"https:\\\/\\\/schema.org\",\"@graph\":[{\"@type\":\"WebPage\",\"@id\":\"https:\\\/\\\/www.minihorse.eu\\\/fr\\\/produit\\\/couverture-de-concours\\\/\",\"url\":\"https:\\\/\\\/www.minihorse.eu\\\/fr\\\/produit\\\/couverture-de-concours\\\/\",\"name\":\"Couverture de concours - Minihorse.eu\",\"isPartOf\":{\"@id\":\"https:\\\/\\\/www.minihorse.eu\\\/#website\"},\"primaryImageOfPage\":{\"@id\":\"https:\\\/\\\/www.minihorse.eu\\\/fr\\\/produit\\\/couverture-de-concours\\\/#primaryimage\"},\"image\":{\"@id\":\"https:\\\/\\\/www.minihorse.eu\\\/fr\\\/produit\\\/couverture-de-concours\\\/#primaryimage\"},\"thumbnailUrl\":\"https:\\\/\\\/www.minihorse.eu\\\/wp-content\\\/uploads\\\/2025\\\/01\\\/Show-blanket-pink-2.jpg\",\"datePublished\":\"2025-06-08T08:55:31+00:00\",\"dateModified\":\"2025-11-14T22:24:05+00:00\",\"description\":\"Couverture de concours en polyester haute t\u00e9nacit\u00e9 1000D avec doublure en fourrure de lapin douce, rembourrage 300g et col en fausse fourrure. Id\u00e9ale comme couverture d'\u00e9curie ou de transport.\",\"breadcrumb\":{\"@id\":\"https:\\\/\\\/www.minihorse.eu\\\/fr\\\/produit\\\/couverture-de-concours\\\/#breadcrumb\"},\"inLanguage\":\"fr-FR\",\"potentialAction\":[{\"@type\":\"ReadAction\",\"target\":[\"https:\\\/\\\/www.minihorse.eu\\\/fr\\\/produit\\\/couverture-de-concours\\\/\"]}]},{\"@type\":\"ImageObject\",\"inLanguage\":\"fr-FR\",\"@id\":\"https:\\\/\\\/www.minihorse.eu\\\/fr\\\/produit\\\/couverture-de-concours\\\/#primaryimage\",\"url\":\"https:\\\/\\\/www.minihorse.eu\\\/wp-content\\\/uploads\\\/2025\\\/01\\\/Show-blanket-pink-2.jpg\",\"contentUrl\":\"https:\\\/\\\/www.minihorse.eu\\\/wp-content\\\/uploads\\\/2025\\\/01\\\/Show-blanket-pink-2.jpg\",\"width\":567,\"height\":567},{\"@type\":\"BreadcrumbList\",\"@id\":\"https:\\\/\\\/www.minihorse.eu\\\/fr\\\/produit\\\/couverture-de-concours\\\/#breadcrumb\",\"itemListElement\":[{\"@type\":\"ListItem\",\"position\":1,\"name\":\"Home\",\"item\":\"https:\\\/\\\/www.minihorse.eu\\\/fr\\\/accueil\\\/\"},{\"@type\":\"ListItem\",\"position\":2,\"name\":\"Boutique\",\"item\":\"https:\\\/\\\/www.minihorse.eu\\\/fr\\\/boutique\\\/\"},{\"@type\":\"ListItem\",\"position\":3,\"name\":\"Couverture de concours\"}]},{\"@type\":\"WebSite\",\"@id\":\"https:\\\/\\\/www.minihorse.eu\\\/#website\",\"url\":\"https:\\\/\\\/www.minihorse.eu\\\/\",\"name\":\"Minihorse.eu\",\"description\":\"The #1 store for Miniature Horses\",\"publisher\":{\"@id\":\"https:\\\/\\\/www.minihorse.eu\\\/#organization\"},\"potentialAction\":[{\"@type\":\"SearchAction\",\"target\":{\"@type\":\"EntryPoint\",\"urlTemplate\":\"https:\\\/\\\/www.minihorse.eu\\\/?s={search_term_string}\"},\"query-input\":{\"@type\":\"PropertyValueSpecification\",\"valueRequired\":true,\"valueName\":\"search_term_string\"}}],\"inLanguage\":\"fr-FR\"},{\"@type\":\"Organization\",\"@id\":\"https:\\\/\\\/www.minihorse.eu\\\/#organization\",\"name\":\"Minihorse.eu\",\"url\":\"https:\\\/\\\/www.minihorse.eu\\\/\",\"logo\":{\"@type\":\"ImageObject\",\"inLanguage\":\"fr-FR\",\"@id\":\"https:\\\/\\\/www.minihorse.eu\\\/#\\\/schema\\\/logo\\\/image\\\/\",\"url\":\"https:\\\/\\\/www.minihorse.eu\\\/wp-content\\\/uploads\\\/2024\\\/08\\\/Logo-minihorse-ext.png\",\"contentUrl\":\"https:\\\/\\\/www.minihorse.eu\\\/wp-content\\\/uploads\\\/2024\\\/08\\\/Logo-minihorse-ext.png\",\"width\":500,\"height\":500,\"caption\":\"Minihorse.eu\"},\"image\":{\"@id\":\"https:\\\/\\\/www.minihorse.eu\\\/#\\\/schema\\\/logo\\\/image\\\/\"},\"sameAs\":[\"https:\\\/\\\/www.facebook.com\\\/profile.php?id=100063487117479\"]}]}<\/script>\n<!-- \/ Yoast SEO plugin. -->","yoast_head_json":{"title":"Couverture de concours - Minihorse.eu","description":"Couverture de concours en polyester haute t\u00e9nacit\u00e9 1000D avec doublure en fourrure de lapin douce, rembourrage 300g et col en fausse fourrure. Id\u00e9ale comme couverture d'\u00e9curie ou de transport.","robots":{"index":"index","follow":"follow","max-snippet":"max-snippet:-1","max-image-preview":"max-image-preview:large","max-video-preview":"max-video-preview:-1"},"canonical":"https:\/\/www.minihorse.eu\/fr\/produit\/couverture-de-concours\/","og_locale":"fr_FR","og_type":"article","og_title":"Couverture de concours - Minihorse.eu","og_description":"Couverture de concours en polyester haute t\u00e9nacit\u00e9 1000D avec doublure en fourrure de lapin douce, rembourrage 300g et col en fausse fourrure. Id\u00e9ale comme couverture d'\u00e9curie ou de transport.","og_url":"https:\/\/www.minihorse.eu\/fr\/produit\/couverture-de-concours\/","og_site_name":"Minihorse.eu","article_publisher":"https:\/\/www.facebook.com\/profile.php?id=100063487117479","article_modified_time":"2025-11-14T22:24:05+00:00","og_image":[{"width":567,"height":567,"url":"https:\/\/www.minihorse.eu\/wp-content\/uploads\/2025\/01\/Show-blanket-pink-2.jpg","type":"image\/jpeg"}],"twitter_card":"summary_large_image","twitter_misc":{"Dur\u00e9e de lecture estim\u00e9e":"1 minute"},"schema":{"@context":"https:\/\/schema.org","@graph":[{"@type":"WebPage","@id":"https:\/\/www.minihorse.eu\/fr\/produit\/couverture-de-concours\/","url":"https:\/\/www.minihorse.eu\/fr\/produit\/couverture-de-concours\/","name":"Couverture de concours - Minihorse.eu","isPartOf":{"@id":"https:\/\/www.minihorse.eu\/#website"},"primaryImageOfPage":{"@id":"https:\/\/www.minihorse.eu\/fr\/produit\/couverture-de-concours\/#primaryimage"},"image":{"@id":"https:\/\/www.minihorse.eu\/fr\/produit\/couverture-de-concours\/#primaryimage"},"thumbnailUrl":"https:\/\/www.minihorse.eu\/wp-content\/uploads\/2025\/01\/Show-blanket-pink-2.jpg","datePublished":"2025-06-08T08:55:31+00:00","dateModified":"2025-11-14T22:24:05+00:00","description":"Couverture de concours en polyester haute t\u00e9nacit\u00e9 1000D avec doublure en fourrure de lapin douce, rembourrage 300g et col en fausse fourrure. Id\u00e9ale comme couverture d'\u00e9curie ou de transport.","breadcrumb":{"@id":"https:\/\/www.minihorse.eu\/fr\/produit\/couverture-de-concours\/#breadcrumb"},"inLanguage":"fr-FR","potentialAction":[{"@type":"ReadAction","target":["https:\/\/www.minihorse.eu\/fr\/produit\/couverture-de-concours\/"]}]},{"@type":"ImageObject","inLanguage":"fr-FR","@id":"https:\/\/www.minihorse.eu\/fr\/produit\/couverture-de-concours\/#primaryimage","url":"https:\/\/www.minihorse.eu\/wp-content\/uploads\/2025\/01\/Show-blanket-pink-2.jpg","contentUrl":"https:\/\/www.minihorse.eu\/wp-content\/uploads\/2025\/01\/Show-blanket-pink-2.jpg","width":567,"height":567},{"@type":"BreadcrumbList","@id":"https:\/\/www.minihorse.eu\/fr\/produit\/couverture-de-concours\/#breadcrumb","itemListElement":[{"@type":"ListItem","position":1,"name":"Home","item":"https:\/\/www.minihorse.eu\/fr\/accueil\/"},{"@type":"ListItem","position":2,"name":"Boutique","item":"https:\/\/www.minihorse.eu\/fr\/boutique\/"},{"@type":"ListItem","position":3,"name":"Couverture de concours"}]},{"@type":"WebSite","@id":"https:\/\/www.minihorse.eu\/#website","url":"https:\/\/www.minihorse.eu\/","name":"Minihorse.eu","description":"The #1 store for Miniature Horses","publisher":{"@id":"https:\/\/www.minihorse.eu\/#organization"},"potentialAction":[{"@type":"SearchAction","target":{"@type":"EntryPoint","urlTemplate":"https:\/\/www.minihorse.eu\/?s={search_term_string}"},"query-input":{"@type":"PropertyValueSpecification","valueRequired":true,"valueName":"search_term_string"}}],"inLanguage":"fr-FR"},{"@type":"Organization","@id":"https:\/\/www.minihorse.eu\/#organization","name":"Minihorse.eu","url":"https:\/\/www.minihorse.eu\/","logo":{"@type":"ImageObject","inLanguage":"fr-FR","@id":"https:\/\/www.minihorse.eu\/#\/schema\/logo\/image\/","url":"https:\/\/www.minihorse.eu\/wp-content\/uploads\/2024\/08\/Logo-minihorse-ext.png","contentUrl":"https:\/\/www.minihorse.eu\/wp-content\/uploads\/2024\/08\/Logo-minihorse-ext.png","width":500,"height":500,"caption":"Minihorse.eu"},"image":{"@id":"https:\/\/www.minihorse.eu\/#\/schema\/logo\/image\/"},"sameAs":["https:\/\/www.facebook.com\/profile.php?id=100063487117479"]}]}},"jetpack_sharing_enabled":true,"_links":{"self":[{"href":"https:\/\/www.minihorse.eu\/fr\/wp-json\/wp\/v2\/product\/10376","targetHints":{"allow":["GET"]}}],"collection":[{"href":"https:\/\/www.minihorse.eu\/fr\/wp-json\/wp\/v2\/product"}],"about":[{"href":"https:\/\/www.minihorse.eu\/fr\/wp-json\/wp\/v2\/types\/product"}],"replies":[{"embeddable":true,"href":"https:\/\/www.minihorse.eu\/fr\/wp-json\/wp\/v2\/comments?post=10376"}],"wp:featuredmedia":[{"embeddable":true,"href":"https:\/\/www.minihorse.eu\/fr\/wp-json\/wp\/v2\/media\/9968"}],"wp:attachment":[{"href":"https:\/\/www.minihorse.eu\/fr\/wp-json\/wp\/v2\/media?parent=10376"}],"wp:term":[{"taxonomy":"product_brand","embeddable":true,"href":"https:\/\/www.minihorse.eu\/fr\/wp-json\/wp\/v2\/product_brand?post=10376"},{"taxonomy":"product_cat","embeddable":true,"href":"https:\/\/www.minihorse.eu\/fr\/wp-json\/wp\/v2\/product_cat?post=10376"},{"taxonomy":"product_tag","embeddable":true,"href":"https:\/\/www.minihorse.eu\/fr\/wp-json\/wp\/v2\/product_tag?post=10376"}],"curies":[{"name":"wp","href":"https:\/\/api.w.org\/{rel}","templated":true}]}}