{"id":10438,"date":"2025-06-08T21:35:06","date_gmt":"2025-06-08T21:35:06","guid":{"rendered":"https:\/\/www.minihorse.eu\/?post_type=product&#038;p=10438"},"modified":"2025-09-06T16:59:35","modified_gmt":"2025-09-06T16:59:35","slug":"longe-de-licol-fine-souple","status":"publish","type":"product","link":"https:\/\/www.minihorse.eu\/fr\/produit\/longe-de-licol-fine-souple\/","title":{"rendered":"Longe de licol fine et souple"},"content":{"rendered":"<p>Longe de licol fine et souple est une longe soyeuse et flexible, sp\u00e9cialement con\u00e7ue pour les chevaux miniatures. La corde de licol souple tient bien dans la main et \u00e9vite les frottements et les irritations. Malgr\u00e9 sa fine \u00e9paisseur, elle est solide et durable &#8211; parfaite pour un usage quotidien ou les jours de concours. El\u00e9gante, l\u00e9g\u00e8re et facile \u00e0 manipuler, elle est indispensable \u00e0 tous les propri\u00e9taires de chevaux miniatures!<\/p>\n<p>La longe de licou est munie d&rsquo;un crochet mousqueton pour une fixation rapide. Elle mesure 1 cm d&rsquo;\u00e9paisseur et 1,7 m de long.<\/p>\n<p>&nbsp;<\/p>\n","protected":false},"excerpt":{"rendered":"<p>La longe de licol fine et souple est une longe soyeuse et flexible, sp\u00e9cialement con\u00e7ue pour les chevaux miniatures. La corde de licol souple tient bien dans la main et \u00e9vite les frottements et les irritations. La corde de licol est \u00e9quip\u00e9e d&rsquo;un crochet mousqueton pour une fixation rapide. Elle a une \u00e9paisseur de 1 cm et une longueur de 1,7 m.<\/p>\n<p>&nbsp;<\/p>\n","protected":false},"featured_media":10023,"comment_status":"open","ping_status":"closed","template":"","meta":[],"product_brand":[],"product_cat":[416],"product_tag":[833,832,1287],"class_list":{"0":"post-10438","1":"product","2":"type-product","3":"status-publish","4":"has-post-thumbnail","6":"product_cat-cordes-et-longes","7":"product_tag-corde-de-licou-rouge","8":"product_tag-longe-fr","9":"product_tag-longe-de-licol-fine-et-souple","11":"first","12":"instock","13":"taxable","14":"shipping-taxable","15":"purchasable","16":"product-type-variable"},"yoast_head":"<!-- This site is optimized with the Yoast SEO plugin v27.6 - https:\/\/yoast.com\/product\/yoast-seo-wordpress\/ -->\n<title>Longe de licol fine et souple - Minihorse.eu<\/title>\n<meta name=\"description\" content=\"Longe de licol fine et douce comme de la soie pour les chevaux miniatures. Souple et l\u00e9g\u00e8re, avec mousqueton. \u00c9paisseur de 1 cm, longueur de 1,7 m - id\u00e9ale pour l&#039;usage quotidien ou les concours.\" \/>\n<meta name=\"robots\" content=\"index, follow, max-snippet:-1, max-image-preview:large, max-video-preview:-1\" \/>\n<link rel=\"canonical\" href=\"https:\/\/www.minihorse.eu\/fr\/produit\/longe-de-licol-fine-souple\/\" \/>\n<meta property=\"og:locale\" content=\"fr_FR\" \/>\n<meta property=\"og:type\" content=\"article\" \/>\n<meta property=\"og:title\" content=\"Longe de licol fine et souple - Minihorse.eu\" \/>\n<meta property=\"og:description\" content=\"Longe de licol fine et douce comme de la soie pour les chevaux miniatures. Souple et l\u00e9g\u00e8re, avec mousqueton. \u00c9paisseur de 1 cm, longueur de 1,7 m - id\u00e9ale pour l&#039;usage quotidien ou les concours.\" \/>\n<meta property=\"og:url\" content=\"https:\/\/www.minihorse.eu\/fr\/produit\/longe-de-licol-fine-souple\/\" \/>\n<meta property=\"og:site_name\" content=\"Minihorse.eu\" \/>\n<meta property=\"article:publisher\" content=\"https:\/\/www.facebook.com\/profile.php?id=100063487117479\" \/>\n<meta property=\"article:modified_time\" content=\"2025-09-06T16:59:35+00:00\" \/>\n<meta property=\"og:image\" content=\"https:\/\/www.minihorse.eu\/wp-content\/uploads\/2025\/06\/Halterlead-soft-thin-light-blue.jpg\" \/>\n\t<meta property=\"og:image:width\" content=\"567\" \/>\n\t<meta property=\"og:image:height\" content=\"567\" \/>\n\t<meta property=\"og:image:type\" content=\"image\/jpeg\" \/>\n<meta name=\"twitter:card\" content=\"summary_large_image\" \/>\n<meta name=\"twitter:label1\" content=\"Dur\u00e9e de lecture estim\u00e9e\" \/>\n\t<meta name=\"twitter:data1\" content=\"1 minute\" \/>\n<script type=\"application\/ld+json\" class=\"yoast-schema-graph\">{\"@context\":\"https:\\\/\\\/schema.org\",\"@graph\":[{\"@type\":\"WebPage\",\"@id\":\"https:\\\/\\\/www.minihorse.eu\\\/fr\\\/produit\\\/longe-de-licol-fine-souple\\\/\",\"url\":\"https:\\\/\\\/www.minihorse.eu\\\/fr\\\/produit\\\/longe-de-licol-fine-souple\\\/\",\"name\":\"Longe de licol fine et souple - Minihorse.eu\",\"isPartOf\":{\"@id\":\"https:\\\/\\\/www.minihorse.eu\\\/#website\"},\"primaryImageOfPage\":{\"@id\":\"https:\\\/\\\/www.minihorse.eu\\\/fr\\\/produit\\\/longe-de-licol-fine-souple\\\/#primaryimage\"},\"image\":{\"@id\":\"https:\\\/\\\/www.minihorse.eu\\\/fr\\\/produit\\\/longe-de-licol-fine-souple\\\/#primaryimage\"},\"thumbnailUrl\":\"https:\\\/\\\/www.minihorse.eu\\\/wp-content\\\/uploads\\\/2025\\\/06\\\/Halterlead-soft-thin-light-blue.jpg\",\"datePublished\":\"2025-06-08T21:35:06+00:00\",\"dateModified\":\"2025-09-06T16:59:35+00:00\",\"description\":\"Longe de licol fine et douce comme de la soie pour les chevaux miniatures. Souple et l\u00e9g\u00e8re, avec mousqueton. \u00c9paisseur de 1 cm, longueur de 1,7 m - id\u00e9ale pour l'usage quotidien ou les concours.\",\"breadcrumb\":{\"@id\":\"https:\\\/\\\/www.minihorse.eu\\\/fr\\\/produit\\\/longe-de-licol-fine-souple\\\/#breadcrumb\"},\"inLanguage\":\"fr-FR\",\"potentialAction\":[{\"@type\":\"ReadAction\",\"target\":[\"https:\\\/\\\/www.minihorse.eu\\\/fr\\\/produit\\\/longe-de-licol-fine-souple\\\/\"]}]},{\"@type\":\"ImageObject\",\"inLanguage\":\"fr-FR\",\"@id\":\"https:\\\/\\\/www.minihorse.eu\\\/fr\\\/produit\\\/longe-de-licol-fine-souple\\\/#primaryimage\",\"url\":\"https:\\\/\\\/www.minihorse.eu\\\/wp-content\\\/uploads\\\/2025\\\/06\\\/Halterlead-soft-thin-light-blue.jpg\",\"contentUrl\":\"https:\\\/\\\/www.minihorse.eu\\\/wp-content\\\/uploads\\\/2025\\\/06\\\/Halterlead-soft-thin-light-blue.jpg\",\"width\":567,\"height\":567},{\"@type\":\"BreadcrumbList\",\"@id\":\"https:\\\/\\\/www.minihorse.eu\\\/fr\\\/produit\\\/longe-de-licol-fine-souple\\\/#breadcrumb\",\"itemListElement\":[{\"@type\":\"ListItem\",\"position\":1,\"name\":\"Home\",\"item\":\"https:\\\/\\\/www.minihorse.eu\\\/fr\\\/accueil\\\/\"},{\"@type\":\"ListItem\",\"position\":2,\"name\":\"Boutique\",\"item\":\"https:\\\/\\\/www.minihorse.eu\\\/fr\\\/boutique\\\/\"},{\"@type\":\"ListItem\",\"position\":3,\"name\":\"Longe de licol fine et souple\"}]},{\"@type\":\"WebSite\",\"@id\":\"https:\\\/\\\/www.minihorse.eu\\\/#website\",\"url\":\"https:\\\/\\\/www.minihorse.eu\\\/\",\"name\":\"Minihorse.eu\",\"description\":\"The #1 store for Miniature Horses\",\"publisher\":{\"@id\":\"https:\\\/\\\/www.minihorse.eu\\\/#organization\"},\"potentialAction\":[{\"@type\":\"SearchAction\",\"target\":{\"@type\":\"EntryPoint\",\"urlTemplate\":\"https:\\\/\\\/www.minihorse.eu\\\/?s={search_term_string}\"},\"query-input\":{\"@type\":\"PropertyValueSpecification\",\"valueRequired\":true,\"valueName\":\"search_term_string\"}}],\"inLanguage\":\"fr-FR\"},{\"@type\":\"Organization\",\"@id\":\"https:\\\/\\\/www.minihorse.eu\\\/#organization\",\"name\":\"Minihorse.eu\",\"url\":\"https:\\\/\\\/www.minihorse.eu\\\/\",\"logo\":{\"@type\":\"ImageObject\",\"inLanguage\":\"fr-FR\",\"@id\":\"https:\\\/\\\/www.minihorse.eu\\\/#\\\/schema\\\/logo\\\/image\\\/\",\"url\":\"https:\\\/\\\/www.minihorse.eu\\\/wp-content\\\/uploads\\\/2024\\\/08\\\/Logo-minihorse-ext.png\",\"contentUrl\":\"https:\\\/\\\/www.minihorse.eu\\\/wp-content\\\/uploads\\\/2024\\\/08\\\/Logo-minihorse-ext.png\",\"width\":500,\"height\":500,\"caption\":\"Minihorse.eu\"},\"image\":{\"@id\":\"https:\\\/\\\/www.minihorse.eu\\\/#\\\/schema\\\/logo\\\/image\\\/\"},\"sameAs\":[\"https:\\\/\\\/www.facebook.com\\\/profile.php?id=100063487117479\"]}]}<\/script>\n<!-- \/ Yoast SEO plugin. -->","yoast_head_json":{"title":"Longe de licol fine et souple - Minihorse.eu","description":"Longe de licol fine et douce comme de la soie pour les chevaux miniatures. Souple et l\u00e9g\u00e8re, avec mousqueton. \u00c9paisseur de 1 cm, longueur de 1,7 m - id\u00e9ale pour l'usage quotidien ou les concours.","robots":{"index":"index","follow":"follow","max-snippet":"max-snippet:-1","max-image-preview":"max-image-preview:large","max-video-preview":"max-video-preview:-1"},"canonical":"https:\/\/www.minihorse.eu\/fr\/produit\/longe-de-licol-fine-souple\/","og_locale":"fr_FR","og_type":"article","og_title":"Longe de licol fine et souple - Minihorse.eu","og_description":"Longe de licol fine et douce comme de la soie pour les chevaux miniatures. Souple et l\u00e9g\u00e8re, avec mousqueton. \u00c9paisseur de 1 cm, longueur de 1,7 m - id\u00e9ale pour l'usage quotidien ou les concours.","og_url":"https:\/\/www.minihorse.eu\/fr\/produit\/longe-de-licol-fine-souple\/","og_site_name":"Minihorse.eu","article_publisher":"https:\/\/www.facebook.com\/profile.php?id=100063487117479","article_modified_time":"2025-09-06T16:59:35+00:00","og_image":[{"width":567,"height":567,"url":"https:\/\/www.minihorse.eu\/wp-content\/uploads\/2025\/06\/Halterlead-soft-thin-light-blue.jpg","type":"image\/jpeg"}],"twitter_card":"summary_large_image","twitter_misc":{"Dur\u00e9e de lecture estim\u00e9e":"1 minute"},"schema":{"@context":"https:\/\/schema.org","@graph":[{"@type":"WebPage","@id":"https:\/\/www.minihorse.eu\/fr\/produit\/longe-de-licol-fine-souple\/","url":"https:\/\/www.minihorse.eu\/fr\/produit\/longe-de-licol-fine-souple\/","name":"Longe de licol fine et souple - Minihorse.eu","isPartOf":{"@id":"https:\/\/www.minihorse.eu\/#website"},"primaryImageOfPage":{"@id":"https:\/\/www.minihorse.eu\/fr\/produit\/longe-de-licol-fine-souple\/#primaryimage"},"image":{"@id":"https:\/\/www.minihorse.eu\/fr\/produit\/longe-de-licol-fine-souple\/#primaryimage"},"thumbnailUrl":"https:\/\/www.minihorse.eu\/wp-content\/uploads\/2025\/06\/Halterlead-soft-thin-light-blue.jpg","datePublished":"2025-06-08T21:35:06+00:00","dateModified":"2025-09-06T16:59:35+00:00","description":"Longe de licol fine et douce comme de la soie pour les chevaux miniatures. Souple et l\u00e9g\u00e8re, avec mousqueton. \u00c9paisseur de 1 cm, longueur de 1,7 m - id\u00e9ale pour l'usage quotidien ou les concours.","breadcrumb":{"@id":"https:\/\/www.minihorse.eu\/fr\/produit\/longe-de-licol-fine-souple\/#breadcrumb"},"inLanguage":"fr-FR","potentialAction":[{"@type":"ReadAction","target":["https:\/\/www.minihorse.eu\/fr\/produit\/longe-de-licol-fine-souple\/"]}]},{"@type":"ImageObject","inLanguage":"fr-FR","@id":"https:\/\/www.minihorse.eu\/fr\/produit\/longe-de-licol-fine-souple\/#primaryimage","url":"https:\/\/www.minihorse.eu\/wp-content\/uploads\/2025\/06\/Halterlead-soft-thin-light-blue.jpg","contentUrl":"https:\/\/www.minihorse.eu\/wp-content\/uploads\/2025\/06\/Halterlead-soft-thin-light-blue.jpg","width":567,"height":567},{"@type":"BreadcrumbList","@id":"https:\/\/www.minihorse.eu\/fr\/produit\/longe-de-licol-fine-souple\/#breadcrumb","itemListElement":[{"@type":"ListItem","position":1,"name":"Home","item":"https:\/\/www.minihorse.eu\/fr\/accueil\/"},{"@type":"ListItem","position":2,"name":"Boutique","item":"https:\/\/www.minihorse.eu\/fr\/boutique\/"},{"@type":"ListItem","position":3,"name":"Longe de licol fine et souple"}]},{"@type":"WebSite","@id":"https:\/\/www.minihorse.eu\/#website","url":"https:\/\/www.minihorse.eu\/","name":"Minihorse.eu","description":"The #1 store for Miniature Horses","publisher":{"@id":"https:\/\/www.minihorse.eu\/#organization"},"potentialAction":[{"@type":"SearchAction","target":{"@type":"EntryPoint","urlTemplate":"https:\/\/www.minihorse.eu\/?s={search_term_string}"},"query-input":{"@type":"PropertyValueSpecification","valueRequired":true,"valueName":"search_term_string"}}],"inLanguage":"fr-FR"},{"@type":"Organization","@id":"https:\/\/www.minihorse.eu\/#organization","name":"Minihorse.eu","url":"https:\/\/www.minihorse.eu\/","logo":{"@type":"ImageObject","inLanguage":"fr-FR","@id":"https:\/\/www.minihorse.eu\/#\/schema\/logo\/image\/","url":"https:\/\/www.minihorse.eu\/wp-content\/uploads\/2024\/08\/Logo-minihorse-ext.png","contentUrl":"https:\/\/www.minihorse.eu\/wp-content\/uploads\/2024\/08\/Logo-minihorse-ext.png","width":500,"height":500,"caption":"Minihorse.eu"},"image":{"@id":"https:\/\/www.minihorse.eu\/#\/schema\/logo\/image\/"},"sameAs":["https:\/\/www.facebook.com\/profile.php?id=100063487117479"]}]}},"jetpack_sharing_enabled":true,"_links":{"self":[{"href":"https:\/\/www.minihorse.eu\/fr\/wp-json\/wp\/v2\/product\/10438","targetHints":{"allow":["GET"]}}],"collection":[{"href":"https:\/\/www.minihorse.eu\/fr\/wp-json\/wp\/v2\/product"}],"about":[{"href":"https:\/\/www.minihorse.eu\/fr\/wp-json\/wp\/v2\/types\/product"}],"replies":[{"embeddable":true,"href":"https:\/\/www.minihorse.eu\/fr\/wp-json\/wp\/v2\/comments?post=10438"}],"wp:featuredmedia":[{"embeddable":true,"href":"https:\/\/www.minihorse.eu\/fr\/wp-json\/wp\/v2\/media\/10023"}],"wp:attachment":[{"href":"https:\/\/www.minihorse.eu\/fr\/wp-json\/wp\/v2\/media?parent=10438"}],"wp:term":[{"taxonomy":"product_brand","embeddable":true,"href":"https:\/\/www.minihorse.eu\/fr\/wp-json\/wp\/v2\/product_brand?post=10438"},{"taxonomy":"product_cat","embeddable":true,"href":"https:\/\/www.minihorse.eu\/fr\/wp-json\/wp\/v2\/product_cat?post=10438"},{"taxonomy":"product_tag","embeddable":true,"href":"https:\/\/www.minihorse.eu\/fr\/wp-json\/wp\/v2\/product_tag?post=10438"}],"curies":[{"name":"wp","href":"https:\/\/api.w.org\/{rel}","templated":true}]}}