{"id":10607,"date":"2025-06-15T12:21:39","date_gmt":"2025-06-15T12:21:39","guid":{"rendered":"https:\/\/www.minihorse.eu\/?post_type=product&#038;p=10607"},"modified":"2025-11-26T19:35:56","modified_gmt":"2025-11-26T19:35:56","slug":"couverture-dhiver-300-grammes-avec-cou-detachable-copy","status":"publish","type":"product","link":"https:\/\/www.minihorse.eu\/fr\/produit\/couverture-dhiver-300-grammes-avec-cou-detachable-copy\/","title":{"rendered":"Couverture d&rsquo;\u00e9curie col r\u00e9glable 300 grammes"},"content":{"rendered":"<p>Assurez-vous que votre cheval miniature reste bien au chaud cet hiver gr\u00e2ce \u00e0 notre <strong>couverture pour \u00e9curie \u00e0 col r\u00e9glable<\/strong>, con\u00e7ue pour une protection optimale par temps froid. Avec un<strong> rembourrage de 300 grammes<\/strong>, cette couverture offre une isolation sup\u00e9rieure, gardant votre cheval bien au chaud m\u00eame dans les conditions les plus difficiles. Le <strong>couvre-nuque amovible<\/strong> offre une couverture flexible, vous permettant de vous adapter aux conditions m\u00e9t\u00e9orologiques changeantes.  <\/p>\n<p><strong>Caract\u00e9ristiques principales :<\/strong><\/p>\n<ul>\n<li><strong>Garniture de 300 g<\/strong> pour une chaleur exceptionnelle par grand froid.<\/li>\n<li><strong>Couvre-nuque d\u00e9tachable<\/strong> pour une couverture personnalis\u00e9e et une polyvalence accrue.<\/li>\n<li><strong>Tissu ripstop 600D durable<\/strong> qui prot\u00e8ge du vent et du froid, pas compl\u00e8tement imperm\u00e9able.<\/li>\n<li><strong>Fermeture de poitrine s\u00e9curis\u00e9e<\/strong> avec boucles et velcro pour un ajustement facile.<\/li>\n<li><strong>Sangle crois\u00e9e et protection de la queue<\/strong> pour maintenir la couverture en place, m\u00eame pendant les mouvements actifs.<\/li>\n<\/ul>\n<p>Con\u00e7ue pour le confort et la durabilit\u00e9, cette couverture avec son collier amovible est la solution parfaite pour garder votre cheval miniature au chaud, au sec et \u00e0 l&rsquo;aise tout au long de l&rsquo;hiver.<\/p>\n","protected":false},"excerpt":{"rendered":"<p>Gardez votre cheval miniature bien au chaud par grand froid gr\u00e2ce \u00e0 notre <strong>couverture pour \u00e9curie avec cou amovible. Avec un rembourrage de 300 g<\/strong>, un <strong>couvre-cou amovible<\/strong> et un <strong>tissu 600D durable<\/strong>, cette couverture garantit un maximum de chaleur et de souplesse dans toutes les conditions m\u00e9t\u00e9orologiques. Id\u00e9ale pour une protection hivernale optimale ! <\/p>\n","protected":false},"featured_media":9992,"comment_status":"open","ping_status":"closed","template":"","meta":[],"product_brand":[],"product_cat":[194],"product_tag":[1302,196,1303,439,1265,195],"class_list":{"0":"post-10607","1":"product","2":"type-product","3":"status-publish","4":"has-post-thumbnail","6":"product_cat-couvertures-dhiver","7":"product_tag-couverture-cheval-miniature","8":"product_tag-couverture-dhiver","9":"product_tag-couverture-shetlander","10":"product_tag-hiver","11":"product_tag-minihorseshop-fr","12":"product_tag-tapis-fr","14":"first","15":"instock","16":"taxable","17":"shipping-taxable","18":"purchasable","19":"product-type-variable"},"yoast_head":"<!-- This site is optimized with the Yoast SEO plugin v27.5 - https:\/\/yoast.com\/product\/yoast-seo-wordpress\/ -->\n<title>Couverture d&#039;\u00e9curie col r\u00e9glable 300 grammes - Minihorse.eu<\/title>\n<meta name=\"robots\" content=\"index, follow, max-snippet:-1, max-image-preview:large, max-video-preview:-1\" \/>\n<link rel=\"canonical\" href=\"https:\/\/www.minihorse.eu\/fr\/produit\/couverture-dhiver-300-grammes-avec-cou-detachable-copy\/\" \/>\n<meta property=\"og:locale\" content=\"fr_FR\" \/>\n<meta property=\"og:type\" content=\"article\" \/>\n<meta property=\"og:title\" content=\"Couverture d&#039;\u00e9curie col r\u00e9glable 300 grammes - Minihorse.eu\" \/>\n<meta property=\"og:description\" content=\"Gardez votre cheval miniature bien au chaud par grand froid gr\u00e2ce \u00e0 notre couverture pour \u00e9curie avec cou amovible. Avec un rembourrage de 300 g, un couvre-cou amovible et un tissu 600D durable, cette couverture garantit un maximum de chaleur et de souplesse dans toutes les conditions m\u00e9t\u00e9orologiques. Id\u00e9ale pour une protection hivernale optimale !\" \/>\n<meta property=\"og:url\" content=\"https:\/\/www.minihorse.eu\/fr\/produit\/couverture-dhiver-300-grammes-avec-cou-detachable-copy\/\" \/>\n<meta property=\"og:site_name\" content=\"Minihorse.eu\" \/>\n<meta property=\"article:publisher\" content=\"https:\/\/www.facebook.com\/profile.php?id=100063487117479\" \/>\n<meta property=\"article:modified_time\" content=\"2025-11-26T19:35:56+00:00\" \/>\n<meta property=\"og:image\" content=\"https:\/\/www.minihorse.eu\/wp-content\/uploads\/2025\/01\/Winter-blanket-adjustable-neck-300-gr-dino-print.jpg\" \/>\n\t<meta property=\"og:image:width\" content=\"567\" \/>\n\t<meta property=\"og:image:height\" content=\"567\" \/>\n\t<meta property=\"og:image:type\" content=\"image\/jpeg\" \/>\n<meta name=\"twitter:card\" content=\"summary_large_image\" \/>\n<meta name=\"twitter:label1\" content=\"Dur\u00e9e de lecture estim\u00e9e\" \/>\n\t<meta name=\"twitter:data1\" content=\"1 minute\" \/>\n<script type=\"application\/ld+json\" class=\"yoast-schema-graph\">{\"@context\":\"https:\\\/\\\/schema.org\",\"@graph\":[{\"@type\":\"WebPage\",\"@id\":\"https:\\\/\\\/www.minihorse.eu\\\/fr\\\/produit\\\/couverture-dhiver-300-grammes-avec-cou-detachable-copy\\\/\",\"url\":\"https:\\\/\\\/www.minihorse.eu\\\/fr\\\/produit\\\/couverture-dhiver-300-grammes-avec-cou-detachable-copy\\\/\",\"name\":\"Couverture d'\u00e9curie col r\u00e9glable 300 grammes - Minihorse.eu\",\"isPartOf\":{\"@id\":\"https:\\\/\\\/www.minihorse.eu\\\/#website\"},\"primaryImageOfPage\":{\"@id\":\"https:\\\/\\\/www.minihorse.eu\\\/fr\\\/produit\\\/couverture-dhiver-300-grammes-avec-cou-detachable-copy\\\/#primaryimage\"},\"image\":{\"@id\":\"https:\\\/\\\/www.minihorse.eu\\\/fr\\\/produit\\\/couverture-dhiver-300-grammes-avec-cou-detachable-copy\\\/#primaryimage\"},\"thumbnailUrl\":\"https:\\\/\\\/www.minihorse.eu\\\/wp-content\\\/uploads\\\/2025\\\/01\\\/Winter-blanket-adjustable-neck-300-gr-dino-print.jpg\",\"datePublished\":\"2025-06-15T12:21:39+00:00\",\"dateModified\":\"2025-11-26T19:35:56+00:00\",\"breadcrumb\":{\"@id\":\"https:\\\/\\\/www.minihorse.eu\\\/fr\\\/produit\\\/couverture-dhiver-300-grammes-avec-cou-detachable-copy\\\/#breadcrumb\"},\"inLanguage\":\"fr-FR\",\"potentialAction\":[{\"@type\":\"ReadAction\",\"target\":[\"https:\\\/\\\/www.minihorse.eu\\\/fr\\\/produit\\\/couverture-dhiver-300-grammes-avec-cou-detachable-copy\\\/\"]}]},{\"@type\":\"ImageObject\",\"inLanguage\":\"fr-FR\",\"@id\":\"https:\\\/\\\/www.minihorse.eu\\\/fr\\\/produit\\\/couverture-dhiver-300-grammes-avec-cou-detachable-copy\\\/#primaryimage\",\"url\":\"https:\\\/\\\/www.minihorse.eu\\\/wp-content\\\/uploads\\\/2025\\\/01\\\/Winter-blanket-adjustable-neck-300-gr-dino-print.jpg\",\"contentUrl\":\"https:\\\/\\\/www.minihorse.eu\\\/wp-content\\\/uploads\\\/2025\\\/01\\\/Winter-blanket-adjustable-neck-300-gr-dino-print.jpg\",\"width\":567,\"height\":567},{\"@type\":\"BreadcrumbList\",\"@id\":\"https:\\\/\\\/www.minihorse.eu\\\/fr\\\/produit\\\/couverture-dhiver-300-grammes-avec-cou-detachable-copy\\\/#breadcrumb\",\"itemListElement\":[{\"@type\":\"ListItem\",\"position\":1,\"name\":\"Home\",\"item\":\"https:\\\/\\\/www.minihorse.eu\\\/fr\\\/accueil\\\/\"},{\"@type\":\"ListItem\",\"position\":2,\"name\":\"Boutique\",\"item\":\"https:\\\/\\\/www.minihorse.eu\\\/fr\\\/boutique\\\/\"},{\"@type\":\"ListItem\",\"position\":3,\"name\":\"Couverture d&rsquo;\u00e9curie col r\u00e9glable 300 grammes\"}]},{\"@type\":\"WebSite\",\"@id\":\"https:\\\/\\\/www.minihorse.eu\\\/#website\",\"url\":\"https:\\\/\\\/www.minihorse.eu\\\/\",\"name\":\"Minihorse.eu\",\"description\":\"The #1 store for Miniature Horses\",\"publisher\":{\"@id\":\"https:\\\/\\\/www.minihorse.eu\\\/#organization\"},\"potentialAction\":[{\"@type\":\"SearchAction\",\"target\":{\"@type\":\"EntryPoint\",\"urlTemplate\":\"https:\\\/\\\/www.minihorse.eu\\\/?s={search_term_string}\"},\"query-input\":{\"@type\":\"PropertyValueSpecification\",\"valueRequired\":true,\"valueName\":\"search_term_string\"}}],\"inLanguage\":\"fr-FR\"},{\"@type\":\"Organization\",\"@id\":\"https:\\\/\\\/www.minihorse.eu\\\/#organization\",\"name\":\"Minihorse.eu\",\"url\":\"https:\\\/\\\/www.minihorse.eu\\\/\",\"logo\":{\"@type\":\"ImageObject\",\"inLanguage\":\"fr-FR\",\"@id\":\"https:\\\/\\\/www.minihorse.eu\\\/#\\\/schema\\\/logo\\\/image\\\/\",\"url\":\"https:\\\/\\\/www.minihorse.eu\\\/wp-content\\\/uploads\\\/2024\\\/08\\\/Logo-minihorse-ext.png\",\"contentUrl\":\"https:\\\/\\\/www.minihorse.eu\\\/wp-content\\\/uploads\\\/2024\\\/08\\\/Logo-minihorse-ext.png\",\"width\":500,\"height\":500,\"caption\":\"Minihorse.eu\"},\"image\":{\"@id\":\"https:\\\/\\\/www.minihorse.eu\\\/#\\\/schema\\\/logo\\\/image\\\/\"},\"sameAs\":[\"https:\\\/\\\/www.facebook.com\\\/profile.php?id=100063487117479\"]}]}<\/script>\n<!-- \/ Yoast SEO plugin. -->","yoast_head_json":{"title":"Couverture d'\u00e9curie col r\u00e9glable 300 grammes - Minihorse.eu","robots":{"index":"index","follow":"follow","max-snippet":"max-snippet:-1","max-image-preview":"max-image-preview:large","max-video-preview":"max-video-preview:-1"},"canonical":"https:\/\/www.minihorse.eu\/fr\/produit\/couverture-dhiver-300-grammes-avec-cou-detachable-copy\/","og_locale":"fr_FR","og_type":"article","og_title":"Couverture d'\u00e9curie col r\u00e9glable 300 grammes - Minihorse.eu","og_description":"Gardez votre cheval miniature bien au chaud par grand froid gr\u00e2ce \u00e0 notre couverture pour \u00e9curie avec cou amovible. Avec un rembourrage de 300 g, un couvre-cou amovible et un tissu 600D durable, cette couverture garantit un maximum de chaleur et de souplesse dans toutes les conditions m\u00e9t\u00e9orologiques. Id\u00e9ale pour une protection hivernale optimale !","og_url":"https:\/\/www.minihorse.eu\/fr\/produit\/couverture-dhiver-300-grammes-avec-cou-detachable-copy\/","og_site_name":"Minihorse.eu","article_publisher":"https:\/\/www.facebook.com\/profile.php?id=100063487117479","article_modified_time":"2025-11-26T19:35:56+00:00","og_image":[{"width":567,"height":567,"url":"https:\/\/www.minihorse.eu\/wp-content\/uploads\/2025\/01\/Winter-blanket-adjustable-neck-300-gr-dino-print.jpg","type":"image\/jpeg"}],"twitter_card":"summary_large_image","twitter_misc":{"Dur\u00e9e de lecture estim\u00e9e":"1 minute"},"schema":{"@context":"https:\/\/schema.org","@graph":[{"@type":"WebPage","@id":"https:\/\/www.minihorse.eu\/fr\/produit\/couverture-dhiver-300-grammes-avec-cou-detachable-copy\/","url":"https:\/\/www.minihorse.eu\/fr\/produit\/couverture-dhiver-300-grammes-avec-cou-detachable-copy\/","name":"Couverture d'\u00e9curie col r\u00e9glable 300 grammes - Minihorse.eu","isPartOf":{"@id":"https:\/\/www.minihorse.eu\/#website"},"primaryImageOfPage":{"@id":"https:\/\/www.minihorse.eu\/fr\/produit\/couverture-dhiver-300-grammes-avec-cou-detachable-copy\/#primaryimage"},"image":{"@id":"https:\/\/www.minihorse.eu\/fr\/produit\/couverture-dhiver-300-grammes-avec-cou-detachable-copy\/#primaryimage"},"thumbnailUrl":"https:\/\/www.minihorse.eu\/wp-content\/uploads\/2025\/01\/Winter-blanket-adjustable-neck-300-gr-dino-print.jpg","datePublished":"2025-06-15T12:21:39+00:00","dateModified":"2025-11-26T19:35:56+00:00","breadcrumb":{"@id":"https:\/\/www.minihorse.eu\/fr\/produit\/couverture-dhiver-300-grammes-avec-cou-detachable-copy\/#breadcrumb"},"inLanguage":"fr-FR","potentialAction":[{"@type":"ReadAction","target":["https:\/\/www.minihorse.eu\/fr\/produit\/couverture-dhiver-300-grammes-avec-cou-detachable-copy\/"]}]},{"@type":"ImageObject","inLanguage":"fr-FR","@id":"https:\/\/www.minihorse.eu\/fr\/produit\/couverture-dhiver-300-grammes-avec-cou-detachable-copy\/#primaryimage","url":"https:\/\/www.minihorse.eu\/wp-content\/uploads\/2025\/01\/Winter-blanket-adjustable-neck-300-gr-dino-print.jpg","contentUrl":"https:\/\/www.minihorse.eu\/wp-content\/uploads\/2025\/01\/Winter-blanket-adjustable-neck-300-gr-dino-print.jpg","width":567,"height":567},{"@type":"BreadcrumbList","@id":"https:\/\/www.minihorse.eu\/fr\/produit\/couverture-dhiver-300-grammes-avec-cou-detachable-copy\/#breadcrumb","itemListElement":[{"@type":"ListItem","position":1,"name":"Home","item":"https:\/\/www.minihorse.eu\/fr\/accueil\/"},{"@type":"ListItem","position":2,"name":"Boutique","item":"https:\/\/www.minihorse.eu\/fr\/boutique\/"},{"@type":"ListItem","position":3,"name":"Couverture d&rsquo;\u00e9curie col r\u00e9glable 300 grammes"}]},{"@type":"WebSite","@id":"https:\/\/www.minihorse.eu\/#website","url":"https:\/\/www.minihorse.eu\/","name":"Minihorse.eu","description":"The #1 store for Miniature Horses","publisher":{"@id":"https:\/\/www.minihorse.eu\/#organization"},"potentialAction":[{"@type":"SearchAction","target":{"@type":"EntryPoint","urlTemplate":"https:\/\/www.minihorse.eu\/?s={search_term_string}"},"query-input":{"@type":"PropertyValueSpecification","valueRequired":true,"valueName":"search_term_string"}}],"inLanguage":"fr-FR"},{"@type":"Organization","@id":"https:\/\/www.minihorse.eu\/#organization","name":"Minihorse.eu","url":"https:\/\/www.minihorse.eu\/","logo":{"@type":"ImageObject","inLanguage":"fr-FR","@id":"https:\/\/www.minihorse.eu\/#\/schema\/logo\/image\/","url":"https:\/\/www.minihorse.eu\/wp-content\/uploads\/2024\/08\/Logo-minihorse-ext.png","contentUrl":"https:\/\/www.minihorse.eu\/wp-content\/uploads\/2024\/08\/Logo-minihorse-ext.png","width":500,"height":500,"caption":"Minihorse.eu"},"image":{"@id":"https:\/\/www.minihorse.eu\/#\/schema\/logo\/image\/"},"sameAs":["https:\/\/www.facebook.com\/profile.php?id=100063487117479"]}]}},"jetpack_sharing_enabled":true,"_links":{"self":[{"href":"https:\/\/www.minihorse.eu\/fr\/wp-json\/wp\/v2\/product\/10607","targetHints":{"allow":["GET"]}}],"collection":[{"href":"https:\/\/www.minihorse.eu\/fr\/wp-json\/wp\/v2\/product"}],"about":[{"href":"https:\/\/www.minihorse.eu\/fr\/wp-json\/wp\/v2\/types\/product"}],"replies":[{"embeddable":true,"href":"https:\/\/www.minihorse.eu\/fr\/wp-json\/wp\/v2\/comments?post=10607"}],"wp:featuredmedia":[{"embeddable":true,"href":"https:\/\/www.minihorse.eu\/fr\/wp-json\/wp\/v2\/media\/9992"}],"wp:attachment":[{"href":"https:\/\/www.minihorse.eu\/fr\/wp-json\/wp\/v2\/media?parent=10607"}],"wp:term":[{"taxonomy":"product_brand","embeddable":true,"href":"https:\/\/www.minihorse.eu\/fr\/wp-json\/wp\/v2\/product_brand?post=10607"},{"taxonomy":"product_cat","embeddable":true,"href":"https:\/\/www.minihorse.eu\/fr\/wp-json\/wp\/v2\/product_cat?post=10607"},{"taxonomy":"product_tag","embeddable":true,"href":"https:\/\/www.minihorse.eu\/fr\/wp-json\/wp\/v2\/product_tag?post=10607"}],"curies":[{"name":"wp","href":"https:\/\/api.w.org\/{rel}","templated":true}]}}