{"id":10891,"date":"2025-06-16T12:27:06","date_gmt":"2025-06-16T12:27:06","guid":{"rendered":"https:\/\/www.minihorse.eu\/product\/licol-western-pour-cheval-miniature\/"},"modified":"2025-06-16T12:27:06","modified_gmt":"2025-06-16T12:27:06","slug":"licol-western-pour-cheval-miniature","status":"publish","type":"product","link":"https:\/\/www.minihorse.eu\/fr\/produit\/licol-western-pour-cheval-miniature\/","title":{"rendered":"Licol Western pour cheval miniature"},"content":{"rendered":"<p>Le licol <strong>western <\/strong>pour cheval miniature est un licol \u00e9l\u00e9gant en cuir de qualit\u00e9, d\u00e9cor\u00e9 d&rsquo;argent grav\u00e9 sur la muserolle, les brides et la t\u00eati\u00e8re. Le licol western est livr\u00e9 avec une ligne de cuir assortie et un mousqueton argent\u00e9. <\/p>\n<ul>\n<li><strong>Embellissement:<\/strong> Richement d\u00e9cor\u00e9 d&rsquo;argent grav\u00e9, de conchos et de d\u00e9tails fins sur la muserolle, les joues et la coiffe.<\/li>\n<li><strong>Taille<\/strong>: Sp\u00e9cialement adapt\u00e9e aux t\u00eates petites et raffin\u00e9es des chevaux miniatures &#8211; taille Medium (yearling) et Large (adulte).<\/li>\n<li><strong>Ajustement: <\/strong>R\u00e9glable au niveau du nez et de la t\u00eate pour un confort optimal.<\/li>\n<li><strong>Couleur<\/strong>: brun, noir.<\/li>\n<\/ul>\n","protected":false},"excerpt":{"rendered":"<p>Licol western pour chevaux miniatures. Fabriqu\u00e9 en cuir de qualit\u00e9, d\u00e9cor\u00e9 avec de l&rsquo;argent grav\u00e9 sur la muserolle, les sous-bretelles et la t\u00eati\u00e8re. R\u00e9glable pour un confort optimal. Disponible en 2 tailles : Medium (yearling) et Large (adulte) en noir et marron.   <\/p>\n","protected":false},"featured_media":10825,"comment_status":"open","ping_status":"closed","template":"","meta":[],"product_brand":[],"product_cat":[297,418,243,211],"product_tag":[1311],"class_list":{"0":"post-10891","1":"product","2":"type-product","3":"status-publish","4":"has-post-thumbnail","6":"product_cat-licols","7":"product_cat-licols-de-show","8":"product_cat-licols-en-cuir","9":"product_cat-show-time-fr","10":"product_tag-licol-western-pour-cheval-miniature","12":"first","13":"instock","14":"taxable","15":"shipping-taxable","16":"purchasable","17":"product-type-variable"},"yoast_head":"<!-- This site is optimized with the Yoast SEO plugin v27.4 - https:\/\/yoast.com\/product\/yoast-seo-wordpress\/ -->\n<title>Licol Western pour cheval miniature - Minihorse.eu<\/title>\n<meta name=\"description\" content=\"Licol western pour chevaux miniatures. Fabriqu\u00e9 en cuir de qualit\u00e9, il est d\u00e9cor\u00e9 avec de l&#039;argent grav\u00e9 sur la muserolle, les sous-bretelles et la t\u00eati\u00e8re.\" \/>\n<meta name=\"robots\" content=\"index, follow, max-snippet:-1, max-image-preview:large, max-video-preview:-1\" \/>\n<link rel=\"canonical\" href=\"https:\/\/www.minihorse.eu\/fr\/produit\/licol-western-pour-cheval-miniature\/\" \/>\n<meta property=\"og:locale\" content=\"fr_FR\" \/>\n<meta property=\"og:type\" content=\"article\" \/>\n<meta property=\"og:title\" content=\"Licol Western pour cheval miniature - Minihorse.eu\" \/>\n<meta property=\"og:description\" content=\"Licol western pour chevaux miniatures. Fabriqu\u00e9 en cuir de qualit\u00e9, il est d\u00e9cor\u00e9 avec de l&#039;argent grav\u00e9 sur la muserolle, les sous-bretelles et la t\u00eati\u00e8re.\" \/>\n<meta property=\"og:url\" content=\"https:\/\/www.minihorse.eu\/fr\/produit\/licol-western-pour-cheval-miniature\/\" \/>\n<meta property=\"og:site_name\" content=\"Minihorse.eu\" \/>\n<meta property=\"article:publisher\" content=\"https:\/\/www.facebook.com\/profile.php?id=100063487117479\" \/>\n<meta property=\"og:image\" content=\"https:\/\/www.minihorse.eu\/wp-content\/uploads\/2025\/06\/Western-show-halter.jpg\" \/>\n\t<meta property=\"og:image:width\" content=\"200\" \/>\n\t<meta property=\"og:image:height\" content=\"267\" \/>\n\t<meta property=\"og:image:type\" content=\"image\/jpeg\" \/>\n<meta name=\"twitter:card\" content=\"summary_large_image\" \/>\n<meta name=\"twitter:label1\" content=\"Dur\u00e9e de lecture estim\u00e9e\" \/>\n\t<meta name=\"twitter:data1\" content=\"1 minute\" \/>\n<script type=\"application\/ld+json\" class=\"yoast-schema-graph\">{\"@context\":\"https:\\\/\\\/schema.org\",\"@graph\":[{\"@type\":\"WebPage\",\"@id\":\"https:\\\/\\\/www.minihorse.eu\\\/fr\\\/produit\\\/licol-western-pour-cheval-miniature\\\/\",\"url\":\"https:\\\/\\\/www.minihorse.eu\\\/fr\\\/produit\\\/licol-western-pour-cheval-miniature\\\/\",\"name\":\"Licol Western pour cheval miniature - Minihorse.eu\",\"isPartOf\":{\"@id\":\"https:\\\/\\\/www.minihorse.eu\\\/#website\"},\"primaryImageOfPage\":{\"@id\":\"https:\\\/\\\/www.minihorse.eu\\\/fr\\\/produit\\\/licol-western-pour-cheval-miniature\\\/#primaryimage\"},\"image\":{\"@id\":\"https:\\\/\\\/www.minihorse.eu\\\/fr\\\/produit\\\/licol-western-pour-cheval-miniature\\\/#primaryimage\"},\"thumbnailUrl\":\"https:\\\/\\\/www.minihorse.eu\\\/wp-content\\\/uploads\\\/2025\\\/06\\\/Western-show-halter.jpg\",\"datePublished\":\"2025-06-16T12:27:06+00:00\",\"description\":\"Licol western pour chevaux miniatures. Fabriqu\u00e9 en cuir de qualit\u00e9, il est d\u00e9cor\u00e9 avec de l'argent grav\u00e9 sur la muserolle, les sous-bretelles et la t\u00eati\u00e8re.\",\"breadcrumb\":{\"@id\":\"https:\\\/\\\/www.minihorse.eu\\\/fr\\\/produit\\\/licol-western-pour-cheval-miniature\\\/#breadcrumb\"},\"inLanguage\":\"fr-FR\",\"potentialAction\":[{\"@type\":\"ReadAction\",\"target\":[\"https:\\\/\\\/www.minihorse.eu\\\/fr\\\/produit\\\/licol-western-pour-cheval-miniature\\\/\"]}]},{\"@type\":\"ImageObject\",\"inLanguage\":\"fr-FR\",\"@id\":\"https:\\\/\\\/www.minihorse.eu\\\/fr\\\/produit\\\/licol-western-pour-cheval-miniature\\\/#primaryimage\",\"url\":\"https:\\\/\\\/www.minihorse.eu\\\/wp-content\\\/uploads\\\/2025\\\/06\\\/Western-show-halter.jpg\",\"contentUrl\":\"https:\\\/\\\/www.minihorse.eu\\\/wp-content\\\/uploads\\\/2025\\\/06\\\/Western-show-halter.jpg\",\"width\":200,\"height\":267},{\"@type\":\"BreadcrumbList\",\"@id\":\"https:\\\/\\\/www.minihorse.eu\\\/fr\\\/produit\\\/licol-western-pour-cheval-miniature\\\/#breadcrumb\",\"itemListElement\":[{\"@type\":\"ListItem\",\"position\":1,\"name\":\"Home\",\"item\":\"https:\\\/\\\/www.minihorse.eu\\\/fr\\\/accueil\\\/\"},{\"@type\":\"ListItem\",\"position\":2,\"name\":\"Boutique\",\"item\":\"https:\\\/\\\/www.minihorse.eu\\\/fr\\\/boutique\\\/\"},{\"@type\":\"ListItem\",\"position\":3,\"name\":\"Licol Western pour cheval miniature\"}]},{\"@type\":\"WebSite\",\"@id\":\"https:\\\/\\\/www.minihorse.eu\\\/#website\",\"url\":\"https:\\\/\\\/www.minihorse.eu\\\/\",\"name\":\"Minihorse.eu\",\"description\":\"The #1 store for Miniature Horses\",\"publisher\":{\"@id\":\"https:\\\/\\\/www.minihorse.eu\\\/#organization\"},\"potentialAction\":[{\"@type\":\"SearchAction\",\"target\":{\"@type\":\"EntryPoint\",\"urlTemplate\":\"https:\\\/\\\/www.minihorse.eu\\\/?s={search_term_string}\"},\"query-input\":{\"@type\":\"PropertyValueSpecification\",\"valueRequired\":true,\"valueName\":\"search_term_string\"}}],\"inLanguage\":\"fr-FR\"},{\"@type\":\"Organization\",\"@id\":\"https:\\\/\\\/www.minihorse.eu\\\/#organization\",\"name\":\"Minihorse.eu\",\"url\":\"https:\\\/\\\/www.minihorse.eu\\\/\",\"logo\":{\"@type\":\"ImageObject\",\"inLanguage\":\"fr-FR\",\"@id\":\"https:\\\/\\\/www.minihorse.eu\\\/#\\\/schema\\\/logo\\\/image\\\/\",\"url\":\"https:\\\/\\\/www.minihorse.eu\\\/wp-content\\\/uploads\\\/2024\\\/08\\\/Logo-minihorse-ext.png\",\"contentUrl\":\"https:\\\/\\\/www.minihorse.eu\\\/wp-content\\\/uploads\\\/2024\\\/08\\\/Logo-minihorse-ext.png\",\"width\":500,\"height\":500,\"caption\":\"Minihorse.eu\"},\"image\":{\"@id\":\"https:\\\/\\\/www.minihorse.eu\\\/#\\\/schema\\\/logo\\\/image\\\/\"},\"sameAs\":[\"https:\\\/\\\/www.facebook.com\\\/profile.php?id=100063487117479\"]}]}<\/script>\n<!-- \/ Yoast SEO plugin. -->","yoast_head_json":{"title":"Licol Western pour cheval miniature - Minihorse.eu","description":"Licol western pour chevaux miniatures. Fabriqu\u00e9 en cuir de qualit\u00e9, il est d\u00e9cor\u00e9 avec de l'argent grav\u00e9 sur la muserolle, les sous-bretelles et la t\u00eati\u00e8re.","robots":{"index":"index","follow":"follow","max-snippet":"max-snippet:-1","max-image-preview":"max-image-preview:large","max-video-preview":"max-video-preview:-1"},"canonical":"https:\/\/www.minihorse.eu\/fr\/produit\/licol-western-pour-cheval-miniature\/","og_locale":"fr_FR","og_type":"article","og_title":"Licol Western pour cheval miniature - Minihorse.eu","og_description":"Licol western pour chevaux miniatures. Fabriqu\u00e9 en cuir de qualit\u00e9, il est d\u00e9cor\u00e9 avec de l'argent grav\u00e9 sur la muserolle, les sous-bretelles et la t\u00eati\u00e8re.","og_url":"https:\/\/www.minihorse.eu\/fr\/produit\/licol-western-pour-cheval-miniature\/","og_site_name":"Minihorse.eu","article_publisher":"https:\/\/www.facebook.com\/profile.php?id=100063487117479","og_image":[{"width":200,"height":267,"url":"https:\/\/www.minihorse.eu\/wp-content\/uploads\/2025\/06\/Western-show-halter.jpg","type":"image\/jpeg"}],"twitter_card":"summary_large_image","twitter_misc":{"Dur\u00e9e de lecture estim\u00e9e":"1 minute"},"schema":{"@context":"https:\/\/schema.org","@graph":[{"@type":"WebPage","@id":"https:\/\/www.minihorse.eu\/fr\/produit\/licol-western-pour-cheval-miniature\/","url":"https:\/\/www.minihorse.eu\/fr\/produit\/licol-western-pour-cheval-miniature\/","name":"Licol Western pour cheval miniature - Minihorse.eu","isPartOf":{"@id":"https:\/\/www.minihorse.eu\/#website"},"primaryImageOfPage":{"@id":"https:\/\/www.minihorse.eu\/fr\/produit\/licol-western-pour-cheval-miniature\/#primaryimage"},"image":{"@id":"https:\/\/www.minihorse.eu\/fr\/produit\/licol-western-pour-cheval-miniature\/#primaryimage"},"thumbnailUrl":"https:\/\/www.minihorse.eu\/wp-content\/uploads\/2025\/06\/Western-show-halter.jpg","datePublished":"2025-06-16T12:27:06+00:00","description":"Licol western pour chevaux miniatures. Fabriqu\u00e9 en cuir de qualit\u00e9, il est d\u00e9cor\u00e9 avec de l'argent grav\u00e9 sur la muserolle, les sous-bretelles et la t\u00eati\u00e8re.","breadcrumb":{"@id":"https:\/\/www.minihorse.eu\/fr\/produit\/licol-western-pour-cheval-miniature\/#breadcrumb"},"inLanguage":"fr-FR","potentialAction":[{"@type":"ReadAction","target":["https:\/\/www.minihorse.eu\/fr\/produit\/licol-western-pour-cheval-miniature\/"]}]},{"@type":"ImageObject","inLanguage":"fr-FR","@id":"https:\/\/www.minihorse.eu\/fr\/produit\/licol-western-pour-cheval-miniature\/#primaryimage","url":"https:\/\/www.minihorse.eu\/wp-content\/uploads\/2025\/06\/Western-show-halter.jpg","contentUrl":"https:\/\/www.minihorse.eu\/wp-content\/uploads\/2025\/06\/Western-show-halter.jpg","width":200,"height":267},{"@type":"BreadcrumbList","@id":"https:\/\/www.minihorse.eu\/fr\/produit\/licol-western-pour-cheval-miniature\/#breadcrumb","itemListElement":[{"@type":"ListItem","position":1,"name":"Home","item":"https:\/\/www.minihorse.eu\/fr\/accueil\/"},{"@type":"ListItem","position":2,"name":"Boutique","item":"https:\/\/www.minihorse.eu\/fr\/boutique\/"},{"@type":"ListItem","position":3,"name":"Licol Western pour cheval miniature"}]},{"@type":"WebSite","@id":"https:\/\/www.minihorse.eu\/#website","url":"https:\/\/www.minihorse.eu\/","name":"Minihorse.eu","description":"The #1 store for Miniature Horses","publisher":{"@id":"https:\/\/www.minihorse.eu\/#organization"},"potentialAction":[{"@type":"SearchAction","target":{"@type":"EntryPoint","urlTemplate":"https:\/\/www.minihorse.eu\/?s={search_term_string}"},"query-input":{"@type":"PropertyValueSpecification","valueRequired":true,"valueName":"search_term_string"}}],"inLanguage":"fr-FR"},{"@type":"Organization","@id":"https:\/\/www.minihorse.eu\/#organization","name":"Minihorse.eu","url":"https:\/\/www.minihorse.eu\/","logo":{"@type":"ImageObject","inLanguage":"fr-FR","@id":"https:\/\/www.minihorse.eu\/#\/schema\/logo\/image\/","url":"https:\/\/www.minihorse.eu\/wp-content\/uploads\/2024\/08\/Logo-minihorse-ext.png","contentUrl":"https:\/\/www.minihorse.eu\/wp-content\/uploads\/2024\/08\/Logo-minihorse-ext.png","width":500,"height":500,"caption":"Minihorse.eu"},"image":{"@id":"https:\/\/www.minihorse.eu\/#\/schema\/logo\/image\/"},"sameAs":["https:\/\/www.facebook.com\/profile.php?id=100063487117479"]}]}},"jetpack_sharing_enabled":true,"_links":{"self":[{"href":"https:\/\/www.minihorse.eu\/fr\/wp-json\/wp\/v2\/product\/10891","targetHints":{"allow":["GET"]}}],"collection":[{"href":"https:\/\/www.minihorse.eu\/fr\/wp-json\/wp\/v2\/product"}],"about":[{"href":"https:\/\/www.minihorse.eu\/fr\/wp-json\/wp\/v2\/types\/product"}],"replies":[{"embeddable":true,"href":"https:\/\/www.minihorse.eu\/fr\/wp-json\/wp\/v2\/comments?post=10891"}],"wp:featuredmedia":[{"embeddable":true,"href":"https:\/\/www.minihorse.eu\/fr\/wp-json\/wp\/v2\/media\/10825"}],"wp:attachment":[{"href":"https:\/\/www.minihorse.eu\/fr\/wp-json\/wp\/v2\/media?parent=10891"}],"wp:term":[{"taxonomy":"product_brand","embeddable":true,"href":"https:\/\/www.minihorse.eu\/fr\/wp-json\/wp\/v2\/product_brand?post=10891"},{"taxonomy":"product_cat","embeddable":true,"href":"https:\/\/www.minihorse.eu\/fr\/wp-json\/wp\/v2\/product_cat?post=10891"},{"taxonomy":"product_tag","embeddable":true,"href":"https:\/\/www.minihorse.eu\/fr\/wp-json\/wp\/v2\/product_tag?post=10891"}],"curies":[{"name":"wp","href":"https:\/\/api.w.org\/{rel}","templated":true}]}}