{"id":10952,"date":"2025-07-07T09:46:27","date_gmt":"2025-07-07T09:46:27","guid":{"rendered":"https:\/\/www.minihorse.eu\/product\/bandes-dentrainement-en-biothane\/"},"modified":"2025-07-07T09:46:27","modified_gmt":"2025-07-07T09:46:27","slug":"bandes-dentrainement-en-biothane","status":"publish","type":"product","link":"https:\/\/www.minihorse.eu\/fr\/produit\/bandes-dentrainement-en-biothane\/","title":{"rendered":"Bandes d&rsquo;entra\u00eenement en biothane"},"content":{"rendered":"<p>Bandes d&rsquo;entra\u00eenement en biothane pour l&rsquo;entra\u00eenement contr\u00f4l\u00e9 des chevaux miniatures. Couleur noire. Circonf\u00e9rence min 16 cm, max 26 cm. Jeu de 2 pi\u00e8ces.   <\/p>\n","protected":false},"excerpt":{"rendered":"<p>Bandes d&rsquo;entra\u00eenement en biothane pour l&rsquo;entra\u00eenement contr\u00f4l\u00e9 des chevaux miniatures. Couleur noire. Circonf\u00e9rence min 16 cm, max 26 cm. Jeu de 2 pi\u00e8ces.   <\/p>\n","protected":false},"featured_media":10947,"comment_status":"open","ping_status":"closed","template":"","meta":[],"product_brand":[],"product_cat":[422,349],"product_tag":[1348,1099,1349,1351,1350],"class_list":{"0":"post-10952","1":"product","2":"type-product","3":"status-publish","4":"has-post-thumbnail","6":"product_cat-longer-et-entrainement","7":"product_cat-longues-renes-entrainement","8":"product_tag-bandes-dentrainement-en-biothane","9":"product_tag-cheval-miniature","10":"product_tag-entrainement-des-chevaux-miniatures","11":"product_tag-longe-fr-2","12":"product_tag-travail-de-fond","14":"first","15":"instock","16":"taxable","17":"shipping-taxable","18":"purchasable","19":"product-type-simple"},"yoast_head":"<!-- This site is optimized with the Yoast SEO plugin v27.5 - https:\/\/yoast.com\/product\/yoast-seo-wordpress\/ -->\n<title>Bandes d&#039;entra\u00eenement en biothane - Minihorse.eu<\/title>\n<meta name=\"description\" content=\"Bandes d&#039;entra\u00eenement en biothane pour l&#039;entra\u00eenement contr\u00f4l\u00e9 des chevaux miniatures. Couleur noire. Circonf\u00e9rence min 16 cm, max 26 cm.\" \/>\n<meta name=\"robots\" content=\"index, follow, max-snippet:-1, max-image-preview:large, max-video-preview:-1\" \/>\n<link rel=\"canonical\" href=\"https:\/\/www.minihorse.eu\/fr\/produit\/bandes-dentrainement-en-biothane\/\" \/>\n<meta property=\"og:locale\" content=\"fr_FR\" \/>\n<meta property=\"og:type\" content=\"article\" \/>\n<meta property=\"og:title\" content=\"Bandes d&#039;entra\u00eenement en biothane - Minihorse.eu\" \/>\n<meta property=\"og:description\" content=\"Bandes d&#039;entra\u00eenement en biothane pour l&#039;entra\u00eenement contr\u00f4l\u00e9 des chevaux miniatures. Couleur noire. Circonf\u00e9rence min 16 cm, max 26 cm.\" \/>\n<meta property=\"og:url\" content=\"https:\/\/www.minihorse.eu\/fr\/produit\/bandes-dentrainement-en-biothane\/\" \/>\n<meta property=\"og:site_name\" content=\"Minihorse.eu\" \/>\n<meta property=\"article:publisher\" content=\"https:\/\/www.facebook.com\/profile.php?id=100063487117479\" \/>\n<meta property=\"og:image\" content=\"https:\/\/www.minihorse.eu\/wp-content\/uploads\/2025\/07\/SDC18573.jpg\" \/>\n\t<meta property=\"og:image:width\" content=\"400\" \/>\n\t<meta property=\"og:image:height\" content=\"300\" \/>\n\t<meta property=\"og:image:type\" content=\"image\/jpeg\" \/>\n<meta name=\"twitter:card\" content=\"summary_large_image\" \/>\n<script type=\"application\/ld+json\" class=\"yoast-schema-graph\">{\"@context\":\"https:\\\/\\\/schema.org\",\"@graph\":[{\"@type\":\"WebPage\",\"@id\":\"https:\\\/\\\/www.minihorse.eu\\\/fr\\\/produit\\\/bandes-dentrainement-en-biothane\\\/\",\"url\":\"https:\\\/\\\/www.minihorse.eu\\\/fr\\\/produit\\\/bandes-dentrainement-en-biothane\\\/\",\"name\":\"Bandes d'entra\u00eenement en biothane - Minihorse.eu\",\"isPartOf\":{\"@id\":\"https:\\\/\\\/www.minihorse.eu\\\/#website\"},\"primaryImageOfPage\":{\"@id\":\"https:\\\/\\\/www.minihorse.eu\\\/fr\\\/produit\\\/bandes-dentrainement-en-biothane\\\/#primaryimage\"},\"image\":{\"@id\":\"https:\\\/\\\/www.minihorse.eu\\\/fr\\\/produit\\\/bandes-dentrainement-en-biothane\\\/#primaryimage\"},\"thumbnailUrl\":\"https:\\\/\\\/www.minihorse.eu\\\/wp-content\\\/uploads\\\/2025\\\/07\\\/SDC18573.jpg\",\"datePublished\":\"2025-07-07T09:46:27+00:00\",\"description\":\"Bandes d'entra\u00eenement en biothane pour l'entra\u00eenement contr\u00f4l\u00e9 des chevaux miniatures. Couleur noire. Circonf\u00e9rence min 16 cm, max 26 cm.\",\"breadcrumb\":{\"@id\":\"https:\\\/\\\/www.minihorse.eu\\\/fr\\\/produit\\\/bandes-dentrainement-en-biothane\\\/#breadcrumb\"},\"inLanguage\":\"fr-FR\",\"potentialAction\":[{\"@type\":\"ReadAction\",\"target\":[\"https:\\\/\\\/www.minihorse.eu\\\/fr\\\/produit\\\/bandes-dentrainement-en-biothane\\\/\"]}]},{\"@type\":\"ImageObject\",\"inLanguage\":\"fr-FR\",\"@id\":\"https:\\\/\\\/www.minihorse.eu\\\/fr\\\/produit\\\/bandes-dentrainement-en-biothane\\\/#primaryimage\",\"url\":\"https:\\\/\\\/www.minihorse.eu\\\/wp-content\\\/uploads\\\/2025\\\/07\\\/SDC18573.jpg\",\"contentUrl\":\"https:\\\/\\\/www.minihorse.eu\\\/wp-content\\\/uploads\\\/2025\\\/07\\\/SDC18573.jpg\",\"width\":400,\"height\":300},{\"@type\":\"BreadcrumbList\",\"@id\":\"https:\\\/\\\/www.minihorse.eu\\\/fr\\\/produit\\\/bandes-dentrainement-en-biothane\\\/#breadcrumb\",\"itemListElement\":[{\"@type\":\"ListItem\",\"position\":1,\"name\":\"Home\",\"item\":\"https:\\\/\\\/www.minihorse.eu\\\/fr\\\/accueil\\\/\"},{\"@type\":\"ListItem\",\"position\":2,\"name\":\"Boutique\",\"item\":\"https:\\\/\\\/www.minihorse.eu\\\/fr\\\/boutique\\\/\"},{\"@type\":\"ListItem\",\"position\":3,\"name\":\"Bandes d&rsquo;entra\u00eenement en biothane\"}]},{\"@type\":\"WebSite\",\"@id\":\"https:\\\/\\\/www.minihorse.eu\\\/#website\",\"url\":\"https:\\\/\\\/www.minihorse.eu\\\/\",\"name\":\"Minihorse.eu\",\"description\":\"The #1 store for Miniature Horses\",\"publisher\":{\"@id\":\"https:\\\/\\\/www.minihorse.eu\\\/#organization\"},\"potentialAction\":[{\"@type\":\"SearchAction\",\"target\":{\"@type\":\"EntryPoint\",\"urlTemplate\":\"https:\\\/\\\/www.minihorse.eu\\\/?s={search_term_string}\"},\"query-input\":{\"@type\":\"PropertyValueSpecification\",\"valueRequired\":true,\"valueName\":\"search_term_string\"}}],\"inLanguage\":\"fr-FR\"},{\"@type\":\"Organization\",\"@id\":\"https:\\\/\\\/www.minihorse.eu\\\/#organization\",\"name\":\"Minihorse.eu\",\"url\":\"https:\\\/\\\/www.minihorse.eu\\\/\",\"logo\":{\"@type\":\"ImageObject\",\"inLanguage\":\"fr-FR\",\"@id\":\"https:\\\/\\\/www.minihorse.eu\\\/#\\\/schema\\\/logo\\\/image\\\/\",\"url\":\"https:\\\/\\\/www.minihorse.eu\\\/wp-content\\\/uploads\\\/2024\\\/08\\\/Logo-minihorse-ext.png\",\"contentUrl\":\"https:\\\/\\\/www.minihorse.eu\\\/wp-content\\\/uploads\\\/2024\\\/08\\\/Logo-minihorse-ext.png\",\"width\":500,\"height\":500,\"caption\":\"Minihorse.eu\"},\"image\":{\"@id\":\"https:\\\/\\\/www.minihorse.eu\\\/#\\\/schema\\\/logo\\\/image\\\/\"},\"sameAs\":[\"https:\\\/\\\/www.facebook.com\\\/profile.php?id=100063487117479\"]}]}<\/script>\n<!-- \/ Yoast SEO plugin. -->","yoast_head_json":{"title":"Bandes d'entra\u00eenement en biothane - Minihorse.eu","description":"Bandes d'entra\u00eenement en biothane pour l'entra\u00eenement contr\u00f4l\u00e9 des chevaux miniatures. Couleur noire. Circonf\u00e9rence min 16 cm, max 26 cm.","robots":{"index":"index","follow":"follow","max-snippet":"max-snippet:-1","max-image-preview":"max-image-preview:large","max-video-preview":"max-video-preview:-1"},"canonical":"https:\/\/www.minihorse.eu\/fr\/produit\/bandes-dentrainement-en-biothane\/","og_locale":"fr_FR","og_type":"article","og_title":"Bandes d'entra\u00eenement en biothane - Minihorse.eu","og_description":"Bandes d'entra\u00eenement en biothane pour l'entra\u00eenement contr\u00f4l\u00e9 des chevaux miniatures. Couleur noire. Circonf\u00e9rence min 16 cm, max 26 cm.","og_url":"https:\/\/www.minihorse.eu\/fr\/produit\/bandes-dentrainement-en-biothane\/","og_site_name":"Minihorse.eu","article_publisher":"https:\/\/www.facebook.com\/profile.php?id=100063487117479","og_image":[{"width":400,"height":300,"url":"https:\/\/www.minihorse.eu\/wp-content\/uploads\/2025\/07\/SDC18573.jpg","type":"image\/jpeg"}],"twitter_card":"summary_large_image","schema":{"@context":"https:\/\/schema.org","@graph":[{"@type":"WebPage","@id":"https:\/\/www.minihorse.eu\/fr\/produit\/bandes-dentrainement-en-biothane\/","url":"https:\/\/www.minihorse.eu\/fr\/produit\/bandes-dentrainement-en-biothane\/","name":"Bandes d'entra\u00eenement en biothane - Minihorse.eu","isPartOf":{"@id":"https:\/\/www.minihorse.eu\/#website"},"primaryImageOfPage":{"@id":"https:\/\/www.minihorse.eu\/fr\/produit\/bandes-dentrainement-en-biothane\/#primaryimage"},"image":{"@id":"https:\/\/www.minihorse.eu\/fr\/produit\/bandes-dentrainement-en-biothane\/#primaryimage"},"thumbnailUrl":"https:\/\/www.minihorse.eu\/wp-content\/uploads\/2025\/07\/SDC18573.jpg","datePublished":"2025-07-07T09:46:27+00:00","description":"Bandes d'entra\u00eenement en biothane pour l'entra\u00eenement contr\u00f4l\u00e9 des chevaux miniatures. Couleur noire. Circonf\u00e9rence min 16 cm, max 26 cm.","breadcrumb":{"@id":"https:\/\/www.minihorse.eu\/fr\/produit\/bandes-dentrainement-en-biothane\/#breadcrumb"},"inLanguage":"fr-FR","potentialAction":[{"@type":"ReadAction","target":["https:\/\/www.minihorse.eu\/fr\/produit\/bandes-dentrainement-en-biothane\/"]}]},{"@type":"ImageObject","inLanguage":"fr-FR","@id":"https:\/\/www.minihorse.eu\/fr\/produit\/bandes-dentrainement-en-biothane\/#primaryimage","url":"https:\/\/www.minihorse.eu\/wp-content\/uploads\/2025\/07\/SDC18573.jpg","contentUrl":"https:\/\/www.minihorse.eu\/wp-content\/uploads\/2025\/07\/SDC18573.jpg","width":400,"height":300},{"@type":"BreadcrumbList","@id":"https:\/\/www.minihorse.eu\/fr\/produit\/bandes-dentrainement-en-biothane\/#breadcrumb","itemListElement":[{"@type":"ListItem","position":1,"name":"Home","item":"https:\/\/www.minihorse.eu\/fr\/accueil\/"},{"@type":"ListItem","position":2,"name":"Boutique","item":"https:\/\/www.minihorse.eu\/fr\/boutique\/"},{"@type":"ListItem","position":3,"name":"Bandes d&rsquo;entra\u00eenement en biothane"}]},{"@type":"WebSite","@id":"https:\/\/www.minihorse.eu\/#website","url":"https:\/\/www.minihorse.eu\/","name":"Minihorse.eu","description":"The #1 store for Miniature Horses","publisher":{"@id":"https:\/\/www.minihorse.eu\/#organization"},"potentialAction":[{"@type":"SearchAction","target":{"@type":"EntryPoint","urlTemplate":"https:\/\/www.minihorse.eu\/?s={search_term_string}"},"query-input":{"@type":"PropertyValueSpecification","valueRequired":true,"valueName":"search_term_string"}}],"inLanguage":"fr-FR"},{"@type":"Organization","@id":"https:\/\/www.minihorse.eu\/#organization","name":"Minihorse.eu","url":"https:\/\/www.minihorse.eu\/","logo":{"@type":"ImageObject","inLanguage":"fr-FR","@id":"https:\/\/www.minihorse.eu\/#\/schema\/logo\/image\/","url":"https:\/\/www.minihorse.eu\/wp-content\/uploads\/2024\/08\/Logo-minihorse-ext.png","contentUrl":"https:\/\/www.minihorse.eu\/wp-content\/uploads\/2024\/08\/Logo-minihorse-ext.png","width":500,"height":500,"caption":"Minihorse.eu"},"image":{"@id":"https:\/\/www.minihorse.eu\/#\/schema\/logo\/image\/"},"sameAs":["https:\/\/www.facebook.com\/profile.php?id=100063487117479"]}]}},"jetpack_sharing_enabled":true,"_links":{"self":[{"href":"https:\/\/www.minihorse.eu\/fr\/wp-json\/wp\/v2\/product\/10952","targetHints":{"allow":["GET"]}}],"collection":[{"href":"https:\/\/www.minihorse.eu\/fr\/wp-json\/wp\/v2\/product"}],"about":[{"href":"https:\/\/www.minihorse.eu\/fr\/wp-json\/wp\/v2\/types\/product"}],"replies":[{"embeddable":true,"href":"https:\/\/www.minihorse.eu\/fr\/wp-json\/wp\/v2\/comments?post=10952"}],"wp:featuredmedia":[{"embeddable":true,"href":"https:\/\/www.minihorse.eu\/fr\/wp-json\/wp\/v2\/media\/10947"}],"wp:attachment":[{"href":"https:\/\/www.minihorse.eu\/fr\/wp-json\/wp\/v2\/media?parent=10952"}],"wp:term":[{"taxonomy":"product_brand","embeddable":true,"href":"https:\/\/www.minihorse.eu\/fr\/wp-json\/wp\/v2\/product_brand?post=10952"},{"taxonomy":"product_cat","embeddable":true,"href":"https:\/\/www.minihorse.eu\/fr\/wp-json\/wp\/v2\/product_cat?post=10952"},{"taxonomy":"product_tag","embeddable":true,"href":"https:\/\/www.minihorse.eu\/fr\/wp-json\/wp\/v2\/product_tag?post=10952"}],"curies":[{"name":"wp","href":"https:\/\/api.w.org\/{rel}","templated":true}]}}