{"id":11000,"date":"2025-07-09T13:23:18","date_gmt":"2025-07-09T13:23:18","guid":{"rendered":"https:\/\/www.minihorse.eu\/product\/double-k-dynamic-duo-shampooing-et-conditionneur-473-ml\/"},"modified":"2025-07-09T13:23:18","modified_gmt":"2025-07-09T13:23:18","slug":"double-k-dynamic-duo-shampooing-et-conditionneur-473-ml","status":"publish","type":"product","link":"https:\/\/www.minihorse.eu\/fr\/produit\/double-k-dynamic-duo-shampooing-et-conditionneur-473-ml\/","title":{"rendered":"Double K Dynamic Duo shampooing et conditionneur &#8211; 473 ml"},"content":{"rendered":"<p>Le shampooing Double K Dynamic Duo 473 ml combine un shampooing luxueux et un revitalisant puissant dans une formule pratique. Enrichi en panth\u00e9nol, aloe vera et vitamine E, ce shampooing 2 en 1 offre une mousse abondante, un rin\u00e7age facile et un pelage brillant et doux, sans qu&rsquo;il soit n\u00e9cessaire d&rsquo;utiliser un apr\u00e8s-shampooing s\u00e9par\u00e9. <\/p>\n<p>Son pH est sp\u00e9cialement \u00e9quilibr\u00e9 pour les animaux de compagnie et il est doux pour les mains du toiletteur. Convient \u00e0 un usage quotidien et est id\u00e9al pour les chiens d&rsquo;exposition et les animaux de compagnie. Convient aux chiens, aux chats, aux chiots, aux chatons et aux animaux de ferme.  <\/p>\n<p>&nbsp;<\/p>\n<p>&nbsp;<\/p>\n","protected":false},"excerpt":{"rendered":"<p>Double K Dynamic Duo Shampoo 473 ml est un shampooing et revitalisant 2 en 1 avec du panth\u00e9nol, de l&rsquo;aloe vera et de la vitamine E. Il offre une mousse abondante, un rin\u00e7age facile et un pelage brillant et doux sans revitalisant s\u00e9par\u00e9. pH \u00e9quilibr\u00e9, doux pour les mains, convient \u00e0 un usage quotidien pour les chiens, les chats, les chiots, les chatons et les animaux de ferme. <\/p>\n","protected":false},"featured_media":10967,"comment_status":"open","ping_status":"closed","template":"","meta":[],"product_brand":[],"product_cat":[183],"product_tag":[1364,1362,1363],"class_list":{"0":"post-11000","1":"product","2":"type-product","3":"status-publish","4":"has-post-thumbnail","6":"product_cat-toilettage","7":"product_tag-conditionneur","8":"product_tag-double-k-shampoo-fr","9":"product_tag-dynamic-duo-fr","11":"first","12":"instock","13":"taxable","14":"shipping-taxable","15":"purchasable","16":"product-type-simple"},"yoast_head":"<!-- This site is optimized with the Yoast SEO plugin v27.4 - https:\/\/yoast.com\/product\/yoast-seo-wordpress\/ -->\n<title>Double K Dynamic Duo shampooing et conditionneur - 473 ml - Minihorse.eu<\/title>\n<meta name=\"description\" content=\"Le shampooing Double K Dynamic Duo est un shampooing et un apr\u00e8s-shampooing contenant du panth\u00e9nol, de l&#039;aloe vera et de la vitamine E. Il produit une mousse abondante, se rince facilement et donne un pelage brillant et doux.\" \/>\n<meta name=\"robots\" content=\"index, follow, max-snippet:-1, max-image-preview:large, max-video-preview:-1\" \/>\n<link rel=\"canonical\" href=\"https:\/\/www.minihorse.eu\/fr\/produit\/double-k-dynamic-duo-shampooing-et-conditionneur-473-ml\/\" \/>\n<meta property=\"og:locale\" content=\"fr_FR\" \/>\n<meta property=\"og:type\" content=\"article\" \/>\n<meta property=\"og:title\" content=\"Double K Dynamic Duo shampooing et conditionneur - 473 ml - Minihorse.eu\" \/>\n<meta property=\"og:description\" content=\"Le shampooing Double K Dynamic Duo est un shampooing et un apr\u00e8s-shampooing contenant du panth\u00e9nol, de l&#039;aloe vera et de la vitamine E. Il produit une mousse abondante, se rince facilement et donne un pelage brillant et doux.\" \/>\n<meta property=\"og:url\" content=\"https:\/\/www.minihorse.eu\/fr\/produit\/double-k-dynamic-duo-shampooing-et-conditionneur-473-ml\/\" \/>\n<meta property=\"og:site_name\" content=\"Minihorse.eu\" \/>\n<meta property=\"article:publisher\" content=\"https:\/\/www.facebook.com\/profile.php?id=100063487117479\" \/>\n<meta property=\"og:image\" content=\"https:\/\/www.minihorse.eu\/wp-content\/uploads\/2025\/07\/Double-K-Dynamic-Duo.jpg\" \/>\n\t<meta property=\"og:image:width\" content=\"2164\" \/>\n\t<meta property=\"og:image:height\" content=\"1544\" \/>\n\t<meta property=\"og:image:type\" content=\"image\/jpeg\" \/>\n<meta name=\"twitter:card\" content=\"summary_large_image\" \/>\n<meta name=\"twitter:label1\" content=\"Dur\u00e9e de lecture estim\u00e9e\" \/>\n\t<meta name=\"twitter:data1\" content=\"1 minute\" \/>\n<script type=\"application\/ld+json\" class=\"yoast-schema-graph\">{\"@context\":\"https:\\\/\\\/schema.org\",\"@graph\":[{\"@type\":\"WebPage\",\"@id\":\"https:\\\/\\\/www.minihorse.eu\\\/fr\\\/produit\\\/double-k-dynamic-duo-shampooing-et-conditionneur-473-ml\\\/\",\"url\":\"https:\\\/\\\/www.minihorse.eu\\\/fr\\\/produit\\\/double-k-dynamic-duo-shampooing-et-conditionneur-473-ml\\\/\",\"name\":\"Double K Dynamic Duo shampooing et conditionneur - 473 ml - Minihorse.eu\",\"isPartOf\":{\"@id\":\"https:\\\/\\\/www.minihorse.eu\\\/#website\"},\"primaryImageOfPage\":{\"@id\":\"https:\\\/\\\/www.minihorse.eu\\\/fr\\\/produit\\\/double-k-dynamic-duo-shampooing-et-conditionneur-473-ml\\\/#primaryimage\"},\"image\":{\"@id\":\"https:\\\/\\\/www.minihorse.eu\\\/fr\\\/produit\\\/double-k-dynamic-duo-shampooing-et-conditionneur-473-ml\\\/#primaryimage\"},\"thumbnailUrl\":\"https:\\\/\\\/www.minihorse.eu\\\/wp-content\\\/uploads\\\/2025\\\/07\\\/Double-K-Dynamic-Duo.jpg\",\"datePublished\":\"2025-07-09T13:23:18+00:00\",\"description\":\"Le shampooing Double K Dynamic Duo est un shampooing et un apr\u00e8s-shampooing contenant du panth\u00e9nol, de l'aloe vera et de la vitamine E. Il produit une mousse abondante, se rince facilement et donne un pelage brillant et doux.\",\"breadcrumb\":{\"@id\":\"https:\\\/\\\/www.minihorse.eu\\\/fr\\\/produit\\\/double-k-dynamic-duo-shampooing-et-conditionneur-473-ml\\\/#breadcrumb\"},\"inLanguage\":\"fr-FR\",\"potentialAction\":[{\"@type\":\"ReadAction\",\"target\":[\"https:\\\/\\\/www.minihorse.eu\\\/fr\\\/produit\\\/double-k-dynamic-duo-shampooing-et-conditionneur-473-ml\\\/\"]}]},{\"@type\":\"ImageObject\",\"inLanguage\":\"fr-FR\",\"@id\":\"https:\\\/\\\/www.minihorse.eu\\\/fr\\\/produit\\\/double-k-dynamic-duo-shampooing-et-conditionneur-473-ml\\\/#primaryimage\",\"url\":\"https:\\\/\\\/www.minihorse.eu\\\/wp-content\\\/uploads\\\/2025\\\/07\\\/Double-K-Dynamic-Duo.jpg\",\"contentUrl\":\"https:\\\/\\\/www.minihorse.eu\\\/wp-content\\\/uploads\\\/2025\\\/07\\\/Double-K-Dynamic-Duo.jpg\",\"width\":2164,\"height\":1544},{\"@type\":\"BreadcrumbList\",\"@id\":\"https:\\\/\\\/www.minihorse.eu\\\/fr\\\/produit\\\/double-k-dynamic-duo-shampooing-et-conditionneur-473-ml\\\/#breadcrumb\",\"itemListElement\":[{\"@type\":\"ListItem\",\"position\":1,\"name\":\"Home\",\"item\":\"https:\\\/\\\/www.minihorse.eu\\\/fr\\\/accueil\\\/\"},{\"@type\":\"ListItem\",\"position\":2,\"name\":\"Boutique\",\"item\":\"https:\\\/\\\/www.minihorse.eu\\\/fr\\\/boutique\\\/\"},{\"@type\":\"ListItem\",\"position\":3,\"name\":\"Double K Dynamic Duo shampooing et conditionneur &#8211; 473 ml\"}]},{\"@type\":\"WebSite\",\"@id\":\"https:\\\/\\\/www.minihorse.eu\\\/#website\",\"url\":\"https:\\\/\\\/www.minihorse.eu\\\/\",\"name\":\"Minihorse.eu\",\"description\":\"The #1 store for Miniature Horses\",\"publisher\":{\"@id\":\"https:\\\/\\\/www.minihorse.eu\\\/#organization\"},\"potentialAction\":[{\"@type\":\"SearchAction\",\"target\":{\"@type\":\"EntryPoint\",\"urlTemplate\":\"https:\\\/\\\/www.minihorse.eu\\\/?s={search_term_string}\"},\"query-input\":{\"@type\":\"PropertyValueSpecification\",\"valueRequired\":true,\"valueName\":\"search_term_string\"}}],\"inLanguage\":\"fr-FR\"},{\"@type\":\"Organization\",\"@id\":\"https:\\\/\\\/www.minihorse.eu\\\/#organization\",\"name\":\"Minihorse.eu\",\"url\":\"https:\\\/\\\/www.minihorse.eu\\\/\",\"logo\":{\"@type\":\"ImageObject\",\"inLanguage\":\"fr-FR\",\"@id\":\"https:\\\/\\\/www.minihorse.eu\\\/#\\\/schema\\\/logo\\\/image\\\/\",\"url\":\"https:\\\/\\\/www.minihorse.eu\\\/wp-content\\\/uploads\\\/2024\\\/08\\\/Logo-minihorse-ext.png\",\"contentUrl\":\"https:\\\/\\\/www.minihorse.eu\\\/wp-content\\\/uploads\\\/2024\\\/08\\\/Logo-minihorse-ext.png\",\"width\":500,\"height\":500,\"caption\":\"Minihorse.eu\"},\"image\":{\"@id\":\"https:\\\/\\\/www.minihorse.eu\\\/#\\\/schema\\\/logo\\\/image\\\/\"},\"sameAs\":[\"https:\\\/\\\/www.facebook.com\\\/profile.php?id=100063487117479\"]}]}<\/script>\n<!-- \/ Yoast SEO plugin. -->","yoast_head_json":{"title":"Double K Dynamic Duo shampooing et conditionneur - 473 ml - Minihorse.eu","description":"Le shampooing Double K Dynamic Duo est un shampooing et un apr\u00e8s-shampooing contenant du panth\u00e9nol, de l'aloe vera et de la vitamine E. Il produit une mousse abondante, se rince facilement et donne un pelage brillant et doux.","robots":{"index":"index","follow":"follow","max-snippet":"max-snippet:-1","max-image-preview":"max-image-preview:large","max-video-preview":"max-video-preview:-1"},"canonical":"https:\/\/www.minihorse.eu\/fr\/produit\/double-k-dynamic-duo-shampooing-et-conditionneur-473-ml\/","og_locale":"fr_FR","og_type":"article","og_title":"Double K Dynamic Duo shampooing et conditionneur - 473 ml - Minihorse.eu","og_description":"Le shampooing Double K Dynamic Duo est un shampooing et un apr\u00e8s-shampooing contenant du panth\u00e9nol, de l'aloe vera et de la vitamine E. Il produit une mousse abondante, se rince facilement et donne un pelage brillant et doux.","og_url":"https:\/\/www.minihorse.eu\/fr\/produit\/double-k-dynamic-duo-shampooing-et-conditionneur-473-ml\/","og_site_name":"Minihorse.eu","article_publisher":"https:\/\/www.facebook.com\/profile.php?id=100063487117479","og_image":[{"width":2164,"height":1544,"url":"https:\/\/www.minihorse.eu\/wp-content\/uploads\/2025\/07\/Double-K-Dynamic-Duo.jpg","type":"image\/jpeg"}],"twitter_card":"summary_large_image","twitter_misc":{"Dur\u00e9e de lecture estim\u00e9e":"1 minute"},"schema":{"@context":"https:\/\/schema.org","@graph":[{"@type":"WebPage","@id":"https:\/\/www.minihorse.eu\/fr\/produit\/double-k-dynamic-duo-shampooing-et-conditionneur-473-ml\/","url":"https:\/\/www.minihorse.eu\/fr\/produit\/double-k-dynamic-duo-shampooing-et-conditionneur-473-ml\/","name":"Double K Dynamic Duo shampooing et conditionneur - 473 ml - Minihorse.eu","isPartOf":{"@id":"https:\/\/www.minihorse.eu\/#website"},"primaryImageOfPage":{"@id":"https:\/\/www.minihorse.eu\/fr\/produit\/double-k-dynamic-duo-shampooing-et-conditionneur-473-ml\/#primaryimage"},"image":{"@id":"https:\/\/www.minihorse.eu\/fr\/produit\/double-k-dynamic-duo-shampooing-et-conditionneur-473-ml\/#primaryimage"},"thumbnailUrl":"https:\/\/www.minihorse.eu\/wp-content\/uploads\/2025\/07\/Double-K-Dynamic-Duo.jpg","datePublished":"2025-07-09T13:23:18+00:00","description":"Le shampooing Double K Dynamic Duo est un shampooing et un apr\u00e8s-shampooing contenant du panth\u00e9nol, de l'aloe vera et de la vitamine E. Il produit une mousse abondante, se rince facilement et donne un pelage brillant et doux.","breadcrumb":{"@id":"https:\/\/www.minihorse.eu\/fr\/produit\/double-k-dynamic-duo-shampooing-et-conditionneur-473-ml\/#breadcrumb"},"inLanguage":"fr-FR","potentialAction":[{"@type":"ReadAction","target":["https:\/\/www.minihorse.eu\/fr\/produit\/double-k-dynamic-duo-shampooing-et-conditionneur-473-ml\/"]}]},{"@type":"ImageObject","inLanguage":"fr-FR","@id":"https:\/\/www.minihorse.eu\/fr\/produit\/double-k-dynamic-duo-shampooing-et-conditionneur-473-ml\/#primaryimage","url":"https:\/\/www.minihorse.eu\/wp-content\/uploads\/2025\/07\/Double-K-Dynamic-Duo.jpg","contentUrl":"https:\/\/www.minihorse.eu\/wp-content\/uploads\/2025\/07\/Double-K-Dynamic-Duo.jpg","width":2164,"height":1544},{"@type":"BreadcrumbList","@id":"https:\/\/www.minihorse.eu\/fr\/produit\/double-k-dynamic-duo-shampooing-et-conditionneur-473-ml\/#breadcrumb","itemListElement":[{"@type":"ListItem","position":1,"name":"Home","item":"https:\/\/www.minihorse.eu\/fr\/accueil\/"},{"@type":"ListItem","position":2,"name":"Boutique","item":"https:\/\/www.minihorse.eu\/fr\/boutique\/"},{"@type":"ListItem","position":3,"name":"Double K Dynamic Duo shampooing et conditionneur &#8211; 473 ml"}]},{"@type":"WebSite","@id":"https:\/\/www.minihorse.eu\/#website","url":"https:\/\/www.minihorse.eu\/","name":"Minihorse.eu","description":"The #1 store for Miniature Horses","publisher":{"@id":"https:\/\/www.minihorse.eu\/#organization"},"potentialAction":[{"@type":"SearchAction","target":{"@type":"EntryPoint","urlTemplate":"https:\/\/www.minihorse.eu\/?s={search_term_string}"},"query-input":{"@type":"PropertyValueSpecification","valueRequired":true,"valueName":"search_term_string"}}],"inLanguage":"fr-FR"},{"@type":"Organization","@id":"https:\/\/www.minihorse.eu\/#organization","name":"Minihorse.eu","url":"https:\/\/www.minihorse.eu\/","logo":{"@type":"ImageObject","inLanguage":"fr-FR","@id":"https:\/\/www.minihorse.eu\/#\/schema\/logo\/image\/","url":"https:\/\/www.minihorse.eu\/wp-content\/uploads\/2024\/08\/Logo-minihorse-ext.png","contentUrl":"https:\/\/www.minihorse.eu\/wp-content\/uploads\/2024\/08\/Logo-minihorse-ext.png","width":500,"height":500,"caption":"Minihorse.eu"},"image":{"@id":"https:\/\/www.minihorse.eu\/#\/schema\/logo\/image\/"},"sameAs":["https:\/\/www.facebook.com\/profile.php?id=100063487117479"]}]}},"jetpack_sharing_enabled":true,"_links":{"self":[{"href":"https:\/\/www.minihorse.eu\/fr\/wp-json\/wp\/v2\/product\/11000","targetHints":{"allow":["GET"]}}],"collection":[{"href":"https:\/\/www.minihorse.eu\/fr\/wp-json\/wp\/v2\/product"}],"about":[{"href":"https:\/\/www.minihorse.eu\/fr\/wp-json\/wp\/v2\/types\/product"}],"replies":[{"embeddable":true,"href":"https:\/\/www.minihorse.eu\/fr\/wp-json\/wp\/v2\/comments?post=11000"}],"wp:featuredmedia":[{"embeddable":true,"href":"https:\/\/www.minihorse.eu\/fr\/wp-json\/wp\/v2\/media\/10967"}],"wp:attachment":[{"href":"https:\/\/www.minihorse.eu\/fr\/wp-json\/wp\/v2\/media?parent=11000"}],"wp:term":[{"taxonomy":"product_brand","embeddable":true,"href":"https:\/\/www.minihorse.eu\/fr\/wp-json\/wp\/v2\/product_brand?post=11000"},{"taxonomy":"product_cat","embeddable":true,"href":"https:\/\/www.minihorse.eu\/fr\/wp-json\/wp\/v2\/product_cat?post=11000"},{"taxonomy":"product_tag","embeddable":true,"href":"https:\/\/www.minihorse.eu\/fr\/wp-json\/wp\/v2\/product_tag?post=11000"}],"curies":[{"name":"wp","href":"https:\/\/api.w.org\/{rel}","templated":true}]}}