{"id":11012,"date":"2025-07-09T14:19:13","date_gmt":"2025-07-09T14:19:13","guid":{"rendered":"https:\/\/www.minihorse.eu\/product\/double-k-grimeinator-shampooing-473-ml\/"},"modified":"2025-07-09T14:19:13","modified_gmt":"2025-07-09T14:19:13","slug":"double-k-grimeinator-shampooing-473-ml","status":"publish","type":"product","link":"https:\/\/www.minihorse.eu\/fr\/produit\/double-k-grimeinator-shampooing-473-ml\/","title":{"rendered":"Double K Grimeinator Shampooing &#8211; 473 ml"},"content":{"rendered":"<p>Le shampooing Double K Grimeinator est la solution id\u00e9ale pour nettoyer en profondeur et en douceur les animaux les plus sales et les plus malodorants. La graisse, l&rsquo;huile et la salet\u00e9 disparaissent sans effort, laissant derri\u00e8re elles un pelage doux et brillant. Son action antistatique facilite le brossage des poils et repousse la salet\u00e9. Ce shampooing procure une fra\u00eecheur durable. Convient \u00e0 toutes les races. La formule hydratante est douce pour la peau et les mains, id\u00e9ale pour un usage quotidien. Grimeinator est tr\u00e8s concentr\u00e9 (32:1) et facile \u00e0 rincer, ce qui permet d&rsquo;\u00e9conomiser de l&rsquo;eau et de la main-d&rsquo;\u0153uvre.      <\/p>\n","protected":false},"excerpt":{"rendered":"<p>Le shampooing Double K Grimeinator nettoie en douceur et en profondeur m\u00eame les animaux les plus sales, \u00e9liminant la graisse et la salet\u00e9 pour un pelage doux, brillant et \u00e0 l&rsquo;odeur fra\u00eeche. Sa formule antistatique, hydratante et hautement concentr\u00e9e est facile \u00e0 rincer et id\u00e9ale pour un usage quotidien sur toutes les races. <\/p>\n","protected":false},"featured_media":11010,"comment_status":"open","ping_status":"closed","template":"","meta":[],"product_brand":[],"product_cat":[183],"product_tag":[],"class_list":{"0":"post-11012","1":"product","2":"type-product","3":"status-publish","4":"has-post-thumbnail","6":"product_cat-toilettage","8":"first","9":"instock","10":"taxable","11":"shipping-taxable","12":"purchasable","13":"product-type-simple"},"yoast_head":"<!-- This site is optimized with the Yoast SEO plugin v27.4 - https:\/\/yoast.com\/product\/yoast-seo-wordpress\/ -->\n<title>Double K Grimeinator Shampooing - 473 ml - Minihorse.eu<\/title>\n<meta name=\"description\" content=\"Le shampooing Double K Grimeinator nettoie en douceur les animaux sales, \u00e9limine la graisse et la salet\u00e9 et laisse un pelage frais et brillant. Anti-statique, hydratant, facile \u00e0 rincer.\" \/>\n<meta name=\"robots\" content=\"index, follow, max-snippet:-1, max-image-preview:large, max-video-preview:-1\" \/>\n<link rel=\"canonical\" href=\"https:\/\/www.minihorse.eu\/fr\/produit\/double-k-grimeinator-shampooing-473-ml\/\" \/>\n<meta property=\"og:locale\" content=\"fr_FR\" \/>\n<meta property=\"og:type\" content=\"article\" \/>\n<meta property=\"og:title\" content=\"Double K Grimeinator Shampooing - 473 ml - Minihorse.eu\" \/>\n<meta property=\"og:description\" content=\"Le shampooing Double K Grimeinator nettoie en douceur les animaux sales, \u00e9limine la graisse et la salet\u00e9 et laisse un pelage frais et brillant. Anti-statique, hydratant, facile \u00e0 rincer.\" \/>\n<meta property=\"og:url\" content=\"https:\/\/www.minihorse.eu\/fr\/produit\/double-k-grimeinator-shampooing-473-ml\/\" \/>\n<meta property=\"og:site_name\" content=\"Minihorse.eu\" \/>\n<meta property=\"article:publisher\" content=\"https:\/\/www.facebook.com\/profile.php?id=100063487117479\" \/>\n<meta property=\"og:image\" content=\"https:\/\/www.minihorse.eu\/wp-content\/uploads\/2025\/07\/Double-K-Grimeinator-Shampoo-473-ml.jpg\" \/>\n\t<meta property=\"og:image:width\" content=\"700\" \/>\n\t<meta property=\"og:image:height\" content=\"700\" \/>\n\t<meta property=\"og:image:type\" content=\"image\/jpeg\" \/>\n<meta name=\"twitter:card\" content=\"summary_large_image\" \/>\n<meta name=\"twitter:label1\" content=\"Dur\u00e9e de lecture estim\u00e9e\" \/>\n\t<meta name=\"twitter:data1\" content=\"1 minute\" \/>\n<script type=\"application\/ld+json\" class=\"yoast-schema-graph\">{\"@context\":\"https:\\\/\\\/schema.org\",\"@graph\":[{\"@type\":\"WebPage\",\"@id\":\"https:\\\/\\\/www.minihorse.eu\\\/fr\\\/produit\\\/double-k-grimeinator-shampooing-473-ml\\\/\",\"url\":\"https:\\\/\\\/www.minihorse.eu\\\/fr\\\/produit\\\/double-k-grimeinator-shampooing-473-ml\\\/\",\"name\":\"Double K Grimeinator Shampooing - 473 ml - Minihorse.eu\",\"isPartOf\":{\"@id\":\"https:\\\/\\\/www.minihorse.eu\\\/#website\"},\"primaryImageOfPage\":{\"@id\":\"https:\\\/\\\/www.minihorse.eu\\\/fr\\\/produit\\\/double-k-grimeinator-shampooing-473-ml\\\/#primaryimage\"},\"image\":{\"@id\":\"https:\\\/\\\/www.minihorse.eu\\\/fr\\\/produit\\\/double-k-grimeinator-shampooing-473-ml\\\/#primaryimage\"},\"thumbnailUrl\":\"https:\\\/\\\/www.minihorse.eu\\\/wp-content\\\/uploads\\\/2025\\\/07\\\/Double-K-Grimeinator-Shampoo-473-ml.jpg\",\"datePublished\":\"2025-07-09T14:19:13+00:00\",\"description\":\"Le shampooing Double K Grimeinator nettoie en douceur les animaux sales, \u00e9limine la graisse et la salet\u00e9 et laisse un pelage frais et brillant. Anti-statique, hydratant, facile \u00e0 rincer.\",\"breadcrumb\":{\"@id\":\"https:\\\/\\\/www.minihorse.eu\\\/fr\\\/produit\\\/double-k-grimeinator-shampooing-473-ml\\\/#breadcrumb\"},\"inLanguage\":\"fr-FR\",\"potentialAction\":[{\"@type\":\"ReadAction\",\"target\":[\"https:\\\/\\\/www.minihorse.eu\\\/fr\\\/produit\\\/double-k-grimeinator-shampooing-473-ml\\\/\"]}]},{\"@type\":\"ImageObject\",\"inLanguage\":\"fr-FR\",\"@id\":\"https:\\\/\\\/www.minihorse.eu\\\/fr\\\/produit\\\/double-k-grimeinator-shampooing-473-ml\\\/#primaryimage\",\"url\":\"https:\\\/\\\/www.minihorse.eu\\\/wp-content\\\/uploads\\\/2025\\\/07\\\/Double-K-Grimeinator-Shampoo-473-ml.jpg\",\"contentUrl\":\"https:\\\/\\\/www.minihorse.eu\\\/wp-content\\\/uploads\\\/2025\\\/07\\\/Double-K-Grimeinator-Shampoo-473-ml.jpg\",\"width\":700,\"height\":700,\"caption\":\"Double K Grimeinator Shampooing - 473 ml\"},{\"@type\":\"BreadcrumbList\",\"@id\":\"https:\\\/\\\/www.minihorse.eu\\\/fr\\\/produit\\\/double-k-grimeinator-shampooing-473-ml\\\/#breadcrumb\",\"itemListElement\":[{\"@type\":\"ListItem\",\"position\":1,\"name\":\"Home\",\"item\":\"https:\\\/\\\/www.minihorse.eu\\\/fr\\\/accueil\\\/\"},{\"@type\":\"ListItem\",\"position\":2,\"name\":\"Boutique\",\"item\":\"https:\\\/\\\/www.minihorse.eu\\\/fr\\\/boutique\\\/\"},{\"@type\":\"ListItem\",\"position\":3,\"name\":\"Double K Grimeinator Shampooing &#8211; 473 ml\"}]},{\"@type\":\"WebSite\",\"@id\":\"https:\\\/\\\/www.minihorse.eu\\\/#website\",\"url\":\"https:\\\/\\\/www.minihorse.eu\\\/\",\"name\":\"Minihorse.eu\",\"description\":\"The #1 store for Miniature Horses\",\"publisher\":{\"@id\":\"https:\\\/\\\/www.minihorse.eu\\\/#organization\"},\"potentialAction\":[{\"@type\":\"SearchAction\",\"target\":{\"@type\":\"EntryPoint\",\"urlTemplate\":\"https:\\\/\\\/www.minihorse.eu\\\/?s={search_term_string}\"},\"query-input\":{\"@type\":\"PropertyValueSpecification\",\"valueRequired\":true,\"valueName\":\"search_term_string\"}}],\"inLanguage\":\"fr-FR\"},{\"@type\":\"Organization\",\"@id\":\"https:\\\/\\\/www.minihorse.eu\\\/#organization\",\"name\":\"Minihorse.eu\",\"url\":\"https:\\\/\\\/www.minihorse.eu\\\/\",\"logo\":{\"@type\":\"ImageObject\",\"inLanguage\":\"fr-FR\",\"@id\":\"https:\\\/\\\/www.minihorse.eu\\\/#\\\/schema\\\/logo\\\/image\\\/\",\"url\":\"https:\\\/\\\/www.minihorse.eu\\\/wp-content\\\/uploads\\\/2024\\\/08\\\/Logo-minihorse-ext.png\",\"contentUrl\":\"https:\\\/\\\/www.minihorse.eu\\\/wp-content\\\/uploads\\\/2024\\\/08\\\/Logo-minihorse-ext.png\",\"width\":500,\"height\":500,\"caption\":\"Minihorse.eu\"},\"image\":{\"@id\":\"https:\\\/\\\/www.minihorse.eu\\\/#\\\/schema\\\/logo\\\/image\\\/\"},\"sameAs\":[\"https:\\\/\\\/www.facebook.com\\\/profile.php?id=100063487117479\"]}]}<\/script>\n<!-- \/ Yoast SEO plugin. -->","yoast_head_json":{"title":"Double K Grimeinator Shampooing - 473 ml - Minihorse.eu","description":"Le shampooing Double K Grimeinator nettoie en douceur les animaux sales, \u00e9limine la graisse et la salet\u00e9 et laisse un pelage frais et brillant. Anti-statique, hydratant, facile \u00e0 rincer.","robots":{"index":"index","follow":"follow","max-snippet":"max-snippet:-1","max-image-preview":"max-image-preview:large","max-video-preview":"max-video-preview:-1"},"canonical":"https:\/\/www.minihorse.eu\/fr\/produit\/double-k-grimeinator-shampooing-473-ml\/","og_locale":"fr_FR","og_type":"article","og_title":"Double K Grimeinator Shampooing - 473 ml - Minihorse.eu","og_description":"Le shampooing Double K Grimeinator nettoie en douceur les animaux sales, \u00e9limine la graisse et la salet\u00e9 et laisse un pelage frais et brillant. Anti-statique, hydratant, facile \u00e0 rincer.","og_url":"https:\/\/www.minihorse.eu\/fr\/produit\/double-k-grimeinator-shampooing-473-ml\/","og_site_name":"Minihorse.eu","article_publisher":"https:\/\/www.facebook.com\/profile.php?id=100063487117479","og_image":[{"width":700,"height":700,"url":"https:\/\/www.minihorse.eu\/wp-content\/uploads\/2025\/07\/Double-K-Grimeinator-Shampoo-473-ml.jpg","type":"image\/jpeg"}],"twitter_card":"summary_large_image","twitter_misc":{"Dur\u00e9e de lecture estim\u00e9e":"1 minute"},"schema":{"@context":"https:\/\/schema.org","@graph":[{"@type":"WebPage","@id":"https:\/\/www.minihorse.eu\/fr\/produit\/double-k-grimeinator-shampooing-473-ml\/","url":"https:\/\/www.minihorse.eu\/fr\/produit\/double-k-grimeinator-shampooing-473-ml\/","name":"Double K Grimeinator Shampooing - 473 ml - Minihorse.eu","isPartOf":{"@id":"https:\/\/www.minihorse.eu\/#website"},"primaryImageOfPage":{"@id":"https:\/\/www.minihorse.eu\/fr\/produit\/double-k-grimeinator-shampooing-473-ml\/#primaryimage"},"image":{"@id":"https:\/\/www.minihorse.eu\/fr\/produit\/double-k-grimeinator-shampooing-473-ml\/#primaryimage"},"thumbnailUrl":"https:\/\/www.minihorse.eu\/wp-content\/uploads\/2025\/07\/Double-K-Grimeinator-Shampoo-473-ml.jpg","datePublished":"2025-07-09T14:19:13+00:00","description":"Le shampooing Double K Grimeinator nettoie en douceur les animaux sales, \u00e9limine la graisse et la salet\u00e9 et laisse un pelage frais et brillant. Anti-statique, hydratant, facile \u00e0 rincer.","breadcrumb":{"@id":"https:\/\/www.minihorse.eu\/fr\/produit\/double-k-grimeinator-shampooing-473-ml\/#breadcrumb"},"inLanguage":"fr-FR","potentialAction":[{"@type":"ReadAction","target":["https:\/\/www.minihorse.eu\/fr\/produit\/double-k-grimeinator-shampooing-473-ml\/"]}]},{"@type":"ImageObject","inLanguage":"fr-FR","@id":"https:\/\/www.minihorse.eu\/fr\/produit\/double-k-grimeinator-shampooing-473-ml\/#primaryimage","url":"https:\/\/www.minihorse.eu\/wp-content\/uploads\/2025\/07\/Double-K-Grimeinator-Shampoo-473-ml.jpg","contentUrl":"https:\/\/www.minihorse.eu\/wp-content\/uploads\/2025\/07\/Double-K-Grimeinator-Shampoo-473-ml.jpg","width":700,"height":700,"caption":"Double K Grimeinator Shampooing - 473 ml"},{"@type":"BreadcrumbList","@id":"https:\/\/www.minihorse.eu\/fr\/produit\/double-k-grimeinator-shampooing-473-ml\/#breadcrumb","itemListElement":[{"@type":"ListItem","position":1,"name":"Home","item":"https:\/\/www.minihorse.eu\/fr\/accueil\/"},{"@type":"ListItem","position":2,"name":"Boutique","item":"https:\/\/www.minihorse.eu\/fr\/boutique\/"},{"@type":"ListItem","position":3,"name":"Double K Grimeinator Shampooing &#8211; 473 ml"}]},{"@type":"WebSite","@id":"https:\/\/www.minihorse.eu\/#website","url":"https:\/\/www.minihorse.eu\/","name":"Minihorse.eu","description":"The #1 store for Miniature Horses","publisher":{"@id":"https:\/\/www.minihorse.eu\/#organization"},"potentialAction":[{"@type":"SearchAction","target":{"@type":"EntryPoint","urlTemplate":"https:\/\/www.minihorse.eu\/?s={search_term_string}"},"query-input":{"@type":"PropertyValueSpecification","valueRequired":true,"valueName":"search_term_string"}}],"inLanguage":"fr-FR"},{"@type":"Organization","@id":"https:\/\/www.minihorse.eu\/#organization","name":"Minihorse.eu","url":"https:\/\/www.minihorse.eu\/","logo":{"@type":"ImageObject","inLanguage":"fr-FR","@id":"https:\/\/www.minihorse.eu\/#\/schema\/logo\/image\/","url":"https:\/\/www.minihorse.eu\/wp-content\/uploads\/2024\/08\/Logo-minihorse-ext.png","contentUrl":"https:\/\/www.minihorse.eu\/wp-content\/uploads\/2024\/08\/Logo-minihorse-ext.png","width":500,"height":500,"caption":"Minihorse.eu"},"image":{"@id":"https:\/\/www.minihorse.eu\/#\/schema\/logo\/image\/"},"sameAs":["https:\/\/www.facebook.com\/profile.php?id=100063487117479"]}]}},"jetpack_sharing_enabled":true,"_links":{"self":[{"href":"https:\/\/www.minihorse.eu\/fr\/wp-json\/wp\/v2\/product\/11012","targetHints":{"allow":["GET"]}}],"collection":[{"href":"https:\/\/www.minihorse.eu\/fr\/wp-json\/wp\/v2\/product"}],"about":[{"href":"https:\/\/www.minihorse.eu\/fr\/wp-json\/wp\/v2\/types\/product"}],"replies":[{"embeddable":true,"href":"https:\/\/www.minihorse.eu\/fr\/wp-json\/wp\/v2\/comments?post=11012"}],"wp:featuredmedia":[{"embeddable":true,"href":"https:\/\/www.minihorse.eu\/fr\/wp-json\/wp\/v2\/media\/11010"}],"wp:attachment":[{"href":"https:\/\/www.minihorse.eu\/fr\/wp-json\/wp\/v2\/media?parent=11012"}],"wp:term":[{"taxonomy":"product_brand","embeddable":true,"href":"https:\/\/www.minihorse.eu\/fr\/wp-json\/wp\/v2\/product_brand?post=11012"},{"taxonomy":"product_cat","embeddable":true,"href":"https:\/\/www.minihorse.eu\/fr\/wp-json\/wp\/v2\/product_cat?post=11012"},{"taxonomy":"product_tag","embeddable":true,"href":"https:\/\/www.minihorse.eu\/fr\/wp-json\/wp\/v2\/product_tag?post=11012"}],"curies":[{"name":"wp","href":"https:\/\/api.w.org\/{rel}","templated":true}]}}