{"id":11019,"date":"2025-07-09T14:41:36","date_gmt":"2025-07-09T14:41:36","guid":{"rendered":"https:\/\/www.minihorse.eu\/product\/double-k-hypo-shampooing-473-ml\/"},"modified":"2025-07-09T14:41:36","modified_gmt":"2025-07-09T14:41:36","slug":"double-k-hypo-shampooing-473-ml","status":"publish","type":"product","link":"https:\/\/www.minihorse.eu\/fr\/produit\/double-k-hypo-shampooing-473-ml\/","title":{"rendered":"Double K Hypo+ Shampooing &#8211; 473 ml"},"content":{"rendered":"<p>Le shampooing Double K Hypo+ est un shampooing luxueux et hypoallerg\u00e9nique qui nettoie en profondeur tout en restant doux pour la peau. Sans odeur, enti\u00e8rement naturel et au pH neutre pour les animaux. Cette formule garde le pelage propre et frais plus longtemps que la plupart des autres shampooings. Convient aux chiens, chiots, chats, chatons, animaux de compagnie et animaux de ferme. Concentr\u00e9 15:1 pour une utilisation \u00e9conomique.    <\/p>\n","protected":false},"excerpt":{"rendered":"<p>Le shampooing Double K Hypo+ est un shampooing hypoallerg\u00e9nique, sans parfum et au pH neutre qui nettoie en profondeur tout en \u00e9tant doux pour la peau, avec une formule concentr\u00e9e 15:1 pour une utilisation \u00e9conomique. Il convient aux chiens, aux chats, aux chiots, aux chatons, aux animaux de compagnie et aux animaux de ferme. <\/p>\n","protected":false},"featured_media":11016,"comment_status":"open","ping_status":"closed","template":"","meta":[],"product_brand":[],"product_cat":[183],"product_tag":[1271,1372,1373],"class_list":{"0":"post-11019","1":"product","2":"type-product","3":"status-publish","4":"has-post-thumbnail","6":"product_cat-toilettage","7":"product_tag-double-k-fr","8":"product_tag-hypo-shampooing","9":"product_tag-hypoallergenic-shampooing","11":"first","12":"instock","13":"taxable","14":"shipping-taxable","15":"purchasable","16":"product-type-simple"},"yoast_head":"<!-- This site is optimized with the Yoast SEO plugin v27.4 - https:\/\/yoast.com\/product\/yoast-seo-wordpress\/ -->\n<title>Double K Hypo+ Shampooing - 473 ml - Minihorse.eu<\/title>\n<meta name=\"description\" content=\"Shampooing Double K Hypo+ : hypoallerg\u00e9nique, sans parfum, pH neutre. Nettoie en profondeur et en douceur, garde le pelage frais. Sans danger pour les animaux de compagnie et de ferme.\" \/>\n<meta name=\"robots\" content=\"index, follow, max-snippet:-1, max-image-preview:large, max-video-preview:-1\" \/>\n<link rel=\"canonical\" href=\"https:\/\/www.minihorse.eu\/fr\/produit\/double-k-hypo-shampooing-473-ml\/\" \/>\n<meta property=\"og:locale\" content=\"fr_FR\" \/>\n<meta property=\"og:type\" content=\"article\" \/>\n<meta property=\"og:title\" content=\"Double K Hypo+ Shampooing - 473 ml - Minihorse.eu\" \/>\n<meta property=\"og:description\" content=\"Shampooing Double K Hypo+ : hypoallerg\u00e9nique, sans parfum, pH neutre. Nettoie en profondeur et en douceur, garde le pelage frais. Sans danger pour les animaux de compagnie et de ferme.\" \/>\n<meta property=\"og:url\" content=\"https:\/\/www.minihorse.eu\/fr\/produit\/double-k-hypo-shampooing-473-ml\/\" \/>\n<meta property=\"og:site_name\" content=\"Minihorse.eu\" \/>\n<meta property=\"article:publisher\" content=\"https:\/\/www.facebook.com\/profile.php?id=100063487117479\" \/>\n<meta property=\"og:image\" content=\"https:\/\/www.minihorse.eu\/wp-content\/uploads\/2025\/07\/Double-K-Hypo-Shampoo-473-ml.jpg\" \/>\n\t<meta property=\"og:image:width\" content=\"700\" \/>\n\t<meta property=\"og:image:height\" content=\"700\" \/>\n\t<meta property=\"og:image:type\" content=\"image\/jpeg\" \/>\n<meta name=\"twitter:card\" content=\"summary_large_image\" \/>\n<script type=\"application\/ld+json\" class=\"yoast-schema-graph\">{\"@context\":\"https:\\\/\\\/schema.org\",\"@graph\":[{\"@type\":\"WebPage\",\"@id\":\"https:\\\/\\\/www.minihorse.eu\\\/fr\\\/produit\\\/double-k-hypo-shampooing-473-ml\\\/\",\"url\":\"https:\\\/\\\/www.minihorse.eu\\\/fr\\\/produit\\\/double-k-hypo-shampooing-473-ml\\\/\",\"name\":\"Double K Hypo+ Shampooing - 473 ml - Minihorse.eu\",\"isPartOf\":{\"@id\":\"https:\\\/\\\/www.minihorse.eu\\\/#website\"},\"primaryImageOfPage\":{\"@id\":\"https:\\\/\\\/www.minihorse.eu\\\/fr\\\/produit\\\/double-k-hypo-shampooing-473-ml\\\/#primaryimage\"},\"image\":{\"@id\":\"https:\\\/\\\/www.minihorse.eu\\\/fr\\\/produit\\\/double-k-hypo-shampooing-473-ml\\\/#primaryimage\"},\"thumbnailUrl\":\"https:\\\/\\\/www.minihorse.eu\\\/wp-content\\\/uploads\\\/2025\\\/07\\\/Double-K-Hypo-Shampoo-473-ml.jpg\",\"datePublished\":\"2025-07-09T14:41:36+00:00\",\"description\":\"Shampooing Double K Hypo+ : hypoallerg\u00e9nique, sans parfum, pH neutre. Nettoie en profondeur et en douceur, garde le pelage frais. Sans danger pour les animaux de compagnie et de ferme.\",\"breadcrumb\":{\"@id\":\"https:\\\/\\\/www.minihorse.eu\\\/fr\\\/produit\\\/double-k-hypo-shampooing-473-ml\\\/#breadcrumb\"},\"inLanguage\":\"fr-FR\",\"potentialAction\":[{\"@type\":\"ReadAction\",\"target\":[\"https:\\\/\\\/www.minihorse.eu\\\/fr\\\/produit\\\/double-k-hypo-shampooing-473-ml\\\/\"]}]},{\"@type\":\"ImageObject\",\"inLanguage\":\"fr-FR\",\"@id\":\"https:\\\/\\\/www.minihorse.eu\\\/fr\\\/produit\\\/double-k-hypo-shampooing-473-ml\\\/#primaryimage\",\"url\":\"https:\\\/\\\/www.minihorse.eu\\\/wp-content\\\/uploads\\\/2025\\\/07\\\/Double-K-Hypo-Shampoo-473-ml.jpg\",\"contentUrl\":\"https:\\\/\\\/www.minihorse.eu\\\/wp-content\\\/uploads\\\/2025\\\/07\\\/Double-K-Hypo-Shampoo-473-ml.jpg\",\"width\":700,\"height\":700,\"caption\":\"Double K Hypo+ Shampooing - 473 ml\"},{\"@type\":\"BreadcrumbList\",\"@id\":\"https:\\\/\\\/www.minihorse.eu\\\/fr\\\/produit\\\/double-k-hypo-shampooing-473-ml\\\/#breadcrumb\",\"itemListElement\":[{\"@type\":\"ListItem\",\"position\":1,\"name\":\"Home\",\"item\":\"https:\\\/\\\/www.minihorse.eu\\\/fr\\\/accueil\\\/\"},{\"@type\":\"ListItem\",\"position\":2,\"name\":\"Boutique\",\"item\":\"https:\\\/\\\/www.minihorse.eu\\\/fr\\\/boutique\\\/\"},{\"@type\":\"ListItem\",\"position\":3,\"name\":\"Double K Hypo+ Shampooing &#8211; 473 ml\"}]},{\"@type\":\"WebSite\",\"@id\":\"https:\\\/\\\/www.minihorse.eu\\\/#website\",\"url\":\"https:\\\/\\\/www.minihorse.eu\\\/\",\"name\":\"Minihorse.eu\",\"description\":\"The #1 store for Miniature Horses\",\"publisher\":{\"@id\":\"https:\\\/\\\/www.minihorse.eu\\\/#organization\"},\"potentialAction\":[{\"@type\":\"SearchAction\",\"target\":{\"@type\":\"EntryPoint\",\"urlTemplate\":\"https:\\\/\\\/www.minihorse.eu\\\/?s={search_term_string}\"},\"query-input\":{\"@type\":\"PropertyValueSpecification\",\"valueRequired\":true,\"valueName\":\"search_term_string\"}}],\"inLanguage\":\"fr-FR\"},{\"@type\":\"Organization\",\"@id\":\"https:\\\/\\\/www.minihorse.eu\\\/#organization\",\"name\":\"Minihorse.eu\",\"url\":\"https:\\\/\\\/www.minihorse.eu\\\/\",\"logo\":{\"@type\":\"ImageObject\",\"inLanguage\":\"fr-FR\",\"@id\":\"https:\\\/\\\/www.minihorse.eu\\\/#\\\/schema\\\/logo\\\/image\\\/\",\"url\":\"https:\\\/\\\/www.minihorse.eu\\\/wp-content\\\/uploads\\\/2024\\\/08\\\/Logo-minihorse-ext.png\",\"contentUrl\":\"https:\\\/\\\/www.minihorse.eu\\\/wp-content\\\/uploads\\\/2024\\\/08\\\/Logo-minihorse-ext.png\",\"width\":500,\"height\":500,\"caption\":\"Minihorse.eu\"},\"image\":{\"@id\":\"https:\\\/\\\/www.minihorse.eu\\\/#\\\/schema\\\/logo\\\/image\\\/\"},\"sameAs\":[\"https:\\\/\\\/www.facebook.com\\\/profile.php?id=100063487117479\"]}]}<\/script>\n<!-- \/ Yoast SEO plugin. -->","yoast_head_json":{"title":"Double K Hypo+ Shampooing - 473 ml - Minihorse.eu","description":"Shampooing Double K Hypo+ : hypoallerg\u00e9nique, sans parfum, pH neutre. Nettoie en profondeur et en douceur, garde le pelage frais. Sans danger pour les animaux de compagnie et de ferme.","robots":{"index":"index","follow":"follow","max-snippet":"max-snippet:-1","max-image-preview":"max-image-preview:large","max-video-preview":"max-video-preview:-1"},"canonical":"https:\/\/www.minihorse.eu\/fr\/produit\/double-k-hypo-shampooing-473-ml\/","og_locale":"fr_FR","og_type":"article","og_title":"Double K Hypo+ Shampooing - 473 ml - Minihorse.eu","og_description":"Shampooing Double K Hypo+ : hypoallerg\u00e9nique, sans parfum, pH neutre. Nettoie en profondeur et en douceur, garde le pelage frais. Sans danger pour les animaux de compagnie et de ferme.","og_url":"https:\/\/www.minihorse.eu\/fr\/produit\/double-k-hypo-shampooing-473-ml\/","og_site_name":"Minihorse.eu","article_publisher":"https:\/\/www.facebook.com\/profile.php?id=100063487117479","og_image":[{"width":700,"height":700,"url":"https:\/\/www.minihorse.eu\/wp-content\/uploads\/2025\/07\/Double-K-Hypo-Shampoo-473-ml.jpg","type":"image\/jpeg"}],"twitter_card":"summary_large_image","schema":{"@context":"https:\/\/schema.org","@graph":[{"@type":"WebPage","@id":"https:\/\/www.minihorse.eu\/fr\/produit\/double-k-hypo-shampooing-473-ml\/","url":"https:\/\/www.minihorse.eu\/fr\/produit\/double-k-hypo-shampooing-473-ml\/","name":"Double K Hypo+ Shampooing - 473 ml - Minihorse.eu","isPartOf":{"@id":"https:\/\/www.minihorse.eu\/#website"},"primaryImageOfPage":{"@id":"https:\/\/www.minihorse.eu\/fr\/produit\/double-k-hypo-shampooing-473-ml\/#primaryimage"},"image":{"@id":"https:\/\/www.minihorse.eu\/fr\/produit\/double-k-hypo-shampooing-473-ml\/#primaryimage"},"thumbnailUrl":"https:\/\/www.minihorse.eu\/wp-content\/uploads\/2025\/07\/Double-K-Hypo-Shampoo-473-ml.jpg","datePublished":"2025-07-09T14:41:36+00:00","description":"Shampooing Double K Hypo+ : hypoallerg\u00e9nique, sans parfum, pH neutre. Nettoie en profondeur et en douceur, garde le pelage frais. Sans danger pour les animaux de compagnie et de ferme.","breadcrumb":{"@id":"https:\/\/www.minihorse.eu\/fr\/produit\/double-k-hypo-shampooing-473-ml\/#breadcrumb"},"inLanguage":"fr-FR","potentialAction":[{"@type":"ReadAction","target":["https:\/\/www.minihorse.eu\/fr\/produit\/double-k-hypo-shampooing-473-ml\/"]}]},{"@type":"ImageObject","inLanguage":"fr-FR","@id":"https:\/\/www.minihorse.eu\/fr\/produit\/double-k-hypo-shampooing-473-ml\/#primaryimage","url":"https:\/\/www.minihorse.eu\/wp-content\/uploads\/2025\/07\/Double-K-Hypo-Shampoo-473-ml.jpg","contentUrl":"https:\/\/www.minihorse.eu\/wp-content\/uploads\/2025\/07\/Double-K-Hypo-Shampoo-473-ml.jpg","width":700,"height":700,"caption":"Double K Hypo+ Shampooing - 473 ml"},{"@type":"BreadcrumbList","@id":"https:\/\/www.minihorse.eu\/fr\/produit\/double-k-hypo-shampooing-473-ml\/#breadcrumb","itemListElement":[{"@type":"ListItem","position":1,"name":"Home","item":"https:\/\/www.minihorse.eu\/fr\/accueil\/"},{"@type":"ListItem","position":2,"name":"Boutique","item":"https:\/\/www.minihorse.eu\/fr\/boutique\/"},{"@type":"ListItem","position":3,"name":"Double K Hypo+ Shampooing &#8211; 473 ml"}]},{"@type":"WebSite","@id":"https:\/\/www.minihorse.eu\/#website","url":"https:\/\/www.minihorse.eu\/","name":"Minihorse.eu","description":"The #1 store for Miniature Horses","publisher":{"@id":"https:\/\/www.minihorse.eu\/#organization"},"potentialAction":[{"@type":"SearchAction","target":{"@type":"EntryPoint","urlTemplate":"https:\/\/www.minihorse.eu\/?s={search_term_string}"},"query-input":{"@type":"PropertyValueSpecification","valueRequired":true,"valueName":"search_term_string"}}],"inLanguage":"fr-FR"},{"@type":"Organization","@id":"https:\/\/www.minihorse.eu\/#organization","name":"Minihorse.eu","url":"https:\/\/www.minihorse.eu\/","logo":{"@type":"ImageObject","inLanguage":"fr-FR","@id":"https:\/\/www.minihorse.eu\/#\/schema\/logo\/image\/","url":"https:\/\/www.minihorse.eu\/wp-content\/uploads\/2024\/08\/Logo-minihorse-ext.png","contentUrl":"https:\/\/www.minihorse.eu\/wp-content\/uploads\/2024\/08\/Logo-minihorse-ext.png","width":500,"height":500,"caption":"Minihorse.eu"},"image":{"@id":"https:\/\/www.minihorse.eu\/#\/schema\/logo\/image\/"},"sameAs":["https:\/\/www.facebook.com\/profile.php?id=100063487117479"]}]}},"jetpack_sharing_enabled":true,"_links":{"self":[{"href":"https:\/\/www.minihorse.eu\/fr\/wp-json\/wp\/v2\/product\/11019","targetHints":{"allow":["GET"]}}],"collection":[{"href":"https:\/\/www.minihorse.eu\/fr\/wp-json\/wp\/v2\/product"}],"about":[{"href":"https:\/\/www.minihorse.eu\/fr\/wp-json\/wp\/v2\/types\/product"}],"replies":[{"embeddable":true,"href":"https:\/\/www.minihorse.eu\/fr\/wp-json\/wp\/v2\/comments?post=11019"}],"wp:featuredmedia":[{"embeddable":true,"href":"https:\/\/www.minihorse.eu\/fr\/wp-json\/wp\/v2\/media\/11016"}],"wp:attachment":[{"href":"https:\/\/www.minihorse.eu\/fr\/wp-json\/wp\/v2\/media?parent=11019"}],"wp:term":[{"taxonomy":"product_brand","embeddable":true,"href":"https:\/\/www.minihorse.eu\/fr\/wp-json\/wp\/v2\/product_brand?post=11019"},{"taxonomy":"product_cat","embeddable":true,"href":"https:\/\/www.minihorse.eu\/fr\/wp-json\/wp\/v2\/product_cat?post=11019"},{"taxonomy":"product_tag","embeddable":true,"href":"https:\/\/www.minihorse.eu\/fr\/wp-json\/wp\/v2\/product_tag?post=11019"}],"curies":[{"name":"wp","href":"https:\/\/api.w.org\/{rel}","templated":true}]}}