{"id":11031,"date":"2025-07-09T15:03:12","date_gmt":"2025-07-09T15:03:12","guid":{"rendered":"https:\/\/www.minihorse.eu\/product\/double-k-oat-mella-shampooing-473-ml\/"},"modified":"2025-07-09T15:03:12","modified_gmt":"2025-07-09T15:03:12","slug":"double-k-oat-mella-shampooing-473-ml","status":"publish","type":"product","link":"https:\/\/www.minihorse.eu\/fr\/produit\/double-k-oat-mella-shampooing-473-ml\/","title":{"rendered":"Double K Oat Mella shampooing &#8211; 473 ml"},"content":{"rendered":"<p>Le shampooing Double K Oat Mella combine l&rsquo;avoine, l&rsquo;huile d&rsquo;arbre \u00e0 th\u00e9 (melaleuca) et l&rsquo;aloe vera dans une formule riche et th\u00e9rapeutique qui apaise la peau irrit\u00e9e et \u00e9limine les cellules cutan\u00e9es s\u00e8ches. Ce shampooing naturel aide \u00e0 r\u00e9duire les d\u00e9mangeaisons et neutralise les odeurs d\u00e9sagr\u00e9ables souvent associ\u00e9es aux probl\u00e8mes de peau. La concentration de 8:1 en fait un choix \u00e9conomique et efficace pour les toiletteurs et l&rsquo;utilisation \u00e0 domicile. Diluer 1 volume de shampooing dans 8 volumes d&rsquo;eau. Appliquer sur le pelage mouill\u00e9, bien masser et rincer abondamment. R\u00e9p\u00e9ter si n\u00e9cessaire.     <\/p>\n","protected":false},"excerpt":{"rendered":"<p>Le shampooing Double K Oat Mella combine l&rsquo;avoine, l&rsquo;huile d&rsquo;arbre \u00e0 th\u00e9 et l&rsquo;aloe vera dans une formule riche et apaisante qui calme la peau irrit\u00e9e, \u00e9limine les cellules cutan\u00e9es s\u00e8ches et neutralise les odeurs. Avec une concentration de 8:1, c&rsquo;est un choix \u00e9conomique et efficace pour les toiletteurs et l&rsquo;utilisation \u00e0 domicile. <\/p>\n","protected":false},"featured_media":11029,"comment_status":"open","ping_status":"closed","template":"","meta":[],"product_brand":[],"product_cat":[183],"product_tag":[1271,1383,778,1385,1384,775,1382],"class_list":{"0":"post-11031","1":"product","2":"type-product","3":"status-publish","4":"has-post-thumbnail","6":"product_cat-toilettage","7":"product_tag-double-k-fr","8":"product_tag-farine-davoine","9":"product_tag-gratte","10":"product_tag-odeurs","11":"product_tag-peau-irritee","12":"product_tag-peau-seche","13":"product_tag-shampooing-mella-a-lavoine","15":"first","16":"instock","17":"taxable","18":"shipping-taxable","19":"purchasable","20":"product-type-simple"},"yoast_head":"<!-- This site is optimized with the Yoast SEO plugin v27.4 - https:\/\/yoast.com\/product\/yoast-seo-wordpress\/ -->\n<title>Double K Oat Mella shampooing - 473 ml - Minihorse.eu<\/title>\n<meta name=\"description\" content=\"Le shampooing Double K Oat Mella apaise la peau irrit\u00e9e, r\u00e9duit les d\u00e9mangeaisons et neutralise les odeurs. Concentr\u00e9 naturel 8:1 pour une utilisation efficace et \u00e9conomique.\" \/>\n<meta name=\"robots\" content=\"index, follow, max-snippet:-1, max-image-preview:large, max-video-preview:-1\" \/>\n<link rel=\"canonical\" href=\"https:\/\/www.minihorse.eu\/fr\/produit\/double-k-oat-mella-shampooing-473-ml\/\" \/>\n<meta property=\"og:locale\" content=\"fr_FR\" \/>\n<meta property=\"og:type\" content=\"article\" \/>\n<meta property=\"og:title\" content=\"Double K Oat Mella shampooing - 473 ml - Minihorse.eu\" \/>\n<meta property=\"og:description\" content=\"Le shampooing Double K Oat Mella apaise la peau irrit\u00e9e, r\u00e9duit les d\u00e9mangeaisons et neutralise les odeurs. Concentr\u00e9 naturel 8:1 pour une utilisation efficace et \u00e9conomique.\" \/>\n<meta property=\"og:url\" content=\"https:\/\/www.minihorse.eu\/fr\/produit\/double-k-oat-mella-shampooing-473-ml\/\" \/>\n<meta property=\"og:site_name\" content=\"Minihorse.eu\" \/>\n<meta property=\"article:publisher\" content=\"https:\/\/www.facebook.com\/profile.php?id=100063487117479\" \/>\n<meta property=\"og:image\" content=\"https:\/\/www.minihorse.eu\/wp-content\/uploads\/2025\/07\/Double-K-Oat-Mella-shampoo-473-ml.jpg\" \/>\n\t<meta property=\"og:image:width\" content=\"700\" \/>\n\t<meta property=\"og:image:height\" content=\"700\" \/>\n\t<meta property=\"og:image:type\" content=\"image\/jpeg\" \/>\n<meta name=\"twitter:card\" content=\"summary_large_image\" \/>\n<script type=\"application\/ld+json\" class=\"yoast-schema-graph\">{\"@context\":\"https:\\\/\\\/schema.org\",\"@graph\":[{\"@type\":\"WebPage\",\"@id\":\"https:\\\/\\\/www.minihorse.eu\\\/fr\\\/produit\\\/double-k-oat-mella-shampooing-473-ml\\\/\",\"url\":\"https:\\\/\\\/www.minihorse.eu\\\/fr\\\/produit\\\/double-k-oat-mella-shampooing-473-ml\\\/\",\"name\":\"Double K Oat Mella shampooing - 473 ml - Minihorse.eu\",\"isPartOf\":{\"@id\":\"https:\\\/\\\/www.minihorse.eu\\\/#website\"},\"primaryImageOfPage\":{\"@id\":\"https:\\\/\\\/www.minihorse.eu\\\/fr\\\/produit\\\/double-k-oat-mella-shampooing-473-ml\\\/#primaryimage\"},\"image\":{\"@id\":\"https:\\\/\\\/www.minihorse.eu\\\/fr\\\/produit\\\/double-k-oat-mella-shampooing-473-ml\\\/#primaryimage\"},\"thumbnailUrl\":\"https:\\\/\\\/www.minihorse.eu\\\/wp-content\\\/uploads\\\/2025\\\/07\\\/Double-K-Oat-Mella-shampoo-473-ml.jpg\",\"datePublished\":\"2025-07-09T15:03:12+00:00\",\"description\":\"Le shampooing Double K Oat Mella apaise la peau irrit\u00e9e, r\u00e9duit les d\u00e9mangeaisons et neutralise les odeurs. Concentr\u00e9 naturel 8:1 pour une utilisation efficace et \u00e9conomique.\",\"breadcrumb\":{\"@id\":\"https:\\\/\\\/www.minihorse.eu\\\/fr\\\/produit\\\/double-k-oat-mella-shampooing-473-ml\\\/#breadcrumb\"},\"inLanguage\":\"fr-FR\",\"potentialAction\":[{\"@type\":\"ReadAction\",\"target\":[\"https:\\\/\\\/www.minihorse.eu\\\/fr\\\/produit\\\/double-k-oat-mella-shampooing-473-ml\\\/\"]}]},{\"@type\":\"ImageObject\",\"inLanguage\":\"fr-FR\",\"@id\":\"https:\\\/\\\/www.minihorse.eu\\\/fr\\\/produit\\\/double-k-oat-mella-shampooing-473-ml\\\/#primaryimage\",\"url\":\"https:\\\/\\\/www.minihorse.eu\\\/wp-content\\\/uploads\\\/2025\\\/07\\\/Double-K-Oat-Mella-shampoo-473-ml.jpg\",\"contentUrl\":\"https:\\\/\\\/www.minihorse.eu\\\/wp-content\\\/uploads\\\/2025\\\/07\\\/Double-K-Oat-Mella-shampoo-473-ml.jpg\",\"width\":700,\"height\":700},{\"@type\":\"BreadcrumbList\",\"@id\":\"https:\\\/\\\/www.minihorse.eu\\\/fr\\\/produit\\\/double-k-oat-mella-shampooing-473-ml\\\/#breadcrumb\",\"itemListElement\":[{\"@type\":\"ListItem\",\"position\":1,\"name\":\"Home\",\"item\":\"https:\\\/\\\/www.minihorse.eu\\\/fr\\\/accueil\\\/\"},{\"@type\":\"ListItem\",\"position\":2,\"name\":\"Boutique\",\"item\":\"https:\\\/\\\/www.minihorse.eu\\\/fr\\\/boutique\\\/\"},{\"@type\":\"ListItem\",\"position\":3,\"name\":\"Double K Oat Mella shampooing &#8211; 473 ml\"}]},{\"@type\":\"WebSite\",\"@id\":\"https:\\\/\\\/www.minihorse.eu\\\/#website\",\"url\":\"https:\\\/\\\/www.minihorse.eu\\\/\",\"name\":\"Minihorse.eu\",\"description\":\"The #1 store for Miniature Horses\",\"publisher\":{\"@id\":\"https:\\\/\\\/www.minihorse.eu\\\/#organization\"},\"potentialAction\":[{\"@type\":\"SearchAction\",\"target\":{\"@type\":\"EntryPoint\",\"urlTemplate\":\"https:\\\/\\\/www.minihorse.eu\\\/?s={search_term_string}\"},\"query-input\":{\"@type\":\"PropertyValueSpecification\",\"valueRequired\":true,\"valueName\":\"search_term_string\"}}],\"inLanguage\":\"fr-FR\"},{\"@type\":\"Organization\",\"@id\":\"https:\\\/\\\/www.minihorse.eu\\\/#organization\",\"name\":\"Minihorse.eu\",\"url\":\"https:\\\/\\\/www.minihorse.eu\\\/\",\"logo\":{\"@type\":\"ImageObject\",\"inLanguage\":\"fr-FR\",\"@id\":\"https:\\\/\\\/www.minihorse.eu\\\/#\\\/schema\\\/logo\\\/image\\\/\",\"url\":\"https:\\\/\\\/www.minihorse.eu\\\/wp-content\\\/uploads\\\/2024\\\/08\\\/Logo-minihorse-ext.png\",\"contentUrl\":\"https:\\\/\\\/www.minihorse.eu\\\/wp-content\\\/uploads\\\/2024\\\/08\\\/Logo-minihorse-ext.png\",\"width\":500,\"height\":500,\"caption\":\"Minihorse.eu\"},\"image\":{\"@id\":\"https:\\\/\\\/www.minihorse.eu\\\/#\\\/schema\\\/logo\\\/image\\\/\"},\"sameAs\":[\"https:\\\/\\\/www.facebook.com\\\/profile.php?id=100063487117479\"]}]}<\/script>\n<!-- \/ Yoast SEO plugin. -->","yoast_head_json":{"title":"Double K Oat Mella shampooing - 473 ml - Minihorse.eu","description":"Le shampooing Double K Oat Mella apaise la peau irrit\u00e9e, r\u00e9duit les d\u00e9mangeaisons et neutralise les odeurs. Concentr\u00e9 naturel 8:1 pour une utilisation efficace et \u00e9conomique.","robots":{"index":"index","follow":"follow","max-snippet":"max-snippet:-1","max-image-preview":"max-image-preview:large","max-video-preview":"max-video-preview:-1"},"canonical":"https:\/\/www.minihorse.eu\/fr\/produit\/double-k-oat-mella-shampooing-473-ml\/","og_locale":"fr_FR","og_type":"article","og_title":"Double K Oat Mella shampooing - 473 ml - Minihorse.eu","og_description":"Le shampooing Double K Oat Mella apaise la peau irrit\u00e9e, r\u00e9duit les d\u00e9mangeaisons et neutralise les odeurs. Concentr\u00e9 naturel 8:1 pour une utilisation efficace et \u00e9conomique.","og_url":"https:\/\/www.minihorse.eu\/fr\/produit\/double-k-oat-mella-shampooing-473-ml\/","og_site_name":"Minihorse.eu","article_publisher":"https:\/\/www.facebook.com\/profile.php?id=100063487117479","og_image":[{"width":700,"height":700,"url":"https:\/\/www.minihorse.eu\/wp-content\/uploads\/2025\/07\/Double-K-Oat-Mella-shampoo-473-ml.jpg","type":"image\/jpeg"}],"twitter_card":"summary_large_image","schema":{"@context":"https:\/\/schema.org","@graph":[{"@type":"WebPage","@id":"https:\/\/www.minihorse.eu\/fr\/produit\/double-k-oat-mella-shampooing-473-ml\/","url":"https:\/\/www.minihorse.eu\/fr\/produit\/double-k-oat-mella-shampooing-473-ml\/","name":"Double K Oat Mella shampooing - 473 ml - Minihorse.eu","isPartOf":{"@id":"https:\/\/www.minihorse.eu\/#website"},"primaryImageOfPage":{"@id":"https:\/\/www.minihorse.eu\/fr\/produit\/double-k-oat-mella-shampooing-473-ml\/#primaryimage"},"image":{"@id":"https:\/\/www.minihorse.eu\/fr\/produit\/double-k-oat-mella-shampooing-473-ml\/#primaryimage"},"thumbnailUrl":"https:\/\/www.minihorse.eu\/wp-content\/uploads\/2025\/07\/Double-K-Oat-Mella-shampoo-473-ml.jpg","datePublished":"2025-07-09T15:03:12+00:00","description":"Le shampooing Double K Oat Mella apaise la peau irrit\u00e9e, r\u00e9duit les d\u00e9mangeaisons et neutralise les odeurs. Concentr\u00e9 naturel 8:1 pour une utilisation efficace et \u00e9conomique.","breadcrumb":{"@id":"https:\/\/www.minihorse.eu\/fr\/produit\/double-k-oat-mella-shampooing-473-ml\/#breadcrumb"},"inLanguage":"fr-FR","potentialAction":[{"@type":"ReadAction","target":["https:\/\/www.minihorse.eu\/fr\/produit\/double-k-oat-mella-shampooing-473-ml\/"]}]},{"@type":"ImageObject","inLanguage":"fr-FR","@id":"https:\/\/www.minihorse.eu\/fr\/produit\/double-k-oat-mella-shampooing-473-ml\/#primaryimage","url":"https:\/\/www.minihorse.eu\/wp-content\/uploads\/2025\/07\/Double-K-Oat-Mella-shampoo-473-ml.jpg","contentUrl":"https:\/\/www.minihorse.eu\/wp-content\/uploads\/2025\/07\/Double-K-Oat-Mella-shampoo-473-ml.jpg","width":700,"height":700},{"@type":"BreadcrumbList","@id":"https:\/\/www.minihorse.eu\/fr\/produit\/double-k-oat-mella-shampooing-473-ml\/#breadcrumb","itemListElement":[{"@type":"ListItem","position":1,"name":"Home","item":"https:\/\/www.minihorse.eu\/fr\/accueil\/"},{"@type":"ListItem","position":2,"name":"Boutique","item":"https:\/\/www.minihorse.eu\/fr\/boutique\/"},{"@type":"ListItem","position":3,"name":"Double K Oat Mella shampooing &#8211; 473 ml"}]},{"@type":"WebSite","@id":"https:\/\/www.minihorse.eu\/#website","url":"https:\/\/www.minihorse.eu\/","name":"Minihorse.eu","description":"The #1 store for Miniature Horses","publisher":{"@id":"https:\/\/www.minihorse.eu\/#organization"},"potentialAction":[{"@type":"SearchAction","target":{"@type":"EntryPoint","urlTemplate":"https:\/\/www.minihorse.eu\/?s={search_term_string}"},"query-input":{"@type":"PropertyValueSpecification","valueRequired":true,"valueName":"search_term_string"}}],"inLanguage":"fr-FR"},{"@type":"Organization","@id":"https:\/\/www.minihorse.eu\/#organization","name":"Minihorse.eu","url":"https:\/\/www.minihorse.eu\/","logo":{"@type":"ImageObject","inLanguage":"fr-FR","@id":"https:\/\/www.minihorse.eu\/#\/schema\/logo\/image\/","url":"https:\/\/www.minihorse.eu\/wp-content\/uploads\/2024\/08\/Logo-minihorse-ext.png","contentUrl":"https:\/\/www.minihorse.eu\/wp-content\/uploads\/2024\/08\/Logo-minihorse-ext.png","width":500,"height":500,"caption":"Minihorse.eu"},"image":{"@id":"https:\/\/www.minihorse.eu\/#\/schema\/logo\/image\/"},"sameAs":["https:\/\/www.facebook.com\/profile.php?id=100063487117479"]}]}},"jetpack_sharing_enabled":true,"_links":{"self":[{"href":"https:\/\/www.minihorse.eu\/fr\/wp-json\/wp\/v2\/product\/11031","targetHints":{"allow":["GET"]}}],"collection":[{"href":"https:\/\/www.minihorse.eu\/fr\/wp-json\/wp\/v2\/product"}],"about":[{"href":"https:\/\/www.minihorse.eu\/fr\/wp-json\/wp\/v2\/types\/product"}],"replies":[{"embeddable":true,"href":"https:\/\/www.minihorse.eu\/fr\/wp-json\/wp\/v2\/comments?post=11031"}],"wp:featuredmedia":[{"embeddable":true,"href":"https:\/\/www.minihorse.eu\/fr\/wp-json\/wp\/v2\/media\/11029"}],"wp:attachment":[{"href":"https:\/\/www.minihorse.eu\/fr\/wp-json\/wp\/v2\/media?parent=11031"}],"wp:term":[{"taxonomy":"product_brand","embeddable":true,"href":"https:\/\/www.minihorse.eu\/fr\/wp-json\/wp\/v2\/product_brand?post=11031"},{"taxonomy":"product_cat","embeddable":true,"href":"https:\/\/www.minihorse.eu\/fr\/wp-json\/wp\/v2\/product_cat?post=11031"},{"taxonomy":"product_tag","embeddable":true,"href":"https:\/\/www.minihorse.eu\/fr\/wp-json\/wp\/v2\/product_tag?post=11031"}],"curies":[{"name":"wp","href":"https:\/\/api.w.org\/{rel}","templated":true}]}}