{"id":11048,"date":"2025-07-09T15:30:46","date_gmt":"2025-07-09T15:30:46","guid":{"rendered":"https:\/\/www.minihorse.eu\/product\/double-k-ultimate-shampooing-et-conditionneur-473-ml\/"},"modified":"2025-09-12T07:22:17","modified_gmt":"2025-09-12T07:22:17","slug":"double-k-ultimate-shampooing-et-conditionneur-473-ml","status":"publish","type":"product","link":"https:\/\/www.minihorse.eu\/fr\/produit\/double-k-ultimate-shampooing-et-conditionneur-473-ml\/","title":{"rendered":"Double K Ultimate Shampooing et Conditionneur 473 ml"},"content":{"rendered":"<p>Double K Ultimate Shampooing et Conditionneur 473 ml nettoie en profondeur mais en douceur les pelages les plus sales. Bas\u00e9 sur la formule populaire Grimeinator, il \u00e9limine efficacement la graisse, l&rsquo;huile et la salet\u00e9, laissant un pelage doux et brillant. Ses propri\u00e9t\u00e9s antistatiques facilitent la propret\u00e9 du pelage. Il se rince rapidement, \u00e9conomise l&rsquo;eau et est tr\u00e8s concentr\u00e9 (50:1), ce qui le rend id\u00e9al pour un usage quotidien sur toutes les races.   <\/p>\n","protected":false},"excerpt":{"rendered":"<p>Double K Ultimate Shampooing et Conditionneur 473 ml nettoie en profondeur et en douceur m\u00eame les pelages les plus sales, \u00e9liminant la graisse, l&rsquo;huile et la salet\u00e9 tout en laissant la fourrure douce, brillante et facile \u00e0 coiffer. Sa formule antistatique, \u00e0 rin\u00e7age rapide et hautement concentr\u00e9e 50:1 est id\u00e9ale pour un usage quotidien sur toutes les races. <\/p>\n","protected":false},"featured_media":11045,"comment_status":"open","ping_status":"closed","template":"","meta":[],"product_brand":[],"product_cat":[183],"product_tag":[1417,1364,1271,1414,1415,1413,1416,1418,1411,1412],"class_list":{"0":"post-11048","1":"product","2":"type-product","3":"status-publish","4":"has-post-thumbnail","6":"product_cat-toilettage","7":"product_tag-antistatique","8":"product_tag-conditionneur","9":"product_tag-double-k-fr","10":"product_tag-graisse","11":"product_tag-huile","12":"product_tag-nettoyage","13":"product_tag-salete","14":"product_tag-toutes-les-races","15":"product_tag-ultimate-shampooing","16":"product_tag-ultimate-shampooing-conditionneur","18":"first","19":"instock","20":"taxable","21":"shipping-taxable","22":"purchasable","23":"product-type-simple"},"yoast_head":"<!-- This site is optimized with the Yoast SEO plugin v27.4 - https:\/\/yoast.com\/product\/yoast-seo-wordpress\/ -->\n<title>Double K Ultimate Shampooing et Conditionneur 473 ml - Minihorse.eu<\/title>\n<meta name=\"description\" content=\"Double K Ultimate Shampooing et Conditionneur nettoie en douceur les pelages sales, \u00e9limine les graisses et apporte de la brillance. Antistatique, rin\u00e7age rapide, concentr\u00e9 50:1.\" \/>\n<meta name=\"robots\" content=\"index, follow, max-snippet:-1, max-image-preview:large, max-video-preview:-1\" \/>\n<link rel=\"canonical\" href=\"https:\/\/www.minihorse.eu\/fr\/produit\/double-k-ultimate-shampooing-et-conditionneur-473-ml\/\" \/>\n<meta property=\"og:locale\" content=\"fr_FR\" \/>\n<meta property=\"og:type\" content=\"article\" \/>\n<meta property=\"og:title\" content=\"Double K Ultimate Shampooing et Conditionneur 473 ml - Minihorse.eu\" \/>\n<meta property=\"og:description\" content=\"Double K Ultimate Shampooing et Conditionneur nettoie en douceur les pelages sales, \u00e9limine les graisses et apporte de la brillance. Antistatique, rin\u00e7age rapide, concentr\u00e9 50:1.\" \/>\n<meta property=\"og:url\" content=\"https:\/\/www.minihorse.eu\/fr\/produit\/double-k-ultimate-shampooing-et-conditionneur-473-ml\/\" \/>\n<meta property=\"og:site_name\" content=\"Minihorse.eu\" \/>\n<meta property=\"article:publisher\" content=\"https:\/\/www.facebook.com\/profile.php?id=100063487117479\" \/>\n<meta property=\"article:modified_time\" content=\"2025-09-12T07:22:17+00:00\" \/>\n<meta property=\"og:image\" content=\"https:\/\/www.minihorse.eu\/wp-content\/uploads\/2025\/07\/Double-K-Ultimate-shampoo-and-conditioner-473-ml.jpg\" \/>\n\t<meta property=\"og:image:width\" content=\"700\" \/>\n\t<meta property=\"og:image:height\" content=\"700\" \/>\n\t<meta property=\"og:image:type\" content=\"image\/jpeg\" \/>\n<meta name=\"twitter:card\" content=\"summary_large_image\" \/>\n<script type=\"application\/ld+json\" class=\"yoast-schema-graph\">{\"@context\":\"https:\\\/\\\/schema.org\",\"@graph\":[{\"@type\":\"WebPage\",\"@id\":\"https:\\\/\\\/www.minihorse.eu\\\/fr\\\/produit\\\/double-k-ultimate-shampooing-et-conditionneur-473-ml\\\/\",\"url\":\"https:\\\/\\\/www.minihorse.eu\\\/fr\\\/produit\\\/double-k-ultimate-shampooing-et-conditionneur-473-ml\\\/\",\"name\":\"Double K Ultimate Shampooing et Conditionneur 473 ml - Minihorse.eu\",\"isPartOf\":{\"@id\":\"https:\\\/\\\/www.minihorse.eu\\\/#website\"},\"primaryImageOfPage\":{\"@id\":\"https:\\\/\\\/www.minihorse.eu\\\/fr\\\/produit\\\/double-k-ultimate-shampooing-et-conditionneur-473-ml\\\/#primaryimage\"},\"image\":{\"@id\":\"https:\\\/\\\/www.minihorse.eu\\\/fr\\\/produit\\\/double-k-ultimate-shampooing-et-conditionneur-473-ml\\\/#primaryimage\"},\"thumbnailUrl\":\"https:\\\/\\\/www.minihorse.eu\\\/wp-content\\\/uploads\\\/2025\\\/07\\\/Double-K-Ultimate-shampoo-and-conditioner-473-ml.jpg\",\"datePublished\":\"2025-07-09T15:30:46+00:00\",\"dateModified\":\"2025-09-12T07:22:17+00:00\",\"description\":\"Double K Ultimate Shampooing et Conditionneur nettoie en douceur les pelages sales, \u00e9limine les graisses et apporte de la brillance. Antistatique, rin\u00e7age rapide, concentr\u00e9 50:1.\",\"breadcrumb\":{\"@id\":\"https:\\\/\\\/www.minihorse.eu\\\/fr\\\/produit\\\/double-k-ultimate-shampooing-et-conditionneur-473-ml\\\/#breadcrumb\"},\"inLanguage\":\"fr-FR\",\"potentialAction\":[{\"@type\":\"ReadAction\",\"target\":[\"https:\\\/\\\/www.minihorse.eu\\\/fr\\\/produit\\\/double-k-ultimate-shampooing-et-conditionneur-473-ml\\\/\"]}]},{\"@type\":\"ImageObject\",\"inLanguage\":\"fr-FR\",\"@id\":\"https:\\\/\\\/www.minihorse.eu\\\/fr\\\/produit\\\/double-k-ultimate-shampooing-et-conditionneur-473-ml\\\/#primaryimage\",\"url\":\"https:\\\/\\\/www.minihorse.eu\\\/wp-content\\\/uploads\\\/2025\\\/07\\\/Double-K-Ultimate-shampoo-and-conditioner-473-ml.jpg\",\"contentUrl\":\"https:\\\/\\\/www.minihorse.eu\\\/wp-content\\\/uploads\\\/2025\\\/07\\\/Double-K-Ultimate-shampoo-and-conditioner-473-ml.jpg\",\"width\":700,\"height\":700},{\"@type\":\"BreadcrumbList\",\"@id\":\"https:\\\/\\\/www.minihorse.eu\\\/fr\\\/produit\\\/double-k-ultimate-shampooing-et-conditionneur-473-ml\\\/#breadcrumb\",\"itemListElement\":[{\"@type\":\"ListItem\",\"position\":1,\"name\":\"Home\",\"item\":\"https:\\\/\\\/www.minihorse.eu\\\/fr\\\/accueil\\\/\"},{\"@type\":\"ListItem\",\"position\":2,\"name\":\"Boutique\",\"item\":\"https:\\\/\\\/www.minihorse.eu\\\/fr\\\/boutique\\\/\"},{\"@type\":\"ListItem\",\"position\":3,\"name\":\"Double K Ultimate Shampooing et Conditionneur 473 ml\"}]},{\"@type\":\"WebSite\",\"@id\":\"https:\\\/\\\/www.minihorse.eu\\\/#website\",\"url\":\"https:\\\/\\\/www.minihorse.eu\\\/\",\"name\":\"Minihorse.eu\",\"description\":\"The #1 store for Miniature Horses\",\"publisher\":{\"@id\":\"https:\\\/\\\/www.minihorse.eu\\\/#organization\"},\"potentialAction\":[{\"@type\":\"SearchAction\",\"target\":{\"@type\":\"EntryPoint\",\"urlTemplate\":\"https:\\\/\\\/www.minihorse.eu\\\/?s={search_term_string}\"},\"query-input\":{\"@type\":\"PropertyValueSpecification\",\"valueRequired\":true,\"valueName\":\"search_term_string\"}}],\"inLanguage\":\"fr-FR\"},{\"@type\":\"Organization\",\"@id\":\"https:\\\/\\\/www.minihorse.eu\\\/#organization\",\"name\":\"Minihorse.eu\",\"url\":\"https:\\\/\\\/www.minihorse.eu\\\/\",\"logo\":{\"@type\":\"ImageObject\",\"inLanguage\":\"fr-FR\",\"@id\":\"https:\\\/\\\/www.minihorse.eu\\\/#\\\/schema\\\/logo\\\/image\\\/\",\"url\":\"https:\\\/\\\/www.minihorse.eu\\\/wp-content\\\/uploads\\\/2024\\\/08\\\/Logo-minihorse-ext.png\",\"contentUrl\":\"https:\\\/\\\/www.minihorse.eu\\\/wp-content\\\/uploads\\\/2024\\\/08\\\/Logo-minihorse-ext.png\",\"width\":500,\"height\":500,\"caption\":\"Minihorse.eu\"},\"image\":{\"@id\":\"https:\\\/\\\/www.minihorse.eu\\\/#\\\/schema\\\/logo\\\/image\\\/\"},\"sameAs\":[\"https:\\\/\\\/www.facebook.com\\\/profile.php?id=100063487117479\"]}]}<\/script>\n<!-- \/ Yoast SEO plugin. -->","yoast_head_json":{"title":"Double K Ultimate Shampooing et Conditionneur 473 ml - Minihorse.eu","description":"Double K Ultimate Shampooing et Conditionneur nettoie en douceur les pelages sales, \u00e9limine les graisses et apporte de la brillance. Antistatique, rin\u00e7age rapide, concentr\u00e9 50:1.","robots":{"index":"index","follow":"follow","max-snippet":"max-snippet:-1","max-image-preview":"max-image-preview:large","max-video-preview":"max-video-preview:-1"},"canonical":"https:\/\/www.minihorse.eu\/fr\/produit\/double-k-ultimate-shampooing-et-conditionneur-473-ml\/","og_locale":"fr_FR","og_type":"article","og_title":"Double K Ultimate Shampooing et Conditionneur 473 ml - Minihorse.eu","og_description":"Double K Ultimate Shampooing et Conditionneur nettoie en douceur les pelages sales, \u00e9limine les graisses et apporte de la brillance. Antistatique, rin\u00e7age rapide, concentr\u00e9 50:1.","og_url":"https:\/\/www.minihorse.eu\/fr\/produit\/double-k-ultimate-shampooing-et-conditionneur-473-ml\/","og_site_name":"Minihorse.eu","article_publisher":"https:\/\/www.facebook.com\/profile.php?id=100063487117479","article_modified_time":"2025-09-12T07:22:17+00:00","og_image":[{"width":700,"height":700,"url":"https:\/\/www.minihorse.eu\/wp-content\/uploads\/2025\/07\/Double-K-Ultimate-shampoo-and-conditioner-473-ml.jpg","type":"image\/jpeg"}],"twitter_card":"summary_large_image","schema":{"@context":"https:\/\/schema.org","@graph":[{"@type":"WebPage","@id":"https:\/\/www.minihorse.eu\/fr\/produit\/double-k-ultimate-shampooing-et-conditionneur-473-ml\/","url":"https:\/\/www.minihorse.eu\/fr\/produit\/double-k-ultimate-shampooing-et-conditionneur-473-ml\/","name":"Double K Ultimate Shampooing et Conditionneur 473 ml - Minihorse.eu","isPartOf":{"@id":"https:\/\/www.minihorse.eu\/#website"},"primaryImageOfPage":{"@id":"https:\/\/www.minihorse.eu\/fr\/produit\/double-k-ultimate-shampooing-et-conditionneur-473-ml\/#primaryimage"},"image":{"@id":"https:\/\/www.minihorse.eu\/fr\/produit\/double-k-ultimate-shampooing-et-conditionneur-473-ml\/#primaryimage"},"thumbnailUrl":"https:\/\/www.minihorse.eu\/wp-content\/uploads\/2025\/07\/Double-K-Ultimate-shampoo-and-conditioner-473-ml.jpg","datePublished":"2025-07-09T15:30:46+00:00","dateModified":"2025-09-12T07:22:17+00:00","description":"Double K Ultimate Shampooing et Conditionneur nettoie en douceur les pelages sales, \u00e9limine les graisses et apporte de la brillance. Antistatique, rin\u00e7age rapide, concentr\u00e9 50:1.","breadcrumb":{"@id":"https:\/\/www.minihorse.eu\/fr\/produit\/double-k-ultimate-shampooing-et-conditionneur-473-ml\/#breadcrumb"},"inLanguage":"fr-FR","potentialAction":[{"@type":"ReadAction","target":["https:\/\/www.minihorse.eu\/fr\/produit\/double-k-ultimate-shampooing-et-conditionneur-473-ml\/"]}]},{"@type":"ImageObject","inLanguage":"fr-FR","@id":"https:\/\/www.minihorse.eu\/fr\/produit\/double-k-ultimate-shampooing-et-conditionneur-473-ml\/#primaryimage","url":"https:\/\/www.minihorse.eu\/wp-content\/uploads\/2025\/07\/Double-K-Ultimate-shampoo-and-conditioner-473-ml.jpg","contentUrl":"https:\/\/www.minihorse.eu\/wp-content\/uploads\/2025\/07\/Double-K-Ultimate-shampoo-and-conditioner-473-ml.jpg","width":700,"height":700},{"@type":"BreadcrumbList","@id":"https:\/\/www.minihorse.eu\/fr\/produit\/double-k-ultimate-shampooing-et-conditionneur-473-ml\/#breadcrumb","itemListElement":[{"@type":"ListItem","position":1,"name":"Home","item":"https:\/\/www.minihorse.eu\/fr\/accueil\/"},{"@type":"ListItem","position":2,"name":"Boutique","item":"https:\/\/www.minihorse.eu\/fr\/boutique\/"},{"@type":"ListItem","position":3,"name":"Double K Ultimate Shampooing et Conditionneur 473 ml"}]},{"@type":"WebSite","@id":"https:\/\/www.minihorse.eu\/#website","url":"https:\/\/www.minihorse.eu\/","name":"Minihorse.eu","description":"The #1 store for Miniature Horses","publisher":{"@id":"https:\/\/www.minihorse.eu\/#organization"},"potentialAction":[{"@type":"SearchAction","target":{"@type":"EntryPoint","urlTemplate":"https:\/\/www.minihorse.eu\/?s={search_term_string}"},"query-input":{"@type":"PropertyValueSpecification","valueRequired":true,"valueName":"search_term_string"}}],"inLanguage":"fr-FR"},{"@type":"Organization","@id":"https:\/\/www.minihorse.eu\/#organization","name":"Minihorse.eu","url":"https:\/\/www.minihorse.eu\/","logo":{"@type":"ImageObject","inLanguage":"fr-FR","@id":"https:\/\/www.minihorse.eu\/#\/schema\/logo\/image\/","url":"https:\/\/www.minihorse.eu\/wp-content\/uploads\/2024\/08\/Logo-minihorse-ext.png","contentUrl":"https:\/\/www.minihorse.eu\/wp-content\/uploads\/2024\/08\/Logo-minihorse-ext.png","width":500,"height":500,"caption":"Minihorse.eu"},"image":{"@id":"https:\/\/www.minihorse.eu\/#\/schema\/logo\/image\/"},"sameAs":["https:\/\/www.facebook.com\/profile.php?id=100063487117479"]}]}},"jetpack_sharing_enabled":true,"_links":{"self":[{"href":"https:\/\/www.minihorse.eu\/fr\/wp-json\/wp\/v2\/product\/11048","targetHints":{"allow":["GET"]}}],"collection":[{"href":"https:\/\/www.minihorse.eu\/fr\/wp-json\/wp\/v2\/product"}],"about":[{"href":"https:\/\/www.minihorse.eu\/fr\/wp-json\/wp\/v2\/types\/product"}],"replies":[{"embeddable":true,"href":"https:\/\/www.minihorse.eu\/fr\/wp-json\/wp\/v2\/comments?post=11048"}],"wp:featuredmedia":[{"embeddable":true,"href":"https:\/\/www.minihorse.eu\/fr\/wp-json\/wp\/v2\/media\/11045"}],"wp:attachment":[{"href":"https:\/\/www.minihorse.eu\/fr\/wp-json\/wp\/v2\/media?parent=11048"}],"wp:term":[{"taxonomy":"product_brand","embeddable":true,"href":"https:\/\/www.minihorse.eu\/fr\/wp-json\/wp\/v2\/product_brand?post=11048"},{"taxonomy":"product_cat","embeddable":true,"href":"https:\/\/www.minihorse.eu\/fr\/wp-json\/wp\/v2\/product_cat?post=11048"},{"taxonomy":"product_tag","embeddable":true,"href":"https:\/\/www.minihorse.eu\/fr\/wp-json\/wp\/v2\/product_tag?post=11048"}],"curies":[{"name":"wp","href":"https:\/\/api.w.org\/{rel}","templated":true}]}}