{"id":11232,"date":"2025-08-05T17:55:41","date_gmt":"2025-08-05T17:55:41","guid":{"rendered":"https:\/\/www.minihorse.eu\/?post_type=product&#038;p=11232"},"modified":"2025-08-28T08:14:32","modified_gmt":"2025-08-28T08:14:32","slug":"clip-a-numero-copy","status":"publish","type":"product","link":"https:\/\/www.minihorse.eu\/fr\/produit\/clip-a-numero-copy\/","title":{"rendered":"Clip \u00e0 num\u00e9ro"},"content":{"rendered":"<p><strong>Clip \u00e0 num\u00e9ro<\/strong> est un accessoire qui permet d\u2019attacher un num\u00e9ro de d\u00e9part ou un num\u00e9ro de retour de mani\u00e8re \u00e9l\u00e9gante.<br \/>\nFabriqu\u00e9 en m\u00e9tal robuste pour une longue dur\u00e9e de vie.<br \/>\n\u00c9quip\u00e9 d\u2019un clip solide qui permet d\u2019attacher le num\u00e9ro aux v\u00eatements ou \u00e0 l\u2019\u00e9quipement sans \u00e9pingles<\/p>\n<p>Id\u00e9al pour changer rapidement de num\u00e9ro.<\/p>\n<p>Disponible en diff\u00e9rentes versions :<\/p>\n<p>&#8211; sans concho<\/p>\n<p>&#8211; avec petit concho argent\u00e9 d\u00e9cor\u00e9 de motifs en relief<\/p>\n<p>&#8211; avec un grand concho d\u00e9cor\u00e9 de motifs en relief<\/p>\n<p>&#8211; avec des strass noires<\/p>\n<p>&#8211; avec des strass bleus<\/p>\n<p>&#8211; avec grand concho d\u00e9cor\u00e9 de pierres jaunes<\/p>\n<p>&#8211; avec grand concho d\u00e9cor\u00e9 de pierres vertes<\/p>\n<p>&#8211; avec un grand concho d\u00e9cor\u00e9 de pierres vertes bleues<\/p>\n<p>Le petit concho mesure 2,5 cm, le grand 3,5 cm.<\/p>\n<p>Vous \u00eates pr\u00eat \u00e0 briller au salon ? Ou il vous manque encore quelque chose ? Consultez d&rsquo;autres <a href=\"https:\/\/www.minihorse.eu\/fr\/categorie-produit\/soins\/show-time-fr\/\">produits pour le salon<\/a>.  <\/p>\n","protected":false},"excerpt":{"rendered":"<p>Le <strong>clip de num\u00e9rotation<\/strong> est un accessoire qui permet d&rsquo;attacher un num\u00e9ro de d\u00e9part ou un num\u00e9ro de retour d&rsquo;une mani\u00e8re \u00e9l\u00e9gante.<br \/>\nId\u00e9al pour les changements rapides de num\u00e9ros.<\/p>\n<h4>Disponible en diff\u00e9rentes versions.<\/h4>\n<p>Vous \u00eates pr\u00eat \u00e0 briller au salon ? Ou il vous manque encore quelque chose ? Consultez d&rsquo;autres <a href=\"https:\/\/www.minihorse.eu\/fr\/categorie-produit\/soins\/show-time-fr\/\">produits pour le salon<\/a>.  <\/p>\n<p>&nbsp;<\/p>\n","protected":false},"featured_media":10313,"comment_status":"open","ping_status":"closed","template":"","meta":[],"product_brand":[],"product_cat":[211],"product_tag":[1425,1426,1427],"class_list":{"0":"post-11232","1":"product","2":"type-product","3":"status-publish","4":"has-post-thumbnail","6":"product_cat-show-time-fr","7":"product_tag-pince-a-numeros","8":"product_tag-porte-numero-arriere","9":"product_tag-titulaire-du-numero","11":"first","12":"instock","13":"taxable","14":"shipping-taxable","15":"purchasable","16":"product-type-variable"},"yoast_head":"<!-- This site is optimized with the Yoast SEO plugin v27.4 - https:\/\/yoast.com\/product\/yoast-seo-wordpress\/ -->\n<title>Clip \u00e0 num\u00e9ro - Minihorse.eu<\/title>\n<meta name=\"description\" content=\"Clip de num\u00e9ro, m\u00e9tal \u00e9l\u00e9gant et durable pour les num\u00e9ros de dos. S&#039;attache facilement, sans \u00e9pingle, aux v\u00eatements ou \u00e0 l&#039;\u00e9quipement, ce qui est id\u00e9al pour changer rapidement de num\u00e9ro pendant les \u00e9v\u00e9nements.\" \/>\n<meta name=\"robots\" content=\"index, follow, max-snippet:-1, max-image-preview:large, max-video-preview:-1\" \/>\n<link rel=\"canonical\" href=\"https:\/\/www.minihorse.eu\/fr\/produit\/clip-a-numero-copy\/\" \/>\n<meta property=\"og:locale\" content=\"fr_FR\" \/>\n<meta property=\"og:type\" content=\"article\" \/>\n<meta property=\"og:title\" content=\"Clip \u00e0 num\u00e9ro - Minihorse.eu\" \/>\n<meta property=\"og:description\" content=\"Clip de num\u00e9ro, m\u00e9tal \u00e9l\u00e9gant et durable pour les num\u00e9ros de dos. S&#039;attache facilement, sans \u00e9pingle, aux v\u00eatements ou \u00e0 l&#039;\u00e9quipement, ce qui est id\u00e9al pour changer rapidement de num\u00e9ro pendant les \u00e9v\u00e9nements.\" \/>\n<meta property=\"og:url\" content=\"https:\/\/www.minihorse.eu\/fr\/produit\/clip-a-numero-copy\/\" \/>\n<meta property=\"og:site_name\" content=\"Minihorse.eu\" \/>\n<meta property=\"article:publisher\" content=\"https:\/\/www.facebook.com\/profile.php?id=100063487117479\" \/>\n<meta property=\"article:modified_time\" content=\"2025-08-28T08:14:32+00:00\" \/>\n<meta property=\"og:image\" content=\"https:\/\/www.minihorse.eu\/wp-content\/uploads\/2025\/04\/Rugnumberholder-Blue-stones.jpg\" \/>\n\t<meta property=\"og:image:width\" content=\"709\" \/>\n\t<meta property=\"og:image:height\" content=\"709\" \/>\n\t<meta property=\"og:image:type\" content=\"image\/jpeg\" \/>\n<meta name=\"twitter:card\" content=\"summary_large_image\" \/>\n<meta name=\"twitter:label1\" content=\"Dur\u00e9e de lecture estim\u00e9e\" \/>\n\t<meta name=\"twitter:data1\" content=\"1 minute\" \/>\n<script type=\"application\/ld+json\" class=\"yoast-schema-graph\">{\"@context\":\"https:\\\/\\\/schema.org\",\"@graph\":[{\"@type\":\"WebPage\",\"@id\":\"https:\\\/\\\/www.minihorse.eu\\\/fr\\\/produit\\\/clip-a-numero-copy\\\/\",\"url\":\"https:\\\/\\\/www.minihorse.eu\\\/fr\\\/produit\\\/clip-a-numero-copy\\\/\",\"name\":\"Clip \u00e0 num\u00e9ro - Minihorse.eu\",\"isPartOf\":{\"@id\":\"https:\\\/\\\/www.minihorse.eu\\\/#website\"},\"primaryImageOfPage\":{\"@id\":\"https:\\\/\\\/www.minihorse.eu\\\/fr\\\/produit\\\/clip-a-numero-copy\\\/#primaryimage\"},\"image\":{\"@id\":\"https:\\\/\\\/www.minihorse.eu\\\/fr\\\/produit\\\/clip-a-numero-copy\\\/#primaryimage\"},\"thumbnailUrl\":\"https:\\\/\\\/www.minihorse.eu\\\/wp-content\\\/uploads\\\/2025\\\/04\\\/Rugnumberholder-Blue-stones.jpg\",\"datePublished\":\"2025-08-05T17:55:41+00:00\",\"dateModified\":\"2025-08-28T08:14:32+00:00\",\"description\":\"Clip de num\u00e9ro, m\u00e9tal \u00e9l\u00e9gant et durable pour les num\u00e9ros de dos. S'attache facilement, sans \u00e9pingle, aux v\u00eatements ou \u00e0 l'\u00e9quipement, ce qui est id\u00e9al pour changer rapidement de num\u00e9ro pendant les \u00e9v\u00e9nements.\",\"breadcrumb\":{\"@id\":\"https:\\\/\\\/www.minihorse.eu\\\/fr\\\/produit\\\/clip-a-numero-copy\\\/#breadcrumb\"},\"inLanguage\":\"fr-FR\",\"potentialAction\":[{\"@type\":\"ReadAction\",\"target\":[\"https:\\\/\\\/www.minihorse.eu\\\/fr\\\/produit\\\/clip-a-numero-copy\\\/\"]}]},{\"@type\":\"ImageObject\",\"inLanguage\":\"fr-FR\",\"@id\":\"https:\\\/\\\/www.minihorse.eu\\\/fr\\\/produit\\\/clip-a-numero-copy\\\/#primaryimage\",\"url\":\"https:\\\/\\\/www.minihorse.eu\\\/wp-content\\\/uploads\\\/2025\\\/04\\\/Rugnumberholder-Blue-stones.jpg\",\"contentUrl\":\"https:\\\/\\\/www.minihorse.eu\\\/wp-content\\\/uploads\\\/2025\\\/04\\\/Rugnumberholder-Blue-stones.jpg\",\"width\":709,\"height\":709},{\"@type\":\"BreadcrumbList\",\"@id\":\"https:\\\/\\\/www.minihorse.eu\\\/fr\\\/produit\\\/clip-a-numero-copy\\\/#breadcrumb\",\"itemListElement\":[{\"@type\":\"ListItem\",\"position\":1,\"name\":\"Home\",\"item\":\"https:\\\/\\\/www.minihorse.eu\\\/fr\\\/accueil\\\/\"},{\"@type\":\"ListItem\",\"position\":2,\"name\":\"Boutique\",\"item\":\"https:\\\/\\\/www.minihorse.eu\\\/fr\\\/boutique\\\/\"},{\"@type\":\"ListItem\",\"position\":3,\"name\":\"Clip \u00e0 num\u00e9ro\"}]},{\"@type\":\"WebSite\",\"@id\":\"https:\\\/\\\/www.minihorse.eu\\\/#website\",\"url\":\"https:\\\/\\\/www.minihorse.eu\\\/\",\"name\":\"Minihorse.eu\",\"description\":\"The #1 store for Miniature Horses\",\"publisher\":{\"@id\":\"https:\\\/\\\/www.minihorse.eu\\\/#organization\"},\"potentialAction\":[{\"@type\":\"SearchAction\",\"target\":{\"@type\":\"EntryPoint\",\"urlTemplate\":\"https:\\\/\\\/www.minihorse.eu\\\/?s={search_term_string}\"},\"query-input\":{\"@type\":\"PropertyValueSpecification\",\"valueRequired\":true,\"valueName\":\"search_term_string\"}}],\"inLanguage\":\"fr-FR\"},{\"@type\":\"Organization\",\"@id\":\"https:\\\/\\\/www.minihorse.eu\\\/#organization\",\"name\":\"Minihorse.eu\",\"url\":\"https:\\\/\\\/www.minihorse.eu\\\/\",\"logo\":{\"@type\":\"ImageObject\",\"inLanguage\":\"fr-FR\",\"@id\":\"https:\\\/\\\/www.minihorse.eu\\\/#\\\/schema\\\/logo\\\/image\\\/\",\"url\":\"https:\\\/\\\/www.minihorse.eu\\\/wp-content\\\/uploads\\\/2024\\\/08\\\/Logo-minihorse-ext.png\",\"contentUrl\":\"https:\\\/\\\/www.minihorse.eu\\\/wp-content\\\/uploads\\\/2024\\\/08\\\/Logo-minihorse-ext.png\",\"width\":500,\"height\":500,\"caption\":\"Minihorse.eu\"},\"image\":{\"@id\":\"https:\\\/\\\/www.minihorse.eu\\\/#\\\/schema\\\/logo\\\/image\\\/\"},\"sameAs\":[\"https:\\\/\\\/www.facebook.com\\\/profile.php?id=100063487117479\"]}]}<\/script>\n<!-- \/ Yoast SEO plugin. -->","yoast_head_json":{"title":"Clip \u00e0 num\u00e9ro - Minihorse.eu","description":"Clip de num\u00e9ro, m\u00e9tal \u00e9l\u00e9gant et durable pour les num\u00e9ros de dos. S'attache facilement, sans \u00e9pingle, aux v\u00eatements ou \u00e0 l'\u00e9quipement, ce qui est id\u00e9al pour changer rapidement de num\u00e9ro pendant les \u00e9v\u00e9nements.","robots":{"index":"index","follow":"follow","max-snippet":"max-snippet:-1","max-image-preview":"max-image-preview:large","max-video-preview":"max-video-preview:-1"},"canonical":"https:\/\/www.minihorse.eu\/fr\/produit\/clip-a-numero-copy\/","og_locale":"fr_FR","og_type":"article","og_title":"Clip \u00e0 num\u00e9ro - Minihorse.eu","og_description":"Clip de num\u00e9ro, m\u00e9tal \u00e9l\u00e9gant et durable pour les num\u00e9ros de dos. S'attache facilement, sans \u00e9pingle, aux v\u00eatements ou \u00e0 l'\u00e9quipement, ce qui est id\u00e9al pour changer rapidement de num\u00e9ro pendant les \u00e9v\u00e9nements.","og_url":"https:\/\/www.minihorse.eu\/fr\/produit\/clip-a-numero-copy\/","og_site_name":"Minihorse.eu","article_publisher":"https:\/\/www.facebook.com\/profile.php?id=100063487117479","article_modified_time":"2025-08-28T08:14:32+00:00","og_image":[{"width":709,"height":709,"url":"https:\/\/www.minihorse.eu\/wp-content\/uploads\/2025\/04\/Rugnumberholder-Blue-stones.jpg","type":"image\/jpeg"}],"twitter_card":"summary_large_image","twitter_misc":{"Dur\u00e9e de lecture estim\u00e9e":"1 minute"},"schema":{"@context":"https:\/\/schema.org","@graph":[{"@type":"WebPage","@id":"https:\/\/www.minihorse.eu\/fr\/produit\/clip-a-numero-copy\/","url":"https:\/\/www.minihorse.eu\/fr\/produit\/clip-a-numero-copy\/","name":"Clip \u00e0 num\u00e9ro - Minihorse.eu","isPartOf":{"@id":"https:\/\/www.minihorse.eu\/#website"},"primaryImageOfPage":{"@id":"https:\/\/www.minihorse.eu\/fr\/produit\/clip-a-numero-copy\/#primaryimage"},"image":{"@id":"https:\/\/www.minihorse.eu\/fr\/produit\/clip-a-numero-copy\/#primaryimage"},"thumbnailUrl":"https:\/\/www.minihorse.eu\/wp-content\/uploads\/2025\/04\/Rugnumberholder-Blue-stones.jpg","datePublished":"2025-08-05T17:55:41+00:00","dateModified":"2025-08-28T08:14:32+00:00","description":"Clip de num\u00e9ro, m\u00e9tal \u00e9l\u00e9gant et durable pour les num\u00e9ros de dos. S'attache facilement, sans \u00e9pingle, aux v\u00eatements ou \u00e0 l'\u00e9quipement, ce qui est id\u00e9al pour changer rapidement de num\u00e9ro pendant les \u00e9v\u00e9nements.","breadcrumb":{"@id":"https:\/\/www.minihorse.eu\/fr\/produit\/clip-a-numero-copy\/#breadcrumb"},"inLanguage":"fr-FR","potentialAction":[{"@type":"ReadAction","target":["https:\/\/www.minihorse.eu\/fr\/produit\/clip-a-numero-copy\/"]}]},{"@type":"ImageObject","inLanguage":"fr-FR","@id":"https:\/\/www.minihorse.eu\/fr\/produit\/clip-a-numero-copy\/#primaryimage","url":"https:\/\/www.minihorse.eu\/wp-content\/uploads\/2025\/04\/Rugnumberholder-Blue-stones.jpg","contentUrl":"https:\/\/www.minihorse.eu\/wp-content\/uploads\/2025\/04\/Rugnumberholder-Blue-stones.jpg","width":709,"height":709},{"@type":"BreadcrumbList","@id":"https:\/\/www.minihorse.eu\/fr\/produit\/clip-a-numero-copy\/#breadcrumb","itemListElement":[{"@type":"ListItem","position":1,"name":"Home","item":"https:\/\/www.minihorse.eu\/fr\/accueil\/"},{"@type":"ListItem","position":2,"name":"Boutique","item":"https:\/\/www.minihorse.eu\/fr\/boutique\/"},{"@type":"ListItem","position":3,"name":"Clip \u00e0 num\u00e9ro"}]},{"@type":"WebSite","@id":"https:\/\/www.minihorse.eu\/#website","url":"https:\/\/www.minihorse.eu\/","name":"Minihorse.eu","description":"The #1 store for Miniature Horses","publisher":{"@id":"https:\/\/www.minihorse.eu\/#organization"},"potentialAction":[{"@type":"SearchAction","target":{"@type":"EntryPoint","urlTemplate":"https:\/\/www.minihorse.eu\/?s={search_term_string}"},"query-input":{"@type":"PropertyValueSpecification","valueRequired":true,"valueName":"search_term_string"}}],"inLanguage":"fr-FR"},{"@type":"Organization","@id":"https:\/\/www.minihorse.eu\/#organization","name":"Minihorse.eu","url":"https:\/\/www.minihorse.eu\/","logo":{"@type":"ImageObject","inLanguage":"fr-FR","@id":"https:\/\/www.minihorse.eu\/#\/schema\/logo\/image\/","url":"https:\/\/www.minihorse.eu\/wp-content\/uploads\/2024\/08\/Logo-minihorse-ext.png","contentUrl":"https:\/\/www.minihorse.eu\/wp-content\/uploads\/2024\/08\/Logo-minihorse-ext.png","width":500,"height":500,"caption":"Minihorse.eu"},"image":{"@id":"https:\/\/www.minihorse.eu\/#\/schema\/logo\/image\/"},"sameAs":["https:\/\/www.facebook.com\/profile.php?id=100063487117479"]}]}},"jetpack_sharing_enabled":true,"_links":{"self":[{"href":"https:\/\/www.minihorse.eu\/fr\/wp-json\/wp\/v2\/product\/11232","targetHints":{"allow":["GET"]}}],"collection":[{"href":"https:\/\/www.minihorse.eu\/fr\/wp-json\/wp\/v2\/product"}],"about":[{"href":"https:\/\/www.minihorse.eu\/fr\/wp-json\/wp\/v2\/types\/product"}],"replies":[{"embeddable":true,"href":"https:\/\/www.minihorse.eu\/fr\/wp-json\/wp\/v2\/comments?post=11232"}],"wp:featuredmedia":[{"embeddable":true,"href":"https:\/\/www.minihorse.eu\/fr\/wp-json\/wp\/v2\/media\/10313"}],"wp:attachment":[{"href":"https:\/\/www.minihorse.eu\/fr\/wp-json\/wp\/v2\/media?parent=11232"}],"wp:term":[{"taxonomy":"product_brand","embeddable":true,"href":"https:\/\/www.minihorse.eu\/fr\/wp-json\/wp\/v2\/product_brand?post=11232"},{"taxonomy":"product_cat","embeddable":true,"href":"https:\/\/www.minihorse.eu\/fr\/wp-json\/wp\/v2\/product_cat?post=11232"},{"taxonomy":"product_tag","embeddable":true,"href":"https:\/\/www.minihorse.eu\/fr\/wp-json\/wp\/v2\/product_tag?post=11232"}],"curies":[{"name":"wp","href":"https:\/\/api.w.org\/{rel}","templated":true}]}}