{"id":11384,"date":"2025-08-29T08:24:13","date_gmt":"2025-08-29T08:24:13","guid":{"rendered":"https:\/\/www.minihorse.eu\/product\/protege-queue-en-neoprene-pour-chevaux-miniatures\/"},"modified":"2025-09-01T12:13:10","modified_gmt":"2025-09-01T12:13:10","slug":"protege-queue-en-neoprene-pour-chevaux-miniatures","status":"publish","type":"product","link":"https:\/\/www.minihorse.eu\/fr\/produit\/protege-queue-en-neoprene-pour-chevaux-miniatures\/","title":{"rendered":"Prot\u00e8ge-queue en n\u00e9opr\u00e8ne pour chevaux miniatures"},"content":{"rendered":"<p>Le prot\u00e8ge-queue en n\u00e9opr\u00e8ne prot\u00e8ge la queue et maintient les tresses en place. Il est facile \u00e0 enfiler et dispose de fermetures velcro pour le maintenir en place.Tail guard from neoprene protects the tail and keeps braids in place. It is easy to put on and has velcro fasteners to keep the guard in place. <\/p>\n","protected":false},"excerpt":{"rendered":"<p>Le prot\u00e8ge-queue en n\u00e9opr\u00e8ne prot\u00e8ge la queue et maintient les tresses en place. Il est facile \u00e0 enfiler et dispose de fermetures velcro pour le maintenir en place. <\/p>\n","protected":false},"featured_media":11376,"comment_status":"open","ping_status":"closed","template":"","meta":[],"product_brand":[],"product_cat":[183],"product_tag":[1440,1439],"class_list":{"0":"post-11384","1":"product","2":"type-product","3":"status-publish","4":"has-post-thumbnail","6":"product_cat-toilettage","7":"product_tag-protection-de-la-queue","8":"product_tag-protege-queue","10":"first","11":"instock","12":"taxable","13":"shipping-taxable","14":"purchasable","15":"product-type-simple"},"yoast_head":"<!-- This site is optimized with the Yoast SEO plugin v27.4 - https:\/\/yoast.com\/product\/yoast-seo-wordpress\/ -->\n<title>Prot\u00e8ge-queue en n\u00e9opr\u00e8ne pour chevaux miniatures - Minihorse.eu<\/title>\n<meta name=\"description\" content=\"Le prot\u00e8ge-queue en n\u00e9opr\u00e8ne prot\u00e8ge la queue et maintient les tresses en place. Il dispose de fermetures velcro pour le maintenir en place.\" \/>\n<meta name=\"robots\" content=\"index, follow, max-snippet:-1, max-image-preview:large, max-video-preview:-1\" \/>\n<link rel=\"canonical\" href=\"https:\/\/www.minihorse.eu\/fr\/produit\/protege-queue-en-neoprene-pour-chevaux-miniatures\/\" \/>\n<meta property=\"og:locale\" content=\"fr_FR\" \/>\n<meta property=\"og:type\" content=\"article\" \/>\n<meta property=\"og:title\" content=\"Prot\u00e8ge-queue en n\u00e9opr\u00e8ne pour chevaux miniatures - Minihorse.eu\" \/>\n<meta property=\"og:description\" content=\"Le prot\u00e8ge-queue en n\u00e9opr\u00e8ne prot\u00e8ge la queue et maintient les tresses en place. Il dispose de fermetures velcro pour le maintenir en place.\" \/>\n<meta property=\"og:url\" content=\"https:\/\/www.minihorse.eu\/fr\/produit\/protege-queue-en-neoprene-pour-chevaux-miniatures\/\" \/>\n<meta property=\"og:site_name\" content=\"Minihorse.eu\" \/>\n<meta property=\"article:publisher\" content=\"https:\/\/www.facebook.com\/profile.php?id=100063487117479\" \/>\n<meta property=\"article:modified_time\" content=\"2025-09-01T12:13:10+00:00\" \/>\n<meta property=\"og:image\" content=\"https:\/\/www.minihorse.eu\/wp-content\/uploads\/2025\/08\/Staartkoker-1.jpg\" \/>\n\t<meta property=\"og:image:width\" content=\"384\" \/>\n\t<meta property=\"og:image:height\" content=\"288\" \/>\n\t<meta property=\"og:image:type\" content=\"image\/jpeg\" \/>\n<meta name=\"twitter:card\" content=\"summary_large_image\" \/>\n<script type=\"application\/ld+json\" class=\"yoast-schema-graph\">{\"@context\":\"https:\\\/\\\/schema.org\",\"@graph\":[{\"@type\":\"WebPage\",\"@id\":\"https:\\\/\\\/www.minihorse.eu\\\/fr\\\/produit\\\/protege-queue-en-neoprene-pour-chevaux-miniatures\\\/\",\"url\":\"https:\\\/\\\/www.minihorse.eu\\\/fr\\\/produit\\\/protege-queue-en-neoprene-pour-chevaux-miniatures\\\/\",\"name\":\"Prot\u00e8ge-queue en n\u00e9opr\u00e8ne pour chevaux miniatures - Minihorse.eu\",\"isPartOf\":{\"@id\":\"https:\\\/\\\/www.minihorse.eu\\\/#website\"},\"primaryImageOfPage\":{\"@id\":\"https:\\\/\\\/www.minihorse.eu\\\/fr\\\/produit\\\/protege-queue-en-neoprene-pour-chevaux-miniatures\\\/#primaryimage\"},\"image\":{\"@id\":\"https:\\\/\\\/www.minihorse.eu\\\/fr\\\/produit\\\/protege-queue-en-neoprene-pour-chevaux-miniatures\\\/#primaryimage\"},\"thumbnailUrl\":\"https:\\\/\\\/www.minihorse.eu\\\/wp-content\\\/uploads\\\/2025\\\/08\\\/Staartkoker-1.jpg\",\"datePublished\":\"2025-08-29T08:24:13+00:00\",\"dateModified\":\"2025-09-01T12:13:10+00:00\",\"description\":\"Le prot\u00e8ge-queue en n\u00e9opr\u00e8ne prot\u00e8ge la queue et maintient les tresses en place. Il dispose de fermetures velcro pour le maintenir en place.\",\"breadcrumb\":{\"@id\":\"https:\\\/\\\/www.minihorse.eu\\\/fr\\\/produit\\\/protege-queue-en-neoprene-pour-chevaux-miniatures\\\/#breadcrumb\"},\"inLanguage\":\"fr-FR\",\"potentialAction\":[{\"@type\":\"ReadAction\",\"target\":[\"https:\\\/\\\/www.minihorse.eu\\\/fr\\\/produit\\\/protege-queue-en-neoprene-pour-chevaux-miniatures\\\/\"]}]},{\"@type\":\"ImageObject\",\"inLanguage\":\"fr-FR\",\"@id\":\"https:\\\/\\\/www.minihorse.eu\\\/fr\\\/produit\\\/protege-queue-en-neoprene-pour-chevaux-miniatures\\\/#primaryimage\",\"url\":\"https:\\\/\\\/www.minihorse.eu\\\/wp-content\\\/uploads\\\/2025\\\/08\\\/Staartkoker-1.jpg\",\"contentUrl\":\"https:\\\/\\\/www.minihorse.eu\\\/wp-content\\\/uploads\\\/2025\\\/08\\\/Staartkoker-1.jpg\",\"width\":384,\"height\":288},{\"@type\":\"BreadcrumbList\",\"@id\":\"https:\\\/\\\/www.minihorse.eu\\\/fr\\\/produit\\\/protege-queue-en-neoprene-pour-chevaux-miniatures\\\/#breadcrumb\",\"itemListElement\":[{\"@type\":\"ListItem\",\"position\":1,\"name\":\"Home\",\"item\":\"https:\\\/\\\/www.minihorse.eu\\\/fr\\\/accueil\\\/\"},{\"@type\":\"ListItem\",\"position\":2,\"name\":\"Boutique\",\"item\":\"https:\\\/\\\/www.minihorse.eu\\\/fr\\\/boutique\\\/\"},{\"@type\":\"ListItem\",\"position\":3,\"name\":\"Prot\u00e8ge-queue en n\u00e9opr\u00e8ne pour chevaux miniatures\"}]},{\"@type\":\"WebSite\",\"@id\":\"https:\\\/\\\/www.minihorse.eu\\\/#website\",\"url\":\"https:\\\/\\\/www.minihorse.eu\\\/\",\"name\":\"Minihorse.eu\",\"description\":\"The #1 store for Miniature Horses\",\"publisher\":{\"@id\":\"https:\\\/\\\/www.minihorse.eu\\\/#organization\"},\"potentialAction\":[{\"@type\":\"SearchAction\",\"target\":{\"@type\":\"EntryPoint\",\"urlTemplate\":\"https:\\\/\\\/www.minihorse.eu\\\/?s={search_term_string}\"},\"query-input\":{\"@type\":\"PropertyValueSpecification\",\"valueRequired\":true,\"valueName\":\"search_term_string\"}}],\"inLanguage\":\"fr-FR\"},{\"@type\":\"Organization\",\"@id\":\"https:\\\/\\\/www.minihorse.eu\\\/#organization\",\"name\":\"Minihorse.eu\",\"url\":\"https:\\\/\\\/www.minihorse.eu\\\/\",\"logo\":{\"@type\":\"ImageObject\",\"inLanguage\":\"fr-FR\",\"@id\":\"https:\\\/\\\/www.minihorse.eu\\\/#\\\/schema\\\/logo\\\/image\\\/\",\"url\":\"https:\\\/\\\/www.minihorse.eu\\\/wp-content\\\/uploads\\\/2024\\\/08\\\/Logo-minihorse-ext.png\",\"contentUrl\":\"https:\\\/\\\/www.minihorse.eu\\\/wp-content\\\/uploads\\\/2024\\\/08\\\/Logo-minihorse-ext.png\",\"width\":500,\"height\":500,\"caption\":\"Minihorse.eu\"},\"image\":{\"@id\":\"https:\\\/\\\/www.minihorse.eu\\\/#\\\/schema\\\/logo\\\/image\\\/\"},\"sameAs\":[\"https:\\\/\\\/www.facebook.com\\\/profile.php?id=100063487117479\"]}]}<\/script>\n<!-- \/ Yoast SEO plugin. -->","yoast_head_json":{"title":"Prot\u00e8ge-queue en n\u00e9opr\u00e8ne pour chevaux miniatures - Minihorse.eu","description":"Le prot\u00e8ge-queue en n\u00e9opr\u00e8ne prot\u00e8ge la queue et maintient les tresses en place. Il dispose de fermetures velcro pour le maintenir en place.","robots":{"index":"index","follow":"follow","max-snippet":"max-snippet:-1","max-image-preview":"max-image-preview:large","max-video-preview":"max-video-preview:-1"},"canonical":"https:\/\/www.minihorse.eu\/fr\/produit\/protege-queue-en-neoprene-pour-chevaux-miniatures\/","og_locale":"fr_FR","og_type":"article","og_title":"Prot\u00e8ge-queue en n\u00e9opr\u00e8ne pour chevaux miniatures - Minihorse.eu","og_description":"Le prot\u00e8ge-queue en n\u00e9opr\u00e8ne prot\u00e8ge la queue et maintient les tresses en place. Il dispose de fermetures velcro pour le maintenir en place.","og_url":"https:\/\/www.minihorse.eu\/fr\/produit\/protege-queue-en-neoprene-pour-chevaux-miniatures\/","og_site_name":"Minihorse.eu","article_publisher":"https:\/\/www.facebook.com\/profile.php?id=100063487117479","article_modified_time":"2025-09-01T12:13:10+00:00","og_image":[{"width":384,"height":288,"url":"https:\/\/www.minihorse.eu\/wp-content\/uploads\/2025\/08\/Staartkoker-1.jpg","type":"image\/jpeg"}],"twitter_card":"summary_large_image","schema":{"@context":"https:\/\/schema.org","@graph":[{"@type":"WebPage","@id":"https:\/\/www.minihorse.eu\/fr\/produit\/protege-queue-en-neoprene-pour-chevaux-miniatures\/","url":"https:\/\/www.minihorse.eu\/fr\/produit\/protege-queue-en-neoprene-pour-chevaux-miniatures\/","name":"Prot\u00e8ge-queue en n\u00e9opr\u00e8ne pour chevaux miniatures - Minihorse.eu","isPartOf":{"@id":"https:\/\/www.minihorse.eu\/#website"},"primaryImageOfPage":{"@id":"https:\/\/www.minihorse.eu\/fr\/produit\/protege-queue-en-neoprene-pour-chevaux-miniatures\/#primaryimage"},"image":{"@id":"https:\/\/www.minihorse.eu\/fr\/produit\/protege-queue-en-neoprene-pour-chevaux-miniatures\/#primaryimage"},"thumbnailUrl":"https:\/\/www.minihorse.eu\/wp-content\/uploads\/2025\/08\/Staartkoker-1.jpg","datePublished":"2025-08-29T08:24:13+00:00","dateModified":"2025-09-01T12:13:10+00:00","description":"Le prot\u00e8ge-queue en n\u00e9opr\u00e8ne prot\u00e8ge la queue et maintient les tresses en place. Il dispose de fermetures velcro pour le maintenir en place.","breadcrumb":{"@id":"https:\/\/www.minihorse.eu\/fr\/produit\/protege-queue-en-neoprene-pour-chevaux-miniatures\/#breadcrumb"},"inLanguage":"fr-FR","potentialAction":[{"@type":"ReadAction","target":["https:\/\/www.minihorse.eu\/fr\/produit\/protege-queue-en-neoprene-pour-chevaux-miniatures\/"]}]},{"@type":"ImageObject","inLanguage":"fr-FR","@id":"https:\/\/www.minihorse.eu\/fr\/produit\/protege-queue-en-neoprene-pour-chevaux-miniatures\/#primaryimage","url":"https:\/\/www.minihorse.eu\/wp-content\/uploads\/2025\/08\/Staartkoker-1.jpg","contentUrl":"https:\/\/www.minihorse.eu\/wp-content\/uploads\/2025\/08\/Staartkoker-1.jpg","width":384,"height":288},{"@type":"BreadcrumbList","@id":"https:\/\/www.minihorse.eu\/fr\/produit\/protege-queue-en-neoprene-pour-chevaux-miniatures\/#breadcrumb","itemListElement":[{"@type":"ListItem","position":1,"name":"Home","item":"https:\/\/www.minihorse.eu\/fr\/accueil\/"},{"@type":"ListItem","position":2,"name":"Boutique","item":"https:\/\/www.minihorse.eu\/fr\/boutique\/"},{"@type":"ListItem","position":3,"name":"Prot\u00e8ge-queue en n\u00e9opr\u00e8ne pour chevaux miniatures"}]},{"@type":"WebSite","@id":"https:\/\/www.minihorse.eu\/#website","url":"https:\/\/www.minihorse.eu\/","name":"Minihorse.eu","description":"The #1 store for Miniature Horses","publisher":{"@id":"https:\/\/www.minihorse.eu\/#organization"},"potentialAction":[{"@type":"SearchAction","target":{"@type":"EntryPoint","urlTemplate":"https:\/\/www.minihorse.eu\/?s={search_term_string}"},"query-input":{"@type":"PropertyValueSpecification","valueRequired":true,"valueName":"search_term_string"}}],"inLanguage":"fr-FR"},{"@type":"Organization","@id":"https:\/\/www.minihorse.eu\/#organization","name":"Minihorse.eu","url":"https:\/\/www.minihorse.eu\/","logo":{"@type":"ImageObject","inLanguage":"fr-FR","@id":"https:\/\/www.minihorse.eu\/#\/schema\/logo\/image\/","url":"https:\/\/www.minihorse.eu\/wp-content\/uploads\/2024\/08\/Logo-minihorse-ext.png","contentUrl":"https:\/\/www.minihorse.eu\/wp-content\/uploads\/2024\/08\/Logo-minihorse-ext.png","width":500,"height":500,"caption":"Minihorse.eu"},"image":{"@id":"https:\/\/www.minihorse.eu\/#\/schema\/logo\/image\/"},"sameAs":["https:\/\/www.facebook.com\/profile.php?id=100063487117479"]}]}},"jetpack_sharing_enabled":true,"_links":{"self":[{"href":"https:\/\/www.minihorse.eu\/fr\/wp-json\/wp\/v2\/product\/11384","targetHints":{"allow":["GET"]}}],"collection":[{"href":"https:\/\/www.minihorse.eu\/fr\/wp-json\/wp\/v2\/product"}],"about":[{"href":"https:\/\/www.minihorse.eu\/fr\/wp-json\/wp\/v2\/types\/product"}],"replies":[{"embeddable":true,"href":"https:\/\/www.minihorse.eu\/fr\/wp-json\/wp\/v2\/comments?post=11384"}],"wp:featuredmedia":[{"embeddable":true,"href":"https:\/\/www.minihorse.eu\/fr\/wp-json\/wp\/v2\/media\/11376"}],"wp:attachment":[{"href":"https:\/\/www.minihorse.eu\/fr\/wp-json\/wp\/v2\/media?parent=11384"}],"wp:term":[{"taxonomy":"product_brand","embeddable":true,"href":"https:\/\/www.minihorse.eu\/fr\/wp-json\/wp\/v2\/product_brand?post=11384"},{"taxonomy":"product_cat","embeddable":true,"href":"https:\/\/www.minihorse.eu\/fr\/wp-json\/wp\/v2\/product_cat?post=11384"},{"taxonomy":"product_tag","embeddable":true,"href":"https:\/\/www.minihorse.eu\/fr\/wp-json\/wp\/v2\/product_tag?post=11384"}],"curies":[{"name":"wp","href":"https:\/\/api.w.org\/{rel}","templated":true}]}}