{"id":11415,"date":"2025-09-02T18:22:37","date_gmt":"2025-09-02T18:22:37","guid":{"rendered":"https:\/\/www.minihorse.eu\/?post_type=product&#038;p=11415"},"modified":"2026-03-01T11:47:25","modified_gmt":"2026-03-01T11:47:25","slug":"licou-anatomique-cuir-double","status":"publish","type":"product","link":"https:\/\/www.minihorse.eu\/fr\/produit\/licou-anatomique-cuir-double\/","title":{"rendered":"Licol anatomique en cuir doubl\u00e9"},"content":{"rendered":"<p><strong>Licol anatomique en cuir <\/strong>&#8211; licol \u00e9l\u00e9gant et confortable en cuir de haute qualit\u00e9, de forme anatomique pour un ajustement parfait. Gr\u00e2ce \u00e0 la doublure en cuir souple au niveau du frontal et de la muserolle, votre cheval b\u00e9n\u00e9ficie d&rsquo;un confort optimal. Le licol est facilement r\u00e9glable et dot\u00e9 de boucles argent\u00e9es pour un look luxueux. Disponible en noir classique ou avec un contraste blanc saisissant. Disponible en deux tailles : Medium et Large.    <\/p>\n<p><strong>Caract\u00e9ristiques:<\/strong><br \/>\n\u2022 Fabriqu\u00e9 en cuir v\u00e9ritable (18 mm de large)<br \/>\n\u2022 Conception anatomique pour un confort suppl\u00e9mentaire<br \/>\n\u2022 Doublure douce sur le frontal et la muserolle<br \/>\n\u2022 R\u00e9glable au niveau du frontal et du nez<br \/>\n\u2022 Finitions avec des boucles argent\u00e9es<\/p>\n<p>&nbsp;<\/p>\n","protected":false},"excerpt":{"rendered":"<p><strong>Licol anatomique en cuir <\/strong>&#8211; licol \u00e9l\u00e9gant et confortable en cuir de haute qualit\u00e9, de forme anatomique pour un ajustement parfait. Gr\u00e2ce \u00e0 la doublure en cuir souple au niveau du frontal et de la muserolle, votre cheval b\u00e9n\u00e9ficie d&rsquo;un confort optimal. Le licol est facilement r\u00e9glable et dot\u00e9 de boucles argent\u00e9es pour un look luxueux. Disponible en noir classique ou avec un contraste blanc saisissant. Disponible en deux tailles : Medium et Large.    <\/p>\n<p>&nbsp;<\/p>\n","protected":false},"featured_media":11432,"comment_status":"open","ping_status":"closed","template":"","meta":[],"product_brand":[],"product_cat":[243,242,189],"product_tag":[244,1449,506,1450,173,1448],"class_list":{"0":"post-11415","1":"product","2":"type-product","3":"status-publish","4":"has-post-thumbnail","6":"product_cat-licols-en-cuir","7":"product_cat-licols-et-longes","8":"product_cat-nouveautes","9":"product_tag-chevaux-miniatures","10":"product_tag-licol-anatomique","11":"product_tag-licol-en-cuir","12":"product_tag-licol-rembourre","13":"product_tag-licols","14":"product_tag-shetlander-en-licou","16":"first","17":"instock","18":"taxable","19":"shipping-taxable","20":"purchasable","21":"product-type-variable"},"yoast_head":"<!-- This site is optimized with the Yoast SEO plugin v27.5 - https:\/\/yoast.com\/product\/yoast-seo-wordpress\/ -->\n<title>Licol anatomique en cuir doubl\u00e9 - Minihorse.eu<\/title>\n<meta name=\"description\" content=\"Licol anatomique en cuir de qualit\u00e9 pour chevaux miniatures ou shetlands. Doublure douce, ajustable et \u00e9l\u00e9gant avec des boucles argent\u00e9es. Disponible en noir ou noir et blanc.\" \/>\n<meta name=\"robots\" content=\"index, follow, max-snippet:-1, max-image-preview:large, max-video-preview:-1\" \/>\n<link rel=\"canonical\" href=\"https:\/\/www.minihorse.eu\/fr\/produit\/licou-anatomique-cuir-double\/\" \/>\n<meta property=\"og:locale\" content=\"fr_FR\" \/>\n<meta property=\"og:type\" content=\"article\" \/>\n<meta property=\"og:title\" content=\"Licol anatomique en cuir doubl\u00e9 - Minihorse.eu\" \/>\n<meta property=\"og:description\" content=\"Licol anatomique en cuir de qualit\u00e9 pour chevaux miniatures ou shetlands. Doublure douce, ajustable et \u00e9l\u00e9gant avec des boucles argent\u00e9es. Disponible en noir ou noir et blanc.\" \/>\n<meta property=\"og:url\" content=\"https:\/\/www.minihorse.eu\/fr\/produit\/licou-anatomique-cuir-double\/\" \/>\n<meta property=\"og:site_name\" content=\"Minihorse.eu\" \/>\n<meta property=\"article:publisher\" content=\"https:\/\/www.facebook.com\/profile.php?id=100063487117479\" \/>\n<meta property=\"article:modified_time\" content=\"2026-03-01T11:47:25+00:00\" \/>\n<meta property=\"og:image\" content=\"https:\/\/www.minihorse.eu\/wp-content\/uploads\/2025\/09\/Lederen-halster-onderlegd-wit-18-mm.jpeg\" \/>\n\t<meta property=\"og:image:width\" content=\"490\" \/>\n\t<meta property=\"og:image:height\" content=\"491\" \/>\n\t<meta property=\"og:image:type\" content=\"image\/jpeg\" \/>\n<meta name=\"twitter:card\" content=\"summary_large_image\" \/>\n<meta name=\"twitter:label1\" content=\"Dur\u00e9e de lecture estim\u00e9e\" \/>\n\t<meta name=\"twitter:data1\" content=\"1 minute\" \/>\n<script type=\"application\/ld+json\" class=\"yoast-schema-graph\">{\"@context\":\"https:\\\/\\\/schema.org\",\"@graph\":[{\"@type\":\"WebPage\",\"@id\":\"https:\\\/\\\/www.minihorse.eu\\\/fr\\\/produit\\\/licou-anatomique-cuir-double\\\/\",\"url\":\"https:\\\/\\\/www.minihorse.eu\\\/fr\\\/produit\\\/licou-anatomique-cuir-double\\\/\",\"name\":\"Licol anatomique en cuir doubl\u00e9 - Minihorse.eu\",\"isPartOf\":{\"@id\":\"https:\\\/\\\/www.minihorse.eu\\\/#website\"},\"primaryImageOfPage\":{\"@id\":\"https:\\\/\\\/www.minihorse.eu\\\/fr\\\/produit\\\/licou-anatomique-cuir-double\\\/#primaryimage\"},\"image\":{\"@id\":\"https:\\\/\\\/www.minihorse.eu\\\/fr\\\/produit\\\/licou-anatomique-cuir-double\\\/#primaryimage\"},\"thumbnailUrl\":\"https:\\\/\\\/www.minihorse.eu\\\/wp-content\\\/uploads\\\/2025\\\/09\\\/Lederen-halster-onderlegd-wit-18-mm.jpeg\",\"datePublished\":\"2025-09-02T18:22:37+00:00\",\"dateModified\":\"2026-03-01T11:47:25+00:00\",\"description\":\"Licol anatomique en cuir de qualit\u00e9 pour chevaux miniatures ou shetlands. Doublure douce, ajustable et \u00e9l\u00e9gant avec des boucles argent\u00e9es. Disponible en noir ou noir et blanc.\",\"breadcrumb\":{\"@id\":\"https:\\\/\\\/www.minihorse.eu\\\/fr\\\/produit\\\/licou-anatomique-cuir-double\\\/#breadcrumb\"},\"inLanguage\":\"fr-FR\",\"potentialAction\":[{\"@type\":\"ReadAction\",\"target\":[\"https:\\\/\\\/www.minihorse.eu\\\/fr\\\/produit\\\/licou-anatomique-cuir-double\\\/\"]}]},{\"@type\":\"ImageObject\",\"inLanguage\":\"fr-FR\",\"@id\":\"https:\\\/\\\/www.minihorse.eu\\\/fr\\\/produit\\\/licou-anatomique-cuir-double\\\/#primaryimage\",\"url\":\"https:\\\/\\\/www.minihorse.eu\\\/wp-content\\\/uploads\\\/2025\\\/09\\\/Lederen-halster-onderlegd-wit-18-mm.jpeg\",\"contentUrl\":\"https:\\\/\\\/www.minihorse.eu\\\/wp-content\\\/uploads\\\/2025\\\/09\\\/Lederen-halster-onderlegd-wit-18-mm.jpeg\",\"width\":490,\"height\":491},{\"@type\":\"BreadcrumbList\",\"@id\":\"https:\\\/\\\/www.minihorse.eu\\\/fr\\\/produit\\\/licou-anatomique-cuir-double\\\/#breadcrumb\",\"itemListElement\":[{\"@type\":\"ListItem\",\"position\":1,\"name\":\"Home\",\"item\":\"https:\\\/\\\/www.minihorse.eu\\\/fr\\\/accueil\\\/\"},{\"@type\":\"ListItem\",\"position\":2,\"name\":\"Boutique\",\"item\":\"https:\\\/\\\/www.minihorse.eu\\\/fr\\\/boutique\\\/\"},{\"@type\":\"ListItem\",\"position\":3,\"name\":\"Licol anatomique en cuir doubl\u00e9\"}]},{\"@type\":\"WebSite\",\"@id\":\"https:\\\/\\\/www.minihorse.eu\\\/#website\",\"url\":\"https:\\\/\\\/www.minihorse.eu\\\/\",\"name\":\"Minihorse.eu\",\"description\":\"The #1 store for Miniature Horses\",\"publisher\":{\"@id\":\"https:\\\/\\\/www.minihorse.eu\\\/#organization\"},\"potentialAction\":[{\"@type\":\"SearchAction\",\"target\":{\"@type\":\"EntryPoint\",\"urlTemplate\":\"https:\\\/\\\/www.minihorse.eu\\\/?s={search_term_string}\"},\"query-input\":{\"@type\":\"PropertyValueSpecification\",\"valueRequired\":true,\"valueName\":\"search_term_string\"}}],\"inLanguage\":\"fr-FR\"},{\"@type\":\"Organization\",\"@id\":\"https:\\\/\\\/www.minihorse.eu\\\/#organization\",\"name\":\"Minihorse.eu\",\"url\":\"https:\\\/\\\/www.minihorse.eu\\\/\",\"logo\":{\"@type\":\"ImageObject\",\"inLanguage\":\"fr-FR\",\"@id\":\"https:\\\/\\\/www.minihorse.eu\\\/#\\\/schema\\\/logo\\\/image\\\/\",\"url\":\"https:\\\/\\\/www.minihorse.eu\\\/wp-content\\\/uploads\\\/2024\\\/08\\\/Logo-minihorse-ext.png\",\"contentUrl\":\"https:\\\/\\\/www.minihorse.eu\\\/wp-content\\\/uploads\\\/2024\\\/08\\\/Logo-minihorse-ext.png\",\"width\":500,\"height\":500,\"caption\":\"Minihorse.eu\"},\"image\":{\"@id\":\"https:\\\/\\\/www.minihorse.eu\\\/#\\\/schema\\\/logo\\\/image\\\/\"},\"sameAs\":[\"https:\\\/\\\/www.facebook.com\\\/profile.php?id=100063487117479\"]}]}<\/script>\n<!-- \/ Yoast SEO plugin. -->","yoast_head_json":{"title":"Licol anatomique en cuir doubl\u00e9 - Minihorse.eu","description":"Licol anatomique en cuir de qualit\u00e9 pour chevaux miniatures ou shetlands. Doublure douce, ajustable et \u00e9l\u00e9gant avec des boucles argent\u00e9es. Disponible en noir ou noir et blanc.","robots":{"index":"index","follow":"follow","max-snippet":"max-snippet:-1","max-image-preview":"max-image-preview:large","max-video-preview":"max-video-preview:-1"},"canonical":"https:\/\/www.minihorse.eu\/fr\/produit\/licou-anatomique-cuir-double\/","og_locale":"fr_FR","og_type":"article","og_title":"Licol anatomique en cuir doubl\u00e9 - Minihorse.eu","og_description":"Licol anatomique en cuir de qualit\u00e9 pour chevaux miniatures ou shetlands. Doublure douce, ajustable et \u00e9l\u00e9gant avec des boucles argent\u00e9es. Disponible en noir ou noir et blanc.","og_url":"https:\/\/www.minihorse.eu\/fr\/produit\/licou-anatomique-cuir-double\/","og_site_name":"Minihorse.eu","article_publisher":"https:\/\/www.facebook.com\/profile.php?id=100063487117479","article_modified_time":"2026-03-01T11:47:25+00:00","og_image":[{"width":490,"height":491,"url":"https:\/\/www.minihorse.eu\/wp-content\/uploads\/2025\/09\/Lederen-halster-onderlegd-wit-18-mm.jpeg","type":"image\/jpeg"}],"twitter_card":"summary_large_image","twitter_misc":{"Dur\u00e9e de lecture estim\u00e9e":"1 minute"},"schema":{"@context":"https:\/\/schema.org","@graph":[{"@type":"WebPage","@id":"https:\/\/www.minihorse.eu\/fr\/produit\/licou-anatomique-cuir-double\/","url":"https:\/\/www.minihorse.eu\/fr\/produit\/licou-anatomique-cuir-double\/","name":"Licol anatomique en cuir doubl\u00e9 - Minihorse.eu","isPartOf":{"@id":"https:\/\/www.minihorse.eu\/#website"},"primaryImageOfPage":{"@id":"https:\/\/www.minihorse.eu\/fr\/produit\/licou-anatomique-cuir-double\/#primaryimage"},"image":{"@id":"https:\/\/www.minihorse.eu\/fr\/produit\/licou-anatomique-cuir-double\/#primaryimage"},"thumbnailUrl":"https:\/\/www.minihorse.eu\/wp-content\/uploads\/2025\/09\/Lederen-halster-onderlegd-wit-18-mm.jpeg","datePublished":"2025-09-02T18:22:37+00:00","dateModified":"2026-03-01T11:47:25+00:00","description":"Licol anatomique en cuir de qualit\u00e9 pour chevaux miniatures ou shetlands. Doublure douce, ajustable et \u00e9l\u00e9gant avec des boucles argent\u00e9es. Disponible en noir ou noir et blanc.","breadcrumb":{"@id":"https:\/\/www.minihorse.eu\/fr\/produit\/licou-anatomique-cuir-double\/#breadcrumb"},"inLanguage":"fr-FR","potentialAction":[{"@type":"ReadAction","target":["https:\/\/www.minihorse.eu\/fr\/produit\/licou-anatomique-cuir-double\/"]}]},{"@type":"ImageObject","inLanguage":"fr-FR","@id":"https:\/\/www.minihorse.eu\/fr\/produit\/licou-anatomique-cuir-double\/#primaryimage","url":"https:\/\/www.minihorse.eu\/wp-content\/uploads\/2025\/09\/Lederen-halster-onderlegd-wit-18-mm.jpeg","contentUrl":"https:\/\/www.minihorse.eu\/wp-content\/uploads\/2025\/09\/Lederen-halster-onderlegd-wit-18-mm.jpeg","width":490,"height":491},{"@type":"BreadcrumbList","@id":"https:\/\/www.minihorse.eu\/fr\/produit\/licou-anatomique-cuir-double\/#breadcrumb","itemListElement":[{"@type":"ListItem","position":1,"name":"Home","item":"https:\/\/www.minihorse.eu\/fr\/accueil\/"},{"@type":"ListItem","position":2,"name":"Boutique","item":"https:\/\/www.minihorse.eu\/fr\/boutique\/"},{"@type":"ListItem","position":3,"name":"Licol anatomique en cuir doubl\u00e9"}]},{"@type":"WebSite","@id":"https:\/\/www.minihorse.eu\/#website","url":"https:\/\/www.minihorse.eu\/","name":"Minihorse.eu","description":"The #1 store for Miniature Horses","publisher":{"@id":"https:\/\/www.minihorse.eu\/#organization"},"potentialAction":[{"@type":"SearchAction","target":{"@type":"EntryPoint","urlTemplate":"https:\/\/www.minihorse.eu\/?s={search_term_string}"},"query-input":{"@type":"PropertyValueSpecification","valueRequired":true,"valueName":"search_term_string"}}],"inLanguage":"fr-FR"},{"@type":"Organization","@id":"https:\/\/www.minihorse.eu\/#organization","name":"Minihorse.eu","url":"https:\/\/www.minihorse.eu\/","logo":{"@type":"ImageObject","inLanguage":"fr-FR","@id":"https:\/\/www.minihorse.eu\/#\/schema\/logo\/image\/","url":"https:\/\/www.minihorse.eu\/wp-content\/uploads\/2024\/08\/Logo-minihorse-ext.png","contentUrl":"https:\/\/www.minihorse.eu\/wp-content\/uploads\/2024\/08\/Logo-minihorse-ext.png","width":500,"height":500,"caption":"Minihorse.eu"},"image":{"@id":"https:\/\/www.minihorse.eu\/#\/schema\/logo\/image\/"},"sameAs":["https:\/\/www.facebook.com\/profile.php?id=100063487117479"]}]}},"jetpack_sharing_enabled":true,"_links":{"self":[{"href":"https:\/\/www.minihorse.eu\/fr\/wp-json\/wp\/v2\/product\/11415","targetHints":{"allow":["GET"]}}],"collection":[{"href":"https:\/\/www.minihorse.eu\/fr\/wp-json\/wp\/v2\/product"}],"about":[{"href":"https:\/\/www.minihorse.eu\/fr\/wp-json\/wp\/v2\/types\/product"}],"replies":[{"embeddable":true,"href":"https:\/\/www.minihorse.eu\/fr\/wp-json\/wp\/v2\/comments?post=11415"}],"wp:featuredmedia":[{"embeddable":true,"href":"https:\/\/www.minihorse.eu\/fr\/wp-json\/wp\/v2\/media\/11432"}],"wp:attachment":[{"href":"https:\/\/www.minihorse.eu\/fr\/wp-json\/wp\/v2\/media?parent=11415"}],"wp:term":[{"taxonomy":"product_brand","embeddable":true,"href":"https:\/\/www.minihorse.eu\/fr\/wp-json\/wp\/v2\/product_brand?post=11415"},{"taxonomy":"product_cat","embeddable":true,"href":"https:\/\/www.minihorse.eu\/fr\/wp-json\/wp\/v2\/product_cat?post=11415"},{"taxonomy":"product_tag","embeddable":true,"href":"https:\/\/www.minihorse.eu\/fr\/wp-json\/wp\/v2\/product_tag?post=11415"}],"curies":[{"name":"wp","href":"https:\/\/api.w.org\/{rel}","templated":true}]}}