{"id":11455,"date":"2025-09-04T16:06:05","date_gmt":"2025-09-04T16:06:05","guid":{"rendered":"https:\/\/www.minihorse.eu\/product\/shampooing-universel-a-la-perle-horse-of-the-world-1-l\/"},"modified":"2025-09-08T00:00:27","modified_gmt":"2025-09-08T00:00:27","slug":"shampooing-universel-a-la-perle-horse-of-the-world-1-l","status":"publish","type":"product","link":"https:\/\/www.minihorse.eu\/fr\/produit\/shampooing-universel-a-la-perle-horse-of-the-world-1-l\/","title":{"rendered":"Shampooing universel \u00e0 la perle Horse of the World 1 L"},"content":{"rendered":"<p><strong><span dir=\"auto\">Shampooing universel \u00e0 la perle Horse of the World<\/span><\/strong><span dir=\"auto\"> est un shampooing polyvalent convenant \u00e0 <\/span><strong><span dir=\"auto\">tous les types de pelage<\/span><\/strong><span dir=\"auto\">  . Sa formule douce nettoie en profondeur, \u00e9limine les impuret\u00e9s et laisse le pelage brillant sans perturber l&rsquo;\u00e9quilibre naturel de la peau et du poil.<\/span><\/p>\n<p><span dir=\"auto\">Gr\u00e2ce \u00e0 son <\/span><strong><span dir=\"auto\">odeur naturelle de plantes,<\/span><\/strong><span dir=\"auto\"> ce shampoing offre un r\u00e9sultat frais et revitalisant, id\u00e9al pour un usage quotidien ou hebdomadaire. Con\u00e7u pour pr\u00e9server la sant\u00e9, la souplesse et la brillance du pelage, il convient parfaitement aux chevaux de toutes races et de tous types de poil. <\/span><\/p>\n<ul>\n<li><span dir=\"auto\">Convient \u00e0 tous les types de robes de chevaux<\/span><\/li>\n<li><span dir=\"auto\">Avec un parfum v\u00e9g\u00e9tal naturel pour un r\u00e9sultat frais<\/span><\/li>\n<li><span dir=\"auto\">Nettoie et soigne sans irritation<\/span><\/li>\n<li><span dir=\"auto\">Id\u00e9al pour une utilisation r\u00e9guli\u00e8re<\/span><\/li>\n<\/ul>\n<p><span dir=\"auto\">Mode d&#8217;emploi :<\/span><br \/>\n<span dir=\"auto\">Diluez <\/span><strong><span dir=\"auto\">2 bouchons de shampooing<\/span><\/strong><span dir=\"auto\"> dans un seau d&rsquo;eau. Appliquer la solution sur le pelage mouill\u00e9, masser vigoureusement et rincer abondamment pour une brillance optimale. <\/span><\/p>\n","protected":false},"excerpt":{"rendered":"<p><strong>Horse of the world Universal Pearl shampooing 1 L<\/strong><br \/>\nShampooing universel convenant \u00e0 toutes les robes de chevaux. Nettoie en profondeur et donne une belle brillance. Parfum frais et naturel de plantes. Doux et nourrissant &#8211; id\u00e9al pour un usage r\u00e9gulier.<br \/>\nContenu : 1 litre   <\/p>\n","protected":false},"featured_media":11445,"comment_status":"open","ping_status":"closed","template":"","meta":[],"product_brand":[],"product_cat":[189,183],"product_tag":[],"class_list":{"0":"post-11455","1":"product","2":"type-product","3":"status-publish","4":"has-post-thumbnail","6":"product_cat-nouveautes","7":"product_cat-toilettage","9":"first","10":"instock","11":"sale","12":"taxable","13":"shipping-taxable","14":"purchasable","15":"product-type-simple"},"yoast_head":"<!-- This site is optimized with the Yoast SEO plugin v27.5 - https:\/\/yoast.com\/product\/yoast-seo-wordpress\/ -->\n<title>Shampooing universel \u00e0 la perle Horse of the World 1 L - Minihorse.eu<\/title>\n<meta name=\"description\" content=\"D\u00e9couvrez le shampooing Horse of the World Universal Pearl : nettoyage doux, parfum naturel et pelage sain et brillant. Convient \u00e0 tous les chevaux.\" \/>\n<meta name=\"robots\" content=\"index, follow, max-snippet:-1, max-image-preview:large, max-video-preview:-1\" \/>\n<link rel=\"canonical\" href=\"https:\/\/www.minihorse.eu\/fr\/produit\/shampooing-universel-a-la-perle-horse-of-the-world-1-l\/\" \/>\n<meta property=\"og:locale\" content=\"fr_FR\" \/>\n<meta property=\"og:type\" content=\"article\" \/>\n<meta property=\"og:title\" content=\"Shampooing universel \u00e0 la perle Horse of the World 1 L - Minihorse.eu\" \/>\n<meta property=\"og:description\" content=\"D\u00e9couvrez le shampooing Horse of the World Universal Pearl : nettoyage doux, parfum naturel et pelage sain et brillant. Convient \u00e0 tous les chevaux.\" \/>\n<meta property=\"og:url\" content=\"https:\/\/www.minihorse.eu\/fr\/produit\/shampooing-universel-a-la-perle-horse-of-the-world-1-l\/\" \/>\n<meta property=\"og:site_name\" content=\"Minihorse.eu\" \/>\n<meta property=\"article:publisher\" content=\"https:\/\/www.facebook.com\/profile.php?id=100063487117479\" \/>\n<meta property=\"article:modified_time\" content=\"2025-09-08T00:00:27+00:00\" \/>\n<meta property=\"og:image\" content=\"https:\/\/www.minihorse.eu\/wp-content\/uploads\/2025\/09\/horse-of-the-world_howsh002.1000.jpg\" \/>\n\t<meta property=\"og:image:width\" content=\"1800\" \/>\n\t<meta property=\"og:image:height\" content=\"1800\" \/>\n\t<meta property=\"og:image:type\" content=\"image\/jpeg\" \/>\n<meta name=\"twitter:card\" content=\"summary_large_image\" \/>\n<meta name=\"twitter:label1\" content=\"Dur\u00e9e de lecture estim\u00e9e\" \/>\n\t<meta name=\"twitter:data1\" content=\"1 minute\" \/>\n<script type=\"application\/ld+json\" class=\"yoast-schema-graph\">{\"@context\":\"https:\\\/\\\/schema.org\",\"@graph\":[{\"@type\":\"WebPage\",\"@id\":\"https:\\\/\\\/www.minihorse.eu\\\/fr\\\/produit\\\/shampooing-universel-a-la-perle-horse-of-the-world-1-l\\\/\",\"url\":\"https:\\\/\\\/www.minihorse.eu\\\/fr\\\/produit\\\/shampooing-universel-a-la-perle-horse-of-the-world-1-l\\\/\",\"name\":\"Shampooing universel \u00e0 la perle Horse of the World 1 L - Minihorse.eu\",\"isPartOf\":{\"@id\":\"https:\\\/\\\/www.minihorse.eu\\\/#website\"},\"primaryImageOfPage\":{\"@id\":\"https:\\\/\\\/www.minihorse.eu\\\/fr\\\/produit\\\/shampooing-universel-a-la-perle-horse-of-the-world-1-l\\\/#primaryimage\"},\"image\":{\"@id\":\"https:\\\/\\\/www.minihorse.eu\\\/fr\\\/produit\\\/shampooing-universel-a-la-perle-horse-of-the-world-1-l\\\/#primaryimage\"},\"thumbnailUrl\":\"https:\\\/\\\/www.minihorse.eu\\\/wp-content\\\/uploads\\\/2025\\\/09\\\/horse-of-the-world_howsh002.1000.jpg\",\"datePublished\":\"2025-09-04T16:06:05+00:00\",\"dateModified\":\"2025-09-08T00:00:27+00:00\",\"description\":\"D\u00e9couvrez le shampooing Horse of the World Universal Pearl : nettoyage doux, parfum naturel et pelage sain et brillant. Convient \u00e0 tous les chevaux.\",\"breadcrumb\":{\"@id\":\"https:\\\/\\\/www.minihorse.eu\\\/fr\\\/produit\\\/shampooing-universel-a-la-perle-horse-of-the-world-1-l\\\/#breadcrumb\"},\"inLanguage\":\"fr-FR\",\"potentialAction\":[{\"@type\":\"ReadAction\",\"target\":[\"https:\\\/\\\/www.minihorse.eu\\\/fr\\\/produit\\\/shampooing-universel-a-la-perle-horse-of-the-world-1-l\\\/\"]}]},{\"@type\":\"ImageObject\",\"inLanguage\":\"fr-FR\",\"@id\":\"https:\\\/\\\/www.minihorse.eu\\\/fr\\\/produit\\\/shampooing-universel-a-la-perle-horse-of-the-world-1-l\\\/#primaryimage\",\"url\":\"https:\\\/\\\/www.minihorse.eu\\\/wp-content\\\/uploads\\\/2025\\\/09\\\/horse-of-the-world_howsh002.1000.jpg\",\"contentUrl\":\"https:\\\/\\\/www.minihorse.eu\\\/wp-content\\\/uploads\\\/2025\\\/09\\\/horse-of-the-world_howsh002.1000.jpg\",\"width\":1800,\"height\":1800},{\"@type\":\"BreadcrumbList\",\"@id\":\"https:\\\/\\\/www.minihorse.eu\\\/fr\\\/produit\\\/shampooing-universel-a-la-perle-horse-of-the-world-1-l\\\/#breadcrumb\",\"itemListElement\":[{\"@type\":\"ListItem\",\"position\":1,\"name\":\"Home\",\"item\":\"https:\\\/\\\/www.minihorse.eu\\\/fr\\\/accueil\\\/\"},{\"@type\":\"ListItem\",\"position\":2,\"name\":\"Boutique\",\"item\":\"https:\\\/\\\/www.minihorse.eu\\\/fr\\\/boutique\\\/\"},{\"@type\":\"ListItem\",\"position\":3,\"name\":\"Shampooing universel \u00e0 la perle Horse of the World 1 L\"}]},{\"@type\":\"WebSite\",\"@id\":\"https:\\\/\\\/www.minihorse.eu\\\/#website\",\"url\":\"https:\\\/\\\/www.minihorse.eu\\\/\",\"name\":\"Minihorse.eu\",\"description\":\"The #1 store for Miniature Horses\",\"publisher\":{\"@id\":\"https:\\\/\\\/www.minihorse.eu\\\/#organization\"},\"potentialAction\":[{\"@type\":\"SearchAction\",\"target\":{\"@type\":\"EntryPoint\",\"urlTemplate\":\"https:\\\/\\\/www.minihorse.eu\\\/?s={search_term_string}\"},\"query-input\":{\"@type\":\"PropertyValueSpecification\",\"valueRequired\":true,\"valueName\":\"search_term_string\"}}],\"inLanguage\":\"fr-FR\"},{\"@type\":\"Organization\",\"@id\":\"https:\\\/\\\/www.minihorse.eu\\\/#organization\",\"name\":\"Minihorse.eu\",\"url\":\"https:\\\/\\\/www.minihorse.eu\\\/\",\"logo\":{\"@type\":\"ImageObject\",\"inLanguage\":\"fr-FR\",\"@id\":\"https:\\\/\\\/www.minihorse.eu\\\/#\\\/schema\\\/logo\\\/image\\\/\",\"url\":\"https:\\\/\\\/www.minihorse.eu\\\/wp-content\\\/uploads\\\/2024\\\/08\\\/Logo-minihorse-ext.png\",\"contentUrl\":\"https:\\\/\\\/www.minihorse.eu\\\/wp-content\\\/uploads\\\/2024\\\/08\\\/Logo-minihorse-ext.png\",\"width\":500,\"height\":500,\"caption\":\"Minihorse.eu\"},\"image\":{\"@id\":\"https:\\\/\\\/www.minihorse.eu\\\/#\\\/schema\\\/logo\\\/image\\\/\"},\"sameAs\":[\"https:\\\/\\\/www.facebook.com\\\/profile.php?id=100063487117479\"]}]}<\/script>\n<!-- \/ Yoast SEO plugin. -->","yoast_head_json":{"title":"Shampooing universel \u00e0 la perle Horse of the World 1 L - Minihorse.eu","description":"D\u00e9couvrez le shampooing Horse of the World Universal Pearl : nettoyage doux, parfum naturel et pelage sain et brillant. Convient \u00e0 tous les chevaux.","robots":{"index":"index","follow":"follow","max-snippet":"max-snippet:-1","max-image-preview":"max-image-preview:large","max-video-preview":"max-video-preview:-1"},"canonical":"https:\/\/www.minihorse.eu\/fr\/produit\/shampooing-universel-a-la-perle-horse-of-the-world-1-l\/","og_locale":"fr_FR","og_type":"article","og_title":"Shampooing universel \u00e0 la perle Horse of the World 1 L - Minihorse.eu","og_description":"D\u00e9couvrez le shampooing Horse of the World Universal Pearl : nettoyage doux, parfum naturel et pelage sain et brillant. Convient \u00e0 tous les chevaux.","og_url":"https:\/\/www.minihorse.eu\/fr\/produit\/shampooing-universel-a-la-perle-horse-of-the-world-1-l\/","og_site_name":"Minihorse.eu","article_publisher":"https:\/\/www.facebook.com\/profile.php?id=100063487117479","article_modified_time":"2025-09-08T00:00:27+00:00","og_image":[{"width":1800,"height":1800,"url":"https:\/\/www.minihorse.eu\/wp-content\/uploads\/2025\/09\/horse-of-the-world_howsh002.1000.jpg","type":"image\/jpeg"}],"twitter_card":"summary_large_image","twitter_misc":{"Dur\u00e9e de lecture estim\u00e9e":"1 minute"},"schema":{"@context":"https:\/\/schema.org","@graph":[{"@type":"WebPage","@id":"https:\/\/www.minihorse.eu\/fr\/produit\/shampooing-universel-a-la-perle-horse-of-the-world-1-l\/","url":"https:\/\/www.minihorse.eu\/fr\/produit\/shampooing-universel-a-la-perle-horse-of-the-world-1-l\/","name":"Shampooing universel \u00e0 la perle Horse of the World 1 L - Minihorse.eu","isPartOf":{"@id":"https:\/\/www.minihorse.eu\/#website"},"primaryImageOfPage":{"@id":"https:\/\/www.minihorse.eu\/fr\/produit\/shampooing-universel-a-la-perle-horse-of-the-world-1-l\/#primaryimage"},"image":{"@id":"https:\/\/www.minihorse.eu\/fr\/produit\/shampooing-universel-a-la-perle-horse-of-the-world-1-l\/#primaryimage"},"thumbnailUrl":"https:\/\/www.minihorse.eu\/wp-content\/uploads\/2025\/09\/horse-of-the-world_howsh002.1000.jpg","datePublished":"2025-09-04T16:06:05+00:00","dateModified":"2025-09-08T00:00:27+00:00","description":"D\u00e9couvrez le shampooing Horse of the World Universal Pearl : nettoyage doux, parfum naturel et pelage sain et brillant. Convient \u00e0 tous les chevaux.","breadcrumb":{"@id":"https:\/\/www.minihorse.eu\/fr\/produit\/shampooing-universel-a-la-perle-horse-of-the-world-1-l\/#breadcrumb"},"inLanguage":"fr-FR","potentialAction":[{"@type":"ReadAction","target":["https:\/\/www.minihorse.eu\/fr\/produit\/shampooing-universel-a-la-perle-horse-of-the-world-1-l\/"]}]},{"@type":"ImageObject","inLanguage":"fr-FR","@id":"https:\/\/www.minihorse.eu\/fr\/produit\/shampooing-universel-a-la-perle-horse-of-the-world-1-l\/#primaryimage","url":"https:\/\/www.minihorse.eu\/wp-content\/uploads\/2025\/09\/horse-of-the-world_howsh002.1000.jpg","contentUrl":"https:\/\/www.minihorse.eu\/wp-content\/uploads\/2025\/09\/horse-of-the-world_howsh002.1000.jpg","width":1800,"height":1800},{"@type":"BreadcrumbList","@id":"https:\/\/www.minihorse.eu\/fr\/produit\/shampooing-universel-a-la-perle-horse-of-the-world-1-l\/#breadcrumb","itemListElement":[{"@type":"ListItem","position":1,"name":"Home","item":"https:\/\/www.minihorse.eu\/fr\/accueil\/"},{"@type":"ListItem","position":2,"name":"Boutique","item":"https:\/\/www.minihorse.eu\/fr\/boutique\/"},{"@type":"ListItem","position":3,"name":"Shampooing universel \u00e0 la perle Horse of the World 1 L"}]},{"@type":"WebSite","@id":"https:\/\/www.minihorse.eu\/#website","url":"https:\/\/www.minihorse.eu\/","name":"Minihorse.eu","description":"The #1 store for Miniature Horses","publisher":{"@id":"https:\/\/www.minihorse.eu\/#organization"},"potentialAction":[{"@type":"SearchAction","target":{"@type":"EntryPoint","urlTemplate":"https:\/\/www.minihorse.eu\/?s={search_term_string}"},"query-input":{"@type":"PropertyValueSpecification","valueRequired":true,"valueName":"search_term_string"}}],"inLanguage":"fr-FR"},{"@type":"Organization","@id":"https:\/\/www.minihorse.eu\/#organization","name":"Minihorse.eu","url":"https:\/\/www.minihorse.eu\/","logo":{"@type":"ImageObject","inLanguage":"fr-FR","@id":"https:\/\/www.minihorse.eu\/#\/schema\/logo\/image\/","url":"https:\/\/www.minihorse.eu\/wp-content\/uploads\/2024\/08\/Logo-minihorse-ext.png","contentUrl":"https:\/\/www.minihorse.eu\/wp-content\/uploads\/2024\/08\/Logo-minihorse-ext.png","width":500,"height":500,"caption":"Minihorse.eu"},"image":{"@id":"https:\/\/www.minihorse.eu\/#\/schema\/logo\/image\/"},"sameAs":["https:\/\/www.facebook.com\/profile.php?id=100063487117479"]}]}},"jetpack_sharing_enabled":true,"_links":{"self":[{"href":"https:\/\/www.minihorse.eu\/fr\/wp-json\/wp\/v2\/product\/11455","targetHints":{"allow":["GET"]}}],"collection":[{"href":"https:\/\/www.minihorse.eu\/fr\/wp-json\/wp\/v2\/product"}],"about":[{"href":"https:\/\/www.minihorse.eu\/fr\/wp-json\/wp\/v2\/types\/product"}],"replies":[{"embeddable":true,"href":"https:\/\/www.minihorse.eu\/fr\/wp-json\/wp\/v2\/comments?post=11455"}],"wp:featuredmedia":[{"embeddable":true,"href":"https:\/\/www.minihorse.eu\/fr\/wp-json\/wp\/v2\/media\/11445"}],"wp:attachment":[{"href":"https:\/\/www.minihorse.eu\/fr\/wp-json\/wp\/v2\/media?parent=11455"}],"wp:term":[{"taxonomy":"product_brand","embeddable":true,"href":"https:\/\/www.minihorse.eu\/fr\/wp-json\/wp\/v2\/product_brand?post=11455"},{"taxonomy":"product_cat","embeddable":true,"href":"https:\/\/www.minihorse.eu\/fr\/wp-json\/wp\/v2\/product_cat?post=11455"},{"taxonomy":"product_tag","embeddable":true,"href":"https:\/\/www.minihorse.eu\/fr\/wp-json\/wp\/v2\/product_tag?post=11455"}],"curies":[{"name":"wp","href":"https:\/\/api.w.org\/{rel}","templated":true}]}}