{"id":11485,"date":"2025-09-11T21:51:38","date_gmt":"2025-09-11T21:51:38","guid":{"rendered":"https:\/\/www.minihorse.eu\/product\/sac-pour-licols-bridons\/"},"modified":"2025-09-11T21:51:38","modified_gmt":"2025-09-11T21:51:38","slug":"sac-pour-licols-bridons","status":"publish","type":"product","link":"https:\/\/www.minihorse.eu\/fr\/produit\/sac-pour-licols-bridons\/","title":{"rendered":"Sac pour licols\/bridons"},"content":{"rendered":"<p>L<strong>e sac pour licols\/brides <\/strong>prot\u00e8ge vos licols ou brides de concours pendant le transport, lors des comp\u00e9titions ou \u00e0 la maison. Il est \u00e9quip\u00e9 de 3 bandes velcro \u00e0 l&rsquo;int\u00e9rieur pour maintenir votre licol ou votre bride bien en place. Couleur: noir. Dimensions: 50 x 30 x 9 cm.   <\/p>\n<p>Le sac pour licols\/bridons offre une protection optimale pour vos licols ou bridons de concours pendant le transport, lors des comp\u00e9titions, lors des concours ou \u00e0 la maison. Gr\u00e2ce \u00e0 sa construction robuste et \u00e0 son tissu matelass\u00e9, vos pr\u00e9cieux licols et bridons restent bien rang\u00e9s et prot\u00e9g\u00e9s contre la poussi\u00e8re, la salet\u00e9 et les dommages. <\/p>\n<p>\u00c0 l&rsquo;int\u00e9rieur, 3 bandes velcro pratiques vous permettent de fixer facilement votre bride ou votre licol, afin que tout reste bien en place. Le sac se ferme de mani\u00e8re s\u00e9curis\u00e9e et est pratique \u00e0 utiliser. <\/p>\n<p>Couleur: noir<\/p>\n<p>Dimensions: 50 x 30 x 9 cm<\/p>\n<p>Int\u00e9rieur : 3 attaches Velcro pour une fixation s\u00fbre.<\/p>\n<p>Utilisation : id\u00e9al pour le transport, les concours ou le rangement \u00e0 la maison.<\/p>\n<p>Une solution \u00e9l\u00e9gante et pratique pour garder votre \u00e9quipement pr\u00e9cieux en s\u00e9curit\u00e9 et bien rang\u00e9!<\/p>\n<p>&nbsp;<\/p>\n","protected":false},"excerpt":{"rendered":"<p><strong>Le sac pour licols\/brides<\/strong> prot\u00e8ge vos licols ou brides de concours pendant le transport, lors des comp\u00e9titions ou \u00e0 la maison. \u00c9quip\u00e9 de 3 bandes Velcro \u00e0 l&rsquo;int\u00e9rieur pour fixer solidement votre licol ou votre bride. <\/p>\n<p>Couleur: noir.<\/p>\n<p>Dimensions: 50 x 30 x 9 cm.<\/p>\n","protected":false},"featured_media":11482,"comment_status":"open","ping_status":"closed","template":"","meta":[],"product_brand":[],"product_cat":[217,418],"product_tag":[],"class_list":{"0":"post-11485","1":"product","2":"type-product","3":"status-publish","4":"has-post-thumbnail","6":"product_cat-filets-et-mors","7":"product_cat-licols-de-show","9":"first","10":"instock","11":"taxable","12":"shipping-taxable","13":"purchasable","14":"product-type-simple"},"yoast_head":"<!-- This site is optimized with the Yoast SEO plugin v27.5 - https:\/\/yoast.com\/product\/yoast-seo-wordpress\/ -->\n<title>Sac pour licols\/bridons - Minihorse.eu<\/title>\n<meta name=\"description\" content=\"Halter\/Bridle Bag protects your show halters or bridles during transport, at competitions or at home. Equipped with 3 Velcro strips on the inside to securely fasten your halter or bridle.\" \/>\n<meta name=\"robots\" content=\"index, follow, max-snippet:-1, max-image-preview:large, max-video-preview:-1\" \/>\n<link rel=\"canonical\" href=\"https:\/\/www.minihorse.eu\/fr\/produit\/sac-pour-licols-bridons\/\" \/>\n<meta property=\"og:locale\" content=\"fr_FR\" \/>\n<meta property=\"og:type\" content=\"article\" \/>\n<meta property=\"og:title\" content=\"Sac pour licols\/bridons - Minihorse.eu\" \/>\n<meta property=\"og:description\" content=\"Halter\/Bridle Bag protects your show halters or bridles during transport, at competitions or at home. Equipped with 3 Velcro strips on the inside to securely fasten your halter or bridle.\" \/>\n<meta property=\"og:url\" content=\"https:\/\/www.minihorse.eu\/fr\/produit\/sac-pour-licols-bridons\/\" \/>\n<meta property=\"og:site_name\" content=\"Minihorse.eu\" \/>\n<meta property=\"article:publisher\" content=\"https:\/\/www.facebook.com\/profile.php?id=100063487117479\" \/>\n<meta property=\"og:image\" content=\"https:\/\/www.minihorse.eu\/wp-content\/uploads\/2025\/09\/Halstertas.jpg\" \/>\n\t<meta property=\"og:image:width\" content=\"200\" \/>\n\t<meta property=\"og:image:height\" content=\"368\" \/>\n\t<meta property=\"og:image:type\" content=\"image\/jpeg\" \/>\n<meta name=\"twitter:card\" content=\"summary_large_image\" \/>\n<meta name=\"twitter:label1\" content=\"Dur\u00e9e de lecture estim\u00e9e\" \/>\n\t<meta name=\"twitter:data1\" content=\"1 minute\" \/>\n<script type=\"application\/ld+json\" class=\"yoast-schema-graph\">{\"@context\":\"https:\\\/\\\/schema.org\",\"@graph\":[{\"@type\":\"WebPage\",\"@id\":\"https:\\\/\\\/www.minihorse.eu\\\/fr\\\/produit\\\/sac-pour-licols-bridons\\\/\",\"url\":\"https:\\\/\\\/www.minihorse.eu\\\/fr\\\/produit\\\/sac-pour-licols-bridons\\\/\",\"name\":\"Sac pour licols\\\/bridons - Minihorse.eu\",\"isPartOf\":{\"@id\":\"https:\\\/\\\/www.minihorse.eu\\\/#website\"},\"primaryImageOfPage\":{\"@id\":\"https:\\\/\\\/www.minihorse.eu\\\/fr\\\/produit\\\/sac-pour-licols-bridons\\\/#primaryimage\"},\"image\":{\"@id\":\"https:\\\/\\\/www.minihorse.eu\\\/fr\\\/produit\\\/sac-pour-licols-bridons\\\/#primaryimage\"},\"thumbnailUrl\":\"https:\\\/\\\/www.minihorse.eu\\\/wp-content\\\/uploads\\\/2025\\\/09\\\/Halstertas.jpg\",\"datePublished\":\"2025-09-11T21:51:38+00:00\",\"description\":\"Halter\\\/Bridle Bag protects your show halters or bridles during transport, at competitions or at home. Equipped with 3 Velcro strips on the inside to securely fasten your halter or bridle.\",\"breadcrumb\":{\"@id\":\"https:\\\/\\\/www.minihorse.eu\\\/fr\\\/produit\\\/sac-pour-licols-bridons\\\/#breadcrumb\"},\"inLanguage\":\"fr-FR\",\"potentialAction\":[{\"@type\":\"ReadAction\",\"target\":[\"https:\\\/\\\/www.minihorse.eu\\\/fr\\\/produit\\\/sac-pour-licols-bridons\\\/\"]}]},{\"@type\":\"ImageObject\",\"inLanguage\":\"fr-FR\",\"@id\":\"https:\\\/\\\/www.minihorse.eu\\\/fr\\\/produit\\\/sac-pour-licols-bridons\\\/#primaryimage\",\"url\":\"https:\\\/\\\/www.minihorse.eu\\\/wp-content\\\/uploads\\\/2025\\\/09\\\/Halstertas.jpg\",\"contentUrl\":\"https:\\\/\\\/www.minihorse.eu\\\/wp-content\\\/uploads\\\/2025\\\/09\\\/Halstertas.jpg\",\"width\":200,\"height\":368},{\"@type\":\"BreadcrumbList\",\"@id\":\"https:\\\/\\\/www.minihorse.eu\\\/fr\\\/produit\\\/sac-pour-licols-bridons\\\/#breadcrumb\",\"itemListElement\":[{\"@type\":\"ListItem\",\"position\":1,\"name\":\"Home\",\"item\":\"https:\\\/\\\/www.minihorse.eu\\\/fr\\\/accueil\\\/\"},{\"@type\":\"ListItem\",\"position\":2,\"name\":\"Boutique\",\"item\":\"https:\\\/\\\/www.minihorse.eu\\\/fr\\\/boutique\\\/\"},{\"@type\":\"ListItem\",\"position\":3,\"name\":\"Sac pour licols\\\/bridons\"}]},{\"@type\":\"WebSite\",\"@id\":\"https:\\\/\\\/www.minihorse.eu\\\/#website\",\"url\":\"https:\\\/\\\/www.minihorse.eu\\\/\",\"name\":\"Minihorse.eu\",\"description\":\"The #1 store for Miniature Horses\",\"publisher\":{\"@id\":\"https:\\\/\\\/www.minihorse.eu\\\/#organization\"},\"potentialAction\":[{\"@type\":\"SearchAction\",\"target\":{\"@type\":\"EntryPoint\",\"urlTemplate\":\"https:\\\/\\\/www.minihorse.eu\\\/?s={search_term_string}\"},\"query-input\":{\"@type\":\"PropertyValueSpecification\",\"valueRequired\":true,\"valueName\":\"search_term_string\"}}],\"inLanguage\":\"fr-FR\"},{\"@type\":\"Organization\",\"@id\":\"https:\\\/\\\/www.minihorse.eu\\\/#organization\",\"name\":\"Minihorse.eu\",\"url\":\"https:\\\/\\\/www.minihorse.eu\\\/\",\"logo\":{\"@type\":\"ImageObject\",\"inLanguage\":\"fr-FR\",\"@id\":\"https:\\\/\\\/www.minihorse.eu\\\/#\\\/schema\\\/logo\\\/image\\\/\",\"url\":\"https:\\\/\\\/www.minihorse.eu\\\/wp-content\\\/uploads\\\/2024\\\/08\\\/Logo-minihorse-ext.png\",\"contentUrl\":\"https:\\\/\\\/www.minihorse.eu\\\/wp-content\\\/uploads\\\/2024\\\/08\\\/Logo-minihorse-ext.png\",\"width\":500,\"height\":500,\"caption\":\"Minihorse.eu\"},\"image\":{\"@id\":\"https:\\\/\\\/www.minihorse.eu\\\/#\\\/schema\\\/logo\\\/image\\\/\"},\"sameAs\":[\"https:\\\/\\\/www.facebook.com\\\/profile.php?id=100063487117479\"]}]}<\/script>\n<!-- \/ Yoast SEO plugin. -->","yoast_head_json":{"title":"Sac pour licols\/bridons - Minihorse.eu","description":"Halter\/Bridle Bag protects your show halters or bridles during transport, at competitions or at home. Equipped with 3 Velcro strips on the inside to securely fasten your halter or bridle.","robots":{"index":"index","follow":"follow","max-snippet":"max-snippet:-1","max-image-preview":"max-image-preview:large","max-video-preview":"max-video-preview:-1"},"canonical":"https:\/\/www.minihorse.eu\/fr\/produit\/sac-pour-licols-bridons\/","og_locale":"fr_FR","og_type":"article","og_title":"Sac pour licols\/bridons - Minihorse.eu","og_description":"Halter\/Bridle Bag protects your show halters or bridles during transport, at competitions or at home. Equipped with 3 Velcro strips on the inside to securely fasten your halter or bridle.","og_url":"https:\/\/www.minihorse.eu\/fr\/produit\/sac-pour-licols-bridons\/","og_site_name":"Minihorse.eu","article_publisher":"https:\/\/www.facebook.com\/profile.php?id=100063487117479","og_image":[{"width":200,"height":368,"url":"https:\/\/www.minihorse.eu\/wp-content\/uploads\/2025\/09\/Halstertas.jpg","type":"image\/jpeg"}],"twitter_card":"summary_large_image","twitter_misc":{"Dur\u00e9e de lecture estim\u00e9e":"1 minute"},"schema":{"@context":"https:\/\/schema.org","@graph":[{"@type":"WebPage","@id":"https:\/\/www.minihorse.eu\/fr\/produit\/sac-pour-licols-bridons\/","url":"https:\/\/www.minihorse.eu\/fr\/produit\/sac-pour-licols-bridons\/","name":"Sac pour licols\/bridons - Minihorse.eu","isPartOf":{"@id":"https:\/\/www.minihorse.eu\/#website"},"primaryImageOfPage":{"@id":"https:\/\/www.minihorse.eu\/fr\/produit\/sac-pour-licols-bridons\/#primaryimage"},"image":{"@id":"https:\/\/www.minihorse.eu\/fr\/produit\/sac-pour-licols-bridons\/#primaryimage"},"thumbnailUrl":"https:\/\/www.minihorse.eu\/wp-content\/uploads\/2025\/09\/Halstertas.jpg","datePublished":"2025-09-11T21:51:38+00:00","description":"Halter\/Bridle Bag protects your show halters or bridles during transport, at competitions or at home. Equipped with 3 Velcro strips on the inside to securely fasten your halter or bridle.","breadcrumb":{"@id":"https:\/\/www.minihorse.eu\/fr\/produit\/sac-pour-licols-bridons\/#breadcrumb"},"inLanguage":"fr-FR","potentialAction":[{"@type":"ReadAction","target":["https:\/\/www.minihorse.eu\/fr\/produit\/sac-pour-licols-bridons\/"]}]},{"@type":"ImageObject","inLanguage":"fr-FR","@id":"https:\/\/www.minihorse.eu\/fr\/produit\/sac-pour-licols-bridons\/#primaryimage","url":"https:\/\/www.minihorse.eu\/wp-content\/uploads\/2025\/09\/Halstertas.jpg","contentUrl":"https:\/\/www.minihorse.eu\/wp-content\/uploads\/2025\/09\/Halstertas.jpg","width":200,"height":368},{"@type":"BreadcrumbList","@id":"https:\/\/www.minihorse.eu\/fr\/produit\/sac-pour-licols-bridons\/#breadcrumb","itemListElement":[{"@type":"ListItem","position":1,"name":"Home","item":"https:\/\/www.minihorse.eu\/fr\/accueil\/"},{"@type":"ListItem","position":2,"name":"Boutique","item":"https:\/\/www.minihorse.eu\/fr\/boutique\/"},{"@type":"ListItem","position":3,"name":"Sac pour licols\/bridons"}]},{"@type":"WebSite","@id":"https:\/\/www.minihorse.eu\/#website","url":"https:\/\/www.minihorse.eu\/","name":"Minihorse.eu","description":"The #1 store for Miniature Horses","publisher":{"@id":"https:\/\/www.minihorse.eu\/#organization"},"potentialAction":[{"@type":"SearchAction","target":{"@type":"EntryPoint","urlTemplate":"https:\/\/www.minihorse.eu\/?s={search_term_string}"},"query-input":{"@type":"PropertyValueSpecification","valueRequired":true,"valueName":"search_term_string"}}],"inLanguage":"fr-FR"},{"@type":"Organization","@id":"https:\/\/www.minihorse.eu\/#organization","name":"Minihorse.eu","url":"https:\/\/www.minihorse.eu\/","logo":{"@type":"ImageObject","inLanguage":"fr-FR","@id":"https:\/\/www.minihorse.eu\/#\/schema\/logo\/image\/","url":"https:\/\/www.minihorse.eu\/wp-content\/uploads\/2024\/08\/Logo-minihorse-ext.png","contentUrl":"https:\/\/www.minihorse.eu\/wp-content\/uploads\/2024\/08\/Logo-minihorse-ext.png","width":500,"height":500,"caption":"Minihorse.eu"},"image":{"@id":"https:\/\/www.minihorse.eu\/#\/schema\/logo\/image\/"},"sameAs":["https:\/\/www.facebook.com\/profile.php?id=100063487117479"]}]}},"jetpack_sharing_enabled":true,"_links":{"self":[{"href":"https:\/\/www.minihorse.eu\/fr\/wp-json\/wp\/v2\/product\/11485","targetHints":{"allow":["GET"]}}],"collection":[{"href":"https:\/\/www.minihorse.eu\/fr\/wp-json\/wp\/v2\/product"}],"about":[{"href":"https:\/\/www.minihorse.eu\/fr\/wp-json\/wp\/v2\/types\/product"}],"replies":[{"embeddable":true,"href":"https:\/\/www.minihorse.eu\/fr\/wp-json\/wp\/v2\/comments?post=11485"}],"wp:featuredmedia":[{"embeddable":true,"href":"https:\/\/www.minihorse.eu\/fr\/wp-json\/wp\/v2\/media\/11482"}],"wp:attachment":[{"href":"https:\/\/www.minihorse.eu\/fr\/wp-json\/wp\/v2\/media?parent=11485"}],"wp:term":[{"taxonomy":"product_brand","embeddable":true,"href":"https:\/\/www.minihorse.eu\/fr\/wp-json\/wp\/v2\/product_brand?post=11485"},{"taxonomy":"product_cat","embeddable":true,"href":"https:\/\/www.minihorse.eu\/fr\/wp-json\/wp\/v2\/product_cat?post=11485"},{"taxonomy":"product_tag","embeddable":true,"href":"https:\/\/www.minihorse.eu\/fr\/wp-json\/wp\/v2\/product_tag?post=11485"}],"curies":[{"name":"wp","href":"https:\/\/api.w.org\/{rel}","templated":true}]}}