{"id":11577,"date":"2025-09-14T21:06:38","date_gmt":"2025-09-14T21:06:38","guid":{"rendered":"https:\/\/www.minihorse.eu\/product\/shapleys-no-1-light-oil\/"},"modified":"2025-09-15T19:38:51","modified_gmt":"2025-09-15T19:38:51","slug":"shapleys-no-1-light-oil","status":"publish","type":"product","link":"https:\/\/www.minihorse.eu\/fr\/produit\/shapleys-no-1-light-oil\/","title":{"rendered":"Shapley&rsquo;s No. 1 Light Oil"},"content":{"rendered":"<p><strong>No. 1 Light Oil<\/strong> (est un excellent revitalisant pour le pelage et la peau des chevaux. Elle apporte une l\u00e9g\u00e8re brillance au pelage tout en lissant et adoucissant les poils. Elle ajoute une fine couche d&rsquo;huile \u00e0 la peau ou au pelage sec afin de les r\u00e9g\u00e9n\u00e9rer et de rendre la peau et les poils \u00e0 nouveau sains. Elle d\u00e9m\u00eale la crini\u00e8re et la queue sans les rendre collantes ou gluantes et permet d&rsquo;\u00e9liminer facilement les n\u0153uds tenaces.   <\/p>\n<p><strong>No. 1 Light Oil<\/strong> facilite le d\u00e9m\u00ealage de la crini\u00e8re et permet d&rsquo;\u00e9liminer rapidement les n\u0153uds.<\/p>\n<p>Appliquez un peu No. 1 Light Oil sur une serviette pour \u00e9liminer les poils morts.<\/p>\n<p><strong>No. 1 Light Oil <\/strong>est utilis\u00e9e pour faciliter et acc\u00e9l\u00e9rer la mue du pelage d&rsquo;hiver. Elle aide \u00e9galement \u00e0 tirer la crini\u00e8re si elle est appliqu\u00e9e \u00e0 la base de celle-ci. Utilis\u00e9e \u00e0 ces deux fins, l&rsquo;huile l\u00e9g\u00e8re n\u00b0 1 permet aux follicules pileux de se d\u00e9tacher sans irriter la peau. Elle est parfaite pour les chevaux sensibles.<br \/>\nPour l&rsquo;utiliser, appliquez-la avec vos mains et\/ou une serviette ou versez-la dans un vaporisateur et vaporisez l\u00e9g\u00e8rement le cheval \u00e0 quelques centim\u00e8tres de distance.<br \/>\n<strong>No. 1 Light Oil <\/strong>est disponible en flacon de 946 ml.<\/p>\n","protected":false},"excerpt":{"rendered":"<p><strong>No. 1 Light Oil<\/strong> prend soin du pelage et de la peau, donne un \u00e9clat naturel et rend les poils doux et lisses. Elle d\u00e9m\u00eale la crini\u00e8re et la queue sans laisser de sensation collante et aide \u00e0 \u00e9liminer les poils morts et le pelage d&rsquo;hiver. Facile \u00e0 appliquer avec un chiffon ou un vaporisateur, elle est id\u00e9ale pour les chevaux sensibles.  <\/p>\n","protected":false},"featured_media":11566,"comment_status":"open","ping_status":"closed","template":"","meta":[],"product_brand":[],"product_cat":[210],"product_tag":[1476,1477,1032,775],"class_list":{"0":"post-11577","1":"product","2":"type-product","3":"status-publish","4":"has-post-thumbnail","6":"product_cat-shapleys-fr","7":"product_tag-couche-seche","8":"product_tag-demelant-pour-criniere-et-queue","9":"product_tag-fourrure-conditionneur","10":"product_tag-peau-seche","12":"first","13":"instock","14":"taxable","15":"shipping-taxable","16":"purchasable","17":"product-type-simple"},"yoast_head":"<!-- This site is optimized with the Yoast SEO plugin v27.6 - https:\/\/yoast.com\/product\/yoast-seo-wordpress\/ -->\n<title>Shapley&#039;s No. 1 Light Oil - Minihorse.eu<\/title>\n<meta name=\"description\" content=\"No. 1 Light Oil apporte brillance, nourrit le pelage et la peau, d\u00e9m\u00eale la crini\u00e8re et la queue, aide \u00e0 la croissance du pelage d&#039;hiver et est id\u00e9al pour les chevaux sensibles.\" \/>\n<meta name=\"robots\" content=\"index, follow, max-snippet:-1, max-image-preview:large, max-video-preview:-1\" \/>\n<link rel=\"canonical\" href=\"https:\/\/www.minihorse.eu\/fr\/produit\/shapleys-no-1-light-oil\/\" \/>\n<meta property=\"og:locale\" content=\"fr_FR\" \/>\n<meta property=\"og:type\" content=\"article\" \/>\n<meta property=\"og:title\" content=\"Shapley&#039;s No. 1 Light Oil - Minihorse.eu\" \/>\n<meta property=\"og:description\" content=\"No. 1 Light Oil apporte brillance, nourrit le pelage et la peau, d\u00e9m\u00eale la crini\u00e8re et la queue, aide \u00e0 la croissance du pelage d&#039;hiver et est id\u00e9al pour les chevaux sensibles.\" \/>\n<meta property=\"og:url\" content=\"https:\/\/www.minihorse.eu\/fr\/produit\/shapleys-no-1-light-oil\/\" \/>\n<meta property=\"og:site_name\" content=\"Minihorse.eu\" \/>\n<meta property=\"article:publisher\" content=\"https:\/\/www.facebook.com\/profile.php?id=100063487117479\" \/>\n<meta property=\"article:modified_time\" content=\"2025-09-15T19:38:51+00:00\" \/>\n<meta property=\"og:image\" content=\"https:\/\/www.minihorse.eu\/wp-content\/uploads\/2025\/09\/No-1-Light-Oil-32-oz.jpg\" \/>\n\t<meta property=\"og:image:width\" content=\"600\" \/>\n\t<meta property=\"og:image:height\" content=\"800\" \/>\n\t<meta property=\"og:image:type\" content=\"image\/jpeg\" \/>\n<meta name=\"twitter:card\" content=\"summary_large_image\" \/>\n<meta name=\"twitter:label1\" content=\"Dur\u00e9e de lecture estim\u00e9e\" \/>\n\t<meta name=\"twitter:data1\" content=\"1 minute\" \/>\n<script type=\"application\/ld+json\" class=\"yoast-schema-graph\">{\"@context\":\"https:\\\/\\\/schema.org\",\"@graph\":[{\"@type\":\"WebPage\",\"@id\":\"https:\\\/\\\/www.minihorse.eu\\\/fr\\\/produit\\\/shapleys-no-1-light-oil\\\/\",\"url\":\"https:\\\/\\\/www.minihorse.eu\\\/fr\\\/produit\\\/shapleys-no-1-light-oil\\\/\",\"name\":\"Shapley's No. 1 Light Oil - Minihorse.eu\",\"isPartOf\":{\"@id\":\"https:\\\/\\\/www.minihorse.eu\\\/#website\"},\"primaryImageOfPage\":{\"@id\":\"https:\\\/\\\/www.minihorse.eu\\\/fr\\\/produit\\\/shapleys-no-1-light-oil\\\/#primaryimage\"},\"image\":{\"@id\":\"https:\\\/\\\/www.minihorse.eu\\\/fr\\\/produit\\\/shapleys-no-1-light-oil\\\/#primaryimage\"},\"thumbnailUrl\":\"https:\\\/\\\/www.minihorse.eu\\\/wp-content\\\/uploads\\\/2025\\\/09\\\/No-1-Light-Oil-32-oz.jpg\",\"datePublished\":\"2025-09-14T21:06:38+00:00\",\"dateModified\":\"2025-09-15T19:38:51+00:00\",\"description\":\"No. 1 Light Oil apporte brillance, nourrit le pelage et la peau, d\u00e9m\u00eale la crini\u00e8re et la queue, aide \u00e0 la croissance du pelage d'hiver et est id\u00e9al pour les chevaux sensibles.\",\"breadcrumb\":{\"@id\":\"https:\\\/\\\/www.minihorse.eu\\\/fr\\\/produit\\\/shapleys-no-1-light-oil\\\/#breadcrumb\"},\"inLanguage\":\"fr-FR\",\"potentialAction\":[{\"@type\":\"ReadAction\",\"target\":[\"https:\\\/\\\/www.minihorse.eu\\\/fr\\\/produit\\\/shapleys-no-1-light-oil\\\/\"]}]},{\"@type\":\"ImageObject\",\"inLanguage\":\"fr-FR\",\"@id\":\"https:\\\/\\\/www.minihorse.eu\\\/fr\\\/produit\\\/shapleys-no-1-light-oil\\\/#primaryimage\",\"url\":\"https:\\\/\\\/www.minihorse.eu\\\/wp-content\\\/uploads\\\/2025\\\/09\\\/No-1-Light-Oil-32-oz.jpg\",\"contentUrl\":\"https:\\\/\\\/www.minihorse.eu\\\/wp-content\\\/uploads\\\/2025\\\/09\\\/No-1-Light-Oil-32-oz.jpg\",\"width\":600,\"height\":800},{\"@type\":\"BreadcrumbList\",\"@id\":\"https:\\\/\\\/www.minihorse.eu\\\/fr\\\/produit\\\/shapleys-no-1-light-oil\\\/#breadcrumb\",\"itemListElement\":[{\"@type\":\"ListItem\",\"position\":1,\"name\":\"Home\",\"item\":\"https:\\\/\\\/www.minihorse.eu\\\/fr\\\/accueil\\\/\"},{\"@type\":\"ListItem\",\"position\":2,\"name\":\"Boutique\",\"item\":\"https:\\\/\\\/www.minihorse.eu\\\/fr\\\/boutique\\\/\"},{\"@type\":\"ListItem\",\"position\":3,\"name\":\"Shapley&rsquo;s No. 1 Light Oil\"}]},{\"@type\":\"WebSite\",\"@id\":\"https:\\\/\\\/www.minihorse.eu\\\/#website\",\"url\":\"https:\\\/\\\/www.minihorse.eu\\\/\",\"name\":\"Minihorse.eu\",\"description\":\"The #1 store for Miniature Horses\",\"publisher\":{\"@id\":\"https:\\\/\\\/www.minihorse.eu\\\/#organization\"},\"potentialAction\":[{\"@type\":\"SearchAction\",\"target\":{\"@type\":\"EntryPoint\",\"urlTemplate\":\"https:\\\/\\\/www.minihorse.eu\\\/?s={search_term_string}\"},\"query-input\":{\"@type\":\"PropertyValueSpecification\",\"valueRequired\":true,\"valueName\":\"search_term_string\"}}],\"inLanguage\":\"fr-FR\"},{\"@type\":\"Organization\",\"@id\":\"https:\\\/\\\/www.minihorse.eu\\\/#organization\",\"name\":\"Minihorse.eu\",\"url\":\"https:\\\/\\\/www.minihorse.eu\\\/\",\"logo\":{\"@type\":\"ImageObject\",\"inLanguage\":\"fr-FR\",\"@id\":\"https:\\\/\\\/www.minihorse.eu\\\/#\\\/schema\\\/logo\\\/image\\\/\",\"url\":\"https:\\\/\\\/www.minihorse.eu\\\/wp-content\\\/uploads\\\/2024\\\/08\\\/Logo-minihorse-ext.png\",\"contentUrl\":\"https:\\\/\\\/www.minihorse.eu\\\/wp-content\\\/uploads\\\/2024\\\/08\\\/Logo-minihorse-ext.png\",\"width\":500,\"height\":500,\"caption\":\"Minihorse.eu\"},\"image\":{\"@id\":\"https:\\\/\\\/www.minihorse.eu\\\/#\\\/schema\\\/logo\\\/image\\\/\"},\"sameAs\":[\"https:\\\/\\\/www.facebook.com\\\/profile.php?id=100063487117479\"]}]}<\/script>\n<!-- \/ Yoast SEO plugin. -->","yoast_head_json":{"title":"Shapley's No. 1 Light Oil - Minihorse.eu","description":"No. 1 Light Oil apporte brillance, nourrit le pelage et la peau, d\u00e9m\u00eale la crini\u00e8re et la queue, aide \u00e0 la croissance du pelage d'hiver et est id\u00e9al pour les chevaux sensibles.","robots":{"index":"index","follow":"follow","max-snippet":"max-snippet:-1","max-image-preview":"max-image-preview:large","max-video-preview":"max-video-preview:-1"},"canonical":"https:\/\/www.minihorse.eu\/fr\/produit\/shapleys-no-1-light-oil\/","og_locale":"fr_FR","og_type":"article","og_title":"Shapley's No. 1 Light Oil - Minihorse.eu","og_description":"No. 1 Light Oil apporte brillance, nourrit le pelage et la peau, d\u00e9m\u00eale la crini\u00e8re et la queue, aide \u00e0 la croissance du pelage d'hiver et est id\u00e9al pour les chevaux sensibles.","og_url":"https:\/\/www.minihorse.eu\/fr\/produit\/shapleys-no-1-light-oil\/","og_site_name":"Minihorse.eu","article_publisher":"https:\/\/www.facebook.com\/profile.php?id=100063487117479","article_modified_time":"2025-09-15T19:38:51+00:00","og_image":[{"width":600,"height":800,"url":"https:\/\/www.minihorse.eu\/wp-content\/uploads\/2025\/09\/No-1-Light-Oil-32-oz.jpg","type":"image\/jpeg"}],"twitter_card":"summary_large_image","twitter_misc":{"Dur\u00e9e de lecture estim\u00e9e":"1 minute"},"schema":{"@context":"https:\/\/schema.org","@graph":[{"@type":"WebPage","@id":"https:\/\/www.minihorse.eu\/fr\/produit\/shapleys-no-1-light-oil\/","url":"https:\/\/www.minihorse.eu\/fr\/produit\/shapleys-no-1-light-oil\/","name":"Shapley's No. 1 Light Oil - Minihorse.eu","isPartOf":{"@id":"https:\/\/www.minihorse.eu\/#website"},"primaryImageOfPage":{"@id":"https:\/\/www.minihorse.eu\/fr\/produit\/shapleys-no-1-light-oil\/#primaryimage"},"image":{"@id":"https:\/\/www.minihorse.eu\/fr\/produit\/shapleys-no-1-light-oil\/#primaryimage"},"thumbnailUrl":"https:\/\/www.minihorse.eu\/wp-content\/uploads\/2025\/09\/No-1-Light-Oil-32-oz.jpg","datePublished":"2025-09-14T21:06:38+00:00","dateModified":"2025-09-15T19:38:51+00:00","description":"No. 1 Light Oil apporte brillance, nourrit le pelage et la peau, d\u00e9m\u00eale la crini\u00e8re et la queue, aide \u00e0 la croissance du pelage d'hiver et est id\u00e9al pour les chevaux sensibles.","breadcrumb":{"@id":"https:\/\/www.minihorse.eu\/fr\/produit\/shapleys-no-1-light-oil\/#breadcrumb"},"inLanguage":"fr-FR","potentialAction":[{"@type":"ReadAction","target":["https:\/\/www.minihorse.eu\/fr\/produit\/shapleys-no-1-light-oil\/"]}]},{"@type":"ImageObject","inLanguage":"fr-FR","@id":"https:\/\/www.minihorse.eu\/fr\/produit\/shapleys-no-1-light-oil\/#primaryimage","url":"https:\/\/www.minihorse.eu\/wp-content\/uploads\/2025\/09\/No-1-Light-Oil-32-oz.jpg","contentUrl":"https:\/\/www.minihorse.eu\/wp-content\/uploads\/2025\/09\/No-1-Light-Oil-32-oz.jpg","width":600,"height":800},{"@type":"BreadcrumbList","@id":"https:\/\/www.minihorse.eu\/fr\/produit\/shapleys-no-1-light-oil\/#breadcrumb","itemListElement":[{"@type":"ListItem","position":1,"name":"Home","item":"https:\/\/www.minihorse.eu\/fr\/accueil\/"},{"@type":"ListItem","position":2,"name":"Boutique","item":"https:\/\/www.minihorse.eu\/fr\/boutique\/"},{"@type":"ListItem","position":3,"name":"Shapley&rsquo;s No. 1 Light Oil"}]},{"@type":"WebSite","@id":"https:\/\/www.minihorse.eu\/#website","url":"https:\/\/www.minihorse.eu\/","name":"Minihorse.eu","description":"The #1 store for Miniature Horses","publisher":{"@id":"https:\/\/www.minihorse.eu\/#organization"},"potentialAction":[{"@type":"SearchAction","target":{"@type":"EntryPoint","urlTemplate":"https:\/\/www.minihorse.eu\/?s={search_term_string}"},"query-input":{"@type":"PropertyValueSpecification","valueRequired":true,"valueName":"search_term_string"}}],"inLanguage":"fr-FR"},{"@type":"Organization","@id":"https:\/\/www.minihorse.eu\/#organization","name":"Minihorse.eu","url":"https:\/\/www.minihorse.eu\/","logo":{"@type":"ImageObject","inLanguage":"fr-FR","@id":"https:\/\/www.minihorse.eu\/#\/schema\/logo\/image\/","url":"https:\/\/www.minihorse.eu\/wp-content\/uploads\/2024\/08\/Logo-minihorse-ext.png","contentUrl":"https:\/\/www.minihorse.eu\/wp-content\/uploads\/2024\/08\/Logo-minihorse-ext.png","width":500,"height":500,"caption":"Minihorse.eu"},"image":{"@id":"https:\/\/www.minihorse.eu\/#\/schema\/logo\/image\/"},"sameAs":["https:\/\/www.facebook.com\/profile.php?id=100063487117479"]}]}},"jetpack_sharing_enabled":true,"_links":{"self":[{"href":"https:\/\/www.minihorse.eu\/fr\/wp-json\/wp\/v2\/product\/11577","targetHints":{"allow":["GET"]}}],"collection":[{"href":"https:\/\/www.minihorse.eu\/fr\/wp-json\/wp\/v2\/product"}],"about":[{"href":"https:\/\/www.minihorse.eu\/fr\/wp-json\/wp\/v2\/types\/product"}],"replies":[{"embeddable":true,"href":"https:\/\/www.minihorse.eu\/fr\/wp-json\/wp\/v2\/comments?post=11577"}],"wp:featuredmedia":[{"embeddable":true,"href":"https:\/\/www.minihorse.eu\/fr\/wp-json\/wp\/v2\/media\/11566"}],"wp:attachment":[{"href":"https:\/\/www.minihorse.eu\/fr\/wp-json\/wp\/v2\/media?parent=11577"}],"wp:term":[{"taxonomy":"product_brand","embeddable":true,"href":"https:\/\/www.minihorse.eu\/fr\/wp-json\/wp\/v2\/product_brand?post=11577"},{"taxonomy":"product_cat","embeddable":true,"href":"https:\/\/www.minihorse.eu\/fr\/wp-json\/wp\/v2\/product_cat?post=11577"},{"taxonomy":"product_tag","embeddable":true,"href":"https:\/\/www.minihorse.eu\/fr\/wp-json\/wp\/v2\/product_tag?post=11577"}],"curies":[{"name":"wp","href":"https:\/\/api.w.org\/{rel}","templated":true}]}}