{"id":11641,"date":"2025-09-20T22:53:12","date_gmt":"2025-09-20T22:53:12","guid":{"rendered":"https:\/\/www.minihorse.eu\/product\/ramasse-crottins-avec-rateau\/"},"modified":"2025-09-20T22:53:12","modified_gmt":"2025-09-20T22:53:12","slug":"ramasse-crottins-avec-rateau","status":"publish","type":"product","link":"https:\/\/www.minihorse.eu\/fr\/produit\/ramasse-crottins-avec-rateau\/","title":{"rendered":"Ramasse-crottins avec rateau"},"content":{"rendered":"<p data-start=\"58\" data-end=\"265\"><strong data-start=\"58\" data-end=\"105\">Ramasse-crottins<\/strong> avec rateau \u2013 nettoyage plus rapide et plus facile du fumier.<br data-start=\"105\" data-end=\"108\">Ramasse-crottins facilite et acc\u00e9l\u00e8re consid\u00e9rablement le nettoyage. Que vous nettoyiez l&rsquo;\u00e9curie, la remorque ou le paddock, le ramasse-crottinsest toujours l&rsquo;aide parfaite. <\/p>\n<ul data-start=\"267\" data-end=\"537\">\n<li data-start=\"267\" data-end=\"347\">\n<p data-start=\"269\" data-end=\"347\"><strong data-start=\"269\" data-end=\"286\">Pelle solide<\/strong> &#8211; redessin\u00e9e pour contenir plus de volume et faciliter l&#8217;empilage.<\/p>\n<\/li>\n<li data-start=\"348\" data-end=\"448\">\n<p data-start=\"350\" data-end=\"448\"><strong data-start=\"350\" data-end=\"374\">R\u00e2teau multifonctionnel <\/strong>\u2013 avec une plaque arri\u00e8re ferm\u00e9e pour un grattage sans effort et un nettoyage plus rapide.<\/p>\n<\/li>\n<li data-start=\"449\" data-end=\"537\">\n<p data-start=\"451\" data-end=\"537\">Id\u00e9al pour nettoyer les \u00e9curies, nettoyer les remorques ou ranger rapidement le paddock.<\/p>\n<\/li>\n<\/ul>\n<p data-start=\"539\" data-end=\"616\">Avec une plaque arri\u00e8re ferm\u00e9e pour un grattage sans effort et un nettoyage plus rapide.<\/p>\n","protected":false},"excerpt":{"rendered":"<p><strong>Ramasse-crottins <\/strong>rend le nettoyage plus rapide et plus facile. Parfait pour les \u00e9curies, les remorques et les paddocks gr\u00e2ce \u00e0 sa pelle robuste et son r\u00e2teau multifonctionnel. <\/p>\n","protected":false},"featured_media":11602,"comment_status":"open","ping_status":"closed","template":"","meta":[],"product_brand":[],"product_cat":[188],"product_tag":[1499,1500,1498,1497],"class_list":{"0":"post-11641","1":"product","2":"type-product","3":"status-publish","4":"has-post-thumbnail","6":"product_cat-ecuries","7":"product_tag-outils-de-nettoyage-pour-ecuries","8":"product_tag-ramasse-crottins-fr","9":"product_tag-ramasse-crottins","10":"product_tag-ramasse-crottins-avec-rateau","12":"first","13":"instock","14":"taxable","15":"shipping-taxable","16":"purchasable","17":"product-type-variable"},"yoast_head":"<!-- This site is optimized with the Yoast SEO plugin v27.5 - https:\/\/yoast.com\/product\/yoast-seo-wordpress\/ -->\n<title>Ramasse-crottins avec rateau - Minihorse.eu<\/title>\n<meta name=\"description\" content=\"Ramasse-crottins rend le nettoyage plus rapide et plus facile. Parfait pour les \u00e9curies, les remorques et les paddocks gr\u00e2ce \u00e0 sa pelle robuste et son r\u00e2teau multifonctionnel.\" \/>\n<meta name=\"robots\" content=\"index, follow, max-snippet:-1, max-image-preview:large, max-video-preview:-1\" \/>\n<link rel=\"canonical\" href=\"https:\/\/www.minihorse.eu\/fr\/produit\/ramasse-crottins-avec-rateau\/\" \/>\n<meta property=\"og:locale\" content=\"fr_FR\" \/>\n<meta property=\"og:type\" content=\"article\" \/>\n<meta property=\"og:title\" content=\"Ramasse-crottins avec rateau - Minihorse.eu\" \/>\n<meta property=\"og:description\" content=\"Ramasse-crottins rend le nettoyage plus rapide et plus facile. Parfait pour les \u00e9curies, les remorques et les paddocks gr\u00e2ce \u00e0 sa pelle robuste et son r\u00e2teau multifonctionnel.\" \/>\n<meta property=\"og:url\" content=\"https:\/\/www.minihorse.eu\/fr\/produit\/ramasse-crottins-avec-rateau\/\" \/>\n<meta property=\"og:site_name\" content=\"Minihorse.eu\" \/>\n<meta property=\"article:publisher\" content=\"https:\/\/www.facebook.com\/profile.php?id=100063487117479\" \/>\n<meta property=\"og:image\" content=\"https:\/\/www.minihorse.eu\/wp-content\/uploads\/2025\/09\/Mistboy-green.jpg\" \/>\n\t<meta property=\"og:image:width\" content=\"446\" \/>\n\t<meta property=\"og:image:height\" content=\"900\" \/>\n\t<meta property=\"og:image:type\" content=\"image\/jpeg\" \/>\n<meta name=\"twitter:card\" content=\"summary_large_image\" \/>\n<meta name=\"twitter:label1\" content=\"Dur\u00e9e de lecture estim\u00e9e\" \/>\n\t<meta name=\"twitter:data1\" content=\"1 minute\" \/>\n<script type=\"application\/ld+json\" class=\"yoast-schema-graph\">{\"@context\":\"https:\\\/\\\/schema.org\",\"@graph\":[{\"@type\":\"WebPage\",\"@id\":\"https:\\\/\\\/www.minihorse.eu\\\/fr\\\/produit\\\/ramasse-crottins-avec-rateau\\\/\",\"url\":\"https:\\\/\\\/www.minihorse.eu\\\/fr\\\/produit\\\/ramasse-crottins-avec-rateau\\\/\",\"name\":\"Ramasse-crottins avec rateau - Minihorse.eu\",\"isPartOf\":{\"@id\":\"https:\\\/\\\/www.minihorse.eu\\\/#website\"},\"primaryImageOfPage\":{\"@id\":\"https:\\\/\\\/www.minihorse.eu\\\/fr\\\/produit\\\/ramasse-crottins-avec-rateau\\\/#primaryimage\"},\"image\":{\"@id\":\"https:\\\/\\\/www.minihorse.eu\\\/fr\\\/produit\\\/ramasse-crottins-avec-rateau\\\/#primaryimage\"},\"thumbnailUrl\":\"https:\\\/\\\/www.minihorse.eu\\\/wp-content\\\/uploads\\\/2025\\\/09\\\/Mistboy-green.jpg\",\"datePublished\":\"2025-09-20T22:53:12+00:00\",\"description\":\"Ramasse-crottins rend le nettoyage plus rapide et plus facile. Parfait pour les \u00e9curies, les remorques et les paddocks gr\u00e2ce \u00e0 sa pelle robuste et son r\u00e2teau multifonctionnel.\",\"breadcrumb\":{\"@id\":\"https:\\\/\\\/www.minihorse.eu\\\/fr\\\/produit\\\/ramasse-crottins-avec-rateau\\\/#breadcrumb\"},\"inLanguage\":\"fr-FR\",\"potentialAction\":[{\"@type\":\"ReadAction\",\"target\":[\"https:\\\/\\\/www.minihorse.eu\\\/fr\\\/produit\\\/ramasse-crottins-avec-rateau\\\/\"]}]},{\"@type\":\"ImageObject\",\"inLanguage\":\"fr-FR\",\"@id\":\"https:\\\/\\\/www.minihorse.eu\\\/fr\\\/produit\\\/ramasse-crottins-avec-rateau\\\/#primaryimage\",\"url\":\"https:\\\/\\\/www.minihorse.eu\\\/wp-content\\\/uploads\\\/2025\\\/09\\\/Mistboy-green.jpg\",\"contentUrl\":\"https:\\\/\\\/www.minihorse.eu\\\/wp-content\\\/uploads\\\/2025\\\/09\\\/Mistboy-green.jpg\",\"width\":446,\"height\":900},{\"@type\":\"BreadcrumbList\",\"@id\":\"https:\\\/\\\/www.minihorse.eu\\\/fr\\\/produit\\\/ramasse-crottins-avec-rateau\\\/#breadcrumb\",\"itemListElement\":[{\"@type\":\"ListItem\",\"position\":1,\"name\":\"Home\",\"item\":\"https:\\\/\\\/www.minihorse.eu\\\/fr\\\/accueil\\\/\"},{\"@type\":\"ListItem\",\"position\":2,\"name\":\"Boutique\",\"item\":\"https:\\\/\\\/www.minihorse.eu\\\/fr\\\/boutique\\\/\"},{\"@type\":\"ListItem\",\"position\":3,\"name\":\"Ramasse-crottins avec rateau\"}]},{\"@type\":\"WebSite\",\"@id\":\"https:\\\/\\\/www.minihorse.eu\\\/#website\",\"url\":\"https:\\\/\\\/www.minihorse.eu\\\/\",\"name\":\"Minihorse.eu\",\"description\":\"The #1 store for Miniature Horses\",\"publisher\":{\"@id\":\"https:\\\/\\\/www.minihorse.eu\\\/#organization\"},\"potentialAction\":[{\"@type\":\"SearchAction\",\"target\":{\"@type\":\"EntryPoint\",\"urlTemplate\":\"https:\\\/\\\/www.minihorse.eu\\\/?s={search_term_string}\"},\"query-input\":{\"@type\":\"PropertyValueSpecification\",\"valueRequired\":true,\"valueName\":\"search_term_string\"}}],\"inLanguage\":\"fr-FR\"},{\"@type\":\"Organization\",\"@id\":\"https:\\\/\\\/www.minihorse.eu\\\/#organization\",\"name\":\"Minihorse.eu\",\"url\":\"https:\\\/\\\/www.minihorse.eu\\\/\",\"logo\":{\"@type\":\"ImageObject\",\"inLanguage\":\"fr-FR\",\"@id\":\"https:\\\/\\\/www.minihorse.eu\\\/#\\\/schema\\\/logo\\\/image\\\/\",\"url\":\"https:\\\/\\\/www.minihorse.eu\\\/wp-content\\\/uploads\\\/2024\\\/08\\\/Logo-minihorse-ext.png\",\"contentUrl\":\"https:\\\/\\\/www.minihorse.eu\\\/wp-content\\\/uploads\\\/2024\\\/08\\\/Logo-minihorse-ext.png\",\"width\":500,\"height\":500,\"caption\":\"Minihorse.eu\"},\"image\":{\"@id\":\"https:\\\/\\\/www.minihorse.eu\\\/#\\\/schema\\\/logo\\\/image\\\/\"},\"sameAs\":[\"https:\\\/\\\/www.facebook.com\\\/profile.php?id=100063487117479\"]}]}<\/script>\n<!-- \/ Yoast SEO plugin. -->","yoast_head_json":{"title":"Ramasse-crottins avec rateau - Minihorse.eu","description":"Ramasse-crottins rend le nettoyage plus rapide et plus facile. Parfait pour les \u00e9curies, les remorques et les paddocks gr\u00e2ce \u00e0 sa pelle robuste et son r\u00e2teau multifonctionnel.","robots":{"index":"index","follow":"follow","max-snippet":"max-snippet:-1","max-image-preview":"max-image-preview:large","max-video-preview":"max-video-preview:-1"},"canonical":"https:\/\/www.minihorse.eu\/fr\/produit\/ramasse-crottins-avec-rateau\/","og_locale":"fr_FR","og_type":"article","og_title":"Ramasse-crottins avec rateau - Minihorse.eu","og_description":"Ramasse-crottins rend le nettoyage plus rapide et plus facile. Parfait pour les \u00e9curies, les remorques et les paddocks gr\u00e2ce \u00e0 sa pelle robuste et son r\u00e2teau multifonctionnel.","og_url":"https:\/\/www.minihorse.eu\/fr\/produit\/ramasse-crottins-avec-rateau\/","og_site_name":"Minihorse.eu","article_publisher":"https:\/\/www.facebook.com\/profile.php?id=100063487117479","og_image":[{"width":446,"height":900,"url":"https:\/\/www.minihorse.eu\/wp-content\/uploads\/2025\/09\/Mistboy-green.jpg","type":"image\/jpeg"}],"twitter_card":"summary_large_image","twitter_misc":{"Dur\u00e9e de lecture estim\u00e9e":"1 minute"},"schema":{"@context":"https:\/\/schema.org","@graph":[{"@type":"WebPage","@id":"https:\/\/www.minihorse.eu\/fr\/produit\/ramasse-crottins-avec-rateau\/","url":"https:\/\/www.minihorse.eu\/fr\/produit\/ramasse-crottins-avec-rateau\/","name":"Ramasse-crottins avec rateau - Minihorse.eu","isPartOf":{"@id":"https:\/\/www.minihorse.eu\/#website"},"primaryImageOfPage":{"@id":"https:\/\/www.minihorse.eu\/fr\/produit\/ramasse-crottins-avec-rateau\/#primaryimage"},"image":{"@id":"https:\/\/www.minihorse.eu\/fr\/produit\/ramasse-crottins-avec-rateau\/#primaryimage"},"thumbnailUrl":"https:\/\/www.minihorse.eu\/wp-content\/uploads\/2025\/09\/Mistboy-green.jpg","datePublished":"2025-09-20T22:53:12+00:00","description":"Ramasse-crottins rend le nettoyage plus rapide et plus facile. Parfait pour les \u00e9curies, les remorques et les paddocks gr\u00e2ce \u00e0 sa pelle robuste et son r\u00e2teau multifonctionnel.","breadcrumb":{"@id":"https:\/\/www.minihorse.eu\/fr\/produit\/ramasse-crottins-avec-rateau\/#breadcrumb"},"inLanguage":"fr-FR","potentialAction":[{"@type":"ReadAction","target":["https:\/\/www.minihorse.eu\/fr\/produit\/ramasse-crottins-avec-rateau\/"]}]},{"@type":"ImageObject","inLanguage":"fr-FR","@id":"https:\/\/www.minihorse.eu\/fr\/produit\/ramasse-crottins-avec-rateau\/#primaryimage","url":"https:\/\/www.minihorse.eu\/wp-content\/uploads\/2025\/09\/Mistboy-green.jpg","contentUrl":"https:\/\/www.minihorse.eu\/wp-content\/uploads\/2025\/09\/Mistboy-green.jpg","width":446,"height":900},{"@type":"BreadcrumbList","@id":"https:\/\/www.minihorse.eu\/fr\/produit\/ramasse-crottins-avec-rateau\/#breadcrumb","itemListElement":[{"@type":"ListItem","position":1,"name":"Home","item":"https:\/\/www.minihorse.eu\/fr\/accueil\/"},{"@type":"ListItem","position":2,"name":"Boutique","item":"https:\/\/www.minihorse.eu\/fr\/boutique\/"},{"@type":"ListItem","position":3,"name":"Ramasse-crottins avec rateau"}]},{"@type":"WebSite","@id":"https:\/\/www.minihorse.eu\/#website","url":"https:\/\/www.minihorse.eu\/","name":"Minihorse.eu","description":"The #1 store for Miniature Horses","publisher":{"@id":"https:\/\/www.minihorse.eu\/#organization"},"potentialAction":[{"@type":"SearchAction","target":{"@type":"EntryPoint","urlTemplate":"https:\/\/www.minihorse.eu\/?s={search_term_string}"},"query-input":{"@type":"PropertyValueSpecification","valueRequired":true,"valueName":"search_term_string"}}],"inLanguage":"fr-FR"},{"@type":"Organization","@id":"https:\/\/www.minihorse.eu\/#organization","name":"Minihorse.eu","url":"https:\/\/www.minihorse.eu\/","logo":{"@type":"ImageObject","inLanguage":"fr-FR","@id":"https:\/\/www.minihorse.eu\/#\/schema\/logo\/image\/","url":"https:\/\/www.minihorse.eu\/wp-content\/uploads\/2024\/08\/Logo-minihorse-ext.png","contentUrl":"https:\/\/www.minihorse.eu\/wp-content\/uploads\/2024\/08\/Logo-minihorse-ext.png","width":500,"height":500,"caption":"Minihorse.eu"},"image":{"@id":"https:\/\/www.minihorse.eu\/#\/schema\/logo\/image\/"},"sameAs":["https:\/\/www.facebook.com\/profile.php?id=100063487117479"]}]}},"jetpack_sharing_enabled":true,"_links":{"self":[{"href":"https:\/\/www.minihorse.eu\/fr\/wp-json\/wp\/v2\/product\/11641","targetHints":{"allow":["GET"]}}],"collection":[{"href":"https:\/\/www.minihorse.eu\/fr\/wp-json\/wp\/v2\/product"}],"about":[{"href":"https:\/\/www.minihorse.eu\/fr\/wp-json\/wp\/v2\/types\/product"}],"replies":[{"embeddable":true,"href":"https:\/\/www.minihorse.eu\/fr\/wp-json\/wp\/v2\/comments?post=11641"}],"wp:featuredmedia":[{"embeddable":true,"href":"https:\/\/www.minihorse.eu\/fr\/wp-json\/wp\/v2\/media\/11602"}],"wp:attachment":[{"href":"https:\/\/www.minihorse.eu\/fr\/wp-json\/wp\/v2\/media?parent=11641"}],"wp:term":[{"taxonomy":"product_brand","embeddable":true,"href":"https:\/\/www.minihorse.eu\/fr\/wp-json\/wp\/v2\/product_brand?post=11641"},{"taxonomy":"product_cat","embeddable":true,"href":"https:\/\/www.minihorse.eu\/fr\/wp-json\/wp\/v2\/product_cat?post=11641"},{"taxonomy":"product_tag","embeddable":true,"href":"https:\/\/www.minihorse.eu\/fr\/wp-json\/wp\/v2\/product_tag?post=11641"}],"curies":[{"name":"wp","href":"https:\/\/api.w.org\/{rel}","templated":true}]}}