{"id":11684,"date":"2025-09-21T21:02:27","date_gmt":"2025-09-21T21:02:27","guid":{"rendered":"https:\/\/www.minihorse.eu\/product\/rateau-a-fumier-avec-manche-telescopique\/"},"modified":"2025-09-21T21:19:51","modified_gmt":"2025-09-21T21:19:51","slug":"rateau-a-fumier-avec-manche-telescopique","status":"publish","type":"product","link":"https:\/\/www.minihorse.eu\/fr\/produit\/rateau-a-fumier-avec-manche-telescopique\/","title":{"rendered":"R\u00e2teau \u00e0 fumier avec manche t\u00e9lescopique"},"content":{"rendered":"<p><strong>R\u00e2teau \u00e0 fumier avec manche t\u00e9lescopique<\/strong> est l&rsquo;outil multifonctionnel id\u00e9al pour l&rsquo;\u00e9table et le paddock. Cet outil polyvalent peut \u00eatre utilis\u00e9 aussi bien avec le ramasse-crottins qu&rsquo;avec un r\u00e2teau universel. <\/p>\n<p>Largeur des dents r\u00e9glable : 20-45 cm, id\u00e9ale pour diverses applications.<\/p>\n<p>Manche t\u00e9lescopique: extensible jusqu&rsquo;\u00e0 140 cm pour un travail confortable.<\/p>\n<p>Compact, l\u00e9ger et pratique \u2013 un v\u00e9ritable outil polyvalent pour un usage quotidien.<\/p>\n","protected":false},"excerpt":{"rendered":"<p><strong>R\u00e2teau \u00e9 fumier avec manche t\u00e9lescopique<\/strong> et multifonctionnel \u00e0 utiliser avec le ramasse-crottinsou comme r\u00e2teau universel.<br \/>\nLargeur des dents r\u00e9glable : 20-45 cm<br \/>\nManche t\u00e9lescopique jusqu&rsquo;\u00e0 140 cm<br \/>\nCompact, l\u00e9ger et pratique.<\/p>\n","protected":false},"featured_media":11668,"comment_status":"open","ping_status":"closed","template":"","meta":[],"product_brand":[],"product_cat":[188],"product_tag":[1497,1509],"class_list":{"0":"post-11684","1":"product","2":"type-product","3":"status-publish","4":"has-post-thumbnail","6":"product_cat-ecuries","7":"product_tag-ramasse-crottins-avec-rateau","8":"product_tag-rateau-e-fumier","10":"first","11":"instock","12":"taxable","13":"shipping-taxable","14":"purchasable","15":"product-type-simple"},"yoast_head":"<!-- This site is optimized with the Yoast SEO plugin v27.5 - https:\/\/yoast.com\/product\/yoast-seo-wordpress\/ -->\n<title>R\u00e2teau \u00e0 fumier avec manche t\u00e9lescopique - Minihorse.eu<\/title>\n<meta name=\"description\" content=\"R\u00e2teau \u00e0 fumier avec manche t\u00e9lescopique jusqu&#039;\u00e0 140 cm est un r\u00e2teau multifonctionnel \u00e0 utiliser avec le ramasse-crottins ou comme r\u00e2teau universel. Largeur des dents r\u00e9glable : 20-45 cm.\" \/>\n<meta name=\"robots\" content=\"index, follow, max-snippet:-1, max-image-preview:large, max-video-preview:-1\" \/>\n<link rel=\"canonical\" href=\"https:\/\/www.minihorse.eu\/fr\/produit\/rateau-a-fumier-avec-manche-telescopique\/\" \/>\n<meta property=\"og:locale\" content=\"fr_FR\" \/>\n<meta property=\"og:type\" content=\"article\" \/>\n<meta property=\"og:title\" content=\"R\u00e2teau \u00e0 fumier avec manche t\u00e9lescopique - Minihorse.eu\" \/>\n<meta property=\"og:description\" content=\"R\u00e2teau \u00e0 fumier avec manche t\u00e9lescopique jusqu&#039;\u00e0 140 cm est un r\u00e2teau multifonctionnel \u00e0 utiliser avec le ramasse-crottins ou comme r\u00e2teau universel. Largeur des dents r\u00e9glable : 20-45 cm.\" \/>\n<meta property=\"og:url\" content=\"https:\/\/www.minihorse.eu\/fr\/produit\/rateau-a-fumier-avec-manche-telescopique\/\" \/>\n<meta property=\"og:site_name\" content=\"Minihorse.eu\" \/>\n<meta property=\"article:publisher\" content=\"https:\/\/www.facebook.com\/profile.php?id=100063487117479\" \/>\n<meta property=\"article:modified_time\" content=\"2025-09-21T21:19:51+00:00\" \/>\n<meta property=\"og:image\" content=\"https:\/\/www.minihorse.eu\/wp-content\/uploads\/2025\/09\/Menure-schraber-1.jpg\" \/>\n\t<meta property=\"og:image:width\" content=\"452\" \/>\n\t<meta property=\"og:image:height\" content=\"900\" \/>\n\t<meta property=\"og:image:type\" content=\"image\/jpeg\" \/>\n<meta name=\"twitter:card\" content=\"summary_large_image\" \/>\n<script type=\"application\/ld+json\" class=\"yoast-schema-graph\">{\"@context\":\"https:\\\/\\\/schema.org\",\"@graph\":[{\"@type\":\"WebPage\",\"@id\":\"https:\\\/\\\/www.minihorse.eu\\\/fr\\\/produit\\\/rateau-a-fumier-avec-manche-telescopique\\\/\",\"url\":\"https:\\\/\\\/www.minihorse.eu\\\/fr\\\/produit\\\/rateau-a-fumier-avec-manche-telescopique\\\/\",\"name\":\"R\u00e2teau \u00e0 fumier avec manche t\u00e9lescopique - Minihorse.eu\",\"isPartOf\":{\"@id\":\"https:\\\/\\\/www.minihorse.eu\\\/#website\"},\"primaryImageOfPage\":{\"@id\":\"https:\\\/\\\/www.minihorse.eu\\\/fr\\\/produit\\\/rateau-a-fumier-avec-manche-telescopique\\\/#primaryimage\"},\"image\":{\"@id\":\"https:\\\/\\\/www.minihorse.eu\\\/fr\\\/produit\\\/rateau-a-fumier-avec-manche-telescopique\\\/#primaryimage\"},\"thumbnailUrl\":\"https:\\\/\\\/www.minihorse.eu\\\/wp-content\\\/uploads\\\/2025\\\/09\\\/Menure-schraber-1.jpg\",\"datePublished\":\"2025-09-21T21:02:27+00:00\",\"dateModified\":\"2025-09-21T21:19:51+00:00\",\"description\":\"R\u00e2teau \u00e0 fumier avec manche t\u00e9lescopique jusqu'\u00e0 140 cm est un r\u00e2teau multifonctionnel \u00e0 utiliser avec le ramasse-crottins ou comme r\u00e2teau universel. Largeur des dents r\u00e9glable : 20-45 cm.\",\"breadcrumb\":{\"@id\":\"https:\\\/\\\/www.minihorse.eu\\\/fr\\\/produit\\\/rateau-a-fumier-avec-manche-telescopique\\\/#breadcrumb\"},\"inLanguage\":\"fr-FR\",\"potentialAction\":[{\"@type\":\"ReadAction\",\"target\":[\"https:\\\/\\\/www.minihorse.eu\\\/fr\\\/produit\\\/rateau-a-fumier-avec-manche-telescopique\\\/\"]}]},{\"@type\":\"ImageObject\",\"inLanguage\":\"fr-FR\",\"@id\":\"https:\\\/\\\/www.minihorse.eu\\\/fr\\\/produit\\\/rateau-a-fumier-avec-manche-telescopique\\\/#primaryimage\",\"url\":\"https:\\\/\\\/www.minihorse.eu\\\/wp-content\\\/uploads\\\/2025\\\/09\\\/Menure-schraber-1.jpg\",\"contentUrl\":\"https:\\\/\\\/www.minihorse.eu\\\/wp-content\\\/uploads\\\/2025\\\/09\\\/Menure-schraber-1.jpg\",\"width\":452,\"height\":900},{\"@type\":\"BreadcrumbList\",\"@id\":\"https:\\\/\\\/www.minihorse.eu\\\/fr\\\/produit\\\/rateau-a-fumier-avec-manche-telescopique\\\/#breadcrumb\",\"itemListElement\":[{\"@type\":\"ListItem\",\"position\":1,\"name\":\"Home\",\"item\":\"https:\\\/\\\/www.minihorse.eu\\\/fr\\\/accueil\\\/\"},{\"@type\":\"ListItem\",\"position\":2,\"name\":\"Boutique\",\"item\":\"https:\\\/\\\/www.minihorse.eu\\\/fr\\\/boutique\\\/\"},{\"@type\":\"ListItem\",\"position\":3,\"name\":\"R\u00e2teau \u00e0 fumier avec manche t\u00e9lescopique\"}]},{\"@type\":\"WebSite\",\"@id\":\"https:\\\/\\\/www.minihorse.eu\\\/#website\",\"url\":\"https:\\\/\\\/www.minihorse.eu\\\/\",\"name\":\"Minihorse.eu\",\"description\":\"The #1 store for Miniature Horses\",\"publisher\":{\"@id\":\"https:\\\/\\\/www.minihorse.eu\\\/#organization\"},\"potentialAction\":[{\"@type\":\"SearchAction\",\"target\":{\"@type\":\"EntryPoint\",\"urlTemplate\":\"https:\\\/\\\/www.minihorse.eu\\\/?s={search_term_string}\"},\"query-input\":{\"@type\":\"PropertyValueSpecification\",\"valueRequired\":true,\"valueName\":\"search_term_string\"}}],\"inLanguage\":\"fr-FR\"},{\"@type\":\"Organization\",\"@id\":\"https:\\\/\\\/www.minihorse.eu\\\/#organization\",\"name\":\"Minihorse.eu\",\"url\":\"https:\\\/\\\/www.minihorse.eu\\\/\",\"logo\":{\"@type\":\"ImageObject\",\"inLanguage\":\"fr-FR\",\"@id\":\"https:\\\/\\\/www.minihorse.eu\\\/#\\\/schema\\\/logo\\\/image\\\/\",\"url\":\"https:\\\/\\\/www.minihorse.eu\\\/wp-content\\\/uploads\\\/2024\\\/08\\\/Logo-minihorse-ext.png\",\"contentUrl\":\"https:\\\/\\\/www.minihorse.eu\\\/wp-content\\\/uploads\\\/2024\\\/08\\\/Logo-minihorse-ext.png\",\"width\":500,\"height\":500,\"caption\":\"Minihorse.eu\"},\"image\":{\"@id\":\"https:\\\/\\\/www.minihorse.eu\\\/#\\\/schema\\\/logo\\\/image\\\/\"},\"sameAs\":[\"https:\\\/\\\/www.facebook.com\\\/profile.php?id=100063487117479\"]}]}<\/script>\n<!-- \/ Yoast SEO plugin. -->","yoast_head_json":{"title":"R\u00e2teau \u00e0 fumier avec manche t\u00e9lescopique - Minihorse.eu","description":"R\u00e2teau \u00e0 fumier avec manche t\u00e9lescopique jusqu'\u00e0 140 cm est un r\u00e2teau multifonctionnel \u00e0 utiliser avec le ramasse-crottins ou comme r\u00e2teau universel. Largeur des dents r\u00e9glable : 20-45 cm.","robots":{"index":"index","follow":"follow","max-snippet":"max-snippet:-1","max-image-preview":"max-image-preview:large","max-video-preview":"max-video-preview:-1"},"canonical":"https:\/\/www.minihorse.eu\/fr\/produit\/rateau-a-fumier-avec-manche-telescopique\/","og_locale":"fr_FR","og_type":"article","og_title":"R\u00e2teau \u00e0 fumier avec manche t\u00e9lescopique - Minihorse.eu","og_description":"R\u00e2teau \u00e0 fumier avec manche t\u00e9lescopique jusqu'\u00e0 140 cm est un r\u00e2teau multifonctionnel \u00e0 utiliser avec le ramasse-crottins ou comme r\u00e2teau universel. Largeur des dents r\u00e9glable : 20-45 cm.","og_url":"https:\/\/www.minihorse.eu\/fr\/produit\/rateau-a-fumier-avec-manche-telescopique\/","og_site_name":"Minihorse.eu","article_publisher":"https:\/\/www.facebook.com\/profile.php?id=100063487117479","article_modified_time":"2025-09-21T21:19:51+00:00","og_image":[{"width":452,"height":900,"url":"https:\/\/www.minihorse.eu\/wp-content\/uploads\/2025\/09\/Menure-schraber-1.jpg","type":"image\/jpeg"}],"twitter_card":"summary_large_image","schema":{"@context":"https:\/\/schema.org","@graph":[{"@type":"WebPage","@id":"https:\/\/www.minihorse.eu\/fr\/produit\/rateau-a-fumier-avec-manche-telescopique\/","url":"https:\/\/www.minihorse.eu\/fr\/produit\/rateau-a-fumier-avec-manche-telescopique\/","name":"R\u00e2teau \u00e0 fumier avec manche t\u00e9lescopique - Minihorse.eu","isPartOf":{"@id":"https:\/\/www.minihorse.eu\/#website"},"primaryImageOfPage":{"@id":"https:\/\/www.minihorse.eu\/fr\/produit\/rateau-a-fumier-avec-manche-telescopique\/#primaryimage"},"image":{"@id":"https:\/\/www.minihorse.eu\/fr\/produit\/rateau-a-fumier-avec-manche-telescopique\/#primaryimage"},"thumbnailUrl":"https:\/\/www.minihorse.eu\/wp-content\/uploads\/2025\/09\/Menure-schraber-1.jpg","datePublished":"2025-09-21T21:02:27+00:00","dateModified":"2025-09-21T21:19:51+00:00","description":"R\u00e2teau \u00e0 fumier avec manche t\u00e9lescopique jusqu'\u00e0 140 cm est un r\u00e2teau multifonctionnel \u00e0 utiliser avec le ramasse-crottins ou comme r\u00e2teau universel. Largeur des dents r\u00e9glable : 20-45 cm.","breadcrumb":{"@id":"https:\/\/www.minihorse.eu\/fr\/produit\/rateau-a-fumier-avec-manche-telescopique\/#breadcrumb"},"inLanguage":"fr-FR","potentialAction":[{"@type":"ReadAction","target":["https:\/\/www.minihorse.eu\/fr\/produit\/rateau-a-fumier-avec-manche-telescopique\/"]}]},{"@type":"ImageObject","inLanguage":"fr-FR","@id":"https:\/\/www.minihorse.eu\/fr\/produit\/rateau-a-fumier-avec-manche-telescopique\/#primaryimage","url":"https:\/\/www.minihorse.eu\/wp-content\/uploads\/2025\/09\/Menure-schraber-1.jpg","contentUrl":"https:\/\/www.minihorse.eu\/wp-content\/uploads\/2025\/09\/Menure-schraber-1.jpg","width":452,"height":900},{"@type":"BreadcrumbList","@id":"https:\/\/www.minihorse.eu\/fr\/produit\/rateau-a-fumier-avec-manche-telescopique\/#breadcrumb","itemListElement":[{"@type":"ListItem","position":1,"name":"Home","item":"https:\/\/www.minihorse.eu\/fr\/accueil\/"},{"@type":"ListItem","position":2,"name":"Boutique","item":"https:\/\/www.minihorse.eu\/fr\/boutique\/"},{"@type":"ListItem","position":3,"name":"R\u00e2teau \u00e0 fumier avec manche t\u00e9lescopique"}]},{"@type":"WebSite","@id":"https:\/\/www.minihorse.eu\/#website","url":"https:\/\/www.minihorse.eu\/","name":"Minihorse.eu","description":"The #1 store for Miniature Horses","publisher":{"@id":"https:\/\/www.minihorse.eu\/#organization"},"potentialAction":[{"@type":"SearchAction","target":{"@type":"EntryPoint","urlTemplate":"https:\/\/www.minihorse.eu\/?s={search_term_string}"},"query-input":{"@type":"PropertyValueSpecification","valueRequired":true,"valueName":"search_term_string"}}],"inLanguage":"fr-FR"},{"@type":"Organization","@id":"https:\/\/www.minihorse.eu\/#organization","name":"Minihorse.eu","url":"https:\/\/www.minihorse.eu\/","logo":{"@type":"ImageObject","inLanguage":"fr-FR","@id":"https:\/\/www.minihorse.eu\/#\/schema\/logo\/image\/","url":"https:\/\/www.minihorse.eu\/wp-content\/uploads\/2024\/08\/Logo-minihorse-ext.png","contentUrl":"https:\/\/www.minihorse.eu\/wp-content\/uploads\/2024\/08\/Logo-minihorse-ext.png","width":500,"height":500,"caption":"Minihorse.eu"},"image":{"@id":"https:\/\/www.minihorse.eu\/#\/schema\/logo\/image\/"},"sameAs":["https:\/\/www.facebook.com\/profile.php?id=100063487117479"]}]}},"jetpack_sharing_enabled":true,"_links":{"self":[{"href":"https:\/\/www.minihorse.eu\/fr\/wp-json\/wp\/v2\/product\/11684","targetHints":{"allow":["GET"]}}],"collection":[{"href":"https:\/\/www.minihorse.eu\/fr\/wp-json\/wp\/v2\/product"}],"about":[{"href":"https:\/\/www.minihorse.eu\/fr\/wp-json\/wp\/v2\/types\/product"}],"replies":[{"embeddable":true,"href":"https:\/\/www.minihorse.eu\/fr\/wp-json\/wp\/v2\/comments?post=11684"}],"wp:featuredmedia":[{"embeddable":true,"href":"https:\/\/www.minihorse.eu\/fr\/wp-json\/wp\/v2\/media\/11668"}],"wp:attachment":[{"href":"https:\/\/www.minihorse.eu\/fr\/wp-json\/wp\/v2\/media?parent=11684"}],"wp:term":[{"taxonomy":"product_brand","embeddable":true,"href":"https:\/\/www.minihorse.eu\/fr\/wp-json\/wp\/v2\/product_brand?post=11684"},{"taxonomy":"product_cat","embeddable":true,"href":"https:\/\/www.minihorse.eu\/fr\/wp-json\/wp\/v2\/product_cat?post=11684"},{"taxonomy":"product_tag","embeddable":true,"href":"https:\/\/www.minihorse.eu\/fr\/wp-json\/wp\/v2\/product_tag?post=11684"}],"curies":[{"name":"wp","href":"https:\/\/api.w.org\/{rel}","templated":true}]}}