{"id":11685,"date":"2025-09-20T23:17:49","date_gmt":"2025-09-20T23:17:49","guid":{"rendered":"https:\/\/www.minihorse.eu\/product\/mangeoire-accroche-8-l\/"},"modified":"2026-01-11T17:19:08","modified_gmt":"2026-01-11T17:19:08","slug":"mangeoire-accroche-8-l","status":"publish","type":"product","link":"https:\/\/www.minihorse.eu\/fr\/produit\/mangeoire-accroche-8-l\/","title":{"rendered":"Mangeoire accroche 8 L"},"content":{"rendered":"<p data-start=\"77\" data-end=\"312\">Mangeoire accroche est un bac d&rsquo;alimentation durable avec un support de fixation, fabriqu\u00e9 en plastique robuste et r\u00e9sistant aux chocs. Parfait pour une utilisation dans l&rsquo;\u00e9curie, en d\u00e9placement ou dans les p\u00e2turages. <\/p>\n<ul data-start=\"314\" data-end=\"639\">\n<li data-start=\"314\" data-end=\"379\">\n<p data-start=\"316\" data-end=\"379\"><strong data-start=\"316\" data-end=\"333\">Multifonctionnel:<\/strong> peut servir \u00e0 la fois d&rsquo;abreuvoir et d&rsquo;auge.<\/p>\n<\/li>\n<li data-start=\"380\" data-end=\"476\">\n<p data-start=\"382\" data-end=\"476\"><strong data-start=\"382\" data-end=\"399\">Facile \u00e0 installer:<\/strong> s&rsquo;adapte aux murs ou aux cl\u00f4tures d&rsquo;une \u00e9paisseur maximale de 40 mm gr\u00e2ce \u00e0 deux supports en plastique solides.<\/p>\n<\/li>\n<li data-start=\"477\" data-end=\"551\">\n<p data-start=\"479\" data-end=\"551\"><strong data-start=\"479\" data-end=\"500\">Convenient design<\/strong> \u2013 features a practical handle and pouring spout.<\/p>\n<\/li>\n<li data-start=\"552\" data-end=\"617\">\n<p data-start=\"554\" data-end=\"617\"><strong data-start=\"554\" data-end=\"573\">Mat\u00e9riau robuste: <\/strong>plastique durable et r\u00e9sistant aux chocs.<\/p>\n<\/li>\n<li data-start=\"618\" data-end=\"639\">\n<p data-start=\"620\" data-end=\"639\"><strong data-start=\"620\" data-end=\"633\">Capacit\u00e9:<\/strong> 8 L<\/p>\n<\/li>\n<\/ul>\n<p data-start=\"641\" data-end=\"718\">Une solution universelle et facile \u00e0 utiliser pour nourrir et abreuver les chevaux o\u00f9 que vous soyez.<\/p>\n","protected":false},"excerpt":{"rendered":"<p>Mangeoire accroche est un bac d&rsquo;alimentation durable avec un support de fixation, fabriqu\u00e9 en plastique robuste et r\u00e9sistant aux chocs. Parfait pour une utilisation dans l&rsquo;\u00e9curie, en d\u00e9placement ou dans les p\u00e2turages. Facile \u00e0 installer: s&rsquo;adapte aux murs ou aux cl\u00f4tures d&rsquo;une \u00e9paisseur maximale de 40 mm gr\u00e2ce \u00e0 deux supports en plastique solides. Avec poign\u00e9e, bec verseur et capacit\u00e9 de 8 litres.<\/p>\n","protected":false},"featured_media":11615,"comment_status":"open","ping_status":"closed","template":"","meta":[],"product_brand":[],"product_cat":[188,189],"product_tag":[976,1510,1511,1512],"class_list":{"0":"post-11685","1":"product","2":"type-product","3":"status-publish","4":"has-post-thumbnail","6":"product_cat-ecuries","7":"product_cat-nouveautes","8":"product_tag-alimentation-des-chevaux","9":"product_tag-mangeoire","10":"product_tag-mangeoire-accroche","11":"product_tag-portable-mangeoire-accroche","13":"first","14":"instock","15":"taxable","16":"shipping-taxable","17":"purchasable","18":"product-type-variable"},"yoast_head":"<!-- This site is optimized with the Yoast SEO plugin v27.4 - https:\/\/yoast.com\/product\/yoast-seo-wordpress\/ -->\n<title>Mangeoire accroche 8 L - Minihorse.eu<\/title>\n<meta name=\"description\" content=\"Mangeoire suspendue 8 L avec crochets. Convient pour la nourriture ou l&#039;eau, dans l&#039;\u00e9curie, au p\u00e2turage ou en d\u00e9placement. Facile \u00e0 accrocher sur des murs ou des cl\u00f4tures de 40 mm d&#039;\u00e9paisseur.\" \/>\n<meta name=\"robots\" content=\"index, follow, max-snippet:-1, max-image-preview:large, max-video-preview:-1\" \/>\n<link rel=\"canonical\" href=\"https:\/\/www.minihorse.eu\/fr\/produit\/mangeoire-accroche-8-l\/\" \/>\n<meta property=\"og:locale\" content=\"fr_FR\" \/>\n<meta property=\"og:type\" content=\"article\" \/>\n<meta property=\"og:title\" content=\"Mangeoire accroche 8 L - Minihorse.eu\" \/>\n<meta property=\"og:description\" content=\"Mangeoire suspendue 8 L avec crochets. Convient pour la nourriture ou l&#039;eau, dans l&#039;\u00e9curie, au p\u00e2turage ou en d\u00e9placement. Facile \u00e0 accrocher sur des murs ou des cl\u00f4tures de 40 mm d&#039;\u00e9paisseur.\" \/>\n<meta property=\"og:url\" content=\"https:\/\/www.minihorse.eu\/fr\/produit\/mangeoire-accroche-8-l\/\" \/>\n<meta property=\"og:site_name\" content=\"Minihorse.eu\" \/>\n<meta property=\"article:publisher\" content=\"https:\/\/www.facebook.com\/profile.php?id=100063487117479\" \/>\n<meta property=\"article:modified_time\" content=\"2026-01-11T17:19:08+00:00\" \/>\n<meta property=\"og:image\" content=\"https:\/\/www.minihorse.eu\/wp-content\/uploads\/2025\/09\/Feed-Trough-Hang-On-8-L-bordeaux.jpg\" \/>\n\t<meta property=\"og:image:width\" content=\"977\" \/>\n\t<meta property=\"og:image:height\" content=\"900\" \/>\n\t<meta property=\"og:image:type\" content=\"image\/jpeg\" \/>\n<meta name=\"twitter:card\" content=\"summary_large_image\" \/>\n<meta name=\"twitter:label1\" content=\"Dur\u00e9e de lecture estim\u00e9e\" \/>\n\t<meta name=\"twitter:data1\" content=\"1 minute\" \/>\n<script type=\"application\/ld+json\" class=\"yoast-schema-graph\">{\"@context\":\"https:\\\/\\\/schema.org\",\"@graph\":[{\"@type\":\"WebPage\",\"@id\":\"https:\\\/\\\/www.minihorse.eu\\\/fr\\\/produit\\\/mangeoire-accroche-8-l\\\/\",\"url\":\"https:\\\/\\\/www.minihorse.eu\\\/fr\\\/produit\\\/mangeoire-accroche-8-l\\\/\",\"name\":\"Mangeoire accroche 8 L - Minihorse.eu\",\"isPartOf\":{\"@id\":\"https:\\\/\\\/www.minihorse.eu\\\/#website\"},\"primaryImageOfPage\":{\"@id\":\"https:\\\/\\\/www.minihorse.eu\\\/fr\\\/produit\\\/mangeoire-accroche-8-l\\\/#primaryimage\"},\"image\":{\"@id\":\"https:\\\/\\\/www.minihorse.eu\\\/fr\\\/produit\\\/mangeoire-accroche-8-l\\\/#primaryimage\"},\"thumbnailUrl\":\"https:\\\/\\\/www.minihorse.eu\\\/wp-content\\\/uploads\\\/2025\\\/09\\\/Feed-Trough-Hang-On-8-L-bordeaux.jpg\",\"datePublished\":\"2025-09-20T23:17:49+00:00\",\"dateModified\":\"2026-01-11T17:19:08+00:00\",\"description\":\"Mangeoire suspendue 8 L avec crochets. Convient pour la nourriture ou l'eau, dans l'\u00e9curie, au p\u00e2turage ou en d\u00e9placement. Facile \u00e0 accrocher sur des murs ou des cl\u00f4tures de 40 mm d'\u00e9paisseur.\",\"breadcrumb\":{\"@id\":\"https:\\\/\\\/www.minihorse.eu\\\/fr\\\/produit\\\/mangeoire-accroche-8-l\\\/#breadcrumb\"},\"inLanguage\":\"fr-FR\",\"potentialAction\":[{\"@type\":\"ReadAction\",\"target\":[\"https:\\\/\\\/www.minihorse.eu\\\/fr\\\/produit\\\/mangeoire-accroche-8-l\\\/\"]}]},{\"@type\":\"ImageObject\",\"inLanguage\":\"fr-FR\",\"@id\":\"https:\\\/\\\/www.minihorse.eu\\\/fr\\\/produit\\\/mangeoire-accroche-8-l\\\/#primaryimage\",\"url\":\"https:\\\/\\\/www.minihorse.eu\\\/wp-content\\\/uploads\\\/2025\\\/09\\\/Feed-Trough-Hang-On-8-L-bordeaux.jpg\",\"contentUrl\":\"https:\\\/\\\/www.minihorse.eu\\\/wp-content\\\/uploads\\\/2025\\\/09\\\/Feed-Trough-Hang-On-8-L-bordeaux.jpg\",\"width\":977,\"height\":900},{\"@type\":\"BreadcrumbList\",\"@id\":\"https:\\\/\\\/www.minihorse.eu\\\/fr\\\/produit\\\/mangeoire-accroche-8-l\\\/#breadcrumb\",\"itemListElement\":[{\"@type\":\"ListItem\",\"position\":1,\"name\":\"Home\",\"item\":\"https:\\\/\\\/www.minihorse.eu\\\/fr\\\/accueil\\\/\"},{\"@type\":\"ListItem\",\"position\":2,\"name\":\"Boutique\",\"item\":\"https:\\\/\\\/www.minihorse.eu\\\/fr\\\/boutique\\\/\"},{\"@type\":\"ListItem\",\"position\":3,\"name\":\"Mangeoire accroche 8 L\"}]},{\"@type\":\"WebSite\",\"@id\":\"https:\\\/\\\/www.minihorse.eu\\\/#website\",\"url\":\"https:\\\/\\\/www.minihorse.eu\\\/\",\"name\":\"Minihorse.eu\",\"description\":\"The #1 store for Miniature Horses\",\"publisher\":{\"@id\":\"https:\\\/\\\/www.minihorse.eu\\\/#organization\"},\"potentialAction\":[{\"@type\":\"SearchAction\",\"target\":{\"@type\":\"EntryPoint\",\"urlTemplate\":\"https:\\\/\\\/www.minihorse.eu\\\/?s={search_term_string}\"},\"query-input\":{\"@type\":\"PropertyValueSpecification\",\"valueRequired\":true,\"valueName\":\"search_term_string\"}}],\"inLanguage\":\"fr-FR\"},{\"@type\":\"Organization\",\"@id\":\"https:\\\/\\\/www.minihorse.eu\\\/#organization\",\"name\":\"Minihorse.eu\",\"url\":\"https:\\\/\\\/www.minihorse.eu\\\/\",\"logo\":{\"@type\":\"ImageObject\",\"inLanguage\":\"fr-FR\",\"@id\":\"https:\\\/\\\/www.minihorse.eu\\\/#\\\/schema\\\/logo\\\/image\\\/\",\"url\":\"https:\\\/\\\/www.minihorse.eu\\\/wp-content\\\/uploads\\\/2024\\\/08\\\/Logo-minihorse-ext.png\",\"contentUrl\":\"https:\\\/\\\/www.minihorse.eu\\\/wp-content\\\/uploads\\\/2024\\\/08\\\/Logo-minihorse-ext.png\",\"width\":500,\"height\":500,\"caption\":\"Minihorse.eu\"},\"image\":{\"@id\":\"https:\\\/\\\/www.minihorse.eu\\\/#\\\/schema\\\/logo\\\/image\\\/\"},\"sameAs\":[\"https:\\\/\\\/www.facebook.com\\\/profile.php?id=100063487117479\"]}]}<\/script>\n<!-- \/ Yoast SEO plugin. -->","yoast_head_json":{"title":"Mangeoire accroche 8 L - Minihorse.eu","description":"Mangeoire suspendue 8 L avec crochets. Convient pour la nourriture ou l'eau, dans l'\u00e9curie, au p\u00e2turage ou en d\u00e9placement. Facile \u00e0 accrocher sur des murs ou des cl\u00f4tures de 40 mm d'\u00e9paisseur.","robots":{"index":"index","follow":"follow","max-snippet":"max-snippet:-1","max-image-preview":"max-image-preview:large","max-video-preview":"max-video-preview:-1"},"canonical":"https:\/\/www.minihorse.eu\/fr\/produit\/mangeoire-accroche-8-l\/","og_locale":"fr_FR","og_type":"article","og_title":"Mangeoire accroche 8 L - Minihorse.eu","og_description":"Mangeoire suspendue 8 L avec crochets. Convient pour la nourriture ou l'eau, dans l'\u00e9curie, au p\u00e2turage ou en d\u00e9placement. Facile \u00e0 accrocher sur des murs ou des cl\u00f4tures de 40 mm d'\u00e9paisseur.","og_url":"https:\/\/www.minihorse.eu\/fr\/produit\/mangeoire-accroche-8-l\/","og_site_name":"Minihorse.eu","article_publisher":"https:\/\/www.facebook.com\/profile.php?id=100063487117479","article_modified_time":"2026-01-11T17:19:08+00:00","og_image":[{"width":977,"height":900,"url":"https:\/\/www.minihorse.eu\/wp-content\/uploads\/2025\/09\/Feed-Trough-Hang-On-8-L-bordeaux.jpg","type":"image\/jpeg"}],"twitter_card":"summary_large_image","twitter_misc":{"Dur\u00e9e de lecture estim\u00e9e":"1 minute"},"schema":{"@context":"https:\/\/schema.org","@graph":[{"@type":"WebPage","@id":"https:\/\/www.minihorse.eu\/fr\/produit\/mangeoire-accroche-8-l\/","url":"https:\/\/www.minihorse.eu\/fr\/produit\/mangeoire-accroche-8-l\/","name":"Mangeoire accroche 8 L - Minihorse.eu","isPartOf":{"@id":"https:\/\/www.minihorse.eu\/#website"},"primaryImageOfPage":{"@id":"https:\/\/www.minihorse.eu\/fr\/produit\/mangeoire-accroche-8-l\/#primaryimage"},"image":{"@id":"https:\/\/www.minihorse.eu\/fr\/produit\/mangeoire-accroche-8-l\/#primaryimage"},"thumbnailUrl":"https:\/\/www.minihorse.eu\/wp-content\/uploads\/2025\/09\/Feed-Trough-Hang-On-8-L-bordeaux.jpg","datePublished":"2025-09-20T23:17:49+00:00","dateModified":"2026-01-11T17:19:08+00:00","description":"Mangeoire suspendue 8 L avec crochets. Convient pour la nourriture ou l'eau, dans l'\u00e9curie, au p\u00e2turage ou en d\u00e9placement. Facile \u00e0 accrocher sur des murs ou des cl\u00f4tures de 40 mm d'\u00e9paisseur.","breadcrumb":{"@id":"https:\/\/www.minihorse.eu\/fr\/produit\/mangeoire-accroche-8-l\/#breadcrumb"},"inLanguage":"fr-FR","potentialAction":[{"@type":"ReadAction","target":["https:\/\/www.minihorse.eu\/fr\/produit\/mangeoire-accroche-8-l\/"]}]},{"@type":"ImageObject","inLanguage":"fr-FR","@id":"https:\/\/www.minihorse.eu\/fr\/produit\/mangeoire-accroche-8-l\/#primaryimage","url":"https:\/\/www.minihorse.eu\/wp-content\/uploads\/2025\/09\/Feed-Trough-Hang-On-8-L-bordeaux.jpg","contentUrl":"https:\/\/www.minihorse.eu\/wp-content\/uploads\/2025\/09\/Feed-Trough-Hang-On-8-L-bordeaux.jpg","width":977,"height":900},{"@type":"BreadcrumbList","@id":"https:\/\/www.minihorse.eu\/fr\/produit\/mangeoire-accroche-8-l\/#breadcrumb","itemListElement":[{"@type":"ListItem","position":1,"name":"Home","item":"https:\/\/www.minihorse.eu\/fr\/accueil\/"},{"@type":"ListItem","position":2,"name":"Boutique","item":"https:\/\/www.minihorse.eu\/fr\/boutique\/"},{"@type":"ListItem","position":3,"name":"Mangeoire accroche 8 L"}]},{"@type":"WebSite","@id":"https:\/\/www.minihorse.eu\/#website","url":"https:\/\/www.minihorse.eu\/","name":"Minihorse.eu","description":"The #1 store for Miniature Horses","publisher":{"@id":"https:\/\/www.minihorse.eu\/#organization"},"potentialAction":[{"@type":"SearchAction","target":{"@type":"EntryPoint","urlTemplate":"https:\/\/www.minihorse.eu\/?s={search_term_string}"},"query-input":{"@type":"PropertyValueSpecification","valueRequired":true,"valueName":"search_term_string"}}],"inLanguage":"fr-FR"},{"@type":"Organization","@id":"https:\/\/www.minihorse.eu\/#organization","name":"Minihorse.eu","url":"https:\/\/www.minihorse.eu\/","logo":{"@type":"ImageObject","inLanguage":"fr-FR","@id":"https:\/\/www.minihorse.eu\/#\/schema\/logo\/image\/","url":"https:\/\/www.minihorse.eu\/wp-content\/uploads\/2024\/08\/Logo-minihorse-ext.png","contentUrl":"https:\/\/www.minihorse.eu\/wp-content\/uploads\/2024\/08\/Logo-minihorse-ext.png","width":500,"height":500,"caption":"Minihorse.eu"},"image":{"@id":"https:\/\/www.minihorse.eu\/#\/schema\/logo\/image\/"},"sameAs":["https:\/\/www.facebook.com\/profile.php?id=100063487117479"]}]}},"jetpack_sharing_enabled":true,"_links":{"self":[{"href":"https:\/\/www.minihorse.eu\/fr\/wp-json\/wp\/v2\/product\/11685","targetHints":{"allow":["GET"]}}],"collection":[{"href":"https:\/\/www.minihorse.eu\/fr\/wp-json\/wp\/v2\/product"}],"about":[{"href":"https:\/\/www.minihorse.eu\/fr\/wp-json\/wp\/v2\/types\/product"}],"replies":[{"embeddable":true,"href":"https:\/\/www.minihorse.eu\/fr\/wp-json\/wp\/v2\/comments?post=11685"}],"wp:featuredmedia":[{"embeddable":true,"href":"https:\/\/www.minihorse.eu\/fr\/wp-json\/wp\/v2\/media\/11615"}],"wp:attachment":[{"href":"https:\/\/www.minihorse.eu\/fr\/wp-json\/wp\/v2\/media?parent=11685"}],"wp:term":[{"taxonomy":"product_brand","embeddable":true,"href":"https:\/\/www.minihorse.eu\/fr\/wp-json\/wp\/v2\/product_brand?post=11685"},{"taxonomy":"product_cat","embeddable":true,"href":"https:\/\/www.minihorse.eu\/fr\/wp-json\/wp\/v2\/product_cat?post=11685"},{"taxonomy":"product_tag","embeddable":true,"href":"https:\/\/www.minihorse.eu\/fr\/wp-json\/wp\/v2\/product_tag?post=11685"}],"curies":[{"name":"wp","href":"https:\/\/api.w.org\/{rel}","templated":true}]}}