{"id":11708,"date":"2025-09-22T21:51:47","date_gmt":"2025-09-22T21:51:47","guid":{"rendered":"https:\/\/www.minihorse.eu\/?post_type=product&#038;p=11708"},"modified":"2025-09-23T22:17:38","modified_gmt":"2025-09-23T22:17:38","slug":"shapleys-no-1-light-oil-copy","status":"publish","type":"product","link":"https:\/\/www.minihorse.eu\/fr\/produit\/shapleys-no-1-light-oil-copy\/","title":{"rendered":"Shapley&rsquo;s No. 2 Heavy Oil"},"content":{"rendered":"<p><strong>No. 2 Heavy Oil <\/strong><span class=\"color_11 wixui-rich-text__text\"> No. 2 Heavy Oil est une huile nourrissante merveilleusement riche et profonde. C&rsquo;est un excellent traitement intensif \u00e0 base d&rsquo;huile qui s&rsquo;utilise froid ou chauff\u00e9 pour redonner les huiles n\u00e9cessaires \u00e0 la peau, au pelage, \u00e0 la crini\u00e8re et \u00e0 la queue. Il redonne de la brillance \u00e0 la peau et aux poils secs et ab\u00eem\u00e9s tout en les adoucissant et en leur redonnant de la vitalit\u00e9.  <\/span><\/p>\n<p><span class=\"color_11 wixui-rich-text__text\">Les palefreniers professionnels recommandent d&rsquo;utiliser l&rsquo;huile No. 2 Heavy Oil comme traitement apr\u00e8s la tonte du corps pour nourrir la peau, \u00e9liminer les pellicules, restaurer la couleur naturelle des poils et \u00e9liminer les poils morts. Il est particuli\u00e8rement utile de couvrir le cheval apr\u00e8s le traitement et de laisser la chaleur de son corps aider l&rsquo;huile \u00e0 nourrir en profondeur son pelage et sa peau. Le pelage de votre cheval n&rsquo;aura jamais \u00e9t\u00e9 aussi sain.  <\/span><\/p>\n<p><span class=\"wixui-rich-text__text\">Pour utiliser l&rsquo;huile lourde n\u00b0 2, appliquez-la \u00e0 la main et\/ou \u00e0 l&rsquo;aide d&rsquo;une serviette, ou versez-la dans un vaporisateur pour la vaporiser sur le cheval.<\/span><\/p>\n<p><strong>Conseils utiles:<\/strong><\/p>\n<ul class=\"font_8 wixui-rich-text__text\">\n<li class=\"wixui-rich-text__text\">\n<p class=\"font_8 wixui-rich-text__text\"><span class=\"wixui-rich-text__text\">No. 2 Heavy Oil est un excellent soin profond lorsque le poil est sec et cassant ou apr\u00e8s la tonte, pour lutter contre la peau s\u00e8che, les d\u00e9mangeaisons et les pellicules.<\/span><\/p>\n<\/li>\n<li class=\"wixui-rich-text__text\">\n<p class=\"font_8 wixui-rich-text__text\"><span class=\"wixui-rich-text__text\">Versez l&rsquo;huile n\u00b0 2 dans un vaporisateur et appliquez-la uniform\u00e9ment et l\u00e9g\u00e8rement sur le pelage du cheval apr\u00e8s la tonte. Couvrez le cheval d&rsquo;une couverture (une couverture que vous ne craignez pas de tacher avec un peu d&rsquo;huile) et la chaleur corporelle du cheval aidera l&rsquo;huile \u00e0 nourrir les poils en profondeur. <\/span><\/p>\n<\/li>\n<li class=\"wixui-rich-text__text\">\n<p class=\"font_8 wixui-rich-text__text\"><span class=\"wixui-rich-text__text\">No. 2 Heavy Oil peut \u00eatre appliqu\u00e9e chauff\u00e9e ou directement \u00e0 la sortie du flacon. Pour chauffer l&rsquo;huile, placez-la dans un seau d&rsquo;eau chaude. Assurez-vous que l&rsquo;huile n&rsquo;est pas trop chaude pour ne pas br\u00fbler le cheval. L&rsquo;huile chauff\u00e9e est plus efficace pour nourrir la queue en profondeur.   <\/span><\/p>\n<\/li>\n<li class=\"wixui-rich-text__text\">\n<p class=\"font_8 wixui-rich-text__text\"><span class=\"wixui-rich-text__text\">Lorsque vous nourrissez la queue, tressez-la et utilisez un sac \u00e0 queue.<\/span><\/p>\n<\/li>\n<\/ul>\n<p><strong>No. 2 Heavy Oil<\/strong> est disponible en bouteille de 946 ml.<\/p>\n","protected":false},"excerpt":{"rendered":"<p data-start=\"55\" data-end=\"217\"><strong data-start=\"55\" data-end=\"74\">No. 2 Heavy Oil <\/strong>\u2013 un soin riche et intensif pour la peau, le pelage, la crini\u00e8re et la queue. Redonne de la brillance, adoucit les poils secs ou ab\u00eem\u00e9s et nourrit la peau en profondeur. Recommand\u00e9e apr\u00e8s la tonte pour \u00e9liminer les pellicules, les poils morts et redonner une couleur naturelle.  <\/p>\n<p data-start=\"55\" data-end=\"217\"><strong>No. 2 Heavy Oil<\/strong> est disponible en bouteille de 946 ml.<\/p>\n","protected":false},"featured_media":11569,"comment_status":"open","ping_status":"closed","template":"","meta":[],"product_brand":[],"product_cat":[210],"product_tag":[1476,1477,1032,1526,775,1527,1525,1528],"class_list":{"0":"post-11708","1":"product","2":"type-product","3":"status-publish","4":"has-post-thumbnail","6":"product_cat-shapleys-fr","7":"product_tag-couche-seche","8":"product_tag-demelant-pour-criniere-et-queue","9":"product_tag-fourrure-conditionneur","10":"product_tag-huile-nourrissante","11":"product_tag-peau-seche","12":"product_tag-pelage-de-cheval","13":"product_tag-soin-de-la-criniere-et-de-la-queue","14":"product_tag-traitement-apres-la-tonte","16":"first","17":"instock","18":"taxable","19":"shipping-taxable","20":"purchasable","21":"product-type-simple"},"yoast_head":"<!-- This site is optimized with the Yoast SEO plugin v27.4 - https:\/\/yoast.com\/product\/yoast-seo-wordpress\/ -->\n<title>Shapley&#039;s No. 2 Heavy Oil - Minihorse.eu<\/title>\n<meta name=\"description\" content=\"Shapley&#039;s No. 2 Heavy Oil restores shine and softness to horse\u2019s coat, mane &amp; tail. Perfect after clipping to condition skin and enhance natural color.\" \/>\n<meta name=\"robots\" content=\"index, follow, max-snippet:-1, max-image-preview:large, max-video-preview:-1\" \/>\n<link rel=\"canonical\" href=\"https:\/\/www.minihorse.eu\/fr\/produit\/shapleys-no-1-light-oil-copy\/\" \/>\n<meta property=\"og:locale\" content=\"fr_FR\" \/>\n<meta property=\"og:type\" content=\"article\" \/>\n<meta property=\"og:title\" content=\"Shapley&#039;s No. 2 Heavy Oil - Minihorse.eu\" \/>\n<meta property=\"og:description\" content=\"Shapley&#039;s No. 2 Heavy Oil restores shine and softness to horse\u2019s coat, mane &amp; tail. Perfect after clipping to condition skin and enhance natural color.\" \/>\n<meta property=\"og:url\" content=\"https:\/\/www.minihorse.eu\/fr\/produit\/shapleys-no-1-light-oil-copy\/\" \/>\n<meta property=\"og:site_name\" content=\"Minihorse.eu\" \/>\n<meta property=\"article:publisher\" content=\"https:\/\/www.facebook.com\/profile.php?id=100063487117479\" \/>\n<meta property=\"article:modified_time\" content=\"2025-09-23T22:17:38+00:00\" \/>\n<meta property=\"og:image\" content=\"https:\/\/www.minihorse.eu\/wp-content\/uploads\/2025\/09\/No-2-Heavy-Oil-32-oz.jpg\" \/>\n\t<meta property=\"og:image:width\" content=\"600\" \/>\n\t<meta property=\"og:image:height\" content=\"800\" \/>\n\t<meta property=\"og:image:type\" content=\"image\/jpeg\" \/>\n<meta name=\"twitter:card\" content=\"summary_large_image\" \/>\n<meta name=\"twitter:label1\" content=\"Dur\u00e9e de lecture estim\u00e9e\" \/>\n\t<meta name=\"twitter:data1\" content=\"2 minutes\" \/>\n<script type=\"application\/ld+json\" class=\"yoast-schema-graph\">{\"@context\":\"https:\\\/\\\/schema.org\",\"@graph\":[{\"@type\":\"WebPage\",\"@id\":\"https:\\\/\\\/www.minihorse.eu\\\/fr\\\/produit\\\/shapleys-no-1-light-oil-copy\\\/\",\"url\":\"https:\\\/\\\/www.minihorse.eu\\\/fr\\\/produit\\\/shapleys-no-1-light-oil-copy\\\/\",\"name\":\"Shapley's No. 2 Heavy Oil - Minihorse.eu\",\"isPartOf\":{\"@id\":\"https:\\\/\\\/www.minihorse.eu\\\/#website\"},\"primaryImageOfPage\":{\"@id\":\"https:\\\/\\\/www.minihorse.eu\\\/fr\\\/produit\\\/shapleys-no-1-light-oil-copy\\\/#primaryimage\"},\"image\":{\"@id\":\"https:\\\/\\\/www.minihorse.eu\\\/fr\\\/produit\\\/shapleys-no-1-light-oil-copy\\\/#primaryimage\"},\"thumbnailUrl\":\"https:\\\/\\\/www.minihorse.eu\\\/wp-content\\\/uploads\\\/2025\\\/09\\\/No-2-Heavy-Oil-32-oz.jpg\",\"datePublished\":\"2025-09-22T21:51:47+00:00\",\"dateModified\":\"2025-09-23T22:17:38+00:00\",\"description\":\"Shapley's No. 2 Heavy Oil restores shine and softness to horse\u2019s coat, mane & tail. Perfect after clipping to condition skin and enhance natural color.\",\"breadcrumb\":{\"@id\":\"https:\\\/\\\/www.minihorse.eu\\\/fr\\\/produit\\\/shapleys-no-1-light-oil-copy\\\/#breadcrumb\"},\"inLanguage\":\"fr-FR\",\"potentialAction\":[{\"@type\":\"ReadAction\",\"target\":[\"https:\\\/\\\/www.minihorse.eu\\\/fr\\\/produit\\\/shapleys-no-1-light-oil-copy\\\/\"]}]},{\"@type\":\"ImageObject\",\"inLanguage\":\"fr-FR\",\"@id\":\"https:\\\/\\\/www.minihorse.eu\\\/fr\\\/produit\\\/shapleys-no-1-light-oil-copy\\\/#primaryimage\",\"url\":\"https:\\\/\\\/www.minihorse.eu\\\/wp-content\\\/uploads\\\/2025\\\/09\\\/No-2-Heavy-Oil-32-oz.jpg\",\"contentUrl\":\"https:\\\/\\\/www.minihorse.eu\\\/wp-content\\\/uploads\\\/2025\\\/09\\\/No-2-Heavy-Oil-32-oz.jpg\",\"width\":600,\"height\":800},{\"@type\":\"BreadcrumbList\",\"@id\":\"https:\\\/\\\/www.minihorse.eu\\\/fr\\\/produit\\\/shapleys-no-1-light-oil-copy\\\/#breadcrumb\",\"itemListElement\":[{\"@type\":\"ListItem\",\"position\":1,\"name\":\"Home\",\"item\":\"https:\\\/\\\/www.minihorse.eu\\\/fr\\\/accueil\\\/\"},{\"@type\":\"ListItem\",\"position\":2,\"name\":\"Boutique\",\"item\":\"https:\\\/\\\/www.minihorse.eu\\\/fr\\\/boutique\\\/\"},{\"@type\":\"ListItem\",\"position\":3,\"name\":\"Shapley&rsquo;s No. 2 Heavy Oil\"}]},{\"@type\":\"WebSite\",\"@id\":\"https:\\\/\\\/www.minihorse.eu\\\/#website\",\"url\":\"https:\\\/\\\/www.minihorse.eu\\\/\",\"name\":\"Minihorse.eu\",\"description\":\"The #1 store for Miniature Horses\",\"publisher\":{\"@id\":\"https:\\\/\\\/www.minihorse.eu\\\/#organization\"},\"potentialAction\":[{\"@type\":\"SearchAction\",\"target\":{\"@type\":\"EntryPoint\",\"urlTemplate\":\"https:\\\/\\\/www.minihorse.eu\\\/?s={search_term_string}\"},\"query-input\":{\"@type\":\"PropertyValueSpecification\",\"valueRequired\":true,\"valueName\":\"search_term_string\"}}],\"inLanguage\":\"fr-FR\"},{\"@type\":\"Organization\",\"@id\":\"https:\\\/\\\/www.minihorse.eu\\\/#organization\",\"name\":\"Minihorse.eu\",\"url\":\"https:\\\/\\\/www.minihorse.eu\\\/\",\"logo\":{\"@type\":\"ImageObject\",\"inLanguage\":\"fr-FR\",\"@id\":\"https:\\\/\\\/www.minihorse.eu\\\/#\\\/schema\\\/logo\\\/image\\\/\",\"url\":\"https:\\\/\\\/www.minihorse.eu\\\/wp-content\\\/uploads\\\/2024\\\/08\\\/Logo-minihorse-ext.png\",\"contentUrl\":\"https:\\\/\\\/www.minihorse.eu\\\/wp-content\\\/uploads\\\/2024\\\/08\\\/Logo-minihorse-ext.png\",\"width\":500,\"height\":500,\"caption\":\"Minihorse.eu\"},\"image\":{\"@id\":\"https:\\\/\\\/www.minihorse.eu\\\/#\\\/schema\\\/logo\\\/image\\\/\"},\"sameAs\":[\"https:\\\/\\\/www.facebook.com\\\/profile.php?id=100063487117479\"]}]}<\/script>\n<!-- \/ Yoast SEO plugin. -->","yoast_head_json":{"title":"Shapley's No. 2 Heavy Oil - Minihorse.eu","description":"Shapley's No. 2 Heavy Oil restores shine and softness to horse\u2019s coat, mane & tail. Perfect after clipping to condition skin and enhance natural color.","robots":{"index":"index","follow":"follow","max-snippet":"max-snippet:-1","max-image-preview":"max-image-preview:large","max-video-preview":"max-video-preview:-1"},"canonical":"https:\/\/www.minihorse.eu\/fr\/produit\/shapleys-no-1-light-oil-copy\/","og_locale":"fr_FR","og_type":"article","og_title":"Shapley's No. 2 Heavy Oil - Minihorse.eu","og_description":"Shapley's No. 2 Heavy Oil restores shine and softness to horse\u2019s coat, mane & tail. Perfect after clipping to condition skin and enhance natural color.","og_url":"https:\/\/www.minihorse.eu\/fr\/produit\/shapleys-no-1-light-oil-copy\/","og_site_name":"Minihorse.eu","article_publisher":"https:\/\/www.facebook.com\/profile.php?id=100063487117479","article_modified_time":"2025-09-23T22:17:38+00:00","og_image":[{"width":600,"height":800,"url":"https:\/\/www.minihorse.eu\/wp-content\/uploads\/2025\/09\/No-2-Heavy-Oil-32-oz.jpg","type":"image\/jpeg"}],"twitter_card":"summary_large_image","twitter_misc":{"Dur\u00e9e de lecture estim\u00e9e":"2 minutes"},"schema":{"@context":"https:\/\/schema.org","@graph":[{"@type":"WebPage","@id":"https:\/\/www.minihorse.eu\/fr\/produit\/shapleys-no-1-light-oil-copy\/","url":"https:\/\/www.minihorse.eu\/fr\/produit\/shapleys-no-1-light-oil-copy\/","name":"Shapley's No. 2 Heavy Oil - Minihorse.eu","isPartOf":{"@id":"https:\/\/www.minihorse.eu\/#website"},"primaryImageOfPage":{"@id":"https:\/\/www.minihorse.eu\/fr\/produit\/shapleys-no-1-light-oil-copy\/#primaryimage"},"image":{"@id":"https:\/\/www.minihorse.eu\/fr\/produit\/shapleys-no-1-light-oil-copy\/#primaryimage"},"thumbnailUrl":"https:\/\/www.minihorse.eu\/wp-content\/uploads\/2025\/09\/No-2-Heavy-Oil-32-oz.jpg","datePublished":"2025-09-22T21:51:47+00:00","dateModified":"2025-09-23T22:17:38+00:00","description":"Shapley's No. 2 Heavy Oil restores shine and softness to horse\u2019s coat, mane & tail. Perfect after clipping to condition skin and enhance natural color.","breadcrumb":{"@id":"https:\/\/www.minihorse.eu\/fr\/produit\/shapleys-no-1-light-oil-copy\/#breadcrumb"},"inLanguage":"fr-FR","potentialAction":[{"@type":"ReadAction","target":["https:\/\/www.minihorse.eu\/fr\/produit\/shapleys-no-1-light-oil-copy\/"]}]},{"@type":"ImageObject","inLanguage":"fr-FR","@id":"https:\/\/www.minihorse.eu\/fr\/produit\/shapleys-no-1-light-oil-copy\/#primaryimage","url":"https:\/\/www.minihorse.eu\/wp-content\/uploads\/2025\/09\/No-2-Heavy-Oil-32-oz.jpg","contentUrl":"https:\/\/www.minihorse.eu\/wp-content\/uploads\/2025\/09\/No-2-Heavy-Oil-32-oz.jpg","width":600,"height":800},{"@type":"BreadcrumbList","@id":"https:\/\/www.minihorse.eu\/fr\/produit\/shapleys-no-1-light-oil-copy\/#breadcrumb","itemListElement":[{"@type":"ListItem","position":1,"name":"Home","item":"https:\/\/www.minihorse.eu\/fr\/accueil\/"},{"@type":"ListItem","position":2,"name":"Boutique","item":"https:\/\/www.minihorse.eu\/fr\/boutique\/"},{"@type":"ListItem","position":3,"name":"Shapley&rsquo;s No. 2 Heavy Oil"}]},{"@type":"WebSite","@id":"https:\/\/www.minihorse.eu\/#website","url":"https:\/\/www.minihorse.eu\/","name":"Minihorse.eu","description":"The #1 store for Miniature Horses","publisher":{"@id":"https:\/\/www.minihorse.eu\/#organization"},"potentialAction":[{"@type":"SearchAction","target":{"@type":"EntryPoint","urlTemplate":"https:\/\/www.minihorse.eu\/?s={search_term_string}"},"query-input":{"@type":"PropertyValueSpecification","valueRequired":true,"valueName":"search_term_string"}}],"inLanguage":"fr-FR"},{"@type":"Organization","@id":"https:\/\/www.minihorse.eu\/#organization","name":"Minihorse.eu","url":"https:\/\/www.minihorse.eu\/","logo":{"@type":"ImageObject","inLanguage":"fr-FR","@id":"https:\/\/www.minihorse.eu\/#\/schema\/logo\/image\/","url":"https:\/\/www.minihorse.eu\/wp-content\/uploads\/2024\/08\/Logo-minihorse-ext.png","contentUrl":"https:\/\/www.minihorse.eu\/wp-content\/uploads\/2024\/08\/Logo-minihorse-ext.png","width":500,"height":500,"caption":"Minihorse.eu"},"image":{"@id":"https:\/\/www.minihorse.eu\/#\/schema\/logo\/image\/"},"sameAs":["https:\/\/www.facebook.com\/profile.php?id=100063487117479"]}]}},"jetpack_sharing_enabled":true,"_links":{"self":[{"href":"https:\/\/www.minihorse.eu\/fr\/wp-json\/wp\/v2\/product\/11708","targetHints":{"allow":["GET"]}}],"collection":[{"href":"https:\/\/www.minihorse.eu\/fr\/wp-json\/wp\/v2\/product"}],"about":[{"href":"https:\/\/www.minihorse.eu\/fr\/wp-json\/wp\/v2\/types\/product"}],"replies":[{"embeddable":true,"href":"https:\/\/www.minihorse.eu\/fr\/wp-json\/wp\/v2\/comments?post=11708"}],"wp:featuredmedia":[{"embeddable":true,"href":"https:\/\/www.minihorse.eu\/fr\/wp-json\/wp\/v2\/media\/11569"}],"wp:attachment":[{"href":"https:\/\/www.minihorse.eu\/fr\/wp-json\/wp\/v2\/media?parent=11708"}],"wp:term":[{"taxonomy":"product_brand","embeddable":true,"href":"https:\/\/www.minihorse.eu\/fr\/wp-json\/wp\/v2\/product_brand?post=11708"},{"taxonomy":"product_cat","embeddable":true,"href":"https:\/\/www.minihorse.eu\/fr\/wp-json\/wp\/v2\/product_cat?post=11708"},{"taxonomy":"product_tag","embeddable":true,"href":"https:\/\/www.minihorse.eu\/fr\/wp-json\/wp\/v2\/product_tag?post=11708"}],"curies":[{"name":"wp","href":"https:\/\/api.w.org\/{rel}","templated":true}]}}