{"id":11751,"date":"2025-09-24T19:29:03","date_gmt":"2025-09-24T19:29:03","guid":{"rendered":"https:\/\/www.minihorse.eu\/product\/bridon-lifestyle\/"},"modified":"2025-09-25T07:07:43","modified_gmt":"2025-09-25T07:07:43","slug":"bridon-lifestyle","status":"publish","type":"product","link":"https:\/\/www.minihorse.eu\/fr\/produit\/bridon-lifestyle\/","title":{"rendered":"Bridon Lifestyle"},"content":{"rendered":"<p><strong data-start=\"71\" data-end=\"91\">Bridon Lifestyle<\/strong> est un magnifique bridon en cuir avec une muserolle combin\u00e9e. Il est dot\u00e9 d&rsquo;une t\u00eati\u00e8re droite et rembourr\u00e9e, d&rsquo;un frontal lin\u00e9aire et d&rsquo;armures en fer nickel\u00e9. Il est livr\u00e9 avec des r\u00eanes en sangle de 16 mm pour un look complet et une conduite confortable. Pour mini-cheval, mini-shetland ou shetland.   <\/p>\n<p>&#8211; T\u00eati\u00e8re droite<br \/>\n&#8211; Muserolle et frontal rembourr\u00e9s<br \/>\n&#8211; Frontal lin\u00e9aire<br \/>\n&#8211; Ferrures en fer nickel\u00e9<br \/>\n&#8211; R\u00eanes de 16 mm<\/p>\n<p>&nbsp;<\/p>\n","protected":false},"excerpt":{"rendered":"<p data-start=\"71\" data-end=\"331\"><strong data-start=\"71\" data-end=\"91\">Bridon Lifestyle <\/strong>est une magnifique bride en cuir avec une muserolle combin\u00e9e. Elle est dot\u00e9e d&rsquo;une t\u00eati\u00e8re droite et rembourr\u00e9e, d&rsquo;un frontal lin\u00e9aire et d&rsquo;armures en fer nickel\u00e9. Elle est livr\u00e9e avec des r\u00eanes en toile de 16 mm pour un look complet et une conduite confortable. Taille: mini-cheval (mini-shetland) ou shetland.   <\/p>\n","protected":false},"featured_media":11731,"comment_status":"open","ping_status":"closed","template":"","meta":[],"product_brand":[],"product_cat":[217],"product_tag":[1324,1537,1538],"class_list":{"0":"post-11751","1":"product","2":"type-product","3":"status-publish","4":"has-post-thumbnail","6":"product_cat-filets-et-mors","7":"product_tag-bridon-pour-chevale","8":"product_tag-bridon-minishet","9":"product_tag-bridon-shetlander","11":"first","12":"instock","13":"taxable","14":"shipping-taxable","15":"purchasable","16":"product-type-variable"},"yoast_head":"<!-- This site is optimized with the Yoast SEO plugin v27.4 - https:\/\/yoast.com\/product\/yoast-seo-wordpress\/ -->\n<title>Bridon Lifestyle - Minihorse.eu<\/title>\n<meta name=\"description\" content=\"Bridon Lifestyle - bride en cuir l\u00e9g\u00e8rement rembourr\u00e9e pour mini-cheval, minishet et shetland avec muserolle combin\u00e9e et ferrures en fer nickel\u00e9.\" \/>\n<meta name=\"robots\" content=\"index, follow, max-snippet:-1, max-image-preview:large, max-video-preview:-1\" \/>\n<link rel=\"canonical\" href=\"https:\/\/www.minihorse.eu\/fr\/produit\/bridon-lifestyle\/\" \/>\n<meta property=\"og:locale\" content=\"fr_FR\" \/>\n<meta property=\"og:type\" content=\"article\" \/>\n<meta property=\"og:title\" content=\"Bridon Lifestyle - Minihorse.eu\" \/>\n<meta property=\"og:description\" content=\"Bridon Lifestyle - bride en cuir l\u00e9g\u00e8rement rembourr\u00e9e pour mini-cheval, minishet et shetland avec muserolle combin\u00e9e et ferrures en fer nickel\u00e9.\" \/>\n<meta property=\"og:url\" content=\"https:\/\/www.minihorse.eu\/fr\/produit\/bridon-lifestyle\/\" \/>\n<meta property=\"og:site_name\" content=\"Minihorse.eu\" \/>\n<meta property=\"article:publisher\" content=\"https:\/\/www.facebook.com\/profile.php?id=100063487117479\" \/>\n<meta property=\"article:modified_time\" content=\"2025-09-25T07:07:43+00:00\" \/>\n<meta property=\"og:image\" content=\"https:\/\/www.minihorse.eu\/wp-content\/uploads\/2025\/09\/Hoofdstel-Lifestyle-bruin.jpg\" \/>\n\t<meta property=\"og:image:width\" content=\"430\" \/>\n\t<meta property=\"og:image:height\" content=\"320\" \/>\n\t<meta property=\"og:image:type\" content=\"image\/jpeg\" \/>\n<meta name=\"twitter:card\" content=\"summary_large_image\" \/>\n<script type=\"application\/ld+json\" class=\"yoast-schema-graph\">{\"@context\":\"https:\\\/\\\/schema.org\",\"@graph\":[{\"@type\":\"WebPage\",\"@id\":\"https:\\\/\\\/www.minihorse.eu\\\/fr\\\/produit\\\/bridon-lifestyle\\\/\",\"url\":\"https:\\\/\\\/www.minihorse.eu\\\/fr\\\/produit\\\/bridon-lifestyle\\\/\",\"name\":\"Bridon Lifestyle - Minihorse.eu\",\"isPartOf\":{\"@id\":\"https:\\\/\\\/www.minihorse.eu\\\/#website\"},\"primaryImageOfPage\":{\"@id\":\"https:\\\/\\\/www.minihorse.eu\\\/fr\\\/produit\\\/bridon-lifestyle\\\/#primaryimage\"},\"image\":{\"@id\":\"https:\\\/\\\/www.minihorse.eu\\\/fr\\\/produit\\\/bridon-lifestyle\\\/#primaryimage\"},\"thumbnailUrl\":\"https:\\\/\\\/www.minihorse.eu\\\/wp-content\\\/uploads\\\/2025\\\/09\\\/Hoofdstel-Lifestyle-bruin.jpg\",\"datePublished\":\"2025-09-24T19:29:03+00:00\",\"dateModified\":\"2025-09-25T07:07:43+00:00\",\"description\":\"Bridon Lifestyle - bride en cuir l\u00e9g\u00e8rement rembourr\u00e9e pour mini-cheval, minishet et shetland avec muserolle combin\u00e9e et ferrures en fer nickel\u00e9.\",\"breadcrumb\":{\"@id\":\"https:\\\/\\\/www.minihorse.eu\\\/fr\\\/produit\\\/bridon-lifestyle\\\/#breadcrumb\"},\"inLanguage\":\"fr-FR\",\"potentialAction\":[{\"@type\":\"ReadAction\",\"target\":[\"https:\\\/\\\/www.minihorse.eu\\\/fr\\\/produit\\\/bridon-lifestyle\\\/\"]}]},{\"@type\":\"ImageObject\",\"inLanguage\":\"fr-FR\",\"@id\":\"https:\\\/\\\/www.minihorse.eu\\\/fr\\\/produit\\\/bridon-lifestyle\\\/#primaryimage\",\"url\":\"https:\\\/\\\/www.minihorse.eu\\\/wp-content\\\/uploads\\\/2025\\\/09\\\/Hoofdstel-Lifestyle-bruin.jpg\",\"contentUrl\":\"https:\\\/\\\/www.minihorse.eu\\\/wp-content\\\/uploads\\\/2025\\\/09\\\/Hoofdstel-Lifestyle-bruin.jpg\",\"width\":430,\"height\":320},{\"@type\":\"BreadcrumbList\",\"@id\":\"https:\\\/\\\/www.minihorse.eu\\\/fr\\\/produit\\\/bridon-lifestyle\\\/#breadcrumb\",\"itemListElement\":[{\"@type\":\"ListItem\",\"position\":1,\"name\":\"Home\",\"item\":\"https:\\\/\\\/www.minihorse.eu\\\/fr\\\/accueil\\\/\"},{\"@type\":\"ListItem\",\"position\":2,\"name\":\"Boutique\",\"item\":\"https:\\\/\\\/www.minihorse.eu\\\/fr\\\/boutique\\\/\"},{\"@type\":\"ListItem\",\"position\":3,\"name\":\"Bridon Lifestyle\"}]},{\"@type\":\"WebSite\",\"@id\":\"https:\\\/\\\/www.minihorse.eu\\\/#website\",\"url\":\"https:\\\/\\\/www.minihorse.eu\\\/\",\"name\":\"Minihorse.eu\",\"description\":\"The #1 store for Miniature Horses\",\"publisher\":{\"@id\":\"https:\\\/\\\/www.minihorse.eu\\\/#organization\"},\"potentialAction\":[{\"@type\":\"SearchAction\",\"target\":{\"@type\":\"EntryPoint\",\"urlTemplate\":\"https:\\\/\\\/www.minihorse.eu\\\/?s={search_term_string}\"},\"query-input\":{\"@type\":\"PropertyValueSpecification\",\"valueRequired\":true,\"valueName\":\"search_term_string\"}}],\"inLanguage\":\"fr-FR\"},{\"@type\":\"Organization\",\"@id\":\"https:\\\/\\\/www.minihorse.eu\\\/#organization\",\"name\":\"Minihorse.eu\",\"url\":\"https:\\\/\\\/www.minihorse.eu\\\/\",\"logo\":{\"@type\":\"ImageObject\",\"inLanguage\":\"fr-FR\",\"@id\":\"https:\\\/\\\/www.minihorse.eu\\\/#\\\/schema\\\/logo\\\/image\\\/\",\"url\":\"https:\\\/\\\/www.minihorse.eu\\\/wp-content\\\/uploads\\\/2024\\\/08\\\/Logo-minihorse-ext.png\",\"contentUrl\":\"https:\\\/\\\/www.minihorse.eu\\\/wp-content\\\/uploads\\\/2024\\\/08\\\/Logo-minihorse-ext.png\",\"width\":500,\"height\":500,\"caption\":\"Minihorse.eu\"},\"image\":{\"@id\":\"https:\\\/\\\/www.minihorse.eu\\\/#\\\/schema\\\/logo\\\/image\\\/\"},\"sameAs\":[\"https:\\\/\\\/www.facebook.com\\\/profile.php?id=100063487117479\"]}]}<\/script>\n<!-- \/ Yoast SEO plugin. -->","yoast_head_json":{"title":"Bridon Lifestyle - Minihorse.eu","description":"Bridon Lifestyle - bride en cuir l\u00e9g\u00e8rement rembourr\u00e9e pour mini-cheval, minishet et shetland avec muserolle combin\u00e9e et ferrures en fer nickel\u00e9.","robots":{"index":"index","follow":"follow","max-snippet":"max-snippet:-1","max-image-preview":"max-image-preview:large","max-video-preview":"max-video-preview:-1"},"canonical":"https:\/\/www.minihorse.eu\/fr\/produit\/bridon-lifestyle\/","og_locale":"fr_FR","og_type":"article","og_title":"Bridon Lifestyle - Minihorse.eu","og_description":"Bridon Lifestyle - bride en cuir l\u00e9g\u00e8rement rembourr\u00e9e pour mini-cheval, minishet et shetland avec muserolle combin\u00e9e et ferrures en fer nickel\u00e9.","og_url":"https:\/\/www.minihorse.eu\/fr\/produit\/bridon-lifestyle\/","og_site_name":"Minihorse.eu","article_publisher":"https:\/\/www.facebook.com\/profile.php?id=100063487117479","article_modified_time":"2025-09-25T07:07:43+00:00","og_image":[{"width":430,"height":320,"url":"https:\/\/www.minihorse.eu\/wp-content\/uploads\/2025\/09\/Hoofdstel-Lifestyle-bruin.jpg","type":"image\/jpeg"}],"twitter_card":"summary_large_image","schema":{"@context":"https:\/\/schema.org","@graph":[{"@type":"WebPage","@id":"https:\/\/www.minihorse.eu\/fr\/produit\/bridon-lifestyle\/","url":"https:\/\/www.minihorse.eu\/fr\/produit\/bridon-lifestyle\/","name":"Bridon Lifestyle - Minihorse.eu","isPartOf":{"@id":"https:\/\/www.minihorse.eu\/#website"},"primaryImageOfPage":{"@id":"https:\/\/www.minihorse.eu\/fr\/produit\/bridon-lifestyle\/#primaryimage"},"image":{"@id":"https:\/\/www.minihorse.eu\/fr\/produit\/bridon-lifestyle\/#primaryimage"},"thumbnailUrl":"https:\/\/www.minihorse.eu\/wp-content\/uploads\/2025\/09\/Hoofdstel-Lifestyle-bruin.jpg","datePublished":"2025-09-24T19:29:03+00:00","dateModified":"2025-09-25T07:07:43+00:00","description":"Bridon Lifestyle - bride en cuir l\u00e9g\u00e8rement rembourr\u00e9e pour mini-cheval, minishet et shetland avec muserolle combin\u00e9e et ferrures en fer nickel\u00e9.","breadcrumb":{"@id":"https:\/\/www.minihorse.eu\/fr\/produit\/bridon-lifestyle\/#breadcrumb"},"inLanguage":"fr-FR","potentialAction":[{"@type":"ReadAction","target":["https:\/\/www.minihorse.eu\/fr\/produit\/bridon-lifestyle\/"]}]},{"@type":"ImageObject","inLanguage":"fr-FR","@id":"https:\/\/www.minihorse.eu\/fr\/produit\/bridon-lifestyle\/#primaryimage","url":"https:\/\/www.minihorse.eu\/wp-content\/uploads\/2025\/09\/Hoofdstel-Lifestyle-bruin.jpg","contentUrl":"https:\/\/www.minihorse.eu\/wp-content\/uploads\/2025\/09\/Hoofdstel-Lifestyle-bruin.jpg","width":430,"height":320},{"@type":"BreadcrumbList","@id":"https:\/\/www.minihorse.eu\/fr\/produit\/bridon-lifestyle\/#breadcrumb","itemListElement":[{"@type":"ListItem","position":1,"name":"Home","item":"https:\/\/www.minihorse.eu\/fr\/accueil\/"},{"@type":"ListItem","position":2,"name":"Boutique","item":"https:\/\/www.minihorse.eu\/fr\/boutique\/"},{"@type":"ListItem","position":3,"name":"Bridon Lifestyle"}]},{"@type":"WebSite","@id":"https:\/\/www.minihorse.eu\/#website","url":"https:\/\/www.minihorse.eu\/","name":"Minihorse.eu","description":"The #1 store for Miniature Horses","publisher":{"@id":"https:\/\/www.minihorse.eu\/#organization"},"potentialAction":[{"@type":"SearchAction","target":{"@type":"EntryPoint","urlTemplate":"https:\/\/www.minihorse.eu\/?s={search_term_string}"},"query-input":{"@type":"PropertyValueSpecification","valueRequired":true,"valueName":"search_term_string"}}],"inLanguage":"fr-FR"},{"@type":"Organization","@id":"https:\/\/www.minihorse.eu\/#organization","name":"Minihorse.eu","url":"https:\/\/www.minihorse.eu\/","logo":{"@type":"ImageObject","inLanguage":"fr-FR","@id":"https:\/\/www.minihorse.eu\/#\/schema\/logo\/image\/","url":"https:\/\/www.minihorse.eu\/wp-content\/uploads\/2024\/08\/Logo-minihorse-ext.png","contentUrl":"https:\/\/www.minihorse.eu\/wp-content\/uploads\/2024\/08\/Logo-minihorse-ext.png","width":500,"height":500,"caption":"Minihorse.eu"},"image":{"@id":"https:\/\/www.minihorse.eu\/#\/schema\/logo\/image\/"},"sameAs":["https:\/\/www.facebook.com\/profile.php?id=100063487117479"]}]}},"jetpack_sharing_enabled":true,"_links":{"self":[{"href":"https:\/\/www.minihorse.eu\/fr\/wp-json\/wp\/v2\/product\/11751","targetHints":{"allow":["GET"]}}],"collection":[{"href":"https:\/\/www.minihorse.eu\/fr\/wp-json\/wp\/v2\/product"}],"about":[{"href":"https:\/\/www.minihorse.eu\/fr\/wp-json\/wp\/v2\/types\/product"}],"replies":[{"embeddable":true,"href":"https:\/\/www.minihorse.eu\/fr\/wp-json\/wp\/v2\/comments?post=11751"}],"wp:featuredmedia":[{"embeddable":true,"href":"https:\/\/www.minihorse.eu\/fr\/wp-json\/wp\/v2\/media\/11731"}],"wp:attachment":[{"href":"https:\/\/www.minihorse.eu\/fr\/wp-json\/wp\/v2\/media?parent=11751"}],"wp:term":[{"taxonomy":"product_brand","embeddable":true,"href":"https:\/\/www.minihorse.eu\/fr\/wp-json\/wp\/v2\/product_brand?post=11751"},{"taxonomy":"product_cat","embeddable":true,"href":"https:\/\/www.minihorse.eu\/fr\/wp-json\/wp\/v2\/product_cat?post=11751"},{"taxonomy":"product_tag","embeddable":true,"href":"https:\/\/www.minihorse.eu\/fr\/wp-json\/wp\/v2\/product_tag?post=11751"}],"curies":[{"name":"wp","href":"https:\/\/api.w.org\/{rel}","templated":true}]}}