{"id":11817,"date":"2025-09-30T15:36:15","date_gmt":"2025-09-30T15:36:15","guid":{"rendered":"https:\/\/www.minihorse.eu\/?post_type=product&#038;p=11817"},"modified":"2025-09-30T18:46:43","modified_gmt":"2025-09-30T18:46:43","slug":"licol-synthetique-avec-imprime","status":"publish","type":"product","link":"https:\/\/www.minihorse.eu\/fr\/produit\/licol-synthetique-avec-imprime\/","title":{"rendered":"Licol synth\u00e9tique avec imprim\u00e9"},"content":{"rendered":"<p class=\"whitespace-pre-wrap break-words\">Licol synth\u00e9tique avec imprim\u00e9 automnal pour chevaux miniatures. Taille Medium. R\u00e9glable au niveau du nez et de la t\u00eate pour un ajustement parfait.  <\/p>\n<p>1 pi\u00e8ce for \u20ac 7,00<\/p>\n<p>2 pi\u00e8ces &#8211; \u20ac 11,00<\/p>\n<p>3 pi\u00e8ces &#8211; \u20ac 13,50<\/p>\n","protected":false},"excerpt":{"rendered":"<p>Licol synth\u00e9tique avec imprim\u00e9 automnal pour chevaux miniatures. Taille Medium. R\u00e9glable au niveau du nez et de la t\u00eate pour un ajustement parfait.  <\/p>\n","protected":false},"featured_media":11824,"comment_status":"open","ping_status":"closed","template":"","meta":[],"product_brand":[],"product_cat":[187,297,242],"product_tag":[244,512,173],"class_list":{"0":"post-11817","1":"product","2":"type-product","3":"status-publish","4":"has-post-thumbnail","6":"product_cat-chevaux-miniatures","7":"product_cat-licols","8":"product_cat-licols-et-longes","9":"product_tag-chevaux-miniatures","10":"product_tag-licol-en-fourrure","11":"product_tag-licols","13":"first","14":"instock","15":"taxable","16":"shipping-taxable","17":"purchasable","18":"product-type-variable"},"yoast_head":"<!-- This site is optimized with the Yoast SEO plugin v27.5 - https:\/\/yoast.com\/product\/yoast-seo-wordpress\/ -->\n<title>Licol synth\u00e9tique avec imprim\u00e9 - Minihorse.eu<\/title>\n<meta name=\"description\" content=\"Licol synth\u00e9tique avec imprim\u00e9 automnal pour chevaux miniatures. Taille Medium. R\u00e9glable au niveau du nez et de la t\u00eate pour un ajustement parfait.\" \/>\n<meta name=\"robots\" content=\"index, follow, max-snippet:-1, max-image-preview:large, max-video-preview:-1\" \/>\n<link rel=\"canonical\" href=\"https:\/\/www.minihorse.eu\/fr\/produit\/licol-synthetique-avec-imprime\/\" \/>\n<meta property=\"og:locale\" content=\"fr_FR\" \/>\n<meta property=\"og:type\" content=\"article\" \/>\n<meta property=\"og:title\" content=\"Licol synth\u00e9tique avec imprim\u00e9 - Minihorse.eu\" \/>\n<meta property=\"og:description\" content=\"Licol synth\u00e9tique avec imprim\u00e9 automnal pour chevaux miniatures. Taille Medium. R\u00e9glable au niveau du nez et de la t\u00eate pour un ajustement parfait.\" \/>\n<meta property=\"og:url\" content=\"https:\/\/www.minihorse.eu\/fr\/produit\/licol-synthetique-avec-imprime\/\" \/>\n<meta property=\"og:site_name\" content=\"Minihorse.eu\" \/>\n<meta property=\"article:publisher\" content=\"https:\/\/www.facebook.com\/profile.php?id=100063487117479\" \/>\n<meta property=\"article:modified_time\" content=\"2025-09-30T18:46:43+00:00\" \/>\n<meta property=\"og:image\" content=\"https:\/\/www.minihorse.eu\/wp-content\/uploads\/2025\/09\/Halter-print-M.jpg\" \/>\n\t<meta property=\"og:image:width\" content=\"600\" \/>\n\t<meta property=\"og:image:height\" content=\"800\" \/>\n\t<meta property=\"og:image:type\" content=\"image\/jpeg\" \/>\n<meta name=\"twitter:card\" content=\"summary_large_image\" \/>\n<meta name=\"twitter:label1\" content=\"Dur\u00e9e de lecture estim\u00e9e\" \/>\n\t<meta name=\"twitter:data1\" content=\"1 minute\" \/>\n<script type=\"application\/ld+json\" class=\"yoast-schema-graph\">{\"@context\":\"https:\\\/\\\/schema.org\",\"@graph\":[{\"@type\":\"WebPage\",\"@id\":\"https:\\\/\\\/www.minihorse.eu\\\/fr\\\/produit\\\/licol-synthetique-avec-imprime\\\/\",\"url\":\"https:\\\/\\\/www.minihorse.eu\\\/fr\\\/produit\\\/licol-synthetique-avec-imprime\\\/\",\"name\":\"Licol synth\u00e9tique avec imprim\u00e9 - Minihorse.eu\",\"isPartOf\":{\"@id\":\"https:\\\/\\\/www.minihorse.eu\\\/#website\"},\"primaryImageOfPage\":{\"@id\":\"https:\\\/\\\/www.minihorse.eu\\\/fr\\\/produit\\\/licol-synthetique-avec-imprime\\\/#primaryimage\"},\"image\":{\"@id\":\"https:\\\/\\\/www.minihorse.eu\\\/fr\\\/produit\\\/licol-synthetique-avec-imprime\\\/#primaryimage\"},\"thumbnailUrl\":\"https:\\\/\\\/www.minihorse.eu\\\/wp-content\\\/uploads\\\/2025\\\/09\\\/Halter-print-M.jpg\",\"datePublished\":\"2025-09-30T15:36:15+00:00\",\"dateModified\":\"2025-09-30T18:46:43+00:00\",\"description\":\"Licol synth\u00e9tique avec imprim\u00e9 automnal pour chevaux miniatures. Taille Medium. R\u00e9glable au niveau du nez et de la t\u00eate pour un ajustement parfait.\",\"breadcrumb\":{\"@id\":\"https:\\\/\\\/www.minihorse.eu\\\/fr\\\/produit\\\/licol-synthetique-avec-imprime\\\/#breadcrumb\"},\"inLanguage\":\"fr-FR\",\"potentialAction\":[{\"@type\":\"ReadAction\",\"target\":[\"https:\\\/\\\/www.minihorse.eu\\\/fr\\\/produit\\\/licol-synthetique-avec-imprime\\\/\"]}]},{\"@type\":\"ImageObject\",\"inLanguage\":\"fr-FR\",\"@id\":\"https:\\\/\\\/www.minihorse.eu\\\/fr\\\/produit\\\/licol-synthetique-avec-imprime\\\/#primaryimage\",\"url\":\"https:\\\/\\\/www.minihorse.eu\\\/wp-content\\\/uploads\\\/2025\\\/09\\\/Halter-print-M.jpg\",\"contentUrl\":\"https:\\\/\\\/www.minihorse.eu\\\/wp-content\\\/uploads\\\/2025\\\/09\\\/Halter-print-M.jpg\",\"width\":600,\"height\":800},{\"@type\":\"BreadcrumbList\",\"@id\":\"https:\\\/\\\/www.minihorse.eu\\\/fr\\\/produit\\\/licol-synthetique-avec-imprime\\\/#breadcrumb\",\"itemListElement\":[{\"@type\":\"ListItem\",\"position\":1,\"name\":\"Home\",\"item\":\"https:\\\/\\\/www.minihorse.eu\\\/fr\\\/accueil\\\/\"},{\"@type\":\"ListItem\",\"position\":2,\"name\":\"Boutique\",\"item\":\"https:\\\/\\\/www.minihorse.eu\\\/fr\\\/boutique\\\/\"},{\"@type\":\"ListItem\",\"position\":3,\"name\":\"Licol synth\u00e9tique avec imprim\u00e9\"}]},{\"@type\":\"WebSite\",\"@id\":\"https:\\\/\\\/www.minihorse.eu\\\/#website\",\"url\":\"https:\\\/\\\/www.minihorse.eu\\\/\",\"name\":\"Minihorse.eu\",\"description\":\"The #1 store for Miniature Horses\",\"publisher\":{\"@id\":\"https:\\\/\\\/www.minihorse.eu\\\/#organization\"},\"potentialAction\":[{\"@type\":\"SearchAction\",\"target\":{\"@type\":\"EntryPoint\",\"urlTemplate\":\"https:\\\/\\\/www.minihorse.eu\\\/?s={search_term_string}\"},\"query-input\":{\"@type\":\"PropertyValueSpecification\",\"valueRequired\":true,\"valueName\":\"search_term_string\"}}],\"inLanguage\":\"fr-FR\"},{\"@type\":\"Organization\",\"@id\":\"https:\\\/\\\/www.minihorse.eu\\\/#organization\",\"name\":\"Minihorse.eu\",\"url\":\"https:\\\/\\\/www.minihorse.eu\\\/\",\"logo\":{\"@type\":\"ImageObject\",\"inLanguage\":\"fr-FR\",\"@id\":\"https:\\\/\\\/www.minihorse.eu\\\/#\\\/schema\\\/logo\\\/image\\\/\",\"url\":\"https:\\\/\\\/www.minihorse.eu\\\/wp-content\\\/uploads\\\/2024\\\/08\\\/Logo-minihorse-ext.png\",\"contentUrl\":\"https:\\\/\\\/www.minihorse.eu\\\/wp-content\\\/uploads\\\/2024\\\/08\\\/Logo-minihorse-ext.png\",\"width\":500,\"height\":500,\"caption\":\"Minihorse.eu\"},\"image\":{\"@id\":\"https:\\\/\\\/www.minihorse.eu\\\/#\\\/schema\\\/logo\\\/image\\\/\"},\"sameAs\":[\"https:\\\/\\\/www.facebook.com\\\/profile.php?id=100063487117479\"]}]}<\/script>\n<!-- \/ Yoast SEO plugin. -->","yoast_head_json":{"title":"Licol synth\u00e9tique avec imprim\u00e9 - Minihorse.eu","description":"Licol synth\u00e9tique avec imprim\u00e9 automnal pour chevaux miniatures. Taille Medium. R\u00e9glable au niveau du nez et de la t\u00eate pour un ajustement parfait.","robots":{"index":"index","follow":"follow","max-snippet":"max-snippet:-1","max-image-preview":"max-image-preview:large","max-video-preview":"max-video-preview:-1"},"canonical":"https:\/\/www.minihorse.eu\/fr\/produit\/licol-synthetique-avec-imprime\/","og_locale":"fr_FR","og_type":"article","og_title":"Licol synth\u00e9tique avec imprim\u00e9 - Minihorse.eu","og_description":"Licol synth\u00e9tique avec imprim\u00e9 automnal pour chevaux miniatures. Taille Medium. R\u00e9glable au niveau du nez et de la t\u00eate pour un ajustement parfait.","og_url":"https:\/\/www.minihorse.eu\/fr\/produit\/licol-synthetique-avec-imprime\/","og_site_name":"Minihorse.eu","article_publisher":"https:\/\/www.facebook.com\/profile.php?id=100063487117479","article_modified_time":"2025-09-30T18:46:43+00:00","og_image":[{"width":600,"height":800,"url":"https:\/\/www.minihorse.eu\/wp-content\/uploads\/2025\/09\/Halter-print-M.jpg","type":"image\/jpeg"}],"twitter_card":"summary_large_image","twitter_misc":{"Dur\u00e9e de lecture estim\u00e9e":"1 minute"},"schema":{"@context":"https:\/\/schema.org","@graph":[{"@type":"WebPage","@id":"https:\/\/www.minihorse.eu\/fr\/produit\/licol-synthetique-avec-imprime\/","url":"https:\/\/www.minihorse.eu\/fr\/produit\/licol-synthetique-avec-imprime\/","name":"Licol synth\u00e9tique avec imprim\u00e9 - Minihorse.eu","isPartOf":{"@id":"https:\/\/www.minihorse.eu\/#website"},"primaryImageOfPage":{"@id":"https:\/\/www.minihorse.eu\/fr\/produit\/licol-synthetique-avec-imprime\/#primaryimage"},"image":{"@id":"https:\/\/www.minihorse.eu\/fr\/produit\/licol-synthetique-avec-imprime\/#primaryimage"},"thumbnailUrl":"https:\/\/www.minihorse.eu\/wp-content\/uploads\/2025\/09\/Halter-print-M.jpg","datePublished":"2025-09-30T15:36:15+00:00","dateModified":"2025-09-30T18:46:43+00:00","description":"Licol synth\u00e9tique avec imprim\u00e9 automnal pour chevaux miniatures. Taille Medium. R\u00e9glable au niveau du nez et de la t\u00eate pour un ajustement parfait.","breadcrumb":{"@id":"https:\/\/www.minihorse.eu\/fr\/produit\/licol-synthetique-avec-imprime\/#breadcrumb"},"inLanguage":"fr-FR","potentialAction":[{"@type":"ReadAction","target":["https:\/\/www.minihorse.eu\/fr\/produit\/licol-synthetique-avec-imprime\/"]}]},{"@type":"ImageObject","inLanguage":"fr-FR","@id":"https:\/\/www.minihorse.eu\/fr\/produit\/licol-synthetique-avec-imprime\/#primaryimage","url":"https:\/\/www.minihorse.eu\/wp-content\/uploads\/2025\/09\/Halter-print-M.jpg","contentUrl":"https:\/\/www.minihorse.eu\/wp-content\/uploads\/2025\/09\/Halter-print-M.jpg","width":600,"height":800},{"@type":"BreadcrumbList","@id":"https:\/\/www.minihorse.eu\/fr\/produit\/licol-synthetique-avec-imprime\/#breadcrumb","itemListElement":[{"@type":"ListItem","position":1,"name":"Home","item":"https:\/\/www.minihorse.eu\/fr\/accueil\/"},{"@type":"ListItem","position":2,"name":"Boutique","item":"https:\/\/www.minihorse.eu\/fr\/boutique\/"},{"@type":"ListItem","position":3,"name":"Licol synth\u00e9tique avec imprim\u00e9"}]},{"@type":"WebSite","@id":"https:\/\/www.minihorse.eu\/#website","url":"https:\/\/www.minihorse.eu\/","name":"Minihorse.eu","description":"The #1 store for Miniature Horses","publisher":{"@id":"https:\/\/www.minihorse.eu\/#organization"},"potentialAction":[{"@type":"SearchAction","target":{"@type":"EntryPoint","urlTemplate":"https:\/\/www.minihorse.eu\/?s={search_term_string}"},"query-input":{"@type":"PropertyValueSpecification","valueRequired":true,"valueName":"search_term_string"}}],"inLanguage":"fr-FR"},{"@type":"Organization","@id":"https:\/\/www.minihorse.eu\/#organization","name":"Minihorse.eu","url":"https:\/\/www.minihorse.eu\/","logo":{"@type":"ImageObject","inLanguage":"fr-FR","@id":"https:\/\/www.minihorse.eu\/#\/schema\/logo\/image\/","url":"https:\/\/www.minihorse.eu\/wp-content\/uploads\/2024\/08\/Logo-minihorse-ext.png","contentUrl":"https:\/\/www.minihorse.eu\/wp-content\/uploads\/2024\/08\/Logo-minihorse-ext.png","width":500,"height":500,"caption":"Minihorse.eu"},"image":{"@id":"https:\/\/www.minihorse.eu\/#\/schema\/logo\/image\/"},"sameAs":["https:\/\/www.facebook.com\/profile.php?id=100063487117479"]}]}},"jetpack_sharing_enabled":true,"_links":{"self":[{"href":"https:\/\/www.minihorse.eu\/fr\/wp-json\/wp\/v2\/product\/11817","targetHints":{"allow":["GET"]}}],"collection":[{"href":"https:\/\/www.minihorse.eu\/fr\/wp-json\/wp\/v2\/product"}],"about":[{"href":"https:\/\/www.minihorse.eu\/fr\/wp-json\/wp\/v2\/types\/product"}],"replies":[{"embeddable":true,"href":"https:\/\/www.minihorse.eu\/fr\/wp-json\/wp\/v2\/comments?post=11817"}],"wp:featuredmedia":[{"embeddable":true,"href":"https:\/\/www.minihorse.eu\/fr\/wp-json\/wp\/v2\/media\/11824"}],"wp:attachment":[{"href":"https:\/\/www.minihorse.eu\/fr\/wp-json\/wp\/v2\/media?parent=11817"}],"wp:term":[{"taxonomy":"product_brand","embeddable":true,"href":"https:\/\/www.minihorse.eu\/fr\/wp-json\/wp\/v2\/product_brand?post=11817"},{"taxonomy":"product_cat","embeddable":true,"href":"https:\/\/www.minihorse.eu\/fr\/wp-json\/wp\/v2\/product_cat?post=11817"},{"taxonomy":"product_tag","embeddable":true,"href":"https:\/\/www.minihorse.eu\/fr\/wp-json\/wp\/v2\/product_tag?post=11817"}],"curies":[{"name":"wp","href":"https:\/\/api.w.org\/{rel}","templated":true}]}}