{"id":12019,"date":"2025-10-22T21:18:00","date_gmt":"2025-10-22T21:18:00","guid":{"rendered":"https:\/\/www.minihorse.eu\/?post_type=product&#038;p=12019"},"modified":"2026-01-10T23:41:40","modified_gmt":"2026-01-10T23:41:40","slug":"couverture-dhiver-avec-col-fixe-pour-chevaux-miniatures-300g-copy-2","status":"publish","type":"product","link":"https:\/\/www.minihorse.eu\/fr\/produit\/couverture-dhiver-avec-col-fixe-pour-chevaux-miniatures-300g-copy-2\/","title":{"rendered":"Couverture d&rsquo;hiver \u00e0 col fixe 500 grammes"},"content":{"rendered":"<p>Gardez votre cheval miniature au chaud et enti\u00e8rement prot\u00e9g\u00e9 avec notre <strong>couverture d&rsquo;hiver \u00e0 encolure fixe.<\/strong> La <strong>couverture \u00e0 encolure fixe<\/strong> offre une protection suppl\u00e9mentaire contre le vent et la pluie.<\/p>\n<ul>\n<li>Polyester 600D ripstop imperm\u00e9able pour la durabilit\u00e9 et la r\u00e9sistance aux intemp\u00e9ries.<\/li>\n<li>Rembourrage de 500 g pour plus de chaleur, parfait pour les froides journ\u00e9es d&rsquo;hiver.<\/li>\n<li>Fermeture de poitrine avec deux boucles r\u00e9glables et du velcro pour un ajustement s\u00fbr et confortable.<\/li>\n<li>Sursingles crois\u00e9es avec bouchons en caoutchouc, protection de la queue et sangles de jambe pour maintenir la couverture en place et \u00e9viter qu&rsquo;elle ne se d\u00e9place.<\/li>\n<\/ul>\n<p>Peut-\u00eatre avez-vous besoin <a href=\"https:\/\/www.minihorse.eu\/fr\/categorie-produit\/chevaux-miniatures\/couvertures\/accessoires-pour-tapis\/\">d&rsquo;accessoires de couverture<\/a><\/p>\n","protected":false},"excerpt":{"rendered":"<p>Cet hiver, votre cheval miniature sera bien couvert gr\u00e2ce \u00e0 notre <strong>couverture d\u2019hiver \u00e0 col fixe<\/strong>. Dot\u00e9e d\u2019un polyester 600D ripstop imperm\u00e9able, d\u2019un rembourrage de 500g et d\u2019un couvre-cou fixe, elle offre chaleur et protection. Elle comprend des sangles crois\u00e9es, des boucles de poitrail, une protection de la queue et des courroies de jambe pour un port s\u00fbr tout au long de la journ\u00e9e!  <\/p>\n","protected":false},"featured_media":9995,"comment_status":"open","ping_status":"closed","template":"","meta":[],"product_brand":[],"product_cat":[187,205,194],"product_tag":[849,196,1265,195],"class_list":{"0":"post-12019","1":"product","2":"type-product","3":"status-publish","4":"has-post-thumbnail","6":"product_cat-chevaux-miniatures","7":"product_cat-couvertures","8":"product_cat-couvertures-dhiver","9":"product_tag-couverture-dhiver-fr","10":"product_tag-couverture-dhiver","11":"product_tag-minihorseshop-fr","12":"product_tag-tapis-fr","14":"first","15":"instock","16":"taxable","17":"shipping-taxable","18":"purchasable","19":"product-type-variable"},"yoast_head":"<!-- This site is optimized with the Yoast SEO plugin v27.5 - https:\/\/yoast.com\/product\/yoast-seo-wordpress\/ -->\n<title>Couverture d&#039;hiver \u00e0 col fixe 500 grammes - Minihorse.eu<\/title>\n<meta name=\"description\" content=\"Couverture d&#039;hiver avec col fixe 500 grammes de rembourrage pour garder votre cheval miniature au chaud et le prot\u00e9ger du vent et de la pluie. Polyester 600D ripstop imperm\u00e9able.\" \/>\n<meta name=\"robots\" content=\"index, follow, max-snippet:-1, max-image-preview:large, max-video-preview:-1\" \/>\n<link rel=\"canonical\" href=\"https:\/\/www.minihorse.eu\/fr\/produit\/couverture-dhiver-avec-col-fixe-pour-chevaux-miniatures-300g-copy-2\/\" \/>\n<meta property=\"og:locale\" content=\"fr_FR\" \/>\n<meta property=\"og:type\" content=\"article\" \/>\n<meta property=\"og:title\" content=\"Couverture d&#039;hiver \u00e0 col fixe 500 grammes - Minihorse.eu\" \/>\n<meta property=\"og:description\" content=\"Couverture d&#039;hiver avec col fixe 500 grammes de rembourrage pour garder votre cheval miniature au chaud et le prot\u00e9ger du vent et de la pluie. Polyester 600D ripstop imperm\u00e9able.\" \/>\n<meta property=\"og:url\" content=\"https:\/\/www.minihorse.eu\/fr\/produit\/couverture-dhiver-avec-col-fixe-pour-chevaux-miniatures-300g-copy-2\/\" \/>\n<meta property=\"og:site_name\" content=\"Minihorse.eu\" \/>\n<meta property=\"article:publisher\" content=\"https:\/\/www.facebook.com\/profile.php?id=100063487117479\" \/>\n<meta property=\"article:modified_time\" content=\"2026-01-10T23:41:40+00:00\" \/>\n<meta property=\"og:image\" content=\"https:\/\/www.minihorse.eu\/wp-content\/uploads\/2025\/01\/Winter-blanket-fixed-neck-300-gr-dark-blue.jpg\" \/>\n\t<meta property=\"og:image:width\" content=\"567\" \/>\n\t<meta property=\"og:image:height\" content=\"567\" \/>\n\t<meta property=\"og:image:type\" content=\"image\/jpeg\" \/>\n<meta name=\"twitter:card\" content=\"summary_large_image\" \/>\n<meta name=\"twitter:label1\" content=\"Dur\u00e9e de lecture estim\u00e9e\" \/>\n\t<meta name=\"twitter:data1\" content=\"1 minute\" \/>\n<script type=\"application\/ld+json\" class=\"yoast-schema-graph\">{\"@context\":\"https:\\\/\\\/schema.org\",\"@graph\":[{\"@type\":\"WebPage\",\"@id\":\"https:\\\/\\\/www.minihorse.eu\\\/fr\\\/produit\\\/couverture-dhiver-avec-col-fixe-pour-chevaux-miniatures-300g-copy-2\\\/\",\"url\":\"https:\\\/\\\/www.minihorse.eu\\\/fr\\\/produit\\\/couverture-dhiver-avec-col-fixe-pour-chevaux-miniatures-300g-copy-2\\\/\",\"name\":\"Couverture d'hiver \u00e0 col fixe 500 grammes - Minihorse.eu\",\"isPartOf\":{\"@id\":\"https:\\\/\\\/www.minihorse.eu\\\/#website\"},\"primaryImageOfPage\":{\"@id\":\"https:\\\/\\\/www.minihorse.eu\\\/fr\\\/produit\\\/couverture-dhiver-avec-col-fixe-pour-chevaux-miniatures-300g-copy-2\\\/#primaryimage\"},\"image\":{\"@id\":\"https:\\\/\\\/www.minihorse.eu\\\/fr\\\/produit\\\/couverture-dhiver-avec-col-fixe-pour-chevaux-miniatures-300g-copy-2\\\/#primaryimage\"},\"thumbnailUrl\":\"https:\\\/\\\/www.minihorse.eu\\\/wp-content\\\/uploads\\\/2025\\\/01\\\/Winter-blanket-fixed-neck-300-gr-dark-blue.jpg\",\"datePublished\":\"2025-10-22T21:18:00+00:00\",\"dateModified\":\"2026-01-10T23:41:40+00:00\",\"description\":\"Couverture d'hiver avec col fixe 500 grammes de rembourrage pour garder votre cheval miniature au chaud et le prot\u00e9ger du vent et de la pluie. Polyester 600D ripstop imperm\u00e9able.\",\"breadcrumb\":{\"@id\":\"https:\\\/\\\/www.minihorse.eu\\\/fr\\\/produit\\\/couverture-dhiver-avec-col-fixe-pour-chevaux-miniatures-300g-copy-2\\\/#breadcrumb\"},\"inLanguage\":\"fr-FR\",\"potentialAction\":[{\"@type\":\"ReadAction\",\"target\":[\"https:\\\/\\\/www.minihorse.eu\\\/fr\\\/produit\\\/couverture-dhiver-avec-col-fixe-pour-chevaux-miniatures-300g-copy-2\\\/\"]}]},{\"@type\":\"ImageObject\",\"inLanguage\":\"fr-FR\",\"@id\":\"https:\\\/\\\/www.minihorse.eu\\\/fr\\\/produit\\\/couverture-dhiver-avec-col-fixe-pour-chevaux-miniatures-300g-copy-2\\\/#primaryimage\",\"url\":\"https:\\\/\\\/www.minihorse.eu\\\/wp-content\\\/uploads\\\/2025\\\/01\\\/Winter-blanket-fixed-neck-300-gr-dark-blue.jpg\",\"contentUrl\":\"https:\\\/\\\/www.minihorse.eu\\\/wp-content\\\/uploads\\\/2025\\\/01\\\/Winter-blanket-fixed-neck-300-gr-dark-blue.jpg\",\"width\":567,\"height\":567},{\"@type\":\"BreadcrumbList\",\"@id\":\"https:\\\/\\\/www.minihorse.eu\\\/fr\\\/produit\\\/couverture-dhiver-avec-col-fixe-pour-chevaux-miniatures-300g-copy-2\\\/#breadcrumb\",\"itemListElement\":[{\"@type\":\"ListItem\",\"position\":1,\"name\":\"Home\",\"item\":\"https:\\\/\\\/www.minihorse.eu\\\/fr\\\/accueil\\\/\"},{\"@type\":\"ListItem\",\"position\":2,\"name\":\"Boutique\",\"item\":\"https:\\\/\\\/www.minihorse.eu\\\/fr\\\/boutique\\\/\"},{\"@type\":\"ListItem\",\"position\":3,\"name\":\"Couverture d&rsquo;hiver \u00e0 col fixe 500 grammes\"}]},{\"@type\":\"WebSite\",\"@id\":\"https:\\\/\\\/www.minihorse.eu\\\/#website\",\"url\":\"https:\\\/\\\/www.minihorse.eu\\\/\",\"name\":\"Minihorse.eu\",\"description\":\"The #1 store for Miniature Horses\",\"publisher\":{\"@id\":\"https:\\\/\\\/www.minihorse.eu\\\/#organization\"},\"potentialAction\":[{\"@type\":\"SearchAction\",\"target\":{\"@type\":\"EntryPoint\",\"urlTemplate\":\"https:\\\/\\\/www.minihorse.eu\\\/?s={search_term_string}\"},\"query-input\":{\"@type\":\"PropertyValueSpecification\",\"valueRequired\":true,\"valueName\":\"search_term_string\"}}],\"inLanguage\":\"fr-FR\"},{\"@type\":\"Organization\",\"@id\":\"https:\\\/\\\/www.minihorse.eu\\\/#organization\",\"name\":\"Minihorse.eu\",\"url\":\"https:\\\/\\\/www.minihorse.eu\\\/\",\"logo\":{\"@type\":\"ImageObject\",\"inLanguage\":\"fr-FR\",\"@id\":\"https:\\\/\\\/www.minihorse.eu\\\/#\\\/schema\\\/logo\\\/image\\\/\",\"url\":\"https:\\\/\\\/www.minihorse.eu\\\/wp-content\\\/uploads\\\/2024\\\/08\\\/Logo-minihorse-ext.png\",\"contentUrl\":\"https:\\\/\\\/www.minihorse.eu\\\/wp-content\\\/uploads\\\/2024\\\/08\\\/Logo-minihorse-ext.png\",\"width\":500,\"height\":500,\"caption\":\"Minihorse.eu\"},\"image\":{\"@id\":\"https:\\\/\\\/www.minihorse.eu\\\/#\\\/schema\\\/logo\\\/image\\\/\"},\"sameAs\":[\"https:\\\/\\\/www.facebook.com\\\/profile.php?id=100063487117479\"]}]}<\/script>\n<!-- \/ Yoast SEO plugin. -->","yoast_head_json":{"title":"Couverture d'hiver \u00e0 col fixe 500 grammes - Minihorse.eu","description":"Couverture d'hiver avec col fixe 500 grammes de rembourrage pour garder votre cheval miniature au chaud et le prot\u00e9ger du vent et de la pluie. Polyester 600D ripstop imperm\u00e9able.","robots":{"index":"index","follow":"follow","max-snippet":"max-snippet:-1","max-image-preview":"max-image-preview:large","max-video-preview":"max-video-preview:-1"},"canonical":"https:\/\/www.minihorse.eu\/fr\/produit\/couverture-dhiver-avec-col-fixe-pour-chevaux-miniatures-300g-copy-2\/","og_locale":"fr_FR","og_type":"article","og_title":"Couverture d'hiver \u00e0 col fixe 500 grammes - Minihorse.eu","og_description":"Couverture d'hiver avec col fixe 500 grammes de rembourrage pour garder votre cheval miniature au chaud et le prot\u00e9ger du vent et de la pluie. Polyester 600D ripstop imperm\u00e9able.","og_url":"https:\/\/www.minihorse.eu\/fr\/produit\/couverture-dhiver-avec-col-fixe-pour-chevaux-miniatures-300g-copy-2\/","og_site_name":"Minihorse.eu","article_publisher":"https:\/\/www.facebook.com\/profile.php?id=100063487117479","article_modified_time":"2026-01-10T23:41:40+00:00","og_image":[{"width":567,"height":567,"url":"https:\/\/www.minihorse.eu\/wp-content\/uploads\/2025\/01\/Winter-blanket-fixed-neck-300-gr-dark-blue.jpg","type":"image\/jpeg"}],"twitter_card":"summary_large_image","twitter_misc":{"Dur\u00e9e de lecture estim\u00e9e":"1 minute"},"schema":{"@context":"https:\/\/schema.org","@graph":[{"@type":"WebPage","@id":"https:\/\/www.minihorse.eu\/fr\/produit\/couverture-dhiver-avec-col-fixe-pour-chevaux-miniatures-300g-copy-2\/","url":"https:\/\/www.minihorse.eu\/fr\/produit\/couverture-dhiver-avec-col-fixe-pour-chevaux-miniatures-300g-copy-2\/","name":"Couverture d'hiver \u00e0 col fixe 500 grammes - Minihorse.eu","isPartOf":{"@id":"https:\/\/www.minihorse.eu\/#website"},"primaryImageOfPage":{"@id":"https:\/\/www.minihorse.eu\/fr\/produit\/couverture-dhiver-avec-col-fixe-pour-chevaux-miniatures-300g-copy-2\/#primaryimage"},"image":{"@id":"https:\/\/www.minihorse.eu\/fr\/produit\/couverture-dhiver-avec-col-fixe-pour-chevaux-miniatures-300g-copy-2\/#primaryimage"},"thumbnailUrl":"https:\/\/www.minihorse.eu\/wp-content\/uploads\/2025\/01\/Winter-blanket-fixed-neck-300-gr-dark-blue.jpg","datePublished":"2025-10-22T21:18:00+00:00","dateModified":"2026-01-10T23:41:40+00:00","description":"Couverture d'hiver avec col fixe 500 grammes de rembourrage pour garder votre cheval miniature au chaud et le prot\u00e9ger du vent et de la pluie. Polyester 600D ripstop imperm\u00e9able.","breadcrumb":{"@id":"https:\/\/www.minihorse.eu\/fr\/produit\/couverture-dhiver-avec-col-fixe-pour-chevaux-miniatures-300g-copy-2\/#breadcrumb"},"inLanguage":"fr-FR","potentialAction":[{"@type":"ReadAction","target":["https:\/\/www.minihorse.eu\/fr\/produit\/couverture-dhiver-avec-col-fixe-pour-chevaux-miniatures-300g-copy-2\/"]}]},{"@type":"ImageObject","inLanguage":"fr-FR","@id":"https:\/\/www.minihorse.eu\/fr\/produit\/couverture-dhiver-avec-col-fixe-pour-chevaux-miniatures-300g-copy-2\/#primaryimage","url":"https:\/\/www.minihorse.eu\/wp-content\/uploads\/2025\/01\/Winter-blanket-fixed-neck-300-gr-dark-blue.jpg","contentUrl":"https:\/\/www.minihorse.eu\/wp-content\/uploads\/2025\/01\/Winter-blanket-fixed-neck-300-gr-dark-blue.jpg","width":567,"height":567},{"@type":"BreadcrumbList","@id":"https:\/\/www.minihorse.eu\/fr\/produit\/couverture-dhiver-avec-col-fixe-pour-chevaux-miniatures-300g-copy-2\/#breadcrumb","itemListElement":[{"@type":"ListItem","position":1,"name":"Home","item":"https:\/\/www.minihorse.eu\/fr\/accueil\/"},{"@type":"ListItem","position":2,"name":"Boutique","item":"https:\/\/www.minihorse.eu\/fr\/boutique\/"},{"@type":"ListItem","position":3,"name":"Couverture d&rsquo;hiver \u00e0 col fixe 500 grammes"}]},{"@type":"WebSite","@id":"https:\/\/www.minihorse.eu\/#website","url":"https:\/\/www.minihorse.eu\/","name":"Minihorse.eu","description":"The #1 store for Miniature Horses","publisher":{"@id":"https:\/\/www.minihorse.eu\/#organization"},"potentialAction":[{"@type":"SearchAction","target":{"@type":"EntryPoint","urlTemplate":"https:\/\/www.minihorse.eu\/?s={search_term_string}"},"query-input":{"@type":"PropertyValueSpecification","valueRequired":true,"valueName":"search_term_string"}}],"inLanguage":"fr-FR"},{"@type":"Organization","@id":"https:\/\/www.minihorse.eu\/#organization","name":"Minihorse.eu","url":"https:\/\/www.minihorse.eu\/","logo":{"@type":"ImageObject","inLanguage":"fr-FR","@id":"https:\/\/www.minihorse.eu\/#\/schema\/logo\/image\/","url":"https:\/\/www.minihorse.eu\/wp-content\/uploads\/2024\/08\/Logo-minihorse-ext.png","contentUrl":"https:\/\/www.minihorse.eu\/wp-content\/uploads\/2024\/08\/Logo-minihorse-ext.png","width":500,"height":500,"caption":"Minihorse.eu"},"image":{"@id":"https:\/\/www.minihorse.eu\/#\/schema\/logo\/image\/"},"sameAs":["https:\/\/www.facebook.com\/profile.php?id=100063487117479"]}]}},"jetpack_sharing_enabled":true,"_links":{"self":[{"href":"https:\/\/www.minihorse.eu\/fr\/wp-json\/wp\/v2\/product\/12019","targetHints":{"allow":["GET"]}}],"collection":[{"href":"https:\/\/www.minihorse.eu\/fr\/wp-json\/wp\/v2\/product"}],"about":[{"href":"https:\/\/www.minihorse.eu\/fr\/wp-json\/wp\/v2\/types\/product"}],"replies":[{"embeddable":true,"href":"https:\/\/www.minihorse.eu\/fr\/wp-json\/wp\/v2\/comments?post=12019"}],"wp:featuredmedia":[{"embeddable":true,"href":"https:\/\/www.minihorse.eu\/fr\/wp-json\/wp\/v2\/media\/9995"}],"wp:attachment":[{"href":"https:\/\/www.minihorse.eu\/fr\/wp-json\/wp\/v2\/media?parent=12019"}],"wp:term":[{"taxonomy":"product_brand","embeddable":true,"href":"https:\/\/www.minihorse.eu\/fr\/wp-json\/wp\/v2\/product_brand?post=12019"},{"taxonomy":"product_cat","embeddable":true,"href":"https:\/\/www.minihorse.eu\/fr\/wp-json\/wp\/v2\/product_cat?post=12019"},{"taxonomy":"product_tag","embeddable":true,"href":"https:\/\/www.minihorse.eu\/fr\/wp-json\/wp\/v2\/product_tag?post=12019"}],"curies":[{"name":"wp","href":"https:\/\/api.w.org\/{rel}","templated":true}]}}