{"id":1227,"date":"2024-10-15T14:57:25","date_gmt":"2024-10-15T14:57:25","guid":{"rendered":"https:\/\/horselandshop.com\/product\/couverture-dhiver-avec-col-fixe-pour-chevaux-miniatures-300g\/"},"modified":"2026-01-28T22:58:58","modified_gmt":"2026-01-28T22:58:58","slug":"couverture-dhiver-avec-col-fixe-pour-chevaux-miniatures-300g","status":"publish","type":"product","link":"https:\/\/www.minihorse.eu\/fr\/produit\/couverture-dhiver-avec-col-fixe-pour-chevaux-miniatures-300g\/","title":{"rendered":"Couverture d&rsquo;hiver avec col fixe pour chevaux miniatures (300g)"},"content":{"rendered":"<p>Gardez votre cheval miniature bien au chaud et enti\u00e8rement prot\u00e9g\u00e9 cet hiver gr\u00e2ce \u00e0 notre <strong>couverture d&rsquo;hiver \u00e0 col fixe<\/strong>, con\u00e7ue pour fournir une couverture et une chaleur compl\u00e8tes. Fabriqu\u00e9e en <strong>polyester imperm\u00e9able ripstop 600 deniers<\/strong>, cette couverture offre durabilit\u00e9 et protection contre les intemp\u00e9ries, tandis que le <strong>rembourrage de 300 grammes<\/strong> garantit que votre cheval reste au chaud par temps froid. L&rsquo;<strong>encolure fixe<\/strong> offre une protection suppl\u00e9mentaire contre le vent et la pluie.  <\/p>\n<p><strong>Caract\u00e9ristiques principales :<\/strong><\/p>\n<ul>\n<li><strong>Polyester 600D ripstop imperm\u00e9able<\/strong> pour la durabilit\u00e9 et la r\u00e9sistance aux intemp\u00e9ries.<\/li>\n<li><strong>Rembourrage de 300 g<\/strong> pour une chaleur sans lourdeur, parfait pour les froides journ\u00e9es d&rsquo;hiver.<\/li>\n<li><strong>Couvre-nuque fixe<\/strong> pour une couverture compl\u00e8te et une protection suppl\u00e9mentaire.<\/li>\n<li><strong>Fermeture de poitrine<\/strong> avec deux boucles r\u00e9glables et du velcro pour un ajustement s\u00fbr et confortable.<\/li>\n<li><strong>Sangle crois\u00e9e avec bouchons en caoutchouc<\/strong>, <strong>protection de la queue<\/strong> et <strong>sangles de jambe<\/strong> pour maintenir la couverture en place et \u00e9viter qu&rsquo;elle ne se d\u00e9place.<\/li>\n<\/ul>\n<p>Cette couverture allie confort, durabilit\u00e9 et chaleur, ce qui en fait l&rsquo;accessoire d&rsquo;hiver id\u00e9al pour votre cheval miniature, que ce soit au pr\u00e9 ou \u00e0 l&rsquo;\u00e9curie.<\/p>\n","protected":false},"excerpt":{"rendered":"<p>Cet hiver, votre cheval miniature sera bien couvert gr\u00e2ce \u00e0 notre <strong>couverture d&rsquo;hiver \u00e0 encolure fixe<\/strong>. Dot\u00e9e d&rsquo;un <strong>polyester 600D ripstop imperm\u00e9able<\/strong>, d&rsquo;un <strong>rembourrage de 300g<\/strong> et d&rsquo;un <strong>couvre-cou fixe<\/strong>, elle offre chaleur et protection. Elle comprend des <strong>sangles crois\u00e9es<\/strong>, des <strong>boucles de poitrail<\/strong>, une <strong>protection de la queue<\/strong> et des <strong>courroies de jambe<\/strong> pour un port s\u00fbr tout au long de la journ\u00e9e !  <\/p>\n","protected":false},"featured_media":9995,"comment_status":"open","ping_status":"closed","template":"","meta":[],"product_brand":[],"product_cat":[187,205,194],"product_tag":[849,196,1265,195],"class_list":{"0":"post-1227","1":"product","2":"type-product","3":"status-publish","4":"has-post-thumbnail","6":"product_cat-chevaux-miniatures","7":"product_cat-couvertures","8":"product_cat-couvertures-dhiver","9":"product_tag-couverture-dhiver-fr","10":"product_tag-couverture-dhiver","11":"product_tag-minihorseshop-fr","12":"product_tag-tapis-fr","14":"first","15":"instock","16":"taxable","17":"shipping-taxable","18":"purchasable","19":"product-type-variable"},"yoast_head":"<!-- This site is optimized with the Yoast SEO plugin v27.6 - https:\/\/yoast.com\/product\/yoast-seo-wordpress\/ -->\n<title>Couverture d&#039;hiver avec col fixe pour chevaux miniatures (300g) - Minihorse.eu<\/title>\n<meta name=\"robots\" content=\"index, follow, max-snippet:-1, max-image-preview:large, max-video-preview:-1\" \/>\n<link rel=\"canonical\" href=\"https:\/\/www.minihorse.eu\/fr\/produit\/couverture-dhiver-avec-col-fixe-pour-chevaux-miniatures-300g\/\" \/>\n<meta property=\"og:locale\" content=\"fr_FR\" \/>\n<meta property=\"og:type\" content=\"article\" \/>\n<meta property=\"og:title\" content=\"Couverture d&#039;hiver avec col fixe pour chevaux miniatures (300g) - Minihorse.eu\" \/>\n<meta property=\"og:description\" content=\"Cet hiver, votre cheval miniature sera bien couvert gr\u00e2ce \u00e0 notre couverture d&#039;hiver \u00e0 encolure fixe. Dot\u00e9e d&#039;un polyester 600D ripstop imperm\u00e9able, d&#039;un rembourrage de 300g et d&#039;un couvre-cou fixe, elle offre chaleur et protection. Elle comprend des sangles crois\u00e9es, des boucles de poitrail, une protection de la queue et des courroies de jambe pour un port s\u00fbr tout au long de la journ\u00e9e !\" \/>\n<meta property=\"og:url\" content=\"https:\/\/www.minihorse.eu\/fr\/produit\/couverture-dhiver-avec-col-fixe-pour-chevaux-miniatures-300g\/\" \/>\n<meta property=\"og:site_name\" content=\"Minihorse.eu\" \/>\n<meta property=\"article:publisher\" content=\"https:\/\/www.facebook.com\/profile.php?id=100063487117479\" \/>\n<meta property=\"article:modified_time\" content=\"2026-01-28T22:58:58+00:00\" \/>\n<meta property=\"og:image\" content=\"https:\/\/www.minihorse.eu\/wp-content\/uploads\/2025\/01\/Winter-blanket-fixed-neck-300-gr-dark-blue.jpg\" \/>\n\t<meta property=\"og:image:width\" content=\"567\" \/>\n\t<meta property=\"og:image:height\" content=\"567\" \/>\n\t<meta property=\"og:image:type\" content=\"image\/jpeg\" \/>\n<meta name=\"twitter:card\" content=\"summary_large_image\" \/>\n<meta name=\"twitter:label1\" content=\"Dur\u00e9e de lecture estim\u00e9e\" \/>\n\t<meta name=\"twitter:data1\" content=\"1 minute\" \/>\n<script type=\"application\/ld+json\" class=\"yoast-schema-graph\">{\"@context\":\"https:\\\/\\\/schema.org\",\"@graph\":[{\"@type\":\"WebPage\",\"@id\":\"https:\\\/\\\/www.minihorse.eu\\\/fr\\\/produit\\\/couverture-dhiver-avec-col-fixe-pour-chevaux-miniatures-300g\\\/\",\"url\":\"https:\\\/\\\/www.minihorse.eu\\\/fr\\\/produit\\\/couverture-dhiver-avec-col-fixe-pour-chevaux-miniatures-300g\\\/\",\"name\":\"Couverture d'hiver avec col fixe pour chevaux miniatures (300g) - Minihorse.eu\",\"isPartOf\":{\"@id\":\"https:\\\/\\\/www.minihorse.eu\\\/#website\"},\"primaryImageOfPage\":{\"@id\":\"https:\\\/\\\/www.minihorse.eu\\\/fr\\\/produit\\\/couverture-dhiver-avec-col-fixe-pour-chevaux-miniatures-300g\\\/#primaryimage\"},\"image\":{\"@id\":\"https:\\\/\\\/www.minihorse.eu\\\/fr\\\/produit\\\/couverture-dhiver-avec-col-fixe-pour-chevaux-miniatures-300g\\\/#primaryimage\"},\"thumbnailUrl\":\"https:\\\/\\\/www.minihorse.eu\\\/wp-content\\\/uploads\\\/2025\\\/01\\\/Winter-blanket-fixed-neck-300-gr-dark-blue.jpg\",\"datePublished\":\"2024-10-15T14:57:25+00:00\",\"dateModified\":\"2026-01-28T22:58:58+00:00\",\"breadcrumb\":{\"@id\":\"https:\\\/\\\/www.minihorse.eu\\\/fr\\\/produit\\\/couverture-dhiver-avec-col-fixe-pour-chevaux-miniatures-300g\\\/#breadcrumb\"},\"inLanguage\":\"fr-FR\",\"potentialAction\":[{\"@type\":\"ReadAction\",\"target\":[\"https:\\\/\\\/www.minihorse.eu\\\/fr\\\/produit\\\/couverture-dhiver-avec-col-fixe-pour-chevaux-miniatures-300g\\\/\"]}]},{\"@type\":\"ImageObject\",\"inLanguage\":\"fr-FR\",\"@id\":\"https:\\\/\\\/www.minihorse.eu\\\/fr\\\/produit\\\/couverture-dhiver-avec-col-fixe-pour-chevaux-miniatures-300g\\\/#primaryimage\",\"url\":\"https:\\\/\\\/www.minihorse.eu\\\/wp-content\\\/uploads\\\/2025\\\/01\\\/Winter-blanket-fixed-neck-300-gr-dark-blue.jpg\",\"contentUrl\":\"https:\\\/\\\/www.minihorse.eu\\\/wp-content\\\/uploads\\\/2025\\\/01\\\/Winter-blanket-fixed-neck-300-gr-dark-blue.jpg\",\"width\":567,\"height\":567},{\"@type\":\"BreadcrumbList\",\"@id\":\"https:\\\/\\\/www.minihorse.eu\\\/fr\\\/produit\\\/couverture-dhiver-avec-col-fixe-pour-chevaux-miniatures-300g\\\/#breadcrumb\",\"itemListElement\":[{\"@type\":\"ListItem\",\"position\":1,\"name\":\"Home\",\"item\":\"https:\\\/\\\/www.minihorse.eu\\\/fr\\\/accueil\\\/\"},{\"@type\":\"ListItem\",\"position\":2,\"name\":\"Boutique\",\"item\":\"https:\\\/\\\/www.minihorse.eu\\\/fr\\\/boutique\\\/\"},{\"@type\":\"ListItem\",\"position\":3,\"name\":\"Couverture d&#8217;hiver avec col fixe pour chevaux miniatures (300g)\"}]},{\"@type\":\"WebSite\",\"@id\":\"https:\\\/\\\/www.minihorse.eu\\\/#website\",\"url\":\"https:\\\/\\\/www.minihorse.eu\\\/\",\"name\":\"Minihorse.eu\",\"description\":\"The #1 store for Miniature Horses\",\"publisher\":{\"@id\":\"https:\\\/\\\/www.minihorse.eu\\\/#organization\"},\"potentialAction\":[{\"@type\":\"SearchAction\",\"target\":{\"@type\":\"EntryPoint\",\"urlTemplate\":\"https:\\\/\\\/www.minihorse.eu\\\/?s={search_term_string}\"},\"query-input\":{\"@type\":\"PropertyValueSpecification\",\"valueRequired\":true,\"valueName\":\"search_term_string\"}}],\"inLanguage\":\"fr-FR\"},{\"@type\":\"Organization\",\"@id\":\"https:\\\/\\\/www.minihorse.eu\\\/#organization\",\"name\":\"Minihorse.eu\",\"url\":\"https:\\\/\\\/www.minihorse.eu\\\/\",\"logo\":{\"@type\":\"ImageObject\",\"inLanguage\":\"fr-FR\",\"@id\":\"https:\\\/\\\/www.minihorse.eu\\\/#\\\/schema\\\/logo\\\/image\\\/\",\"url\":\"https:\\\/\\\/www.minihorse.eu\\\/wp-content\\\/uploads\\\/2024\\\/08\\\/Logo-minihorse-ext.png\",\"contentUrl\":\"https:\\\/\\\/www.minihorse.eu\\\/wp-content\\\/uploads\\\/2024\\\/08\\\/Logo-minihorse-ext.png\",\"width\":500,\"height\":500,\"caption\":\"Minihorse.eu\"},\"image\":{\"@id\":\"https:\\\/\\\/www.minihorse.eu\\\/#\\\/schema\\\/logo\\\/image\\\/\"},\"sameAs\":[\"https:\\\/\\\/www.facebook.com\\\/profile.php?id=100063487117479\"]}]}<\/script>\n<!-- \/ Yoast SEO plugin. -->","yoast_head_json":{"title":"Couverture d'hiver avec col fixe pour chevaux miniatures (300g) - Minihorse.eu","robots":{"index":"index","follow":"follow","max-snippet":"max-snippet:-1","max-image-preview":"max-image-preview:large","max-video-preview":"max-video-preview:-1"},"canonical":"https:\/\/www.minihorse.eu\/fr\/produit\/couverture-dhiver-avec-col-fixe-pour-chevaux-miniatures-300g\/","og_locale":"fr_FR","og_type":"article","og_title":"Couverture d'hiver avec col fixe pour chevaux miniatures (300g) - Minihorse.eu","og_description":"Cet hiver, votre cheval miniature sera bien couvert gr\u00e2ce \u00e0 notre couverture d'hiver \u00e0 encolure fixe. Dot\u00e9e d'un polyester 600D ripstop imperm\u00e9able, d'un rembourrage de 300g et d'un couvre-cou fixe, elle offre chaleur et protection. Elle comprend des sangles crois\u00e9es, des boucles de poitrail, une protection de la queue et des courroies de jambe pour un port s\u00fbr tout au long de la journ\u00e9e !","og_url":"https:\/\/www.minihorse.eu\/fr\/produit\/couverture-dhiver-avec-col-fixe-pour-chevaux-miniatures-300g\/","og_site_name":"Minihorse.eu","article_publisher":"https:\/\/www.facebook.com\/profile.php?id=100063487117479","article_modified_time":"2026-01-28T22:58:58+00:00","og_image":[{"width":567,"height":567,"url":"https:\/\/www.minihorse.eu\/wp-content\/uploads\/2025\/01\/Winter-blanket-fixed-neck-300-gr-dark-blue.jpg","type":"image\/jpeg"}],"twitter_card":"summary_large_image","twitter_misc":{"Dur\u00e9e de lecture estim\u00e9e":"1 minute"},"schema":{"@context":"https:\/\/schema.org","@graph":[{"@type":"WebPage","@id":"https:\/\/www.minihorse.eu\/fr\/produit\/couverture-dhiver-avec-col-fixe-pour-chevaux-miniatures-300g\/","url":"https:\/\/www.minihorse.eu\/fr\/produit\/couverture-dhiver-avec-col-fixe-pour-chevaux-miniatures-300g\/","name":"Couverture d'hiver avec col fixe pour chevaux miniatures (300g) - Minihorse.eu","isPartOf":{"@id":"https:\/\/www.minihorse.eu\/#website"},"primaryImageOfPage":{"@id":"https:\/\/www.minihorse.eu\/fr\/produit\/couverture-dhiver-avec-col-fixe-pour-chevaux-miniatures-300g\/#primaryimage"},"image":{"@id":"https:\/\/www.minihorse.eu\/fr\/produit\/couverture-dhiver-avec-col-fixe-pour-chevaux-miniatures-300g\/#primaryimage"},"thumbnailUrl":"https:\/\/www.minihorse.eu\/wp-content\/uploads\/2025\/01\/Winter-blanket-fixed-neck-300-gr-dark-blue.jpg","datePublished":"2024-10-15T14:57:25+00:00","dateModified":"2026-01-28T22:58:58+00:00","breadcrumb":{"@id":"https:\/\/www.minihorse.eu\/fr\/produit\/couverture-dhiver-avec-col-fixe-pour-chevaux-miniatures-300g\/#breadcrumb"},"inLanguage":"fr-FR","potentialAction":[{"@type":"ReadAction","target":["https:\/\/www.minihorse.eu\/fr\/produit\/couverture-dhiver-avec-col-fixe-pour-chevaux-miniatures-300g\/"]}]},{"@type":"ImageObject","inLanguage":"fr-FR","@id":"https:\/\/www.minihorse.eu\/fr\/produit\/couverture-dhiver-avec-col-fixe-pour-chevaux-miniatures-300g\/#primaryimage","url":"https:\/\/www.minihorse.eu\/wp-content\/uploads\/2025\/01\/Winter-blanket-fixed-neck-300-gr-dark-blue.jpg","contentUrl":"https:\/\/www.minihorse.eu\/wp-content\/uploads\/2025\/01\/Winter-blanket-fixed-neck-300-gr-dark-blue.jpg","width":567,"height":567},{"@type":"BreadcrumbList","@id":"https:\/\/www.minihorse.eu\/fr\/produit\/couverture-dhiver-avec-col-fixe-pour-chevaux-miniatures-300g\/#breadcrumb","itemListElement":[{"@type":"ListItem","position":1,"name":"Home","item":"https:\/\/www.minihorse.eu\/fr\/accueil\/"},{"@type":"ListItem","position":2,"name":"Boutique","item":"https:\/\/www.minihorse.eu\/fr\/boutique\/"},{"@type":"ListItem","position":3,"name":"Couverture d&#8217;hiver avec col fixe pour chevaux miniatures (300g)"}]},{"@type":"WebSite","@id":"https:\/\/www.minihorse.eu\/#website","url":"https:\/\/www.minihorse.eu\/","name":"Minihorse.eu","description":"The #1 store for Miniature Horses","publisher":{"@id":"https:\/\/www.minihorse.eu\/#organization"},"potentialAction":[{"@type":"SearchAction","target":{"@type":"EntryPoint","urlTemplate":"https:\/\/www.minihorse.eu\/?s={search_term_string}"},"query-input":{"@type":"PropertyValueSpecification","valueRequired":true,"valueName":"search_term_string"}}],"inLanguage":"fr-FR"},{"@type":"Organization","@id":"https:\/\/www.minihorse.eu\/#organization","name":"Minihorse.eu","url":"https:\/\/www.minihorse.eu\/","logo":{"@type":"ImageObject","inLanguage":"fr-FR","@id":"https:\/\/www.minihorse.eu\/#\/schema\/logo\/image\/","url":"https:\/\/www.minihorse.eu\/wp-content\/uploads\/2024\/08\/Logo-minihorse-ext.png","contentUrl":"https:\/\/www.minihorse.eu\/wp-content\/uploads\/2024\/08\/Logo-minihorse-ext.png","width":500,"height":500,"caption":"Minihorse.eu"},"image":{"@id":"https:\/\/www.minihorse.eu\/#\/schema\/logo\/image\/"},"sameAs":["https:\/\/www.facebook.com\/profile.php?id=100063487117479"]}]}},"jetpack_sharing_enabled":true,"_links":{"self":[{"href":"https:\/\/www.minihorse.eu\/fr\/wp-json\/wp\/v2\/product\/1227","targetHints":{"allow":["GET"]}}],"collection":[{"href":"https:\/\/www.minihorse.eu\/fr\/wp-json\/wp\/v2\/product"}],"about":[{"href":"https:\/\/www.minihorse.eu\/fr\/wp-json\/wp\/v2\/types\/product"}],"replies":[{"embeddable":true,"href":"https:\/\/www.minihorse.eu\/fr\/wp-json\/wp\/v2\/comments?post=1227"}],"wp:featuredmedia":[{"embeddable":true,"href":"https:\/\/www.minihorse.eu\/fr\/wp-json\/wp\/v2\/media\/9995"}],"wp:attachment":[{"href":"https:\/\/www.minihorse.eu\/fr\/wp-json\/wp\/v2\/media?parent=1227"}],"wp:term":[{"taxonomy":"product_brand","embeddable":true,"href":"https:\/\/www.minihorse.eu\/fr\/wp-json\/wp\/v2\/product_brand?post=1227"},{"taxonomy":"product_cat","embeddable":true,"href":"https:\/\/www.minihorse.eu\/fr\/wp-json\/wp\/v2\/product_cat?post=1227"},{"taxonomy":"product_tag","embeddable":true,"href":"https:\/\/www.minihorse.eu\/fr\/wp-json\/wp\/v2\/product_tag?post=1227"}],"curies":[{"name":"wp","href":"https:\/\/api.w.org\/{rel}","templated":true}]}}