{"id":12367,"date":"2025-11-19T08:01:03","date_gmt":"2025-11-19T08:01:03","guid":{"rendered":"https:\/\/www.minihorse.eu\/product\/excellent-brosse-pour-queue-et-criniere\/"},"modified":"2025-11-19T08:01:03","modified_gmt":"2025-11-19T08:01:03","slug":"excellent-brosse-pour-queue-et-criniere","status":"publish","type":"product","link":"https:\/\/www.minihorse.eu\/fr\/produit\/excellent-brosse-pour-queue-et-criniere\/","title":{"rendered":"Excellent brosse pour queue et crini\u00e8re"},"content":{"rendered":"<p>Excellent brosse pour queue et crini\u00e8re est une brosse robuste sp\u00e9cialement con\u00e7ue pour les queues et les crini\u00e8res. Le manche tient confortablement dans la main pour vous permettre de toiletter correctement votre cheval. Dimensions : 23 x 8,50 x 6 cm. Couleurs : orange, rouge, rose.  Dimensions : 23 x 8,50 x 6 cm. Couleurs : orange, rouge, rose. <\/p>\n","protected":false},"excerpt":{"rendered":"<p>Excellent brosse pour queue et crini\u00e8re est une brosse sp\u00e9cialement con\u00e7ue pour les queues et les crini\u00e8res. Le manche tient confortablement dans la main pour vous permettre de toiletter correctement votre cheval. <\/p>\n","protected":false},"featured_media":12232,"comment_status":"open","ping_status":"closed","template":"","meta":[],"product_brand":[],"product_cat":[183],"product_tag":[1567,1164,1525],"class_list":{"0":"post-12367","1":"product","2":"type-product","3":"status-publish","4":"has-post-thumbnail","6":"product_cat-toilettage","7":"product_tag-brosse-pour-criniere","8":"product_tag-dux-brosse-pour-queue-et-criniere","9":"product_tag-soin-de-la-criniere-et-de-la-queue","11":"first","12":"instock","13":"taxable","14":"shipping-taxable","15":"purchasable","16":"product-type-variable"},"yoast_head":"<!-- This site is optimized with the Yoast SEO plugin v27.4 - https:\/\/yoast.com\/product\/yoast-seo-wordpress\/ -->\n<title>Excellent brosse pour queue et crini\u00e8re - Minihorse.eu<\/title>\n<meta name=\"description\" content=\"Excellent brosse pour queue et crini\u00e8re est une brosse sp\u00e9cialement con\u00e7ue pour les queues et les crini\u00e8res. Le manche tient confortablement dans la main pour vous permettre de toiletter correctement votre cheval.\" \/>\n<meta name=\"robots\" content=\"index, follow, max-snippet:-1, max-image-preview:large, max-video-preview:-1\" \/>\n<link rel=\"canonical\" href=\"https:\/\/www.minihorse.eu\/fr\/produit\/excellent-brosse-pour-queue-et-criniere\/\" \/>\n<meta property=\"og:locale\" content=\"fr_FR\" \/>\n<meta property=\"og:type\" content=\"article\" \/>\n<meta property=\"og:title\" content=\"Excellent brosse pour queue et crini\u00e8re - Minihorse.eu\" \/>\n<meta property=\"og:description\" content=\"Excellent brosse pour queue et crini\u00e8re est une brosse sp\u00e9cialement con\u00e7ue pour les queues et les crini\u00e8res. Le manche tient confortablement dans la main pour vous permettre de toiletter correctement votre cheval.\" \/>\n<meta property=\"og:url\" content=\"https:\/\/www.minihorse.eu\/fr\/produit\/excellent-brosse-pour-queue-et-criniere\/\" \/>\n<meta property=\"og:site_name\" content=\"Minihorse.eu\" \/>\n<meta property=\"article:publisher\" content=\"https:\/\/www.facebook.com\/profile.php?id=100063487117479\" \/>\n<meta property=\"og:image\" content=\"https:\/\/www.minihorse.eu\/wp-content\/uploads\/2025\/11\/Fun-staart-en-manenborstel-Orange.jpg\" \/>\n\t<meta property=\"og:image:width\" content=\"384\" \/>\n\t<meta property=\"og:image:height\" content=\"288\" \/>\n\t<meta property=\"og:image:type\" content=\"image\/jpeg\" \/>\n<meta name=\"twitter:card\" content=\"summary_large_image\" \/>\n<script type=\"application\/ld+json\" class=\"yoast-schema-graph\">{\"@context\":\"https:\\\/\\\/schema.org\",\"@graph\":[{\"@type\":\"WebPage\",\"@id\":\"https:\\\/\\\/www.minihorse.eu\\\/fr\\\/produit\\\/excellent-brosse-pour-queue-et-criniere\\\/\",\"url\":\"https:\\\/\\\/www.minihorse.eu\\\/fr\\\/produit\\\/excellent-brosse-pour-queue-et-criniere\\\/\",\"name\":\"Excellent brosse pour queue et crini\u00e8re - Minihorse.eu\",\"isPartOf\":{\"@id\":\"https:\\\/\\\/www.minihorse.eu\\\/#website\"},\"primaryImageOfPage\":{\"@id\":\"https:\\\/\\\/www.minihorse.eu\\\/fr\\\/produit\\\/excellent-brosse-pour-queue-et-criniere\\\/#primaryimage\"},\"image\":{\"@id\":\"https:\\\/\\\/www.minihorse.eu\\\/fr\\\/produit\\\/excellent-brosse-pour-queue-et-criniere\\\/#primaryimage\"},\"thumbnailUrl\":\"https:\\\/\\\/www.minihorse.eu\\\/wp-content\\\/uploads\\\/2025\\\/11\\\/Fun-staart-en-manenborstel-Orange.jpg\",\"datePublished\":\"2025-11-19T08:01:03+00:00\",\"description\":\"Excellent brosse pour queue et crini\u00e8re est une brosse sp\u00e9cialement con\u00e7ue pour les queues et les crini\u00e8res. Le manche tient confortablement dans la main pour vous permettre de toiletter correctement votre cheval.\",\"breadcrumb\":{\"@id\":\"https:\\\/\\\/www.minihorse.eu\\\/fr\\\/produit\\\/excellent-brosse-pour-queue-et-criniere\\\/#breadcrumb\"},\"inLanguage\":\"fr-FR\",\"potentialAction\":[{\"@type\":\"ReadAction\",\"target\":[\"https:\\\/\\\/www.minihorse.eu\\\/fr\\\/produit\\\/excellent-brosse-pour-queue-et-criniere\\\/\"]}]},{\"@type\":\"ImageObject\",\"inLanguage\":\"fr-FR\",\"@id\":\"https:\\\/\\\/www.minihorse.eu\\\/fr\\\/produit\\\/excellent-brosse-pour-queue-et-criniere\\\/#primaryimage\",\"url\":\"https:\\\/\\\/www.minihorse.eu\\\/wp-content\\\/uploads\\\/2025\\\/11\\\/Fun-staart-en-manenborstel-Orange.jpg\",\"contentUrl\":\"https:\\\/\\\/www.minihorse.eu\\\/wp-content\\\/uploads\\\/2025\\\/11\\\/Fun-staart-en-manenborstel-Orange.jpg\",\"width\":384,\"height\":288},{\"@type\":\"BreadcrumbList\",\"@id\":\"https:\\\/\\\/www.minihorse.eu\\\/fr\\\/produit\\\/excellent-brosse-pour-queue-et-criniere\\\/#breadcrumb\",\"itemListElement\":[{\"@type\":\"ListItem\",\"position\":1,\"name\":\"Home\",\"item\":\"https:\\\/\\\/www.minihorse.eu\\\/fr\\\/accueil\\\/\"},{\"@type\":\"ListItem\",\"position\":2,\"name\":\"Boutique\",\"item\":\"https:\\\/\\\/www.minihorse.eu\\\/fr\\\/boutique\\\/\"},{\"@type\":\"ListItem\",\"position\":3,\"name\":\"Excellent brosse pour queue et crini\u00e8re\"}]},{\"@type\":\"WebSite\",\"@id\":\"https:\\\/\\\/www.minihorse.eu\\\/#website\",\"url\":\"https:\\\/\\\/www.minihorse.eu\\\/\",\"name\":\"Minihorse.eu\",\"description\":\"The #1 store for Miniature Horses\",\"publisher\":{\"@id\":\"https:\\\/\\\/www.minihorse.eu\\\/#organization\"},\"potentialAction\":[{\"@type\":\"SearchAction\",\"target\":{\"@type\":\"EntryPoint\",\"urlTemplate\":\"https:\\\/\\\/www.minihorse.eu\\\/?s={search_term_string}\"},\"query-input\":{\"@type\":\"PropertyValueSpecification\",\"valueRequired\":true,\"valueName\":\"search_term_string\"}}],\"inLanguage\":\"fr-FR\"},{\"@type\":\"Organization\",\"@id\":\"https:\\\/\\\/www.minihorse.eu\\\/#organization\",\"name\":\"Minihorse.eu\",\"url\":\"https:\\\/\\\/www.minihorse.eu\\\/\",\"logo\":{\"@type\":\"ImageObject\",\"inLanguage\":\"fr-FR\",\"@id\":\"https:\\\/\\\/www.minihorse.eu\\\/#\\\/schema\\\/logo\\\/image\\\/\",\"url\":\"https:\\\/\\\/www.minihorse.eu\\\/wp-content\\\/uploads\\\/2024\\\/08\\\/Logo-minihorse-ext.png\",\"contentUrl\":\"https:\\\/\\\/www.minihorse.eu\\\/wp-content\\\/uploads\\\/2024\\\/08\\\/Logo-minihorse-ext.png\",\"width\":500,\"height\":500,\"caption\":\"Minihorse.eu\"},\"image\":{\"@id\":\"https:\\\/\\\/www.minihorse.eu\\\/#\\\/schema\\\/logo\\\/image\\\/\"},\"sameAs\":[\"https:\\\/\\\/www.facebook.com\\\/profile.php?id=100063487117479\"]}]}<\/script>\n<!-- \/ Yoast SEO plugin. -->","yoast_head_json":{"title":"Excellent brosse pour queue et crini\u00e8re - Minihorse.eu","description":"Excellent brosse pour queue et crini\u00e8re est une brosse sp\u00e9cialement con\u00e7ue pour les queues et les crini\u00e8res. Le manche tient confortablement dans la main pour vous permettre de toiletter correctement votre cheval.","robots":{"index":"index","follow":"follow","max-snippet":"max-snippet:-1","max-image-preview":"max-image-preview:large","max-video-preview":"max-video-preview:-1"},"canonical":"https:\/\/www.minihorse.eu\/fr\/produit\/excellent-brosse-pour-queue-et-criniere\/","og_locale":"fr_FR","og_type":"article","og_title":"Excellent brosse pour queue et crini\u00e8re - Minihorse.eu","og_description":"Excellent brosse pour queue et crini\u00e8re est une brosse sp\u00e9cialement con\u00e7ue pour les queues et les crini\u00e8res. Le manche tient confortablement dans la main pour vous permettre de toiletter correctement votre cheval.","og_url":"https:\/\/www.minihorse.eu\/fr\/produit\/excellent-brosse-pour-queue-et-criniere\/","og_site_name":"Minihorse.eu","article_publisher":"https:\/\/www.facebook.com\/profile.php?id=100063487117479","og_image":[{"width":384,"height":288,"url":"https:\/\/www.minihorse.eu\/wp-content\/uploads\/2025\/11\/Fun-staart-en-manenborstel-Orange.jpg","type":"image\/jpeg"}],"twitter_card":"summary_large_image","schema":{"@context":"https:\/\/schema.org","@graph":[{"@type":"WebPage","@id":"https:\/\/www.minihorse.eu\/fr\/produit\/excellent-brosse-pour-queue-et-criniere\/","url":"https:\/\/www.minihorse.eu\/fr\/produit\/excellent-brosse-pour-queue-et-criniere\/","name":"Excellent brosse pour queue et crini\u00e8re - Minihorse.eu","isPartOf":{"@id":"https:\/\/www.minihorse.eu\/#website"},"primaryImageOfPage":{"@id":"https:\/\/www.minihorse.eu\/fr\/produit\/excellent-brosse-pour-queue-et-criniere\/#primaryimage"},"image":{"@id":"https:\/\/www.minihorse.eu\/fr\/produit\/excellent-brosse-pour-queue-et-criniere\/#primaryimage"},"thumbnailUrl":"https:\/\/www.minihorse.eu\/wp-content\/uploads\/2025\/11\/Fun-staart-en-manenborstel-Orange.jpg","datePublished":"2025-11-19T08:01:03+00:00","description":"Excellent brosse pour queue et crini\u00e8re est une brosse sp\u00e9cialement con\u00e7ue pour les queues et les crini\u00e8res. Le manche tient confortablement dans la main pour vous permettre de toiletter correctement votre cheval.","breadcrumb":{"@id":"https:\/\/www.minihorse.eu\/fr\/produit\/excellent-brosse-pour-queue-et-criniere\/#breadcrumb"},"inLanguage":"fr-FR","potentialAction":[{"@type":"ReadAction","target":["https:\/\/www.minihorse.eu\/fr\/produit\/excellent-brosse-pour-queue-et-criniere\/"]}]},{"@type":"ImageObject","inLanguage":"fr-FR","@id":"https:\/\/www.minihorse.eu\/fr\/produit\/excellent-brosse-pour-queue-et-criniere\/#primaryimage","url":"https:\/\/www.minihorse.eu\/wp-content\/uploads\/2025\/11\/Fun-staart-en-manenborstel-Orange.jpg","contentUrl":"https:\/\/www.minihorse.eu\/wp-content\/uploads\/2025\/11\/Fun-staart-en-manenborstel-Orange.jpg","width":384,"height":288},{"@type":"BreadcrumbList","@id":"https:\/\/www.minihorse.eu\/fr\/produit\/excellent-brosse-pour-queue-et-criniere\/#breadcrumb","itemListElement":[{"@type":"ListItem","position":1,"name":"Home","item":"https:\/\/www.minihorse.eu\/fr\/accueil\/"},{"@type":"ListItem","position":2,"name":"Boutique","item":"https:\/\/www.minihorse.eu\/fr\/boutique\/"},{"@type":"ListItem","position":3,"name":"Excellent brosse pour queue et crini\u00e8re"}]},{"@type":"WebSite","@id":"https:\/\/www.minihorse.eu\/#website","url":"https:\/\/www.minihorse.eu\/","name":"Minihorse.eu","description":"The #1 store for Miniature Horses","publisher":{"@id":"https:\/\/www.minihorse.eu\/#organization"},"potentialAction":[{"@type":"SearchAction","target":{"@type":"EntryPoint","urlTemplate":"https:\/\/www.minihorse.eu\/?s={search_term_string}"},"query-input":{"@type":"PropertyValueSpecification","valueRequired":true,"valueName":"search_term_string"}}],"inLanguage":"fr-FR"},{"@type":"Organization","@id":"https:\/\/www.minihorse.eu\/#organization","name":"Minihorse.eu","url":"https:\/\/www.minihorse.eu\/","logo":{"@type":"ImageObject","inLanguage":"fr-FR","@id":"https:\/\/www.minihorse.eu\/#\/schema\/logo\/image\/","url":"https:\/\/www.minihorse.eu\/wp-content\/uploads\/2024\/08\/Logo-minihorse-ext.png","contentUrl":"https:\/\/www.minihorse.eu\/wp-content\/uploads\/2024\/08\/Logo-minihorse-ext.png","width":500,"height":500,"caption":"Minihorse.eu"},"image":{"@id":"https:\/\/www.minihorse.eu\/#\/schema\/logo\/image\/"},"sameAs":["https:\/\/www.facebook.com\/profile.php?id=100063487117479"]}]}},"jetpack_sharing_enabled":true,"_links":{"self":[{"href":"https:\/\/www.minihorse.eu\/fr\/wp-json\/wp\/v2\/product\/12367","targetHints":{"allow":["GET"]}}],"collection":[{"href":"https:\/\/www.minihorse.eu\/fr\/wp-json\/wp\/v2\/product"}],"about":[{"href":"https:\/\/www.minihorse.eu\/fr\/wp-json\/wp\/v2\/types\/product"}],"replies":[{"embeddable":true,"href":"https:\/\/www.minihorse.eu\/fr\/wp-json\/wp\/v2\/comments?post=12367"}],"wp:featuredmedia":[{"embeddable":true,"href":"https:\/\/www.minihorse.eu\/fr\/wp-json\/wp\/v2\/media\/12232"}],"wp:attachment":[{"href":"https:\/\/www.minihorse.eu\/fr\/wp-json\/wp\/v2\/media?parent=12367"}],"wp:term":[{"taxonomy":"product_brand","embeddable":true,"href":"https:\/\/www.minihorse.eu\/fr\/wp-json\/wp\/v2\/product_brand?post=12367"},{"taxonomy":"product_cat","embeddable":true,"href":"https:\/\/www.minihorse.eu\/fr\/wp-json\/wp\/v2\/product_cat?post=12367"},{"taxonomy":"product_tag","embeddable":true,"href":"https:\/\/www.minihorse.eu\/fr\/wp-json\/wp\/v2\/product_tag?post=12367"}],"curies":[{"name":"wp","href":"https:\/\/api.w.org\/{rel}","templated":true}]}}