{"id":12390,"date":"2025-09-24T18:40:22","date_gmt":"2025-09-24T18:40:22","guid":{"rendered":"https:\/\/www.minihorse.eu\/product\/mors-a-anneaux-en-d-10-cm-avec-chaine\/"},"modified":"2025-09-24T18:40:22","modified_gmt":"2025-09-24T18:40:22","slug":"mors-a-anneaux-en-d-10-cm-avec-chaine","status":"publish","type":"product","link":"https:\/\/www.minihorse.eu\/fr\/produit\/mors-a-anneaux-en-d-10-cm-avec-chaine\/","title":{"rendered":"Mors \u00e0 anneaux en D 10 cm avec cha\u00eene"},"content":{"rendered":"<article class=\"text-token-text-primary w-full focus:outline-none scroll-mt-[calc(var(--header-height)+min(200px,max(70px,20svh)))]\" dir=\"auto\" tabindex=\"-1\" data-turn-id=\"request-WEB:eecba39e-7f53-489a-bea5-25a7101d00a4-0\" data-testid=\"conversation-turn-2\" data-scroll-anchor=\"false\" data-turn=\"assistant\">\n<div class=\"text-base my-auto mx-auto [--thread-content-margin:--spacing(4)] thread-sm:[--thread-content-margin:--spacing(6)] thread-lg:[--thread-content-margin:--spacing(16)] px-(--thread-content-margin)\">\n<div class=\"[--thread-content-max-width:40rem] thread-lg:[--thread-content-max-width:48rem] mx-auto max-w-(--thread-content-max-width) flex-1 group\/turn-messages focus-visible:outline-hidden relative flex w-full min-w-0 flex-col agent-turn\" tabindex=\"-1\">\n<div class=\"flex max-w-full flex-col grow\">\n<div class=\"min-h-8 text-message relative flex w-full flex-col items-end gap-2 text-start break-words whitespace-normal [.text-message+&amp;]:mt-5\" dir=\"auto\" data-message-author-role=\"assistant\" data-message-id=\"14690a17-5668-4808-8a9b-67e4e1f562b5\" data-message-model-slug=\"gpt-4o\">\n<div class=\"flex w-full flex-col gap-1 empty:hidden first:pt-[3px]\">\n<div class=\"markdown prose dark:prose-invert w-full break-words light markdown-new-styling\">\n<p data-start=\"180\" data-end=\"473\">Le mors \u00e0 anneaux en D est dot\u00e9 d&rsquo;un embouchure classique \u00e0 simple articulation, con\u00e7ue pour assurer une communication claire entre le cavalier et le cheval. Les anneaux en D fixes am\u00e9liorent le contr\u00f4le lat\u00e9ral et emp\u00eachent le mors de glisser dans la bouche du cheval, ce qui en fait un excellent choix pour les chevaux jeunes ou inexp\u00e9riment\u00e9s. <\/p>\n<p data-start=\"475\" data-end=\"739\">La gourmette incluse ajoute un l\u00e9ger effet de levier, encourageant le cheval \u00e0 baisser la t\u00eate et \u00e0 s&rsquo;engager correctement. Avec un embouchure de 10 cm, ce mors convient aux poneys ou aux chevaux de petite taille. Fabriqu\u00e9 \u00e0 partir de mat\u00e9riaux durables et adapt\u00e9s aux chevaux pour assurer \u00e0 la fois confort et long\u00e9vit\u00e9.  <\/p>\n<ul data-start=\"759\" data-end=\"1052\">\n<li data-start=\"759\" data-end=\"826\">\n<p data-start=\"761\" data-end=\"826\">Embouchure \u00e0 simple joint pour une pression directe et des signaux clairs.<\/p>\n<\/li>\n<li data-start=\"827\" data-end=\"884\">\n<p data-start=\"829\" data-end=\"884\">Anneaux en D fixes pour un contr\u00f4le lat\u00e9ral et une stabilit\u00e9 accrus.<\/p>\n<\/li>\n<li data-start=\"885\" data-end=\"948\">\n<p data-start=\"887\" data-end=\"948\">Cha\u00eene de mors pour un effet de levier doux et une correction de la position de la t\u00eate.<\/p>\n<\/li>\n<li data-start=\"949\" data-end=\"1006\">\n<p data-start=\"951\" data-end=\"1006\">Embouchure de 10 cm.<\/p>\n<\/li>\n<\/ul>\n<\/div>\n<\/div>\n<\/div>\n<\/div>\n<\/div>\n<\/div>\n<\/article>\n<article class=\"text-token-text-primary w-full focus:outline-none scroll-mt-(--header-height)\" dir=\"auto\" tabindex=\"-1\" data-turn-id=\"355eee87-1a36-45c6-949b-26316089e863\" data-testid=\"conversation-turn-3\" data-scroll-anchor=\"false\" data-turn=\"user\">\n<div class=\"text-base my-auto mx-auto pt-12 [--thread-content-margin:--spacing(4)] thread-sm:[--thread-content-margin:--spacing(6)] thread-lg:[--thread-content-margin:--spacing(16)] px-(--thread-content-margin)\">\n<div class=\"[--thread-content-max-width:40rem] thread-lg:[--thread-content-max-width:48rem] mx-auto max-w-(--thread-content-max-width) flex-1 group\/turn-messages focus-visible:outline-hidden relative flex w-full min-w-0 flex-col\" tabindex=\"-1\">\n<div class=\"flex max-w-full flex-col grow\">\n<div class=\"min-h-8 text-message relative flex w-full flex-col items-end gap-2 text-start break-words whitespace-normal [.text-message+&amp;]:mt-5\" dir=\"auto\" data-message-author-role=\"user\" data-message-id=\"355eee87-1a36-45c6-949b-26316089e863\">\n<div class=\"flex w-full flex-col gap-1 empty:hidden items-end rtl:items-start\">\n<div class=\"user-message-bubble-color relative rounded-[18px] px-4 py-1.5 data-[multiline]:py-3 max-w-[var(--user-chat-width,70%)]\">\n<div class=\"whitespace-pre-wrap\"><\/div>\n<\/div>\n<\/div>\n<\/div>\n<\/div>\n<\/div>\n<\/div>\n<\/article>\n","protected":false},"excerpt":{"rendered":"<p>Le mors \u00e0 anneaux en D avec cha\u00eene de mors est dot\u00e9 d&rsquo;un embout \u00e0 simple articulation pour une communication claire et un contr\u00f4le en douceur. Les anneaux en D fixes assurent la stabilit\u00e9, tandis que la cha\u00eene de mors ajoute un l\u00e9ger effet de levier pour encourager une position correcte de la t\u00eate. Id\u00e9al pour les poneys ou les petits chevaux. Embout de 10 cm.   <\/p>\n","protected":false},"featured_media":11514,"comment_status":"open","ping_status":"closed","template":"","meta":[],"product_brand":[],"product_cat":[217],"product_tag":[1575,1576],"class_list":{"0":"post-12390","1":"product","2":"type-product","3":"status-publish","4":"has-post-thumbnail","6":"product_cat-filets-et-mors","7":"product_tag-d-trens","8":"product_tag-mors-a-anneaux-en-d","10":"first","11":"instock","12":"taxable","13":"shipping-taxable","14":"purchasable","15":"product-type-simple"},"yoast_head":"<!-- This site is optimized with the Yoast SEO plugin v27.4 - https:\/\/yoast.com\/product\/yoast-seo-wordpress\/ -->\n<title>Mors \u00e0 anneaux en D 10 cm avec cha\u00eene - Minihorse.eu<\/title>\n<meta name=\"description\" content=\"Le mors \u00e0 anneaux en D avec gourmette est dot\u00e9 d&#039;un embouchure simple articulation de 10 cm pour un contr\u00f4le en douceur et une bonne stabilit\u00e9. Les anneaux en D fixes assurent la stabilit\u00e9, tandis que la gourmette ajoute un l\u00e9ger effet de levier pour encourager un bon port de la t\u00eate.\" \/>\n<meta name=\"robots\" content=\"index, follow, max-snippet:-1, max-image-preview:large, max-video-preview:-1\" \/>\n<link rel=\"canonical\" href=\"https:\/\/www.minihorse.eu\/fr\/produit\/mors-a-anneaux-en-d-10-cm-avec-chaine\/\" \/>\n<meta property=\"og:locale\" content=\"fr_FR\" \/>\n<meta property=\"og:type\" content=\"article\" \/>\n<meta property=\"og:title\" content=\"Mors \u00e0 anneaux en D 10 cm avec cha\u00eene - Minihorse.eu\" \/>\n<meta property=\"og:description\" content=\"Le mors \u00e0 anneaux en D avec gourmette est dot\u00e9 d&#039;un embouchure simple articulation de 10 cm pour un contr\u00f4le en douceur et une bonne stabilit\u00e9. Les anneaux en D fixes assurent la stabilit\u00e9, tandis que la gourmette ajoute un l\u00e9ger effet de levier pour encourager un bon port de la t\u00eate.\" \/>\n<meta property=\"og:url\" content=\"https:\/\/www.minihorse.eu\/fr\/produit\/mors-a-anneaux-en-d-10-cm-avec-chaine\/\" \/>\n<meta property=\"og:site_name\" content=\"Minihorse.eu\" \/>\n<meta property=\"article:publisher\" content=\"https:\/\/www.facebook.com\/profile.php?id=100063487117479\" \/>\n<meta property=\"og:image\" content=\"https:\/\/www.minihorse.eu\/wp-content\/uploads\/2025\/09\/D-trens-1-gebroken.jpg\" \/>\n\t<meta property=\"og:image:width\" content=\"300\" \/>\n\t<meta property=\"og:image:height\" content=\"163\" \/>\n\t<meta property=\"og:image:type\" content=\"image\/jpeg\" \/>\n<meta name=\"twitter:card\" content=\"summary_large_image\" \/>\n<meta name=\"twitter:label1\" content=\"Dur\u00e9e de lecture estim\u00e9e\" \/>\n\t<meta name=\"twitter:data1\" content=\"1 minute\" \/>\n<script type=\"application\/ld+json\" class=\"yoast-schema-graph\">{\"@context\":\"https:\\\/\\\/schema.org\",\"@graph\":[{\"@type\":\"WebPage\",\"@id\":\"https:\\\/\\\/www.minihorse.eu\\\/fr\\\/produit\\\/mors-a-anneaux-en-d-10-cm-avec-chaine\\\/\",\"url\":\"https:\\\/\\\/www.minihorse.eu\\\/fr\\\/produit\\\/mors-a-anneaux-en-d-10-cm-avec-chaine\\\/\",\"name\":\"Mors \u00e0 anneaux en D 10 cm avec cha\u00eene - Minihorse.eu\",\"isPartOf\":{\"@id\":\"https:\\\/\\\/www.minihorse.eu\\\/#website\"},\"primaryImageOfPage\":{\"@id\":\"https:\\\/\\\/www.minihorse.eu\\\/fr\\\/produit\\\/mors-a-anneaux-en-d-10-cm-avec-chaine\\\/#primaryimage\"},\"image\":{\"@id\":\"https:\\\/\\\/www.minihorse.eu\\\/fr\\\/produit\\\/mors-a-anneaux-en-d-10-cm-avec-chaine\\\/#primaryimage\"},\"thumbnailUrl\":\"https:\\\/\\\/www.minihorse.eu\\\/wp-content\\\/uploads\\\/2025\\\/09\\\/D-trens-1-gebroken.jpg\",\"datePublished\":\"2025-09-24T18:40:22+00:00\",\"description\":\"Le mors \u00e0 anneaux en D avec gourmette est dot\u00e9 d'un embouchure simple articulation de 10 cm pour un contr\u00f4le en douceur et une bonne stabilit\u00e9. Les anneaux en D fixes assurent la stabilit\u00e9, tandis que la gourmette ajoute un l\u00e9ger effet de levier pour encourager un bon port de la t\u00eate.\",\"breadcrumb\":{\"@id\":\"https:\\\/\\\/www.minihorse.eu\\\/fr\\\/produit\\\/mors-a-anneaux-en-d-10-cm-avec-chaine\\\/#breadcrumb\"},\"inLanguage\":\"fr-FR\",\"potentialAction\":[{\"@type\":\"ReadAction\",\"target\":[\"https:\\\/\\\/www.minihorse.eu\\\/fr\\\/produit\\\/mors-a-anneaux-en-d-10-cm-avec-chaine\\\/\"]}]},{\"@type\":\"ImageObject\",\"inLanguage\":\"fr-FR\",\"@id\":\"https:\\\/\\\/www.minihorse.eu\\\/fr\\\/produit\\\/mors-a-anneaux-en-d-10-cm-avec-chaine\\\/#primaryimage\",\"url\":\"https:\\\/\\\/www.minihorse.eu\\\/wp-content\\\/uploads\\\/2025\\\/09\\\/D-trens-1-gebroken.jpg\",\"contentUrl\":\"https:\\\/\\\/www.minihorse.eu\\\/wp-content\\\/uploads\\\/2025\\\/09\\\/D-trens-1-gebroken.jpg\",\"width\":300,\"height\":163},{\"@type\":\"BreadcrumbList\",\"@id\":\"https:\\\/\\\/www.minihorse.eu\\\/fr\\\/produit\\\/mors-a-anneaux-en-d-10-cm-avec-chaine\\\/#breadcrumb\",\"itemListElement\":[{\"@type\":\"ListItem\",\"position\":1,\"name\":\"Home\",\"item\":\"https:\\\/\\\/www.minihorse.eu\\\/fr\\\/accueil\\\/\"},{\"@type\":\"ListItem\",\"position\":2,\"name\":\"Boutique\",\"item\":\"https:\\\/\\\/www.minihorse.eu\\\/fr\\\/boutique\\\/\"},{\"@type\":\"ListItem\",\"position\":3,\"name\":\"Mors \u00e0 anneaux en D 10 cm avec cha\u00eene\"}]},{\"@type\":\"WebSite\",\"@id\":\"https:\\\/\\\/www.minihorse.eu\\\/#website\",\"url\":\"https:\\\/\\\/www.minihorse.eu\\\/\",\"name\":\"Minihorse.eu\",\"description\":\"The #1 store for Miniature Horses\",\"publisher\":{\"@id\":\"https:\\\/\\\/www.minihorse.eu\\\/#organization\"},\"potentialAction\":[{\"@type\":\"SearchAction\",\"target\":{\"@type\":\"EntryPoint\",\"urlTemplate\":\"https:\\\/\\\/www.minihorse.eu\\\/?s={search_term_string}\"},\"query-input\":{\"@type\":\"PropertyValueSpecification\",\"valueRequired\":true,\"valueName\":\"search_term_string\"}}],\"inLanguage\":\"fr-FR\"},{\"@type\":\"Organization\",\"@id\":\"https:\\\/\\\/www.minihorse.eu\\\/#organization\",\"name\":\"Minihorse.eu\",\"url\":\"https:\\\/\\\/www.minihorse.eu\\\/\",\"logo\":{\"@type\":\"ImageObject\",\"inLanguage\":\"fr-FR\",\"@id\":\"https:\\\/\\\/www.minihorse.eu\\\/#\\\/schema\\\/logo\\\/image\\\/\",\"url\":\"https:\\\/\\\/www.minihorse.eu\\\/wp-content\\\/uploads\\\/2024\\\/08\\\/Logo-minihorse-ext.png\",\"contentUrl\":\"https:\\\/\\\/www.minihorse.eu\\\/wp-content\\\/uploads\\\/2024\\\/08\\\/Logo-minihorse-ext.png\",\"width\":500,\"height\":500,\"caption\":\"Minihorse.eu\"},\"image\":{\"@id\":\"https:\\\/\\\/www.minihorse.eu\\\/#\\\/schema\\\/logo\\\/image\\\/\"},\"sameAs\":[\"https:\\\/\\\/www.facebook.com\\\/profile.php?id=100063487117479\"]}]}<\/script>\n<!-- \/ Yoast SEO plugin. -->","yoast_head_json":{"title":"Mors \u00e0 anneaux en D 10 cm avec cha\u00eene - Minihorse.eu","description":"Le mors \u00e0 anneaux en D avec gourmette est dot\u00e9 d'un embouchure simple articulation de 10 cm pour un contr\u00f4le en douceur et une bonne stabilit\u00e9. Les anneaux en D fixes assurent la stabilit\u00e9, tandis que la gourmette ajoute un l\u00e9ger effet de levier pour encourager un bon port de la t\u00eate.","robots":{"index":"index","follow":"follow","max-snippet":"max-snippet:-1","max-image-preview":"max-image-preview:large","max-video-preview":"max-video-preview:-1"},"canonical":"https:\/\/www.minihorse.eu\/fr\/produit\/mors-a-anneaux-en-d-10-cm-avec-chaine\/","og_locale":"fr_FR","og_type":"article","og_title":"Mors \u00e0 anneaux en D 10 cm avec cha\u00eene - Minihorse.eu","og_description":"Le mors \u00e0 anneaux en D avec gourmette est dot\u00e9 d'un embouchure simple articulation de 10 cm pour un contr\u00f4le en douceur et une bonne stabilit\u00e9. Les anneaux en D fixes assurent la stabilit\u00e9, tandis que la gourmette ajoute un l\u00e9ger effet de levier pour encourager un bon port de la t\u00eate.","og_url":"https:\/\/www.minihorse.eu\/fr\/produit\/mors-a-anneaux-en-d-10-cm-avec-chaine\/","og_site_name":"Minihorse.eu","article_publisher":"https:\/\/www.facebook.com\/profile.php?id=100063487117479","og_image":[{"width":300,"height":163,"url":"https:\/\/www.minihorse.eu\/wp-content\/uploads\/2025\/09\/D-trens-1-gebroken.jpg","type":"image\/jpeg"}],"twitter_card":"summary_large_image","twitter_misc":{"Dur\u00e9e de lecture estim\u00e9e":"1 minute"},"schema":{"@context":"https:\/\/schema.org","@graph":[{"@type":"WebPage","@id":"https:\/\/www.minihorse.eu\/fr\/produit\/mors-a-anneaux-en-d-10-cm-avec-chaine\/","url":"https:\/\/www.minihorse.eu\/fr\/produit\/mors-a-anneaux-en-d-10-cm-avec-chaine\/","name":"Mors \u00e0 anneaux en D 10 cm avec cha\u00eene - Minihorse.eu","isPartOf":{"@id":"https:\/\/www.minihorse.eu\/#website"},"primaryImageOfPage":{"@id":"https:\/\/www.minihorse.eu\/fr\/produit\/mors-a-anneaux-en-d-10-cm-avec-chaine\/#primaryimage"},"image":{"@id":"https:\/\/www.minihorse.eu\/fr\/produit\/mors-a-anneaux-en-d-10-cm-avec-chaine\/#primaryimage"},"thumbnailUrl":"https:\/\/www.minihorse.eu\/wp-content\/uploads\/2025\/09\/D-trens-1-gebroken.jpg","datePublished":"2025-09-24T18:40:22+00:00","description":"Le mors \u00e0 anneaux en D avec gourmette est dot\u00e9 d'un embouchure simple articulation de 10 cm pour un contr\u00f4le en douceur et une bonne stabilit\u00e9. Les anneaux en D fixes assurent la stabilit\u00e9, tandis que la gourmette ajoute un l\u00e9ger effet de levier pour encourager un bon port de la t\u00eate.","breadcrumb":{"@id":"https:\/\/www.minihorse.eu\/fr\/produit\/mors-a-anneaux-en-d-10-cm-avec-chaine\/#breadcrumb"},"inLanguage":"fr-FR","potentialAction":[{"@type":"ReadAction","target":["https:\/\/www.minihorse.eu\/fr\/produit\/mors-a-anneaux-en-d-10-cm-avec-chaine\/"]}]},{"@type":"ImageObject","inLanguage":"fr-FR","@id":"https:\/\/www.minihorse.eu\/fr\/produit\/mors-a-anneaux-en-d-10-cm-avec-chaine\/#primaryimage","url":"https:\/\/www.minihorse.eu\/wp-content\/uploads\/2025\/09\/D-trens-1-gebroken.jpg","contentUrl":"https:\/\/www.minihorse.eu\/wp-content\/uploads\/2025\/09\/D-trens-1-gebroken.jpg","width":300,"height":163},{"@type":"BreadcrumbList","@id":"https:\/\/www.minihorse.eu\/fr\/produit\/mors-a-anneaux-en-d-10-cm-avec-chaine\/#breadcrumb","itemListElement":[{"@type":"ListItem","position":1,"name":"Home","item":"https:\/\/www.minihorse.eu\/fr\/accueil\/"},{"@type":"ListItem","position":2,"name":"Boutique","item":"https:\/\/www.minihorse.eu\/fr\/boutique\/"},{"@type":"ListItem","position":3,"name":"Mors \u00e0 anneaux en D 10 cm avec cha\u00eene"}]},{"@type":"WebSite","@id":"https:\/\/www.minihorse.eu\/#website","url":"https:\/\/www.minihorse.eu\/","name":"Minihorse.eu","description":"The #1 store for Miniature Horses","publisher":{"@id":"https:\/\/www.minihorse.eu\/#organization"},"potentialAction":[{"@type":"SearchAction","target":{"@type":"EntryPoint","urlTemplate":"https:\/\/www.minihorse.eu\/?s={search_term_string}"},"query-input":{"@type":"PropertyValueSpecification","valueRequired":true,"valueName":"search_term_string"}}],"inLanguage":"fr-FR"},{"@type":"Organization","@id":"https:\/\/www.minihorse.eu\/#organization","name":"Minihorse.eu","url":"https:\/\/www.minihorse.eu\/","logo":{"@type":"ImageObject","inLanguage":"fr-FR","@id":"https:\/\/www.minihorse.eu\/#\/schema\/logo\/image\/","url":"https:\/\/www.minihorse.eu\/wp-content\/uploads\/2024\/08\/Logo-minihorse-ext.png","contentUrl":"https:\/\/www.minihorse.eu\/wp-content\/uploads\/2024\/08\/Logo-minihorse-ext.png","width":500,"height":500,"caption":"Minihorse.eu"},"image":{"@id":"https:\/\/www.minihorse.eu\/#\/schema\/logo\/image\/"},"sameAs":["https:\/\/www.facebook.com\/profile.php?id=100063487117479"]}]}},"jetpack_sharing_enabled":true,"_links":{"self":[{"href":"https:\/\/www.minihorse.eu\/fr\/wp-json\/wp\/v2\/product\/12390","targetHints":{"allow":["GET"]}}],"collection":[{"href":"https:\/\/www.minihorse.eu\/fr\/wp-json\/wp\/v2\/product"}],"about":[{"href":"https:\/\/www.minihorse.eu\/fr\/wp-json\/wp\/v2\/types\/product"}],"replies":[{"embeddable":true,"href":"https:\/\/www.minihorse.eu\/fr\/wp-json\/wp\/v2\/comments?post=12390"}],"wp:featuredmedia":[{"embeddable":true,"href":"https:\/\/www.minihorse.eu\/fr\/wp-json\/wp\/v2\/media\/11514"}],"wp:attachment":[{"href":"https:\/\/www.minihorse.eu\/fr\/wp-json\/wp\/v2\/media?parent=12390"}],"wp:term":[{"taxonomy":"product_brand","embeddable":true,"href":"https:\/\/www.minihorse.eu\/fr\/wp-json\/wp\/v2\/product_brand?post=12390"},{"taxonomy":"product_cat","embeddable":true,"href":"https:\/\/www.minihorse.eu\/fr\/wp-json\/wp\/v2\/product_cat?post=12390"},{"taxonomy":"product_tag","embeddable":true,"href":"https:\/\/www.minihorse.eu\/fr\/wp-json\/wp\/v2\/product_tag?post=12390"}],"curies":[{"name":"wp","href":"https:\/\/api.w.org\/{rel}","templated":true}]}}