{"id":12759,"date":"2026-01-26T09:21:49","date_gmt":"2026-01-26T09:21:49","guid":{"rendered":"https:\/\/www.minihorse.eu\/product\/heiniger-opal-tondeuse-sans-fil\/"},"modified":"2026-01-26T09:21:49","modified_gmt":"2026-01-26T09:21:49","slug":"heiniger-opal-tondeuse-sans-fil","status":"publish","type":"product","link":"https:\/\/www.minihorse.eu\/fr\/produit\/heiniger-opal-tondeuse-sans-fil\/","title":{"rendered":"Heiniger Opal Tondeuse sans fil"},"content":{"rendered":"<p>Heiniger Opal est une tondeuse sans fil silencieuse et puissante \u00e0 deux vitesses. Avec 3 100 doubles coups par minute en mode rapide (et 2 600 en mode lent), cette tondeuse fonctionne de mani\u00e8re fluide et rapide, m\u00eame sur les poils et les fourrures sales et \u00e9pais. La toute derni\u00e8re technologie de batterie lithium-ion offre 240 minutes d&rsquo;autonomie sans fil. Il ne faut qu&rsquo;une heure pour recharger compl\u00e8tement la batterie. Gr\u00e2ce \u00e0 l&rsquo;indicateur de batterie int\u00e9gr\u00e9, il est toujours possible de v\u00e9rifier l&rsquo;autonomie restante. Opal b\u00e9n\u00e9ficie d&rsquo;un design ergonomique avanc\u00e9 et tient parfaitement dans la main. De plus, cette tondeuse est particuli\u00e8rement petite et l\u00e9g\u00e8re. Les professionnels peuvent ainsi travailler sans effort, qu&rsquo;il s&rsquo;agisse de toilettage, d&rsquo;applications v\u00e9t\u00e9rinaires ou de coiffure pour chiens, chevaux et vaches. Livr\u00e9 dans une bo\u00eete solide avec 2 batteries.        <\/p>\n<p>Indicateur du niveau de batterie<\/p>\n<p>Alimentation: batterie Li-ion. 2850 mAh 7,2 V (709-100) <\/p>\n<p>Dimensions (L\/H\/L): env. 50 mm x 41 mm x 204 mm <\/p>\n<p>Puissance 35 W &#8211; r\u00e9gime : 2600 &#8211; 3100 \/min (2 vitesses)<\/p>\n<p>Temp\u00e9rature ambiante maximale : 0 \u00b0C &#8211; 40 \u00b0C &#8211; Humidit\u00e9 maximale : 10 % &#8211; 75 %<\/p>\n<p>Temps de rasage : 240 min (dans des conditions optimales)<\/p>\n<p>Cette tondeuse est compatible avec toutes les lames Andis A5. https: <a href=\"https:\/\/www.minihorse.eu\/fr\/categorie-produit\/tondeuse-et-peignes\/peignes\/\">\/\/www.minihorse.eu\/fr\/categorie-produit\/tondeuse-et-peignes\/peignes\/<\/a><\/p>\n<p>&nbsp;<\/p>\n","protected":false},"excerpt":{"rendered":"<p><strong>Heiniger Opal<\/strong> est une tondeuse sans fil silencieuse et puissante \u00e0 2 vitesses. Gr\u00e2ce \u00e0 ses 3100 coups\/min (rapide) et 2600 coups\/min (lent), elle rase en douceur, m\u00eame les poils \u00e9pais et sales. La <strong>batterie Li-ion<\/strong> moderne offre jusqu&rsquo;\u00e0 240 minutes d&rsquo;autonomie et se recharge compl\u00e8tement en 1 heure. <strong>L&rsquo;indicateur de batterie<\/strong>, la conception ergonomique et l\u00e9g\u00e8re et la taille compacte permettent un travail durable et confortable. Convient \u00e0 un usage professionnel dans les salons de toilettage, les cabinets v\u00e9t\u00e9rinaires et pour la tonte des chiens, des chevaux et du b\u00e9tail. Livr\u00e9e dans une bo\u00eete solide avec 2 batteries.   <\/p>\n","protected":false},"featured_media":12755,"comment_status":"open","ping_status":"closed","template":"","meta":[],"product_brand":[],"product_cat":[892,184],"product_tag":[823,868,1273,1127,1603],"class_list":{"0":"post-12759","1":"product","2":"type-product","3":"status-publish","4":"has-post-thumbnail","6":"product_cat-tondeuse-fr","7":"product_cat-tondeuse-et-peignes","8":"product_tag-andis-fr","9":"product_tag-heiniger-fr","10":"product_tag-rasoir-pour-chevaux","11":"product_tag-rasoirs","12":"product_tag-tondeuse-sans-fil-pour-chevaux","14":"first","15":"instock","16":"taxable","17":"shipping-taxable","18":"purchasable","19":"product-type-simple"},"yoast_head":"<!-- This site is optimized with the Yoast SEO plugin v27.5 - https:\/\/yoast.com\/product\/yoast-seo-wordpress\/ -->\n<title>Heiniger Opal Tondeuse sans fil - Minihorse.eu<\/title>\n<meta name=\"description\" content=\"Heiniger Opal est une tondeuse sans fil silencieuse et puissante \u00e0 2 vitesses avec indicateur de batterie. Puissance 35 W - vitesse : 2600 - 3100 tr\/min. La tondeuse Heiniger Opal rase en douceur, m\u00eame les poils \u00e9pais et sales. La batterie Li-ion offre jusqu&#039;\u00e0 240 minutes d&#039;autonomie et se recharge compl\u00e8tement en 1 heure. 2 batteries incluses.\" \/>\n<meta name=\"robots\" content=\"index, follow, max-snippet:-1, max-image-preview:large, max-video-preview:-1\" \/>\n<link rel=\"canonical\" href=\"https:\/\/www.minihorse.eu\/fr\/produit\/heiniger-opal-tondeuse-sans-fil\/\" \/>\n<meta property=\"og:locale\" content=\"fr_FR\" \/>\n<meta property=\"og:type\" content=\"article\" \/>\n<meta property=\"og:title\" content=\"Heiniger Opal Tondeuse sans fil - Minihorse.eu\" \/>\n<meta property=\"og:description\" content=\"Heiniger Opal est une tondeuse sans fil silencieuse et puissante \u00e0 2 vitesses avec indicateur de batterie. Puissance 35 W - vitesse : 2600 - 3100 tr\/min. La tondeuse Heiniger Opal rase en douceur, m\u00eame les poils \u00e9pais et sales. La batterie Li-ion offre jusqu&#039;\u00e0 240 minutes d&#039;autonomie et se recharge compl\u00e8tement en 1 heure. 2 batteries incluses.\" \/>\n<meta property=\"og:url\" content=\"https:\/\/www.minihorse.eu\/fr\/produit\/heiniger-opal-tondeuse-sans-fil\/\" \/>\n<meta property=\"og:site_name\" content=\"Minihorse.eu\" \/>\n<meta property=\"article:publisher\" content=\"https:\/\/www.facebook.com\/profile.php?id=100063487117479\" \/>\n<meta property=\"og:image\" content=\"https:\/\/www.minihorse.eu\/wp-content\/uploads\/2026\/01\/Heiniger_Opal_cordless-clipper709-000-70_2-1.jpg\" \/>\n\t<meta property=\"og:image:width\" content=\"1000\" \/>\n\t<meta property=\"og:image:height\" content=\"1000\" \/>\n\t<meta property=\"og:image:type\" content=\"image\/jpeg\" \/>\n<meta name=\"twitter:card\" content=\"summary_large_image\" \/>\n<meta name=\"twitter:label1\" content=\"Dur\u00e9e de lecture estim\u00e9e\" \/>\n\t<meta name=\"twitter:data1\" content=\"1 minute\" \/>\n<script type=\"application\/ld+json\" class=\"yoast-schema-graph\">{\"@context\":\"https:\\\/\\\/schema.org\",\"@graph\":[{\"@type\":\"WebPage\",\"@id\":\"https:\\\/\\\/www.minihorse.eu\\\/fr\\\/produit\\\/heiniger-opal-tondeuse-sans-fil\\\/\",\"url\":\"https:\\\/\\\/www.minihorse.eu\\\/fr\\\/produit\\\/heiniger-opal-tondeuse-sans-fil\\\/\",\"name\":\"Heiniger Opal Tondeuse sans fil - Minihorse.eu\",\"isPartOf\":{\"@id\":\"https:\\\/\\\/www.minihorse.eu\\\/#website\"},\"primaryImageOfPage\":{\"@id\":\"https:\\\/\\\/www.minihorse.eu\\\/fr\\\/produit\\\/heiniger-opal-tondeuse-sans-fil\\\/#primaryimage\"},\"image\":{\"@id\":\"https:\\\/\\\/www.minihorse.eu\\\/fr\\\/produit\\\/heiniger-opal-tondeuse-sans-fil\\\/#primaryimage\"},\"thumbnailUrl\":\"https:\\\/\\\/www.minihorse.eu\\\/wp-content\\\/uploads\\\/2026\\\/01\\\/Heiniger_Opal_cordless-clipper709-000-70_2-1.jpg\",\"datePublished\":\"2026-01-26T09:21:49+00:00\",\"description\":\"Heiniger Opal est une tondeuse sans fil silencieuse et puissante \u00e0 2 vitesses avec indicateur de batterie. Puissance 35 W - vitesse : 2600 - 3100 tr\\\/min. La tondeuse Heiniger Opal rase en douceur, m\u00eame les poils \u00e9pais et sales. La batterie Li-ion offre jusqu'\u00e0 240 minutes d'autonomie et se recharge compl\u00e8tement en 1 heure. 2 batteries incluses.\",\"breadcrumb\":{\"@id\":\"https:\\\/\\\/www.minihorse.eu\\\/fr\\\/produit\\\/heiniger-opal-tondeuse-sans-fil\\\/#breadcrumb\"},\"inLanguage\":\"fr-FR\",\"potentialAction\":[{\"@type\":\"ReadAction\",\"target\":[\"https:\\\/\\\/www.minihorse.eu\\\/fr\\\/produit\\\/heiniger-opal-tondeuse-sans-fil\\\/\"]}]},{\"@type\":\"ImageObject\",\"inLanguage\":\"fr-FR\",\"@id\":\"https:\\\/\\\/www.minihorse.eu\\\/fr\\\/produit\\\/heiniger-opal-tondeuse-sans-fil\\\/#primaryimage\",\"url\":\"https:\\\/\\\/www.minihorse.eu\\\/wp-content\\\/uploads\\\/2026\\\/01\\\/Heiniger_Opal_cordless-clipper709-000-70_2-1.jpg\",\"contentUrl\":\"https:\\\/\\\/www.minihorse.eu\\\/wp-content\\\/uploads\\\/2026\\\/01\\\/Heiniger_Opal_cordless-clipper709-000-70_2-1.jpg\",\"width\":1000,\"height\":1000},{\"@type\":\"BreadcrumbList\",\"@id\":\"https:\\\/\\\/www.minihorse.eu\\\/fr\\\/produit\\\/heiniger-opal-tondeuse-sans-fil\\\/#breadcrumb\",\"itemListElement\":[{\"@type\":\"ListItem\",\"position\":1,\"name\":\"Home\",\"item\":\"https:\\\/\\\/www.minihorse.eu\\\/fr\\\/accueil\\\/\"},{\"@type\":\"ListItem\",\"position\":2,\"name\":\"Boutique\",\"item\":\"https:\\\/\\\/www.minihorse.eu\\\/fr\\\/boutique\\\/\"},{\"@type\":\"ListItem\",\"position\":3,\"name\":\"Heiniger Opal Tondeuse sans fil\"}]},{\"@type\":\"WebSite\",\"@id\":\"https:\\\/\\\/www.minihorse.eu\\\/#website\",\"url\":\"https:\\\/\\\/www.minihorse.eu\\\/\",\"name\":\"Minihorse.eu\",\"description\":\"The #1 store for Miniature Horses\",\"publisher\":{\"@id\":\"https:\\\/\\\/www.minihorse.eu\\\/#organization\"},\"potentialAction\":[{\"@type\":\"SearchAction\",\"target\":{\"@type\":\"EntryPoint\",\"urlTemplate\":\"https:\\\/\\\/www.minihorse.eu\\\/?s={search_term_string}\"},\"query-input\":{\"@type\":\"PropertyValueSpecification\",\"valueRequired\":true,\"valueName\":\"search_term_string\"}}],\"inLanguage\":\"fr-FR\"},{\"@type\":\"Organization\",\"@id\":\"https:\\\/\\\/www.minihorse.eu\\\/#organization\",\"name\":\"Minihorse.eu\",\"url\":\"https:\\\/\\\/www.minihorse.eu\\\/\",\"logo\":{\"@type\":\"ImageObject\",\"inLanguage\":\"fr-FR\",\"@id\":\"https:\\\/\\\/www.minihorse.eu\\\/#\\\/schema\\\/logo\\\/image\\\/\",\"url\":\"https:\\\/\\\/www.minihorse.eu\\\/wp-content\\\/uploads\\\/2024\\\/08\\\/Logo-minihorse-ext.png\",\"contentUrl\":\"https:\\\/\\\/www.minihorse.eu\\\/wp-content\\\/uploads\\\/2024\\\/08\\\/Logo-minihorse-ext.png\",\"width\":500,\"height\":500,\"caption\":\"Minihorse.eu\"},\"image\":{\"@id\":\"https:\\\/\\\/www.minihorse.eu\\\/#\\\/schema\\\/logo\\\/image\\\/\"},\"sameAs\":[\"https:\\\/\\\/www.facebook.com\\\/profile.php?id=100063487117479\"]}]}<\/script>\n<!-- \/ Yoast SEO plugin. -->","yoast_head_json":{"title":"Heiniger Opal Tondeuse sans fil - Minihorse.eu","description":"Heiniger Opal est une tondeuse sans fil silencieuse et puissante \u00e0 2 vitesses avec indicateur de batterie. Puissance 35 W - vitesse : 2600 - 3100 tr\/min. La tondeuse Heiniger Opal rase en douceur, m\u00eame les poils \u00e9pais et sales. La batterie Li-ion offre jusqu'\u00e0 240 minutes d'autonomie et se recharge compl\u00e8tement en 1 heure. 2 batteries incluses.","robots":{"index":"index","follow":"follow","max-snippet":"max-snippet:-1","max-image-preview":"max-image-preview:large","max-video-preview":"max-video-preview:-1"},"canonical":"https:\/\/www.minihorse.eu\/fr\/produit\/heiniger-opal-tondeuse-sans-fil\/","og_locale":"fr_FR","og_type":"article","og_title":"Heiniger Opal Tondeuse sans fil - Minihorse.eu","og_description":"Heiniger Opal est une tondeuse sans fil silencieuse et puissante \u00e0 2 vitesses avec indicateur de batterie. Puissance 35 W - vitesse : 2600 - 3100 tr\/min. La tondeuse Heiniger Opal rase en douceur, m\u00eame les poils \u00e9pais et sales. La batterie Li-ion offre jusqu'\u00e0 240 minutes d'autonomie et se recharge compl\u00e8tement en 1 heure. 2 batteries incluses.","og_url":"https:\/\/www.minihorse.eu\/fr\/produit\/heiniger-opal-tondeuse-sans-fil\/","og_site_name":"Minihorse.eu","article_publisher":"https:\/\/www.facebook.com\/profile.php?id=100063487117479","og_image":[{"width":1000,"height":1000,"url":"https:\/\/www.minihorse.eu\/wp-content\/uploads\/2026\/01\/Heiniger_Opal_cordless-clipper709-000-70_2-1.jpg","type":"image\/jpeg"}],"twitter_card":"summary_large_image","twitter_misc":{"Dur\u00e9e de lecture estim\u00e9e":"1 minute"},"schema":{"@context":"https:\/\/schema.org","@graph":[{"@type":"WebPage","@id":"https:\/\/www.minihorse.eu\/fr\/produit\/heiniger-opal-tondeuse-sans-fil\/","url":"https:\/\/www.minihorse.eu\/fr\/produit\/heiniger-opal-tondeuse-sans-fil\/","name":"Heiniger Opal Tondeuse sans fil - Minihorse.eu","isPartOf":{"@id":"https:\/\/www.minihorse.eu\/#website"},"primaryImageOfPage":{"@id":"https:\/\/www.minihorse.eu\/fr\/produit\/heiniger-opal-tondeuse-sans-fil\/#primaryimage"},"image":{"@id":"https:\/\/www.minihorse.eu\/fr\/produit\/heiniger-opal-tondeuse-sans-fil\/#primaryimage"},"thumbnailUrl":"https:\/\/www.minihorse.eu\/wp-content\/uploads\/2026\/01\/Heiniger_Opal_cordless-clipper709-000-70_2-1.jpg","datePublished":"2026-01-26T09:21:49+00:00","description":"Heiniger Opal est une tondeuse sans fil silencieuse et puissante \u00e0 2 vitesses avec indicateur de batterie. Puissance 35 W - vitesse : 2600 - 3100 tr\/min. La tondeuse Heiniger Opal rase en douceur, m\u00eame les poils \u00e9pais et sales. La batterie Li-ion offre jusqu'\u00e0 240 minutes d'autonomie et se recharge compl\u00e8tement en 1 heure. 2 batteries incluses.","breadcrumb":{"@id":"https:\/\/www.minihorse.eu\/fr\/produit\/heiniger-opal-tondeuse-sans-fil\/#breadcrumb"},"inLanguage":"fr-FR","potentialAction":[{"@type":"ReadAction","target":["https:\/\/www.minihorse.eu\/fr\/produit\/heiniger-opal-tondeuse-sans-fil\/"]}]},{"@type":"ImageObject","inLanguage":"fr-FR","@id":"https:\/\/www.minihorse.eu\/fr\/produit\/heiniger-opal-tondeuse-sans-fil\/#primaryimage","url":"https:\/\/www.minihorse.eu\/wp-content\/uploads\/2026\/01\/Heiniger_Opal_cordless-clipper709-000-70_2-1.jpg","contentUrl":"https:\/\/www.minihorse.eu\/wp-content\/uploads\/2026\/01\/Heiniger_Opal_cordless-clipper709-000-70_2-1.jpg","width":1000,"height":1000},{"@type":"BreadcrumbList","@id":"https:\/\/www.minihorse.eu\/fr\/produit\/heiniger-opal-tondeuse-sans-fil\/#breadcrumb","itemListElement":[{"@type":"ListItem","position":1,"name":"Home","item":"https:\/\/www.minihorse.eu\/fr\/accueil\/"},{"@type":"ListItem","position":2,"name":"Boutique","item":"https:\/\/www.minihorse.eu\/fr\/boutique\/"},{"@type":"ListItem","position":3,"name":"Heiniger Opal Tondeuse sans fil"}]},{"@type":"WebSite","@id":"https:\/\/www.minihorse.eu\/#website","url":"https:\/\/www.minihorse.eu\/","name":"Minihorse.eu","description":"The #1 store for Miniature Horses","publisher":{"@id":"https:\/\/www.minihorse.eu\/#organization"},"potentialAction":[{"@type":"SearchAction","target":{"@type":"EntryPoint","urlTemplate":"https:\/\/www.minihorse.eu\/?s={search_term_string}"},"query-input":{"@type":"PropertyValueSpecification","valueRequired":true,"valueName":"search_term_string"}}],"inLanguage":"fr-FR"},{"@type":"Organization","@id":"https:\/\/www.minihorse.eu\/#organization","name":"Minihorse.eu","url":"https:\/\/www.minihorse.eu\/","logo":{"@type":"ImageObject","inLanguage":"fr-FR","@id":"https:\/\/www.minihorse.eu\/#\/schema\/logo\/image\/","url":"https:\/\/www.minihorse.eu\/wp-content\/uploads\/2024\/08\/Logo-minihorse-ext.png","contentUrl":"https:\/\/www.minihorse.eu\/wp-content\/uploads\/2024\/08\/Logo-minihorse-ext.png","width":500,"height":500,"caption":"Minihorse.eu"},"image":{"@id":"https:\/\/www.minihorse.eu\/#\/schema\/logo\/image\/"},"sameAs":["https:\/\/www.facebook.com\/profile.php?id=100063487117479"]}]}},"jetpack_sharing_enabled":true,"_links":{"self":[{"href":"https:\/\/www.minihorse.eu\/fr\/wp-json\/wp\/v2\/product\/12759","targetHints":{"allow":["GET"]}}],"collection":[{"href":"https:\/\/www.minihorse.eu\/fr\/wp-json\/wp\/v2\/product"}],"about":[{"href":"https:\/\/www.minihorse.eu\/fr\/wp-json\/wp\/v2\/types\/product"}],"replies":[{"embeddable":true,"href":"https:\/\/www.minihorse.eu\/fr\/wp-json\/wp\/v2\/comments?post=12759"}],"wp:featuredmedia":[{"embeddable":true,"href":"https:\/\/www.minihorse.eu\/fr\/wp-json\/wp\/v2\/media\/12755"}],"wp:attachment":[{"href":"https:\/\/www.minihorse.eu\/fr\/wp-json\/wp\/v2\/media?parent=12759"}],"wp:term":[{"taxonomy":"product_brand","embeddable":true,"href":"https:\/\/www.minihorse.eu\/fr\/wp-json\/wp\/v2\/product_brand?post=12759"},{"taxonomy":"product_cat","embeddable":true,"href":"https:\/\/www.minihorse.eu\/fr\/wp-json\/wp\/v2\/product_cat?post=12759"},{"taxonomy":"product_tag","embeddable":true,"href":"https:\/\/www.minihorse.eu\/fr\/wp-json\/wp\/v2\/product_tag?post=12759"}],"curies":[{"name":"wp","href":"https:\/\/api.w.org\/{rel}","templated":true}]}}