{"id":12914,"date":"2026-02-27T11:20:54","date_gmt":"2026-02-27T11:20:54","guid":{"rendered":"https:\/\/www.minihorse.eu\/product\/couverture-dhiver-a-col-fixe-500-grammes-noir-rouge\/"},"modified":"2026-02-27T11:20:54","modified_gmt":"2026-02-27T11:20:54","slug":"couverture-dhiver-a-col-fixe-500-grammes-noir-rouge","status":"publish","type":"product","link":"https:\/\/www.minihorse.eu\/fr\/produit\/couverture-dhiver-a-col-fixe-500-grammes-noir-rouge\/","title":{"rendered":"Couverture d&rsquo;hiver \u00e0 col fixe 500 grammes Noir-Rouge"},"content":{"rendered":"<p>Gardez votre cheval miniature au chaud et enti\u00e8rement prot\u00e9g\u00e9 avec notre <strong>couverture d&rsquo;hiver \u00e0 encolure fixe.<\/strong> La <strong>couverture \u00e0 encolure fixe<\/strong> offre une protection suppl\u00e9mentaire contre le vent et la pluie.<\/p>\n<ul>\n<li>Polyester 600D ripstop imperm\u00e9able pour la durabilit\u00e9 et la r\u00e9sistance aux intemp\u00e9ries.<\/li>\n<li>Rembourrage de 500 g pour plus de chaleur, parfait pour les froides journ\u00e9es d&rsquo;hiver.<\/li>\n<li>Fermeture rapide de la poitrine avec 2 mousquetons pour un ajustement s\u00fbr et confortable.<\/li>\n<li>\u00c9lastique au niveau du cou pour un meilleur ajustement<\/li>\n<li>Sursingles crois\u00e9es avec bouchons en caoutchouc, protection de la queue et sangles de jambe pour maintenir la couverture en place et \u00e9viter qu&rsquo;elle ne se d\u00e9place.<\/li>\n<\/ul>\n<p>Peut-\u00eatre avez-vous besoin <a href=\"https:\/\/www.minihorse.eu\/fr\/categorie-produit\/chevaux-miniatures\/couvertures\/accessoires-pour-tapis\/\">d&rsquo;accessoires de couverture<\/a><\/p>\n","protected":false},"excerpt":{"rendered":"<p>Prot\u00e9gez votre cheval miniature cet hiver gr\u00e2ce \u00e0 notre <strong>couverture d&rsquo;hiver \u00e0 encolure fixe <\/strong>disponible en deux couleurs contrast\u00e9es, noir et rouge. Compos\u00e9e de polyester ripstop 600D imperm\u00e9able, d&rsquo;un rembourrage de 500 g et d&rsquo;une encolure fixe avec bande \u00e9lastique, elle offre chaleur et protection. Elle comprend des sangles crois\u00e9es, des fermetures rapides au niveau de la poitrine avec deux mousquetons, une protection pour la queue et des sangles pour les pattes afin de garantir un maintien s\u00fbr tout au long de la journ\u00e9e!  <\/p>\n","protected":false},"featured_media":12910,"comment_status":"open","ping_status":"closed","template":"","meta":[],"product_brand":[],"product_cat":[187,205,194],"product_tag":[849,196,1265,195],"class_list":{"0":"post-12914","1":"product","2":"type-product","3":"status-publish","4":"has-post-thumbnail","6":"product_cat-chevaux-miniatures","7":"product_cat-couvertures","8":"product_cat-couvertures-dhiver","9":"product_tag-couverture-dhiver-fr","10":"product_tag-couverture-dhiver","11":"product_tag-minihorseshop-fr","12":"product_tag-tapis-fr","14":"first","15":"instock","16":"taxable","17":"shipping-taxable","18":"purchasable","19":"product-type-variable","20":"has-default-attributes"},"yoast_head":"<!-- This site is optimized with the Yoast SEO plugin v27.4 - https:\/\/yoast.com\/product\/yoast-seo-wordpress\/ -->\n<title>Couverture d&#039;hiver \u00e0 col fixe 500 grammes Noir-Rouge - Minihorse.eu<\/title>\n<meta name=\"description\" content=\"Winter mini horse blanket with fixed neck is ideal protection from the cold, wind and rain.\" \/>\n<meta name=\"robots\" content=\"index, follow, max-snippet:-1, max-image-preview:large, max-video-preview:-1\" \/>\n<link rel=\"canonical\" href=\"https:\/\/www.minihorse.eu\/fr\/produit\/couverture-dhiver-a-col-fixe-500-grammes-noir-rouge\/\" \/>\n<meta property=\"og:locale\" content=\"fr_FR\" \/>\n<meta property=\"og:type\" content=\"article\" \/>\n<meta property=\"og:title\" content=\"Couverture d&#039;hiver \u00e0 col fixe 500 grammes Noir-Rouge - Minihorse.eu\" \/>\n<meta property=\"og:description\" content=\"Winter mini horse blanket with fixed neck is ideal protection from the cold, wind and rain.\" \/>\n<meta property=\"og:url\" content=\"https:\/\/www.minihorse.eu\/fr\/produit\/couverture-dhiver-a-col-fixe-500-grammes-noir-rouge\/\" \/>\n<meta property=\"og:site_name\" content=\"Minihorse.eu\" \/>\n<meta property=\"article:publisher\" content=\"https:\/\/www.facebook.com\/profile.php?id=100063487117479\" \/>\n<meta property=\"og:image\" content=\"https:\/\/www.minihorse.eu\/wp-content\/uploads\/2026\/02\/Winterblanket-fixed-neck-500-gram-black-red.jpg\" \/>\n\t<meta property=\"og:image:width\" content=\"693\" \/>\n\t<meta property=\"og:image:height\" content=\"401\" \/>\n\t<meta property=\"og:image:type\" content=\"image\/jpeg\" \/>\n<meta name=\"twitter:card\" content=\"summary_large_image\" \/>\n<meta name=\"twitter:label1\" content=\"Dur\u00e9e de lecture estim\u00e9e\" \/>\n\t<meta name=\"twitter:data1\" content=\"1 minute\" \/>\n<script type=\"application\/ld+json\" class=\"yoast-schema-graph\">{\"@context\":\"https:\\\/\\\/schema.org\",\"@graph\":[{\"@type\":\"WebPage\",\"@id\":\"https:\\\/\\\/www.minihorse.eu\\\/fr\\\/produit\\\/couverture-dhiver-a-col-fixe-500-grammes-noir-rouge\\\/\",\"url\":\"https:\\\/\\\/www.minihorse.eu\\\/fr\\\/produit\\\/couverture-dhiver-a-col-fixe-500-grammes-noir-rouge\\\/\",\"name\":\"Couverture d'hiver \u00e0 col fixe 500 grammes Noir-Rouge - Minihorse.eu\",\"isPartOf\":{\"@id\":\"https:\\\/\\\/www.minihorse.eu\\\/#website\"},\"primaryImageOfPage\":{\"@id\":\"https:\\\/\\\/www.minihorse.eu\\\/fr\\\/produit\\\/couverture-dhiver-a-col-fixe-500-grammes-noir-rouge\\\/#primaryimage\"},\"image\":{\"@id\":\"https:\\\/\\\/www.minihorse.eu\\\/fr\\\/produit\\\/couverture-dhiver-a-col-fixe-500-grammes-noir-rouge\\\/#primaryimage\"},\"thumbnailUrl\":\"https:\\\/\\\/www.minihorse.eu\\\/wp-content\\\/uploads\\\/2026\\\/02\\\/Winterblanket-fixed-neck-500-gram-black-red.jpg\",\"datePublished\":\"2026-02-27T11:20:54+00:00\",\"description\":\"Winter mini horse blanket with fixed neck is ideal protection from the cold, wind and rain.\",\"breadcrumb\":{\"@id\":\"https:\\\/\\\/www.minihorse.eu\\\/fr\\\/produit\\\/couverture-dhiver-a-col-fixe-500-grammes-noir-rouge\\\/#breadcrumb\"},\"inLanguage\":\"fr-FR\",\"potentialAction\":[{\"@type\":\"ReadAction\",\"target\":[\"https:\\\/\\\/www.minihorse.eu\\\/fr\\\/produit\\\/couverture-dhiver-a-col-fixe-500-grammes-noir-rouge\\\/\"]}]},{\"@type\":\"ImageObject\",\"inLanguage\":\"fr-FR\",\"@id\":\"https:\\\/\\\/www.minihorse.eu\\\/fr\\\/produit\\\/couverture-dhiver-a-col-fixe-500-grammes-noir-rouge\\\/#primaryimage\",\"url\":\"https:\\\/\\\/www.minihorse.eu\\\/wp-content\\\/uploads\\\/2026\\\/02\\\/Winterblanket-fixed-neck-500-gram-black-red.jpg\",\"contentUrl\":\"https:\\\/\\\/www.minihorse.eu\\\/wp-content\\\/uploads\\\/2026\\\/02\\\/Winterblanket-fixed-neck-500-gram-black-red.jpg\",\"width\":693,\"height\":401},{\"@type\":\"BreadcrumbList\",\"@id\":\"https:\\\/\\\/www.minihorse.eu\\\/fr\\\/produit\\\/couverture-dhiver-a-col-fixe-500-grammes-noir-rouge\\\/#breadcrumb\",\"itemListElement\":[{\"@type\":\"ListItem\",\"position\":1,\"name\":\"Home\",\"item\":\"https:\\\/\\\/www.minihorse.eu\\\/fr\\\/accueil\\\/\"},{\"@type\":\"ListItem\",\"position\":2,\"name\":\"Boutique\",\"item\":\"https:\\\/\\\/www.minihorse.eu\\\/fr\\\/boutique\\\/\"},{\"@type\":\"ListItem\",\"position\":3,\"name\":\"Couverture d&rsquo;hiver \u00e0 col fixe 500 grammes Noir-Rouge\"}]},{\"@type\":\"WebSite\",\"@id\":\"https:\\\/\\\/www.minihorse.eu\\\/#website\",\"url\":\"https:\\\/\\\/www.minihorse.eu\\\/\",\"name\":\"Minihorse.eu\",\"description\":\"The #1 store for Miniature Horses\",\"publisher\":{\"@id\":\"https:\\\/\\\/www.minihorse.eu\\\/#organization\"},\"potentialAction\":[{\"@type\":\"SearchAction\",\"target\":{\"@type\":\"EntryPoint\",\"urlTemplate\":\"https:\\\/\\\/www.minihorse.eu\\\/?s={search_term_string}\"},\"query-input\":{\"@type\":\"PropertyValueSpecification\",\"valueRequired\":true,\"valueName\":\"search_term_string\"}}],\"inLanguage\":\"fr-FR\"},{\"@type\":\"Organization\",\"@id\":\"https:\\\/\\\/www.minihorse.eu\\\/#organization\",\"name\":\"Minihorse.eu\",\"url\":\"https:\\\/\\\/www.minihorse.eu\\\/\",\"logo\":{\"@type\":\"ImageObject\",\"inLanguage\":\"fr-FR\",\"@id\":\"https:\\\/\\\/www.minihorse.eu\\\/#\\\/schema\\\/logo\\\/image\\\/\",\"url\":\"https:\\\/\\\/www.minihorse.eu\\\/wp-content\\\/uploads\\\/2024\\\/08\\\/Logo-minihorse-ext.png\",\"contentUrl\":\"https:\\\/\\\/www.minihorse.eu\\\/wp-content\\\/uploads\\\/2024\\\/08\\\/Logo-minihorse-ext.png\",\"width\":500,\"height\":500,\"caption\":\"Minihorse.eu\"},\"image\":{\"@id\":\"https:\\\/\\\/www.minihorse.eu\\\/#\\\/schema\\\/logo\\\/image\\\/\"},\"sameAs\":[\"https:\\\/\\\/www.facebook.com\\\/profile.php?id=100063487117479\"]}]}<\/script>\n<!-- \/ Yoast SEO plugin. -->","yoast_head_json":{"title":"Couverture d'hiver \u00e0 col fixe 500 grammes Noir-Rouge - Minihorse.eu","description":"Winter mini horse blanket with fixed neck is ideal protection from the cold, wind and rain.","robots":{"index":"index","follow":"follow","max-snippet":"max-snippet:-1","max-image-preview":"max-image-preview:large","max-video-preview":"max-video-preview:-1"},"canonical":"https:\/\/www.minihorse.eu\/fr\/produit\/couverture-dhiver-a-col-fixe-500-grammes-noir-rouge\/","og_locale":"fr_FR","og_type":"article","og_title":"Couverture d'hiver \u00e0 col fixe 500 grammes Noir-Rouge - Minihorse.eu","og_description":"Winter mini horse blanket with fixed neck is ideal protection from the cold, wind and rain.","og_url":"https:\/\/www.minihorse.eu\/fr\/produit\/couverture-dhiver-a-col-fixe-500-grammes-noir-rouge\/","og_site_name":"Minihorse.eu","article_publisher":"https:\/\/www.facebook.com\/profile.php?id=100063487117479","og_image":[{"width":693,"height":401,"url":"https:\/\/www.minihorse.eu\/wp-content\/uploads\/2026\/02\/Winterblanket-fixed-neck-500-gram-black-red.jpg","type":"image\/jpeg"}],"twitter_card":"summary_large_image","twitter_misc":{"Dur\u00e9e de lecture estim\u00e9e":"1 minute"},"schema":{"@context":"https:\/\/schema.org","@graph":[{"@type":"WebPage","@id":"https:\/\/www.minihorse.eu\/fr\/produit\/couverture-dhiver-a-col-fixe-500-grammes-noir-rouge\/","url":"https:\/\/www.minihorse.eu\/fr\/produit\/couverture-dhiver-a-col-fixe-500-grammes-noir-rouge\/","name":"Couverture d'hiver \u00e0 col fixe 500 grammes Noir-Rouge - Minihorse.eu","isPartOf":{"@id":"https:\/\/www.minihorse.eu\/#website"},"primaryImageOfPage":{"@id":"https:\/\/www.minihorse.eu\/fr\/produit\/couverture-dhiver-a-col-fixe-500-grammes-noir-rouge\/#primaryimage"},"image":{"@id":"https:\/\/www.minihorse.eu\/fr\/produit\/couverture-dhiver-a-col-fixe-500-grammes-noir-rouge\/#primaryimage"},"thumbnailUrl":"https:\/\/www.minihorse.eu\/wp-content\/uploads\/2026\/02\/Winterblanket-fixed-neck-500-gram-black-red.jpg","datePublished":"2026-02-27T11:20:54+00:00","description":"Winter mini horse blanket with fixed neck is ideal protection from the cold, wind and rain.","breadcrumb":{"@id":"https:\/\/www.minihorse.eu\/fr\/produit\/couverture-dhiver-a-col-fixe-500-grammes-noir-rouge\/#breadcrumb"},"inLanguage":"fr-FR","potentialAction":[{"@type":"ReadAction","target":["https:\/\/www.minihorse.eu\/fr\/produit\/couverture-dhiver-a-col-fixe-500-grammes-noir-rouge\/"]}]},{"@type":"ImageObject","inLanguage":"fr-FR","@id":"https:\/\/www.minihorse.eu\/fr\/produit\/couverture-dhiver-a-col-fixe-500-grammes-noir-rouge\/#primaryimage","url":"https:\/\/www.minihorse.eu\/wp-content\/uploads\/2026\/02\/Winterblanket-fixed-neck-500-gram-black-red.jpg","contentUrl":"https:\/\/www.minihorse.eu\/wp-content\/uploads\/2026\/02\/Winterblanket-fixed-neck-500-gram-black-red.jpg","width":693,"height":401},{"@type":"BreadcrumbList","@id":"https:\/\/www.minihorse.eu\/fr\/produit\/couverture-dhiver-a-col-fixe-500-grammes-noir-rouge\/#breadcrumb","itemListElement":[{"@type":"ListItem","position":1,"name":"Home","item":"https:\/\/www.minihorse.eu\/fr\/accueil\/"},{"@type":"ListItem","position":2,"name":"Boutique","item":"https:\/\/www.minihorse.eu\/fr\/boutique\/"},{"@type":"ListItem","position":3,"name":"Couverture d&rsquo;hiver \u00e0 col fixe 500 grammes Noir-Rouge"}]},{"@type":"WebSite","@id":"https:\/\/www.minihorse.eu\/#website","url":"https:\/\/www.minihorse.eu\/","name":"Minihorse.eu","description":"The #1 store for Miniature Horses","publisher":{"@id":"https:\/\/www.minihorse.eu\/#organization"},"potentialAction":[{"@type":"SearchAction","target":{"@type":"EntryPoint","urlTemplate":"https:\/\/www.minihorse.eu\/?s={search_term_string}"},"query-input":{"@type":"PropertyValueSpecification","valueRequired":true,"valueName":"search_term_string"}}],"inLanguage":"fr-FR"},{"@type":"Organization","@id":"https:\/\/www.minihorse.eu\/#organization","name":"Minihorse.eu","url":"https:\/\/www.minihorse.eu\/","logo":{"@type":"ImageObject","inLanguage":"fr-FR","@id":"https:\/\/www.minihorse.eu\/#\/schema\/logo\/image\/","url":"https:\/\/www.minihorse.eu\/wp-content\/uploads\/2024\/08\/Logo-minihorse-ext.png","contentUrl":"https:\/\/www.minihorse.eu\/wp-content\/uploads\/2024\/08\/Logo-minihorse-ext.png","width":500,"height":500,"caption":"Minihorse.eu"},"image":{"@id":"https:\/\/www.minihorse.eu\/#\/schema\/logo\/image\/"},"sameAs":["https:\/\/www.facebook.com\/profile.php?id=100063487117479"]}]}},"jetpack_sharing_enabled":true,"_links":{"self":[{"href":"https:\/\/www.minihorse.eu\/fr\/wp-json\/wp\/v2\/product\/12914","targetHints":{"allow":["GET"]}}],"collection":[{"href":"https:\/\/www.minihorse.eu\/fr\/wp-json\/wp\/v2\/product"}],"about":[{"href":"https:\/\/www.minihorse.eu\/fr\/wp-json\/wp\/v2\/types\/product"}],"replies":[{"embeddable":true,"href":"https:\/\/www.minihorse.eu\/fr\/wp-json\/wp\/v2\/comments?post=12914"}],"wp:featuredmedia":[{"embeddable":true,"href":"https:\/\/www.minihorse.eu\/fr\/wp-json\/wp\/v2\/media\/12910"}],"wp:attachment":[{"href":"https:\/\/www.minihorse.eu\/fr\/wp-json\/wp\/v2\/media?parent=12914"}],"wp:term":[{"taxonomy":"product_brand","embeddable":true,"href":"https:\/\/www.minihorse.eu\/fr\/wp-json\/wp\/v2\/product_brand?post=12914"},{"taxonomy":"product_cat","embeddable":true,"href":"https:\/\/www.minihorse.eu\/fr\/wp-json\/wp\/v2\/product_cat?post=12914"},{"taxonomy":"product_tag","embeddable":true,"href":"https:\/\/www.minihorse.eu\/fr\/wp-json\/wp\/v2\/product_tag?post=12914"}],"curies":[{"name":"wp","href":"https:\/\/api.w.org\/{rel}","templated":true}]}}