{"id":1298,"date":"2024-10-14T15:07:08","date_gmt":"2024-10-14T15:07:08","guid":{"rendered":"https:\/\/horselandshop.com\/product\/couverture-dhiver-foal-classic\/"},"modified":"2025-03-26T19:09:34","modified_gmt":"2025-03-26T19:09:34","slug":"couverture-dhiver-foal-classic","status":"publish","type":"product","link":"https:\/\/www.minihorse.eu\/fr\/produit\/couverture-dhiver-foal-classic\/","title":{"rendered":"Couverture d&rsquo;hiver pour poulain avec ventre"},"content":{"rendered":"<p>Gardez votre poulain cheval miniature bien au chaud et prot\u00e9g\u00e9 cet hiver avec notre <strong>couverture d&rsquo;hiver pour poulain avec ventre<\/strong>, con\u00e7ue pour une chaleur et une durabilit\u00e9 ultimes. Fabriqu\u00e9e en <strong>polyester imperm\u00e9able ripstop 600 deniers<\/strong>, cette couverture prot\u00e8ge votre cheval des intemp\u00e9ries tout en lui offrant un maximum de confort gr\u00e2ce \u00e0 son rembourrage de <strong>300 grammes pour une isolation accrue<\/strong>. <\/p>\n<p><strong>Caract\u00e9ristiques principales :<\/strong><\/p>\n<ul>\n<li><strong>Tissu robuste 600D ripstop <\/strong>pour une protection imperm\u00e9able et une utilisation durable.<\/li>\n<li><strong>Le rembourrage de 300 g<\/strong> garantit la chaleur m\u00eame dans les conditions les plus froides.<\/li>\n<li><strong>Rabat ventral et sangle de jambe<\/strong> pour un ajustement s\u00fbr et confortable sans entraver les mouvements.<\/li>\n<li><strong>Fermeture sur la poitrine<\/strong> avec une boucle r\u00e9glable pour une fixation facile et personnalis\u00e9e.<\/li>\n<\/ul>\n<p>Que ce soit au champ ou \u00e0 l&rsquo;\u00e9curie, cette couverture d&rsquo;hiver est con\u00e7ue pour offrir une chaleur, une protection et une tenue optimales \u00e0 votre poulain miniature bien-aim\u00e9.<\/p>\n","protected":false},"excerpt":{"rendered":"<p>Gardez votre cheval miniature au chaud et au sec cet hiver avec notre <strong>couverture d&rsquo;hiver pour poulain<\/strong> avec ventrale. Fabriqu\u00e9e en <strong>polyester 600D ripstop imperm\u00e9able <\/strong>avec un rembourrage de <strong>300g pour l&rsquo;isolation<\/strong>, <strong>une fermeture de poitrail avec une boucle et un rabat ventral<\/strong> pour une couverture s\u00fbre. Parfaite pour le confort et la protection par temps froid!  <\/p>\n","protected":false},"featured_media":10239,"comment_status":"open","ping_status":"closed","template":"","meta":[],"product_brand":[],"product_cat":[194],"product_tag":[196,840],"class_list":{"0":"post-1298","1":"product","2":"type-product","3":"status-publish","4":"has-post-thumbnail","6":"product_cat-couvertures-dhiver","7":"product_tag-couverture-dhiver","8":"product_tag-couverture-pour-poulain","10":"first","11":"instock","12":"taxable","13":"shipping-taxable","14":"purchasable","15":"product-type-variable","16":"has-default-attributes"},"yoast_head":"<!-- This site is optimized with the Yoast SEO plugin v27.6 - https:\/\/yoast.com\/product\/yoast-seo-wordpress\/ -->\n<title>Couverture d&#039;hiver pour poulain avec ventre - Minihorse.eu<\/title>\n<meta name=\"robots\" content=\"index, follow, max-snippet:-1, max-image-preview:large, max-video-preview:-1\" \/>\n<link rel=\"canonical\" href=\"https:\/\/www.minihorse.eu\/fr\/produit\/couverture-dhiver-foal-classic\/\" \/>\n<meta property=\"og:locale\" content=\"fr_FR\" \/>\n<meta property=\"og:type\" content=\"article\" \/>\n<meta property=\"og:title\" content=\"Couverture d&#039;hiver pour poulain avec ventre - Minihorse.eu\" \/>\n<meta property=\"og:description\" content=\"Gardez votre cheval miniature au chaud et au sec cet hiver avec notre couverture d&#039;hiver pour poulain avec ventrale. Fabriqu\u00e9e en polyester 600D ripstop imperm\u00e9able avec un rembourrage de 300g pour l&#039;isolation, une fermeture de poitrail avec une boucle et un rabat ventral pour une couverture s\u00fbre. Parfaite pour le confort et la protection par temps froid!\" \/>\n<meta property=\"og:url\" content=\"https:\/\/www.minihorse.eu\/fr\/produit\/couverture-dhiver-foal-classic\/\" \/>\n<meta property=\"og:site_name\" content=\"Minihorse.eu\" \/>\n<meta property=\"article:publisher\" content=\"https:\/\/www.facebook.com\/profile.php?id=100063487117479\" \/>\n<meta property=\"article:modified_time\" content=\"2025-03-26T19:09:34+00:00\" \/>\n<meta property=\"og:image\" content=\"https:\/\/www.minihorse.eu\/wp-content\/uploads\/2025\/05\/Winter-foal-blanket-cheetah.jpg\" \/>\n\t<meta property=\"og:image:width\" content=\"1181\" \/>\n\t<meta property=\"og:image:height\" content=\"1181\" \/>\n\t<meta property=\"og:image:type\" content=\"image\/jpeg\" \/>\n<meta name=\"twitter:card\" content=\"summary_large_image\" \/>\n<meta name=\"twitter:label1\" content=\"Dur\u00e9e de lecture estim\u00e9e\" \/>\n\t<meta name=\"twitter:data1\" content=\"1 minute\" \/>\n<script type=\"application\/ld+json\" class=\"yoast-schema-graph\">{\"@context\":\"https:\\\/\\\/schema.org\",\"@graph\":[{\"@type\":\"WebPage\",\"@id\":\"https:\\\/\\\/www.minihorse.eu\\\/fr\\\/produit\\\/couverture-dhiver-foal-classic\\\/\",\"url\":\"https:\\\/\\\/www.minihorse.eu\\\/fr\\\/produit\\\/couverture-dhiver-foal-classic\\\/\",\"name\":\"Couverture d'hiver pour poulain avec ventre - Minihorse.eu\",\"isPartOf\":{\"@id\":\"https:\\\/\\\/www.minihorse.eu\\\/#website\"},\"primaryImageOfPage\":{\"@id\":\"https:\\\/\\\/www.minihorse.eu\\\/fr\\\/produit\\\/couverture-dhiver-foal-classic\\\/#primaryimage\"},\"image\":{\"@id\":\"https:\\\/\\\/www.minihorse.eu\\\/fr\\\/produit\\\/couverture-dhiver-foal-classic\\\/#primaryimage\"},\"thumbnailUrl\":\"https:\\\/\\\/www.minihorse.eu\\\/wp-content\\\/uploads\\\/2025\\\/05\\\/Winter-foal-blanket-cheetah.jpg\",\"datePublished\":\"2024-10-14T15:07:08+00:00\",\"dateModified\":\"2025-03-26T19:09:34+00:00\",\"breadcrumb\":{\"@id\":\"https:\\\/\\\/www.minihorse.eu\\\/fr\\\/produit\\\/couverture-dhiver-foal-classic\\\/#breadcrumb\"},\"inLanguage\":\"fr-FR\",\"potentialAction\":[{\"@type\":\"ReadAction\",\"target\":[\"https:\\\/\\\/www.minihorse.eu\\\/fr\\\/produit\\\/couverture-dhiver-foal-classic\\\/\"]}]},{\"@type\":\"ImageObject\",\"inLanguage\":\"fr-FR\",\"@id\":\"https:\\\/\\\/www.minihorse.eu\\\/fr\\\/produit\\\/couverture-dhiver-foal-classic\\\/#primaryimage\",\"url\":\"https:\\\/\\\/www.minihorse.eu\\\/wp-content\\\/uploads\\\/2025\\\/05\\\/Winter-foal-blanket-cheetah.jpg\",\"contentUrl\":\"https:\\\/\\\/www.minihorse.eu\\\/wp-content\\\/uploads\\\/2025\\\/05\\\/Winter-foal-blanket-cheetah.jpg\",\"width\":1181,\"height\":1181},{\"@type\":\"BreadcrumbList\",\"@id\":\"https:\\\/\\\/www.minihorse.eu\\\/fr\\\/produit\\\/couverture-dhiver-foal-classic\\\/#breadcrumb\",\"itemListElement\":[{\"@type\":\"ListItem\",\"position\":1,\"name\":\"Home\",\"item\":\"https:\\\/\\\/www.minihorse.eu\\\/fr\\\/accueil\\\/\"},{\"@type\":\"ListItem\",\"position\":2,\"name\":\"Boutique\",\"item\":\"https:\\\/\\\/www.minihorse.eu\\\/fr\\\/boutique\\\/\"},{\"@type\":\"ListItem\",\"position\":3,\"name\":\"Couverture d&#8217;hiver pour poulain avec ventre\"}]},{\"@type\":\"WebSite\",\"@id\":\"https:\\\/\\\/www.minihorse.eu\\\/#website\",\"url\":\"https:\\\/\\\/www.minihorse.eu\\\/\",\"name\":\"Minihorse.eu\",\"description\":\"The #1 store for Miniature Horses\",\"publisher\":{\"@id\":\"https:\\\/\\\/www.minihorse.eu\\\/#organization\"},\"potentialAction\":[{\"@type\":\"SearchAction\",\"target\":{\"@type\":\"EntryPoint\",\"urlTemplate\":\"https:\\\/\\\/www.minihorse.eu\\\/?s={search_term_string}\"},\"query-input\":{\"@type\":\"PropertyValueSpecification\",\"valueRequired\":true,\"valueName\":\"search_term_string\"}}],\"inLanguage\":\"fr-FR\"},{\"@type\":\"Organization\",\"@id\":\"https:\\\/\\\/www.minihorse.eu\\\/#organization\",\"name\":\"Minihorse.eu\",\"url\":\"https:\\\/\\\/www.minihorse.eu\\\/\",\"logo\":{\"@type\":\"ImageObject\",\"inLanguage\":\"fr-FR\",\"@id\":\"https:\\\/\\\/www.minihorse.eu\\\/#\\\/schema\\\/logo\\\/image\\\/\",\"url\":\"https:\\\/\\\/www.minihorse.eu\\\/wp-content\\\/uploads\\\/2024\\\/08\\\/Logo-minihorse-ext.png\",\"contentUrl\":\"https:\\\/\\\/www.minihorse.eu\\\/wp-content\\\/uploads\\\/2024\\\/08\\\/Logo-minihorse-ext.png\",\"width\":500,\"height\":500,\"caption\":\"Minihorse.eu\"},\"image\":{\"@id\":\"https:\\\/\\\/www.minihorse.eu\\\/#\\\/schema\\\/logo\\\/image\\\/\"},\"sameAs\":[\"https:\\\/\\\/www.facebook.com\\\/profile.php?id=100063487117479\"]}]}<\/script>\n<!-- \/ Yoast SEO plugin. -->","yoast_head_json":{"title":"Couverture d'hiver pour poulain avec ventre - Minihorse.eu","robots":{"index":"index","follow":"follow","max-snippet":"max-snippet:-1","max-image-preview":"max-image-preview:large","max-video-preview":"max-video-preview:-1"},"canonical":"https:\/\/www.minihorse.eu\/fr\/produit\/couverture-dhiver-foal-classic\/","og_locale":"fr_FR","og_type":"article","og_title":"Couverture d'hiver pour poulain avec ventre - Minihorse.eu","og_description":"Gardez votre cheval miniature au chaud et au sec cet hiver avec notre couverture d'hiver pour poulain avec ventrale. Fabriqu\u00e9e en polyester 600D ripstop imperm\u00e9able avec un rembourrage de 300g pour l'isolation, une fermeture de poitrail avec une boucle et un rabat ventral pour une couverture s\u00fbre. Parfaite pour le confort et la protection par temps froid!","og_url":"https:\/\/www.minihorse.eu\/fr\/produit\/couverture-dhiver-foal-classic\/","og_site_name":"Minihorse.eu","article_publisher":"https:\/\/www.facebook.com\/profile.php?id=100063487117479","article_modified_time":"2025-03-26T19:09:34+00:00","og_image":[{"width":1181,"height":1181,"url":"https:\/\/www.minihorse.eu\/wp-content\/uploads\/2025\/05\/Winter-foal-blanket-cheetah.jpg","type":"image\/jpeg"}],"twitter_card":"summary_large_image","twitter_misc":{"Dur\u00e9e de lecture estim\u00e9e":"1 minute"},"schema":{"@context":"https:\/\/schema.org","@graph":[{"@type":"WebPage","@id":"https:\/\/www.minihorse.eu\/fr\/produit\/couverture-dhiver-foal-classic\/","url":"https:\/\/www.minihorse.eu\/fr\/produit\/couverture-dhiver-foal-classic\/","name":"Couverture d'hiver pour poulain avec ventre - Minihorse.eu","isPartOf":{"@id":"https:\/\/www.minihorse.eu\/#website"},"primaryImageOfPage":{"@id":"https:\/\/www.minihorse.eu\/fr\/produit\/couverture-dhiver-foal-classic\/#primaryimage"},"image":{"@id":"https:\/\/www.minihorse.eu\/fr\/produit\/couverture-dhiver-foal-classic\/#primaryimage"},"thumbnailUrl":"https:\/\/www.minihorse.eu\/wp-content\/uploads\/2025\/05\/Winter-foal-blanket-cheetah.jpg","datePublished":"2024-10-14T15:07:08+00:00","dateModified":"2025-03-26T19:09:34+00:00","breadcrumb":{"@id":"https:\/\/www.minihorse.eu\/fr\/produit\/couverture-dhiver-foal-classic\/#breadcrumb"},"inLanguage":"fr-FR","potentialAction":[{"@type":"ReadAction","target":["https:\/\/www.minihorse.eu\/fr\/produit\/couverture-dhiver-foal-classic\/"]}]},{"@type":"ImageObject","inLanguage":"fr-FR","@id":"https:\/\/www.minihorse.eu\/fr\/produit\/couverture-dhiver-foal-classic\/#primaryimage","url":"https:\/\/www.minihorse.eu\/wp-content\/uploads\/2025\/05\/Winter-foal-blanket-cheetah.jpg","contentUrl":"https:\/\/www.minihorse.eu\/wp-content\/uploads\/2025\/05\/Winter-foal-blanket-cheetah.jpg","width":1181,"height":1181},{"@type":"BreadcrumbList","@id":"https:\/\/www.minihorse.eu\/fr\/produit\/couverture-dhiver-foal-classic\/#breadcrumb","itemListElement":[{"@type":"ListItem","position":1,"name":"Home","item":"https:\/\/www.minihorse.eu\/fr\/accueil\/"},{"@type":"ListItem","position":2,"name":"Boutique","item":"https:\/\/www.minihorse.eu\/fr\/boutique\/"},{"@type":"ListItem","position":3,"name":"Couverture d&#8217;hiver pour poulain avec ventre"}]},{"@type":"WebSite","@id":"https:\/\/www.minihorse.eu\/#website","url":"https:\/\/www.minihorse.eu\/","name":"Minihorse.eu","description":"The #1 store for Miniature Horses","publisher":{"@id":"https:\/\/www.minihorse.eu\/#organization"},"potentialAction":[{"@type":"SearchAction","target":{"@type":"EntryPoint","urlTemplate":"https:\/\/www.minihorse.eu\/?s={search_term_string}"},"query-input":{"@type":"PropertyValueSpecification","valueRequired":true,"valueName":"search_term_string"}}],"inLanguage":"fr-FR"},{"@type":"Organization","@id":"https:\/\/www.minihorse.eu\/#organization","name":"Minihorse.eu","url":"https:\/\/www.minihorse.eu\/","logo":{"@type":"ImageObject","inLanguage":"fr-FR","@id":"https:\/\/www.minihorse.eu\/#\/schema\/logo\/image\/","url":"https:\/\/www.minihorse.eu\/wp-content\/uploads\/2024\/08\/Logo-minihorse-ext.png","contentUrl":"https:\/\/www.minihorse.eu\/wp-content\/uploads\/2024\/08\/Logo-minihorse-ext.png","width":500,"height":500,"caption":"Minihorse.eu"},"image":{"@id":"https:\/\/www.minihorse.eu\/#\/schema\/logo\/image\/"},"sameAs":["https:\/\/www.facebook.com\/profile.php?id=100063487117479"]}]}},"jetpack_sharing_enabled":true,"_links":{"self":[{"href":"https:\/\/www.minihorse.eu\/fr\/wp-json\/wp\/v2\/product\/1298","targetHints":{"allow":["GET"]}}],"collection":[{"href":"https:\/\/www.minihorse.eu\/fr\/wp-json\/wp\/v2\/product"}],"about":[{"href":"https:\/\/www.minihorse.eu\/fr\/wp-json\/wp\/v2\/types\/product"}],"replies":[{"embeddable":true,"href":"https:\/\/www.minihorse.eu\/fr\/wp-json\/wp\/v2\/comments?post=1298"}],"wp:featuredmedia":[{"embeddable":true,"href":"https:\/\/www.minihorse.eu\/fr\/wp-json\/wp\/v2\/media\/10239"}],"wp:attachment":[{"href":"https:\/\/www.minihorse.eu\/fr\/wp-json\/wp\/v2\/media?parent=1298"}],"wp:term":[{"taxonomy":"product_brand","embeddable":true,"href":"https:\/\/www.minihorse.eu\/fr\/wp-json\/wp\/v2\/product_brand?post=1298"},{"taxonomy":"product_cat","embeddable":true,"href":"https:\/\/www.minihorse.eu\/fr\/wp-json\/wp\/v2\/product_cat?post=1298"},{"taxonomy":"product_tag","embeddable":true,"href":"https:\/\/www.minihorse.eu\/fr\/wp-json\/wp\/v2\/product_tag?post=1298"}],"curies":[{"name":"wp","href":"https:\/\/api.w.org\/{rel}","templated":true}]}}