{"id":1313,"date":"2024-10-16T10:38:02","date_gmt":"2024-10-16T10:38:02","guid":{"rendered":"https:\/\/horselandshop.com\/product\/tbdone\/"},"modified":"2025-04-13T08:18:59","modified_gmt":"2025-04-13T08:18:59","slug":"tbdone","status":"publish","type":"product","link":"https:\/\/www.minihorse.eu\/fr\/produit\/tbdone\/","title":{"rendered":"TBDONE"},"content":{"rendered":"<p>Nos <strong>sangles \u00e9lastiques pour fesses<\/strong> sont des accessoires essentiels pour les couvertures de chevaux, con\u00e7ues pour offrir une s\u00e9curit\u00e9 et un confort suppl\u00e9mentaires. Ces sangles \u00e9lastiques durables aident \u00e0 maintenir la couverture de votre cheval bien en place, l&#8217;emp\u00eachant de se d\u00e9placer pendant les mouvements. Id\u00e9ales pour am\u00e9liorer l&rsquo;ajustement de n&rsquo;importe quelle couverture, la construction \u00e9lastique offre souplesse et confort \u00e0 votre cheval, assurant un ajustement serr\u00e9 mais non restrictif.  <\/p>\n<p><strong>Caract\u00e9ristiques principales :<\/strong><\/p>\n<ul>\n<li><strong>Mati\u00e8re \u00e9lastique<\/strong> pour plus de souplesse et un bon maintien.<\/li>\n<li>Aide \u00e0 maintenir les couvertures en place, \u00e9vitant qu&rsquo;elles ne se d\u00e9placent pendant les mouvements.<\/li>\n<li>Id\u00e9al pour tout type de couverture pour chevaux.<\/li>\n<li>Durable et facile \u00e0 attacher, il offre une s\u00e9curit\u00e9 accrue.<\/li>\n<\/ul>\n<p>Ces sangles de fesses \u00e9lastiques sont une solution simple mais efficace pour s&rsquo;assurer que la couverture de votre cheval reste en place, offrant \u00e0 la fois confort et stabilit\u00e9.<\/p>\n","protected":false},"excerpt":{"rendered":"<p>Veillez \u00e0 ce que la couverture de votre cheval reste bien en place gr\u00e2ce \u00e0 nos <strong>sangles \u00e9lastiques pour fesses<\/strong>. Fabriqu\u00e9es \u00e0 partir d&rsquo;un \u00e9lastique durable et flexible, elles assurent un bon maintien et emp\u00eachent les mouvements. Id\u00e9ales pour toutes les couvertures pour chevaux !  <\/p>\n","protected":false},"featured_media":1182,"comment_status":"open","ping_status":"closed","template":"","meta":[],"product_brand":[],"product_cat":[219,187],"product_tag":[],"class_list":{"0":"post-1313","1":"product","2":"type-product","3":"status-publish","4":"has-post-thumbnail","6":"product_cat-accessoires-pour-tapis","7":"product_cat-chevaux-miniatures","9":"first","10":"instock","11":"taxable","12":"shipping-taxable","13":"purchasable","14":"product-type-simple"},"yoast_head":"<!-- This site is optimized with the Yoast SEO plugin v27.5 - https:\/\/yoast.com\/product\/yoast-seo-wordpress\/ -->\n<title>TBDONE - Minihorse.eu<\/title>\n<meta name=\"robots\" content=\"index, follow, max-snippet:-1, max-image-preview:large, max-video-preview:-1\" \/>\n<link rel=\"canonical\" href=\"https:\/\/www.minihorse.eu\/produit\/elastic-buttock-straps\/\" \/>\n<meta property=\"og:locale\" content=\"fr_FR\" \/>\n<meta property=\"og:type\" content=\"article\" \/>\n<meta property=\"og:title\" content=\"TBDONE - Minihorse.eu\" \/>\n<meta property=\"og:description\" content=\"Veillez \u00e0 ce que la couverture de votre cheval reste bien en place gr\u00e2ce \u00e0 nos sangles \u00e9lastiques pour fesses. Fabriqu\u00e9es \u00e0 partir d&#039;un \u00e9lastique durable et flexible, elles assurent un bon maintien et emp\u00eachent les mouvements. Id\u00e9ales pour toutes les couvertures pour chevaux !\" \/>\n<meta property=\"og:url\" content=\"https:\/\/www.minihorse.eu\/produit\/elastic-buttock-straps\/\" \/>\n<meta property=\"og:site_name\" content=\"Minihorse.eu\" \/>\n<meta property=\"article:publisher\" content=\"https:\/\/www.facebook.com\/profile.php?id=100063487117479\" \/>\n<meta property=\"article:modified_time\" content=\"2025-04-13T08:18:59+00:00\" \/>\n<meta property=\"og:image\" content=\"https:\/\/www.minihorse.eu\/wp-content\/uploads\/2024\/10\/Elastic-Buttock-Straps.jpg\" \/>\n\t<meta property=\"og:image:width\" content=\"700\" \/>\n\t<meta property=\"og:image:height\" content=\"284\" \/>\n\t<meta property=\"og:image:type\" content=\"image\/jpeg\" \/>\n<meta name=\"twitter:card\" content=\"summary_large_image\" \/>\n<meta name=\"twitter:label1\" content=\"Dur\u00e9e de lecture estim\u00e9e\" \/>\n\t<meta name=\"twitter:data1\" content=\"1 minute\" \/>\n<script type=\"application\/ld+json\" class=\"yoast-schema-graph\">{\"@context\":\"https:\\\/\\\/schema.org\",\"@graph\":[{\"@type\":\"WebPage\",\"@id\":\"https:\\\/\\\/www.minihorse.eu\\\/produit\\\/elastic-buttock-straps\\\/\",\"url\":\"https:\\\/\\\/www.minihorse.eu\\\/produit\\\/elastic-buttock-straps\\\/\",\"name\":\"TBDONE - Minihorse.eu\",\"isPartOf\":{\"@id\":\"https:\\\/\\\/www.minihorse.eu\\\/#website\"},\"primaryImageOfPage\":{\"@id\":\"https:\\\/\\\/www.minihorse.eu\\\/produit\\\/elastic-buttock-straps\\\/#primaryimage\"},\"image\":{\"@id\":\"https:\\\/\\\/www.minihorse.eu\\\/produit\\\/elastic-buttock-straps\\\/#primaryimage\"},\"thumbnailUrl\":\"https:\\\/\\\/www.minihorse.eu\\\/wp-content\\\/uploads\\\/2024\\\/10\\\/Elastic-Buttock-Straps.jpg\",\"datePublished\":\"2024-10-16T10:38:02+00:00\",\"dateModified\":\"2025-04-13T08:18:59+00:00\",\"breadcrumb\":{\"@id\":\"https:\\\/\\\/www.minihorse.eu\\\/produit\\\/elastic-buttock-straps\\\/#breadcrumb\"},\"inLanguage\":\"fr-FR\",\"potentialAction\":[{\"@type\":\"ReadAction\",\"target\":[\"https:\\\/\\\/www.minihorse.eu\\\/produit\\\/elastic-buttock-straps\\\/\"]}]},{\"@type\":\"ImageObject\",\"inLanguage\":\"fr-FR\",\"@id\":\"https:\\\/\\\/www.minihorse.eu\\\/produit\\\/elastic-buttock-straps\\\/#primaryimage\",\"url\":\"https:\\\/\\\/www.minihorse.eu\\\/wp-content\\\/uploads\\\/2024\\\/10\\\/Elastic-Buttock-Straps.jpg\",\"contentUrl\":\"https:\\\/\\\/www.minihorse.eu\\\/wp-content\\\/uploads\\\/2024\\\/10\\\/Elastic-Buttock-Straps.jpg\",\"width\":700,\"height\":284},{\"@type\":\"BreadcrumbList\",\"@id\":\"https:\\\/\\\/www.minihorse.eu\\\/produit\\\/elastic-buttock-straps\\\/#breadcrumb\",\"itemListElement\":[{\"@type\":\"ListItem\",\"position\":1,\"name\":\"Home\",\"item\":\"https:\\\/\\\/www.minihorse.eu\\\/fr\\\/accueil\\\/\"},{\"@type\":\"ListItem\",\"position\":2,\"name\":\"Boutique\",\"item\":\"https:\\\/\\\/www.minihorse.eu\\\/fr\\\/boutique\\\/\"},{\"@type\":\"ListItem\",\"position\":3,\"name\":\"TBDONE\"}]},{\"@type\":\"WebSite\",\"@id\":\"https:\\\/\\\/www.minihorse.eu\\\/#website\",\"url\":\"https:\\\/\\\/www.minihorse.eu\\\/\",\"name\":\"Minihorse.eu\",\"description\":\"The #1 store for Miniature Horses\",\"publisher\":{\"@id\":\"https:\\\/\\\/www.minihorse.eu\\\/#organization\"},\"potentialAction\":[{\"@type\":\"SearchAction\",\"target\":{\"@type\":\"EntryPoint\",\"urlTemplate\":\"https:\\\/\\\/www.minihorse.eu\\\/?s={search_term_string}\"},\"query-input\":{\"@type\":\"PropertyValueSpecification\",\"valueRequired\":true,\"valueName\":\"search_term_string\"}}],\"inLanguage\":\"fr-FR\"},{\"@type\":\"Organization\",\"@id\":\"https:\\\/\\\/www.minihorse.eu\\\/#organization\",\"name\":\"Minihorse.eu\",\"url\":\"https:\\\/\\\/www.minihorse.eu\\\/\",\"logo\":{\"@type\":\"ImageObject\",\"inLanguage\":\"fr-FR\",\"@id\":\"https:\\\/\\\/www.minihorse.eu\\\/#\\\/schema\\\/logo\\\/image\\\/\",\"url\":\"https:\\\/\\\/www.minihorse.eu\\\/wp-content\\\/uploads\\\/2024\\\/08\\\/Logo-minihorse-ext.png\",\"contentUrl\":\"https:\\\/\\\/www.minihorse.eu\\\/wp-content\\\/uploads\\\/2024\\\/08\\\/Logo-minihorse-ext.png\",\"width\":500,\"height\":500,\"caption\":\"Minihorse.eu\"},\"image\":{\"@id\":\"https:\\\/\\\/www.minihorse.eu\\\/#\\\/schema\\\/logo\\\/image\\\/\"},\"sameAs\":[\"https:\\\/\\\/www.facebook.com\\\/profile.php?id=100063487117479\"]}]}<\/script>\n<!-- \/ Yoast SEO plugin. -->","yoast_head_json":{"title":"TBDONE - Minihorse.eu","robots":{"index":"index","follow":"follow","max-snippet":"max-snippet:-1","max-image-preview":"max-image-preview:large","max-video-preview":"max-video-preview:-1"},"canonical":"https:\/\/www.minihorse.eu\/produit\/elastic-buttock-straps\/","og_locale":"fr_FR","og_type":"article","og_title":"TBDONE - Minihorse.eu","og_description":"Veillez \u00e0 ce que la couverture de votre cheval reste bien en place gr\u00e2ce \u00e0 nos sangles \u00e9lastiques pour fesses. Fabriqu\u00e9es \u00e0 partir d'un \u00e9lastique durable et flexible, elles assurent un bon maintien et emp\u00eachent les mouvements. Id\u00e9ales pour toutes les couvertures pour chevaux !","og_url":"https:\/\/www.minihorse.eu\/produit\/elastic-buttock-straps\/","og_site_name":"Minihorse.eu","article_publisher":"https:\/\/www.facebook.com\/profile.php?id=100063487117479","article_modified_time":"2025-04-13T08:18:59+00:00","og_image":[{"width":700,"height":284,"url":"https:\/\/www.minihorse.eu\/wp-content\/uploads\/2024\/10\/Elastic-Buttock-Straps.jpg","type":"image\/jpeg"}],"twitter_card":"summary_large_image","twitter_misc":{"Dur\u00e9e de lecture estim\u00e9e":"1 minute"},"schema":{"@context":"https:\/\/schema.org","@graph":[{"@type":"WebPage","@id":"https:\/\/www.minihorse.eu\/produit\/elastic-buttock-straps\/","url":"https:\/\/www.minihorse.eu\/produit\/elastic-buttock-straps\/","name":"TBDONE - Minihorse.eu","isPartOf":{"@id":"https:\/\/www.minihorse.eu\/#website"},"primaryImageOfPage":{"@id":"https:\/\/www.minihorse.eu\/produit\/elastic-buttock-straps\/#primaryimage"},"image":{"@id":"https:\/\/www.minihorse.eu\/produit\/elastic-buttock-straps\/#primaryimage"},"thumbnailUrl":"https:\/\/www.minihorse.eu\/wp-content\/uploads\/2024\/10\/Elastic-Buttock-Straps.jpg","datePublished":"2024-10-16T10:38:02+00:00","dateModified":"2025-04-13T08:18:59+00:00","breadcrumb":{"@id":"https:\/\/www.minihorse.eu\/produit\/elastic-buttock-straps\/#breadcrumb"},"inLanguage":"fr-FR","potentialAction":[{"@type":"ReadAction","target":["https:\/\/www.minihorse.eu\/produit\/elastic-buttock-straps\/"]}]},{"@type":"ImageObject","inLanguage":"fr-FR","@id":"https:\/\/www.minihorse.eu\/produit\/elastic-buttock-straps\/#primaryimage","url":"https:\/\/www.minihorse.eu\/wp-content\/uploads\/2024\/10\/Elastic-Buttock-Straps.jpg","contentUrl":"https:\/\/www.minihorse.eu\/wp-content\/uploads\/2024\/10\/Elastic-Buttock-Straps.jpg","width":700,"height":284},{"@type":"BreadcrumbList","@id":"https:\/\/www.minihorse.eu\/produit\/elastic-buttock-straps\/#breadcrumb","itemListElement":[{"@type":"ListItem","position":1,"name":"Home","item":"https:\/\/www.minihorse.eu\/fr\/accueil\/"},{"@type":"ListItem","position":2,"name":"Boutique","item":"https:\/\/www.minihorse.eu\/fr\/boutique\/"},{"@type":"ListItem","position":3,"name":"TBDONE"}]},{"@type":"WebSite","@id":"https:\/\/www.minihorse.eu\/#website","url":"https:\/\/www.minihorse.eu\/","name":"Minihorse.eu","description":"The #1 store for Miniature Horses","publisher":{"@id":"https:\/\/www.minihorse.eu\/#organization"},"potentialAction":[{"@type":"SearchAction","target":{"@type":"EntryPoint","urlTemplate":"https:\/\/www.minihorse.eu\/?s={search_term_string}"},"query-input":{"@type":"PropertyValueSpecification","valueRequired":true,"valueName":"search_term_string"}}],"inLanguage":"fr-FR"},{"@type":"Organization","@id":"https:\/\/www.minihorse.eu\/#organization","name":"Minihorse.eu","url":"https:\/\/www.minihorse.eu\/","logo":{"@type":"ImageObject","inLanguage":"fr-FR","@id":"https:\/\/www.minihorse.eu\/#\/schema\/logo\/image\/","url":"https:\/\/www.minihorse.eu\/wp-content\/uploads\/2024\/08\/Logo-minihorse-ext.png","contentUrl":"https:\/\/www.minihorse.eu\/wp-content\/uploads\/2024\/08\/Logo-minihorse-ext.png","width":500,"height":500,"caption":"Minihorse.eu"},"image":{"@id":"https:\/\/www.minihorse.eu\/#\/schema\/logo\/image\/"},"sameAs":["https:\/\/www.facebook.com\/profile.php?id=100063487117479"]}]}},"jetpack_sharing_enabled":true,"_links":{"self":[{"href":"https:\/\/www.minihorse.eu\/fr\/wp-json\/wp\/v2\/product\/1313","targetHints":{"allow":["GET"]}}],"collection":[{"href":"https:\/\/www.minihorse.eu\/fr\/wp-json\/wp\/v2\/product"}],"about":[{"href":"https:\/\/www.minihorse.eu\/fr\/wp-json\/wp\/v2\/types\/product"}],"replies":[{"embeddable":true,"href":"https:\/\/www.minihorse.eu\/fr\/wp-json\/wp\/v2\/comments?post=1313"}],"wp:featuredmedia":[{"embeddable":true,"href":"https:\/\/www.minihorse.eu\/fr\/wp-json\/wp\/v2\/media\/1182"}],"wp:attachment":[{"href":"https:\/\/www.minihorse.eu\/fr\/wp-json\/wp\/v2\/media?parent=1313"}],"wp:term":[{"taxonomy":"product_brand","embeddable":true,"href":"https:\/\/www.minihorse.eu\/fr\/wp-json\/wp\/v2\/product_brand?post=1313"},{"taxonomy":"product_cat","embeddable":true,"href":"https:\/\/www.minihorse.eu\/fr\/wp-json\/wp\/v2\/product_cat?post=1313"},{"taxonomy":"product_tag","embeddable":true,"href":"https:\/\/www.minihorse.eu\/fr\/wp-json\/wp\/v2\/product_tag?post=1313"}],"curies":[{"name":"wp","href":"https:\/\/api.w.org\/{rel}","templated":true}]}}