{"id":1327,"date":"2024-10-31T20:15:21","date_gmt":"2024-10-31T20:15:21","guid":{"rendered":"https:\/\/horselandshop.com\/product\/equitone-black-shampooing-et-revitalisant-tout-en-un-pour-chevaux\/"},"modified":"2025-07-14T21:43:34","modified_gmt":"2025-07-14T21:43:34","slug":"equitone-black-shampooing-et-revitalisant-tout-en-un-pour-chevaux","status":"publish","type":"product","link":"https:\/\/www.minihorse.eu\/fr\/produit\/equitone-black-shampooing-et-revitalisant-tout-en-un-pour-chevaux\/","title":{"rendered":"Shampooing &amp; Apr\u00e8s-Shampooing Tout-en-Un \u00c9quilibrant de Couleur EquiTone Noir"},"content":{"rendered":"<p>EquiTone Black All-in-One Color Enhancing Shampoing &amp; Apr\u00e8s Shampoing est la solution ultime pour les propri\u00e9taires de chevaux qui souhaitent enrichir les tons noirs naturels de la robe de leur cheval tout en \u00e9liminant les taches et en ajoutant une finition brillante et soyeuse. Formul\u00e9 pour donner une couleur riche et plus noire, EquiTone Black ne se contente pas de rehausser le pelage, il permet \u00e9galement de gagner du temps et de l&rsquo;argent gr\u00e2ce \u00e0 son traitement nettoyant et revitalisant tout-en-un. La formule moussante, \u00e0 la fois douce et efficace, est facile \u00e0 rincer et laisse le pelage de votre cheval magnifiquement propre, doux et \u00e9clatant. Ce produit est con\u00e7u pour fonctionner en toute transparence avec le spray correcteur de couleur Show Touch Up de Shapley, ce qui en fait le choix id\u00e9al pour un toilettage pr\u00eat pour les concours. EquiTone Black offre des r\u00e9sultats professionnels \u00e0 chaque lavage, en renfor\u00e7ant et en faisant ressortir la profondeur naturelle des couleurs fonc\u00e9es, tout en apportant un soin et un conditionnement doux \u00e0 la robe de votre cheval. Avec EquiTone Black, donnez \u00e0 votre cheval l&rsquo;\u00e9clat riche et vibrant qu&rsquo;il m\u00e9rite.  <\/p>\n","protected":false},"excerpt":{"rendered":"<p>Obtenez un pelage noir et riche avec EquiTone Black, le shampooing et l&rsquo;apr\u00e8s-shampooing tout-en-un qui rehaussent les tons fonc\u00e9s, \u00e9liminent les taches et ajoutent de la brillance et de la douceur. Parfait pour un toilettage rapide et efficace qui permet de gagner du temps et de mettre en valeur la couleur naturelle. <\/p>\n","protected":false},"featured_media":1323,"comment_status":"open","ping_status":"closed","template":"","meta":[],"product_brand":[],"product_cat":[179,210,180],"product_tag":[1542,226,171],"class_list":{"0":"post-1327","1":"product","2":"type-product","3":"status-publish","4":"has-post-thumbnail","6":"product_cat-meilleures-ventes","7":"product_cat-shapleys-fr","8":"product_cat-soins","9":"product_tag-shampooing-colorant","10":"product_tag-shapley-fr","11":"product_tag-soins","13":"first","14":"instock","15":"taxable","16":"shipping-taxable","17":"purchasable","18":"product-type-variable"},"yoast_head":"<!-- This site is optimized with the Yoast SEO plugin v27.6 - https:\/\/yoast.com\/product\/yoast-seo-wordpress\/ -->\n<title>Shampooing &amp; Apr\u00e8s-Shampooing Tout-en-Un \u00c9quilibrant de Couleur EquiTone Noir - Minihorse.eu<\/title>\n<meta name=\"robots\" content=\"index, follow, max-snippet:-1, max-image-preview:large, max-video-preview:-1\" \/>\n<link rel=\"canonical\" href=\"https:\/\/www.minihorse.eu\/fr\/produit\/equitone-black-shampooing-et-revitalisant-tout-en-un-pour-chevaux\/\" \/>\n<meta property=\"og:locale\" content=\"fr_FR\" \/>\n<meta property=\"og:type\" content=\"article\" \/>\n<meta property=\"og:title\" content=\"Shampooing &amp; Apr\u00e8s-Shampooing Tout-en-Un \u00c9quilibrant de Couleur EquiTone Noir - Minihorse.eu\" \/>\n<meta property=\"og:description\" content=\"Obtenez un pelage noir et riche avec EquiTone Black, le shampooing et l&#039;apr\u00e8s-shampooing tout-en-un qui rehaussent les tons fonc\u00e9s, \u00e9liminent les taches et ajoutent de la brillance et de la douceur. Parfait pour un toilettage rapide et efficace qui permet de gagner du temps et de mettre en valeur la couleur naturelle.\" \/>\n<meta property=\"og:url\" content=\"https:\/\/www.minihorse.eu\/fr\/produit\/equitone-black-shampooing-et-revitalisant-tout-en-un-pour-chevaux\/\" \/>\n<meta property=\"og:site_name\" content=\"Minihorse.eu\" \/>\n<meta property=\"article:publisher\" content=\"https:\/\/www.facebook.com\/profile.php?id=100063487117479\" \/>\n<meta property=\"article:modified_time\" content=\"2025-07-14T21:43:34+00:00\" \/>\n<meta property=\"og:image\" content=\"https:\/\/www.minihorse.eu\/wp-content\/uploads\/2024\/10\/EquiTone-Black-16-oz.jpg\" \/>\n\t<meta property=\"og:image:width\" content=\"600\" \/>\n\t<meta property=\"og:image:height\" content=\"800\" \/>\n\t<meta property=\"og:image:type\" content=\"image\/jpeg\" \/>\n<meta name=\"twitter:card\" content=\"summary_large_image\" \/>\n<meta name=\"twitter:label1\" content=\"Dur\u00e9e de lecture estim\u00e9e\" \/>\n\t<meta name=\"twitter:data1\" content=\"1 minute\" \/>\n<script type=\"application\/ld+json\" class=\"yoast-schema-graph\">{\"@context\":\"https:\\\/\\\/schema.org\",\"@graph\":[{\"@type\":\"WebPage\",\"@id\":\"https:\\\/\\\/www.minihorse.eu\\\/fr\\\/produit\\\/equitone-black-shampooing-et-revitalisant-tout-en-un-pour-chevaux\\\/\",\"url\":\"https:\\\/\\\/www.minihorse.eu\\\/fr\\\/produit\\\/equitone-black-shampooing-et-revitalisant-tout-en-un-pour-chevaux\\\/\",\"name\":\"Shampooing &amp; Apr\u00e8s-Shampooing Tout-en-Un \u00c9quilibrant de Couleur EquiTone Noir - Minihorse.eu\",\"isPartOf\":{\"@id\":\"https:\\\/\\\/www.minihorse.eu\\\/#website\"},\"primaryImageOfPage\":{\"@id\":\"https:\\\/\\\/www.minihorse.eu\\\/fr\\\/produit\\\/equitone-black-shampooing-et-revitalisant-tout-en-un-pour-chevaux\\\/#primaryimage\"},\"image\":{\"@id\":\"https:\\\/\\\/www.minihorse.eu\\\/fr\\\/produit\\\/equitone-black-shampooing-et-revitalisant-tout-en-un-pour-chevaux\\\/#primaryimage\"},\"thumbnailUrl\":\"https:\\\/\\\/www.minihorse.eu\\\/wp-content\\\/uploads\\\/2024\\\/10\\\/EquiTone-Black-16-oz.jpg\",\"datePublished\":\"2024-10-31T20:15:21+00:00\",\"dateModified\":\"2025-07-14T21:43:34+00:00\",\"breadcrumb\":{\"@id\":\"https:\\\/\\\/www.minihorse.eu\\\/fr\\\/produit\\\/equitone-black-shampooing-et-revitalisant-tout-en-un-pour-chevaux\\\/#breadcrumb\"},\"inLanguage\":\"fr-FR\",\"potentialAction\":[{\"@type\":\"ReadAction\",\"target\":[\"https:\\\/\\\/www.minihorse.eu\\\/fr\\\/produit\\\/equitone-black-shampooing-et-revitalisant-tout-en-un-pour-chevaux\\\/\"]}]},{\"@type\":\"ImageObject\",\"inLanguage\":\"fr-FR\",\"@id\":\"https:\\\/\\\/www.minihorse.eu\\\/fr\\\/produit\\\/equitone-black-shampooing-et-revitalisant-tout-en-un-pour-chevaux\\\/#primaryimage\",\"url\":\"https:\\\/\\\/www.minihorse.eu\\\/wp-content\\\/uploads\\\/2024\\\/10\\\/EquiTone-Black-16-oz.jpg\",\"contentUrl\":\"https:\\\/\\\/www.minihorse.eu\\\/wp-content\\\/uploads\\\/2024\\\/10\\\/EquiTone-Black-16-oz.jpg\",\"width\":600,\"height\":800,\"caption\":\"Faites ressortir les tons noirs naturels gr\u00e2ce \u00e0 EquiTone Black, un puissant rehausseur de couleur et conditionneur pour une brillance \u00e9poustouflante.\"},{\"@type\":\"BreadcrumbList\",\"@id\":\"https:\\\/\\\/www.minihorse.eu\\\/fr\\\/produit\\\/equitone-black-shampooing-et-revitalisant-tout-en-un-pour-chevaux\\\/#breadcrumb\",\"itemListElement\":[{\"@type\":\"ListItem\",\"position\":1,\"name\":\"Home\",\"item\":\"https:\\\/\\\/www.minihorse.eu\\\/fr\\\/accueil\\\/\"},{\"@type\":\"ListItem\",\"position\":2,\"name\":\"Boutique\",\"item\":\"https:\\\/\\\/www.minihorse.eu\\\/fr\\\/boutique\\\/\"},{\"@type\":\"ListItem\",\"position\":3,\"name\":\"Shampooing &amp; Apr\u00e8s-Shampooing Tout-en-Un \u00c9quilibrant de Couleur EquiTone Noir\"}]},{\"@type\":\"WebSite\",\"@id\":\"https:\\\/\\\/www.minihorse.eu\\\/#website\",\"url\":\"https:\\\/\\\/www.minihorse.eu\\\/\",\"name\":\"Minihorse.eu\",\"description\":\"The #1 store for Miniature Horses\",\"publisher\":{\"@id\":\"https:\\\/\\\/www.minihorse.eu\\\/#organization\"},\"potentialAction\":[{\"@type\":\"SearchAction\",\"target\":{\"@type\":\"EntryPoint\",\"urlTemplate\":\"https:\\\/\\\/www.minihorse.eu\\\/?s={search_term_string}\"},\"query-input\":{\"@type\":\"PropertyValueSpecification\",\"valueRequired\":true,\"valueName\":\"search_term_string\"}}],\"inLanguage\":\"fr-FR\"},{\"@type\":\"Organization\",\"@id\":\"https:\\\/\\\/www.minihorse.eu\\\/#organization\",\"name\":\"Minihorse.eu\",\"url\":\"https:\\\/\\\/www.minihorse.eu\\\/\",\"logo\":{\"@type\":\"ImageObject\",\"inLanguage\":\"fr-FR\",\"@id\":\"https:\\\/\\\/www.minihorse.eu\\\/#\\\/schema\\\/logo\\\/image\\\/\",\"url\":\"https:\\\/\\\/www.minihorse.eu\\\/wp-content\\\/uploads\\\/2024\\\/08\\\/Logo-minihorse-ext.png\",\"contentUrl\":\"https:\\\/\\\/www.minihorse.eu\\\/wp-content\\\/uploads\\\/2024\\\/08\\\/Logo-minihorse-ext.png\",\"width\":500,\"height\":500,\"caption\":\"Minihorse.eu\"},\"image\":{\"@id\":\"https:\\\/\\\/www.minihorse.eu\\\/#\\\/schema\\\/logo\\\/image\\\/\"},\"sameAs\":[\"https:\\\/\\\/www.facebook.com\\\/profile.php?id=100063487117479\"]}]}<\/script>\n<!-- \/ Yoast SEO plugin. -->","yoast_head_json":{"title":"Shampooing &amp; Apr\u00e8s-Shampooing Tout-en-Un \u00c9quilibrant de Couleur EquiTone Noir - Minihorse.eu","robots":{"index":"index","follow":"follow","max-snippet":"max-snippet:-1","max-image-preview":"max-image-preview:large","max-video-preview":"max-video-preview:-1"},"canonical":"https:\/\/www.minihorse.eu\/fr\/produit\/equitone-black-shampooing-et-revitalisant-tout-en-un-pour-chevaux\/","og_locale":"fr_FR","og_type":"article","og_title":"Shampooing &amp; Apr\u00e8s-Shampooing Tout-en-Un \u00c9quilibrant de Couleur EquiTone Noir - Minihorse.eu","og_description":"Obtenez un pelage noir et riche avec EquiTone Black, le shampooing et l'apr\u00e8s-shampooing tout-en-un qui rehaussent les tons fonc\u00e9s, \u00e9liminent les taches et ajoutent de la brillance et de la douceur. Parfait pour un toilettage rapide et efficace qui permet de gagner du temps et de mettre en valeur la couleur naturelle.","og_url":"https:\/\/www.minihorse.eu\/fr\/produit\/equitone-black-shampooing-et-revitalisant-tout-en-un-pour-chevaux\/","og_site_name":"Minihorse.eu","article_publisher":"https:\/\/www.facebook.com\/profile.php?id=100063487117479","article_modified_time":"2025-07-14T21:43:34+00:00","og_image":[{"width":600,"height":800,"url":"https:\/\/www.minihorse.eu\/wp-content\/uploads\/2024\/10\/EquiTone-Black-16-oz.jpg","type":"image\/jpeg"}],"twitter_card":"summary_large_image","twitter_misc":{"Dur\u00e9e de lecture estim\u00e9e":"1 minute"},"schema":{"@context":"https:\/\/schema.org","@graph":[{"@type":"WebPage","@id":"https:\/\/www.minihorse.eu\/fr\/produit\/equitone-black-shampooing-et-revitalisant-tout-en-un-pour-chevaux\/","url":"https:\/\/www.minihorse.eu\/fr\/produit\/equitone-black-shampooing-et-revitalisant-tout-en-un-pour-chevaux\/","name":"Shampooing &amp; Apr\u00e8s-Shampooing Tout-en-Un \u00c9quilibrant de Couleur EquiTone Noir - Minihorse.eu","isPartOf":{"@id":"https:\/\/www.minihorse.eu\/#website"},"primaryImageOfPage":{"@id":"https:\/\/www.minihorse.eu\/fr\/produit\/equitone-black-shampooing-et-revitalisant-tout-en-un-pour-chevaux\/#primaryimage"},"image":{"@id":"https:\/\/www.minihorse.eu\/fr\/produit\/equitone-black-shampooing-et-revitalisant-tout-en-un-pour-chevaux\/#primaryimage"},"thumbnailUrl":"https:\/\/www.minihorse.eu\/wp-content\/uploads\/2024\/10\/EquiTone-Black-16-oz.jpg","datePublished":"2024-10-31T20:15:21+00:00","dateModified":"2025-07-14T21:43:34+00:00","breadcrumb":{"@id":"https:\/\/www.minihorse.eu\/fr\/produit\/equitone-black-shampooing-et-revitalisant-tout-en-un-pour-chevaux\/#breadcrumb"},"inLanguage":"fr-FR","potentialAction":[{"@type":"ReadAction","target":["https:\/\/www.minihorse.eu\/fr\/produit\/equitone-black-shampooing-et-revitalisant-tout-en-un-pour-chevaux\/"]}]},{"@type":"ImageObject","inLanguage":"fr-FR","@id":"https:\/\/www.minihorse.eu\/fr\/produit\/equitone-black-shampooing-et-revitalisant-tout-en-un-pour-chevaux\/#primaryimage","url":"https:\/\/www.minihorse.eu\/wp-content\/uploads\/2024\/10\/EquiTone-Black-16-oz.jpg","contentUrl":"https:\/\/www.minihorse.eu\/wp-content\/uploads\/2024\/10\/EquiTone-Black-16-oz.jpg","width":600,"height":800,"caption":"Faites ressortir les tons noirs naturels gr\u00e2ce \u00e0 EquiTone Black, un puissant rehausseur de couleur et conditionneur pour une brillance \u00e9poustouflante."},{"@type":"BreadcrumbList","@id":"https:\/\/www.minihorse.eu\/fr\/produit\/equitone-black-shampooing-et-revitalisant-tout-en-un-pour-chevaux\/#breadcrumb","itemListElement":[{"@type":"ListItem","position":1,"name":"Home","item":"https:\/\/www.minihorse.eu\/fr\/accueil\/"},{"@type":"ListItem","position":2,"name":"Boutique","item":"https:\/\/www.minihorse.eu\/fr\/boutique\/"},{"@type":"ListItem","position":3,"name":"Shampooing &amp; Apr\u00e8s-Shampooing Tout-en-Un \u00c9quilibrant de Couleur EquiTone Noir"}]},{"@type":"WebSite","@id":"https:\/\/www.minihorse.eu\/#website","url":"https:\/\/www.minihorse.eu\/","name":"Minihorse.eu","description":"The #1 store for Miniature Horses","publisher":{"@id":"https:\/\/www.minihorse.eu\/#organization"},"potentialAction":[{"@type":"SearchAction","target":{"@type":"EntryPoint","urlTemplate":"https:\/\/www.minihorse.eu\/?s={search_term_string}"},"query-input":{"@type":"PropertyValueSpecification","valueRequired":true,"valueName":"search_term_string"}}],"inLanguage":"fr-FR"},{"@type":"Organization","@id":"https:\/\/www.minihorse.eu\/#organization","name":"Minihorse.eu","url":"https:\/\/www.minihorse.eu\/","logo":{"@type":"ImageObject","inLanguage":"fr-FR","@id":"https:\/\/www.minihorse.eu\/#\/schema\/logo\/image\/","url":"https:\/\/www.minihorse.eu\/wp-content\/uploads\/2024\/08\/Logo-minihorse-ext.png","contentUrl":"https:\/\/www.minihorse.eu\/wp-content\/uploads\/2024\/08\/Logo-minihorse-ext.png","width":500,"height":500,"caption":"Minihorse.eu"},"image":{"@id":"https:\/\/www.minihorse.eu\/#\/schema\/logo\/image\/"},"sameAs":["https:\/\/www.facebook.com\/profile.php?id=100063487117479"]}]}},"jetpack_sharing_enabled":true,"_links":{"self":[{"href":"https:\/\/www.minihorse.eu\/fr\/wp-json\/wp\/v2\/product\/1327","targetHints":{"allow":["GET"]}}],"collection":[{"href":"https:\/\/www.minihorse.eu\/fr\/wp-json\/wp\/v2\/product"}],"about":[{"href":"https:\/\/www.minihorse.eu\/fr\/wp-json\/wp\/v2\/types\/product"}],"replies":[{"embeddable":true,"href":"https:\/\/www.minihorse.eu\/fr\/wp-json\/wp\/v2\/comments?post=1327"}],"wp:featuredmedia":[{"embeddable":true,"href":"https:\/\/www.minihorse.eu\/fr\/wp-json\/wp\/v2\/media\/1323"}],"wp:attachment":[{"href":"https:\/\/www.minihorse.eu\/fr\/wp-json\/wp\/v2\/media?parent=1327"}],"wp:term":[{"taxonomy":"product_brand","embeddable":true,"href":"https:\/\/www.minihorse.eu\/fr\/wp-json\/wp\/v2\/product_brand?post=1327"},{"taxonomy":"product_cat","embeddable":true,"href":"https:\/\/www.minihorse.eu\/fr\/wp-json\/wp\/v2\/product_cat?post=1327"},{"taxonomy":"product_tag","embeddable":true,"href":"https:\/\/www.minihorse.eu\/fr\/wp-json\/wp\/v2\/product_tag?post=1327"}],"curies":[{"name":"wp","href":"https:\/\/api.w.org\/{rel}","templated":true}]}}