{"id":1337,"date":"2024-10-31T20:39:21","date_gmt":"2024-10-31T20:39:21","guid":{"rendered":"https:\/\/horselandshop.com\/?post_type=product&#038;p=1337"},"modified":"2025-10-18T20:15:46","modified_gmt":"2025-10-18T20:15:46","slug":"equitone-black-shampooing-et-revitalisant-tout-en-un-pour-chevaux-copy","status":"publish","type":"product","link":"https:\/\/www.minihorse.eu\/fr\/produit\/equitone-black-shampooing-et-revitalisant-tout-en-un-pour-chevaux-copy\/","title":{"rendered":"Shampooing blanchissant EquiTone"},"content":{"rendered":"<p>Le shampooing EquiTone Whitening est sp\u00e9cialement con\u00e7u pour \u00e9claircir et rehausser les pelages blancs tout en les nettoyant et en les revitalisant en douceur, ce qui en fait la solution de toilettage ultime pour les propri\u00e9taires de chevaux. Formul\u00e9 avec un azurant optique, EquiTone Whitening renforce la brillance naturelle, revitalisant le pelage pour qu&rsquo;il soit d&rsquo;un blanc propre et brillant. Cette formule riche et moussante \u00e9limine efficacement les taches de salet\u00e9, d&rsquo;herbe et de fumier, laissant le poil doux, soyeux et brillant avec un fini \u00e9clatant.  <\/p>\n<p>Id\u00e9al pour l\u2019entretien r\u00e9gulier et la pr\u00e9paration aux concours, la formule facile \u00e0 rincer d\u2019EquiTone Whitening fait gagner du temps et de l\u2019argent en combinant \u00e9claircissement, nettoyage et soin en un seul traitement. Il s\u2019associe parfaitement avec le spray correcteur de couleur Shapley\u2019s Show Touch Up, permettant d\u2019obtenir une finition impeccable pour le ring de pr\u00e9sentation. Laissez EquiTone Whitening r\u00e9v\u00e9ler la beaut\u00e9 naturelle de la robe de votre cheval \u00e0 chaque lavage.  <\/p>\n<p class=\"font_8 wixui-rich-text__text\"><span class=\"wixui-rich-text__text\">Le shampooing EquiTone est un shampooing et un apr\u00e8s-shampooing de qualit\u00e9 sup\u00e9rieure en une seule \u00e9tape qui ajoute une couleur riche et brillante tout en nettoyant et en conditionnant. Il donne de l&rsquo;\u00e9clat et de la vitalit\u00e9 aux cheveux en leur conf\u00e9rant une couleur naturelle et une brillance \u00e9clatante. Il est indispensable pour rajeunir les cheveux ab\u00eem\u00e9s par le soleil ou tondus, tout en donnant de la dimension et des reflets aux pelages, crini\u00e8res et queues ternes et dess\u00e9ch\u00e9s. EquiTone enrichit la couleur naturelle du cheval. Le shampooing Whitening ajoute une brillance optique \u00e0 toutes les couleurs de pelage et rend les pelages blancs ou gris sans taches et d&rsquo;une blancheur \u00e9tincelante.    <\/span><\/p>\n<p class=\"font_8 wixui-rich-text__text\"><span class=\"wixui-rich-text__text\"><span class=\"wixGuard wixui-rich-text__text\">\u200b<\/span><\/span><span class=\"wixui-rich-text__text\">Le shampooing EquiTone est facile \u00e0 utiliser. Ajoutez le shampooing directement sur le pelage mouill\u00e9, faites-le p\u00e9n\u00e9trer en profondeur, laissez reposer pendant 10 minutes, puis rincez. Ne diluez pas le shampooing en l&rsquo;ajoutant \u00e0 un seau d&rsquo;eau.  <\/span><\/p>\n<p class=\"font_8 wixui-rich-text__text\"><span class=\"wixui-rich-text__text\">Utilisez EquiTone sur les pelages et les queues d\u00e9color\u00e9s par le soleil pour redonner de la couleur et de l&rsquo;\u00e9clat. Utilisez EquiTone sur les chevaux qui viennent d&rsquo;\u00eatre tondus. Il redonnera de la couleur aux pelages bai et alezan. Utilisez \u00e9galement le shampooing EquiTone chaque fois que le poil de votre cheval a besoin d&rsquo;un regain de couleur et de reflets chatoyants.   <\/span><\/p>\n","protected":false},"excerpt":{"rendered":"<p>Obtenez un pelage blanc brillant et impeccable avec EquiTone Whitening, le shampooing qui \u00e9limine les taches, am\u00e9liore la blancheur naturelle et ajoute de la douceur et de la brillance. Parfait pour un toilettage sans effort et des r\u00e9sultats \u00e9clatants, pr\u00eats pour les expositions. <\/p>\n<p class=\"font_8 wixui-rich-text__text\">\n","protected":false},"featured_media":3222,"comment_status":"open","ping_status":"closed","template":"","meta":[],"product_brand":[],"product_cat":[210,180,183],"product_tag":[1088,1542,226,171],"class_list":{"0":"post-1337","1":"product","2":"type-product","3":"status-publish","4":"has-post-thumbnail","6":"product_cat-shapleys-fr","7":"product_cat-soins","8":"product_cat-toilettage","9":"product_tag-shampoing-blanc","10":"product_tag-shampooing-colorant","11":"product_tag-shapley-fr","12":"product_tag-soins","14":"first","15":"instock","16":"taxable","17":"shipping-taxable","18":"purchasable","19":"product-type-variable"},"yoast_head":"<!-- This site is optimized with the Yoast SEO plugin v27.5 - https:\/\/yoast.com\/product\/yoast-seo-wordpress\/ -->\n<title>Shampooing blanchissant EquiTone - Minihorse.eu<\/title>\n<meta name=\"robots\" content=\"index, follow, max-snippet:-1, max-image-preview:large, max-video-preview:-1\" \/>\n<link rel=\"canonical\" href=\"https:\/\/www.minihorse.eu\/fr\/produit\/equitone-black-shampooing-et-revitalisant-tout-en-un-pour-chevaux-copy\/\" \/>\n<meta property=\"og:locale\" content=\"fr_FR\" \/>\n<meta property=\"og:type\" content=\"article\" \/>\n<meta property=\"og:title\" content=\"Shampooing blanchissant EquiTone - Minihorse.eu\" \/>\n<meta property=\"og:description\" content=\"Obtenez un pelage blanc brillant et impeccable avec EquiTone Whitening, le shampooing qui \u00e9limine les taches, am\u00e9liore la blancheur naturelle et ajoute de la douceur et de la brillance. Parfait pour un toilettage sans effort et des r\u00e9sultats \u00e9clatants, pr\u00eats pour les expositions.\" \/>\n<meta property=\"og:url\" content=\"https:\/\/www.minihorse.eu\/fr\/produit\/equitone-black-shampooing-et-revitalisant-tout-en-un-pour-chevaux-copy\/\" \/>\n<meta property=\"og:site_name\" content=\"Minihorse.eu\" \/>\n<meta property=\"article:publisher\" content=\"https:\/\/www.facebook.com\/profile.php?id=100063487117479\" \/>\n<meta property=\"article:modified_time\" content=\"2025-10-18T20:15:46+00:00\" \/>\n<meta property=\"og:image\" content=\"https:\/\/www.minihorse.eu\/wp-content\/uploads\/2024\/10\/Equitone-Whitening-946-ml.png\" \/>\n\t<meta property=\"og:image:width\" content=\"335\" \/>\n\t<meta property=\"og:image:height\" content=\"450\" \/>\n\t<meta property=\"og:image:type\" content=\"image\/png\" \/>\n<meta name=\"twitter:card\" content=\"summary_large_image\" \/>\n<meta name=\"twitter:label1\" content=\"Dur\u00e9e de lecture estim\u00e9e\" \/>\n\t<meta name=\"twitter:data1\" content=\"2 minutes\" \/>\n<script type=\"application\/ld+json\" class=\"yoast-schema-graph\">{\"@context\":\"https:\\\/\\\/schema.org\",\"@graph\":[{\"@type\":\"WebPage\",\"@id\":\"https:\\\/\\\/www.minihorse.eu\\\/fr\\\/produit\\\/equitone-black-shampooing-et-revitalisant-tout-en-un-pour-chevaux-copy\\\/\",\"url\":\"https:\\\/\\\/www.minihorse.eu\\\/fr\\\/produit\\\/equitone-black-shampooing-et-revitalisant-tout-en-un-pour-chevaux-copy\\\/\",\"name\":\"Shampooing blanchissant EquiTone - Minihorse.eu\",\"isPartOf\":{\"@id\":\"https:\\\/\\\/www.minihorse.eu\\\/#website\"},\"primaryImageOfPage\":{\"@id\":\"https:\\\/\\\/www.minihorse.eu\\\/fr\\\/produit\\\/equitone-black-shampooing-et-revitalisant-tout-en-un-pour-chevaux-copy\\\/#primaryimage\"},\"image\":{\"@id\":\"https:\\\/\\\/www.minihorse.eu\\\/fr\\\/produit\\\/equitone-black-shampooing-et-revitalisant-tout-en-un-pour-chevaux-copy\\\/#primaryimage\"},\"thumbnailUrl\":\"https:\\\/\\\/www.minihorse.eu\\\/wp-content\\\/uploads\\\/2024\\\/10\\\/Equitone-Whitening-946-ml.png\",\"datePublished\":\"2024-10-31T20:39:21+00:00\",\"dateModified\":\"2025-10-18T20:15:46+00:00\",\"breadcrumb\":{\"@id\":\"https:\\\/\\\/www.minihorse.eu\\\/fr\\\/produit\\\/equitone-black-shampooing-et-revitalisant-tout-en-un-pour-chevaux-copy\\\/#breadcrumb\"},\"inLanguage\":\"fr-FR\",\"potentialAction\":[{\"@type\":\"ReadAction\",\"target\":[\"https:\\\/\\\/www.minihorse.eu\\\/fr\\\/produit\\\/equitone-black-shampooing-et-revitalisant-tout-en-un-pour-chevaux-copy\\\/\"]}]},{\"@type\":\"ImageObject\",\"inLanguage\":\"fr-FR\",\"@id\":\"https:\\\/\\\/www.minihorse.eu\\\/fr\\\/produit\\\/equitone-black-shampooing-et-revitalisant-tout-en-un-pour-chevaux-copy\\\/#primaryimage\",\"url\":\"https:\\\/\\\/www.minihorse.eu\\\/wp-content\\\/uploads\\\/2024\\\/10\\\/Equitone-Whitening-946-ml.png\",\"contentUrl\":\"https:\\\/\\\/www.minihorse.eu\\\/wp-content\\\/uploads\\\/2024\\\/10\\\/Equitone-Whitening-946-ml.png\",\"width\":335,\"height\":450},{\"@type\":\"BreadcrumbList\",\"@id\":\"https:\\\/\\\/www.minihorse.eu\\\/fr\\\/produit\\\/equitone-black-shampooing-et-revitalisant-tout-en-un-pour-chevaux-copy\\\/#breadcrumb\",\"itemListElement\":[{\"@type\":\"ListItem\",\"position\":1,\"name\":\"Home\",\"item\":\"https:\\\/\\\/www.minihorse.eu\\\/fr\\\/accueil\\\/\"},{\"@type\":\"ListItem\",\"position\":2,\"name\":\"Boutique\",\"item\":\"https:\\\/\\\/www.minihorse.eu\\\/fr\\\/boutique\\\/\"},{\"@type\":\"ListItem\",\"position\":3,\"name\":\"Shampooing blanchissant EquiTone\"}]},{\"@type\":\"WebSite\",\"@id\":\"https:\\\/\\\/www.minihorse.eu\\\/#website\",\"url\":\"https:\\\/\\\/www.minihorse.eu\\\/\",\"name\":\"Minihorse.eu\",\"description\":\"The #1 store for Miniature Horses\",\"publisher\":{\"@id\":\"https:\\\/\\\/www.minihorse.eu\\\/#organization\"},\"potentialAction\":[{\"@type\":\"SearchAction\",\"target\":{\"@type\":\"EntryPoint\",\"urlTemplate\":\"https:\\\/\\\/www.minihorse.eu\\\/?s={search_term_string}\"},\"query-input\":{\"@type\":\"PropertyValueSpecification\",\"valueRequired\":true,\"valueName\":\"search_term_string\"}}],\"inLanguage\":\"fr-FR\"},{\"@type\":\"Organization\",\"@id\":\"https:\\\/\\\/www.minihorse.eu\\\/#organization\",\"name\":\"Minihorse.eu\",\"url\":\"https:\\\/\\\/www.minihorse.eu\\\/\",\"logo\":{\"@type\":\"ImageObject\",\"inLanguage\":\"fr-FR\",\"@id\":\"https:\\\/\\\/www.minihorse.eu\\\/#\\\/schema\\\/logo\\\/image\\\/\",\"url\":\"https:\\\/\\\/www.minihorse.eu\\\/wp-content\\\/uploads\\\/2024\\\/08\\\/Logo-minihorse-ext.png\",\"contentUrl\":\"https:\\\/\\\/www.minihorse.eu\\\/wp-content\\\/uploads\\\/2024\\\/08\\\/Logo-minihorse-ext.png\",\"width\":500,\"height\":500,\"caption\":\"Minihorse.eu\"},\"image\":{\"@id\":\"https:\\\/\\\/www.minihorse.eu\\\/#\\\/schema\\\/logo\\\/image\\\/\"},\"sameAs\":[\"https:\\\/\\\/www.facebook.com\\\/profile.php?id=100063487117479\"]}]}<\/script>\n<!-- \/ Yoast SEO plugin. -->","yoast_head_json":{"title":"Shampooing blanchissant EquiTone - Minihorse.eu","robots":{"index":"index","follow":"follow","max-snippet":"max-snippet:-1","max-image-preview":"max-image-preview:large","max-video-preview":"max-video-preview:-1"},"canonical":"https:\/\/www.minihorse.eu\/fr\/produit\/equitone-black-shampooing-et-revitalisant-tout-en-un-pour-chevaux-copy\/","og_locale":"fr_FR","og_type":"article","og_title":"Shampooing blanchissant EquiTone - Minihorse.eu","og_description":"Obtenez un pelage blanc brillant et impeccable avec EquiTone Whitening, le shampooing qui \u00e9limine les taches, am\u00e9liore la blancheur naturelle et ajoute de la douceur et de la brillance. Parfait pour un toilettage sans effort et des r\u00e9sultats \u00e9clatants, pr\u00eats pour les expositions.","og_url":"https:\/\/www.minihorse.eu\/fr\/produit\/equitone-black-shampooing-et-revitalisant-tout-en-un-pour-chevaux-copy\/","og_site_name":"Minihorse.eu","article_publisher":"https:\/\/www.facebook.com\/profile.php?id=100063487117479","article_modified_time":"2025-10-18T20:15:46+00:00","og_image":[{"width":335,"height":450,"url":"https:\/\/www.minihorse.eu\/wp-content\/uploads\/2024\/10\/Equitone-Whitening-946-ml.png","type":"image\/png"}],"twitter_card":"summary_large_image","twitter_misc":{"Dur\u00e9e de lecture estim\u00e9e":"2 minutes"},"schema":{"@context":"https:\/\/schema.org","@graph":[{"@type":"WebPage","@id":"https:\/\/www.minihorse.eu\/fr\/produit\/equitone-black-shampooing-et-revitalisant-tout-en-un-pour-chevaux-copy\/","url":"https:\/\/www.minihorse.eu\/fr\/produit\/equitone-black-shampooing-et-revitalisant-tout-en-un-pour-chevaux-copy\/","name":"Shampooing blanchissant EquiTone - Minihorse.eu","isPartOf":{"@id":"https:\/\/www.minihorse.eu\/#website"},"primaryImageOfPage":{"@id":"https:\/\/www.minihorse.eu\/fr\/produit\/equitone-black-shampooing-et-revitalisant-tout-en-un-pour-chevaux-copy\/#primaryimage"},"image":{"@id":"https:\/\/www.minihorse.eu\/fr\/produit\/equitone-black-shampooing-et-revitalisant-tout-en-un-pour-chevaux-copy\/#primaryimage"},"thumbnailUrl":"https:\/\/www.minihorse.eu\/wp-content\/uploads\/2024\/10\/Equitone-Whitening-946-ml.png","datePublished":"2024-10-31T20:39:21+00:00","dateModified":"2025-10-18T20:15:46+00:00","breadcrumb":{"@id":"https:\/\/www.minihorse.eu\/fr\/produit\/equitone-black-shampooing-et-revitalisant-tout-en-un-pour-chevaux-copy\/#breadcrumb"},"inLanguage":"fr-FR","potentialAction":[{"@type":"ReadAction","target":["https:\/\/www.minihorse.eu\/fr\/produit\/equitone-black-shampooing-et-revitalisant-tout-en-un-pour-chevaux-copy\/"]}]},{"@type":"ImageObject","inLanguage":"fr-FR","@id":"https:\/\/www.minihorse.eu\/fr\/produit\/equitone-black-shampooing-et-revitalisant-tout-en-un-pour-chevaux-copy\/#primaryimage","url":"https:\/\/www.minihorse.eu\/wp-content\/uploads\/2024\/10\/Equitone-Whitening-946-ml.png","contentUrl":"https:\/\/www.minihorse.eu\/wp-content\/uploads\/2024\/10\/Equitone-Whitening-946-ml.png","width":335,"height":450},{"@type":"BreadcrumbList","@id":"https:\/\/www.minihorse.eu\/fr\/produit\/equitone-black-shampooing-et-revitalisant-tout-en-un-pour-chevaux-copy\/#breadcrumb","itemListElement":[{"@type":"ListItem","position":1,"name":"Home","item":"https:\/\/www.minihorse.eu\/fr\/accueil\/"},{"@type":"ListItem","position":2,"name":"Boutique","item":"https:\/\/www.minihorse.eu\/fr\/boutique\/"},{"@type":"ListItem","position":3,"name":"Shampooing blanchissant EquiTone"}]},{"@type":"WebSite","@id":"https:\/\/www.minihorse.eu\/#website","url":"https:\/\/www.minihorse.eu\/","name":"Minihorse.eu","description":"The #1 store for Miniature Horses","publisher":{"@id":"https:\/\/www.minihorse.eu\/#organization"},"potentialAction":[{"@type":"SearchAction","target":{"@type":"EntryPoint","urlTemplate":"https:\/\/www.minihorse.eu\/?s={search_term_string}"},"query-input":{"@type":"PropertyValueSpecification","valueRequired":true,"valueName":"search_term_string"}}],"inLanguage":"fr-FR"},{"@type":"Organization","@id":"https:\/\/www.minihorse.eu\/#organization","name":"Minihorse.eu","url":"https:\/\/www.minihorse.eu\/","logo":{"@type":"ImageObject","inLanguage":"fr-FR","@id":"https:\/\/www.minihorse.eu\/#\/schema\/logo\/image\/","url":"https:\/\/www.minihorse.eu\/wp-content\/uploads\/2024\/08\/Logo-minihorse-ext.png","contentUrl":"https:\/\/www.minihorse.eu\/wp-content\/uploads\/2024\/08\/Logo-minihorse-ext.png","width":500,"height":500,"caption":"Minihorse.eu"},"image":{"@id":"https:\/\/www.minihorse.eu\/#\/schema\/logo\/image\/"},"sameAs":["https:\/\/www.facebook.com\/profile.php?id=100063487117479"]}]}},"jetpack_sharing_enabled":true,"_links":{"self":[{"href":"https:\/\/www.minihorse.eu\/fr\/wp-json\/wp\/v2\/product\/1337","targetHints":{"allow":["GET"]}}],"collection":[{"href":"https:\/\/www.minihorse.eu\/fr\/wp-json\/wp\/v2\/product"}],"about":[{"href":"https:\/\/www.minihorse.eu\/fr\/wp-json\/wp\/v2\/types\/product"}],"replies":[{"embeddable":true,"href":"https:\/\/www.minihorse.eu\/fr\/wp-json\/wp\/v2\/comments?post=1337"}],"wp:featuredmedia":[{"embeddable":true,"href":"https:\/\/www.minihorse.eu\/fr\/wp-json\/wp\/v2\/media\/3222"}],"wp:attachment":[{"href":"https:\/\/www.minihorse.eu\/fr\/wp-json\/wp\/v2\/media?parent=1337"}],"wp:term":[{"taxonomy":"product_brand","embeddable":true,"href":"https:\/\/www.minihorse.eu\/fr\/wp-json\/wp\/v2\/product_brand?post=1337"},{"taxonomy":"product_cat","embeddable":true,"href":"https:\/\/www.minihorse.eu\/fr\/wp-json\/wp\/v2\/product_cat?post=1337"},{"taxonomy":"product_tag","embeddable":true,"href":"https:\/\/www.minihorse.eu\/fr\/wp-json\/wp\/v2\/product_tag?post=1337"}],"curies":[{"name":"wp","href":"https:\/\/api.w.org\/{rel}","templated":true}]}}