{"id":1435,"date":"2024-11-26T15:23:25","date_gmt":"2024-11-26T15:23:25","guid":{"rendered":"https:\/\/horselandshop.com\/product\/harnais-de-cavesson-en-cuir-noir-premium\/"},"modified":"2026-04-17T21:38:02","modified_gmt":"2026-04-17T21:38:02","slug":"harnais-de-cavesson-en-cuir-noir-premium","status":"publish","type":"product","link":"https:\/\/www.minihorse.eu\/fr\/produit\/harnais-de-cavesson-en-cuir-noir-premium\/","title":{"rendered":"Cavesson en Cuir Noir"},"content":{"rendered":"<p>Le cavesson en cuir noir est sp\u00e9cialement con\u00e7u pour les chevaux miniatures et les shetlands. Il allie \u00e9l\u00e9gance, durabilit\u00e9 et fonctionnalit\u00e9. Fabriqu\u00e9 \u00e0 partir de cuir de haute qualit\u00e9, il garantit un ajustement confortable et d&rsquo;excellentes performances pendant l&rsquo;entra\u00eenement et le travail au sol. <\/p>\n<p>Avec sa finition noire classique, ce cavesson est aussi \u00e9l\u00e9gant que fonctionnel, en faisant un outil indispensable pour les conducteurs souhaitant am\u00e9liorer les performances de leur cheval tout en conservant une apparence professionnelle. Parfait pour les formateurs exp\u00e9riment\u00e9s et les passionn\u00e9s de chevaux miniatures, ce cavesson en cuir combine habilement artisanat et utilit\u00e9. <\/p>\n","protected":false},"excerpt":{"rendered":"<p>Harnais de cavesson en cuir noir \u00e9l\u00e9gant, sp\u00e9cialement con\u00e7u pour les chevaux miniatures, offrant un confort exceptionnel, une grande adaptabilit\u00e9 et une durabilit\u00e9 remarquable. Id\u00e9al pour l&rsquo;entra\u00eenement, le travail au sol ou les comp\u00e9titions. <\/p>\n","protected":false},"featured_media":1434,"comment_status":"open","ping_status":"closed","template":"","meta":[],"product_brand":[],"product_cat":[243,422,349],"product_tag":[244,266],"class_list":{"0":"post-1435","1":"product","2":"type-product","3":"status-publish","4":"has-post-thumbnail","6":"product_cat-licols-en-cuir","7":"product_cat-longer-et-entrainement","8":"product_cat-longues-renes-entrainement","9":"product_tag-chevaux-miniatures","10":"product_tag-produits-en-cuir","12":"first","13":"instock","14":"taxable","15":"shipping-taxable","16":"purchasable","17":"product-type-variable"},"yoast_head":"<!-- This site is optimized with the Yoast SEO plugin v27.5 - https:\/\/yoast.com\/product\/yoast-seo-wordpress\/ -->\n<title>Cavesson en Cuir Noir - Minihorse.eu<\/title>\n<meta name=\"description\" content=\"Cavesson en cuir pour chevaux miniatures et poneys Shetland. Durable, r\u00e9glable et confortable - id\u00e9al pour l&#039;entra\u00eenement et le travail au sol.\" \/>\n<meta name=\"robots\" content=\"index, follow, max-snippet:-1, max-image-preview:large, max-video-preview:-1\" \/>\n<link rel=\"canonical\" href=\"https:\/\/www.minihorse.eu\/fr\/produit\/harnais-de-cavesson-en-cuir-noir-premium\/\" \/>\n<meta property=\"og:locale\" content=\"fr_FR\" \/>\n<meta property=\"og:type\" content=\"article\" \/>\n<meta property=\"og:title\" content=\"Cavesson en Cuir Noir - Minihorse.eu\" \/>\n<meta property=\"og:description\" content=\"Cavesson en cuir pour chevaux miniatures et poneys Shetland. Durable, r\u00e9glable et confortable - id\u00e9al pour l&#039;entra\u00eenement et le travail au sol.\" \/>\n<meta property=\"og:url\" content=\"https:\/\/www.minihorse.eu\/fr\/produit\/harnais-de-cavesson-en-cuir-noir-premium\/\" \/>\n<meta property=\"og:site_name\" content=\"Minihorse.eu\" \/>\n<meta property=\"article:publisher\" content=\"https:\/\/www.facebook.com\/profile.php?id=100063487117479\" \/>\n<meta property=\"article:modified_time\" content=\"2026-04-17T21:38:02+00:00\" \/>\n<meta property=\"og:image\" content=\"https:\/\/www.minihorse.eu\/wp-content\/uploads\/2024\/11\/Cavesson-leather-black.jpg\" \/>\n\t<meta property=\"og:image:width\" content=\"600\" \/>\n\t<meta property=\"og:image:height\" content=\"800\" \/>\n\t<meta property=\"og:image:type\" content=\"image\/jpeg\" \/>\n<meta name=\"twitter:card\" content=\"summary_large_image\" \/>\n<meta name=\"twitter:label1\" content=\"Dur\u00e9e de lecture estim\u00e9e\" \/>\n\t<meta name=\"twitter:data1\" content=\"1 minute\" \/>\n<script type=\"application\/ld+json\" class=\"yoast-schema-graph\">{\"@context\":\"https:\\\/\\\/schema.org\",\"@graph\":[{\"@type\":\"WebPage\",\"@id\":\"https:\\\/\\\/www.minihorse.eu\\\/fr\\\/produit\\\/harnais-de-cavesson-en-cuir-noir-premium\\\/\",\"url\":\"https:\\\/\\\/www.minihorse.eu\\\/fr\\\/produit\\\/harnais-de-cavesson-en-cuir-noir-premium\\\/\",\"name\":\"Cavesson en Cuir Noir - Minihorse.eu\",\"isPartOf\":{\"@id\":\"https:\\\/\\\/www.minihorse.eu\\\/#website\"},\"primaryImageOfPage\":{\"@id\":\"https:\\\/\\\/www.minihorse.eu\\\/fr\\\/produit\\\/harnais-de-cavesson-en-cuir-noir-premium\\\/#primaryimage\"},\"image\":{\"@id\":\"https:\\\/\\\/www.minihorse.eu\\\/fr\\\/produit\\\/harnais-de-cavesson-en-cuir-noir-premium\\\/#primaryimage\"},\"thumbnailUrl\":\"https:\\\/\\\/www.minihorse.eu\\\/wp-content\\\/uploads\\\/2024\\\/11\\\/Cavesson-leather-black.jpg\",\"datePublished\":\"2024-11-26T15:23:25+00:00\",\"dateModified\":\"2026-04-17T21:38:02+00:00\",\"description\":\"Cavesson en cuir pour chevaux miniatures et poneys Shetland. Durable, r\u00e9glable et confortable - id\u00e9al pour l'entra\u00eenement et le travail au sol.\",\"breadcrumb\":{\"@id\":\"https:\\\/\\\/www.minihorse.eu\\\/fr\\\/produit\\\/harnais-de-cavesson-en-cuir-noir-premium\\\/#breadcrumb\"},\"inLanguage\":\"fr-FR\",\"potentialAction\":[{\"@type\":\"ReadAction\",\"target\":[\"https:\\\/\\\/www.minihorse.eu\\\/fr\\\/produit\\\/harnais-de-cavesson-en-cuir-noir-premium\\\/\"]}]},{\"@type\":\"ImageObject\",\"inLanguage\":\"fr-FR\",\"@id\":\"https:\\\/\\\/www.minihorse.eu\\\/fr\\\/produit\\\/harnais-de-cavesson-en-cuir-noir-premium\\\/#primaryimage\",\"url\":\"https:\\\/\\\/www.minihorse.eu\\\/wp-content\\\/uploads\\\/2024\\\/11\\\/Cavesson-leather-black.jpg\",\"contentUrl\":\"https:\\\/\\\/www.minihorse.eu\\\/wp-content\\\/uploads\\\/2024\\\/11\\\/Cavesson-leather-black.jpg\",\"width\":600,\"height\":800,\"caption\":\"Entra\u00eenez-vous avec pr\u00e9cision et style\u2014harnais de cavesson en cuir noir premium pour chevaux miniatures.\"},{\"@type\":\"BreadcrumbList\",\"@id\":\"https:\\\/\\\/www.minihorse.eu\\\/fr\\\/produit\\\/harnais-de-cavesson-en-cuir-noir-premium\\\/#breadcrumb\",\"itemListElement\":[{\"@type\":\"ListItem\",\"position\":1,\"name\":\"Home\",\"item\":\"https:\\\/\\\/www.minihorse.eu\\\/fr\\\/accueil\\\/\"},{\"@type\":\"ListItem\",\"position\":2,\"name\":\"Boutique\",\"item\":\"https:\\\/\\\/www.minihorse.eu\\\/fr\\\/boutique\\\/\"},{\"@type\":\"ListItem\",\"position\":3,\"name\":\"Cavesson en Cuir Noir\"}]},{\"@type\":\"WebSite\",\"@id\":\"https:\\\/\\\/www.minihorse.eu\\\/#website\",\"url\":\"https:\\\/\\\/www.minihorse.eu\\\/\",\"name\":\"Minihorse.eu\",\"description\":\"The #1 store for Miniature Horses\",\"publisher\":{\"@id\":\"https:\\\/\\\/www.minihorse.eu\\\/#organization\"},\"potentialAction\":[{\"@type\":\"SearchAction\",\"target\":{\"@type\":\"EntryPoint\",\"urlTemplate\":\"https:\\\/\\\/www.minihorse.eu\\\/?s={search_term_string}\"},\"query-input\":{\"@type\":\"PropertyValueSpecification\",\"valueRequired\":true,\"valueName\":\"search_term_string\"}}],\"inLanguage\":\"fr-FR\"},{\"@type\":\"Organization\",\"@id\":\"https:\\\/\\\/www.minihorse.eu\\\/#organization\",\"name\":\"Minihorse.eu\",\"url\":\"https:\\\/\\\/www.minihorse.eu\\\/\",\"logo\":{\"@type\":\"ImageObject\",\"inLanguage\":\"fr-FR\",\"@id\":\"https:\\\/\\\/www.minihorse.eu\\\/#\\\/schema\\\/logo\\\/image\\\/\",\"url\":\"https:\\\/\\\/www.minihorse.eu\\\/wp-content\\\/uploads\\\/2024\\\/08\\\/Logo-minihorse-ext.png\",\"contentUrl\":\"https:\\\/\\\/www.minihorse.eu\\\/wp-content\\\/uploads\\\/2024\\\/08\\\/Logo-minihorse-ext.png\",\"width\":500,\"height\":500,\"caption\":\"Minihorse.eu\"},\"image\":{\"@id\":\"https:\\\/\\\/www.minihorse.eu\\\/#\\\/schema\\\/logo\\\/image\\\/\"},\"sameAs\":[\"https:\\\/\\\/www.facebook.com\\\/profile.php?id=100063487117479\"]}]}<\/script>\n<!-- \/ Yoast SEO plugin. -->","yoast_head_json":{"title":"Cavesson en Cuir Noir - Minihorse.eu","description":"Cavesson en cuir pour chevaux miniatures et poneys Shetland. Durable, r\u00e9glable et confortable - id\u00e9al pour l'entra\u00eenement et le travail au sol.","robots":{"index":"index","follow":"follow","max-snippet":"max-snippet:-1","max-image-preview":"max-image-preview:large","max-video-preview":"max-video-preview:-1"},"canonical":"https:\/\/www.minihorse.eu\/fr\/produit\/harnais-de-cavesson-en-cuir-noir-premium\/","og_locale":"fr_FR","og_type":"article","og_title":"Cavesson en Cuir Noir - Minihorse.eu","og_description":"Cavesson en cuir pour chevaux miniatures et poneys Shetland. Durable, r\u00e9glable et confortable - id\u00e9al pour l'entra\u00eenement et le travail au sol.","og_url":"https:\/\/www.minihorse.eu\/fr\/produit\/harnais-de-cavesson-en-cuir-noir-premium\/","og_site_name":"Minihorse.eu","article_publisher":"https:\/\/www.facebook.com\/profile.php?id=100063487117479","article_modified_time":"2026-04-17T21:38:02+00:00","og_image":[{"width":600,"height":800,"url":"https:\/\/www.minihorse.eu\/wp-content\/uploads\/2024\/11\/Cavesson-leather-black.jpg","type":"image\/jpeg"}],"twitter_card":"summary_large_image","twitter_misc":{"Dur\u00e9e de lecture estim\u00e9e":"1 minute"},"schema":{"@context":"https:\/\/schema.org","@graph":[{"@type":"WebPage","@id":"https:\/\/www.minihorse.eu\/fr\/produit\/harnais-de-cavesson-en-cuir-noir-premium\/","url":"https:\/\/www.minihorse.eu\/fr\/produit\/harnais-de-cavesson-en-cuir-noir-premium\/","name":"Cavesson en Cuir Noir - Minihorse.eu","isPartOf":{"@id":"https:\/\/www.minihorse.eu\/#website"},"primaryImageOfPage":{"@id":"https:\/\/www.minihorse.eu\/fr\/produit\/harnais-de-cavesson-en-cuir-noir-premium\/#primaryimage"},"image":{"@id":"https:\/\/www.minihorse.eu\/fr\/produit\/harnais-de-cavesson-en-cuir-noir-premium\/#primaryimage"},"thumbnailUrl":"https:\/\/www.minihorse.eu\/wp-content\/uploads\/2024\/11\/Cavesson-leather-black.jpg","datePublished":"2024-11-26T15:23:25+00:00","dateModified":"2026-04-17T21:38:02+00:00","description":"Cavesson en cuir pour chevaux miniatures et poneys Shetland. Durable, r\u00e9glable et confortable - id\u00e9al pour l'entra\u00eenement et le travail au sol.","breadcrumb":{"@id":"https:\/\/www.minihorse.eu\/fr\/produit\/harnais-de-cavesson-en-cuir-noir-premium\/#breadcrumb"},"inLanguage":"fr-FR","potentialAction":[{"@type":"ReadAction","target":["https:\/\/www.minihorse.eu\/fr\/produit\/harnais-de-cavesson-en-cuir-noir-premium\/"]}]},{"@type":"ImageObject","inLanguage":"fr-FR","@id":"https:\/\/www.minihorse.eu\/fr\/produit\/harnais-de-cavesson-en-cuir-noir-premium\/#primaryimage","url":"https:\/\/www.minihorse.eu\/wp-content\/uploads\/2024\/11\/Cavesson-leather-black.jpg","contentUrl":"https:\/\/www.minihorse.eu\/wp-content\/uploads\/2024\/11\/Cavesson-leather-black.jpg","width":600,"height":800,"caption":"Entra\u00eenez-vous avec pr\u00e9cision et style\u2014harnais de cavesson en cuir noir premium pour chevaux miniatures."},{"@type":"BreadcrumbList","@id":"https:\/\/www.minihorse.eu\/fr\/produit\/harnais-de-cavesson-en-cuir-noir-premium\/#breadcrumb","itemListElement":[{"@type":"ListItem","position":1,"name":"Home","item":"https:\/\/www.minihorse.eu\/fr\/accueil\/"},{"@type":"ListItem","position":2,"name":"Boutique","item":"https:\/\/www.minihorse.eu\/fr\/boutique\/"},{"@type":"ListItem","position":3,"name":"Cavesson en Cuir Noir"}]},{"@type":"WebSite","@id":"https:\/\/www.minihorse.eu\/#website","url":"https:\/\/www.minihorse.eu\/","name":"Minihorse.eu","description":"The #1 store for Miniature Horses","publisher":{"@id":"https:\/\/www.minihorse.eu\/#organization"},"potentialAction":[{"@type":"SearchAction","target":{"@type":"EntryPoint","urlTemplate":"https:\/\/www.minihorse.eu\/?s={search_term_string}"},"query-input":{"@type":"PropertyValueSpecification","valueRequired":true,"valueName":"search_term_string"}}],"inLanguage":"fr-FR"},{"@type":"Organization","@id":"https:\/\/www.minihorse.eu\/#organization","name":"Minihorse.eu","url":"https:\/\/www.minihorse.eu\/","logo":{"@type":"ImageObject","inLanguage":"fr-FR","@id":"https:\/\/www.minihorse.eu\/#\/schema\/logo\/image\/","url":"https:\/\/www.minihorse.eu\/wp-content\/uploads\/2024\/08\/Logo-minihorse-ext.png","contentUrl":"https:\/\/www.minihorse.eu\/wp-content\/uploads\/2024\/08\/Logo-minihorse-ext.png","width":500,"height":500,"caption":"Minihorse.eu"},"image":{"@id":"https:\/\/www.minihorse.eu\/#\/schema\/logo\/image\/"},"sameAs":["https:\/\/www.facebook.com\/profile.php?id=100063487117479"]}]}},"jetpack_sharing_enabled":true,"_links":{"self":[{"href":"https:\/\/www.minihorse.eu\/fr\/wp-json\/wp\/v2\/product\/1435","targetHints":{"allow":["GET"]}}],"collection":[{"href":"https:\/\/www.minihorse.eu\/fr\/wp-json\/wp\/v2\/product"}],"about":[{"href":"https:\/\/www.minihorse.eu\/fr\/wp-json\/wp\/v2\/types\/product"}],"replies":[{"embeddable":true,"href":"https:\/\/www.minihorse.eu\/fr\/wp-json\/wp\/v2\/comments?post=1435"}],"wp:featuredmedia":[{"embeddable":true,"href":"https:\/\/www.minihorse.eu\/fr\/wp-json\/wp\/v2\/media\/1434"}],"wp:attachment":[{"href":"https:\/\/www.minihorse.eu\/fr\/wp-json\/wp\/v2\/media?parent=1435"}],"wp:term":[{"taxonomy":"product_brand","embeddable":true,"href":"https:\/\/www.minihorse.eu\/fr\/wp-json\/wp\/v2\/product_brand?post=1435"},{"taxonomy":"product_cat","embeddable":true,"href":"https:\/\/www.minihorse.eu\/fr\/wp-json\/wp\/v2\/product_cat?post=1435"},{"taxonomy":"product_tag","embeddable":true,"href":"https:\/\/www.minihorse.eu\/fr\/wp-json\/wp\/v2\/product_tag?post=1435"}],"curies":[{"name":"wp","href":"https:\/\/api.w.org\/{rel}","templated":true}]}}