{"id":1673,"date":"2024-08-08T10:30:37","date_gmt":"2024-08-08T10:30:37","guid":{"rendered":"https:\/\/horselandshop.com\/product\/pierre-a-lecher-likit-pack-multiple\/"},"modified":"2025-04-05T21:16:09","modified_gmt":"2025-04-05T21:16:09","slug":"pierre-a-lecher-likit-pack-multiple","status":"publish","type":"product","link":"https:\/\/www.minihorse.eu\/fr\/produit\/pierre-a-lecher-likit-pack-multiple\/","title":{"rendered":"Likit Pierre \u00e0 l\u00e9cher Multipack 5&#215;250 g"},"content":{"rendered":"<p><strong>Gardez Votre Cheval Heureux et en Bonne Sant\u00e9 avec les Saveurs les Plus Populaires de Likit<\/strong><\/p>\n<p>D\u00e9couvrez la solution parfaite pour divertir votre cheval et lui \u00e9viter tout stress avec le <strong>Likit Pierre \u00e0 l\u00e9cher Multipack<\/strong>. This convenient pack includes four delicious flavors: <strong>2 x Apple, 1 x Carrot, 1 x Cherry, and 1 x Banana<\/strong>. Chaque pierre \u00e0 l\u00e9cher de 250 g est sp\u00e9cialement con\u00e7ue pour s&rsquo;adapter au <strong>Likit Tongue Twister<\/strong>.<\/p>\n<ul>\n<li><strong>Les Saveurs les Plus Populaires dans un Seul Pack <\/strong><br \/>Si votre cheval adore les Likits, il va adorer ce multipack ! Nous avons combin\u00e9 nos saveurs les plus vendues dans un ensemble \u00e0 excellent rapport qualit\u00e9-prix, garantissant \u00e0 votre cheval une vari\u00e9t\u00e9 savoureuse chaque jour. <\/li>\n<li><strong>R\u00e9duisez l&rsquo;Ennui et le Stress<\/strong> <br \/>Les Pierre \u00e0 l\u00e9cher Likit de 250g ne sont pas seulement des friandises ; c&rsquo;est un excellent moyen de lutter contre l&rsquo;ennui dans les boxes et de r\u00e9duire le stress. En gardant votre cheval occup\u00e9, ces pierre \u00e0 l\u00e9cher aident \u00e0 pr\u00e9venir les vices de boxe tels que le tissage, le grignotage des mangeoires et le mordillement des murs. <\/li>\n<li><strong>Favorisez un Cheval Heureux et en Bonne Sant\u00e9 <\/strong><br \/>Les Pierres \u00e0 l\u00e9cher encouragent les comportements naturels de l\u00e9chage et de mastication, ce qui stimule la production de salive. La salive agit comme un tampon naturel pour l&rsquo;estomac, favorisant la sant\u00e9 digestive et soutenant le bien-\u00eatre g\u00e9n\u00e9ral de votre cheval. <\/li>\n<li><strong>Compatible avec les Jouets pour Chevaux Likit<\/strong> <br \/>Maximisez les bienfaits en utilisant ces Pierres \u00e0 l\u00e9cher avec notre<strong> Likit Tongue Twister<\/strong> (vendu s\u00e9par\u00e9ment).<\/li>\n<\/ul>\n","protected":false},"excerpt":{"rendered":"<p>Gardez votre cheval diverti et sans stress avec le Pack Multiple de Pierres \u00e0 L\u00e9cher Likit, comprenant quatre saveurs populaires con\u00e7ues pour r\u00e9duire l&rsquo;ennui, favoriser une salivation saine, et s&rsquo;adapter parfaitement au Likit Tongue Twister.<\/p>\n","protected":false},"featured_media":997,"comment_status":"open","ping_status":"closed","template":"","meta":[],"product_brand":[],"product_cat":[187,213,180],"product_tag":[174],"class_list":{"0":"post-1673","1":"product","2":"type-product","3":"status-publish","4":"has-post-thumbnail","6":"product_cat-chevaux-miniatures","7":"product_cat-friandises-et-jouets-pour-chevaux","8":"product_cat-soins","9":"product_tag-jouets","11":"first","12":"outofstock","13":"taxable","14":"shipping-taxable","15":"purchasable","16":"product-type-simple"},"yoast_head":"<!-- This site is optimized with the Yoast SEO plugin v27.5 - https:\/\/yoast.com\/product\/yoast-seo-wordpress\/ -->\n<title>Likit Pierre \u00e0 l\u00e9cher Multipack 5x250 g - Minihorse.eu<\/title>\n<meta name=\"robots\" content=\"index, follow, max-snippet:-1, max-image-preview:large, max-video-preview:-1\" \/>\n<link rel=\"canonical\" href=\"https:\/\/www.minihorse.eu\/produit\/likit-lickstone-multipack\/\" \/>\n<meta property=\"og:locale\" content=\"fr_FR\" \/>\n<meta property=\"og:type\" content=\"article\" \/>\n<meta property=\"og:title\" content=\"Likit Pierre \u00e0 l\u00e9cher Multipack 5x250 g - Minihorse.eu\" \/>\n<meta property=\"og:description\" content=\"Gardez votre cheval diverti et sans stress avec le Pack Multiple de Pierres \u00e0 L\u00e9cher Likit, comprenant quatre saveurs populaires con\u00e7ues pour r\u00e9duire l&#039;ennui, favoriser une salivation saine, et s&#039;adapter parfaitement au Likit Tongue Twister.\" \/>\n<meta property=\"og:url\" content=\"https:\/\/www.minihorse.eu\/produit\/likit-lickstone-multipack\/\" \/>\n<meta property=\"og:site_name\" content=\"Minihorse.eu\" \/>\n<meta property=\"article:publisher\" content=\"https:\/\/www.facebook.com\/profile.php?id=100063487117479\" \/>\n<meta property=\"article:modified_time\" content=\"2025-04-05T21:16:09+00:00\" \/>\n<meta property=\"og:image\" content=\"https:\/\/www.minihorse.eu\/wp-content\/uploads\/2024\/08\/Likit-Lickstone-Multipack.png\" \/>\n\t<meta property=\"og:image:width\" content=\"600\" \/>\n\t<meta property=\"og:image:height\" content=\"685\" \/>\n\t<meta property=\"og:image:type\" content=\"image\/png\" \/>\n<meta name=\"twitter:card\" content=\"summary_large_image\" \/>\n<meta name=\"twitter:label1\" content=\"Dur\u00e9e de lecture estim\u00e9e\" \/>\n\t<meta name=\"twitter:data1\" content=\"1 minute\" \/>\n<script type=\"application\/ld+json\" class=\"yoast-schema-graph\">{\"@context\":\"https:\\\/\\\/schema.org\",\"@graph\":[{\"@type\":\"WebPage\",\"@id\":\"https:\\\/\\\/www.minihorse.eu\\\/produit\\\/likit-lickstone-multipack\\\/\",\"url\":\"https:\\\/\\\/www.minihorse.eu\\\/produit\\\/likit-lickstone-multipack\\\/\",\"name\":\"Likit Pierre \u00e0 l\u00e9cher Multipack 5x250 g - Minihorse.eu\",\"isPartOf\":{\"@id\":\"https:\\\/\\\/www.minihorse.eu\\\/#website\"},\"primaryImageOfPage\":{\"@id\":\"https:\\\/\\\/www.minihorse.eu\\\/produit\\\/likit-lickstone-multipack\\\/#primaryimage\"},\"image\":{\"@id\":\"https:\\\/\\\/www.minihorse.eu\\\/produit\\\/likit-lickstone-multipack\\\/#primaryimage\"},\"thumbnailUrl\":\"https:\\\/\\\/www.minihorse.eu\\\/wp-content\\\/uploads\\\/2024\\\/08\\\/Likit-Lickstone-Multipack.png\",\"datePublished\":\"2024-08-08T10:30:37+00:00\",\"dateModified\":\"2025-04-05T21:16:09+00:00\",\"breadcrumb\":{\"@id\":\"https:\\\/\\\/www.minihorse.eu\\\/produit\\\/likit-lickstone-multipack\\\/#breadcrumb\"},\"inLanguage\":\"fr-FR\",\"potentialAction\":[{\"@type\":\"ReadAction\",\"target\":[\"https:\\\/\\\/www.minihorse.eu\\\/produit\\\/likit-lickstone-multipack\\\/\"]}]},{\"@type\":\"ImageObject\",\"inLanguage\":\"fr-FR\",\"@id\":\"https:\\\/\\\/www.minihorse.eu\\\/produit\\\/likit-lickstone-multipack\\\/#primaryimage\",\"url\":\"https:\\\/\\\/www.minihorse.eu\\\/wp-content\\\/uploads\\\/2024\\\/08\\\/Likit-Lickstone-Multipack.png\",\"contentUrl\":\"https:\\\/\\\/www.minihorse.eu\\\/wp-content\\\/uploads\\\/2024\\\/08\\\/Likit-Lickstone-Multipack.png\",\"width\":600,\"height\":685,\"caption\":\"Pack Multiple de Pierres \u00e0 L\u00e9cher Likit \u2013 Une d\u00e9licieuse vari\u00e9t\u00e9 de saveurs pour garder votre cheval heureux et actif.\"},{\"@type\":\"BreadcrumbList\",\"@id\":\"https:\\\/\\\/www.minihorse.eu\\\/produit\\\/likit-lickstone-multipack\\\/#breadcrumb\",\"itemListElement\":[{\"@type\":\"ListItem\",\"position\":1,\"name\":\"Home\",\"item\":\"https:\\\/\\\/www.minihorse.eu\\\/fr\\\/accueil\\\/\"},{\"@type\":\"ListItem\",\"position\":2,\"name\":\"Boutique\",\"item\":\"https:\\\/\\\/www.minihorse.eu\\\/fr\\\/boutique\\\/\"},{\"@type\":\"ListItem\",\"position\":3,\"name\":\"Likit Pierre \u00e0 l\u00e9cher Multipack 5&#215;250 g\"}]},{\"@type\":\"WebSite\",\"@id\":\"https:\\\/\\\/www.minihorse.eu\\\/#website\",\"url\":\"https:\\\/\\\/www.minihorse.eu\\\/\",\"name\":\"Minihorse.eu\",\"description\":\"The #1 store for Miniature Horses\",\"publisher\":{\"@id\":\"https:\\\/\\\/www.minihorse.eu\\\/#organization\"},\"potentialAction\":[{\"@type\":\"SearchAction\",\"target\":{\"@type\":\"EntryPoint\",\"urlTemplate\":\"https:\\\/\\\/www.minihorse.eu\\\/?s={search_term_string}\"},\"query-input\":{\"@type\":\"PropertyValueSpecification\",\"valueRequired\":true,\"valueName\":\"search_term_string\"}}],\"inLanguage\":\"fr-FR\"},{\"@type\":\"Organization\",\"@id\":\"https:\\\/\\\/www.minihorse.eu\\\/#organization\",\"name\":\"Minihorse.eu\",\"url\":\"https:\\\/\\\/www.minihorse.eu\\\/\",\"logo\":{\"@type\":\"ImageObject\",\"inLanguage\":\"fr-FR\",\"@id\":\"https:\\\/\\\/www.minihorse.eu\\\/#\\\/schema\\\/logo\\\/image\\\/\",\"url\":\"https:\\\/\\\/www.minihorse.eu\\\/wp-content\\\/uploads\\\/2024\\\/08\\\/Logo-minihorse-ext.png\",\"contentUrl\":\"https:\\\/\\\/www.minihorse.eu\\\/wp-content\\\/uploads\\\/2024\\\/08\\\/Logo-minihorse-ext.png\",\"width\":500,\"height\":500,\"caption\":\"Minihorse.eu\"},\"image\":{\"@id\":\"https:\\\/\\\/www.minihorse.eu\\\/#\\\/schema\\\/logo\\\/image\\\/\"},\"sameAs\":[\"https:\\\/\\\/www.facebook.com\\\/profile.php?id=100063487117479\"]}]}<\/script>\n<!-- \/ Yoast SEO plugin. -->","yoast_head_json":{"title":"Likit Pierre \u00e0 l\u00e9cher Multipack 5x250 g - Minihorse.eu","robots":{"index":"index","follow":"follow","max-snippet":"max-snippet:-1","max-image-preview":"max-image-preview:large","max-video-preview":"max-video-preview:-1"},"canonical":"https:\/\/www.minihorse.eu\/produit\/likit-lickstone-multipack\/","og_locale":"fr_FR","og_type":"article","og_title":"Likit Pierre \u00e0 l\u00e9cher Multipack 5x250 g - Minihorse.eu","og_description":"Gardez votre cheval diverti et sans stress avec le Pack Multiple de Pierres \u00e0 L\u00e9cher Likit, comprenant quatre saveurs populaires con\u00e7ues pour r\u00e9duire l'ennui, favoriser une salivation saine, et s'adapter parfaitement au Likit Tongue Twister.","og_url":"https:\/\/www.minihorse.eu\/produit\/likit-lickstone-multipack\/","og_site_name":"Minihorse.eu","article_publisher":"https:\/\/www.facebook.com\/profile.php?id=100063487117479","article_modified_time":"2025-04-05T21:16:09+00:00","og_image":[{"width":600,"height":685,"url":"https:\/\/www.minihorse.eu\/wp-content\/uploads\/2024\/08\/Likit-Lickstone-Multipack.png","type":"image\/png"}],"twitter_card":"summary_large_image","twitter_misc":{"Dur\u00e9e de lecture estim\u00e9e":"1 minute"},"schema":{"@context":"https:\/\/schema.org","@graph":[{"@type":"WebPage","@id":"https:\/\/www.minihorse.eu\/produit\/likit-lickstone-multipack\/","url":"https:\/\/www.minihorse.eu\/produit\/likit-lickstone-multipack\/","name":"Likit Pierre \u00e0 l\u00e9cher Multipack 5x250 g - Minihorse.eu","isPartOf":{"@id":"https:\/\/www.minihorse.eu\/#website"},"primaryImageOfPage":{"@id":"https:\/\/www.minihorse.eu\/produit\/likit-lickstone-multipack\/#primaryimage"},"image":{"@id":"https:\/\/www.minihorse.eu\/produit\/likit-lickstone-multipack\/#primaryimage"},"thumbnailUrl":"https:\/\/www.minihorse.eu\/wp-content\/uploads\/2024\/08\/Likit-Lickstone-Multipack.png","datePublished":"2024-08-08T10:30:37+00:00","dateModified":"2025-04-05T21:16:09+00:00","breadcrumb":{"@id":"https:\/\/www.minihorse.eu\/produit\/likit-lickstone-multipack\/#breadcrumb"},"inLanguage":"fr-FR","potentialAction":[{"@type":"ReadAction","target":["https:\/\/www.minihorse.eu\/produit\/likit-lickstone-multipack\/"]}]},{"@type":"ImageObject","inLanguage":"fr-FR","@id":"https:\/\/www.minihorse.eu\/produit\/likit-lickstone-multipack\/#primaryimage","url":"https:\/\/www.minihorse.eu\/wp-content\/uploads\/2024\/08\/Likit-Lickstone-Multipack.png","contentUrl":"https:\/\/www.minihorse.eu\/wp-content\/uploads\/2024\/08\/Likit-Lickstone-Multipack.png","width":600,"height":685,"caption":"Pack Multiple de Pierres \u00e0 L\u00e9cher Likit \u2013 Une d\u00e9licieuse vari\u00e9t\u00e9 de saveurs pour garder votre cheval heureux et actif."},{"@type":"BreadcrumbList","@id":"https:\/\/www.minihorse.eu\/produit\/likit-lickstone-multipack\/#breadcrumb","itemListElement":[{"@type":"ListItem","position":1,"name":"Home","item":"https:\/\/www.minihorse.eu\/fr\/accueil\/"},{"@type":"ListItem","position":2,"name":"Boutique","item":"https:\/\/www.minihorse.eu\/fr\/boutique\/"},{"@type":"ListItem","position":3,"name":"Likit Pierre \u00e0 l\u00e9cher Multipack 5&#215;250 g"}]},{"@type":"WebSite","@id":"https:\/\/www.minihorse.eu\/#website","url":"https:\/\/www.minihorse.eu\/","name":"Minihorse.eu","description":"The #1 store for Miniature Horses","publisher":{"@id":"https:\/\/www.minihorse.eu\/#organization"},"potentialAction":[{"@type":"SearchAction","target":{"@type":"EntryPoint","urlTemplate":"https:\/\/www.minihorse.eu\/?s={search_term_string}"},"query-input":{"@type":"PropertyValueSpecification","valueRequired":true,"valueName":"search_term_string"}}],"inLanguage":"fr-FR"},{"@type":"Organization","@id":"https:\/\/www.minihorse.eu\/#organization","name":"Minihorse.eu","url":"https:\/\/www.minihorse.eu\/","logo":{"@type":"ImageObject","inLanguage":"fr-FR","@id":"https:\/\/www.minihorse.eu\/#\/schema\/logo\/image\/","url":"https:\/\/www.minihorse.eu\/wp-content\/uploads\/2024\/08\/Logo-minihorse-ext.png","contentUrl":"https:\/\/www.minihorse.eu\/wp-content\/uploads\/2024\/08\/Logo-minihorse-ext.png","width":500,"height":500,"caption":"Minihorse.eu"},"image":{"@id":"https:\/\/www.minihorse.eu\/#\/schema\/logo\/image\/"},"sameAs":["https:\/\/www.facebook.com\/profile.php?id=100063487117479"]}]}},"jetpack_sharing_enabled":true,"_links":{"self":[{"href":"https:\/\/www.minihorse.eu\/fr\/wp-json\/wp\/v2\/product\/1673","targetHints":{"allow":["GET"]}}],"collection":[{"href":"https:\/\/www.minihorse.eu\/fr\/wp-json\/wp\/v2\/product"}],"about":[{"href":"https:\/\/www.minihorse.eu\/fr\/wp-json\/wp\/v2\/types\/product"}],"replies":[{"embeddable":true,"href":"https:\/\/www.minihorse.eu\/fr\/wp-json\/wp\/v2\/comments?post=1673"}],"wp:featuredmedia":[{"embeddable":true,"href":"https:\/\/www.minihorse.eu\/fr\/wp-json\/wp\/v2\/media\/997"}],"wp:attachment":[{"href":"https:\/\/www.minihorse.eu\/fr\/wp-json\/wp\/v2\/media?parent=1673"}],"wp:term":[{"taxonomy":"product_brand","embeddable":true,"href":"https:\/\/www.minihorse.eu\/fr\/wp-json\/wp\/v2\/product_brand?post=1673"},{"taxonomy":"product_cat","embeddable":true,"href":"https:\/\/www.minihorse.eu\/fr\/wp-json\/wp\/v2\/product_cat?post=1673"},{"taxonomy":"product_tag","embeddable":true,"href":"https:\/\/www.minihorse.eu\/fr\/wp-json\/wp\/v2\/product_tag?post=1673"}],"curies":[{"name":"wp","href":"https:\/\/api.w.org\/{rel}","templated":true}]}}