{"id":1686,"date":"2024-08-22T17:55:45","date_gmt":"2024-08-22T17:55:45","guid":{"rendered":"https:\/\/horselandshop.com\/product\/bandes-de-bandage-polaire-lot-de-4\/"},"modified":"2024-08-22T17:55:45","modified_gmt":"2024-08-22T17:55:45","slug":"bandes-de-bandage-polaire-lot-de-4","status":"publish","type":"product","link":"https:\/\/www.minihorse.eu\/fr\/produit\/bandes-de-bandage-polaire-lot-de-4\/","title":{"rendered":"Bandes de bandage polaire (Lot de 4)"},"content":{"rendered":"<p><strong>Bandes de Bandage Polaires \u2013 Protection et Confort Sup\u00e9rieurs pour les Jambes de Votre Cheval<\/strong><\/p>\n<p>Prot\u00e9gez les jambes de votre cheval avec nos <strong>Bandes de Bandage Polaires<\/strong>, fabriqu\u00e9es en polaire anti-boulochage de haute qualit\u00e9 pour une douceur et une durabilit\u00e9 exceptionnelles. Ces bandes sont con\u00e7ues pour offrir une protection suppl\u00e9mentaire pendant l&rsquo;entra\u00eenement, assurant un bon soutien et une protection contre les blessures pour les jambes de votre cheval. Dot\u00e9es d&rsquo;une fermeture auto-agrippante large et facile \u00e0 utiliser, ces bandes assurent un ajustement s\u00fbr \u00e0 chaque fois. La finition su\u00e9dine ajoute une touche d&rsquo;\u00e9l\u00e9gance, tandis qu&rsquo;une petite languette garantit que le logo est toujours correctement positionn\u00e9. Fabriqu\u00e9es en 100% polyester, ces bandes polaires sont construites pour durer, offrant force et r\u00e9sistance \u00e0 long terme. Chaque ensemble comprend quatre bandes, soigneusement emball\u00e9es dans un sac de transport r\u00e9utilisable pour plus de commodit\u00e9. Les bandes sont lavables en machine \u00e0 basse temp\u00e9rature, ce qui les rend faciles \u00e0 nettoyer et \u00e0 entretenir. Disponibles dans une gamme assortie, ces bandes sont un m\u00e9lange parfait de style et de fonctionnalit\u00e9 pour chaque propri\u00e9taire de cheval. <\/p>\n","protected":false},"excerpt":{"rendered":"<p>Les <strong>Bandes de Bandage Polaires<\/strong> offrent une protection sup\u00e9rieure des jambes avec une polaire douce et anti-boulochage. Dot\u00e9es de fermetures auto-agrippantes r\u00e9glables et d&rsquo;une finition su\u00e9dine, ces bandes durables sont vendues en lot de 4 avec un sac de transport r\u00e9utilisable. 3 couleurs disponibles.  <\/p>\n","protected":false},"featured_media":8831,"comment_status":"open","ping_status":"closed","template":"","meta":[],"product_brand":[],"product_cat":[420,187,273],"product_tag":[169],"class_list":{"0":"post-1686","1":"product","2":"type-product","3":"status-publish","4":"has-post-thumbnail","6":"product_cat-accessoires-de-protection-des-jambes","7":"product_cat-chevaux-miniatures","8":"product_cat-protection-des-jambes","9":"product_tag-bandages","11":"first","12":"instock","13":"sale","14":"taxable","15":"shipping-taxable","16":"purchasable","17":"product-type-variable"},"yoast_head":"<!-- This site is optimized with the Yoast SEO plugin v27.5 - https:\/\/yoast.com\/product\/yoast-seo-wordpress\/ -->\n<title>Bandes de bandage polaire (Lot de 4) - Minihorse.eu<\/title>\n<meta name=\"robots\" content=\"index, follow, max-snippet:-1, max-image-preview:large, max-video-preview:-1\" \/>\n<link rel=\"canonical\" href=\"https:\/\/www.minihorse.eu\/produit\/prime-fleece-bandage-4-pack\/\" \/>\n<meta property=\"og:locale\" content=\"fr_FR\" \/>\n<meta property=\"og:type\" content=\"article\" \/>\n<meta property=\"og:title\" content=\"Bandes de bandage polaire (Lot de 4) - Minihorse.eu\" \/>\n<meta property=\"og:description\" content=\"Les Bandes de Bandage Polaires offrent une protection sup\u00e9rieure des jambes avec une polaire douce et anti-boulochage. Dot\u00e9es de fermetures auto-agrippantes r\u00e9glables et d&#039;une finition su\u00e9dine, ces bandes durables sont vendues en lot de 4 avec un sac de transport r\u00e9utilisable. 3 couleurs disponibles.\" \/>\n<meta property=\"og:url\" content=\"https:\/\/www.minihorse.eu\/produit\/prime-fleece-bandage-4-pack\/\" \/>\n<meta property=\"og:site_name\" content=\"Minihorse.eu\" \/>\n<meta property=\"article:publisher\" content=\"https:\/\/www.facebook.com\/profile.php?id=100063487117479\" \/>\n<meta property=\"og:image\" content=\"https:\/\/www.minihorse.eu\/wp-content\/uploads\/2024\/08\/Fleecebandages.jpg\" \/>\n\t<meta property=\"og:image:width\" content=\"300\" \/>\n\t<meta property=\"og:image:height\" content=\"274\" \/>\n\t<meta property=\"og:image:type\" content=\"image\/jpeg\" \/>\n<meta name=\"twitter:card\" content=\"summary_large_image\" \/>\n<meta name=\"twitter:label1\" content=\"Dur\u00e9e de lecture estim\u00e9e\" \/>\n\t<meta name=\"twitter:data1\" content=\"1 minute\" \/>\n<script type=\"application\/ld+json\" class=\"yoast-schema-graph\">{\"@context\":\"https:\\\/\\\/schema.org\",\"@graph\":[{\"@type\":\"WebPage\",\"@id\":\"https:\\\/\\\/www.minihorse.eu\\\/produit\\\/prime-fleece-bandage-4-pack\\\/\",\"url\":\"https:\\\/\\\/www.minihorse.eu\\\/produit\\\/prime-fleece-bandage-4-pack\\\/\",\"name\":\"Bandes de bandage polaire (Lot de 4) - Minihorse.eu\",\"isPartOf\":{\"@id\":\"https:\\\/\\\/www.minihorse.eu\\\/#website\"},\"primaryImageOfPage\":{\"@id\":\"https:\\\/\\\/www.minihorse.eu\\\/produit\\\/prime-fleece-bandage-4-pack\\\/#primaryimage\"},\"image\":{\"@id\":\"https:\\\/\\\/www.minihorse.eu\\\/produit\\\/prime-fleece-bandage-4-pack\\\/#primaryimage\"},\"thumbnailUrl\":\"https:\\\/\\\/www.minihorse.eu\\\/wp-content\\\/uploads\\\/2024\\\/08\\\/Fleecebandages.jpg\",\"datePublished\":\"2024-08-22T17:55:45+00:00\",\"breadcrumb\":{\"@id\":\"https:\\\/\\\/www.minihorse.eu\\\/produit\\\/prime-fleece-bandage-4-pack\\\/#breadcrumb\"},\"inLanguage\":\"fr-FR\",\"potentialAction\":[{\"@type\":\"ReadAction\",\"target\":[\"https:\\\/\\\/www.minihorse.eu\\\/produit\\\/prime-fleece-bandage-4-pack\\\/\"]}]},{\"@type\":\"ImageObject\",\"inLanguage\":\"fr-FR\",\"@id\":\"https:\\\/\\\/www.minihorse.eu\\\/produit\\\/prime-fleece-bandage-4-pack\\\/#primaryimage\",\"url\":\"https:\\\/\\\/www.minihorse.eu\\\/wp-content\\\/uploads\\\/2024\\\/08\\\/Fleecebandages.jpg\",\"contentUrl\":\"https:\\\/\\\/www.minihorse.eu\\\/wp-content\\\/uploads\\\/2024\\\/08\\\/Fleecebandages.jpg\",\"width\":300,\"height\":274},{\"@type\":\"BreadcrumbList\",\"@id\":\"https:\\\/\\\/www.minihorse.eu\\\/produit\\\/prime-fleece-bandage-4-pack\\\/#breadcrumb\",\"itemListElement\":[{\"@type\":\"ListItem\",\"position\":1,\"name\":\"Home\",\"item\":\"https:\\\/\\\/www.minihorse.eu\\\/fr\\\/accueil\\\/\"},{\"@type\":\"ListItem\",\"position\":2,\"name\":\"Boutique\",\"item\":\"https:\\\/\\\/www.minihorse.eu\\\/fr\\\/boutique\\\/\"},{\"@type\":\"ListItem\",\"position\":3,\"name\":\"Bandes de bandage polaire (Lot de 4)\"}]},{\"@type\":\"WebSite\",\"@id\":\"https:\\\/\\\/www.minihorse.eu\\\/#website\",\"url\":\"https:\\\/\\\/www.minihorse.eu\\\/\",\"name\":\"Minihorse.eu\",\"description\":\"The #1 store for Miniature Horses\",\"publisher\":{\"@id\":\"https:\\\/\\\/www.minihorse.eu\\\/#organization\"},\"potentialAction\":[{\"@type\":\"SearchAction\",\"target\":{\"@type\":\"EntryPoint\",\"urlTemplate\":\"https:\\\/\\\/www.minihorse.eu\\\/?s={search_term_string}\"},\"query-input\":{\"@type\":\"PropertyValueSpecification\",\"valueRequired\":true,\"valueName\":\"search_term_string\"}}],\"inLanguage\":\"fr-FR\"},{\"@type\":\"Organization\",\"@id\":\"https:\\\/\\\/www.minihorse.eu\\\/#organization\",\"name\":\"Minihorse.eu\",\"url\":\"https:\\\/\\\/www.minihorse.eu\\\/\",\"logo\":{\"@type\":\"ImageObject\",\"inLanguage\":\"fr-FR\",\"@id\":\"https:\\\/\\\/www.minihorse.eu\\\/#\\\/schema\\\/logo\\\/image\\\/\",\"url\":\"https:\\\/\\\/www.minihorse.eu\\\/wp-content\\\/uploads\\\/2024\\\/08\\\/Logo-minihorse-ext.png\",\"contentUrl\":\"https:\\\/\\\/www.minihorse.eu\\\/wp-content\\\/uploads\\\/2024\\\/08\\\/Logo-minihorse-ext.png\",\"width\":500,\"height\":500,\"caption\":\"Minihorse.eu\"},\"image\":{\"@id\":\"https:\\\/\\\/www.minihorse.eu\\\/#\\\/schema\\\/logo\\\/image\\\/\"},\"sameAs\":[\"https:\\\/\\\/www.facebook.com\\\/profile.php?id=100063487117479\"]}]}<\/script>\n<!-- \/ Yoast SEO plugin. -->","yoast_head_json":{"title":"Bandes de bandage polaire (Lot de 4) - Minihorse.eu","robots":{"index":"index","follow":"follow","max-snippet":"max-snippet:-1","max-image-preview":"max-image-preview:large","max-video-preview":"max-video-preview:-1"},"canonical":"https:\/\/www.minihorse.eu\/produit\/prime-fleece-bandage-4-pack\/","og_locale":"fr_FR","og_type":"article","og_title":"Bandes de bandage polaire (Lot de 4) - Minihorse.eu","og_description":"Les Bandes de Bandage Polaires offrent une protection sup\u00e9rieure des jambes avec une polaire douce et anti-boulochage. Dot\u00e9es de fermetures auto-agrippantes r\u00e9glables et d'une finition su\u00e9dine, ces bandes durables sont vendues en lot de 4 avec un sac de transport r\u00e9utilisable. 3 couleurs disponibles.","og_url":"https:\/\/www.minihorse.eu\/produit\/prime-fleece-bandage-4-pack\/","og_site_name":"Minihorse.eu","article_publisher":"https:\/\/www.facebook.com\/profile.php?id=100063487117479","og_image":[{"width":300,"height":274,"url":"https:\/\/www.minihorse.eu\/wp-content\/uploads\/2024\/08\/Fleecebandages.jpg","type":"image\/jpeg"}],"twitter_card":"summary_large_image","twitter_misc":{"Dur\u00e9e de lecture estim\u00e9e":"1 minute"},"schema":{"@context":"https:\/\/schema.org","@graph":[{"@type":"WebPage","@id":"https:\/\/www.minihorse.eu\/produit\/prime-fleece-bandage-4-pack\/","url":"https:\/\/www.minihorse.eu\/produit\/prime-fleece-bandage-4-pack\/","name":"Bandes de bandage polaire (Lot de 4) - Minihorse.eu","isPartOf":{"@id":"https:\/\/www.minihorse.eu\/#website"},"primaryImageOfPage":{"@id":"https:\/\/www.minihorse.eu\/produit\/prime-fleece-bandage-4-pack\/#primaryimage"},"image":{"@id":"https:\/\/www.minihorse.eu\/produit\/prime-fleece-bandage-4-pack\/#primaryimage"},"thumbnailUrl":"https:\/\/www.minihorse.eu\/wp-content\/uploads\/2024\/08\/Fleecebandages.jpg","datePublished":"2024-08-22T17:55:45+00:00","breadcrumb":{"@id":"https:\/\/www.minihorse.eu\/produit\/prime-fleece-bandage-4-pack\/#breadcrumb"},"inLanguage":"fr-FR","potentialAction":[{"@type":"ReadAction","target":["https:\/\/www.minihorse.eu\/produit\/prime-fleece-bandage-4-pack\/"]}]},{"@type":"ImageObject","inLanguage":"fr-FR","@id":"https:\/\/www.minihorse.eu\/produit\/prime-fleece-bandage-4-pack\/#primaryimage","url":"https:\/\/www.minihorse.eu\/wp-content\/uploads\/2024\/08\/Fleecebandages.jpg","contentUrl":"https:\/\/www.minihorse.eu\/wp-content\/uploads\/2024\/08\/Fleecebandages.jpg","width":300,"height":274},{"@type":"BreadcrumbList","@id":"https:\/\/www.minihorse.eu\/produit\/prime-fleece-bandage-4-pack\/#breadcrumb","itemListElement":[{"@type":"ListItem","position":1,"name":"Home","item":"https:\/\/www.minihorse.eu\/fr\/accueil\/"},{"@type":"ListItem","position":2,"name":"Boutique","item":"https:\/\/www.minihorse.eu\/fr\/boutique\/"},{"@type":"ListItem","position":3,"name":"Bandes de bandage polaire (Lot de 4)"}]},{"@type":"WebSite","@id":"https:\/\/www.minihorse.eu\/#website","url":"https:\/\/www.minihorse.eu\/","name":"Minihorse.eu","description":"The #1 store for Miniature Horses","publisher":{"@id":"https:\/\/www.minihorse.eu\/#organization"},"potentialAction":[{"@type":"SearchAction","target":{"@type":"EntryPoint","urlTemplate":"https:\/\/www.minihorse.eu\/?s={search_term_string}"},"query-input":{"@type":"PropertyValueSpecification","valueRequired":true,"valueName":"search_term_string"}}],"inLanguage":"fr-FR"},{"@type":"Organization","@id":"https:\/\/www.minihorse.eu\/#organization","name":"Minihorse.eu","url":"https:\/\/www.minihorse.eu\/","logo":{"@type":"ImageObject","inLanguage":"fr-FR","@id":"https:\/\/www.minihorse.eu\/#\/schema\/logo\/image\/","url":"https:\/\/www.minihorse.eu\/wp-content\/uploads\/2024\/08\/Logo-minihorse-ext.png","contentUrl":"https:\/\/www.minihorse.eu\/wp-content\/uploads\/2024\/08\/Logo-minihorse-ext.png","width":500,"height":500,"caption":"Minihorse.eu"},"image":{"@id":"https:\/\/www.minihorse.eu\/#\/schema\/logo\/image\/"},"sameAs":["https:\/\/www.facebook.com\/profile.php?id=100063487117479"]}]}},"jetpack_sharing_enabled":true,"_links":{"self":[{"href":"https:\/\/www.minihorse.eu\/fr\/wp-json\/wp\/v2\/product\/1686","targetHints":{"allow":["GET"]}}],"collection":[{"href":"https:\/\/www.minihorse.eu\/fr\/wp-json\/wp\/v2\/product"}],"about":[{"href":"https:\/\/www.minihorse.eu\/fr\/wp-json\/wp\/v2\/types\/product"}],"replies":[{"embeddable":true,"href":"https:\/\/www.minihorse.eu\/fr\/wp-json\/wp\/v2\/comments?post=1686"}],"wp:featuredmedia":[{"embeddable":true,"href":"https:\/\/www.minihorse.eu\/fr\/wp-json\/wp\/v2\/media\/8831"}],"wp:attachment":[{"href":"https:\/\/www.minihorse.eu\/fr\/wp-json\/wp\/v2\/media?parent=1686"}],"wp:term":[{"taxonomy":"product_brand","embeddable":true,"href":"https:\/\/www.minihorse.eu\/fr\/wp-json\/wp\/v2\/product_brand?post=1686"},{"taxonomy":"product_cat","embeddable":true,"href":"https:\/\/www.minihorse.eu\/fr\/wp-json\/wp\/v2\/product_cat?post=1686"},{"taxonomy":"product_tag","embeddable":true,"href":"https:\/\/www.minihorse.eu\/fr\/wp-json\/wp\/v2\/product_tag?post=1686"}],"curies":[{"name":"wp","href":"https:\/\/api.w.org\/{rel}","templated":true}]}}