{"id":1741,"date":"2024-08-22T19:53:58","date_gmt":"2024-08-22T19:53:58","guid":{"rendered":"https:\/\/horselandshop.com\/product\/couverture-impermeable-fluorescente\/"},"modified":"2025-03-20T23:49:14","modified_gmt":"2025-03-20T23:49:14","slug":"couverture-impermeable-fluorescente","status":"publish","type":"product","link":"https:\/\/www.minihorse.eu\/fr\/produit\/couverture-impermeable-fluorescente\/","title":{"rendered":"Couverture Imperm\u00e9able Fluo"},"content":{"rendered":"<p><strong>Protection Imperm\u00e9able Fluo pour Votre Cheval<\/strong><\/p>\n<p>Gardez votre cheval au sec et visible par tous les temps gr\u00e2ce \u00e0 notre <strong>couverture imperm\u00e9able Fluo.<\/strong> Cette couverture de pluie de haute qualit\u00e9 est con\u00e7ue avec un <strong>rembourrage de 0 g <\/strong>et fabriqu\u00e9e en <strong>polyester imperm\u00e9able ripstop 600 deniers <\/strong>durable, ce qui garantit que votre cheval reste prot\u00e9g\u00e9 de la pluie tout en restant confortable. La mati\u00e8re fluorescente am\u00e9liore la visibilit\u00e9, ce qui la rend id\u00e9ale pour les conditions de faible luminosit\u00e9.  <\/p>\n<p>Dot\u00e9e <strong>d&rsquo;une fermeture de poitrine s\u00e9curis\u00e9e avec deux boucles et du velcro<\/strong>, cette couverture reste fermement en place, m\u00eame pendant les mouvements. Elle est \u00e9galement \u00e9quip\u00e9e <strong>d&rsquo;une protection de la queue,<\/strong> <strong>de sursangles crois\u00e9es avec des bouchons en caoutchouc<\/strong> et de <strong>courroies de jambe<\/strong> r\u00e9glables pour un ajustement parfait et s\u00fbr qui emp\u00eache les d\u00e9placements. Con\u00e7ue pour la s\u00e9curit\u00e9 et le confort de votre cheval, cette couverture est parfaite pour les jours de pluie, gardant votre cheval au sec et en s\u00e9curit\u00e9 par tous les temps.  <\/p>\n<ul>\n<li>Tissu imperm\u00e9able de haute qualit\u00e9, 600 deniers, r\u00e9sistant.<\/li>\n<li>Bandes fluo sur la couverture et sur le rabat de la queue,<\/li>\n<li><span style=\"color: #555555; font-size: 14.4px;\">Sangles de jambe r\u00e9glables pour garantir que la couverture reste en place pendant les mouvements et les activit\u00e9s ext\u00e9rieures,<\/span><\/li>\n<li>Fermeture de poitrail avec 2 boucles, double sursangles crois\u00e9es,<\/li>\n<li>Plis d\u2019\u00e9paule pour une libert\u00e9 de mouvement optimale. <span style=\"color: #555555; font-size: 14.4px;\"> <\/span><\/li>\n<li><span style=\"color: #555555; font-size: 14.4px;\">Rabat de queue<\/span><\/li>\n<\/ul>\n<p>&nbsp;<\/p>\n","protected":false},"excerpt":{"rendered":"<p>Gardez votre cheval au sec, visible et confortable avec cette couverture imperm\u00e9able durable en ripstop 600D. Sa conception fluorescente am\u00e9liore la visibilit\u00e9, tandis que les fermetures s\u00e9curis\u00e9es, les sangles r\u00e9glables et le prot\u00e8ge-queue assurent un ajustement parfait. Parfaite pour les jours de pluie et les conditions de faible luminosit\u00e9, c&rsquo;est un choix fiable pour la s\u00e9curit\u00e9 et le confort de votre cheval.  <\/p>\n","protected":false},"featured_media":6382,"comment_status":"open","ping_status":"closed","template":"","meta":[],"product_brand":[],"product_cat":[187,205,290],"product_tag":[291,195],"class_list":{"0":"post-1741","1":"product","2":"type-product","3":"status-publish","4":"has-post-thumbnail","6":"product_cat-chevaux-miniatures","7":"product_cat-couvertures","8":"product_cat-couvertures-de-pluie","9":"product_tag-couverture","10":"product_tag-tapis-fr","12":"first","13":"instock","14":"taxable","15":"shipping-taxable","16":"purchasable","17":"product-type-variable"},"yoast_head":"<!-- This site is optimized with the Yoast SEO plugin v27.5 - https:\/\/yoast.com\/product\/yoast-seo-wordpress\/ -->\n<title>Couverture Imperm\u00e9able Fluo - Minihorse.eu<\/title>\n<meta name=\"robots\" content=\"index, follow, max-snippet:-1, max-image-preview:large, max-video-preview:-1\" \/>\n<link rel=\"canonical\" href=\"https:\/\/www.minihorse.eu\/produit\/reflective-rainproof-rug\/\" \/>\n<meta property=\"og:locale\" content=\"fr_FR\" \/>\n<meta property=\"og:type\" content=\"article\" \/>\n<meta property=\"og:title\" content=\"Couverture Imperm\u00e9able Fluo - Minihorse.eu\" \/>\n<meta property=\"og:description\" content=\"Gardez votre cheval au sec, visible et confortable avec cette couverture imperm\u00e9able durable en ripstop 600D. Sa conception fluorescente am\u00e9liore la visibilit\u00e9, tandis que les fermetures s\u00e9curis\u00e9es, les sangles r\u00e9glables et le prot\u00e8ge-queue assurent un ajustement parfait. Parfaite pour les jours de pluie et les conditions de faible luminosit\u00e9, c&#039;est un choix fiable pour la s\u00e9curit\u00e9 et le confort de votre cheval.\" \/>\n<meta property=\"og:url\" content=\"https:\/\/www.minihorse.eu\/produit\/reflective-rainproof-rug\/\" \/>\n<meta property=\"og:site_name\" content=\"Minihorse.eu\" \/>\n<meta property=\"article:publisher\" content=\"https:\/\/www.facebook.com\/profile.php?id=100063487117479\" \/>\n<meta property=\"article:modified_time\" content=\"2025-03-20T23:49:14+00:00\" \/>\n<meta property=\"og:image\" content=\"https:\/\/www.minihorse.eu\/wp-content\/uploads\/2024\/08\/Fluo-regendeken-2.jpg\" \/>\n\t<meta property=\"og:image:width\" content=\"800\" \/>\n\t<meta property=\"og:image:height\" content=\"600\" \/>\n\t<meta property=\"og:image:type\" content=\"image\/jpeg\" \/>\n<meta name=\"twitter:card\" content=\"summary_large_image\" \/>\n<meta name=\"twitter:label1\" content=\"Dur\u00e9e de lecture estim\u00e9e\" \/>\n\t<meta name=\"twitter:data1\" content=\"1 minute\" \/>\n<script type=\"application\/ld+json\" class=\"yoast-schema-graph\">{\"@context\":\"https:\\\/\\\/schema.org\",\"@graph\":[{\"@type\":\"WebPage\",\"@id\":\"https:\\\/\\\/www.minihorse.eu\\\/produit\\\/reflective-rainproof-rug\\\/\",\"url\":\"https:\\\/\\\/www.minihorse.eu\\\/produit\\\/reflective-rainproof-rug\\\/\",\"name\":\"Couverture Imperm\u00e9able Fluo - Minihorse.eu\",\"isPartOf\":{\"@id\":\"https:\\\/\\\/www.minihorse.eu\\\/#website\"},\"primaryImageOfPage\":{\"@id\":\"https:\\\/\\\/www.minihorse.eu\\\/produit\\\/reflective-rainproof-rug\\\/#primaryimage\"},\"image\":{\"@id\":\"https:\\\/\\\/www.minihorse.eu\\\/produit\\\/reflective-rainproof-rug\\\/#primaryimage\"},\"thumbnailUrl\":\"https:\\\/\\\/www.minihorse.eu\\\/wp-content\\\/uploads\\\/2024\\\/08\\\/Fluo-regendeken-2.jpg\",\"datePublished\":\"2024-08-22T19:53:58+00:00\",\"dateModified\":\"2025-03-20T23:49:14+00:00\",\"breadcrumb\":{\"@id\":\"https:\\\/\\\/www.minihorse.eu\\\/produit\\\/reflective-rainproof-rug\\\/#breadcrumb\"},\"inLanguage\":\"fr-FR\",\"potentialAction\":[{\"@type\":\"ReadAction\",\"target\":[\"https:\\\/\\\/www.minihorse.eu\\\/produit\\\/reflective-rainproof-rug\\\/\"]}]},{\"@type\":\"ImageObject\",\"inLanguage\":\"fr-FR\",\"@id\":\"https:\\\/\\\/www.minihorse.eu\\\/produit\\\/reflective-rainproof-rug\\\/#primaryimage\",\"url\":\"https:\\\/\\\/www.minihorse.eu\\\/wp-content\\\/uploads\\\/2024\\\/08\\\/Fluo-regendeken-2.jpg\",\"contentUrl\":\"https:\\\/\\\/www.minihorse.eu\\\/wp-content\\\/uploads\\\/2024\\\/08\\\/Fluo-regendeken-2.jpg\",\"width\":800,\"height\":600},{\"@type\":\"BreadcrumbList\",\"@id\":\"https:\\\/\\\/www.minihorse.eu\\\/produit\\\/reflective-rainproof-rug\\\/#breadcrumb\",\"itemListElement\":[{\"@type\":\"ListItem\",\"position\":1,\"name\":\"Home\",\"item\":\"https:\\\/\\\/www.minihorse.eu\\\/fr\\\/accueil\\\/\"},{\"@type\":\"ListItem\",\"position\":2,\"name\":\"Boutique\",\"item\":\"https:\\\/\\\/www.minihorse.eu\\\/fr\\\/boutique\\\/\"},{\"@type\":\"ListItem\",\"position\":3,\"name\":\"Couverture Imperm\u00e9able Fluo\"}]},{\"@type\":\"WebSite\",\"@id\":\"https:\\\/\\\/www.minihorse.eu\\\/#website\",\"url\":\"https:\\\/\\\/www.minihorse.eu\\\/\",\"name\":\"Minihorse.eu\",\"description\":\"The #1 store for Miniature Horses\",\"publisher\":{\"@id\":\"https:\\\/\\\/www.minihorse.eu\\\/#organization\"},\"potentialAction\":[{\"@type\":\"SearchAction\",\"target\":{\"@type\":\"EntryPoint\",\"urlTemplate\":\"https:\\\/\\\/www.minihorse.eu\\\/?s={search_term_string}\"},\"query-input\":{\"@type\":\"PropertyValueSpecification\",\"valueRequired\":true,\"valueName\":\"search_term_string\"}}],\"inLanguage\":\"fr-FR\"},{\"@type\":\"Organization\",\"@id\":\"https:\\\/\\\/www.minihorse.eu\\\/#organization\",\"name\":\"Minihorse.eu\",\"url\":\"https:\\\/\\\/www.minihorse.eu\\\/\",\"logo\":{\"@type\":\"ImageObject\",\"inLanguage\":\"fr-FR\",\"@id\":\"https:\\\/\\\/www.minihorse.eu\\\/#\\\/schema\\\/logo\\\/image\\\/\",\"url\":\"https:\\\/\\\/www.minihorse.eu\\\/wp-content\\\/uploads\\\/2024\\\/08\\\/Logo-minihorse-ext.png\",\"contentUrl\":\"https:\\\/\\\/www.minihorse.eu\\\/wp-content\\\/uploads\\\/2024\\\/08\\\/Logo-minihorse-ext.png\",\"width\":500,\"height\":500,\"caption\":\"Minihorse.eu\"},\"image\":{\"@id\":\"https:\\\/\\\/www.minihorse.eu\\\/#\\\/schema\\\/logo\\\/image\\\/\"},\"sameAs\":[\"https:\\\/\\\/www.facebook.com\\\/profile.php?id=100063487117479\"]}]}<\/script>\n<!-- \/ Yoast SEO plugin. -->","yoast_head_json":{"title":"Couverture Imperm\u00e9able Fluo - Minihorse.eu","robots":{"index":"index","follow":"follow","max-snippet":"max-snippet:-1","max-image-preview":"max-image-preview:large","max-video-preview":"max-video-preview:-1"},"canonical":"https:\/\/www.minihorse.eu\/produit\/reflective-rainproof-rug\/","og_locale":"fr_FR","og_type":"article","og_title":"Couverture Imperm\u00e9able Fluo - Minihorse.eu","og_description":"Gardez votre cheval au sec, visible et confortable avec cette couverture imperm\u00e9able durable en ripstop 600D. Sa conception fluorescente am\u00e9liore la visibilit\u00e9, tandis que les fermetures s\u00e9curis\u00e9es, les sangles r\u00e9glables et le prot\u00e8ge-queue assurent un ajustement parfait. Parfaite pour les jours de pluie et les conditions de faible luminosit\u00e9, c'est un choix fiable pour la s\u00e9curit\u00e9 et le confort de votre cheval.","og_url":"https:\/\/www.minihorse.eu\/produit\/reflective-rainproof-rug\/","og_site_name":"Minihorse.eu","article_publisher":"https:\/\/www.facebook.com\/profile.php?id=100063487117479","article_modified_time":"2025-03-20T23:49:14+00:00","og_image":[{"width":800,"height":600,"url":"https:\/\/www.minihorse.eu\/wp-content\/uploads\/2024\/08\/Fluo-regendeken-2.jpg","type":"image\/jpeg"}],"twitter_card":"summary_large_image","twitter_misc":{"Dur\u00e9e de lecture estim\u00e9e":"1 minute"},"schema":{"@context":"https:\/\/schema.org","@graph":[{"@type":"WebPage","@id":"https:\/\/www.minihorse.eu\/produit\/reflective-rainproof-rug\/","url":"https:\/\/www.minihorse.eu\/produit\/reflective-rainproof-rug\/","name":"Couverture Imperm\u00e9able Fluo - Minihorse.eu","isPartOf":{"@id":"https:\/\/www.minihorse.eu\/#website"},"primaryImageOfPage":{"@id":"https:\/\/www.minihorse.eu\/produit\/reflective-rainproof-rug\/#primaryimage"},"image":{"@id":"https:\/\/www.minihorse.eu\/produit\/reflective-rainproof-rug\/#primaryimage"},"thumbnailUrl":"https:\/\/www.minihorse.eu\/wp-content\/uploads\/2024\/08\/Fluo-regendeken-2.jpg","datePublished":"2024-08-22T19:53:58+00:00","dateModified":"2025-03-20T23:49:14+00:00","breadcrumb":{"@id":"https:\/\/www.minihorse.eu\/produit\/reflective-rainproof-rug\/#breadcrumb"},"inLanguage":"fr-FR","potentialAction":[{"@type":"ReadAction","target":["https:\/\/www.minihorse.eu\/produit\/reflective-rainproof-rug\/"]}]},{"@type":"ImageObject","inLanguage":"fr-FR","@id":"https:\/\/www.minihorse.eu\/produit\/reflective-rainproof-rug\/#primaryimage","url":"https:\/\/www.minihorse.eu\/wp-content\/uploads\/2024\/08\/Fluo-regendeken-2.jpg","contentUrl":"https:\/\/www.minihorse.eu\/wp-content\/uploads\/2024\/08\/Fluo-regendeken-2.jpg","width":800,"height":600},{"@type":"BreadcrumbList","@id":"https:\/\/www.minihorse.eu\/produit\/reflective-rainproof-rug\/#breadcrumb","itemListElement":[{"@type":"ListItem","position":1,"name":"Home","item":"https:\/\/www.minihorse.eu\/fr\/accueil\/"},{"@type":"ListItem","position":2,"name":"Boutique","item":"https:\/\/www.minihorse.eu\/fr\/boutique\/"},{"@type":"ListItem","position":3,"name":"Couverture Imperm\u00e9able Fluo"}]},{"@type":"WebSite","@id":"https:\/\/www.minihorse.eu\/#website","url":"https:\/\/www.minihorse.eu\/","name":"Minihorse.eu","description":"The #1 store for Miniature Horses","publisher":{"@id":"https:\/\/www.minihorse.eu\/#organization"},"potentialAction":[{"@type":"SearchAction","target":{"@type":"EntryPoint","urlTemplate":"https:\/\/www.minihorse.eu\/?s={search_term_string}"},"query-input":{"@type":"PropertyValueSpecification","valueRequired":true,"valueName":"search_term_string"}}],"inLanguage":"fr-FR"},{"@type":"Organization","@id":"https:\/\/www.minihorse.eu\/#organization","name":"Minihorse.eu","url":"https:\/\/www.minihorse.eu\/","logo":{"@type":"ImageObject","inLanguage":"fr-FR","@id":"https:\/\/www.minihorse.eu\/#\/schema\/logo\/image\/","url":"https:\/\/www.minihorse.eu\/wp-content\/uploads\/2024\/08\/Logo-minihorse-ext.png","contentUrl":"https:\/\/www.minihorse.eu\/wp-content\/uploads\/2024\/08\/Logo-minihorse-ext.png","width":500,"height":500,"caption":"Minihorse.eu"},"image":{"@id":"https:\/\/www.minihorse.eu\/#\/schema\/logo\/image\/"},"sameAs":["https:\/\/www.facebook.com\/profile.php?id=100063487117479"]}]}},"jetpack_sharing_enabled":true,"_links":{"self":[{"href":"https:\/\/www.minihorse.eu\/fr\/wp-json\/wp\/v2\/product\/1741","targetHints":{"allow":["GET"]}}],"collection":[{"href":"https:\/\/www.minihorse.eu\/fr\/wp-json\/wp\/v2\/product"}],"about":[{"href":"https:\/\/www.minihorse.eu\/fr\/wp-json\/wp\/v2\/types\/product"}],"replies":[{"embeddable":true,"href":"https:\/\/www.minihorse.eu\/fr\/wp-json\/wp\/v2\/comments?post=1741"}],"wp:featuredmedia":[{"embeddable":true,"href":"https:\/\/www.minihorse.eu\/fr\/wp-json\/wp\/v2\/media\/6382"}],"wp:attachment":[{"href":"https:\/\/www.minihorse.eu\/fr\/wp-json\/wp\/v2\/media?parent=1741"}],"wp:term":[{"taxonomy":"product_brand","embeddable":true,"href":"https:\/\/www.minihorse.eu\/fr\/wp-json\/wp\/v2\/product_brand?post=1741"},{"taxonomy":"product_cat","embeddable":true,"href":"https:\/\/www.minihorse.eu\/fr\/wp-json\/wp\/v2\/product_cat?post=1741"},{"taxonomy":"product_tag","embeddable":true,"href":"https:\/\/www.minihorse.eu\/fr\/wp-json\/wp\/v2\/product_tag?post=1741"}],"curies":[{"name":"wp","href":"https:\/\/api.w.org\/{rel}","templated":true}]}}