{"id":1749,"date":"2024-08-12T16:24:34","date_gmt":"2024-08-12T16:24:34","guid":{"rendered":"https:\/\/horselandshop.com\/product\/pierre-a-lecher-delizia-saveur-pomme\/"},"modified":"2024-08-12T16:24:34","modified_gmt":"2024-08-12T16:24:34","slug":"pierre-a-lecher-delizia-saveur-pomme","status":"publish","type":"product","link":"https:\/\/www.minihorse.eu\/fr\/produit\/pierre-a-lecher-delizia-saveur-pomme\/","title":{"rendered":"Pierre \u00e0 L\u00e9cher Delizia Saveur Pomme"},"content":{"rendered":"<p><strong>Am\u00e9liorez le Bien-\u00catre de Votre Cheval avec la Pierre \u00e0 L\u00e9cher Delizia &#8211; Saveur Pomme, 650 g<\/strong><\/p>\n<p>La <strong>Pierre \u00e0 L\u00e9cher Delizia- Saveur Pomme<\/strong> est une recharge premium con\u00e7ue pour \u00eatre utilis\u00e9e avec le support de pierre \u00e0 l\u00e9cher Delizia. D&rsquo;un poids de 650 grammes, cette pierre \u00e0 l\u00e9cher parfum\u00e9e \u00e0 la pomme est parfaite pour r\u00e9duire l&rsquo;ennui et favoriser la stimulation mentale de votre cheval dans le paddock ou le box. Enrichie en Vitamine E, cette pierre \u00e0 l\u00e9cher soutient la sant\u00e9 globale tout en divertissant votre cheval. Sa saveur pomme attrayante garantit que votre cheval appr\u00e9cie chaque l\u00e9chage, en faisant un excellent ajout \u00e0 votre installation d&rsquo;\u00e9curie ou de paddock.<br \/><strong>&#8211; D\u00e9licieuse Saveur Pomme<\/strong><br \/>La saveur pomme de cette pierre \u00e0 l\u00e9cher est sp\u00e9cialement con\u00e7ue pour s\u00e9duire votre cheval, en faisant une friandise savoureuse qu&rsquo;il adorera.<br \/><strong>&#8211; Enrichie en Vitamine E<\/strong><br \/>Cette pierre \u00e0 l\u00e9cher est fortifi\u00e9e en Vitamine E, qui soutient la sant\u00e9 et le bien-\u00eatre g\u00e9n\u00e9ral de votre cheval.<br \/><strong>&#8211; Id\u00e9ale pour le Paddock ou le Box<\/strong><br \/>Parfaite pour r\u00e9duire l&rsquo;ennui et favoriser la stimulation mentale, la pierre \u00e0 l\u00e9cher de 650g s&rsquo;adapte parfaitement au support de pierre \u00e0 l\u00e9cher Delizia.<br \/><strong>&#8211; Facile \u00e0 Utiliser<\/strong><br \/>Il suffit de placer la pierre \u00e0 l\u00e9cher dans le support Delizia (vendu s\u00e9par\u00e9ment) pour garder votre cheval occup\u00e9 et diverti pendant des heures.   <\/p>\n","protected":false},"excerpt":{"rendered":"<p><strong>Pierre \u00e0 L\u00e9cher Delizia Saveur Pomme, 650g<\/strong><\/p>\n<p>Am\u00e9liorez le bien-\u00eatre de votre cheval avec la Pierre \u00e0 L\u00e9cher Delizia Saveur Pomme, une recharge premium con\u00e7ue pour le support de pierre \u00e0 l\u00e9cher Delizia. Parfaite pour une utilisation dans les paddocks ou les \u00e9curies, cette pierre \u00e0 l\u00e9cher aide \u00e0 combattre l&rsquo;ennui tout en apportant des nutriments essentiels. Enrichie en Vitamine E, chaque pierre p\u00e8se 650 grammes, offrant une friandise d\u00e9licieuse et durable pour votre cheval. Id\u00e9ale pour garder votre ami \u00e9quin occup\u00e9 et nourri.   <\/p>\n","protected":false},"featured_media":1015,"comment_status":"open","ping_status":"closed","template":"","meta":[],"product_brand":[],"product_cat":[213,180],"product_tag":[174,177],"class_list":{"0":"post-1749","1":"product","2":"type-product","3":"status-publish","4":"has-post-thumbnail","6":"product_cat-friandises-et-jouets-pour-chevaux","7":"product_cat-soins","8":"product_tag-jouets","9":"product_tag-pierre-a-lecher","11":"first","12":"outofstock","13":"taxable","14":"shipping-taxable","15":"purchasable","16":"product-type-simple"},"yoast_head":"<!-- This site is optimized with the Yoast SEO plugin v27.5 - https:\/\/yoast.com\/product\/yoast-seo-wordpress\/ -->\n<title>Pierre \u00e0 L\u00e9cher Delizia Saveur Pomme - Minihorse.eu<\/title>\n<meta name=\"robots\" content=\"index, follow, max-snippet:-1, max-image-preview:large, max-video-preview:-1\" \/>\n<link rel=\"canonical\" href=\"https:\/\/www.minihorse.eu\/produit\/delizia-apple-flavored-lick-stone\/\" \/>\n<meta property=\"og:locale\" content=\"fr_FR\" \/>\n<meta property=\"og:type\" content=\"article\" \/>\n<meta property=\"og:title\" content=\"Pierre \u00e0 L\u00e9cher Delizia Saveur Pomme - Minihorse.eu\" \/>\n<meta property=\"og:description\" content=\"Pierre \u00e0 L\u00e9cher Delizia Saveur Pomme, 650g Am\u00e9liorez le bien-\u00eatre de votre cheval avec la Pierre \u00e0 L\u00e9cher Delizia Saveur Pomme, une recharge premium con\u00e7ue pour le support de pierre \u00e0 l\u00e9cher Delizia. Parfaite pour une utilisation dans les paddocks ou les \u00e9curies, cette pierre \u00e0 l\u00e9cher aide \u00e0 combattre l&#039;ennui tout en apportant des nutriments essentiels. Enrichie en Vitamine E, chaque pierre p\u00e8se 650 grammes, offrant une friandise d\u00e9licieuse et durable pour votre cheval. Id\u00e9ale pour garder votre ami \u00e9quin occup\u00e9 et nourri.\" \/>\n<meta property=\"og:url\" content=\"https:\/\/www.minihorse.eu\/produit\/delizia-apple-flavored-lick-stone\/\" \/>\n<meta property=\"og:site_name\" content=\"Minihorse.eu\" \/>\n<meta property=\"article:publisher\" content=\"https:\/\/www.facebook.com\/profile.php?id=100063487117479\" \/>\n<meta property=\"og:image\" content=\"https:\/\/www.minihorse.eu\/wp-content\/uploads\/2024\/08\/Liksteen-Delizia-appel-650-gr.jpg\" \/>\n\t<meta property=\"og:image:width\" content=\"700\" \/>\n\t<meta property=\"og:image:height\" content=\"544\" \/>\n\t<meta property=\"og:image:type\" content=\"image\/jpeg\" \/>\n<meta name=\"twitter:card\" content=\"summary_large_image\" \/>\n<meta name=\"twitter:label1\" content=\"Dur\u00e9e de lecture estim\u00e9e\" \/>\n\t<meta name=\"twitter:data1\" content=\"1 minute\" \/>\n<script type=\"application\/ld+json\" class=\"yoast-schema-graph\">{\"@context\":\"https:\\\/\\\/schema.org\",\"@graph\":[{\"@type\":\"WebPage\",\"@id\":\"https:\\\/\\\/www.minihorse.eu\\\/produit\\\/delizia-apple-flavored-lick-stone\\\/\",\"url\":\"https:\\\/\\\/www.minihorse.eu\\\/produit\\\/delizia-apple-flavored-lick-stone\\\/\",\"name\":\"Pierre \u00e0 L\u00e9cher Delizia Saveur Pomme - Minihorse.eu\",\"isPartOf\":{\"@id\":\"https:\\\/\\\/www.minihorse.eu\\\/#website\"},\"primaryImageOfPage\":{\"@id\":\"https:\\\/\\\/www.minihorse.eu\\\/produit\\\/delizia-apple-flavored-lick-stone\\\/#primaryimage\"},\"image\":{\"@id\":\"https:\\\/\\\/www.minihorse.eu\\\/produit\\\/delizia-apple-flavored-lick-stone\\\/#primaryimage\"},\"thumbnailUrl\":\"https:\\\/\\\/www.minihorse.eu\\\/wp-content\\\/uploads\\\/2024\\\/08\\\/Liksteen-Delizia-appel-650-gr.jpg\",\"datePublished\":\"2024-08-12T16:24:34+00:00\",\"breadcrumb\":{\"@id\":\"https:\\\/\\\/www.minihorse.eu\\\/produit\\\/delizia-apple-flavored-lick-stone\\\/#breadcrumb\"},\"inLanguage\":\"fr-FR\",\"potentialAction\":[{\"@type\":\"ReadAction\",\"target\":[\"https:\\\/\\\/www.minihorse.eu\\\/produit\\\/delizia-apple-flavored-lick-stone\\\/\"]}]},{\"@type\":\"ImageObject\",\"inLanguage\":\"fr-FR\",\"@id\":\"https:\\\/\\\/www.minihorse.eu\\\/produit\\\/delizia-apple-flavored-lick-stone\\\/#primaryimage\",\"url\":\"https:\\\/\\\/www.minihorse.eu\\\/wp-content\\\/uploads\\\/2024\\\/08\\\/Liksteen-Delizia-appel-650-gr.jpg\",\"contentUrl\":\"https:\\\/\\\/www.minihorse.eu\\\/wp-content\\\/uploads\\\/2024\\\/08\\\/Liksteen-Delizia-appel-650-gr.jpg\",\"width\":700,\"height\":544,\"caption\":\"Pierre \u00e0 l\u00e9cher Delizia - Saveur Pomme, 650 g: Pierre \u00e0 l\u00e9cher saveur pomme enrichie en Vitamine E pour garder votre cheval diverti et en bonne sant\u00e9.\"},{\"@type\":\"BreadcrumbList\",\"@id\":\"https:\\\/\\\/www.minihorse.eu\\\/produit\\\/delizia-apple-flavored-lick-stone\\\/#breadcrumb\",\"itemListElement\":[{\"@type\":\"ListItem\",\"position\":1,\"name\":\"Home\",\"item\":\"https:\\\/\\\/www.minihorse.eu\\\/fr\\\/accueil\\\/\"},{\"@type\":\"ListItem\",\"position\":2,\"name\":\"Boutique\",\"item\":\"https:\\\/\\\/www.minihorse.eu\\\/fr\\\/boutique\\\/\"},{\"@type\":\"ListItem\",\"position\":3,\"name\":\"Pierre \u00e0 L\u00e9cher Delizia Saveur Pomme\"}]},{\"@type\":\"WebSite\",\"@id\":\"https:\\\/\\\/www.minihorse.eu\\\/#website\",\"url\":\"https:\\\/\\\/www.minihorse.eu\\\/\",\"name\":\"Minihorse.eu\",\"description\":\"The #1 store for Miniature Horses\",\"publisher\":{\"@id\":\"https:\\\/\\\/www.minihorse.eu\\\/#organization\"},\"potentialAction\":[{\"@type\":\"SearchAction\",\"target\":{\"@type\":\"EntryPoint\",\"urlTemplate\":\"https:\\\/\\\/www.minihorse.eu\\\/?s={search_term_string}\"},\"query-input\":{\"@type\":\"PropertyValueSpecification\",\"valueRequired\":true,\"valueName\":\"search_term_string\"}}],\"inLanguage\":\"fr-FR\"},{\"@type\":\"Organization\",\"@id\":\"https:\\\/\\\/www.minihorse.eu\\\/#organization\",\"name\":\"Minihorse.eu\",\"url\":\"https:\\\/\\\/www.minihorse.eu\\\/\",\"logo\":{\"@type\":\"ImageObject\",\"inLanguage\":\"fr-FR\",\"@id\":\"https:\\\/\\\/www.minihorse.eu\\\/#\\\/schema\\\/logo\\\/image\\\/\",\"url\":\"https:\\\/\\\/www.minihorse.eu\\\/wp-content\\\/uploads\\\/2024\\\/08\\\/Logo-minihorse-ext.png\",\"contentUrl\":\"https:\\\/\\\/www.minihorse.eu\\\/wp-content\\\/uploads\\\/2024\\\/08\\\/Logo-minihorse-ext.png\",\"width\":500,\"height\":500,\"caption\":\"Minihorse.eu\"},\"image\":{\"@id\":\"https:\\\/\\\/www.minihorse.eu\\\/#\\\/schema\\\/logo\\\/image\\\/\"},\"sameAs\":[\"https:\\\/\\\/www.facebook.com\\\/profile.php?id=100063487117479\"]}]}<\/script>\n<!-- \/ Yoast SEO plugin. -->","yoast_head_json":{"title":"Pierre \u00e0 L\u00e9cher Delizia Saveur Pomme - Minihorse.eu","robots":{"index":"index","follow":"follow","max-snippet":"max-snippet:-1","max-image-preview":"max-image-preview:large","max-video-preview":"max-video-preview:-1"},"canonical":"https:\/\/www.minihorse.eu\/produit\/delizia-apple-flavored-lick-stone\/","og_locale":"fr_FR","og_type":"article","og_title":"Pierre \u00e0 L\u00e9cher Delizia Saveur Pomme - Minihorse.eu","og_description":"Pierre \u00e0 L\u00e9cher Delizia Saveur Pomme, 650g Am\u00e9liorez le bien-\u00eatre de votre cheval avec la Pierre \u00e0 L\u00e9cher Delizia Saveur Pomme, une recharge premium con\u00e7ue pour le support de pierre \u00e0 l\u00e9cher Delizia. Parfaite pour une utilisation dans les paddocks ou les \u00e9curies, cette pierre \u00e0 l\u00e9cher aide \u00e0 combattre l'ennui tout en apportant des nutriments essentiels. Enrichie en Vitamine E, chaque pierre p\u00e8se 650 grammes, offrant une friandise d\u00e9licieuse et durable pour votre cheval. Id\u00e9ale pour garder votre ami \u00e9quin occup\u00e9 et nourri.","og_url":"https:\/\/www.minihorse.eu\/produit\/delizia-apple-flavored-lick-stone\/","og_site_name":"Minihorse.eu","article_publisher":"https:\/\/www.facebook.com\/profile.php?id=100063487117479","og_image":[{"width":700,"height":544,"url":"https:\/\/www.minihorse.eu\/wp-content\/uploads\/2024\/08\/Liksteen-Delizia-appel-650-gr.jpg","type":"image\/jpeg"}],"twitter_card":"summary_large_image","twitter_misc":{"Dur\u00e9e de lecture estim\u00e9e":"1 minute"},"schema":{"@context":"https:\/\/schema.org","@graph":[{"@type":"WebPage","@id":"https:\/\/www.minihorse.eu\/produit\/delizia-apple-flavored-lick-stone\/","url":"https:\/\/www.minihorse.eu\/produit\/delizia-apple-flavored-lick-stone\/","name":"Pierre \u00e0 L\u00e9cher Delizia Saveur Pomme - Minihorse.eu","isPartOf":{"@id":"https:\/\/www.minihorse.eu\/#website"},"primaryImageOfPage":{"@id":"https:\/\/www.minihorse.eu\/produit\/delizia-apple-flavored-lick-stone\/#primaryimage"},"image":{"@id":"https:\/\/www.minihorse.eu\/produit\/delizia-apple-flavored-lick-stone\/#primaryimage"},"thumbnailUrl":"https:\/\/www.minihorse.eu\/wp-content\/uploads\/2024\/08\/Liksteen-Delizia-appel-650-gr.jpg","datePublished":"2024-08-12T16:24:34+00:00","breadcrumb":{"@id":"https:\/\/www.minihorse.eu\/produit\/delizia-apple-flavored-lick-stone\/#breadcrumb"},"inLanguage":"fr-FR","potentialAction":[{"@type":"ReadAction","target":["https:\/\/www.minihorse.eu\/produit\/delizia-apple-flavored-lick-stone\/"]}]},{"@type":"ImageObject","inLanguage":"fr-FR","@id":"https:\/\/www.minihorse.eu\/produit\/delizia-apple-flavored-lick-stone\/#primaryimage","url":"https:\/\/www.minihorse.eu\/wp-content\/uploads\/2024\/08\/Liksteen-Delizia-appel-650-gr.jpg","contentUrl":"https:\/\/www.minihorse.eu\/wp-content\/uploads\/2024\/08\/Liksteen-Delizia-appel-650-gr.jpg","width":700,"height":544,"caption":"Pierre \u00e0 l\u00e9cher Delizia - Saveur Pomme, 650 g: Pierre \u00e0 l\u00e9cher saveur pomme enrichie en Vitamine E pour garder votre cheval diverti et en bonne sant\u00e9."},{"@type":"BreadcrumbList","@id":"https:\/\/www.minihorse.eu\/produit\/delizia-apple-flavored-lick-stone\/#breadcrumb","itemListElement":[{"@type":"ListItem","position":1,"name":"Home","item":"https:\/\/www.minihorse.eu\/fr\/accueil\/"},{"@type":"ListItem","position":2,"name":"Boutique","item":"https:\/\/www.minihorse.eu\/fr\/boutique\/"},{"@type":"ListItem","position":3,"name":"Pierre \u00e0 L\u00e9cher Delizia Saveur Pomme"}]},{"@type":"WebSite","@id":"https:\/\/www.minihorse.eu\/#website","url":"https:\/\/www.minihorse.eu\/","name":"Minihorse.eu","description":"The #1 store for Miniature Horses","publisher":{"@id":"https:\/\/www.minihorse.eu\/#organization"},"potentialAction":[{"@type":"SearchAction","target":{"@type":"EntryPoint","urlTemplate":"https:\/\/www.minihorse.eu\/?s={search_term_string}"},"query-input":{"@type":"PropertyValueSpecification","valueRequired":true,"valueName":"search_term_string"}}],"inLanguage":"fr-FR"},{"@type":"Organization","@id":"https:\/\/www.minihorse.eu\/#organization","name":"Minihorse.eu","url":"https:\/\/www.minihorse.eu\/","logo":{"@type":"ImageObject","inLanguage":"fr-FR","@id":"https:\/\/www.minihorse.eu\/#\/schema\/logo\/image\/","url":"https:\/\/www.minihorse.eu\/wp-content\/uploads\/2024\/08\/Logo-minihorse-ext.png","contentUrl":"https:\/\/www.minihorse.eu\/wp-content\/uploads\/2024\/08\/Logo-minihorse-ext.png","width":500,"height":500,"caption":"Minihorse.eu"},"image":{"@id":"https:\/\/www.minihorse.eu\/#\/schema\/logo\/image\/"},"sameAs":["https:\/\/www.facebook.com\/profile.php?id=100063487117479"]}]}},"jetpack_sharing_enabled":true,"_links":{"self":[{"href":"https:\/\/www.minihorse.eu\/fr\/wp-json\/wp\/v2\/product\/1749","targetHints":{"allow":["GET"]}}],"collection":[{"href":"https:\/\/www.minihorse.eu\/fr\/wp-json\/wp\/v2\/product"}],"about":[{"href":"https:\/\/www.minihorse.eu\/fr\/wp-json\/wp\/v2\/types\/product"}],"replies":[{"embeddable":true,"href":"https:\/\/www.minihorse.eu\/fr\/wp-json\/wp\/v2\/comments?post=1749"}],"wp:featuredmedia":[{"embeddable":true,"href":"https:\/\/www.minihorse.eu\/fr\/wp-json\/wp\/v2\/media\/1015"}],"wp:attachment":[{"href":"https:\/\/www.minihorse.eu\/fr\/wp-json\/wp\/v2\/media?parent=1749"}],"wp:term":[{"taxonomy":"product_brand","embeddable":true,"href":"https:\/\/www.minihorse.eu\/fr\/wp-json\/wp\/v2\/product_brand?post=1749"},{"taxonomy":"product_cat","embeddable":true,"href":"https:\/\/www.minihorse.eu\/fr\/wp-json\/wp\/v2\/product_cat?post=1749"},{"taxonomy":"product_tag","embeddable":true,"href":"https:\/\/www.minihorse.eu\/fr\/wp-json\/wp\/v2\/product_tag?post=1749"}],"curies":[{"name":"wp","href":"https:\/\/api.w.org\/{rel}","templated":true}]}}