{"id":1750,"date":"2024-08-08T11:36:29","date_gmt":"2024-08-08T11:36:29","guid":{"rendered":"https:\/\/horselandshop.com\/product\/shapleys-original-m-t-g-mane-tail-groom\/"},"modified":"2026-03-22T18:01:49","modified_gmt":"2026-03-22T18:01:49","slug":"shapleys-original-m-t-g-mane-tail-groom","status":"publish","type":"product","link":"https:\/\/www.minihorse.eu\/fr\/produit\/shapleys-original-m-t-g-mane-tail-groom\/","title":{"rendered":"Shapley&rsquo;s Original M-T-G (MTG &#8211; Mane-Tail-Groom)"},"content":{"rendered":"<p><strong>Transformez la toison de Votre Cheval Miniature avec le M-T-G Original de Shapley&rsquo;s (Soin Crini\u00e8re-Queue-Pelage)<br \/>\n<\/strong><\/p>\n<p><strong style=\"font-size: 14.4px;\">Shapley\u2019s Original M-T-G<\/strong> est une solution de confiance, \u00e9prouv\u00e9e par le temps, con\u00e7ue pour am\u00e9liorer la sant\u00e9 de la peau et favoriser la pousse des cheveux. Cette formule unique apaise et nourrit la peau tout en stimulant la croissance de cheveux sains et magnifiques. Id\u00e9ale pour une utilisation hebdomadaire, <span style=\"font-size: 14.4px;\"><span style=\"font-size: 14.4px;\">l\u2019Original M-T-G <\/span><\/span>cr\u00e9e un environnement optimal pour les follicules pileux, favorisant une croissance maximale tout en maintenant la tige capillaire douce et flexible pour minimiser la casse.<\/p>\n<p><strong>Formule \u00e9prouv\u00e9e :<\/strong> Shapley\u2019s Original M-T-G offre une solution \u00e9prouv\u00e9e pour am\u00e9liorer la sant\u00e9 de la peau et stimuler la croissance des cheveux, avec une formule qui a fait ses preuves au fil du temps.<\/p>\n<p><strong>Favorise une peau saine et des cheveux magnifiques <\/strong>: Les propri\u00e9t\u00e9s nourrissantes de l\u2019Original M-T-G apaisent la peau tout en pr\u00e9servant la sant\u00e9 de la peau et des cheveux, offrant ainsi une apparence \u00e9clatante et soign\u00e9e.<\/p>\n<p><strong>Stimule la croissance des cheveux : <\/strong>L&rsquo;application r\u00e9guli\u00e8re aide \u00e0 cr\u00e9er un environnement hygi\u00e9nique autour des follicules pileux, favorisant une croissance maximale des cheveux tout en veillant \u00e0 ce que les cheveux restent doux et flexibles.<\/p>\n<p><strong>R\u00e9duit la casse :<\/strong> En maintenant la tige capillaire douce et flexible, ce produit minimise la casse et favorise une crini\u00e8re et une queue plus \u00e9paisses et plus saines.<\/p>\n<p><strong>Application facile : <\/strong>Appliquez simplement chaque semaine pour maintenir une robe propre et saine et obtenir des r\u00e9sultats optimaux avec un minimum d\u2019effort.<\/p>\n","protected":false},"excerpt":{"rendered":"<p><strong>Shapley\u2019s Original M-T-G (Mane-Tail-Groom)<\/strong> favorise une peau saine et la croissance des cheveux gr\u00e2ce \u00e0 sa formule \u00e9prouv\u00e9e. Une utilisation r\u00e9guli\u00e8re nourrit la peau, stimule la pousse des cheveux et r\u00e9duit la casse. <\/p>\n<p>Produits incontournables pour les chevaux miniatures qui participent aux concours !<\/p>\n<p>Disponible en 2 tailles : 236 ml et 946 ml.<\/p>\n","protected":false},"featured_media":3206,"comment_status":"open","ping_status":"closed","template":"","meta":[],"product_brand":[],"product_cat":[179,209,210,180,183],"product_tag":[781,782,776,780,783,786,787,777,789,784,778,715,513,514,775,785,788,171,779,172],"class_list":{"0":"post-1750","1":"product","2":"type-product","3":"status-publish","4":"has-post-thumbnail","6":"product_cat-meilleures-ventes","7":"product_cat-sante","8":"product_cat-shapleys-fr","9":"product_cat-soins","10":"product_cat-toilettage","11":"product_tag-aggressif","12":"product_tag-cheval","13":"product_tag-criniere-et-queue-fines","14":"product_tag-croutes","15":"product_tag-dermatophilose","16":"product_tag-desquamation","17":"product_tag-diarrhee","18":"product_tag-eczema-fr","19":"product_tag-eczema-dete","20":"product_tag-gale-de-pluie","21":"product_tag-gratte","22":"product_tag-mtg-fr","23":"product_tag-original-mtg-fr","24":"product_tag-original-mtg-plus-fr","25":"product_tag-peau-seche","26":"product_tag-pellicules","27":"product_tag-prurigo-dete","28":"product_tag-soins","29":"product_tag-taches-de-calvitie","30":"product_tag-toilettage","32":"first","33":"instock","34":"taxable","35":"shipping-taxable","36":"purchasable","37":"product-type-variable"},"yoast_head":"<!-- This site is optimized with the Yoast SEO plugin v27.5 - https:\/\/yoast.com\/product\/yoast-seo-wordpress\/ -->\n<title>Shapley&#039;s Original M-T-G (MTG - Mane-Tail-Groom) - Minihorse.eu<\/title>\n<meta name=\"description\" content=\"Shapley&#039;s Original M-T-G est une solution con\u00e7ue pour am\u00e9liorer la sant\u00e9 de la peau et la croissance des cheveux. Elle calme et conditionne la peau et favorise la sant\u00e9 des cheveux.\" \/>\n<meta name=\"robots\" content=\"index, follow, max-snippet:-1, max-image-preview:large, max-video-preview:-1\" \/>\n<link rel=\"canonical\" href=\"https:\/\/www.minihorse.eu\/fr\/produit\/shapleys-original-m-t-g-mane-tail-groom\/\" \/>\n<meta property=\"og:locale\" content=\"fr_FR\" \/>\n<meta property=\"og:type\" content=\"article\" \/>\n<meta property=\"og:title\" content=\"Shapley&#039;s Original M-T-G (MTG - Mane-Tail-Groom) - Minihorse.eu\" \/>\n<meta property=\"og:description\" content=\"Shapley&#039;s Original M-T-G est une solution con\u00e7ue pour am\u00e9liorer la sant\u00e9 de la peau et la croissance des cheveux. Elle calme et conditionne la peau et favorise la sant\u00e9 des cheveux.\" \/>\n<meta property=\"og:url\" content=\"https:\/\/www.minihorse.eu\/fr\/produit\/shapleys-original-m-t-g-mane-tail-groom\/\" \/>\n<meta property=\"og:site_name\" content=\"Minihorse.eu\" \/>\n<meta property=\"article:publisher\" content=\"https:\/\/www.facebook.com\/profile.php?id=100063487117479\" \/>\n<meta property=\"article:modified_time\" content=\"2026-03-22T18:01:49+00:00\" \/>\n<meta property=\"og:image\" content=\"https:\/\/www.minihorse.eu\/wp-content\/uploads\/2024\/08\/Original-MTG-32-oz1.jpg\" \/>\n\t<meta property=\"og:image:width\" content=\"600\" \/>\n\t<meta property=\"og:image:height\" content=\"800\" \/>\n\t<meta property=\"og:image:type\" content=\"image\/jpeg\" \/>\n<meta name=\"twitter:card\" content=\"summary_large_image\" \/>\n<meta name=\"twitter:label1\" content=\"Dur\u00e9e de lecture estim\u00e9e\" \/>\n\t<meta name=\"twitter:data1\" content=\"1 minute\" \/>\n<script type=\"application\/ld+json\" class=\"yoast-schema-graph\">{\"@context\":\"https:\\\/\\\/schema.org\",\"@graph\":[{\"@type\":\"WebPage\",\"@id\":\"https:\\\/\\\/www.minihorse.eu\\\/fr\\\/produit\\\/shapleys-original-m-t-g-mane-tail-groom\\\/\",\"url\":\"https:\\\/\\\/www.minihorse.eu\\\/fr\\\/produit\\\/shapleys-original-m-t-g-mane-tail-groom\\\/\",\"name\":\"Shapley's Original M-T-G (MTG - Mane-Tail-Groom) - Minihorse.eu\",\"isPartOf\":{\"@id\":\"https:\\\/\\\/www.minihorse.eu\\\/#website\"},\"primaryImageOfPage\":{\"@id\":\"https:\\\/\\\/www.minihorse.eu\\\/fr\\\/produit\\\/shapleys-original-m-t-g-mane-tail-groom\\\/#primaryimage\"},\"image\":{\"@id\":\"https:\\\/\\\/www.minihorse.eu\\\/fr\\\/produit\\\/shapleys-original-m-t-g-mane-tail-groom\\\/#primaryimage\"},\"thumbnailUrl\":\"https:\\\/\\\/www.minihorse.eu\\\/wp-content\\\/uploads\\\/2024\\\/08\\\/Original-MTG-32-oz1.jpg\",\"datePublished\":\"2024-08-08T11:36:29+00:00\",\"dateModified\":\"2026-03-22T18:01:49+00:00\",\"description\":\"Shapley's Original M-T-G est une solution con\u00e7ue pour am\u00e9liorer la sant\u00e9 de la peau et la croissance des cheveux. Elle calme et conditionne la peau et favorise la sant\u00e9 des cheveux.\",\"breadcrumb\":{\"@id\":\"https:\\\/\\\/www.minihorse.eu\\\/fr\\\/produit\\\/shapleys-original-m-t-g-mane-tail-groom\\\/#breadcrumb\"},\"inLanguage\":\"fr-FR\",\"potentialAction\":[{\"@type\":\"ReadAction\",\"target\":[\"https:\\\/\\\/www.minihorse.eu\\\/fr\\\/produit\\\/shapleys-original-m-t-g-mane-tail-groom\\\/\"]}]},{\"@type\":\"ImageObject\",\"inLanguage\":\"fr-FR\",\"@id\":\"https:\\\/\\\/www.minihorse.eu\\\/fr\\\/produit\\\/shapleys-original-m-t-g-mane-tail-groom\\\/#primaryimage\",\"url\":\"https:\\\/\\\/www.minihorse.eu\\\/wp-content\\\/uploads\\\/2024\\\/08\\\/Original-MTG-32-oz1.jpg\",\"contentUrl\":\"https:\\\/\\\/www.minihorse.eu\\\/wp-content\\\/uploads\\\/2024\\\/08\\\/Original-MTG-32-oz1.jpg\",\"width\":600,\"height\":800},{\"@type\":\"BreadcrumbList\",\"@id\":\"https:\\\/\\\/www.minihorse.eu\\\/fr\\\/produit\\\/shapleys-original-m-t-g-mane-tail-groom\\\/#breadcrumb\",\"itemListElement\":[{\"@type\":\"ListItem\",\"position\":1,\"name\":\"Home\",\"item\":\"https:\\\/\\\/www.minihorse.eu\\\/fr\\\/accueil\\\/\"},{\"@type\":\"ListItem\",\"position\":2,\"name\":\"Boutique\",\"item\":\"https:\\\/\\\/www.minihorse.eu\\\/fr\\\/boutique\\\/\"},{\"@type\":\"ListItem\",\"position\":3,\"name\":\"Shapley&rsquo;s Original M-T-G (MTG &#8211; Mane-Tail-Groom)\"}]},{\"@type\":\"WebSite\",\"@id\":\"https:\\\/\\\/www.minihorse.eu\\\/#website\",\"url\":\"https:\\\/\\\/www.minihorse.eu\\\/\",\"name\":\"Minihorse.eu\",\"description\":\"The #1 store for Miniature Horses\",\"publisher\":{\"@id\":\"https:\\\/\\\/www.minihorse.eu\\\/#organization\"},\"potentialAction\":[{\"@type\":\"SearchAction\",\"target\":{\"@type\":\"EntryPoint\",\"urlTemplate\":\"https:\\\/\\\/www.minihorse.eu\\\/?s={search_term_string}\"},\"query-input\":{\"@type\":\"PropertyValueSpecification\",\"valueRequired\":true,\"valueName\":\"search_term_string\"}}],\"inLanguage\":\"fr-FR\"},{\"@type\":\"Organization\",\"@id\":\"https:\\\/\\\/www.minihorse.eu\\\/#organization\",\"name\":\"Minihorse.eu\",\"url\":\"https:\\\/\\\/www.minihorse.eu\\\/\",\"logo\":{\"@type\":\"ImageObject\",\"inLanguage\":\"fr-FR\",\"@id\":\"https:\\\/\\\/www.minihorse.eu\\\/#\\\/schema\\\/logo\\\/image\\\/\",\"url\":\"https:\\\/\\\/www.minihorse.eu\\\/wp-content\\\/uploads\\\/2024\\\/08\\\/Logo-minihorse-ext.png\",\"contentUrl\":\"https:\\\/\\\/www.minihorse.eu\\\/wp-content\\\/uploads\\\/2024\\\/08\\\/Logo-minihorse-ext.png\",\"width\":500,\"height\":500,\"caption\":\"Minihorse.eu\"},\"image\":{\"@id\":\"https:\\\/\\\/www.minihorse.eu\\\/#\\\/schema\\\/logo\\\/image\\\/\"},\"sameAs\":[\"https:\\\/\\\/www.facebook.com\\\/profile.php?id=100063487117479\"]}]}<\/script>\n<!-- \/ Yoast SEO plugin. -->","yoast_head_json":{"title":"Shapley's Original M-T-G (MTG - Mane-Tail-Groom) - Minihorse.eu","description":"Shapley's Original M-T-G est une solution con\u00e7ue pour am\u00e9liorer la sant\u00e9 de la peau et la croissance des cheveux. Elle calme et conditionne la peau et favorise la sant\u00e9 des cheveux.","robots":{"index":"index","follow":"follow","max-snippet":"max-snippet:-1","max-image-preview":"max-image-preview:large","max-video-preview":"max-video-preview:-1"},"canonical":"https:\/\/www.minihorse.eu\/fr\/produit\/shapleys-original-m-t-g-mane-tail-groom\/","og_locale":"fr_FR","og_type":"article","og_title":"Shapley's Original M-T-G (MTG - Mane-Tail-Groom) - Minihorse.eu","og_description":"Shapley's Original M-T-G est une solution con\u00e7ue pour am\u00e9liorer la sant\u00e9 de la peau et la croissance des cheveux. Elle calme et conditionne la peau et favorise la sant\u00e9 des cheveux.","og_url":"https:\/\/www.minihorse.eu\/fr\/produit\/shapleys-original-m-t-g-mane-tail-groom\/","og_site_name":"Minihorse.eu","article_publisher":"https:\/\/www.facebook.com\/profile.php?id=100063487117479","article_modified_time":"2026-03-22T18:01:49+00:00","og_image":[{"width":600,"height":800,"url":"https:\/\/www.minihorse.eu\/wp-content\/uploads\/2024\/08\/Original-MTG-32-oz1.jpg","type":"image\/jpeg"}],"twitter_card":"summary_large_image","twitter_misc":{"Dur\u00e9e de lecture estim\u00e9e":"1 minute"},"schema":{"@context":"https:\/\/schema.org","@graph":[{"@type":"WebPage","@id":"https:\/\/www.minihorse.eu\/fr\/produit\/shapleys-original-m-t-g-mane-tail-groom\/","url":"https:\/\/www.minihorse.eu\/fr\/produit\/shapleys-original-m-t-g-mane-tail-groom\/","name":"Shapley's Original M-T-G (MTG - Mane-Tail-Groom) - Minihorse.eu","isPartOf":{"@id":"https:\/\/www.minihorse.eu\/#website"},"primaryImageOfPage":{"@id":"https:\/\/www.minihorse.eu\/fr\/produit\/shapleys-original-m-t-g-mane-tail-groom\/#primaryimage"},"image":{"@id":"https:\/\/www.minihorse.eu\/fr\/produit\/shapleys-original-m-t-g-mane-tail-groom\/#primaryimage"},"thumbnailUrl":"https:\/\/www.minihorse.eu\/wp-content\/uploads\/2024\/08\/Original-MTG-32-oz1.jpg","datePublished":"2024-08-08T11:36:29+00:00","dateModified":"2026-03-22T18:01:49+00:00","description":"Shapley's Original M-T-G est une solution con\u00e7ue pour am\u00e9liorer la sant\u00e9 de la peau et la croissance des cheveux. Elle calme et conditionne la peau et favorise la sant\u00e9 des cheveux.","breadcrumb":{"@id":"https:\/\/www.minihorse.eu\/fr\/produit\/shapleys-original-m-t-g-mane-tail-groom\/#breadcrumb"},"inLanguage":"fr-FR","potentialAction":[{"@type":"ReadAction","target":["https:\/\/www.minihorse.eu\/fr\/produit\/shapleys-original-m-t-g-mane-tail-groom\/"]}]},{"@type":"ImageObject","inLanguage":"fr-FR","@id":"https:\/\/www.minihorse.eu\/fr\/produit\/shapleys-original-m-t-g-mane-tail-groom\/#primaryimage","url":"https:\/\/www.minihorse.eu\/wp-content\/uploads\/2024\/08\/Original-MTG-32-oz1.jpg","contentUrl":"https:\/\/www.minihorse.eu\/wp-content\/uploads\/2024\/08\/Original-MTG-32-oz1.jpg","width":600,"height":800},{"@type":"BreadcrumbList","@id":"https:\/\/www.minihorse.eu\/fr\/produit\/shapleys-original-m-t-g-mane-tail-groom\/#breadcrumb","itemListElement":[{"@type":"ListItem","position":1,"name":"Home","item":"https:\/\/www.minihorse.eu\/fr\/accueil\/"},{"@type":"ListItem","position":2,"name":"Boutique","item":"https:\/\/www.minihorse.eu\/fr\/boutique\/"},{"@type":"ListItem","position":3,"name":"Shapley&rsquo;s Original M-T-G (MTG &#8211; Mane-Tail-Groom)"}]},{"@type":"WebSite","@id":"https:\/\/www.minihorse.eu\/#website","url":"https:\/\/www.minihorse.eu\/","name":"Minihorse.eu","description":"The #1 store for Miniature Horses","publisher":{"@id":"https:\/\/www.minihorse.eu\/#organization"},"potentialAction":[{"@type":"SearchAction","target":{"@type":"EntryPoint","urlTemplate":"https:\/\/www.minihorse.eu\/?s={search_term_string}"},"query-input":{"@type":"PropertyValueSpecification","valueRequired":true,"valueName":"search_term_string"}}],"inLanguage":"fr-FR"},{"@type":"Organization","@id":"https:\/\/www.minihorse.eu\/#organization","name":"Minihorse.eu","url":"https:\/\/www.minihorse.eu\/","logo":{"@type":"ImageObject","inLanguage":"fr-FR","@id":"https:\/\/www.minihorse.eu\/#\/schema\/logo\/image\/","url":"https:\/\/www.minihorse.eu\/wp-content\/uploads\/2024\/08\/Logo-minihorse-ext.png","contentUrl":"https:\/\/www.minihorse.eu\/wp-content\/uploads\/2024\/08\/Logo-minihorse-ext.png","width":500,"height":500,"caption":"Minihorse.eu"},"image":{"@id":"https:\/\/www.minihorse.eu\/#\/schema\/logo\/image\/"},"sameAs":["https:\/\/www.facebook.com\/profile.php?id=100063487117479"]}]}},"jetpack_sharing_enabled":true,"_links":{"self":[{"href":"https:\/\/www.minihorse.eu\/fr\/wp-json\/wp\/v2\/product\/1750","targetHints":{"allow":["GET"]}}],"collection":[{"href":"https:\/\/www.minihorse.eu\/fr\/wp-json\/wp\/v2\/product"}],"about":[{"href":"https:\/\/www.minihorse.eu\/fr\/wp-json\/wp\/v2\/types\/product"}],"replies":[{"embeddable":true,"href":"https:\/\/www.minihorse.eu\/fr\/wp-json\/wp\/v2\/comments?post=1750"}],"wp:featuredmedia":[{"embeddable":true,"href":"https:\/\/www.minihorse.eu\/fr\/wp-json\/wp\/v2\/media\/3206"}],"wp:attachment":[{"href":"https:\/\/www.minihorse.eu\/fr\/wp-json\/wp\/v2\/media?parent=1750"}],"wp:term":[{"taxonomy":"product_brand","embeddable":true,"href":"https:\/\/www.minihorse.eu\/fr\/wp-json\/wp\/v2\/product_brand?post=1750"},{"taxonomy":"product_cat","embeddable":true,"href":"https:\/\/www.minihorse.eu\/fr\/wp-json\/wp\/v2\/product_cat?post=1750"},{"taxonomy":"product_tag","embeddable":true,"href":"https:\/\/www.minihorse.eu\/fr\/wp-json\/wp\/v2\/product_tag?post=1750"}],"curies":[{"name":"wp","href":"https:\/\/api.w.org\/{rel}","templated":true}]}}