{"id":1754,"date":"2024-08-08T11:25:58","date_gmt":"2024-08-08T11:25:58","guid":{"rendered":"https:\/\/horselandshop.com\/product\/andis-ultra-edge-40-025-mm\/"},"modified":"2025-03-23T16:44:35","modified_gmt":"2025-03-23T16:44:35","slug":"andis-ultra-edge-40-025-mm","status":"publish","type":"product","link":"https:\/\/www.minihorse.eu\/fr\/produit\/andis-ultra-edge-40-025-mm\/","title":{"rendered":"Andis Ultra Edge n\u00b0. 40 Lame- 0,25 mm"},"content":{"rendered":"<p>La <strong>lame Andis Ultra Edge n\u00b0. 40 &#8211; 0,25 mm <\/strong>est une lame extra fine en acier tremp\u00e9 de haute qualit\u00e9, qui rase \u00e0 ras de peau (0,25 mm) et qui est parfaite pour les travaux de d\u00e9tail sur les zones sensibles.<\/p>\n<p>Pour les chevaux, les chats et les chiens.<\/p>\n<ul>\n<li><strong>Longueur de coupe ultra pr\u00e9cise de 0,25 mm<\/strong> La longueur de coupe de 0,25 mm permet d&rsquo;effectuer des coupes tr\u00e8s pr\u00e9cises, ce qui est id\u00e9al pour le toilettage d\u00e9taill\u00e9 des zones sensibles telles que le visage et les oreilles, tout en pr\u00e9servant le confort de votre cheval.<\/li>\n<li><strong>Large compatibilit\u00e9.<\/strong> Cette lame est compatible avec les tondeuses Oster, Andis, Moser, Heiniger, Wahl, Laube et d&rsquo;autres marques entre autres pour autant qu&rsquo;elles soient du type &lsquo;Oster A5&rsquo;.<\/li>\n<li><strong>Finition chrom\u00e9e r\u00e9sistante \u00e0 la rouille.<\/strong> La lame est dot\u00e9e d&rsquo;une finition chrom\u00e9e qui r\u00e9siste \u00e0 la rouille et \u00e0 la corrosion, garantissant une durabilit\u00e9 et des performances fiables au fil du temps.<br \/>Entretien facile.<\/li>\n<li><strong>Entretien facile.Effortless Maintenance.<\/strong> Con\u00e7ue pour se d\u00e9tacher et se nettoyer facilement, cette lame simplifie l&rsquo;entretien du toilettage, rendant vos s\u00e9ances de toilettage plus efficaces et sans souci.<\/li>\n<\/ul>\n","protected":false},"excerpt":{"rendered":"<p>La <strong>lame Andis Ultra Edge no. 40 &#8211; 0,25 mm<\/strong> est une lame extra fine en acier tremp\u00e9 de haute qualit\u00e9, qui rase \u00e0 ras de peau (0,25 mm) et qui est parfaite pour les travaux de d\u00e9tail sur les zones sensibles.<\/p>\n<p>Cette lame est compatible avec les tondeuses Oster, Andis, Moser, Heiniger, Wahl, Laube et d&rsquo;autres marques entre autres pour autant qu&rsquo;elles soient du type &lsquo;Oster A5&rsquo;.<\/p>\n<p>A utiliser pour les chevaux, les chats et les chiens.<\/p>\n","protected":false},"featured_media":1004,"comment_status":"open","ping_status":"closed","template":"","meta":[],"product_brand":[],"product_cat":[889],"product_tag":[170],"class_list":{"0":"post-1754","1":"product","2":"type-product","3":"status-publish","4":"has-post-thumbnail","6":"product_cat-peignes","7":"product_tag-peignes","9":"first","10":"instock","11":"taxable","12":"shipping-taxable","13":"purchasable","14":"product-type-simple"},"yoast_head":"<!-- This site is optimized with the Yoast SEO plugin v27.6 - https:\/\/yoast.com\/product\/yoast-seo-wordpress\/ -->\n<title>Andis Ultra Edge n\u00b0. 40 Lame- 0,25 mm - Minihorse.eu<\/title>\n<meta name=\"robots\" content=\"index, follow, max-snippet:-1, max-image-preview:large, max-video-preview:-1\" \/>\n<link rel=\"canonical\" href=\"https:\/\/www.minihorse.eu\/produit\/andis-ultra-edge-40-025-mm\/\" \/>\n<meta property=\"og:locale\" content=\"fr_FR\" \/>\n<meta property=\"og:type\" content=\"article\" \/>\n<meta property=\"og:title\" content=\"Andis Ultra Edge n\u00b0. 40 Lame- 0,25 mm - Minihorse.eu\" \/>\n<meta property=\"og:description\" content=\"La lame Andis Ultra Edge no. 40 - 0,25 mm est une lame extra fine en acier tremp\u00e9 de haute qualit\u00e9, qui rase \u00e0 ras de peau (0,25 mm) et qui est parfaite pour les travaux de d\u00e9tail sur les zones sensibles. Cette lame est compatible avec les tondeuses Oster, Andis, Moser, Heiniger, Wahl, Laube et d&#039;autres marques entre autres pour autant qu&#039;elles soient du type &#039;Oster A5&#039;. A utiliser pour les chevaux, les chats et les chiens.\" \/>\n<meta property=\"og:url\" content=\"https:\/\/www.minihorse.eu\/produit\/andis-ultra-edge-40-025-mm\/\" \/>\n<meta property=\"og:site_name\" content=\"Minihorse.eu\" \/>\n<meta property=\"article:publisher\" content=\"https:\/\/www.facebook.com\/profile.php?id=100063487117479\" \/>\n<meta property=\"article:modified_time\" content=\"2025-03-23T16:44:35+00:00\" \/>\n<meta property=\"og:image\" content=\"https:\/\/www.minihorse.eu\/wp-content\/uploads\/2024\/08\/Andis-Ultra-Edge-40-025-mm.jpg\" \/>\n\t<meta property=\"og:image:width\" content=\"218\" \/>\n\t<meta property=\"og:image:height\" content=\"218\" \/>\n\t<meta property=\"og:image:type\" content=\"image\/jpeg\" \/>\n<meta name=\"twitter:card\" content=\"summary_large_image\" \/>\n<meta name=\"twitter:label1\" content=\"Dur\u00e9e de lecture estim\u00e9e\" \/>\n\t<meta name=\"twitter:data1\" content=\"1 minute\" \/>\n<script type=\"application\/ld+json\" class=\"yoast-schema-graph\">{\"@context\":\"https:\\\/\\\/schema.org\",\"@graph\":[{\"@type\":\"WebPage\",\"@id\":\"https:\\\/\\\/www.minihorse.eu\\\/produit\\\/andis-ultra-edge-40-025-mm\\\/\",\"url\":\"https:\\\/\\\/www.minihorse.eu\\\/produit\\\/andis-ultra-edge-40-025-mm\\\/\",\"name\":\"Andis Ultra Edge n\u00b0. 40 Lame- 0,25 mm - Minihorse.eu\",\"isPartOf\":{\"@id\":\"https:\\\/\\\/www.minihorse.eu\\\/#website\"},\"primaryImageOfPage\":{\"@id\":\"https:\\\/\\\/www.minihorse.eu\\\/produit\\\/andis-ultra-edge-40-025-mm\\\/#primaryimage\"},\"image\":{\"@id\":\"https:\\\/\\\/www.minihorse.eu\\\/produit\\\/andis-ultra-edge-40-025-mm\\\/#primaryimage\"},\"thumbnailUrl\":\"https:\\\/\\\/www.minihorse.eu\\\/wp-content\\\/uploads\\\/2024\\\/08\\\/Andis-Ultra-Edge-40-025-mm.jpg\",\"datePublished\":\"2024-08-08T11:25:58+00:00\",\"dateModified\":\"2025-03-23T16:44:35+00:00\",\"breadcrumb\":{\"@id\":\"https:\\\/\\\/www.minihorse.eu\\\/produit\\\/andis-ultra-edge-40-025-mm\\\/#breadcrumb\"},\"inLanguage\":\"fr-FR\",\"potentialAction\":[{\"@type\":\"ReadAction\",\"target\":[\"https:\\\/\\\/www.minihorse.eu\\\/produit\\\/andis-ultra-edge-40-025-mm\\\/\"]}]},{\"@type\":\"ImageObject\",\"inLanguage\":\"fr-FR\",\"@id\":\"https:\\\/\\\/www.minihorse.eu\\\/produit\\\/andis-ultra-edge-40-025-mm\\\/#primaryimage\",\"url\":\"https:\\\/\\\/www.minihorse.eu\\\/wp-content\\\/uploads\\\/2024\\\/08\\\/Andis-Ultra-Edge-40-025-mm.jpg\",\"contentUrl\":\"https:\\\/\\\/www.minihorse.eu\\\/wp-content\\\/uploads\\\/2024\\\/08\\\/Andis-Ultra-Edge-40-025-mm.jpg\",\"width\":218,\"height\":218,\"caption\":\"Andis Ultra Edge #40 - 0.25 mm: Lame de pr\u00e9cision pour un toilettage ultra-rapproch\u00e9 et des finitions m\u00e9ticuleuses.\"},{\"@type\":\"BreadcrumbList\",\"@id\":\"https:\\\/\\\/www.minihorse.eu\\\/produit\\\/andis-ultra-edge-40-025-mm\\\/#breadcrumb\",\"itemListElement\":[{\"@type\":\"ListItem\",\"position\":1,\"name\":\"Home\",\"item\":\"https:\\\/\\\/www.minihorse.eu\\\/fr\\\/accueil\\\/\"},{\"@type\":\"ListItem\",\"position\":2,\"name\":\"Boutique\",\"item\":\"https:\\\/\\\/www.minihorse.eu\\\/fr\\\/boutique\\\/\"},{\"@type\":\"ListItem\",\"position\":3,\"name\":\"Andis Ultra Edge n\u00b0. 40 Lame- 0,25 mm\"}]},{\"@type\":\"WebSite\",\"@id\":\"https:\\\/\\\/www.minihorse.eu\\\/#website\",\"url\":\"https:\\\/\\\/www.minihorse.eu\\\/\",\"name\":\"Minihorse.eu\",\"description\":\"The #1 store for Miniature Horses\",\"publisher\":{\"@id\":\"https:\\\/\\\/www.minihorse.eu\\\/#organization\"},\"potentialAction\":[{\"@type\":\"SearchAction\",\"target\":{\"@type\":\"EntryPoint\",\"urlTemplate\":\"https:\\\/\\\/www.minihorse.eu\\\/?s={search_term_string}\"},\"query-input\":{\"@type\":\"PropertyValueSpecification\",\"valueRequired\":true,\"valueName\":\"search_term_string\"}}],\"inLanguage\":\"fr-FR\"},{\"@type\":\"Organization\",\"@id\":\"https:\\\/\\\/www.minihorse.eu\\\/#organization\",\"name\":\"Minihorse.eu\",\"url\":\"https:\\\/\\\/www.minihorse.eu\\\/\",\"logo\":{\"@type\":\"ImageObject\",\"inLanguage\":\"fr-FR\",\"@id\":\"https:\\\/\\\/www.minihorse.eu\\\/#\\\/schema\\\/logo\\\/image\\\/\",\"url\":\"https:\\\/\\\/www.minihorse.eu\\\/wp-content\\\/uploads\\\/2024\\\/08\\\/Logo-minihorse-ext.png\",\"contentUrl\":\"https:\\\/\\\/www.minihorse.eu\\\/wp-content\\\/uploads\\\/2024\\\/08\\\/Logo-minihorse-ext.png\",\"width\":500,\"height\":500,\"caption\":\"Minihorse.eu\"},\"image\":{\"@id\":\"https:\\\/\\\/www.minihorse.eu\\\/#\\\/schema\\\/logo\\\/image\\\/\"},\"sameAs\":[\"https:\\\/\\\/www.facebook.com\\\/profile.php?id=100063487117479\"]}]}<\/script>\n<!-- \/ Yoast SEO plugin. -->","yoast_head_json":{"title":"Andis Ultra Edge n\u00b0. 40 Lame- 0,25 mm - Minihorse.eu","robots":{"index":"index","follow":"follow","max-snippet":"max-snippet:-1","max-image-preview":"max-image-preview:large","max-video-preview":"max-video-preview:-1"},"canonical":"https:\/\/www.minihorse.eu\/produit\/andis-ultra-edge-40-025-mm\/","og_locale":"fr_FR","og_type":"article","og_title":"Andis Ultra Edge n\u00b0. 40 Lame- 0,25 mm - Minihorse.eu","og_description":"La lame Andis Ultra Edge no. 40 - 0,25 mm est une lame extra fine en acier tremp\u00e9 de haute qualit\u00e9, qui rase \u00e0 ras de peau (0,25 mm) et qui est parfaite pour les travaux de d\u00e9tail sur les zones sensibles. Cette lame est compatible avec les tondeuses Oster, Andis, Moser, Heiniger, Wahl, Laube et d'autres marques entre autres pour autant qu'elles soient du type 'Oster A5'. A utiliser pour les chevaux, les chats et les chiens.","og_url":"https:\/\/www.minihorse.eu\/produit\/andis-ultra-edge-40-025-mm\/","og_site_name":"Minihorse.eu","article_publisher":"https:\/\/www.facebook.com\/profile.php?id=100063487117479","article_modified_time":"2025-03-23T16:44:35+00:00","og_image":[{"width":218,"height":218,"url":"https:\/\/www.minihorse.eu\/wp-content\/uploads\/2024\/08\/Andis-Ultra-Edge-40-025-mm.jpg","type":"image\/jpeg"}],"twitter_card":"summary_large_image","twitter_misc":{"Dur\u00e9e de lecture estim\u00e9e":"1 minute"},"schema":{"@context":"https:\/\/schema.org","@graph":[{"@type":"WebPage","@id":"https:\/\/www.minihorse.eu\/produit\/andis-ultra-edge-40-025-mm\/","url":"https:\/\/www.minihorse.eu\/produit\/andis-ultra-edge-40-025-mm\/","name":"Andis Ultra Edge n\u00b0. 40 Lame- 0,25 mm - Minihorse.eu","isPartOf":{"@id":"https:\/\/www.minihorse.eu\/#website"},"primaryImageOfPage":{"@id":"https:\/\/www.minihorse.eu\/produit\/andis-ultra-edge-40-025-mm\/#primaryimage"},"image":{"@id":"https:\/\/www.minihorse.eu\/produit\/andis-ultra-edge-40-025-mm\/#primaryimage"},"thumbnailUrl":"https:\/\/www.minihorse.eu\/wp-content\/uploads\/2024\/08\/Andis-Ultra-Edge-40-025-mm.jpg","datePublished":"2024-08-08T11:25:58+00:00","dateModified":"2025-03-23T16:44:35+00:00","breadcrumb":{"@id":"https:\/\/www.minihorse.eu\/produit\/andis-ultra-edge-40-025-mm\/#breadcrumb"},"inLanguage":"fr-FR","potentialAction":[{"@type":"ReadAction","target":["https:\/\/www.minihorse.eu\/produit\/andis-ultra-edge-40-025-mm\/"]}]},{"@type":"ImageObject","inLanguage":"fr-FR","@id":"https:\/\/www.minihorse.eu\/produit\/andis-ultra-edge-40-025-mm\/#primaryimage","url":"https:\/\/www.minihorse.eu\/wp-content\/uploads\/2024\/08\/Andis-Ultra-Edge-40-025-mm.jpg","contentUrl":"https:\/\/www.minihorse.eu\/wp-content\/uploads\/2024\/08\/Andis-Ultra-Edge-40-025-mm.jpg","width":218,"height":218,"caption":"Andis Ultra Edge #40 - 0.25 mm: Lame de pr\u00e9cision pour un toilettage ultra-rapproch\u00e9 et des finitions m\u00e9ticuleuses."},{"@type":"BreadcrumbList","@id":"https:\/\/www.minihorse.eu\/produit\/andis-ultra-edge-40-025-mm\/#breadcrumb","itemListElement":[{"@type":"ListItem","position":1,"name":"Home","item":"https:\/\/www.minihorse.eu\/fr\/accueil\/"},{"@type":"ListItem","position":2,"name":"Boutique","item":"https:\/\/www.minihorse.eu\/fr\/boutique\/"},{"@type":"ListItem","position":3,"name":"Andis Ultra Edge n\u00b0. 40 Lame- 0,25 mm"}]},{"@type":"WebSite","@id":"https:\/\/www.minihorse.eu\/#website","url":"https:\/\/www.minihorse.eu\/","name":"Minihorse.eu","description":"The #1 store for Miniature Horses","publisher":{"@id":"https:\/\/www.minihorse.eu\/#organization"},"potentialAction":[{"@type":"SearchAction","target":{"@type":"EntryPoint","urlTemplate":"https:\/\/www.minihorse.eu\/?s={search_term_string}"},"query-input":{"@type":"PropertyValueSpecification","valueRequired":true,"valueName":"search_term_string"}}],"inLanguage":"fr-FR"},{"@type":"Organization","@id":"https:\/\/www.minihorse.eu\/#organization","name":"Minihorse.eu","url":"https:\/\/www.minihorse.eu\/","logo":{"@type":"ImageObject","inLanguage":"fr-FR","@id":"https:\/\/www.minihorse.eu\/#\/schema\/logo\/image\/","url":"https:\/\/www.minihorse.eu\/wp-content\/uploads\/2024\/08\/Logo-minihorse-ext.png","contentUrl":"https:\/\/www.minihorse.eu\/wp-content\/uploads\/2024\/08\/Logo-minihorse-ext.png","width":500,"height":500,"caption":"Minihorse.eu"},"image":{"@id":"https:\/\/www.minihorse.eu\/#\/schema\/logo\/image\/"},"sameAs":["https:\/\/www.facebook.com\/profile.php?id=100063487117479"]}]}},"jetpack_sharing_enabled":true,"_links":{"self":[{"href":"https:\/\/www.minihorse.eu\/fr\/wp-json\/wp\/v2\/product\/1754","targetHints":{"allow":["GET"]}}],"collection":[{"href":"https:\/\/www.minihorse.eu\/fr\/wp-json\/wp\/v2\/product"}],"about":[{"href":"https:\/\/www.minihorse.eu\/fr\/wp-json\/wp\/v2\/types\/product"}],"replies":[{"embeddable":true,"href":"https:\/\/www.minihorse.eu\/fr\/wp-json\/wp\/v2\/comments?post=1754"}],"wp:featuredmedia":[{"embeddable":true,"href":"https:\/\/www.minihorse.eu\/fr\/wp-json\/wp\/v2\/media\/1004"}],"wp:attachment":[{"href":"https:\/\/www.minihorse.eu\/fr\/wp-json\/wp\/v2\/media?parent=1754"}],"wp:term":[{"taxonomy":"product_brand","embeddable":true,"href":"https:\/\/www.minihorse.eu\/fr\/wp-json\/wp\/v2\/product_brand?post=1754"},{"taxonomy":"product_cat","embeddable":true,"href":"https:\/\/www.minihorse.eu\/fr\/wp-json\/wp\/v2\/product_cat?post=1754"},{"taxonomy":"product_tag","embeddable":true,"href":"https:\/\/www.minihorse.eu\/fr\/wp-json\/wp\/v2\/product_tag?post=1754"}],"curies":[{"name":"wp","href":"https:\/\/api.w.org\/{rel}","templated":true}]}}