{"id":1762,"date":"2024-08-08T10:51:50","date_gmt":"2024-08-08T10:51:50","guid":{"rendered":"https:\/\/horselandshop.com\/product\/likit-tongue-twister\/"},"modified":"2025-04-05T20:43:35","modified_gmt":"2025-04-05T20:43:35","slug":"likit-tongue-twister","status":"publish","type":"product","link":"https:\/\/www.minihorse.eu\/fr\/produit\/likit-tongue-twister\/","title":{"rendered":"Likit Tongue Twister"},"content":{"rendered":"<p><strong>Gardez votre cheval occup\u00e9 avec le Likit Tongue Twister \u2013 Le rem\u00e8de ultime contre l\u2019ennui <\/strong><br \/>Le <strong>Likit Tongue Twister <\/strong>est sp\u00e9cialement con\u00e7u pour \u00eatre fix\u00e9 au mur de votre \u00e9curie, offrant ainsi la solution id\u00e9ale pour divertir votre cheval dans des espaces restreints. Parfait pour les chevaux moins t\u00e9m\u00e9raires, ce support mural innovant peut accueillir <strong>deux pierres \u00e0 l\u00e9cher Likit de 250g<\/strong>. Gr\u00e2ce \u00e0 son mouvement multidirectionnel, il garde votre cheval engag\u00e9 tandis que la balle tourne \u00e0 chaque coup de langue.  <\/p>\n<ul>\n<li><strong>Du Plaisir Multidirectionnel<\/strong><br \/>La conception unique du Tongue Twister permet \u00e0 la balle de tourner dans plusieurs directions, stimulant votre cheval et lui offrant des heures de divertissement. C&rsquo;est parfait pour pr\u00e9venir l&rsquo;ennui et r\u00e9duire le stress dans l&rsquo;\u00e9curie. <\/li>\n<li><strong>Personnalisez le D\u00e9fi <\/strong><br \/>Vous pouvez facilement ajuster le niveau de difficult\u00e9 en utilisant une pierre \u00e0 l\u00e9cher \u00e0 la fois ou en m\u00e9langeant diff\u00e9rentes saveurs simultan\u00e9ment. Cela maintient l&rsquo;exp\u00e9rience nouvelle et passionnante pour votre cheval, encourageant un comportement de l\u00e9chage sain. <\/li>\n<li><strong>Conception Gain de Place<\/strong><br \/>Con\u00e7u pour \u00eatre fix\u00e9 solidement au mur de l&rsquo;\u00e9curie, le Tongue Twister est id\u00e9al pour les petites \u00e9curies ou pour les chevaux moins enclins \u00e0 explorer. Il offre tous les avantages d&rsquo;un anti-ennui sans prendre d&rsquo;espace au sol pr\u00e9cieux. <\/li>\n<li><strong>Compatible avec les Pierres \u00e0 L\u00e9cher Likit <\/strong><br \/>Associez le Tongue Twister avec nos <strong>Pierres \u00e0 L\u00e9cher Likit de 250g<\/strong> (vendues s\u00e9par\u00e9ment) pour cr\u00e9er la solution parfaite contre l&rsquo;ennui. Veuillez noter que les pierres \u00e0 sel ne sont pas incluses. <\/li>\n<\/ul>\n<p> Vous pouvez regarder une vid\u00e9o en <a href=\"https:\/\/youtu.be\/noFW_9iayVY?si=Z-If6ISul5Z1FQqA\">cliquant ici.<\/a><\/p>\n","protected":false},"excerpt":{"rendered":"<p>Le <strong>Likit Tongue Twister <\/strong>est un support mural pour deux pierres \u00e0 l\u00e9cher Likit de 250g, offrant un mouvement multidirectionnel pour stimuler et divertir les chevaux, id\u00e9al pour les espaces limit\u00e9s.<\/p>\n","protected":false},"featured_media":1001,"comment_status":"open","ping_status":"closed","template":"","meta":[],"product_brand":[],"product_cat":[187,213,180],"product_tag":[174],"class_list":{"0":"post-1762","1":"product","2":"type-product","3":"status-publish","4":"has-post-thumbnail","6":"product_cat-chevaux-miniatures","7":"product_cat-friandises-et-jouets-pour-chevaux","8":"product_cat-soins","9":"product_tag-jouets","11":"first","12":"instock","13":"sale","14":"taxable","15":"shipping-taxable","16":"purchasable","17":"product-type-simple"},"yoast_head":"<!-- This site is optimized with the Yoast SEO plugin v27.5 - https:\/\/yoast.com\/product\/yoast-seo-wordpress\/ -->\n<title>Likit Tongue Twister - Minihorse.eu<\/title>\n<meta name=\"robots\" content=\"index, follow, max-snippet:-1, max-image-preview:large, max-video-preview:-1\" \/>\n<link rel=\"canonical\" href=\"https:\/\/www.minihorse.eu\/produit\/likit-tongue-twister\/\" \/>\n<meta property=\"og:locale\" content=\"fr_FR\" \/>\n<meta property=\"og:type\" content=\"article\" \/>\n<meta property=\"og:title\" content=\"Likit Tongue Twister - Minihorse.eu\" \/>\n<meta property=\"og:description\" content=\"Le Likit Tongue Twister est un support mural pour deux pierres \u00e0 l\u00e9cher Likit de 250g, offrant un mouvement multidirectionnel pour stimuler et divertir les chevaux, id\u00e9al pour les espaces limit\u00e9s.\" \/>\n<meta property=\"og:url\" content=\"https:\/\/www.minihorse.eu\/produit\/likit-tongue-twister\/\" \/>\n<meta property=\"og:site_name\" content=\"Minihorse.eu\" \/>\n<meta property=\"article:publisher\" content=\"https:\/\/www.facebook.com\/profile.php?id=100063487117479\" \/>\n<meta property=\"article:modified_time\" content=\"2025-04-05T20:43:35+00:00\" \/>\n<meta property=\"og:image\" content=\"https:\/\/www.minihorse.eu\/wp-content\/uploads\/2024\/08\/TongueTwister2.jpg\" \/>\n\t<meta property=\"og:image:width\" content=\"700\" \/>\n\t<meta property=\"og:image:height\" content=\"700\" \/>\n\t<meta property=\"og:image:type\" content=\"image\/jpeg\" \/>\n<meta name=\"twitter:card\" content=\"summary_large_image\" \/>\n<meta name=\"twitter:label1\" content=\"Dur\u00e9e de lecture estim\u00e9e\" \/>\n\t<meta name=\"twitter:data1\" content=\"1 minute\" \/>\n<script type=\"application\/ld+json\" class=\"yoast-schema-graph\">{\"@context\":\"https:\\\/\\\/schema.org\",\"@graph\":[{\"@type\":\"WebPage\",\"@id\":\"https:\\\/\\\/www.minihorse.eu\\\/produit\\\/likit-tongue-twister\\\/\",\"url\":\"https:\\\/\\\/www.minihorse.eu\\\/produit\\\/likit-tongue-twister\\\/\",\"name\":\"Likit Tongue Twister - Minihorse.eu\",\"isPartOf\":{\"@id\":\"https:\\\/\\\/www.minihorse.eu\\\/#website\"},\"primaryImageOfPage\":{\"@id\":\"https:\\\/\\\/www.minihorse.eu\\\/produit\\\/likit-tongue-twister\\\/#primaryimage\"},\"image\":{\"@id\":\"https:\\\/\\\/www.minihorse.eu\\\/produit\\\/likit-tongue-twister\\\/#primaryimage\"},\"thumbnailUrl\":\"https:\\\/\\\/www.minihorse.eu\\\/wp-content\\\/uploads\\\/2024\\\/08\\\/TongueTwister2.jpg\",\"datePublished\":\"2024-08-08T10:51:50+00:00\",\"dateModified\":\"2025-04-05T20:43:35+00:00\",\"breadcrumb\":{\"@id\":\"https:\\\/\\\/www.minihorse.eu\\\/produit\\\/likit-tongue-twister\\\/#breadcrumb\"},\"inLanguage\":\"fr-FR\",\"potentialAction\":[{\"@type\":\"ReadAction\",\"target\":[\"https:\\\/\\\/www.minihorse.eu\\\/produit\\\/likit-tongue-twister\\\/\"]}]},{\"@type\":\"ImageObject\",\"inLanguage\":\"fr-FR\",\"@id\":\"https:\\\/\\\/www.minihorse.eu\\\/produit\\\/likit-tongue-twister\\\/#primaryimage\",\"url\":\"https:\\\/\\\/www.minihorse.eu\\\/wp-content\\\/uploads\\\/2024\\\/08\\\/TongueTwister2.jpg\",\"contentUrl\":\"https:\\\/\\\/www.minihorse.eu\\\/wp-content\\\/uploads\\\/2024\\\/08\\\/TongueTwister2.jpg\",\"width\":700,\"height\":700,\"caption\":\"Likit Tongue Twister \u2013 Rouge : Un anti-ennui amusant \u00e0 fixer au mur pour votre cheval.\"},{\"@type\":\"BreadcrumbList\",\"@id\":\"https:\\\/\\\/www.minihorse.eu\\\/produit\\\/likit-tongue-twister\\\/#breadcrumb\",\"itemListElement\":[{\"@type\":\"ListItem\",\"position\":1,\"name\":\"Home\",\"item\":\"https:\\\/\\\/www.minihorse.eu\\\/fr\\\/accueil\\\/\"},{\"@type\":\"ListItem\",\"position\":2,\"name\":\"Boutique\",\"item\":\"https:\\\/\\\/www.minihorse.eu\\\/fr\\\/boutique\\\/\"},{\"@type\":\"ListItem\",\"position\":3,\"name\":\"Likit Tongue Twister\"}]},{\"@type\":\"WebSite\",\"@id\":\"https:\\\/\\\/www.minihorse.eu\\\/#website\",\"url\":\"https:\\\/\\\/www.minihorse.eu\\\/\",\"name\":\"Minihorse.eu\",\"description\":\"The #1 store for Miniature Horses\",\"publisher\":{\"@id\":\"https:\\\/\\\/www.minihorse.eu\\\/#organization\"},\"potentialAction\":[{\"@type\":\"SearchAction\",\"target\":{\"@type\":\"EntryPoint\",\"urlTemplate\":\"https:\\\/\\\/www.minihorse.eu\\\/?s={search_term_string}\"},\"query-input\":{\"@type\":\"PropertyValueSpecification\",\"valueRequired\":true,\"valueName\":\"search_term_string\"}}],\"inLanguage\":\"fr-FR\"},{\"@type\":\"Organization\",\"@id\":\"https:\\\/\\\/www.minihorse.eu\\\/#organization\",\"name\":\"Minihorse.eu\",\"url\":\"https:\\\/\\\/www.minihorse.eu\\\/\",\"logo\":{\"@type\":\"ImageObject\",\"inLanguage\":\"fr-FR\",\"@id\":\"https:\\\/\\\/www.minihorse.eu\\\/#\\\/schema\\\/logo\\\/image\\\/\",\"url\":\"https:\\\/\\\/www.minihorse.eu\\\/wp-content\\\/uploads\\\/2024\\\/08\\\/Logo-minihorse-ext.png\",\"contentUrl\":\"https:\\\/\\\/www.minihorse.eu\\\/wp-content\\\/uploads\\\/2024\\\/08\\\/Logo-minihorse-ext.png\",\"width\":500,\"height\":500,\"caption\":\"Minihorse.eu\"},\"image\":{\"@id\":\"https:\\\/\\\/www.minihorse.eu\\\/#\\\/schema\\\/logo\\\/image\\\/\"},\"sameAs\":[\"https:\\\/\\\/www.facebook.com\\\/profile.php?id=100063487117479\"]}]}<\/script>\n<!-- \/ Yoast SEO plugin. -->","yoast_head_json":{"title":"Likit Tongue Twister - Minihorse.eu","robots":{"index":"index","follow":"follow","max-snippet":"max-snippet:-1","max-image-preview":"max-image-preview:large","max-video-preview":"max-video-preview:-1"},"canonical":"https:\/\/www.minihorse.eu\/produit\/likit-tongue-twister\/","og_locale":"fr_FR","og_type":"article","og_title":"Likit Tongue Twister - Minihorse.eu","og_description":"Le Likit Tongue Twister est un support mural pour deux pierres \u00e0 l\u00e9cher Likit de 250g, offrant un mouvement multidirectionnel pour stimuler et divertir les chevaux, id\u00e9al pour les espaces limit\u00e9s.","og_url":"https:\/\/www.minihorse.eu\/produit\/likit-tongue-twister\/","og_site_name":"Minihorse.eu","article_publisher":"https:\/\/www.facebook.com\/profile.php?id=100063487117479","article_modified_time":"2025-04-05T20:43:35+00:00","og_image":[{"width":700,"height":700,"url":"https:\/\/www.minihorse.eu\/wp-content\/uploads\/2024\/08\/TongueTwister2.jpg","type":"image\/jpeg"}],"twitter_card":"summary_large_image","twitter_misc":{"Dur\u00e9e de lecture estim\u00e9e":"1 minute"},"schema":{"@context":"https:\/\/schema.org","@graph":[{"@type":"WebPage","@id":"https:\/\/www.minihorse.eu\/produit\/likit-tongue-twister\/","url":"https:\/\/www.minihorse.eu\/produit\/likit-tongue-twister\/","name":"Likit Tongue Twister - Minihorse.eu","isPartOf":{"@id":"https:\/\/www.minihorse.eu\/#website"},"primaryImageOfPage":{"@id":"https:\/\/www.minihorse.eu\/produit\/likit-tongue-twister\/#primaryimage"},"image":{"@id":"https:\/\/www.minihorse.eu\/produit\/likit-tongue-twister\/#primaryimage"},"thumbnailUrl":"https:\/\/www.minihorse.eu\/wp-content\/uploads\/2024\/08\/TongueTwister2.jpg","datePublished":"2024-08-08T10:51:50+00:00","dateModified":"2025-04-05T20:43:35+00:00","breadcrumb":{"@id":"https:\/\/www.minihorse.eu\/produit\/likit-tongue-twister\/#breadcrumb"},"inLanguage":"fr-FR","potentialAction":[{"@type":"ReadAction","target":["https:\/\/www.minihorse.eu\/produit\/likit-tongue-twister\/"]}]},{"@type":"ImageObject","inLanguage":"fr-FR","@id":"https:\/\/www.minihorse.eu\/produit\/likit-tongue-twister\/#primaryimage","url":"https:\/\/www.minihorse.eu\/wp-content\/uploads\/2024\/08\/TongueTwister2.jpg","contentUrl":"https:\/\/www.minihorse.eu\/wp-content\/uploads\/2024\/08\/TongueTwister2.jpg","width":700,"height":700,"caption":"Likit Tongue Twister \u2013 Rouge : Un anti-ennui amusant \u00e0 fixer au mur pour votre cheval."},{"@type":"BreadcrumbList","@id":"https:\/\/www.minihorse.eu\/produit\/likit-tongue-twister\/#breadcrumb","itemListElement":[{"@type":"ListItem","position":1,"name":"Home","item":"https:\/\/www.minihorse.eu\/fr\/accueil\/"},{"@type":"ListItem","position":2,"name":"Boutique","item":"https:\/\/www.minihorse.eu\/fr\/boutique\/"},{"@type":"ListItem","position":3,"name":"Likit Tongue Twister"}]},{"@type":"WebSite","@id":"https:\/\/www.minihorse.eu\/#website","url":"https:\/\/www.minihorse.eu\/","name":"Minihorse.eu","description":"The #1 store for Miniature Horses","publisher":{"@id":"https:\/\/www.minihorse.eu\/#organization"},"potentialAction":[{"@type":"SearchAction","target":{"@type":"EntryPoint","urlTemplate":"https:\/\/www.minihorse.eu\/?s={search_term_string}"},"query-input":{"@type":"PropertyValueSpecification","valueRequired":true,"valueName":"search_term_string"}}],"inLanguage":"fr-FR"},{"@type":"Organization","@id":"https:\/\/www.minihorse.eu\/#organization","name":"Minihorse.eu","url":"https:\/\/www.minihorse.eu\/","logo":{"@type":"ImageObject","inLanguage":"fr-FR","@id":"https:\/\/www.minihorse.eu\/#\/schema\/logo\/image\/","url":"https:\/\/www.minihorse.eu\/wp-content\/uploads\/2024\/08\/Logo-minihorse-ext.png","contentUrl":"https:\/\/www.minihorse.eu\/wp-content\/uploads\/2024\/08\/Logo-minihorse-ext.png","width":500,"height":500,"caption":"Minihorse.eu"},"image":{"@id":"https:\/\/www.minihorse.eu\/#\/schema\/logo\/image\/"},"sameAs":["https:\/\/www.facebook.com\/profile.php?id=100063487117479"]}]}},"jetpack_sharing_enabled":true,"_links":{"self":[{"href":"https:\/\/www.minihorse.eu\/fr\/wp-json\/wp\/v2\/product\/1762","targetHints":{"allow":["GET"]}}],"collection":[{"href":"https:\/\/www.minihorse.eu\/fr\/wp-json\/wp\/v2\/product"}],"about":[{"href":"https:\/\/www.minihorse.eu\/fr\/wp-json\/wp\/v2\/types\/product"}],"replies":[{"embeddable":true,"href":"https:\/\/www.minihorse.eu\/fr\/wp-json\/wp\/v2\/comments?post=1762"}],"wp:featuredmedia":[{"embeddable":true,"href":"https:\/\/www.minihorse.eu\/fr\/wp-json\/wp\/v2\/media\/1001"}],"wp:attachment":[{"href":"https:\/\/www.minihorse.eu\/fr\/wp-json\/wp\/v2\/media?parent=1762"}],"wp:term":[{"taxonomy":"product_brand","embeddable":true,"href":"https:\/\/www.minihorse.eu\/fr\/wp-json\/wp\/v2\/product_brand?post=1762"},{"taxonomy":"product_cat","embeddable":true,"href":"https:\/\/www.minihorse.eu\/fr\/wp-json\/wp\/v2\/product_cat?post=1762"},{"taxonomy":"product_tag","embeddable":true,"href":"https:\/\/www.minihorse.eu\/fr\/wp-json\/wp\/v2\/product_tag?post=1762"}],"curies":[{"name":"wp","href":"https:\/\/api.w.org\/{rel}","templated":true}]}}