{"id":2184,"date":"2024-09-20T05:24:28","date_gmt":"2024-09-20T05:24:28","guid":{"rendered":"https:\/\/horselandshop.com\/product\/ceinture-ventrale-de-sudation-a-double-couche\/"},"modified":"2025-02-05T10:02:01","modified_gmt":"2025-02-05T10:02:01","slug":"ceinture-ventrale-de-sudation-a-double-couche","status":"publish","type":"product","link":"https:\/\/www.minihorse.eu\/fr\/produit\/ceinture-ventrale-de-sudation-a-double-couche\/","title":{"rendered":"Ceinture de Sudation Double \u00c9paisseur pour le Ventre"},"content":{"rendered":"<div class=\"flex max-w-full flex-col flex-grow\">\n<div class=\"min-h-[20px] text-message flex w-full flex-col items-end gap-2 whitespace-normal break-words [.text-message+&amp;]:mt-5\" dir=\"auto\" data-message-author-role=\"assistant\" data-message-id=\"ae7f0522-fa8b-4560-98c3-21390d09b3ec\">\n<div class=\"flex w-full flex-col gap-1 empty:hidden first:pt-[3px]\">\n<div class=\"markdown prose w-full break-words dark:prose-invert light\">\n<p>Pr\u00e9parez votre cheval miniature pour les comp\u00e9titions avec la Ceinture de Sudation Double \u00c9paisseur Noire. Fabriqu\u00e9e avec une double couche de polaire et de n\u00e9opr\u00e8ne, cette ceinture est con\u00e7ue pour augmenter la production de transpiration, garantissant que le ventre de votre cheval reste au chaud et bien conditionn\u00e9. Ses mat\u00e9riaux de qualit\u00e9 sup\u00e9rieure aident non seulement \u00e0 sculpter et tonifier les muscles abdominaux, mais assurent \u00e9galement un confort maximal pendant l&rsquo;utilisation.  <\/p>\n<p>La ceinture est \u00e9quip\u00e9e de deux fermetures Velcro robustes, garantissant un ajustement s\u00fbr et r\u00e9glable autour du ventre de votre cheval. Disponible en deux tailles (38 cm de large \/ 375 cm de long et 30 cm de large \/ 250 cm de long), cette ceinture de sudation est parfaite pour conditionner les chevaux miniatures de diff\u00e9rentes tailles. <\/p>\n<p><strong>Caract\u00e9ristiques principales :<\/strong><\/p>\n<ul>\n<li>Construction \u00e0 double couche : polaire et n\u00e9opr\u00e8ne pour une induction optimale de la sueur et un confort maximal.<\/li>\n<li>Deux fermetures Velcro pour un ajustement facile et un maintien s\u00e9curis\u00e9.<\/li>\n<li>Disponible en deux tailles : 38 cm de large \/ 375 cm de long et 30 cm de large \/ 250 cm de long.<\/li>\n<li>Id\u00e9al pour le conditionnement du cou de votre cheval miniature avant les comp\u00e9titions.<\/li>\n<li>Design noir \u00e9l\u00e9gant pour un aspect professionnel.<\/li>\n<\/ul>\n<p>Cette ceinture ventrale de sudation est indispensable pour ceux qui souhaitent mettre leur cheval miniature en pleine forme, vous aidant \u00e0 obtenir les meilleurs r\u00e9sultats pour r\u00e9ussir en comp\u00e9tition.<\/p>\n<\/div>\n<\/div>\n<\/div>\n<\/div>\n<div class=\"mt-1 flex gap-3 empty:hidden -ml-2\">\n<div class=\"items-center justify-start rounded-xl p-1 flex\">\n<div class=\"flex items-center\"><\/div>\n<\/div>\n<\/div>\n","protected":false},"excerpt":{"rendered":"<p>La Ceinture Ventrale de Sudation Double Couche Noire est con\u00e7ue pour conditionner le cou de votre cheval miniature en vue des comp\u00e9titions. Fabriqu\u00e9e \u00e0 partir de double polaire et de n\u00e9opr\u00e8ne, elle offre une induction de sueur sup\u00e9rieure et un confort optimal. \u00c9quip\u00e9e de deux fermetures Velcro pour un ajustement s\u00e9curis\u00e9, cette ceinture est disponible en deux tailles : 38 cm de large \/ 375 cm de long et 30 cm de large \/ 250 cm de long. Id\u00e9ale pour obtenir des r\u00e9sultats pr\u00eats pour la comp\u00e9tition.   <\/p>\n","protected":false},"featured_media":1954,"comment_status":"open","ping_status":"closed","template":"","meta":[],"product_brand":[],"product_cat":[434,430,187],"product_tag":[176,336],"class_list":{"0":"post-2184","1":"product","2":"type-product","3":"status-publish","4":"has-post-thumbnail","6":"product_cat-bandes-de-sudation","7":"product_cat-bandes-de-sudation-et-bonnets","8":"product_cat-chevaux-miniatures","9":"product_tag-bandeaux-de-transpiration","10":"product_tag-cagoules","12":"first","13":"instock","14":"taxable","15":"shipping-taxable","16":"purchasable","17":"product-type-simple"},"yoast_head":"<!-- This site is optimized with the Yoast SEO plugin v27.5 - https:\/\/yoast.com\/product\/yoast-seo-wordpress\/ -->\n<title>Ceinture de Sudation Double \u00c9paisseur pour le Ventre - Minihorse.eu<\/title>\n<meta name=\"robots\" content=\"index, follow, max-snippet:-1, max-image-preview:large, max-video-preview:-1\" \/>\n<link rel=\"canonical\" href=\"https:\/\/www.minihorse.eu\/produit\/double-layer-sweat-belly-wrap\/\" \/>\n<meta property=\"og:locale\" content=\"fr_FR\" \/>\n<meta property=\"og:type\" content=\"article\" \/>\n<meta property=\"og:title\" content=\"Ceinture de Sudation Double \u00c9paisseur pour le Ventre - Minihorse.eu\" \/>\n<meta property=\"og:description\" content=\"La Ceinture Ventrale de Sudation Double Couche Noire est con\u00e7ue pour conditionner le cou de votre cheval miniature en vue des comp\u00e9titions. Fabriqu\u00e9e \u00e0 partir de double polaire et de n\u00e9opr\u00e8ne, elle offre une induction de sueur sup\u00e9rieure et un confort optimal. \u00c9quip\u00e9e de deux fermetures Velcro pour un ajustement s\u00e9curis\u00e9, cette ceinture est disponible en deux tailles : 38 cm de large \/ 375 cm de long et 30 cm de large \/ 250 cm de long. Id\u00e9ale pour obtenir des r\u00e9sultats pr\u00eats pour la comp\u00e9tition.\" \/>\n<meta property=\"og:url\" content=\"https:\/\/www.minihorse.eu\/produit\/double-layer-sweat-belly-wrap\/\" \/>\n<meta property=\"og:site_name\" content=\"Minihorse.eu\" \/>\n<meta property=\"article:publisher\" content=\"https:\/\/www.facebook.com\/profile.php?id=100063487117479\" \/>\n<meta property=\"article:modified_time\" content=\"2025-02-05T10:02:01+00:00\" \/>\n<meta property=\"og:image\" content=\"https:\/\/www.minihorse.eu\/wp-content\/uploads\/2024\/09\/DOUBLE-LAYER-SWEAT-BELLY-WRAP.png\" \/>\n\t<meta property=\"og:image:width\" content=\"694\" \/>\n\t<meta property=\"og:image:height\" content=\"524\" \/>\n\t<meta property=\"og:image:type\" content=\"image\/png\" \/>\n<meta name=\"twitter:card\" content=\"summary_large_image\" \/>\n<meta name=\"twitter:label1\" content=\"Dur\u00e9e de lecture estim\u00e9e\" \/>\n\t<meta name=\"twitter:data1\" content=\"1 minute\" \/>\n<script type=\"application\/ld+json\" class=\"yoast-schema-graph\">{\"@context\":\"https:\\\/\\\/schema.org\",\"@graph\":[{\"@type\":\"WebPage\",\"@id\":\"https:\\\/\\\/www.minihorse.eu\\\/produit\\\/double-layer-sweat-belly-wrap\\\/\",\"url\":\"https:\\\/\\\/www.minihorse.eu\\\/produit\\\/double-layer-sweat-belly-wrap\\\/\",\"name\":\"Ceinture de Sudation Double \u00c9paisseur pour le Ventre - Minihorse.eu\",\"isPartOf\":{\"@id\":\"https:\\\/\\\/www.minihorse.eu\\\/#website\"},\"primaryImageOfPage\":{\"@id\":\"https:\\\/\\\/www.minihorse.eu\\\/produit\\\/double-layer-sweat-belly-wrap\\\/#primaryimage\"},\"image\":{\"@id\":\"https:\\\/\\\/www.minihorse.eu\\\/produit\\\/double-layer-sweat-belly-wrap\\\/#primaryimage\"},\"thumbnailUrl\":\"https:\\\/\\\/www.minihorse.eu\\\/wp-content\\\/uploads\\\/2024\\\/09\\\/DOUBLE-LAYER-SWEAT-BELLY-WRAP.png\",\"datePublished\":\"2024-09-20T05:24:28+00:00\",\"dateModified\":\"2025-02-05T10:02:01+00:00\",\"breadcrumb\":{\"@id\":\"https:\\\/\\\/www.minihorse.eu\\\/produit\\\/double-layer-sweat-belly-wrap\\\/#breadcrumb\"},\"inLanguage\":\"fr-FR\",\"potentialAction\":[{\"@type\":\"ReadAction\",\"target\":[\"https:\\\/\\\/www.minihorse.eu\\\/produit\\\/double-layer-sweat-belly-wrap\\\/\"]}]},{\"@type\":\"ImageObject\",\"inLanguage\":\"fr-FR\",\"@id\":\"https:\\\/\\\/www.minihorse.eu\\\/produit\\\/double-layer-sweat-belly-wrap\\\/#primaryimage\",\"url\":\"https:\\\/\\\/www.minihorse.eu\\\/wp-content\\\/uploads\\\/2024\\\/09\\\/DOUBLE-LAYER-SWEAT-BELLY-WRAP.png\",\"contentUrl\":\"https:\\\/\\\/www.minihorse.eu\\\/wp-content\\\/uploads\\\/2024\\\/09\\\/DOUBLE-LAYER-SWEAT-BELLY-WRAP.png\",\"width\":694,\"height\":524,\"caption\":\"Con\u00e7ue pour le confort et l\u2019efficacit\u00e9, cette ceinture aide \u00e0 tonifier et sculpter la zone ventrale de votre cheval tout en lui offrant un confort optimal. Parfaite pour la pr\u00e9paration aux concours ou les journ\u00e9es d\u2019entra\u00eenement !\"},{\"@type\":\"BreadcrumbList\",\"@id\":\"https:\\\/\\\/www.minihorse.eu\\\/produit\\\/double-layer-sweat-belly-wrap\\\/#breadcrumb\",\"itemListElement\":[{\"@type\":\"ListItem\",\"position\":1,\"name\":\"Home\",\"item\":\"https:\\\/\\\/www.minihorse.eu\\\/fr\\\/accueil\\\/\"},{\"@type\":\"ListItem\",\"position\":2,\"name\":\"Boutique\",\"item\":\"https:\\\/\\\/www.minihorse.eu\\\/fr\\\/boutique\\\/\"},{\"@type\":\"ListItem\",\"position\":3,\"name\":\"Ceinture de Sudation Double \u00c9paisseur pour le Ventre\"}]},{\"@type\":\"WebSite\",\"@id\":\"https:\\\/\\\/www.minihorse.eu\\\/#website\",\"url\":\"https:\\\/\\\/www.minihorse.eu\\\/\",\"name\":\"Minihorse.eu\",\"description\":\"The #1 store for Miniature Horses\",\"publisher\":{\"@id\":\"https:\\\/\\\/www.minihorse.eu\\\/#organization\"},\"potentialAction\":[{\"@type\":\"SearchAction\",\"target\":{\"@type\":\"EntryPoint\",\"urlTemplate\":\"https:\\\/\\\/www.minihorse.eu\\\/?s={search_term_string}\"},\"query-input\":{\"@type\":\"PropertyValueSpecification\",\"valueRequired\":true,\"valueName\":\"search_term_string\"}}],\"inLanguage\":\"fr-FR\"},{\"@type\":\"Organization\",\"@id\":\"https:\\\/\\\/www.minihorse.eu\\\/#organization\",\"name\":\"Minihorse.eu\",\"url\":\"https:\\\/\\\/www.minihorse.eu\\\/\",\"logo\":{\"@type\":\"ImageObject\",\"inLanguage\":\"fr-FR\",\"@id\":\"https:\\\/\\\/www.minihorse.eu\\\/#\\\/schema\\\/logo\\\/image\\\/\",\"url\":\"https:\\\/\\\/www.minihorse.eu\\\/wp-content\\\/uploads\\\/2024\\\/08\\\/Logo-minihorse-ext.png\",\"contentUrl\":\"https:\\\/\\\/www.minihorse.eu\\\/wp-content\\\/uploads\\\/2024\\\/08\\\/Logo-minihorse-ext.png\",\"width\":500,\"height\":500,\"caption\":\"Minihorse.eu\"},\"image\":{\"@id\":\"https:\\\/\\\/www.minihorse.eu\\\/#\\\/schema\\\/logo\\\/image\\\/\"},\"sameAs\":[\"https:\\\/\\\/www.facebook.com\\\/profile.php?id=100063487117479\"]}]}<\/script>\n<!-- \/ Yoast SEO plugin. -->","yoast_head_json":{"title":"Ceinture de Sudation Double \u00c9paisseur pour le Ventre - Minihorse.eu","robots":{"index":"index","follow":"follow","max-snippet":"max-snippet:-1","max-image-preview":"max-image-preview:large","max-video-preview":"max-video-preview:-1"},"canonical":"https:\/\/www.minihorse.eu\/produit\/double-layer-sweat-belly-wrap\/","og_locale":"fr_FR","og_type":"article","og_title":"Ceinture de Sudation Double \u00c9paisseur pour le Ventre - Minihorse.eu","og_description":"La Ceinture Ventrale de Sudation Double Couche Noire est con\u00e7ue pour conditionner le cou de votre cheval miniature en vue des comp\u00e9titions. Fabriqu\u00e9e \u00e0 partir de double polaire et de n\u00e9opr\u00e8ne, elle offre une induction de sueur sup\u00e9rieure et un confort optimal. \u00c9quip\u00e9e de deux fermetures Velcro pour un ajustement s\u00e9curis\u00e9, cette ceinture est disponible en deux tailles : 38 cm de large \/ 375 cm de long et 30 cm de large \/ 250 cm de long. Id\u00e9ale pour obtenir des r\u00e9sultats pr\u00eats pour la comp\u00e9tition.","og_url":"https:\/\/www.minihorse.eu\/produit\/double-layer-sweat-belly-wrap\/","og_site_name":"Minihorse.eu","article_publisher":"https:\/\/www.facebook.com\/profile.php?id=100063487117479","article_modified_time":"2025-02-05T10:02:01+00:00","og_image":[{"width":694,"height":524,"url":"https:\/\/www.minihorse.eu\/wp-content\/uploads\/2024\/09\/DOUBLE-LAYER-SWEAT-BELLY-WRAP.png","type":"image\/png"}],"twitter_card":"summary_large_image","twitter_misc":{"Dur\u00e9e de lecture estim\u00e9e":"1 minute"},"schema":{"@context":"https:\/\/schema.org","@graph":[{"@type":"WebPage","@id":"https:\/\/www.minihorse.eu\/produit\/double-layer-sweat-belly-wrap\/","url":"https:\/\/www.minihorse.eu\/produit\/double-layer-sweat-belly-wrap\/","name":"Ceinture de Sudation Double \u00c9paisseur pour le Ventre - Minihorse.eu","isPartOf":{"@id":"https:\/\/www.minihorse.eu\/#website"},"primaryImageOfPage":{"@id":"https:\/\/www.minihorse.eu\/produit\/double-layer-sweat-belly-wrap\/#primaryimage"},"image":{"@id":"https:\/\/www.minihorse.eu\/produit\/double-layer-sweat-belly-wrap\/#primaryimage"},"thumbnailUrl":"https:\/\/www.minihorse.eu\/wp-content\/uploads\/2024\/09\/DOUBLE-LAYER-SWEAT-BELLY-WRAP.png","datePublished":"2024-09-20T05:24:28+00:00","dateModified":"2025-02-05T10:02:01+00:00","breadcrumb":{"@id":"https:\/\/www.minihorse.eu\/produit\/double-layer-sweat-belly-wrap\/#breadcrumb"},"inLanguage":"fr-FR","potentialAction":[{"@type":"ReadAction","target":["https:\/\/www.minihorse.eu\/produit\/double-layer-sweat-belly-wrap\/"]}]},{"@type":"ImageObject","inLanguage":"fr-FR","@id":"https:\/\/www.minihorse.eu\/produit\/double-layer-sweat-belly-wrap\/#primaryimage","url":"https:\/\/www.minihorse.eu\/wp-content\/uploads\/2024\/09\/DOUBLE-LAYER-SWEAT-BELLY-WRAP.png","contentUrl":"https:\/\/www.minihorse.eu\/wp-content\/uploads\/2024\/09\/DOUBLE-LAYER-SWEAT-BELLY-WRAP.png","width":694,"height":524,"caption":"Con\u00e7ue pour le confort et l\u2019efficacit\u00e9, cette ceinture aide \u00e0 tonifier et sculpter la zone ventrale de votre cheval tout en lui offrant un confort optimal. Parfaite pour la pr\u00e9paration aux concours ou les journ\u00e9es d\u2019entra\u00eenement !"},{"@type":"BreadcrumbList","@id":"https:\/\/www.minihorse.eu\/produit\/double-layer-sweat-belly-wrap\/#breadcrumb","itemListElement":[{"@type":"ListItem","position":1,"name":"Home","item":"https:\/\/www.minihorse.eu\/fr\/accueil\/"},{"@type":"ListItem","position":2,"name":"Boutique","item":"https:\/\/www.minihorse.eu\/fr\/boutique\/"},{"@type":"ListItem","position":3,"name":"Ceinture de Sudation Double \u00c9paisseur pour le Ventre"}]},{"@type":"WebSite","@id":"https:\/\/www.minihorse.eu\/#website","url":"https:\/\/www.minihorse.eu\/","name":"Minihorse.eu","description":"The #1 store for Miniature Horses","publisher":{"@id":"https:\/\/www.minihorse.eu\/#organization"},"potentialAction":[{"@type":"SearchAction","target":{"@type":"EntryPoint","urlTemplate":"https:\/\/www.minihorse.eu\/?s={search_term_string}"},"query-input":{"@type":"PropertyValueSpecification","valueRequired":true,"valueName":"search_term_string"}}],"inLanguage":"fr-FR"},{"@type":"Organization","@id":"https:\/\/www.minihorse.eu\/#organization","name":"Minihorse.eu","url":"https:\/\/www.minihorse.eu\/","logo":{"@type":"ImageObject","inLanguage":"fr-FR","@id":"https:\/\/www.minihorse.eu\/#\/schema\/logo\/image\/","url":"https:\/\/www.minihorse.eu\/wp-content\/uploads\/2024\/08\/Logo-minihorse-ext.png","contentUrl":"https:\/\/www.minihorse.eu\/wp-content\/uploads\/2024\/08\/Logo-minihorse-ext.png","width":500,"height":500,"caption":"Minihorse.eu"},"image":{"@id":"https:\/\/www.minihorse.eu\/#\/schema\/logo\/image\/"},"sameAs":["https:\/\/www.facebook.com\/profile.php?id=100063487117479"]}]}},"jetpack_sharing_enabled":true,"_links":{"self":[{"href":"https:\/\/www.minihorse.eu\/fr\/wp-json\/wp\/v2\/product\/2184","targetHints":{"allow":["GET"]}}],"collection":[{"href":"https:\/\/www.minihorse.eu\/fr\/wp-json\/wp\/v2\/product"}],"about":[{"href":"https:\/\/www.minihorse.eu\/fr\/wp-json\/wp\/v2\/types\/product"}],"replies":[{"embeddable":true,"href":"https:\/\/www.minihorse.eu\/fr\/wp-json\/wp\/v2\/comments?post=2184"}],"wp:featuredmedia":[{"embeddable":true,"href":"https:\/\/www.minihorse.eu\/fr\/wp-json\/wp\/v2\/media\/1954"}],"wp:attachment":[{"href":"https:\/\/www.minihorse.eu\/fr\/wp-json\/wp\/v2\/media?parent=2184"}],"wp:term":[{"taxonomy":"product_brand","embeddable":true,"href":"https:\/\/www.minihorse.eu\/fr\/wp-json\/wp\/v2\/product_brand?post=2184"},{"taxonomy":"product_cat","embeddable":true,"href":"https:\/\/www.minihorse.eu\/fr\/wp-json\/wp\/v2\/product_cat?post=2184"},{"taxonomy":"product_tag","embeddable":true,"href":"https:\/\/www.minihorse.eu\/fr\/wp-json\/wp\/v2\/product_tag?post=2184"}],"curies":[{"name":"wp","href":"https:\/\/api.w.org\/{rel}","templated":true}]}}