{"id":2187,"date":"2024-08-25T08:35:29","date_gmt":"2024-08-25T08:35:29","guid":{"rendered":"https:\/\/horselandshop.com\/product\/masque-facial\/"},"modified":"2024-08-25T08:35:29","modified_gmt":"2024-08-25T08:35:29","slug":"masque-facial","status":"publish","type":"product","link":"https:\/\/www.minihorse.eu\/fr\/produit\/masque-facial\/","title":{"rendered":"MASQUE FACIAL"},"content":{"rendered":"<p><strong>Masque Facial R\u00e9utilisable en Coton de Haute Qualit\u00e9<\/strong><\/p>\n<p>Nos masques faciaux haut de gamme sont fabriqu\u00e9s avec soin \u00e0 partir de coton de haute qualit\u00e9, offrant deux couches de protection avec un filtre int\u00e9gr\u00e9 pour une s\u00e9curit\u00e9 accrue. Con\u00e7us pour allier confort et polyvalence, ces masques sont r\u00e9versibles, vous permettant de les porter des deux c\u00f4t\u00e9s. Chaque masque est parfaitement ajust\u00e9 pour les adultes, bien qu&rsquo;ils ne soient pas recommand\u00e9s pour les enfants de moins de 12 ans. Durables et r\u00e9utilisables, ces masques peuvent \u00eatre lav\u00e9s \u00e0 60 \u00b0C, garantissant une utilisation prolong\u00e9e. Chaque masque est \u00e9quip\u00e9 de bandes \u00e9lastiques pour un ajustement s\u00e9curis\u00e9 et est emball\u00e9 individuellement dans un sac transparent, avec des instructions de lavage et d&rsquo;utilisation incluses. Les prix incluent la TVA et d\u00e9butent \u00e0 seulement 2,66 \u20ac par pi\u00e8ce lors de l&rsquo;achat de trois exemplaires ou plus du m\u00eame article.  <\/p>\n<p><strong>Caract\u00e9ristiques principales :<\/strong><\/p>\n<ul>\n<li><strong>Mat\u00e9riau : <\/strong>Deux couches de coton de haute qualit\u00e9 avec un filtre int\u00e9gr\u00e9<\/li>\n<li><strong>Design :<\/strong> R\u00e9versible, adapt\u00e9 aux adultes, non adapt\u00e9 aux enfants de moins de 12 ans<\/li>\n<li><strong>Entretien : <\/strong>Lavable \u00e0 60 \u00b0C, r\u00e9utilisable<\/li>\n<li><strong>Packaging:<\/strong> Individually packed with washing and usage instructions<\/li>\n<li><strong>Prix : <\/strong>2,66 \u20ac par pi\u00e8ce pour les commandes de 3 ou plus<\/li>\n<\/ul>\n<p>&nbsp;<\/p>\n","protected":false},"excerpt":{"rendered":"<p>Nos masques faciaux en coton de haute qualit\u00e9 comportent deux couches de protection avec un filtre int\u00e9gr\u00e9, sont r\u00e9versibles et offrent un ajustement parfait pour les adultes. Lavables \u00e0 60 \u00b0C et r\u00e9utilisables, chaque masque est emball\u00e9 individuellement avec des instructions d&rsquo;entretien. <\/p>\n","protected":false},"featured_media":1097,"comment_status":"open","ping_status":"closed","template":"","meta":[],"product_brand":[],"product_cat":[436],"product_tag":[347],"class_list":{"0":"post-2187","1":"product","2":"type-product","3":"status-publish","4":"has-post-thumbnail","6":"product_cat-non-categorise","7":"product_tag-masque-facial","9":"first","10":"instock","11":"sale","12":"taxable","13":"shipping-taxable","14":"purchasable","15":"product-type-variable"},"yoast_head":"<!-- This site is optimized with the Yoast SEO plugin v27.5 - https:\/\/yoast.com\/product\/yoast-seo-wordpress\/ -->\n<title>MASQUE FACIAL - Minihorse.eu<\/title>\n<meta name=\"robots\" content=\"index, follow, max-snippet:-1, max-image-preview:large, max-video-preview:-1\" \/>\n<link rel=\"canonical\" href=\"https:\/\/www.minihorse.eu\/produit\/facemask\/\" \/>\n<meta property=\"og:locale\" content=\"fr_FR\" \/>\n<meta property=\"og:type\" content=\"article\" \/>\n<meta property=\"og:title\" content=\"MASQUE FACIAL - Minihorse.eu\" \/>\n<meta property=\"og:description\" content=\"Nos masques faciaux en coton de haute qualit\u00e9 comportent deux couches de protection avec un filtre int\u00e9gr\u00e9, sont r\u00e9versibles et offrent un ajustement parfait pour les adultes. Lavables \u00e0 60 \u00b0C et r\u00e9utilisables, chaque masque est emball\u00e9 individuellement avec des instructions d&#039;entretien.\" \/>\n<meta property=\"og:url\" content=\"https:\/\/www.minihorse.eu\/produit\/facemask\/\" \/>\n<meta property=\"og:site_name\" content=\"Minihorse.eu\" \/>\n<meta property=\"article:publisher\" content=\"https:\/\/www.facebook.com\/profile.php?id=100063487117479\" \/>\n<meta property=\"og:image\" content=\"https:\/\/www.minihorse.eu\/wp-content\/uploads\/2024\/08\/Facemask-camouflage-darkblue.jpg\" \/>\n\t<meta property=\"og:image:width\" content=\"700\" \/>\n\t<meta property=\"og:image:height\" content=\"521\" \/>\n\t<meta property=\"og:image:type\" content=\"image\/jpeg\" \/>\n<meta name=\"twitter:card\" content=\"summary_large_image\" \/>\n<meta name=\"twitter:label1\" content=\"Dur\u00e9e de lecture estim\u00e9e\" \/>\n\t<meta name=\"twitter:data1\" content=\"1 minute\" \/>\n<script type=\"application\/ld+json\" class=\"yoast-schema-graph\">{\"@context\":\"https:\\\/\\\/schema.org\",\"@graph\":[{\"@type\":\"WebPage\",\"@id\":\"https:\\\/\\\/www.minihorse.eu\\\/produit\\\/facemask\\\/\",\"url\":\"https:\\\/\\\/www.minihorse.eu\\\/produit\\\/facemask\\\/\",\"name\":\"MASQUE FACIAL - Minihorse.eu\",\"isPartOf\":{\"@id\":\"https:\\\/\\\/www.minihorse.eu\\\/#website\"},\"primaryImageOfPage\":{\"@id\":\"https:\\\/\\\/www.minihorse.eu\\\/produit\\\/facemask\\\/#primaryimage\"},\"image\":{\"@id\":\"https:\\\/\\\/www.minihorse.eu\\\/produit\\\/facemask\\\/#primaryimage\"},\"thumbnailUrl\":\"https:\\\/\\\/www.minihorse.eu\\\/wp-content\\\/uploads\\\/2024\\\/08\\\/Facemask-camouflage-darkblue.jpg\",\"datePublished\":\"2024-08-25T08:35:29+00:00\",\"breadcrumb\":{\"@id\":\"https:\\\/\\\/www.minihorse.eu\\\/produit\\\/facemask\\\/#breadcrumb\"},\"inLanguage\":\"fr-FR\",\"potentialAction\":[{\"@type\":\"ReadAction\",\"target\":[\"https:\\\/\\\/www.minihorse.eu\\\/produit\\\/facemask\\\/\"]}]},{\"@type\":\"ImageObject\",\"inLanguage\":\"fr-FR\",\"@id\":\"https:\\\/\\\/www.minihorse.eu\\\/produit\\\/facemask\\\/#primaryimage\",\"url\":\"https:\\\/\\\/www.minihorse.eu\\\/wp-content\\\/uploads\\\/2024\\\/08\\\/Facemask-camouflage-darkblue.jpg\",\"contentUrl\":\"https:\\\/\\\/www.minihorse.eu\\\/wp-content\\\/uploads\\\/2024\\\/08\\\/Facemask-camouflage-darkblue.jpg\",\"width\":700,\"height\":521},{\"@type\":\"BreadcrumbList\",\"@id\":\"https:\\\/\\\/www.minihorse.eu\\\/produit\\\/facemask\\\/#breadcrumb\",\"itemListElement\":[{\"@type\":\"ListItem\",\"position\":1,\"name\":\"Home\",\"item\":\"https:\\\/\\\/www.minihorse.eu\\\/fr\\\/accueil\\\/\"},{\"@type\":\"ListItem\",\"position\":2,\"name\":\"Boutique\",\"item\":\"https:\\\/\\\/www.minihorse.eu\\\/fr\\\/boutique\\\/\"},{\"@type\":\"ListItem\",\"position\":3,\"name\":\"MASQUE FACIAL\"}]},{\"@type\":\"WebSite\",\"@id\":\"https:\\\/\\\/www.minihorse.eu\\\/#website\",\"url\":\"https:\\\/\\\/www.minihorse.eu\\\/\",\"name\":\"Minihorse.eu\",\"description\":\"The #1 store for Miniature Horses\",\"publisher\":{\"@id\":\"https:\\\/\\\/www.minihorse.eu\\\/#organization\"},\"potentialAction\":[{\"@type\":\"SearchAction\",\"target\":{\"@type\":\"EntryPoint\",\"urlTemplate\":\"https:\\\/\\\/www.minihorse.eu\\\/?s={search_term_string}\"},\"query-input\":{\"@type\":\"PropertyValueSpecification\",\"valueRequired\":true,\"valueName\":\"search_term_string\"}}],\"inLanguage\":\"fr-FR\"},{\"@type\":\"Organization\",\"@id\":\"https:\\\/\\\/www.minihorse.eu\\\/#organization\",\"name\":\"Minihorse.eu\",\"url\":\"https:\\\/\\\/www.minihorse.eu\\\/\",\"logo\":{\"@type\":\"ImageObject\",\"inLanguage\":\"fr-FR\",\"@id\":\"https:\\\/\\\/www.minihorse.eu\\\/#\\\/schema\\\/logo\\\/image\\\/\",\"url\":\"https:\\\/\\\/www.minihorse.eu\\\/wp-content\\\/uploads\\\/2024\\\/08\\\/Logo-minihorse-ext.png\",\"contentUrl\":\"https:\\\/\\\/www.minihorse.eu\\\/wp-content\\\/uploads\\\/2024\\\/08\\\/Logo-minihorse-ext.png\",\"width\":500,\"height\":500,\"caption\":\"Minihorse.eu\"},\"image\":{\"@id\":\"https:\\\/\\\/www.minihorse.eu\\\/#\\\/schema\\\/logo\\\/image\\\/\"},\"sameAs\":[\"https:\\\/\\\/www.facebook.com\\\/profile.php?id=100063487117479\"]}]}<\/script>\n<!-- \/ Yoast SEO plugin. -->","yoast_head_json":{"title":"MASQUE FACIAL - Minihorse.eu","robots":{"index":"index","follow":"follow","max-snippet":"max-snippet:-1","max-image-preview":"max-image-preview:large","max-video-preview":"max-video-preview:-1"},"canonical":"https:\/\/www.minihorse.eu\/produit\/facemask\/","og_locale":"fr_FR","og_type":"article","og_title":"MASQUE FACIAL - Minihorse.eu","og_description":"Nos masques faciaux en coton de haute qualit\u00e9 comportent deux couches de protection avec un filtre int\u00e9gr\u00e9, sont r\u00e9versibles et offrent un ajustement parfait pour les adultes. Lavables \u00e0 60 \u00b0C et r\u00e9utilisables, chaque masque est emball\u00e9 individuellement avec des instructions d'entretien.","og_url":"https:\/\/www.minihorse.eu\/produit\/facemask\/","og_site_name":"Minihorse.eu","article_publisher":"https:\/\/www.facebook.com\/profile.php?id=100063487117479","og_image":[{"width":700,"height":521,"url":"https:\/\/www.minihorse.eu\/wp-content\/uploads\/2024\/08\/Facemask-camouflage-darkblue.jpg","type":"image\/jpeg"}],"twitter_card":"summary_large_image","twitter_misc":{"Dur\u00e9e de lecture estim\u00e9e":"1 minute"},"schema":{"@context":"https:\/\/schema.org","@graph":[{"@type":"WebPage","@id":"https:\/\/www.minihorse.eu\/produit\/facemask\/","url":"https:\/\/www.minihorse.eu\/produit\/facemask\/","name":"MASQUE FACIAL - Minihorse.eu","isPartOf":{"@id":"https:\/\/www.minihorse.eu\/#website"},"primaryImageOfPage":{"@id":"https:\/\/www.minihorse.eu\/produit\/facemask\/#primaryimage"},"image":{"@id":"https:\/\/www.minihorse.eu\/produit\/facemask\/#primaryimage"},"thumbnailUrl":"https:\/\/www.minihorse.eu\/wp-content\/uploads\/2024\/08\/Facemask-camouflage-darkblue.jpg","datePublished":"2024-08-25T08:35:29+00:00","breadcrumb":{"@id":"https:\/\/www.minihorse.eu\/produit\/facemask\/#breadcrumb"},"inLanguage":"fr-FR","potentialAction":[{"@type":"ReadAction","target":["https:\/\/www.minihorse.eu\/produit\/facemask\/"]}]},{"@type":"ImageObject","inLanguage":"fr-FR","@id":"https:\/\/www.minihorse.eu\/produit\/facemask\/#primaryimage","url":"https:\/\/www.minihorse.eu\/wp-content\/uploads\/2024\/08\/Facemask-camouflage-darkblue.jpg","contentUrl":"https:\/\/www.minihorse.eu\/wp-content\/uploads\/2024\/08\/Facemask-camouflage-darkblue.jpg","width":700,"height":521},{"@type":"BreadcrumbList","@id":"https:\/\/www.minihorse.eu\/produit\/facemask\/#breadcrumb","itemListElement":[{"@type":"ListItem","position":1,"name":"Home","item":"https:\/\/www.minihorse.eu\/fr\/accueil\/"},{"@type":"ListItem","position":2,"name":"Boutique","item":"https:\/\/www.minihorse.eu\/fr\/boutique\/"},{"@type":"ListItem","position":3,"name":"MASQUE FACIAL"}]},{"@type":"WebSite","@id":"https:\/\/www.minihorse.eu\/#website","url":"https:\/\/www.minihorse.eu\/","name":"Minihorse.eu","description":"The #1 store for Miniature Horses","publisher":{"@id":"https:\/\/www.minihorse.eu\/#organization"},"potentialAction":[{"@type":"SearchAction","target":{"@type":"EntryPoint","urlTemplate":"https:\/\/www.minihorse.eu\/?s={search_term_string}"},"query-input":{"@type":"PropertyValueSpecification","valueRequired":true,"valueName":"search_term_string"}}],"inLanguage":"fr-FR"},{"@type":"Organization","@id":"https:\/\/www.minihorse.eu\/#organization","name":"Minihorse.eu","url":"https:\/\/www.minihorse.eu\/","logo":{"@type":"ImageObject","inLanguage":"fr-FR","@id":"https:\/\/www.minihorse.eu\/#\/schema\/logo\/image\/","url":"https:\/\/www.minihorse.eu\/wp-content\/uploads\/2024\/08\/Logo-minihorse-ext.png","contentUrl":"https:\/\/www.minihorse.eu\/wp-content\/uploads\/2024\/08\/Logo-minihorse-ext.png","width":500,"height":500,"caption":"Minihorse.eu"},"image":{"@id":"https:\/\/www.minihorse.eu\/#\/schema\/logo\/image\/"},"sameAs":["https:\/\/www.facebook.com\/profile.php?id=100063487117479"]}]}},"jetpack_sharing_enabled":true,"_links":{"self":[{"href":"https:\/\/www.minihorse.eu\/fr\/wp-json\/wp\/v2\/product\/2187","targetHints":{"allow":["GET"]}}],"collection":[{"href":"https:\/\/www.minihorse.eu\/fr\/wp-json\/wp\/v2\/product"}],"about":[{"href":"https:\/\/www.minihorse.eu\/fr\/wp-json\/wp\/v2\/types\/product"}],"replies":[{"embeddable":true,"href":"https:\/\/www.minihorse.eu\/fr\/wp-json\/wp\/v2\/comments?post=2187"}],"wp:featuredmedia":[{"embeddable":true,"href":"https:\/\/www.minihorse.eu\/fr\/wp-json\/wp\/v2\/media\/1097"}],"wp:attachment":[{"href":"https:\/\/www.minihorse.eu\/fr\/wp-json\/wp\/v2\/media?parent=2187"}],"wp:term":[{"taxonomy":"product_brand","embeddable":true,"href":"https:\/\/www.minihorse.eu\/fr\/wp-json\/wp\/v2\/product_brand?post=2187"},{"taxonomy":"product_cat","embeddable":true,"href":"https:\/\/www.minihorse.eu\/fr\/wp-json\/wp\/v2\/product_cat?post=2187"},{"taxonomy":"product_tag","embeddable":true,"href":"https:\/\/www.minihorse.eu\/fr\/wp-json\/wp\/v2\/product_tag?post=2187"}],"curies":[{"name":"wp","href":"https:\/\/api.w.org\/{rel}","templated":true}]}}