{"id":2200,"date":"2024-08-22T15:35:36","date_gmt":"2024-08-22T15:35:36","guid":{"rendered":"https:\/\/horselandshop.com\/product\/tapis-de-selle-absorbant-pour-chevaux\/"},"modified":"2024-08-22T15:35:36","modified_gmt":"2024-08-22T15:35:36","slug":"tapis-de-selle-absorbant-pour-chevaux","status":"publish","type":"product","link":"https:\/\/www.minihorse.eu\/fr\/produit\/tapis-de-selle-absorbant-pour-chevaux\/","title":{"rendered":"Tapis de Selle Absorbant pour Chevaux"},"content":{"rendered":"<p><strong>Tapis de Selle Absorbant \u2013 Protection Ultime pour Votre Cheval, Disponible en Bleu et Noir<\/strong><\/p>\n<p>Am\u00e9liorez le confort et la protection de votre cheval avec notre tapis de <strong>selle absorbant<\/strong>, sp\u00e9cialement con\u00e7u pour offrir un amorti optimal et une gestion efficace de l&rsquo;humidit\u00e9 \u00e0 chaque sortie. Fabriqu\u00e9 \u00e0 partir de mat\u00e9riaux de haute qualit\u00e9, ce tapis absorbe efficacement la transpiration, gardant votre cheval au sec et \u00e0 l&rsquo;aise, m\u00eame pendant une activit\u00e9 intense.<br \/>Son design assure un ajustement s\u00fbr qui reste bien en place, r\u00e9duisant les frottements et pr\u00e9venant les irritations. Disponible en bleu fonc\u00e9 classique et en <strong>noir<\/strong>, ce <strong>tapis de selle<\/strong> combine performance exceptionnelle et style \u00e9l\u00e9gant, compl\u00e9tant parfaitement votre \u00e9quipement.<br \/>Que ce soit pour l&rsquo;entra\u00eenement, les balades ou les comp\u00e9titions, ce tapis de selle absorbant offre une protection ultime pour votre cheval, garantissant une exp\u00e9rience de monte fluide et confortable \u00e0 chaque fois. <\/p>\n","protected":false},"excerpt":{"rendered":"<p>Le <strong>Tapis de Selle Absorbant <\/strong>est con\u00e7u pour prot\u00e9ger votre cheval en absorbant efficacement la transpiration et en r\u00e9duisant les frottements. <strong>Disponible<\/strong> en <strong>bleu<\/strong> fonc\u00e9 et noir, ce tapis garantit confort et ajustement s\u00e9curis\u00e9 \u00e0 chaque sortie. <\/p>\n","protected":false},"featured_media":1064,"comment_status":"open","ping_status":"closed","template":"","meta":[],"product_brand":[],"product_cat":[219,187,349],"product_tag":[175],"class_list":{"0":"post-2200","1":"product","2":"type-product","3":"status-publish","4":"has-post-thumbnail","6":"product_cat-accessoires-pour-tapis","7":"product_cat-chevaux-miniatures","8":"product_cat-longues-renes-entrainement","9":"product_tag-tapis","11":"first","12":"instock","13":"taxable","14":"shipping-taxable","15":"purchasable","16":"product-type-variable"},"yoast_head":"<!-- This site is optimized with the Yoast SEO plugin v27.5 - https:\/\/yoast.com\/product\/yoast-seo-wordpress\/ -->\n<title>Tapis de Selle Absorbant pour Chevaux - Minihorse.eu<\/title>\n<meta name=\"robots\" content=\"index, follow, max-snippet:-1, max-image-preview:large, max-video-preview:-1\" \/>\n<link rel=\"canonical\" href=\"https:\/\/www.minihorse.eu\/produit\/absorbent-saddle-pad-for-horses\/\" \/>\n<meta property=\"og:locale\" content=\"fr_FR\" \/>\n<meta property=\"og:type\" content=\"article\" \/>\n<meta property=\"og:title\" content=\"Tapis de Selle Absorbant pour Chevaux - Minihorse.eu\" \/>\n<meta property=\"og:description\" content=\"Le Tapis de Selle Absorbant est con\u00e7u pour prot\u00e9ger votre cheval en absorbant efficacement la transpiration et en r\u00e9duisant les frottements. Disponible en bleu fonc\u00e9 et noir, ce tapis garantit confort et ajustement s\u00e9curis\u00e9 \u00e0 chaque sortie.\" \/>\n<meta property=\"og:url\" content=\"https:\/\/www.minihorse.eu\/produit\/absorbent-saddle-pad-for-horses\/\" \/>\n<meta property=\"og:site_name\" content=\"Minihorse.eu\" \/>\n<meta property=\"article:publisher\" content=\"https:\/\/www.facebook.com\/profile.php?id=100063487117479\" \/>\n<meta property=\"og:image\" content=\"https:\/\/www.minihorse.eu\/wp-content\/uploads\/2024\/08\/Absorbent-Saddle-Pad-for-Horses.jpg\" \/>\n\t<meta property=\"og:image:width\" content=\"443\" \/>\n\t<meta property=\"og:image:height\" content=\"385\" \/>\n\t<meta property=\"og:image:type\" content=\"image\/jpeg\" \/>\n<meta name=\"twitter:card\" content=\"summary_large_image\" \/>\n<meta name=\"twitter:label1\" content=\"Dur\u00e9e de lecture estim\u00e9e\" \/>\n\t<meta name=\"twitter:data1\" content=\"1 minute\" \/>\n<script type=\"application\/ld+json\" class=\"yoast-schema-graph\">{\"@context\":\"https:\\\/\\\/schema.org\",\"@graph\":[{\"@type\":\"WebPage\",\"@id\":\"https:\\\/\\\/www.minihorse.eu\\\/produit\\\/absorbent-saddle-pad-for-horses\\\/\",\"url\":\"https:\\\/\\\/www.minihorse.eu\\\/produit\\\/absorbent-saddle-pad-for-horses\\\/\",\"name\":\"Tapis de Selle Absorbant pour Chevaux - Minihorse.eu\",\"isPartOf\":{\"@id\":\"https:\\\/\\\/www.minihorse.eu\\\/#website\"},\"primaryImageOfPage\":{\"@id\":\"https:\\\/\\\/www.minihorse.eu\\\/produit\\\/absorbent-saddle-pad-for-horses\\\/#primaryimage\"},\"image\":{\"@id\":\"https:\\\/\\\/www.minihorse.eu\\\/produit\\\/absorbent-saddle-pad-for-horses\\\/#primaryimage\"},\"thumbnailUrl\":\"https:\\\/\\\/www.minihorse.eu\\\/wp-content\\\/uploads\\\/2024\\\/08\\\/Absorbent-Saddle-Pad-for-Horses.jpg\",\"datePublished\":\"2024-08-22T15:35:36+00:00\",\"breadcrumb\":{\"@id\":\"https:\\\/\\\/www.minihorse.eu\\\/produit\\\/absorbent-saddle-pad-for-horses\\\/#breadcrumb\"},\"inLanguage\":\"fr-FR\",\"potentialAction\":[{\"@type\":\"ReadAction\",\"target\":[\"https:\\\/\\\/www.minihorse.eu\\\/produit\\\/absorbent-saddle-pad-for-horses\\\/\"]}]},{\"@type\":\"ImageObject\",\"inLanguage\":\"fr-FR\",\"@id\":\"https:\\\/\\\/www.minihorse.eu\\\/produit\\\/absorbent-saddle-pad-for-horses\\\/#primaryimage\",\"url\":\"https:\\\/\\\/www.minihorse.eu\\\/wp-content\\\/uploads\\\/2024\\\/08\\\/Absorbent-Saddle-Pad-for-Horses.jpg\",\"contentUrl\":\"https:\\\/\\\/www.minihorse.eu\\\/wp-content\\\/uploads\\\/2024\\\/08\\\/Absorbent-Saddle-Pad-for-Horses.jpg\",\"width\":443,\"height\":385,\"caption\":\"Tapis de Selle Absorbant pour Chevaux\"},{\"@type\":\"BreadcrumbList\",\"@id\":\"https:\\\/\\\/www.minihorse.eu\\\/produit\\\/absorbent-saddle-pad-for-horses\\\/#breadcrumb\",\"itemListElement\":[{\"@type\":\"ListItem\",\"position\":1,\"name\":\"Home\",\"item\":\"https:\\\/\\\/www.minihorse.eu\\\/fr\\\/accueil\\\/\"},{\"@type\":\"ListItem\",\"position\":2,\"name\":\"Boutique\",\"item\":\"https:\\\/\\\/www.minihorse.eu\\\/fr\\\/boutique\\\/\"},{\"@type\":\"ListItem\",\"position\":3,\"name\":\"Tapis de Selle Absorbant pour Chevaux\"}]},{\"@type\":\"WebSite\",\"@id\":\"https:\\\/\\\/www.minihorse.eu\\\/#website\",\"url\":\"https:\\\/\\\/www.minihorse.eu\\\/\",\"name\":\"Minihorse.eu\",\"description\":\"The #1 store for Miniature Horses\",\"publisher\":{\"@id\":\"https:\\\/\\\/www.minihorse.eu\\\/#organization\"},\"potentialAction\":[{\"@type\":\"SearchAction\",\"target\":{\"@type\":\"EntryPoint\",\"urlTemplate\":\"https:\\\/\\\/www.minihorse.eu\\\/?s={search_term_string}\"},\"query-input\":{\"@type\":\"PropertyValueSpecification\",\"valueRequired\":true,\"valueName\":\"search_term_string\"}}],\"inLanguage\":\"fr-FR\"},{\"@type\":\"Organization\",\"@id\":\"https:\\\/\\\/www.minihorse.eu\\\/#organization\",\"name\":\"Minihorse.eu\",\"url\":\"https:\\\/\\\/www.minihorse.eu\\\/\",\"logo\":{\"@type\":\"ImageObject\",\"inLanguage\":\"fr-FR\",\"@id\":\"https:\\\/\\\/www.minihorse.eu\\\/#\\\/schema\\\/logo\\\/image\\\/\",\"url\":\"https:\\\/\\\/www.minihorse.eu\\\/wp-content\\\/uploads\\\/2024\\\/08\\\/Logo-minihorse-ext.png\",\"contentUrl\":\"https:\\\/\\\/www.minihorse.eu\\\/wp-content\\\/uploads\\\/2024\\\/08\\\/Logo-minihorse-ext.png\",\"width\":500,\"height\":500,\"caption\":\"Minihorse.eu\"},\"image\":{\"@id\":\"https:\\\/\\\/www.minihorse.eu\\\/#\\\/schema\\\/logo\\\/image\\\/\"},\"sameAs\":[\"https:\\\/\\\/www.facebook.com\\\/profile.php?id=100063487117479\"]}]}<\/script>\n<!-- \/ Yoast SEO plugin. -->","yoast_head_json":{"title":"Tapis de Selle Absorbant pour Chevaux - Minihorse.eu","robots":{"index":"index","follow":"follow","max-snippet":"max-snippet:-1","max-image-preview":"max-image-preview:large","max-video-preview":"max-video-preview:-1"},"canonical":"https:\/\/www.minihorse.eu\/produit\/absorbent-saddle-pad-for-horses\/","og_locale":"fr_FR","og_type":"article","og_title":"Tapis de Selle Absorbant pour Chevaux - Minihorse.eu","og_description":"Le Tapis de Selle Absorbant est con\u00e7u pour prot\u00e9ger votre cheval en absorbant efficacement la transpiration et en r\u00e9duisant les frottements. Disponible en bleu fonc\u00e9 et noir, ce tapis garantit confort et ajustement s\u00e9curis\u00e9 \u00e0 chaque sortie.","og_url":"https:\/\/www.minihorse.eu\/produit\/absorbent-saddle-pad-for-horses\/","og_site_name":"Minihorse.eu","article_publisher":"https:\/\/www.facebook.com\/profile.php?id=100063487117479","og_image":[{"width":443,"height":385,"url":"https:\/\/www.minihorse.eu\/wp-content\/uploads\/2024\/08\/Absorbent-Saddle-Pad-for-Horses.jpg","type":"image\/jpeg"}],"twitter_card":"summary_large_image","twitter_misc":{"Dur\u00e9e de lecture estim\u00e9e":"1 minute"},"schema":{"@context":"https:\/\/schema.org","@graph":[{"@type":"WebPage","@id":"https:\/\/www.minihorse.eu\/produit\/absorbent-saddle-pad-for-horses\/","url":"https:\/\/www.minihorse.eu\/produit\/absorbent-saddle-pad-for-horses\/","name":"Tapis de Selle Absorbant pour Chevaux - Minihorse.eu","isPartOf":{"@id":"https:\/\/www.minihorse.eu\/#website"},"primaryImageOfPage":{"@id":"https:\/\/www.minihorse.eu\/produit\/absorbent-saddle-pad-for-horses\/#primaryimage"},"image":{"@id":"https:\/\/www.minihorse.eu\/produit\/absorbent-saddle-pad-for-horses\/#primaryimage"},"thumbnailUrl":"https:\/\/www.minihorse.eu\/wp-content\/uploads\/2024\/08\/Absorbent-Saddle-Pad-for-Horses.jpg","datePublished":"2024-08-22T15:35:36+00:00","breadcrumb":{"@id":"https:\/\/www.minihorse.eu\/produit\/absorbent-saddle-pad-for-horses\/#breadcrumb"},"inLanguage":"fr-FR","potentialAction":[{"@type":"ReadAction","target":["https:\/\/www.minihorse.eu\/produit\/absorbent-saddle-pad-for-horses\/"]}]},{"@type":"ImageObject","inLanguage":"fr-FR","@id":"https:\/\/www.minihorse.eu\/produit\/absorbent-saddle-pad-for-horses\/#primaryimage","url":"https:\/\/www.minihorse.eu\/wp-content\/uploads\/2024\/08\/Absorbent-Saddle-Pad-for-Horses.jpg","contentUrl":"https:\/\/www.minihorse.eu\/wp-content\/uploads\/2024\/08\/Absorbent-Saddle-Pad-for-Horses.jpg","width":443,"height":385,"caption":"Tapis de Selle Absorbant pour Chevaux"},{"@type":"BreadcrumbList","@id":"https:\/\/www.minihorse.eu\/produit\/absorbent-saddle-pad-for-horses\/#breadcrumb","itemListElement":[{"@type":"ListItem","position":1,"name":"Home","item":"https:\/\/www.minihorse.eu\/fr\/accueil\/"},{"@type":"ListItem","position":2,"name":"Boutique","item":"https:\/\/www.minihorse.eu\/fr\/boutique\/"},{"@type":"ListItem","position":3,"name":"Tapis de Selle Absorbant pour Chevaux"}]},{"@type":"WebSite","@id":"https:\/\/www.minihorse.eu\/#website","url":"https:\/\/www.minihorse.eu\/","name":"Minihorse.eu","description":"The #1 store for Miniature Horses","publisher":{"@id":"https:\/\/www.minihorse.eu\/#organization"},"potentialAction":[{"@type":"SearchAction","target":{"@type":"EntryPoint","urlTemplate":"https:\/\/www.minihorse.eu\/?s={search_term_string}"},"query-input":{"@type":"PropertyValueSpecification","valueRequired":true,"valueName":"search_term_string"}}],"inLanguage":"fr-FR"},{"@type":"Organization","@id":"https:\/\/www.minihorse.eu\/#organization","name":"Minihorse.eu","url":"https:\/\/www.minihorse.eu\/","logo":{"@type":"ImageObject","inLanguage":"fr-FR","@id":"https:\/\/www.minihorse.eu\/#\/schema\/logo\/image\/","url":"https:\/\/www.minihorse.eu\/wp-content\/uploads\/2024\/08\/Logo-minihorse-ext.png","contentUrl":"https:\/\/www.minihorse.eu\/wp-content\/uploads\/2024\/08\/Logo-minihorse-ext.png","width":500,"height":500,"caption":"Minihorse.eu"},"image":{"@id":"https:\/\/www.minihorse.eu\/#\/schema\/logo\/image\/"},"sameAs":["https:\/\/www.facebook.com\/profile.php?id=100063487117479"]}]}},"jetpack_sharing_enabled":true,"_links":{"self":[{"href":"https:\/\/www.minihorse.eu\/fr\/wp-json\/wp\/v2\/product\/2200","targetHints":{"allow":["GET"]}}],"collection":[{"href":"https:\/\/www.minihorse.eu\/fr\/wp-json\/wp\/v2\/product"}],"about":[{"href":"https:\/\/www.minihorse.eu\/fr\/wp-json\/wp\/v2\/types\/product"}],"replies":[{"embeddable":true,"href":"https:\/\/www.minihorse.eu\/fr\/wp-json\/wp\/v2\/comments?post=2200"}],"wp:featuredmedia":[{"embeddable":true,"href":"https:\/\/www.minihorse.eu\/fr\/wp-json\/wp\/v2\/media\/1064"}],"wp:attachment":[{"href":"https:\/\/www.minihorse.eu\/fr\/wp-json\/wp\/v2\/media?parent=2200"}],"wp:term":[{"taxonomy":"product_brand","embeddable":true,"href":"https:\/\/www.minihorse.eu\/fr\/wp-json\/wp\/v2\/product_brand?post=2200"},{"taxonomy":"product_cat","embeddable":true,"href":"https:\/\/www.minihorse.eu\/fr\/wp-json\/wp\/v2\/product_cat?post=2200"},{"taxonomy":"product_tag","embeddable":true,"href":"https:\/\/www.minihorse.eu\/fr\/wp-json\/wp\/v2\/product_tag?post=2200"}],"curies":[{"name":"wp","href":"https:\/\/api.w.org\/{rel}","templated":true}]}}