{"id":2655,"date":"2024-10-16T10:35:27","date_gmt":"2024-10-16T10:35:27","guid":{"rendered":"https:\/\/horselandshop.com\/product\/extension-de-couverture\/"},"modified":"2024-10-16T10:35:27","modified_gmt":"2024-10-16T10:35:27","slug":"extension-de-couverture","status":"publish","type":"product","link":"https:\/\/www.minihorse.eu\/fr\/produit\/extension-de-couverture\/","title":{"rendered":"Extension de Couverture"},"content":{"rendered":"<p>Prolongez l&rsquo;ajustement de la couverture de pluie ou d&rsquo;hiver de votre cheval gr\u00e2ce \u00e0 notre <strong>Extenseur de Couverture,<\/strong> sp\u00e9cialement con\u00e7u pour les moments o\u00f9 votre cheval a besoin de plus d&rsquo;espace, comme pendant la gestation. Fabriqu\u00e9 \u00e0 partir d&rsquo;un tissu robuste en ripstop <strong>600 deniers<\/strong> et dot\u00e9 de <strong>200 grammes d&rsquo;isolation<\/strong>, cet extenseur ajoute de la largeur tout en conservant chaleur et protection. Les <strong>boucles faciles \u00e0 utiliser<\/strong> permettent une fixation rapide \u00e0 votre couverture existante, garantissant un ajustement s\u00fbr et confortable.  <\/p>\n<p><strong>Caract\u00e9ristiques principales :<\/strong><\/p>\n<ul>\n<li><strong>Tissu ripstop 600D <\/strong>pour une durabilit\u00e9 et une r\u00e9sistance aux intemp\u00e9ries.<\/li>\n<li><strong>Garnissage de 200<\/strong> g pour une chaleur et une isolation accrues.<\/li>\n<li>S&rsquo;\u00e9tend facilement \u00e0 la zone du poitrail de votre couverture de pluie ou d&rsquo;hiver, id\u00e9al pour les juments gestantes ou les chevaux n\u00e9cessitant plus d&rsquo;espace.<\/li>\n<li><strong>Fixation rapide et s\u00e9curis\u00e9e<\/strong> gr\u00e2ce \u00e0 des boucles r\u00e9glables.<\/li>\n<\/ul>\n<p>Cet extenseur de couverture est la solution id\u00e9ale pour \u00e9largir l&rsquo;ajustement de la couverture de votre cheval, garantissant confort et protection pendant les mois les plus froids.<\/p>\n","protected":false},"excerpt":{"rendered":"<p>Prolongez la couverture de votre cheval avec notre <strong>Extenseur de Couverture<\/strong>, fabriqu\u00e9 en <strong>tissu ripstop 600D <\/strong>avec un garnissage de <strong>200 g pour <\/strong>une chaleur optimale. Id\u00e9al pour offrir plus d&rsquo;espace, notamment pour une jument gestante, il se fixe facilement gr\u00e2ce \u00e0 des boucles r\u00e9glables pour un <strong>ajustement s\u00e9curis\u00e9.<\/strong> <\/p>\n","protected":false},"featured_media":1181,"comment_status":"open","ping_status":"closed","template":"","meta":[],"product_brand":[],"product_cat":[219,187,205],"product_tag":[],"class_list":{"0":"post-2655","1":"product","2":"type-product","3":"status-publish","4":"has-post-thumbnail","6":"product_cat-accessoires-pour-tapis","7":"product_cat-chevaux-miniatures","8":"product_cat-couvertures","10":"first","11":"instock","12":"taxable","13":"shipping-taxable","14":"purchasable","15":"product-type-variable"},"yoast_head":"<!-- This site is optimized with the Yoast SEO plugin v27.5 - https:\/\/yoast.com\/product\/yoast-seo-wordpress\/ -->\n<title>Extension de Couverture - Minihorse.eu<\/title>\n<meta name=\"robots\" content=\"index, follow, max-snippet:-1, max-image-preview:large, max-video-preview:-1\" \/>\n<link rel=\"canonical\" href=\"https:\/\/www.minihorse.eu\/produit\/blanket-extender\/\" \/>\n<meta property=\"og:locale\" content=\"fr_FR\" \/>\n<meta property=\"og:type\" content=\"article\" \/>\n<meta property=\"og:title\" content=\"Extension de Couverture - Minihorse.eu\" \/>\n<meta property=\"og:description\" content=\"Prolongez la couverture de votre cheval avec notre Extenseur de Couverture, fabriqu\u00e9 en tissu ripstop 600D avec un garnissage de 200 g pour une chaleur optimale. Id\u00e9al pour offrir plus d&#039;espace, notamment pour une jument gestante, il se fixe facilement gr\u00e2ce \u00e0 des boucles r\u00e9glables pour un ajustement s\u00e9curis\u00e9.\" \/>\n<meta property=\"og:url\" content=\"https:\/\/www.minihorse.eu\/produit\/blanket-extender\/\" \/>\n<meta property=\"og:site_name\" content=\"Minihorse.eu\" \/>\n<meta property=\"article:publisher\" content=\"https:\/\/www.facebook.com\/profile.php?id=100063487117479\" \/>\n<meta property=\"og:image\" content=\"https:\/\/www.minihorse.eu\/wp-content\/uploads\/2024\/10\/Blanket-Extender-.jpg\" \/>\n\t<meta property=\"og:image:width\" content=\"700\" \/>\n\t<meta property=\"og:image:height\" content=\"470\" \/>\n\t<meta property=\"og:image:type\" content=\"image\/jpeg\" \/>\n<meta name=\"twitter:card\" content=\"summary_large_image\" \/>\n<meta name=\"twitter:label1\" content=\"Dur\u00e9e de lecture estim\u00e9e\" \/>\n\t<meta name=\"twitter:data1\" content=\"1 minute\" \/>\n<script type=\"application\/ld+json\" class=\"yoast-schema-graph\">{\"@context\":\"https:\\\/\\\/schema.org\",\"@graph\":[{\"@type\":\"WebPage\",\"@id\":\"https:\\\/\\\/www.minihorse.eu\\\/produit\\\/blanket-extender\\\/\",\"url\":\"https:\\\/\\\/www.minihorse.eu\\\/produit\\\/blanket-extender\\\/\",\"name\":\"Extension de Couverture - Minihorse.eu\",\"isPartOf\":{\"@id\":\"https:\\\/\\\/www.minihorse.eu\\\/#website\"},\"primaryImageOfPage\":{\"@id\":\"https:\\\/\\\/www.minihorse.eu\\\/produit\\\/blanket-extender\\\/#primaryimage\"},\"image\":{\"@id\":\"https:\\\/\\\/www.minihorse.eu\\\/produit\\\/blanket-extender\\\/#primaryimage\"},\"thumbnailUrl\":\"https:\\\/\\\/www.minihorse.eu\\\/wp-content\\\/uploads\\\/2024\\\/10\\\/Blanket-Extender-.jpg\",\"datePublished\":\"2024-10-16T10:35:27+00:00\",\"breadcrumb\":{\"@id\":\"https:\\\/\\\/www.minihorse.eu\\\/produit\\\/blanket-extender\\\/#breadcrumb\"},\"inLanguage\":\"fr-FR\",\"potentialAction\":[{\"@type\":\"ReadAction\",\"target\":[\"https:\\\/\\\/www.minihorse.eu\\\/produit\\\/blanket-extender\\\/\"]}]},{\"@type\":\"ImageObject\",\"inLanguage\":\"fr-FR\",\"@id\":\"https:\\\/\\\/www.minihorse.eu\\\/produit\\\/blanket-extender\\\/#primaryimage\",\"url\":\"https:\\\/\\\/www.minihorse.eu\\\/wp-content\\\/uploads\\\/2024\\\/10\\\/Blanket-Extender-.jpg\",\"contentUrl\":\"https:\\\/\\\/www.minihorse.eu\\\/wp-content\\\/uploads\\\/2024\\\/10\\\/Blanket-Extender-.jpg\",\"width\":700,\"height\":470,\"caption\":\"Extension de Couverture\"},{\"@type\":\"BreadcrumbList\",\"@id\":\"https:\\\/\\\/www.minihorse.eu\\\/produit\\\/blanket-extender\\\/#breadcrumb\",\"itemListElement\":[{\"@type\":\"ListItem\",\"position\":1,\"name\":\"Home\",\"item\":\"https:\\\/\\\/www.minihorse.eu\\\/fr\\\/accueil\\\/\"},{\"@type\":\"ListItem\",\"position\":2,\"name\":\"Boutique\",\"item\":\"https:\\\/\\\/www.minihorse.eu\\\/fr\\\/boutique\\\/\"},{\"@type\":\"ListItem\",\"position\":3,\"name\":\"Extension de Couverture\"}]},{\"@type\":\"WebSite\",\"@id\":\"https:\\\/\\\/www.minihorse.eu\\\/#website\",\"url\":\"https:\\\/\\\/www.minihorse.eu\\\/\",\"name\":\"Minihorse.eu\",\"description\":\"The #1 store for Miniature Horses\",\"publisher\":{\"@id\":\"https:\\\/\\\/www.minihorse.eu\\\/#organization\"},\"potentialAction\":[{\"@type\":\"SearchAction\",\"target\":{\"@type\":\"EntryPoint\",\"urlTemplate\":\"https:\\\/\\\/www.minihorse.eu\\\/?s={search_term_string}\"},\"query-input\":{\"@type\":\"PropertyValueSpecification\",\"valueRequired\":true,\"valueName\":\"search_term_string\"}}],\"inLanguage\":\"fr-FR\"},{\"@type\":\"Organization\",\"@id\":\"https:\\\/\\\/www.minihorse.eu\\\/#organization\",\"name\":\"Minihorse.eu\",\"url\":\"https:\\\/\\\/www.minihorse.eu\\\/\",\"logo\":{\"@type\":\"ImageObject\",\"inLanguage\":\"fr-FR\",\"@id\":\"https:\\\/\\\/www.minihorse.eu\\\/#\\\/schema\\\/logo\\\/image\\\/\",\"url\":\"https:\\\/\\\/www.minihorse.eu\\\/wp-content\\\/uploads\\\/2024\\\/08\\\/Logo-minihorse-ext.png\",\"contentUrl\":\"https:\\\/\\\/www.minihorse.eu\\\/wp-content\\\/uploads\\\/2024\\\/08\\\/Logo-minihorse-ext.png\",\"width\":500,\"height\":500,\"caption\":\"Minihorse.eu\"},\"image\":{\"@id\":\"https:\\\/\\\/www.minihorse.eu\\\/#\\\/schema\\\/logo\\\/image\\\/\"},\"sameAs\":[\"https:\\\/\\\/www.facebook.com\\\/profile.php?id=100063487117479\"]}]}<\/script>\n<!-- \/ Yoast SEO plugin. -->","yoast_head_json":{"title":"Extension de Couverture - Minihorse.eu","robots":{"index":"index","follow":"follow","max-snippet":"max-snippet:-1","max-image-preview":"max-image-preview:large","max-video-preview":"max-video-preview:-1"},"canonical":"https:\/\/www.minihorse.eu\/produit\/blanket-extender\/","og_locale":"fr_FR","og_type":"article","og_title":"Extension de Couverture - Minihorse.eu","og_description":"Prolongez la couverture de votre cheval avec notre Extenseur de Couverture, fabriqu\u00e9 en tissu ripstop 600D avec un garnissage de 200 g pour une chaleur optimale. Id\u00e9al pour offrir plus d'espace, notamment pour une jument gestante, il se fixe facilement gr\u00e2ce \u00e0 des boucles r\u00e9glables pour un ajustement s\u00e9curis\u00e9.","og_url":"https:\/\/www.minihorse.eu\/produit\/blanket-extender\/","og_site_name":"Minihorse.eu","article_publisher":"https:\/\/www.facebook.com\/profile.php?id=100063487117479","og_image":[{"width":700,"height":470,"url":"https:\/\/www.minihorse.eu\/wp-content\/uploads\/2024\/10\/Blanket-Extender-.jpg","type":"image\/jpeg"}],"twitter_card":"summary_large_image","twitter_misc":{"Dur\u00e9e de lecture estim\u00e9e":"1 minute"},"schema":{"@context":"https:\/\/schema.org","@graph":[{"@type":"WebPage","@id":"https:\/\/www.minihorse.eu\/produit\/blanket-extender\/","url":"https:\/\/www.minihorse.eu\/produit\/blanket-extender\/","name":"Extension de Couverture - Minihorse.eu","isPartOf":{"@id":"https:\/\/www.minihorse.eu\/#website"},"primaryImageOfPage":{"@id":"https:\/\/www.minihorse.eu\/produit\/blanket-extender\/#primaryimage"},"image":{"@id":"https:\/\/www.minihorse.eu\/produit\/blanket-extender\/#primaryimage"},"thumbnailUrl":"https:\/\/www.minihorse.eu\/wp-content\/uploads\/2024\/10\/Blanket-Extender-.jpg","datePublished":"2024-10-16T10:35:27+00:00","breadcrumb":{"@id":"https:\/\/www.minihorse.eu\/produit\/blanket-extender\/#breadcrumb"},"inLanguage":"fr-FR","potentialAction":[{"@type":"ReadAction","target":["https:\/\/www.minihorse.eu\/produit\/blanket-extender\/"]}]},{"@type":"ImageObject","inLanguage":"fr-FR","@id":"https:\/\/www.minihorse.eu\/produit\/blanket-extender\/#primaryimage","url":"https:\/\/www.minihorse.eu\/wp-content\/uploads\/2024\/10\/Blanket-Extender-.jpg","contentUrl":"https:\/\/www.minihorse.eu\/wp-content\/uploads\/2024\/10\/Blanket-Extender-.jpg","width":700,"height":470,"caption":"Extension de Couverture"},{"@type":"BreadcrumbList","@id":"https:\/\/www.minihorse.eu\/produit\/blanket-extender\/#breadcrumb","itemListElement":[{"@type":"ListItem","position":1,"name":"Home","item":"https:\/\/www.minihorse.eu\/fr\/accueil\/"},{"@type":"ListItem","position":2,"name":"Boutique","item":"https:\/\/www.minihorse.eu\/fr\/boutique\/"},{"@type":"ListItem","position":3,"name":"Extension de Couverture"}]},{"@type":"WebSite","@id":"https:\/\/www.minihorse.eu\/#website","url":"https:\/\/www.minihorse.eu\/","name":"Minihorse.eu","description":"The #1 store for Miniature Horses","publisher":{"@id":"https:\/\/www.minihorse.eu\/#organization"},"potentialAction":[{"@type":"SearchAction","target":{"@type":"EntryPoint","urlTemplate":"https:\/\/www.minihorse.eu\/?s={search_term_string}"},"query-input":{"@type":"PropertyValueSpecification","valueRequired":true,"valueName":"search_term_string"}}],"inLanguage":"fr-FR"},{"@type":"Organization","@id":"https:\/\/www.minihorse.eu\/#organization","name":"Minihorse.eu","url":"https:\/\/www.minihorse.eu\/","logo":{"@type":"ImageObject","inLanguage":"fr-FR","@id":"https:\/\/www.minihorse.eu\/#\/schema\/logo\/image\/","url":"https:\/\/www.minihorse.eu\/wp-content\/uploads\/2024\/08\/Logo-minihorse-ext.png","contentUrl":"https:\/\/www.minihorse.eu\/wp-content\/uploads\/2024\/08\/Logo-minihorse-ext.png","width":500,"height":500,"caption":"Minihorse.eu"},"image":{"@id":"https:\/\/www.minihorse.eu\/#\/schema\/logo\/image\/"},"sameAs":["https:\/\/www.facebook.com\/profile.php?id=100063487117479"]}]}},"jetpack_sharing_enabled":true,"_links":{"self":[{"href":"https:\/\/www.minihorse.eu\/fr\/wp-json\/wp\/v2\/product\/2655","targetHints":{"allow":["GET"]}}],"collection":[{"href":"https:\/\/www.minihorse.eu\/fr\/wp-json\/wp\/v2\/product"}],"about":[{"href":"https:\/\/www.minihorse.eu\/fr\/wp-json\/wp\/v2\/types\/product"}],"replies":[{"embeddable":true,"href":"https:\/\/www.minihorse.eu\/fr\/wp-json\/wp\/v2\/comments?post=2655"}],"wp:featuredmedia":[{"embeddable":true,"href":"https:\/\/www.minihorse.eu\/fr\/wp-json\/wp\/v2\/media\/1181"}],"wp:attachment":[{"href":"https:\/\/www.minihorse.eu\/fr\/wp-json\/wp\/v2\/media?parent=2655"}],"wp:term":[{"taxonomy":"product_brand","embeddable":true,"href":"https:\/\/www.minihorse.eu\/fr\/wp-json\/wp\/v2\/product_brand?post=2655"},{"taxonomy":"product_cat","embeddable":true,"href":"https:\/\/www.minihorse.eu\/fr\/wp-json\/wp\/v2\/product_cat?post=2655"},{"taxonomy":"product_tag","embeddable":true,"href":"https:\/\/www.minihorse.eu\/fr\/wp-json\/wp\/v2\/product_tag?post=2655"}],"curies":[{"name":"wp","href":"https:\/\/api.w.org\/{rel}","templated":true}]}}